{"id":26568,"date":"2024-03-27T16:09:01","date_gmt":"2024-03-27T14:09:01","guid":{"rendered":"https:\/\/jaaaeg.ee\/oppeprogramm\/uncategorized\/energiakriis-minu-linnas\/"},"modified":"2026-02-27T14:27:03","modified_gmt":"2026-02-27T12:27:03","slug":"energiakriis-minu-linnas","status":"publish","type":"product","link":"https:\/\/jaaaeg.ee\/fi\/oppeprogramm\/pohikoolile-fi\/energiakriis-minu-linnas\/","title":{"rendered":"Energiakriis minu linnas"},"content":{"rendered":"<p><strong>Teema:<\/strong> taastuv ja taastumatu energia, energiakokkuhoid, ressursside jaotus,<br \/>\nenergiakriis, vastastikune s\u00f5ltuvus, kogukond.<\/p>\n<p>&#8211; Sissejuhatus, ringk\u00e4ik S\u00e4rtsutoas: 20 &#8211; 25 minutit<br \/>\n&#8211; M\u00e4ng \u201eMinu linnas on energiakriis\u201c: 20 \u2013 25 minutit<br \/>\n&#8211; Kokkuv\u00f5te ja j\u00e4relarutelu: 20-25 minutit<\/p>\n<p>Suur torm on 15&nbsp;000 elanikuga linnas p\u00f5hjustanud kaose, rivist on v\u00e4ljas linna<br \/>\npeaalajaam. Avariigeneraatorid tagavad elektrivarustuse vaid haiglale. Tormi t\u00f5ttu<br \/>\non linn muust maailmast \u00e4ra l\u00f5igatud.<br \/>\nTormikahjustuste ulatuse t\u00f5ttu ei suudeta linnale elektriga varustatust tagada enne 5<br \/>\n\u00f6\u00f6p\u00e4eva. Kuidas teie olukorra lahendaksite?&nbsp;<\/p>\n<p><b>Programmi \u00f5pieesm\u00e4rk<br \/>\n<\/b><span style=\"font-weight: 400;\">Suunata osaleja t\u00e4helepanu eri kriisidele, majanduslikul tasakaalule, \u00fcletarbimisele.<br \/>\n<\/span><span style=\"font-weight: 400;\">\u00d5petada kaaluma prioriteete globaalselt ja tegema valikuid l\u00e4htuvalt kogukonna (\u00fchiskonna) huvidest.<br \/>\n<\/span><span style=\"font-weight: 400;\">Juhtida osalejaid m\u00f5tlema erinevatest otsustest, millest s\u00f5ltub nende kogukonna heaolu. Samuti juhib programm m\u00f5tlema, et otsuste taga v\u00f5ivad sageli olla \u00fcksikisikute soovid ja eesm\u00e4rgid.&nbsp;<br \/>\n<\/span><span style=\"font-weight: 400;\">Otsima pikemas ajavaates loovaid lahendusi kriiside ennetamiseks ja lahendamiseks.<\/span><\/p>\n<p>&nbsp;<\/p>\n<p><b>M\u00e4ngu legend<br \/>\n<\/b>Suur torm on 15&nbsp;000 elanikuga linnas p\u00f5hjustanud kaose, rivist on v\u00e4ljas linna peaalajaam. Avariigeneraatorid tagavad elektrivarustuse vaid haiglale. Generaatorid t\u00f6\u00f6tavad diiselk\u00fctusega ning toodavad elektrit, kuniks j\u00e4tkub varutud k\u00fctust. Tormi t\u00f5ttu on linn muust maailmast \u00e4ra l\u00f5igatud.&nbsp;<\/p>\n<p><span style=\"font-weight: 400;\">Tormikahjustuste ulatuse t\u00f5ttu ei suudeta linnale elektriga varustatust tagada enne 5 \u00f6\u00f6p\u00e4eva.<\/span><\/p>\n<p><span style=\"font-weight: 400;\">Sellise olukorra leevendamiseks on linn ehitanud akupanga, mida hoitakse laetuna taastuvaid energiaallikaid kasutades. Linna l\u00e4histele on ehitatud p\u00e4ikesepark ning p\u00fcstitatud elektrituulikud. Paraku ei j\u00e4tku akupangas salvestatud elektrit k\u00f5ikide vajaduste rahuldamiseks.<\/span><\/p>\n<p><span style=\"font-weight: 400;\">Linnas on <\/span><b>elamurajoonid,<\/b><span style=\"font-weight: 400;\"> mis koosnevad eramajadest ning korterelamutest.&nbsp; Siin on <\/span><b>kool <\/b><span style=\"font-weight: 400;\">ning <\/span><b>lasteaed<\/b><span style=\"font-weight: 400;\">, vabaaja sisustamiseks spordikool koos staadionikompleksiga.<\/span><\/p>\n<p><span style=\"font-weight: 400;\">Sotsiaalsete vajaduste rahuldamiseks on linnal olemas <\/span><b>vanadekodu<\/b><span style=\"font-weight: 400;\">. Linna keskel asuvad suur <\/span><b>kaubanduskeskus ning kirik<\/b><span style=\"font-weight: 400;\">. Linna \u00e4\u00e4res asub <\/span><b>piimafarm<\/b><span style=\"font-weight: 400;\"> 300 lehmaga, mis on t\u00f6\u00f6andjaks paljudele linnaelanikele.<\/span><\/p>\n<p><span style=\"font-weight: 400;\">Elanikke teenindavad <\/span><b>katlamaja ja veepuhastusjaam<\/b><span style=\"font-weight: 400;\"> koos \u00fchisveev\u00e4rgi ja kanalisatsiooniga. Igap\u00e4evaelu aitavad \u00fcleval hoida linna keskel asuvad <\/span><b>bensiinijaam ning mobiilsidemas<\/b><span style=\"font-weight: 400;\">t.&nbsp;<br \/>\n<\/span><span style=\"font-weight: 400;\">Elukorraldust toetab <\/span><b>p\u00e4\u00e4steameti<\/b><span style=\"font-weight: 400;\"> hoone, kus tegutsevad koos p\u00e4\u00e4steamet, politsei ning kiirabi.<br \/>\n<\/span><b>Linnavalitsuses<\/b><span style=\"font-weight: 400;\"> istub koos kriisikomisjon, kelle \u00fclesandeks on tagada elut\u00e4htsa taristu toimimine ning oluliste teenuste k\u00e4ttesaadavus.&nbsp;<br \/>\n<\/span><span style=\"font-weight: 400;\">Kriisikomisjoni peab otsustama, kuhu suunatakse akupangas salvestatud elektrienergia. Arvestada tuleb sellega, et akupanka mahub vaid kindel hulk elektrit ning sellest ei j\u00e4tku k\u00f5ikide teenuste varustamiseks.&nbsp;<br \/>\n<\/span><span style=\"font-weight: 400;\">Linnal on 3 diiselgeneraatorit, mille tootlikkus on k\u00fcll madal, kuid mis aitavad osaliselt tavap\u00e4rast tarbimist tagada.<br \/>\n<\/span><span style=\"font-weight: 400;\">Komisjoni juhib ning olukorra eest vastutab linnapea isiklikult.<br \/>\n<\/span><span style=\"font-weight: 400;\">M\u00e4ngu aluseks on \u00fche linna HOLP (h\u00e4daolukorra plaan)&nbsp;<\/span><\/p>\n<p><b>M\u00e4ngu k\u00e4ik:<br \/>\n<\/b><span style=\"font-weight: 400;\">1) Valitakse 4liikmelised meeskonnad e kriisikomisjonid, kellele jagatakse m\u00e4ngu legend.&nbsp;<br \/>\n<\/span><span style=\"font-weight: 400;\">2)Kriisikomisjoni \u00fclesanne on hinnata ja prioritiseerida need <\/span><b>viis elut\u00e4htsat<\/b><span style=\"font-weight: 400;\"> kohta, kuhu elektrit antakse, kuidas jaotada ressursse, kuhu viiakse generaatorid ja kuidas lahendatakse nende inimeste probleemid, kes j\u00e4\u00e4vadki elektrita.&nbsp;<br \/>\n<\/span><span style=\"font-weight: 400;\">Samuti tuleb paigutada kriisikomisjoni hinnangul olulistesse kohtadesse 3 generaatorit<br \/>\n<\/span><span style=\"font-weight: 400;\">3) Kriisikomisjon peab m\u00f5\u00f5tma\/kaaluma, kas pakutud lahendused toimivad ja otsustama, mis saab teistest objektidest ning elanikest linnas.<\/span><\/p>\n<p><b>Lisa\u00fclesanne:<br \/>\n<\/b><span style=\"font-weight: 400;\">Linnapeal on v\u00f5imalik kasutada \u201ev\u00f5lukepikest\u201c , mis aitab kasutada ka tulevikuenergiaid ehk et planeerida t\u00e4nase probleemi lahendamise k\u00e4igus tuleviku jaoks uued energiatootmise viisid, mis aitavad ennetada kriise. Ent selleks on teatud hulk raha, mille eest ehitada kas tuulegeneraatoreid v p\u00e4ikeseparki. Kuhu, millisele maastikule jne.<br \/>\n<\/span><span style=\"font-weight: 400;\">Kasutades m\u00f5\u00f5tmiseks ja arutlemiseks S\u00e4rtsutoa v\u00e4ljapanekut, saab teada, kui palju on vaja paigaldada p\u00e4ikesepaneele, et rahuldada v\u00f5imalikult palju tarbijaid.<\/span><\/p>\n<p><strong>J\u00e4relarutelu:<br \/>\n<\/strong><span style=\"font-weight: 400;\">Esmase tagasiside ning osalejate enesev\u00e4ljenduse tarbeks tasub teha \u00fcks \u00fchine jagamisring, kus iga\u00fcks \u00fche s\u00f5na kuni paari lausega vastab, kuidas nad end praegu tunnevad v\u00f5i millised on esimesed muljed.<\/span><\/p>\n<p>&nbsp;<\/p>\n<p style=\"text-align: left;\"><span style=\"font-weight: 400;\">Oluline on l\u00e4bi arutleda, millised olid iga meeskonna otsused ja millele nad tuginesid. \u00dclesanne sisaldab endas palju vastakaid otsustamisv\u00f5imalusi:<br \/>\n<\/span>Kas v\u00f5tta koolist \u00e4ra elekter ja saata lapsed elektrita koju v mida teha<br \/>\nKas eelistada elektri andmine poodi v farmi<br \/>\n<span style=\"font-weight: 400;\">Millised on elanikel endal v\u00f5imalused elektrit saada (p\u00e4ike, generaatorid jne)&nbsp;<br \/>\n<\/span><span style=\"font-weight: 400;\">Kuidas kogukonnad tegelikult sarnastes olukordades koost\u00f6\u00f6d saavad teha jne<\/span><\/p>\n<p>\u00d5ppeprogrammi ja S\u00e4rtsutoa loomist toetas Eesti riik, Keskkonnainvesteeringute Keskus ja Kliimaministeerium.<\/p>\n<p><img loading=\"lazy\" decoding=\"async\" width=\"300\" height=\"169\" class=\"alignnone size-medium wp-image-26382\" src=\"https:\/\/jaaaeg.ee\/wp-content\/uploads\/2024\/03\/KIK_Toetab_varv-300x169.jpg\" alt=\"KIK toetab s\u00e4rtsutuba\" srcset=\"https:\/\/jaaaeg.ee\/wp-content\/uploads\/2024\/03\/KIK_Toetab_varv-300x169.jpg 300w, https:\/\/jaaaeg.ee\/wp-content\/uploads\/2024\/03\/KIK_Toetab_varv-120x68.jpg 120w, https:\/\/jaaaeg.ee\/wp-content\/uploads\/2024\/03\/KIK_Toetab_varv-320x180.jpg 320w, https:\/\/jaaaeg.ee\/wp-content\/uploads\/2024\/03\/KIK_Toetab_varv.jpg 378w\" sizes=\"auto, (max-width: 300px) 100vw, 300px\" \/><img loading=\"lazy\" decoding=\"async\" width=\"300\" height=\"96\" class=\"alignnone size-medium wp-image-26562\" src=\"https:\/\/jaaaeg.ee\/wp-content\/uploads\/2024\/03\/kliimaministeerium-300x96.png\" alt=\"\" srcset=\"https:\/\/jaaaeg.ee\/wp-content\/uploads\/2024\/03\/kliimaministeerium-300x96.png 300w, https:\/\/jaaaeg.ee\/wp-content\/uploads\/2024\/03\/kliimaministeerium-120x38.png 120w, https:\/\/jaaaeg.ee\/wp-content\/uploads\/2024\/03\/kliimaministeerium-320x102.png 320w, https:\/\/jaaaeg.ee\/wp-content\/uploads\/2024\/03\/kliimaministeerium.png 397w\" sizes=\"auto, (max-width: 300px) 100vw, 300px\" \/><\/p>\n","protected":false},"excerpt":{"rendered":"<strong>Sihtgrupp:<\/strong> 7. -9. klassid ja 10.-12. klassid, kohandatav ka t\u00e4iskasvanute\r\nmeeskondadele, kel soov l\u00e4bi \u201em\u00e4ngida\u201c energiakriisi teemad.\r\n<strong>L\u00e4biviimise koht:<\/strong> J\u00e4\u00e4aja Keskuse S\u00e4rtsutuba ning selles paiknev linna makett.\r\n<strong>M\u00e4ngijate arv:<\/strong> 8-20&nbsp;\r\n<strong>Kestus:<\/strong> u 60 minutit\r\n<strong>Hind: 7 \u20ac osaleja + 50 \u20ac juhendamise tasu<\/strong>\r\n\r\n<a href=\"https:\/\/lydian.ee\/broneeri\/programmid\/jaaaeg\/energiakriis-minu-linnas\/\">BRONEERI<\/a>","protected":false},"featured_media":32344,"template":"","meta":{"_acf_changed":false,"ngg_post_thumbnail":0},"product_brand":[],"product_cat":[116,115],"product_tag":[],"class_list":{"0":"post-26568","1":"product","2":"type-product","3":"status-publish","4":"has-post-thumbnail","6":"product_cat-gymna-fi","7":"product_cat-pohikoolile-fi","9":"first","10":"instock","11":"shipping-taxable","12":"product-type-simple"},"acf":[],"yoast_head":"<!-- This site is optimized with the Yoast SEO plugin v27.3 - https:\/\/yoast.com\/product\/yoast-seo-wordpress\/ -->\n<title>Energiakriis minu linnas - J\u00e4\u00e4aja Keskus<\/title>\n<meta name=\"robots\" content=\"index, follow, max-snippet:-1, max-image-preview:large, max-video-preview:-1\" \/>\n<link rel=\"canonical\" href=\"https:\/\/jaaaeg.ee\/fi\/oppeprogramm\/pohikoolile-fi\/energiakriis-minu-linnas\/\" \/>\n<meta property=\"og:locale\" content=\"fi_FI\" \/>\n<meta property=\"og:type\" content=\"article\" \/>\n<meta property=\"og:title\" content=\"Energiakriis minu linnas - J\u00e4\u00e4aja Keskus\" \/>\n<meta property=\"og:description\" content=\"Sihtgrupp: 7. -9. klassid ja 10.-12. klassid, kohandatav ka t\u00e4iskasvanute meeskondadele, kel soov l\u00e4bi \u201em\u00e4ngida\u201c energiakriisi teemad. L\u00e4biviimise koht: J\u00e4\u00e4aja Keskuse S\u00e4rtsutuba ning selles paiknev linna makett. M\u00e4ngijate arv: 8-20&nbsp; Kestus: u 60 minutit Hind: 7 \u20ac osaleja + 50 \u20ac juhendamise tasu  BRONEERI\" \/>\n<meta property=\"og:url\" content=\"https:\/\/jaaaeg.ee\/fi\/oppeprogramm\/pohikoolile-fi\/energiakriis-minu-linnas\/\" \/>\n<meta property=\"og:site_name\" content=\"J\u00e4\u00e4aja Keskus\" \/>\n<meta property=\"article:publisher\" content=\"https:\/\/www.facebook.com\/JaaajaKeskus\/\" \/>\n<meta property=\"article:modified_time\" content=\"2026-02-27T12:27:03+00:00\" \/>\n<meta property=\"og:image\" content=\"https:\/\/jaaaeg.ee\/wp-content\/uploads\/2024\/03\/Energia-kaks-poolt-1-scaled.jpeg\" \/>\n\t<meta property=\"og:image:width\" content=\"1920\" \/>\n\t<meta property=\"og:image:height\" content=\"2560\" \/>\n\t<meta property=\"og:image:type\" content=\"image\/jpeg\" \/>\n<meta name=\"twitter:card\" content=\"summary_large_image\" \/>\n<meta name=\"twitter:label1\" content=\"Arvioitu lukuaika\" \/>\n\t<meta name=\"twitter:data1\" content=\"3 minuuttia\" \/>\n<script type=\"application\/ld+json\" class=\"yoast-schema-graph\">{\"@context\":\"https:\\\/\\\/schema.org\",\"@graph\":[{\"@type\":\"WebPage\",\"@id\":\"https:\\\/\\\/jaaaeg.ee\\\/fi\\\/oppeprogramm\\\/pohikoolile-fi\\\/energiakriis-minu-linnas\\\/\",\"url\":\"https:\\\/\\\/jaaaeg.ee\\\/fi\\\/oppeprogramm\\\/pohikoolile-fi\\\/energiakriis-minu-linnas\\\/\",\"name\":\"Energiakriis minu linnas - J\u00e4\u00e4aja Keskus\",\"isPartOf\":{\"@id\":\"https:\\\/\\\/jaaaeg.ee\\\/ru\\\/#website\"},\"primaryImageOfPage\":{\"@id\":\"https:\\\/\\\/jaaaeg.ee\\\/fi\\\/oppeprogramm\\\/pohikoolile-fi\\\/energiakriis-minu-linnas\\\/#primaryimage\"},\"image\":{\"@id\":\"https:\\\/\\\/jaaaeg.ee\\\/fi\\\/oppeprogramm\\\/pohikoolile-fi\\\/energiakriis-minu-linnas\\\/#primaryimage\"},\"thumbnailUrl\":\"https:\\\/\\\/jaaaeg.ee\\\/wp-content\\\/uploads\\\/2024\\\/03\\\/Energia-kaks-poolt-1-scaled.jpeg\",\"datePublished\":\"2024-03-27T14:09:01+00:00\",\"dateModified\":\"2026-02-27T12:27:03+00:00\",\"breadcrumb\":{\"@id\":\"https:\\\/\\\/jaaaeg.ee\\\/fi\\\/oppeprogramm\\\/pohikoolile-fi\\\/energiakriis-minu-linnas\\\/#breadcrumb\"},\"inLanguage\":\"fi\",\"potentialAction\":[{\"@type\":\"ReadAction\",\"target\":[\"https:\\\/\\\/jaaaeg.ee\\\/fi\\\/oppeprogramm\\\/pohikoolile-fi\\\/energiakriis-minu-linnas\\\/\"]}]},{\"@type\":\"ImageObject\",\"inLanguage\":\"fi\",\"@id\":\"https:\\\/\\\/jaaaeg.ee\\\/fi\\\/oppeprogramm\\\/pohikoolile-fi\\\/energiakriis-minu-linnas\\\/#primaryimage\",\"url\":\"https:\\\/\\\/jaaaeg.ee\\\/wp-content\\\/uploads\\\/2024\\\/03\\\/Energia-kaks-poolt-1-scaled.jpeg\",\"contentUrl\":\"https:\\\/\\\/jaaaeg.ee\\\/wp-content\\\/uploads\\\/2024\\\/03\\\/Energia-kaks-poolt-1-scaled.jpeg\",\"width\":1920,\"height\":2560,\"caption\":\"Energiakriis minu linnas\"},{\"@type\":\"BreadcrumbList\",\"@id\":\"https:\\\/\\\/jaaaeg.ee\\\/fi\\\/oppeprogramm\\\/pohikoolile-fi\\\/energiakriis-minu-linnas\\\/#breadcrumb\",\"itemListElement\":[{\"@type\":\"ListItem\",\"position\":1,\"name\":\"Home\",\"item\":\"https:\\\/\\\/jaaaeg.ee\\\/fi\\\/\"},{\"@type\":\"ListItem\",\"position\":2,\"name\":\"Energiakriis minu linnas\"}]},{\"@type\":\"WebSite\",\"@id\":\"https:\\\/\\\/jaaaeg.ee\\\/ru\\\/#website\",\"url\":\"https:\\\/\\\/jaaaeg.ee\\\/ru\\\/\",\"name\":\"J\u00e4\u00e4aja Keskus\",\"description\":\"avastamisr\u00f5\u00f5m igas vanuses k\u00fclastajatele\",\"potentialAction\":[{\"@type\":\"SearchAction\",\"target\":{\"@type\":\"EntryPoint\",\"urlTemplate\":\"https:\\\/\\\/jaaaeg.ee\\\/ru\\\/?s={search_term_string}\"},\"query-input\":{\"@type\":\"PropertyValueSpecification\",\"valueRequired\":true,\"valueName\":\"search_term_string\"}}],\"inLanguage\":\"fi\"}]}<\/script>\n<!-- \/ Yoast SEO plugin. -->","yoast_head_json":{"title":"Energiakriis minu linnas - J\u00e4\u00e4aja Keskus","robots":{"index":"index","follow":"follow","max-snippet":"max-snippet:-1","max-image-preview":"max-image-preview:large","max-video-preview":"max-video-preview:-1"},"canonical":"https:\/\/jaaaeg.ee\/fi\/oppeprogramm\/pohikoolile-fi\/energiakriis-minu-linnas\/","og_locale":"fi_FI","og_type":"article","og_title":"Energiakriis minu linnas - J\u00e4\u00e4aja Keskus","og_description":"Sihtgrupp: 7. -9. klassid ja 10.-12. klassid, kohandatav ka t\u00e4iskasvanute meeskondadele, kel soov l\u00e4bi \u201em\u00e4ngida\u201c energiakriisi teemad. L\u00e4biviimise koht: J\u00e4\u00e4aja Keskuse S\u00e4rtsutuba ning selles paiknev linna makett. M\u00e4ngijate arv: 8-20&nbsp; Kestus: u 60 minutit Hind: 7 \u20ac osaleja + 50 \u20ac juhendamise tasu  BRONEERI","og_url":"https:\/\/jaaaeg.ee\/fi\/oppeprogramm\/pohikoolile-fi\/energiakriis-minu-linnas\/","og_site_name":"J\u00e4\u00e4aja Keskus","article_publisher":"https:\/\/www.facebook.com\/JaaajaKeskus\/","article_modified_time":"2026-02-27T12:27:03+00:00","og_image":[{"width":1920,"height":2560,"url":"https:\/\/jaaaeg.ee\/wp-content\/uploads\/2024\/03\/Energia-kaks-poolt-1-scaled.jpeg","type":"image\/jpeg"}],"twitter_card":"summary_large_image","twitter_misc":{"Arvioitu lukuaika":"3 minuuttia"},"schema":{"@context":"https:\/\/schema.org","@graph":[{"@type":"WebPage","@id":"https:\/\/jaaaeg.ee\/fi\/oppeprogramm\/pohikoolile-fi\/energiakriis-minu-linnas\/","url":"https:\/\/jaaaeg.ee\/fi\/oppeprogramm\/pohikoolile-fi\/energiakriis-minu-linnas\/","name":"Energiakriis minu linnas - J\u00e4\u00e4aja Keskus","isPartOf":{"@id":"https:\/\/jaaaeg.ee\/ru\/#website"},"primaryImageOfPage":{"@id":"https:\/\/jaaaeg.ee\/fi\/oppeprogramm\/pohikoolile-fi\/energiakriis-minu-linnas\/#primaryimage"},"image":{"@id":"https:\/\/jaaaeg.ee\/fi\/oppeprogramm\/pohikoolile-fi\/energiakriis-minu-linnas\/#primaryimage"},"thumbnailUrl":"https:\/\/jaaaeg.ee\/wp-content\/uploads\/2024\/03\/Energia-kaks-poolt-1-scaled.jpeg","datePublished":"2024-03-27T14:09:01+00:00","dateModified":"2026-02-27T12:27:03+00:00","breadcrumb":{"@id":"https:\/\/jaaaeg.ee\/fi\/oppeprogramm\/pohikoolile-fi\/energiakriis-minu-linnas\/#breadcrumb"},"inLanguage":"fi","potentialAction":[{"@type":"ReadAction","target":["https:\/\/jaaaeg.ee\/fi\/oppeprogramm\/pohikoolile-fi\/energiakriis-minu-linnas\/"]}]},{"@type":"ImageObject","inLanguage":"fi","@id":"https:\/\/jaaaeg.ee\/fi\/oppeprogramm\/pohikoolile-fi\/energiakriis-minu-linnas\/#primaryimage","url":"https:\/\/jaaaeg.ee\/wp-content\/uploads\/2024\/03\/Energia-kaks-poolt-1-scaled.jpeg","contentUrl":"https:\/\/jaaaeg.ee\/wp-content\/uploads\/2024\/03\/Energia-kaks-poolt-1-scaled.jpeg","width":1920,"height":2560,"caption":"Energiakriis minu linnas"},{"@type":"BreadcrumbList","@id":"https:\/\/jaaaeg.ee\/fi\/oppeprogramm\/pohikoolile-fi\/energiakriis-minu-linnas\/#breadcrumb","itemListElement":[{"@type":"ListItem","position":1,"name":"Home","item":"https:\/\/jaaaeg.ee\/fi\/"},{"@type":"ListItem","position":2,"name":"Energiakriis minu linnas"}]},{"@type":"WebSite","@id":"https:\/\/jaaaeg.ee\/ru\/#website","url":"https:\/\/jaaaeg.ee\/ru\/","name":"J\u00e4\u00e4aja Keskus","description":"avastamisr\u00f5\u00f5m igas vanuses k\u00fclastajatele","potentialAction":[{"@type":"SearchAction","target":{"@type":"EntryPoint","urlTemplate":"https:\/\/jaaaeg.ee\/ru\/?s={search_term_string}"},"query-input":{"@type":"PropertyValueSpecification","valueRequired":true,"valueName":"search_term_string"}}],"inLanguage":"fi"}]}},"_links":{"self":[{"href":"https:\/\/jaaaeg.ee\/fi\/wp-json\/wp\/v2\/product\/26568","targetHints":{"allow":["GET"]}}],"collection":[{"href":"https:\/\/jaaaeg.ee\/fi\/wp-json\/wp\/v2\/product"}],"about":[{"href":"https:\/\/jaaaeg.ee\/fi\/wp-json\/wp\/v2\/types\/product"}],"wp:featuredmedia":[{"embeddable":true,"href":"https:\/\/jaaaeg.ee\/fi\/wp-json\/wp\/v2\/media\/32344"}],"wp:attachment":[{"href":"https:\/\/jaaaeg.ee\/fi\/wp-json\/wp\/v2\/media?parent=26568"}],"wp:term":[{"taxonomy":"product_brand","embeddable":true,"href":"https:\/\/jaaaeg.ee\/fi\/wp-json\/wp\/v2\/product_brand?post=26568"},{"taxonomy":"product_cat","embeddable":true,"href":"https:\/\/jaaaeg.ee\/fi\/wp-json\/wp\/v2\/product_cat?post=26568"},{"taxonomy":"product_tag","embeddable":true,"href":"https:\/\/jaaaeg.ee\/fi\/wp-json\/wp\/v2\/product_tag?post=26568"}],"curies":[{"name":"wp","href":"https:\/\/api.w.org\/{rel}","templated":true}]}}