{"id":25079,"date":"2022-08-30T23:44:00","date_gmt":"2022-08-30T20:44:00","guid":{"rendered":"https:\/\/jaaaeg.ee\/oppeprogramm\/Ei-luokiteltu\/aeg-parast-jaaaega\/"},"modified":"2026-03-04T10:42:19","modified_gmt":"2026-03-04T08:42:19","slug":"aeg-parast-jaaaega","status":"publish","type":"product","link":"https:\/\/jaaaeg.ee\/fi\/oppeprogramm\/pohikoolile-fi\/aeg-parast-jaaaega\/","title":{"rendered":"Aeg p\u00e4rast j\u00e4\u00e4aega"},"content":{"rendered":"<p>T\u00e4ringum\u00e4nguna \u00fcles ehitatud haridusprogramm.<br \/>\nMilline oli kliima ja loodus k\u00fcmme tuhat aastat tagasi? Kauges minevikus toimunud muutuste p\u00f5hjuste kindlakstegemine aitab ennustada meie edasist elu.&nbsp;Koos arutledes, m\u00e4ngides ja v\u00f5isteldes saab see selgemaks. P\u00fc\u00fcame minevikku vaadates kiigata hoopis tulevikku.<\/p>\n<p>Programmi saab tellida koolidesse v\u00f5i l\u00e4bida J\u00e4\u00e4aja Keskuses, kus see liidetakse soovi korral teiste teemadega.<\/p>\n<p>Grupi suurus on maksimaalselt 20 osalejat.&nbsp;<\/p>\n","protected":false},"excerpt":{"rendered":"<strong>Kestus:<\/strong> 45- 60 minutit\r\n<strong>Keeled:<\/strong> eesti ja vene keel\r\n<strong>Osalejate arv:<\/strong> kuni 20\r\n<strong>Hind: 7 \u20ac + juhendamise tasu 50\u20ac\r\n<\/strong>(+ transpordikulu sihtkohta, kui soovite v\u00e4ljaspool J\u00e4\u00e4aja Keskust)\r\n\r\n<a href=\"https:\/\/lydian.ee\/broneeri\/programmid\/jaaaeg\/aeg-parast-jaaaega\/\">BRONEERI<\/a>","protected":false},"featured_media":25075,"template":"","meta":{"_acf_changed":false,"ngg_post_thumbnail":0},"product_brand":[],"product_cat":[116,115],"product_tag":[],"class_list":{"0":"post-25079","1":"product","2":"type-product","3":"status-publish","4":"has-post-thumbnail","6":"product_cat-gymna-fi","7":"product_cat-pohikoolile-fi","9":"first","10":"instock","11":"shipping-taxable","12":"product-type-simple"},"acf":[],"yoast_head":"<!-- This site is optimized with the Yoast SEO plugin v27.3 - https:\/\/yoast.com\/product\/yoast-seo-wordpress\/ -->\n<title>Aeg p\u00e4rast j\u00e4\u00e4aega - J\u00e4\u00e4aja Keskus<\/title>\n<meta name=\"robots\" content=\"index, follow, max-snippet:-1, max-image-preview:large, max-video-preview:-1\" \/>\n<link rel=\"canonical\" href=\"https:\/\/jaaaeg.ee\/fi\/oppeprogramm\/pohikoolile-fi\/aeg-parast-jaaaega\/\" \/>\n<meta property=\"og:locale\" content=\"fi_FI\" \/>\n<meta property=\"og:type\" content=\"article\" \/>\n<meta property=\"og:title\" content=\"Aeg p\u00e4rast j\u00e4\u00e4aega - J\u00e4\u00e4aja Keskus\" \/>\n<meta property=\"og:description\" content=\"Kestus: 45- 60 minutit Keeled: eesti ja vene keel Osalejate arv: kuni 20 Hind: 7 \u20ac + juhendamise tasu 50\u20ac (+ transpordikulu sihtkohta, kui soovite v\u00e4ljaspool J\u00e4\u00e4aja Keskust)  BRONEERI\" \/>\n<meta property=\"og:url\" content=\"https:\/\/jaaaeg.ee\/fi\/oppeprogramm\/pohikoolile-fi\/aeg-parast-jaaaega\/\" \/>\n<meta property=\"og:site_name\" content=\"J\u00e4\u00e4aja Keskus\" \/>\n<meta property=\"article:publisher\" content=\"https:\/\/www.facebook.com\/JaaajaKeskus\/\" \/>\n<meta property=\"article:modified_time\" content=\"2026-03-04T08:42:19+00:00\" \/>\n<meta property=\"og:image\" content=\"https:\/\/jaaaeg.ee\/wp-content\/uploads\/2022\/08\/JK_porandamang_Beljaev.jpg\" \/>\n\t<meta property=\"og:image:width\" content=\"1734\" \/>\n\t<meta property=\"og:image:height\" content=\"1301\" \/>\n\t<meta property=\"og:image:type\" content=\"image\/jpeg\" \/>\n<meta name=\"twitter:card\" content=\"summary_large_image\" \/>\n<script type=\"application\/ld+json\" class=\"yoast-schema-graph\">{\"@context\":\"https:\\\/\\\/schema.org\",\"@graph\":[{\"@type\":\"WebPage\",\"@id\":\"https:\\\/\\\/jaaaeg.ee\\\/fi\\\/oppeprogramm\\\/pohikoolile-fi\\\/aeg-parast-jaaaega\\\/\",\"url\":\"https:\\\/\\\/jaaaeg.ee\\\/fi\\\/oppeprogramm\\\/pohikoolile-fi\\\/aeg-parast-jaaaega\\\/\",\"name\":\"Aeg p\u00e4rast j\u00e4\u00e4aega - J\u00e4\u00e4aja Keskus\",\"isPartOf\":{\"@id\":\"https:\\\/\\\/jaaaeg.ee\\\/ru\\\/#website\"},\"primaryImageOfPage\":{\"@id\":\"https:\\\/\\\/jaaaeg.ee\\\/fi\\\/oppeprogramm\\\/pohikoolile-fi\\\/aeg-parast-jaaaega\\\/#primaryimage\"},\"image\":{\"@id\":\"https:\\\/\\\/jaaaeg.ee\\\/fi\\\/oppeprogramm\\\/pohikoolile-fi\\\/aeg-parast-jaaaega\\\/#primaryimage\"},\"thumbnailUrl\":\"https:\\\/\\\/jaaaeg.ee\\\/wp-content\\\/uploads\\\/2022\\\/08\\\/JK_porandamang_Beljaev.jpg\",\"datePublished\":\"2022-08-30T20:44:00+00:00\",\"dateModified\":\"2026-03-04T08:42:19+00:00\",\"breadcrumb\":{\"@id\":\"https:\\\/\\\/jaaaeg.ee\\\/fi\\\/oppeprogramm\\\/pohikoolile-fi\\\/aeg-parast-jaaaega\\\/#breadcrumb\"},\"inLanguage\":\"fi\",\"potentialAction\":[{\"@type\":\"ReadAction\",\"target\":[\"https:\\\/\\\/jaaaeg.ee\\\/fi\\\/oppeprogramm\\\/pohikoolile-fi\\\/aeg-parast-jaaaega\\\/\"]}]},{\"@type\":\"ImageObject\",\"inLanguage\":\"fi\",\"@id\":\"https:\\\/\\\/jaaaeg.ee\\\/fi\\\/oppeprogramm\\\/pohikoolile-fi\\\/aeg-parast-jaaaega\\\/#primaryimage\",\"url\":\"https:\\\/\\\/jaaaeg.ee\\\/wp-content\\\/uploads\\\/2022\\\/08\\\/JK_porandamang_Beljaev.jpg\",\"contentUrl\":\"https:\\\/\\\/jaaaeg.ee\\\/wp-content\\\/uploads\\\/2022\\\/08\\\/JK_porandamang_Beljaev.jpg\",\"width\":1734,\"height\":1301,\"caption\":\"JK porandamang Beljaev\"},{\"@type\":\"BreadcrumbList\",\"@id\":\"https:\\\/\\\/jaaaeg.ee\\\/fi\\\/oppeprogramm\\\/pohikoolile-fi\\\/aeg-parast-jaaaega\\\/#breadcrumb\",\"itemListElement\":[{\"@type\":\"ListItem\",\"position\":1,\"name\":\"Home\",\"item\":\"https:\\\/\\\/jaaaeg.ee\\\/fi\\\/\"},{\"@type\":\"ListItem\",\"position\":2,\"name\":\"Aeg p\u00e4rast j\u00e4\u00e4aega\"}]},{\"@type\":\"WebSite\",\"@id\":\"https:\\\/\\\/jaaaeg.ee\\\/ru\\\/#website\",\"url\":\"https:\\\/\\\/jaaaeg.ee\\\/ru\\\/\",\"name\":\"J\u00e4\u00e4aja Keskus\",\"description\":\"avastamisr\u00f5\u00f5m igas vanuses k\u00fclastajatele\",\"potentialAction\":[{\"@type\":\"SearchAction\",\"target\":{\"@type\":\"EntryPoint\",\"urlTemplate\":\"https:\\\/\\\/jaaaeg.ee\\\/ru\\\/?s={search_term_string}\"},\"query-input\":{\"@type\":\"PropertyValueSpecification\",\"valueRequired\":true,\"valueName\":\"search_term_string\"}}],\"inLanguage\":\"fi\"}]}<\/script>\n<!-- \/ Yoast SEO plugin. -->","yoast_head_json":{"title":"Aeg p\u00e4rast j\u00e4\u00e4aega - J\u00e4\u00e4aja Keskus","robots":{"index":"index","follow":"follow","max-snippet":"max-snippet:-1","max-image-preview":"max-image-preview:large","max-video-preview":"max-video-preview:-1"},"canonical":"https:\/\/jaaaeg.ee\/fi\/oppeprogramm\/pohikoolile-fi\/aeg-parast-jaaaega\/","og_locale":"fi_FI","og_type":"article","og_title":"Aeg p\u00e4rast j\u00e4\u00e4aega - J\u00e4\u00e4aja Keskus","og_description":"Kestus: 45- 60 minutit Keeled: eesti ja vene keel Osalejate arv: kuni 20 Hind: 7 \u20ac + juhendamise tasu 50\u20ac (+ transpordikulu sihtkohta, kui soovite v\u00e4ljaspool J\u00e4\u00e4aja Keskust)  BRONEERI","og_url":"https:\/\/jaaaeg.ee\/fi\/oppeprogramm\/pohikoolile-fi\/aeg-parast-jaaaega\/","og_site_name":"J\u00e4\u00e4aja Keskus","article_publisher":"https:\/\/www.facebook.com\/JaaajaKeskus\/","article_modified_time":"2026-03-04T08:42:19+00:00","og_image":[{"width":1734,"height":1301,"url":"https:\/\/jaaaeg.ee\/wp-content\/uploads\/2022\/08\/JK_porandamang_Beljaev.jpg","type":"image\/jpeg"}],"twitter_card":"summary_large_image","schema":{"@context":"https:\/\/schema.org","@graph":[{"@type":"WebPage","@id":"https:\/\/jaaaeg.ee\/fi\/oppeprogramm\/pohikoolile-fi\/aeg-parast-jaaaega\/","url":"https:\/\/jaaaeg.ee\/fi\/oppeprogramm\/pohikoolile-fi\/aeg-parast-jaaaega\/","name":"Aeg p\u00e4rast j\u00e4\u00e4aega - J\u00e4\u00e4aja Keskus","isPartOf":{"@id":"https:\/\/jaaaeg.ee\/ru\/#website"},"primaryImageOfPage":{"@id":"https:\/\/jaaaeg.ee\/fi\/oppeprogramm\/pohikoolile-fi\/aeg-parast-jaaaega\/#primaryimage"},"image":{"@id":"https:\/\/jaaaeg.ee\/fi\/oppeprogramm\/pohikoolile-fi\/aeg-parast-jaaaega\/#primaryimage"},"thumbnailUrl":"https:\/\/jaaaeg.ee\/wp-content\/uploads\/2022\/08\/JK_porandamang_Beljaev.jpg","datePublished":"2022-08-30T20:44:00+00:00","dateModified":"2026-03-04T08:42:19+00:00","breadcrumb":{"@id":"https:\/\/jaaaeg.ee\/fi\/oppeprogramm\/pohikoolile-fi\/aeg-parast-jaaaega\/#breadcrumb"},"inLanguage":"fi","potentialAction":[{"@type":"ReadAction","target":["https:\/\/jaaaeg.ee\/fi\/oppeprogramm\/pohikoolile-fi\/aeg-parast-jaaaega\/"]}]},{"@type":"ImageObject","inLanguage":"fi","@id":"https:\/\/jaaaeg.ee\/fi\/oppeprogramm\/pohikoolile-fi\/aeg-parast-jaaaega\/#primaryimage","url":"https:\/\/jaaaeg.ee\/wp-content\/uploads\/2022\/08\/JK_porandamang_Beljaev.jpg","contentUrl":"https:\/\/jaaaeg.ee\/wp-content\/uploads\/2022\/08\/JK_porandamang_Beljaev.jpg","width":1734,"height":1301,"caption":"JK porandamang Beljaev"},{"@type":"BreadcrumbList","@id":"https:\/\/jaaaeg.ee\/fi\/oppeprogramm\/pohikoolile-fi\/aeg-parast-jaaaega\/#breadcrumb","itemListElement":[{"@type":"ListItem","position":1,"name":"Home","item":"https:\/\/jaaaeg.ee\/fi\/"},{"@type":"ListItem","position":2,"name":"Aeg p\u00e4rast j\u00e4\u00e4aega"}]},{"@type":"WebSite","@id":"https:\/\/jaaaeg.ee\/ru\/#website","url":"https:\/\/jaaaeg.ee\/ru\/","name":"J\u00e4\u00e4aja Keskus","description":"avastamisr\u00f5\u00f5m igas vanuses k\u00fclastajatele","potentialAction":[{"@type":"SearchAction","target":{"@type":"EntryPoint","urlTemplate":"https:\/\/jaaaeg.ee\/ru\/?s={search_term_string}"},"query-input":{"@type":"PropertyValueSpecification","valueRequired":true,"valueName":"search_term_string"}}],"inLanguage":"fi"}]}},"_links":{"self":[{"href":"https:\/\/jaaaeg.ee\/fi\/wp-json\/wp\/v2\/product\/25079","targetHints":{"allow":["GET"]}}],"collection":[{"href":"https:\/\/jaaaeg.ee\/fi\/wp-json\/wp\/v2\/product"}],"about":[{"href":"https:\/\/jaaaeg.ee\/fi\/wp-json\/wp\/v2\/types\/product"}],"wp:featuredmedia":[{"embeddable":true,"href":"https:\/\/jaaaeg.ee\/fi\/wp-json\/wp\/v2\/media\/25075"}],"wp:attachment":[{"href":"https:\/\/jaaaeg.ee\/fi\/wp-json\/wp\/v2\/media?parent=25079"}],"wp:term":[{"taxonomy":"product_brand","embeddable":true,"href":"https:\/\/jaaaeg.ee\/fi\/wp-json\/wp\/v2\/product_brand?post=25079"},{"taxonomy":"product_cat","embeddable":true,"href":"https:\/\/jaaaeg.ee\/fi\/wp-json\/wp\/v2\/product_cat?post=25079"},{"taxonomy":"product_tag","embeddable":true,"href":"https:\/\/jaaaeg.ee\/fi\/wp-json\/wp\/v2\/product_tag?post=25079"}],"curies":[{"name":"wp","href":"https:\/\/api.w.org\/{rel}","templated":true}]}}