{"id":33441,"date":"2025-12-05T10:48:12","date_gmt":"2025-12-05T08:48:12","guid":{"rendered":"https:\/\/jaaaeg.ee\/talvepaev\/"},"modified":"2026-01-22T11:38:46","modified_gmt":"2026-01-22T09:38:46","slug":"talvepaev","status":"publish","type":"page","link":"https:\/\/jaaaeg.ee\/fi\/talvepaev\/","title":{"rendered":"J\u00e4\u00e4aja talvep\u00e4ev"},"content":{"rendered":"\r\n<div class=\"vce-row-container\" data-vce-boxed-width=\"true\">\r\n<div id=\"el-4b035247\" class=\"vce-row vce-row--col-gap-30 vce-row-equal-height vce-row-content--top\" data-vce-do-apply=\"all el-4b035247\">\r\n<div class=\"vce-row-content\" data-vce-element-content=\"true\">\r\n<div id=\"el-39ca5a85\" class=\"vce-col vce-col--md-auto vce-col--xs-1 vce-col--xs-last vce-col--xs-first vce-col--sm-last vce-col--sm-first vce-col--md-last vce-col--lg-last vce-col--xl-last vce-col--md-first vce-col--lg-first vce-col--xl-first\">\r\n<div class=\"vce-col-inner\" data-vce-do-apply=\"border margin background  el-39ca5a85\">\r\n<div class=\"vce-col-content\" data-vce-element-content=\"true\" data-vce-do-apply=\"padding el-39ca5a85\">\r\n<div class=\"vce-single-image-container vce-single-image--align-left\">\r\n<div id=\"el-5020a255\" class=\"vce vce-single-image-wrapper\" data-vce-do-apply=\"all el-5020a255\">\r\n<figure>\r\n<div class=\"vce-single-image-figure-inner\" style=\"width: 1900px;\">\r\n<div class=\"vce-single-image-inner vce-single-image--absolute\" style=\"width: 100%; padding-bottom: 36.4211%;\"><img loading=\"lazy\" decoding=\"async\" class=\"vce-single-image\" title=\"J\u00e4\u00e4aja talvep\u00e4ev\" src=\"https:\/\/jaaaeg.ee\/wp-content\/uploads\/2025\/12\/Kodukal-talvepaev-2.png\" srcset=\"https:\/\/jaaaeg.ee\/wp-content\/uploads\/2025\/12\/Kodukal-talvepaev-2-320x117.png 320w, https:\/\/jaaaeg.ee\/wp-content\/uploads\/2025\/12\/Kodukal-talvepaev-2-480x175.png 480w, https:\/\/jaaaeg.ee\/wp-content\/uploads\/2025\/12\/Kodukal-talvepaev-2-800x291.png 800w, https:\/\/jaaaeg.ee\/wp-content\/uploads\/2025\/12\/Kodukal-talvepaev-2.png 1900w\" alt=\"J\u00e4\u00e4aja talvep\u00e4ev\" width=\"1900\" height=\"692\" data-img-src=\"https:\/\/jaaaeg.ee\/wp-content\/uploads\/2025\/12\/Kodukal-talvepaev-2.png\" data-attachment-id=\"33297\"><\/div>\r\n<\/div>\r\n<figcaption hidden=\"\"><\/figcaption>\r\n<\/figure>\r\n<\/div>\r\n<\/div>\r\n\r\n<div class=\"vce-text-block\">\r\n<div id=\"el-70fa2c6a\" class=\"vce-text-block-wrapper vce\" data-vce-do-apply=\"all el-70fa2c6a\">\r\n<h3 style=\"text-align: center;\"><span style=\"font-weight: 400;\">Tule kogu perega veetma m\u00e4ngulist ja maagilist talvep\u00e4eva \u2013 majas ootavad seiklused nii pisemaid kui suuremaid avastajaid!<\/span><strong>&nbsp; <\/strong>P\u00fchap\u00e4ev, 25. jaanuar, kell 10-17<\/h3>\r\n<\/div>\r\n<\/div>\r\n\r\n<div class=\"vce-row-container\" data-vce-boxed-width=\"true\">\r\n<div id=\"el-19b14f23\" class=\"vce-row vce-row--col-gap-30 vce-row-equal-height vce-row-content--top\" data-vce-do-apply=\"all el-19b14f23\">\r\n<div class=\"vce-row-content\" data-vce-element-content=\"true\">\r\n<div class=\"vcv-row-control-wrapper\">&nbsp;<\/div>\r\n<\/div>\r\n<\/div>\r\n<\/div>\r\n<\/div>\r\n<\/div>\r\n<\/div>\r\n<\/div>\r\n<\/div>\r\n<\/div>\r\n\r\n<div class=\"vce-row-container\" data-vce-boxed-width=\"true\">\r\n<div id=\"el-6d725d7c\" class=\"vce-row vce-row--col-gap-30 vce-row-equal-height vce-row-content--top\" data-vce-do-apply=\"all el-6d725d7c\">\r\n<div class=\"vce-row-content\" data-vce-element-content=\"true\">\r\n<div id=\"el-50fa146a\" class=\"vce-col vce-col--md-auto vce-col--xs-1 vce-col--xs-last vce-col--xs-first vce-col--sm-last vce-col--sm-first vce-col--md-first vce-col--lg-first vce-col--xl-first\">\r\n<div class=\"vce-col-inner\" data-vce-do-apply=\"border margin background  el-50fa146a\">\r\n<div class=\"vce-col-content\" data-vce-element-content=\"true\" data-vce-do-apply=\"padding el-50fa146a\">\r\n<div class=\"vce-text-block\">\r\n<div id=\"el-573e19e5\" class=\"vce-text-block-wrapper vce\" data-vce-do-apply=\"all el-573e19e5\">\r\n<h3><strong>\ud83c\udfad Lasteetendus: PRINTSESS JA NARR<\/strong><\/h3>\r\n<p>S\u00fcdamlik ja humoorikas lugu Johannast (Printsessist) ja Narr Niklasest, kes satuvad seikluste keerisesse ja avastavad s\u00f5pruse t\u00f5elise j\u00f5u.<\/p>\r\n<p><strong>Kell 11 ja 14<\/strong><\/p>\r\n<p>Kestus: 45 minutit ning sobilik alates 4. eluaastast<\/p>\r\n<p>NB! Osalejate arv piiratud. Osta pilet siit:<\/p>\r\n<ul>\r\n<li><a href=\"https:\/\/fienta.com\/et\/jaaaja-joulupaev-etendus-kell-11\">Etendus kell 11<\/a><\/li>\r\n<li><a href=\"https:\/\/fienta.com\/et\/jaaaja-joulupaev-etendus-kell-159817\">Etendus kell 14<\/a><\/li>\r\n<\/ul>\r\n<\/div>\r\n<\/div>\r\n<\/div>\r\n<\/div>\r\n<\/div>\r\n\r\n<div id=\"el-a0cde591\" class=\"vce-col vce-col--md-auto vce-col--xs-1 vce-col--xs-last vce-col--xs-first vce-col--sm-last vce-col--sm-first vce-col--md-last vce-col--lg-last vce-col--xl-last\">\r\n<div class=\"vce-col-inner\" data-vce-do-apply=\"border margin background  el-a0cde591\">\r\n<div class=\"vce-col-content\" data-vce-element-content=\"true\" data-vce-do-apply=\"padding el-a0cde591\">\r\n<div class=\"vce-text-block\">\r\n<div id=\"el-ad44cd1b\" class=\"vce-text-block-wrapper vce\" data-vce-do-apply=\"all el-ad44cd1b\">\r\n<p><img loading=\"lazy\" decoding=\"async\" class=\"aligncenter wp-image-33187 size-medium\" title=\"Printsess ja narr\" src=\"https:\/\/jaaaeg.ee\/wp-content\/uploads\/2025\/12\/medium-300x425.jpg\" alt=\"Printsess ja narr\" width=\"212\" height=\"300\" srcset=\"https:\/\/jaaaeg.ee\/wp-content\/uploads\/2025\/12\/medium-300x425.jpg 300w, https:\/\/jaaaeg.ee\/wp-content\/uploads\/2025\/12\/medium-700x991.jpg 700w, https:\/\/jaaaeg.ee\/wp-content\/uploads\/2025\/12\/medium-768x1087.jpg 768w, https:\/\/jaaaeg.ee\/wp-content\/uploads\/2025\/12\/medium-120x170.jpg 120w, https:\/\/jaaaeg.ee\/wp-content\/uploads\/2025\/12\/medium-320x453.jpg 320w, https:\/\/jaaaeg.ee\/wp-content\/uploads\/2025\/12\/medium-480x679.jpg 480w, https:\/\/jaaaeg.ee\/wp-content\/uploads\/2025\/12\/medium-600x849.jpg 600w, https:\/\/jaaaeg.ee\/wp-content\/uploads\/2025\/12\/medium.jpg 800w\" sizes=\"auto, (max-width: 212px) 100vw, 212px\" \/><\/p>\r\n<\/div>\r\n<\/div>\r\n<\/div>\r\n<\/div>\r\n<\/div>\r\n<\/div>\r\n<\/div>\r\n<\/div>\r\n\r\n<div class=\"vce-row-container\" data-vce-boxed-width=\"true\">\r\n<div id=\"el-21687a1a\" class=\"vce-row vce-row--col-gap-30 vce-row-equal-height vce-row-content--top\" data-vce-do-apply=\"all el-21687a1a\">\r\n<div class=\"vce-row-content\" data-vce-element-content=\"true\">\r\n<div id=\"el-d962a72a\" class=\"vce-col vce-col--md-auto vce-col--xs-1 vce-col--xs-last vce-col--xs-first vce-col--sm-last vce-col--sm-first vce-col--md-last vce-col--lg-last vce-col--xl-last vce-col--md-first vce-col--lg-first vce-col--xl-first\">\r\n<div class=\"vce-col-inner\" data-vce-do-apply=\"border margin background  el-d962a72a\">\r\n<div class=\"vce-col-content\" data-vce-element-content=\"true\" data-vce-do-apply=\"padding el-d962a72a\">\r\n<div class=\"vce-text-block\">\r\n<div id=\"el-dc2dee99\" class=\"vce-text-block-wrapper vce\" data-vce-do-apply=\"all el-dc2dee99\">\r\n<h3><strong>M\u00e4ngud maskott-mammutiga<\/strong><\/h3>\r\n<p><span style=\"font-weight: 400;\">Meie maskott-mammut ootab lapsi pildile ja vahvaid m\u00e4nge m\u00e4ngima<br><strong>kell 12, 15 ja 16<\/strong><\/span><\/p>\r\n<h3><strong>\ud83d\udc18 J\u00e4\u00e4aja jutud \u2013 l\u00fchikesed lood mammutist<\/strong><\/h3>\r\n<p><span style=\"font-weight: 400;\">Kuula p\u00f5nevaid lugusid mammuti elust ja j\u00e4\u00e4aja saladustest. L\u00fchikesed ja kaasahaaravad jutud kogu perele.<\/span><\/p>\r\n<p><strong>Kell 10.30 ja 13.00<\/strong><\/p>\r\n<h3><strong>J\u00c4\u00c4AJA TALVEBINGO<\/strong><\/h3>\r\n<p><span style=\"font-weight: 400;\">Majas on peidus vahvad tegevuspunktid just v\u00e4ikestele. Leia \u00fcles, m\u00e4rgi \u00e4ra ja saa osa p\u00f5nevast talver\u00e4nnakust!<\/span><\/p>\r\n<h3><strong>LEMMING LEMPSI AVASTUSRADA<\/strong><\/h3>\r\n<p><span style=\"font-weight: 400;\">Natuke vanematele lastele m\u00f5eldud p\u00f5nev avastusrada \u2013 nuputamist, m\u00e4rkamist ja J\u00e4\u00e4aja lugusid iga sammu peal.<\/span><\/p>\r\n<h3><span style=\"font-weight: 400;\">\u2728 <\/span><strong>Tule avastama, m\u00e4ngima ja talver\u00f5\u00f5mu kogema \u2013 J\u00e4\u00e4aja Keskus ootab Sind!<\/strong><\/h3>\r\n<p><em>Pilet lasteetendusele koos J\u00e4\u00e4aja Keskuse k\u00fclastuse ja lisategevustega: <\/em><\/p>\r\n<p><em>19. - 24. jaanuar: 20 \u20ac<\/em><\/p>\r\n<p><em>Toimumisp\u00e4eval kohapeal: 22 \u20ac<\/em><\/p>\r\n<p><em>S\u00fclelapsed (0-3): TASUTA<\/em><\/p>\r\n<p>Pileti saad soetada siit:<\/p>\r\n<p><a href=\"https:\/\/fienta.com\/et\/jaaaja-joulupaev-etendus-kell-11\">Etendus kell 11<\/a><\/p>\r\n<p><a href=\"https:\/\/fienta.com\/et\/jaaaja-joulupaev-etendus-kell-159817\">Etendus kell 14<\/a><\/p>\r\n<p>&nbsp;<\/p>\r\n<\/div>\r\n<\/div>\r\n<\/div>\r\n<\/div>\r\n<\/div>\r\n<\/div>\r\n<\/div>\r\n<\/div>\r\n","protected":false},"excerpt":{"rendered":"Tule kogu perega veetma m\u00e4ngulist ja maagilist talvep\u00e4eva \u2013 majas ootavad seiklused nii pisemaid kui suuremaid avastajaid!&nbsp; P\u00fchap\u00e4ev, 25. jaanuar, kell 10-17 \ud83c\udfad Lasteetendus: PRINTSESS JA NARR S\u00fcdamlik ja humoorikas lugu Johannast (Printsessist) ja Narr Niklasest, kes satuvad seikluste keerisesse ja avastavad s\u00f5pruse t\u00f5elise j\u00f5u. Kell 11 ja 14 Kestus: 45 minutit ning sobilik alates&#8230; <a class=\"view-article\" href=\"https:\/\/jaaaeg.ee\/fi\/talvepaev\/\">Lue lis\u00e4\u00e4<\/a>","protected":false},"author":3,"featured_media":33299,"parent":0,"menu_order":4,"comment_status":"closed","ping_status":"closed","template":"","meta":{"_acf_changed":false,"ngg_post_thumbnail":0,"footnotes":""},"class_list":["post-33441","page","type-page","status-publish","has-post-thumbnail","hentry"],"acf":[],"yoast_head":"<!-- This site is optimized with the Yoast SEO plugin v27.5 - https:\/\/yoast.com\/product\/yoast-seo-wordpress\/ -->\n<title>J\u00e4\u00e4aja talvep\u00e4ev - J\u00e4\u00e4aja Keskus<\/title>\n<meta name=\"robots\" content=\"index, follow, max-snippet:-1, max-image-preview:large, max-video-preview:-1\" \/>\n<link rel=\"canonical\" href=\"https:\/\/jaaaeg.ee\/fi\/talvepaev\/\" \/>\n<meta property=\"og:locale\" content=\"fi_FI\" \/>\n<meta property=\"og:type\" content=\"article\" \/>\n<meta property=\"og:title\" content=\"J\u00e4\u00e4aja talvep\u00e4ev - J\u00e4\u00e4aja Keskus\" \/>\n<meta property=\"og:description\" content=\"Tule kogu perega veetma m\u00e4ngulist ja maagilist talvep\u00e4eva \u2013 majas ootavad seiklused nii pisemaid kui suuremaid avastajaid!&nbsp; P\u00fchap\u00e4ev, 25. jaanuar, kell 10-17 \ud83c\udfad Lasteetendus: PRINTSESS JA NARR S\u00fcdamlik ja humoorikas lugu Johannast (Printsessist) ja Narr Niklasest, kes satuvad seikluste keerisesse ja avastavad s\u00f5pruse t\u00f5elise j\u00f5u. Kell 11 ja 14 Kestus: 45 minutit ning sobilik alates... Lue lis\u00e4\u00e4\" \/>\n<meta property=\"og:url\" content=\"https:\/\/jaaaeg.ee\/fi\/talvepaev\/\" \/>\n<meta property=\"og:site_name\" content=\"J\u00e4\u00e4aja Keskus\" \/>\n<meta property=\"article:publisher\" content=\"https:\/\/www.facebook.com\/JaaajaKeskus\/\" \/>\n<meta property=\"article:modified_time\" content=\"2026-01-22T09:38:46+00:00\" \/>\n<meta property=\"og:image\" content=\"https:\/\/jaaaeg.ee\/wp-content\/uploads\/2025\/12\/Kodukal-talvepaev-2.png\" \/>\n\t<meta property=\"og:image:width\" content=\"1920\" \/>\n\t<meta property=\"og:image:height\" content=\"700\" \/>\n\t<meta property=\"og:image:type\" content=\"image\/png\" \/>\n<meta name=\"twitter:card\" content=\"summary_large_image\" \/>\n<meta name=\"twitter:label1\" content=\"Arvioitu lukuaika\" \/>\n\t<meta name=\"twitter:data1\" content=\"1 minuutti\" \/>\n<script type=\"application\/ld+json\" class=\"yoast-schema-graph\">{\"@context\":\"https:\\\/\\\/schema.org\",\"@graph\":[{\"@type\":\"WebPage\",\"@id\":\"https:\\\/\\\/jaaaeg.ee\\\/fi\\\/talvepaev\\\/\",\"url\":\"https:\\\/\\\/jaaaeg.ee\\\/fi\\\/talvepaev\\\/\",\"name\":\"J\u00e4\u00e4aja talvep\u00e4ev - J\u00e4\u00e4aja Keskus\",\"isPartOf\":{\"@id\":\"https:\\\/\\\/jaaaeg.ee\\\/ru\\\/#website\"},\"primaryImageOfPage\":{\"@id\":\"https:\\\/\\\/jaaaeg.ee\\\/fi\\\/talvepaev\\\/#primaryimage\"},\"image\":{\"@id\":\"https:\\\/\\\/jaaaeg.ee\\\/fi\\\/talvepaev\\\/#primaryimage\"},\"thumbnailUrl\":\"https:\\\/\\\/jaaaeg.ee\\\/wp-content\\\/uploads\\\/2025\\\/12\\\/Kodukal-talvepaev-2.png\",\"datePublished\":\"2025-12-05T08:48:12+00:00\",\"dateModified\":\"2026-01-22T09:38:46+00:00\",\"breadcrumb\":{\"@id\":\"https:\\\/\\\/jaaaeg.ee\\\/fi\\\/talvepaev\\\/#breadcrumb\"},\"inLanguage\":\"fi\",\"potentialAction\":[{\"@type\":\"ReadAction\",\"target\":[\"https:\\\/\\\/jaaaeg.ee\\\/fi\\\/talvepaev\\\/\"]}]},{\"@type\":\"ImageObject\",\"inLanguage\":\"fi\",\"@id\":\"https:\\\/\\\/jaaaeg.ee\\\/fi\\\/talvepaev\\\/#primaryimage\",\"url\":\"https:\\\/\\\/jaaaeg.ee\\\/wp-content\\\/uploads\\\/2025\\\/12\\\/Kodukal-talvepaev-2.png\",\"contentUrl\":\"https:\\\/\\\/jaaaeg.ee\\\/wp-content\\\/uploads\\\/2025\\\/12\\\/Kodukal-talvepaev-2.png\",\"width\":1920,\"height\":700,\"caption\":\"J\u00e4\u00e4aja talvep\u00e4ev\"},{\"@type\":\"BreadcrumbList\",\"@id\":\"https:\\\/\\\/jaaaeg.ee\\\/fi\\\/talvepaev\\\/#breadcrumb\",\"itemListElement\":[{\"@type\":\"ListItem\",\"position\":1,\"name\":\"Home\",\"item\":\"https:\\\/\\\/jaaaeg.ee\\\/fi\\\/\"},{\"@type\":\"ListItem\",\"position\":2,\"name\":\"J\u00e4\u00e4aja talvep\u00e4ev\"}]},{\"@type\":\"WebSite\",\"@id\":\"https:\\\/\\\/jaaaeg.ee\\\/ru\\\/#website\",\"url\":\"https:\\\/\\\/jaaaeg.ee\\\/ru\\\/\",\"name\":\"J\u00e4\u00e4aja Keskus\",\"description\":\"avastamisr\u00f5\u00f5m igas vanuses k\u00fclastajatele\",\"potentialAction\":[{\"@type\":\"SearchAction\",\"target\":{\"@type\":\"EntryPoint\",\"urlTemplate\":\"https:\\\/\\\/jaaaeg.ee\\\/ru\\\/?s={search_term_string}\"},\"query-input\":{\"@type\":\"PropertyValueSpecification\",\"valueRequired\":true,\"valueName\":\"search_term_string\"}}],\"inLanguage\":\"fi\"}]}<\/script>\n<!-- \/ Yoast SEO plugin. -->","yoast_head_json":{"title":"J\u00e4\u00e4aja talvep\u00e4ev - J\u00e4\u00e4aja Keskus","robots":{"index":"index","follow":"follow","max-snippet":"max-snippet:-1","max-image-preview":"max-image-preview:large","max-video-preview":"max-video-preview:-1"},"canonical":"https:\/\/jaaaeg.ee\/fi\/talvepaev\/","og_locale":"fi_FI","og_type":"article","og_title":"J\u00e4\u00e4aja talvep\u00e4ev - J\u00e4\u00e4aja Keskus","og_description":"Tule kogu perega veetma m\u00e4ngulist ja maagilist talvep\u00e4eva \u2013 majas ootavad seiklused nii pisemaid kui suuremaid avastajaid!&nbsp; P\u00fchap\u00e4ev, 25. jaanuar, kell 10-17 \ud83c\udfad Lasteetendus: PRINTSESS JA NARR S\u00fcdamlik ja humoorikas lugu Johannast (Printsessist) ja Narr Niklasest, kes satuvad seikluste keerisesse ja avastavad s\u00f5pruse t\u00f5elise j\u00f5u. Kell 11 ja 14 Kestus: 45 minutit ning sobilik alates... Lue lis\u00e4\u00e4","og_url":"https:\/\/jaaaeg.ee\/fi\/talvepaev\/","og_site_name":"J\u00e4\u00e4aja Keskus","article_publisher":"https:\/\/www.facebook.com\/JaaajaKeskus\/","article_modified_time":"2026-01-22T09:38:46+00:00","og_image":[{"width":1920,"height":700,"url":"https:\/\/jaaaeg.ee\/wp-content\/uploads\/2025\/12\/Kodukal-talvepaev-2.png","type":"image\/png"}],"twitter_card":"summary_large_image","twitter_misc":{"Arvioitu lukuaika":"1 minuutti"},"schema":{"@context":"https:\/\/schema.org","@graph":[{"@type":"WebPage","@id":"https:\/\/jaaaeg.ee\/fi\/talvepaev\/","url":"https:\/\/jaaaeg.ee\/fi\/talvepaev\/","name":"J\u00e4\u00e4aja talvep\u00e4ev - J\u00e4\u00e4aja Keskus","isPartOf":{"@id":"https:\/\/jaaaeg.ee\/ru\/#website"},"primaryImageOfPage":{"@id":"https:\/\/jaaaeg.ee\/fi\/talvepaev\/#primaryimage"},"image":{"@id":"https:\/\/jaaaeg.ee\/fi\/talvepaev\/#primaryimage"},"thumbnailUrl":"https:\/\/jaaaeg.ee\/wp-content\/uploads\/2025\/12\/Kodukal-talvepaev-2.png","datePublished":"2025-12-05T08:48:12+00:00","dateModified":"2026-01-22T09:38:46+00:00","breadcrumb":{"@id":"https:\/\/jaaaeg.ee\/fi\/talvepaev\/#breadcrumb"},"inLanguage":"fi","potentialAction":[{"@type":"ReadAction","target":["https:\/\/jaaaeg.ee\/fi\/talvepaev\/"]}]},{"@type":"ImageObject","inLanguage":"fi","@id":"https:\/\/jaaaeg.ee\/fi\/talvepaev\/#primaryimage","url":"https:\/\/jaaaeg.ee\/wp-content\/uploads\/2025\/12\/Kodukal-talvepaev-2.png","contentUrl":"https:\/\/jaaaeg.ee\/wp-content\/uploads\/2025\/12\/Kodukal-talvepaev-2.png","width":1920,"height":700,"caption":"J\u00e4\u00e4aja talvep\u00e4ev"},{"@type":"BreadcrumbList","@id":"https:\/\/jaaaeg.ee\/fi\/talvepaev\/#breadcrumb","itemListElement":[{"@type":"ListItem","position":1,"name":"Home","item":"https:\/\/jaaaeg.ee\/fi\/"},{"@type":"ListItem","position":2,"name":"J\u00e4\u00e4aja talvep\u00e4ev"}]},{"@type":"WebSite","@id":"https:\/\/jaaaeg.ee\/ru\/#website","url":"https:\/\/jaaaeg.ee\/ru\/","name":"J\u00e4\u00e4aja Keskus","description":"avastamisr\u00f5\u00f5m igas vanuses k\u00fclastajatele","potentialAction":[{"@type":"SearchAction","target":{"@type":"EntryPoint","urlTemplate":"https:\/\/jaaaeg.ee\/ru\/?s={search_term_string}"},"query-input":{"@type":"PropertyValueSpecification","valueRequired":true,"valueName":"search_term_string"}}],"inLanguage":"fi"}]}},"_links":{"self":[{"href":"https:\/\/jaaaeg.ee\/fi\/wp-json\/wp\/v2\/pages\/33441","targetHints":{"allow":["GET"]}}],"collection":[{"href":"https:\/\/jaaaeg.ee\/fi\/wp-json\/wp\/v2\/pages"}],"about":[{"href":"https:\/\/jaaaeg.ee\/fi\/wp-json\/wp\/v2\/types\/page"}],"author":[{"embeddable":true,"href":"https:\/\/jaaaeg.ee\/fi\/wp-json\/wp\/v2\/users\/3"}],"replies":[{"embeddable":true,"href":"https:\/\/jaaaeg.ee\/fi\/wp-json\/wp\/v2\/comments?post=33441"}],"version-history":[{"count":2,"href":"https:\/\/jaaaeg.ee\/fi\/wp-json\/wp\/v2\/pages\/33441\/revisions"}],"predecessor-version":[{"id":33458,"href":"https:\/\/jaaaeg.ee\/fi\/wp-json\/wp\/v2\/pages\/33441\/revisions\/33458"}],"wp:featuredmedia":[{"embeddable":true,"href":"https:\/\/jaaaeg.ee\/fi\/wp-json\/wp\/v2\/media\/33299"}],"wp:attachment":[{"href":"https:\/\/jaaaeg.ee\/fi\/wp-json\/wp\/v2\/media?parent=33441"}],"curies":[{"name":"wp","href":"https:\/\/api.w.org\/{rel}","templated":true}]}}