{"id":30589,"date":"2024-02-14T14:02:22","date_gmt":"2024-02-14T12:02:22","guid":{"rendered":"https:\/\/jaaaeg.ee\/naitused\/demokeskus\/"},"modified":"2025-06-12T18:39:06","modified_gmt":"2025-06-12T15:39:06","slug":"taastuvenergia-nihutab-piire","status":"publish","type":"page","link":"https:\/\/jaaaeg.ee\/fi\/naitused\/taastuvenergia-nihutab-piire\/","title":{"rendered":"NEW EXHIBITION: Renewable energy"},"content":{"rendered":"<div class=\"vce-row-container\" data-vce-boxed-width=\"true\"><div class=\"vce-row vce-row--col-gap-30 vce-row-equal-height vce-row-content--top\" id=\"el-ca26cbd2\" data-vce-do-apply=\"all el-ca26cbd2\"><div class=\"vce-row-content\" data-vce-element-content=\"true\"><div class=\"vce-col vce-col--md-auto vce-col--xs-1 vce-col--xs-last vce-col--xs-first vce-col--sm-last vce-col--sm-first vce-col--md-last vce-col--lg-last vce-col--xl-last vce-col--md-first vce-col--lg-first vce-col--xl-first\" id=\"el-66ccd6e0\"><div class=\"vce-col-inner\" data-vce-do-apply=\"border margin background  el-66ccd6e0\"><div class=\"vce-col-content\" data-vce-element-content=\"true\" data-vce-do-apply=\"padding el-66ccd6e0\"><div class=\"vce-image-gallery vce-image-gallery--gap-10 vce-image-gallery--columns-3\"><div class=\"vce-image-gallery-wrapper vce\" id=\"el-0e822344\" data-vce-do-apply=\"all el-0e822344\"><div class=\"vce-image-gallery-list\"><div class=\"vce-image-gallery-item\"><figure class=\"vce-image-gallery-item-inner-wrapper\"><a href=\"https:\/\/jaaaeg.ee\/wp-content\/uploads\/2025\/06\/2025-05_jaaaja-keskuse-uus-naitus_foto-timo-arbeiter-artimo.ee-56.jpg\" data-lightbox=\"lightbox-0e822344\" class=\"vce-image-gallery-item-inner thickbox\"><img decoding=\"async\" class=\"vce-image-gallery-img\" src=\"https:\/\/jaaaeg.ee\/wp-content\/uploads\/2025\/06\/2025-05_jaaaja-keskuse-uus-naitus_foto-timo-arbeiter-artimo.ee-56-700x467.jpg\" alt=\"\" title=\"2025-05_j\u00e4\u00e4aja-keskuse-uus-n\u00e4itus_foto-timo-arbeiter-artimo.ee-56\"><\/a><\/figure><\/div><div class=\"vce-image-gallery-item\"><figure class=\"vce-image-gallery-item-inner-wrapper\"><a href=\"https:\/\/jaaaeg.ee\/wp-content\/uploads\/2025\/06\/2025-05_jaaaja-keskuse-uus-naitus_foto-timo-arbeiter-artimo.ee-51.jpg\" data-lightbox=\"lightbox-0e822344\" class=\"vce-image-gallery-item-inner thickbox\"><img decoding=\"async\" class=\"vce-image-gallery-img\" src=\"https:\/\/jaaaeg.ee\/wp-content\/uploads\/2025\/06\/2025-05_jaaaja-keskuse-uus-naitus_foto-timo-arbeiter-artimo.ee-51-700x467.jpg\" alt=\"\" title=\"2025-05_j\u00e4\u00e4aja-keskuse-uus-n\u00e4itus_foto-timo-arbeiter-artimo.ee-51\"><\/a><\/figure><\/div><div class=\"vce-image-gallery-item\"><figure class=\"vce-image-gallery-item-inner-wrapper\"><a href=\"https:\/\/jaaaeg.ee\/wp-content\/uploads\/2025\/06\/2025-05_jaaaja-keskuse-uus-naitus_foto-timo-arbeiter-artimo.ee-49.jpg\" data-lightbox=\"lightbox-0e822344\" class=\"vce-image-gallery-item-inner thickbox\"><img decoding=\"async\" class=\"vce-image-gallery-img\" src=\"https:\/\/jaaaeg.ee\/wp-content\/uploads\/2025\/06\/2025-05_jaaaja-keskuse-uus-naitus_foto-timo-arbeiter-artimo.ee-49-700x467.jpg\" alt=\"\" title=\"2025-05_j\u00e4\u00e4aja-keskuse-uus-n\u00e4itus_foto-timo-arbeiter-artimo.ee-49\"><\/a><\/figure><\/div><div class=\"vce-image-gallery-item\"><figure class=\"vce-image-gallery-item-inner-wrapper\"><a href=\"https:\/\/jaaaeg.ee\/wp-content\/uploads\/2025\/06\/2025-05_jaaaja-keskuse-uus-naitus_foto-timo-arbeiter-artimo.ee-35.jpg\" data-lightbox=\"lightbox-0e822344\" class=\"vce-image-gallery-item-inner thickbox\"><img decoding=\"async\" class=\"vce-image-gallery-img\" src=\"https:\/\/jaaaeg.ee\/wp-content\/uploads\/2025\/06\/2025-05_jaaaja-keskuse-uus-naitus_foto-timo-arbeiter-artimo.ee-35-700x467.jpg\" alt=\"\" title=\"2025-05_j\u00e4\u00e4aja-keskuse-uus-n\u00e4itus_foto-timo-arbeiter-artimo.ee-35\"><\/a><\/figure><\/div><div class=\"vce-image-gallery-item\"><figure class=\"vce-image-gallery-item-inner-wrapper\"><a href=\"https:\/\/jaaaeg.ee\/wp-content\/uploads\/2025\/06\/2025-05_jaaaja-keskuse-uus-naitus_foto-timo-arbeiter-artimo.ee-89.jpg\" data-lightbox=\"lightbox-0e822344\" class=\"vce-image-gallery-item-inner thickbox\"><img decoding=\"async\" class=\"vce-image-gallery-img\" src=\"https:\/\/jaaaeg.ee\/wp-content\/uploads\/2025\/06\/2025-05_jaaaja-keskuse-uus-naitus_foto-timo-arbeiter-artimo.ee-89-700x467.jpg\" alt=\"\" title=\"2025-05_j\u00e4\u00e4aja-keskuse-uus-n\u00e4itus_foto-timo-arbeiter-artimo.ee-89\"><\/a><\/figure><\/div><div class=\"vce-image-gallery-item\"><figure class=\"vce-image-gallery-item-inner-wrapper\"><a href=\"https:\/\/jaaaeg.ee\/wp-content\/uploads\/2025\/06\/2025-05_jaaaja-keskuse-uus-naitus_foto-timo-arbeiter-artimo.ee-58.jpg\" data-lightbox=\"lightbox-0e822344\" class=\"vce-image-gallery-item-inner thickbox\"><img decoding=\"async\" class=\"vce-image-gallery-img\" src=\"https:\/\/jaaaeg.ee\/wp-content\/uploads\/2025\/06\/2025-05_jaaaja-keskuse-uus-naitus_foto-timo-arbeiter-artimo.ee-58-700x467.jpg\" alt=\"uus p\u00fcsin\u00e4itus j\u00e4\u00e4aja keskus\" title=\"2025-05_j\u00e4\u00e4aja-keskuse-uus-n\u00e4itus_foto-timo-arbeiter-artimo.ee-58\"><\/a><\/figure><\/div><\/div><\/div><\/div><div class=\"vce-text-block\"><div class=\"vce-text-block-wrapper vce\" id=\"el-be2a2153\" data-vce-do-apply=\"all el-be2a2153\"><h3 data-start=\"126\" data-end=\"227\">\ud83c\udf31 <strong data-start=\"133\" data-end=\"227\">New Permanent Exhibition \u201cRenewable Energy Pushes Boundaries\u201d Opened at the Ice Age Centre<\/strong><\/h3><p data-start=\"229\" data-end=\"552\">Ice Age Centre opened its new permanent exhibition <strong data-start=\"299\" data-end=\"339\">\u201cRenewable Energy Pushes Boundaries\u201d<\/strong>, taking visitors on a journey through the world of energy \u2013 from the past to the future. The exhibition focuses on the opportunities of renewable energy, its environmental impacts, and technological developments.<\/p><p data-start=\"554\" data-end=\"879\">The opening was attended by representatives from the fields of education and science, renewable energy experts, exhibition creators, and partners. The event was opened by <strong data-start=\"725\" data-end=\"740\">Sigrid Sepp<\/strong>, director of the Ice Age Centre, who highlighted that this is the <strong data-start=\"807\" data-end=\"878\">largest upgrade to the Centre\u2019s permanent exhibition in its history<\/strong>:<\/p><blockquote data-start=\"881\" data-end=\"1286\"><h3 data-start=\"883\" data-end=\"1286\">\u201cA new, engaging hands-on experience was created for a topic that previously had only a minimal presence in our exhibition \u2013 renewable energy. Here, visitors can explore and test different uses of renewable energy through interactive activities. At the same time, we don't shy away from showing the challenges \u2013 we openly discuss why the world hasn't yet fully transitioned to renewable energy sources.\u201d<\/h3><\/blockquote><p data-start=\"1288\" data-end=\"1607\">The <strong data-start=\"1292\" data-end=\"1318\">interactive exhibition<\/strong> introduces how solar, wind, water, and bioenergy work and offers engaging content for both young visitors and environmentally conscious adults. Guests can try out energy production, compare the efficiency of different energy sources, and understand their role in combating climate change.<\/p><p data-start=\"1609\" data-end=\"1666\"><strong data-start=\"1609\" data-end=\"1623\">Kaupo Mets<\/strong>, project manager of the exhibition, added:<\/p><blockquote data-start=\"1668\" data-end=\"1855\"><h3 data-start=\"1670\" data-end=\"1855\">\u201cWe wanted to create an environment where visitors feel they truly have the power to make a difference. Renewable energy is no longer the distant future \u2013 it\u2019s already around us today.\u201d<\/h3><\/blockquote><p data-start=\"1973\" data-end=\"2236\">The permanent exhibition was developed in cooperation with <strong data-start=\"2032\" data-end=\"2065\">Tartu Municipality Government<\/strong> and the <strong data-start=\"2074\" data-end=\"2104\">Tartu Region Energy Agency<\/strong>, and was funded by the <strong data-start=\"2128\" data-end=\"2159\">State Shared Service Centre<\/strong> under the programme <em data-start=\"2180\" data-end=\"2235\">\u201cAttractive Regional Business and Living Environment\u201d<\/em>.<\/p><p data-start=\"2238\" data-end=\"2269\"><a href=\"https:\/\/artimo.ee\/\" target=\"_blank\" rel=\"noopener\">\ud83d\udcf8 <strong data-start=\"2241\" data-end=\"2255\">Photos by:<\/strong> Timo Arbeiter<\/a><\/p><p><a href=\"https:\/\/jaaaeg.ee\/wp-content\/uploads\/2025\/04\/IMG_7298.heic\"><img decoding=\"async\" class=\"alignnone size-full wp-image-31063\" title=\"IMG_7298\" src=\"https:\/\/jaaaeg.ee\/wp-content\/uploads\/2025\/04\/IMG_7298.heic\" alt=\"\"><\/a><\/p><\/div><\/div><\/div><\/div><\/div><\/div><\/div><\/div>\n","protected":false},"excerpt":{"rendered":"\ud83c\udf31 New Permanent Exhibition \u201cRenewable Energy Pushes Boundaries\u201d Opened at the Ice Age CentreIce Age Centre opened its new permanent exhibition \u201cRenewable Energy Pushes Boundaries\u201d, taking visitors on a journey through the world of energy \u2013 from the past to the future. The exhibition focuses on the opportunities of renewable energy, its environmental impacts, and&#8230; <a class=\"view-article\" href=\"https:\/\/jaaaeg.ee\/fi\/naitused\/taastuvenergia-nihutab-piire\/\">Lue lis\u00e4\u00e4<\/a>","protected":false},"author":1,"featured_media":31046,"parent":26837,"menu_order":9,"comment_status":"closed","ping_status":"closed","template":"template-sidebar.php","meta":{"_acf_changed":false,"ngg_post_thumbnail":0,"footnotes":""},"class_list":["post-30589","page","type-page","status-publish","has-post-thumbnail","hentry"],"acf":[],"yoast_head":"<!-- This site is optimized with the Yoast SEO plugin v27.3 - https:\/\/yoast.com\/product\/yoast-seo-wordpress\/ -->\n<title>NEW EXHIBITION: Renewable energy - J\u00e4\u00e4aja Keskus<\/title>\n<meta name=\"robots\" content=\"index, follow, max-snippet:-1, max-image-preview:large, max-video-preview:-1\" \/>\n<link rel=\"canonical\" href=\"https:\/\/jaaaeg.ee\/fi\/naitused\/taastuvenergia-nihutab-piire\/\" \/>\n<meta property=\"og:locale\" content=\"fi_FI\" \/>\n<meta property=\"og:type\" content=\"article\" \/>\n<meta property=\"og:title\" content=\"NEW EXHIBITION: Renewable energy - J\u00e4\u00e4aja Keskus\" \/>\n<meta property=\"og:description\" content=\"\ud83c\udf31 New Permanent Exhibition \u201cRenewable Energy Pushes Boundaries\u201d Opened at the Ice Age CentreIce Age Centre opened its new permanent exhibition \u201cRenewable Energy Pushes Boundaries\u201d, taking visitors on a journey through the world of energy \u2013 from the past to the future. The exhibition focuses on the opportunities of renewable energy, its environmental impacts, and... Lue lis\u00e4\u00e4\" \/>\n<meta property=\"og:url\" content=\"https:\/\/jaaaeg.ee\/fi\/naitused\/taastuvenergia-nihutab-piire\/\" \/>\n<meta property=\"og:site_name\" content=\"J\u00e4\u00e4aja Keskus\" \/>\n<meta property=\"article:publisher\" content=\"https:\/\/www.facebook.com\/JaaajaKeskus\/\" \/>\n<meta property=\"article:modified_time\" content=\"2025-06-12T15:39:06+00:00\" \/>\n<meta property=\"og:image\" content=\"https:\/\/jaaaeg.ee\/wp-content\/uploads\/2025\/04\/JAAAJAKESKUS-01.05.2025-3-700x394.png\" \/>\n\t<meta property=\"og:image:width\" content=\"700\" \/>\n\t<meta property=\"og:image:height\" content=\"394\" \/>\n\t<meta property=\"og:image:type\" content=\"image\/png\" \/>\n<meta name=\"twitter:card\" content=\"summary_large_image\" \/>\n<meta name=\"twitter:label1\" content=\"Arvioitu lukuaika\" \/>\n\t<meta name=\"twitter:data1\" content=\"3 minuuttia\" \/>\n<script type=\"application\/ld+json\" class=\"yoast-schema-graph\">{\"@context\":\"https:\\\/\\\/schema.org\",\"@graph\":[{\"@type\":\"WebPage\",\"@id\":\"https:\\\/\\\/jaaaeg.ee\\\/fi\\\/naitused\\\/taastuvenergia-nihutab-piire\\\/\",\"url\":\"https:\\\/\\\/jaaaeg.ee\\\/fi\\\/naitused\\\/taastuvenergia-nihutab-piire\\\/\",\"name\":\"NEW EXHIBITION: Renewable energy - J\u00e4\u00e4aja Keskus\",\"isPartOf\":{\"@id\":\"https:\\\/\\\/jaaaeg.ee\\\/ru\\\/#website\"},\"primaryImageOfPage\":{\"@id\":\"https:\\\/\\\/jaaaeg.ee\\\/fi\\\/naitused\\\/taastuvenergia-nihutab-piire\\\/#primaryimage\"},\"image\":{\"@id\":\"https:\\\/\\\/jaaaeg.ee\\\/fi\\\/naitused\\\/taastuvenergia-nihutab-piire\\\/#primaryimage\"},\"thumbnailUrl\":\"https:\\\/\\\/jaaaeg.ee\\\/wp-content\\\/uploads\\\/2025\\\/04\\\/JAAAJAKESKUS-01.05.2025-3.png\",\"datePublished\":\"2024-02-14T12:02:22+00:00\",\"dateModified\":\"2025-06-12T15:39:06+00:00\",\"breadcrumb\":{\"@id\":\"https:\\\/\\\/jaaaeg.ee\\\/fi\\\/naitused\\\/taastuvenergia-nihutab-piire\\\/#breadcrumb\"},\"inLanguage\":\"fi\",\"potentialAction\":[{\"@type\":\"ReadAction\",\"target\":[\"https:\\\/\\\/jaaaeg.ee\\\/fi\\\/naitused\\\/taastuvenergia-nihutab-piire\\\/\"]}]},{\"@type\":\"ImageObject\",\"inLanguage\":\"fi\",\"@id\":\"https:\\\/\\\/jaaaeg.ee\\\/fi\\\/naitused\\\/taastuvenergia-nihutab-piire\\\/#primaryimage\",\"url\":\"https:\\\/\\\/jaaaeg.ee\\\/wp-content\\\/uploads\\\/2025\\\/04\\\/JAAAJAKESKUS-01.05.2025-3.png\",\"contentUrl\":\"https:\\\/\\\/jaaaeg.ee\\\/wp-content\\\/uploads\\\/2025\\\/04\\\/JAAAJAKESKUS-01.05.2025-3.png\",\"width\":1920,\"height\":1080},{\"@type\":\"BreadcrumbList\",\"@id\":\"https:\\\/\\\/jaaaeg.ee\\\/fi\\\/naitused\\\/taastuvenergia-nihutab-piire\\\/#breadcrumb\",\"itemListElement\":[{\"@type\":\"ListItem\",\"position\":1,\"name\":\"Home\",\"item\":\"https:\\\/\\\/jaaaeg.ee\\\/fi\\\/\"},{\"@type\":\"ListItem\",\"position\":2,\"name\":\"N\u00e4yttelyt\",\"item\":\"https:\\\/\\\/jaaaeg.ee\\\/fi\\\/naitused\\\/\"},{\"@type\":\"ListItem\",\"position\":3,\"name\":\"NEW EXHIBITION: Renewable energy\"}]},{\"@type\":\"WebSite\",\"@id\":\"https:\\\/\\\/jaaaeg.ee\\\/ru\\\/#website\",\"url\":\"https:\\\/\\\/jaaaeg.ee\\\/ru\\\/\",\"name\":\"J\u00e4\u00e4aja Keskus\",\"description\":\"avastamisr\u00f5\u00f5m igas vanuses k\u00fclastajatele\",\"potentialAction\":[{\"@type\":\"SearchAction\",\"target\":{\"@type\":\"EntryPoint\",\"urlTemplate\":\"https:\\\/\\\/jaaaeg.ee\\\/ru\\\/?s={search_term_string}\"},\"query-input\":{\"@type\":\"PropertyValueSpecification\",\"valueRequired\":true,\"valueName\":\"search_term_string\"}}],\"inLanguage\":\"fi\"}]}<\/script>\n<!-- \/ Yoast SEO plugin. -->","yoast_head_json":{"title":"NEW EXHIBITION: Renewable energy - J\u00e4\u00e4aja Keskus","robots":{"index":"index","follow":"follow","max-snippet":"max-snippet:-1","max-image-preview":"max-image-preview:large","max-video-preview":"max-video-preview:-1"},"canonical":"https:\/\/jaaaeg.ee\/fi\/naitused\/taastuvenergia-nihutab-piire\/","og_locale":"fi_FI","og_type":"article","og_title":"NEW EXHIBITION: Renewable energy - J\u00e4\u00e4aja Keskus","og_description":"\ud83c\udf31 New Permanent Exhibition \u201cRenewable Energy Pushes Boundaries\u201d Opened at the Ice Age CentreIce Age Centre opened its new permanent exhibition \u201cRenewable Energy Pushes Boundaries\u201d, taking visitors on a journey through the world of energy \u2013 from the past to the future. The exhibition focuses on the opportunities of renewable energy, its environmental impacts, and... Lue lis\u00e4\u00e4","og_url":"https:\/\/jaaaeg.ee\/fi\/naitused\/taastuvenergia-nihutab-piire\/","og_site_name":"J\u00e4\u00e4aja Keskus","article_publisher":"https:\/\/www.facebook.com\/JaaajaKeskus\/","article_modified_time":"2025-06-12T15:39:06+00:00","og_image":[{"width":700,"height":394,"url":"https:\/\/jaaaeg.ee\/wp-content\/uploads\/2025\/04\/JAAAJAKESKUS-01.05.2025-3-700x394.png","type":"image\/png"}],"twitter_card":"summary_large_image","twitter_misc":{"Arvioitu lukuaika":"3 minuuttia"},"schema":{"@context":"https:\/\/schema.org","@graph":[{"@type":"WebPage","@id":"https:\/\/jaaaeg.ee\/fi\/naitused\/taastuvenergia-nihutab-piire\/","url":"https:\/\/jaaaeg.ee\/fi\/naitused\/taastuvenergia-nihutab-piire\/","name":"NEW EXHIBITION: Renewable energy - J\u00e4\u00e4aja Keskus","isPartOf":{"@id":"https:\/\/jaaaeg.ee\/ru\/#website"},"primaryImageOfPage":{"@id":"https:\/\/jaaaeg.ee\/fi\/naitused\/taastuvenergia-nihutab-piire\/#primaryimage"},"image":{"@id":"https:\/\/jaaaeg.ee\/fi\/naitused\/taastuvenergia-nihutab-piire\/#primaryimage"},"thumbnailUrl":"https:\/\/jaaaeg.ee\/wp-content\/uploads\/2025\/04\/JAAAJAKESKUS-01.05.2025-3.png","datePublished":"2024-02-14T12:02:22+00:00","dateModified":"2025-06-12T15:39:06+00:00","breadcrumb":{"@id":"https:\/\/jaaaeg.ee\/fi\/naitused\/taastuvenergia-nihutab-piire\/#breadcrumb"},"inLanguage":"fi","potentialAction":[{"@type":"ReadAction","target":["https:\/\/jaaaeg.ee\/fi\/naitused\/taastuvenergia-nihutab-piire\/"]}]},{"@type":"ImageObject","inLanguage":"fi","@id":"https:\/\/jaaaeg.ee\/fi\/naitused\/taastuvenergia-nihutab-piire\/#primaryimage","url":"https:\/\/jaaaeg.ee\/wp-content\/uploads\/2025\/04\/JAAAJAKESKUS-01.05.2025-3.png","contentUrl":"https:\/\/jaaaeg.ee\/wp-content\/uploads\/2025\/04\/JAAAJAKESKUS-01.05.2025-3.png","width":1920,"height":1080},{"@type":"BreadcrumbList","@id":"https:\/\/jaaaeg.ee\/fi\/naitused\/taastuvenergia-nihutab-piire\/#breadcrumb","itemListElement":[{"@type":"ListItem","position":1,"name":"Home","item":"https:\/\/jaaaeg.ee\/fi\/"},{"@type":"ListItem","position":2,"name":"N\u00e4yttelyt","item":"https:\/\/jaaaeg.ee\/fi\/naitused\/"},{"@type":"ListItem","position":3,"name":"NEW EXHIBITION: Renewable energy"}]},{"@type":"WebSite","@id":"https:\/\/jaaaeg.ee\/ru\/#website","url":"https:\/\/jaaaeg.ee\/ru\/","name":"J\u00e4\u00e4aja Keskus","description":"avastamisr\u00f5\u00f5m igas vanuses k\u00fclastajatele","potentialAction":[{"@type":"SearchAction","target":{"@type":"EntryPoint","urlTemplate":"https:\/\/jaaaeg.ee\/ru\/?s={search_term_string}"},"query-input":{"@type":"PropertyValueSpecification","valueRequired":true,"valueName":"search_term_string"}}],"inLanguage":"fi"}]}},"_links":{"self":[{"href":"https:\/\/jaaaeg.ee\/fi\/wp-json\/wp\/v2\/pages\/30589","targetHints":{"allow":["GET"]}}],"collection":[{"href":"https:\/\/jaaaeg.ee\/fi\/wp-json\/wp\/v2\/pages"}],"about":[{"href":"https:\/\/jaaaeg.ee\/fi\/wp-json\/wp\/v2\/types\/page"}],"author":[{"embeddable":true,"href":"https:\/\/jaaaeg.ee\/fi\/wp-json\/wp\/v2\/users\/1"}],"replies":[{"embeddable":true,"href":"https:\/\/jaaaeg.ee\/fi\/wp-json\/wp\/v2\/comments?post=30589"}],"version-history":[{"count":15,"href":"https:\/\/jaaaeg.ee\/fi\/wp-json\/wp\/v2\/pages\/30589\/revisions"}],"predecessor-version":[{"id":31525,"href":"https:\/\/jaaaeg.ee\/fi\/wp-json\/wp\/v2\/pages\/30589\/revisions\/31525"}],"up":[{"embeddable":true,"href":"https:\/\/jaaaeg.ee\/fi\/wp-json\/wp\/v2\/pages\/26837"}],"wp:featuredmedia":[{"embeddable":true,"href":"https:\/\/jaaaeg.ee\/fi\/wp-json\/wp\/v2\/media\/31046"}],"wp:attachment":[{"href":"https:\/\/jaaaeg.ee\/fi\/wp-json\/wp\/v2\/media?parent=30589"}],"curies":[{"name":"wp","href":"https:\/\/api.w.org\/{rel}","templated":true}]}}