{"id":25022,"date":"2023-11-29T14:26:34","date_gmt":"2023-11-29T12:26:34","guid":{"rendered":"https:\/\/jaaaeg.ee\/audiogiidid\/15-ka-sina-saad-loodusele-head-teha\/"},"modified":"2023-11-29T14:26:34","modified_gmt":"2023-11-29T12:26:34","slug":"15-ka-sina-saad-loodusele-head-teha","status":"publish","type":"page","link":"https:\/\/jaaaeg.ee\/fi\/audiogiidid\/15-ka-sina-saad-loodusele-head-teha\/","title":{"rendered":"15. Ka sina saad loodusele head teha!"},"content":{"rendered":"<audio class=\"wp-audio-shortcode\" id=\"audio-25022-1\" preload=\"none\" style=\"width: 100%;\" controls=\"controls\"><source type=\"audio\/wav\" src=\"https:\/\/jaaaeg.ee\/wp-content\/uploads\/2023\/11\/15.Ka-sina-saad-loodusele-head-teha.wav?_=1\" \/><a href=\"https:\/\/jaaaeg.ee\/wp-content\/uploads\/2023\/11\/15.Ka-sina-saad-loodusele-head-teha.wav\">https:\/\/jaaaeg.ee\/wp-content\/uploads\/2023\/11\/15.Ka-sina-saad-loodusele-head-teha.wav<\/a><\/audio>\n","protected":false},"excerpt":{"rendered":"","protected":false},"author":1,"featured_media":0,"parent":24133,"menu_order":58,"comment_status":"closed","ping_status":"closed","template":"","meta":{"_acf_changed":false,"ngg_post_thumbnail":0,"footnotes":""},"class_list":["post-25022","page","type-page","status-publish","hentry"],"acf":[],"yoast_head":"<!-- This site is optimized with the Yoast SEO plugin v27.3 - https:\/\/yoast.com\/product\/yoast-seo-wordpress\/ -->\n<title>15. Ka sina saad loodusele head teha! - J\u00e4\u00e4aja Keskus<\/title>\n<meta name=\"robots\" content=\"index, follow, max-snippet:-1, max-image-preview:large, max-video-preview:-1\" \/>\n<link rel=\"canonical\" href=\"https:\/\/jaaaeg.ee\/fi\/audiogiidid\/15-ka-sina-saad-loodusele-head-teha\/\" \/>\n<meta property=\"og:locale\" content=\"fi_FI\" \/>\n<meta property=\"og:type\" content=\"article\" \/>\n<meta property=\"og:title\" content=\"15. Ka sina saad loodusele head teha! - J\u00e4\u00e4aja Keskus\" \/>\n<meta property=\"og:url\" content=\"https:\/\/jaaaeg.ee\/fi\/audiogiidid\/15-ka-sina-saad-loodusele-head-teha\/\" \/>\n<meta property=\"og:site_name\" content=\"J\u00e4\u00e4aja Keskus\" \/>\n<meta property=\"article:publisher\" content=\"https:\/\/www.facebook.com\/JaaajaKeskus\/\" \/>\n<meta name=\"twitter:card\" content=\"summary_large_image\" \/>\n<script type=\"application\/ld+json\" class=\"yoast-schema-graph\">{\"@context\":\"https:\\\/\\\/schema.org\",\"@graph\":[{\"@type\":\"WebPage\",\"@id\":\"https:\\\/\\\/jaaaeg.ee\\\/fi\\\/audiogiidid\\\/15-ka-sina-saad-loodusele-head-teha\\\/\",\"url\":\"https:\\\/\\\/jaaaeg.ee\\\/fi\\\/audiogiidid\\\/15-ka-sina-saad-loodusele-head-teha\\\/\",\"name\":\"15. Ka sina saad loodusele head teha! - J\u00e4\u00e4aja Keskus\",\"isPartOf\":{\"@id\":\"https:\\\/\\\/jaaaeg.ee\\\/ru\\\/#website\"},\"datePublished\":\"2023-11-29T12:26:34+00:00\",\"breadcrumb\":{\"@id\":\"https:\\\/\\\/jaaaeg.ee\\\/fi\\\/audiogiidid\\\/15-ka-sina-saad-loodusele-head-teha\\\/#breadcrumb\"},\"inLanguage\":\"fi\",\"potentialAction\":[{\"@type\":\"ReadAction\",\"target\":[\"https:\\\/\\\/jaaaeg.ee\\\/fi\\\/audiogiidid\\\/15-ka-sina-saad-loodusele-head-teha\\\/\"]}]},{\"@type\":\"BreadcrumbList\",\"@id\":\"https:\\\/\\\/jaaaeg.ee\\\/fi\\\/audiogiidid\\\/15-ka-sina-saad-loodusele-head-teha\\\/#breadcrumb\",\"itemListElement\":[{\"@type\":\"ListItem\",\"position\":1,\"name\":\"Home\",\"item\":\"https:\\\/\\\/jaaaeg.ee\\\/fi\\\/\"},{\"@type\":\"ListItem\",\"position\":2,\"name\":\"\u00c4\u00e4niopas\",\"item\":\"https:\\\/\\\/jaaaeg.ee\\\/fi\\\/audiogiidid\\\/\"},{\"@type\":\"ListItem\",\"position\":3,\"name\":\"15. Ka sina saad loodusele head teha!\"}]},{\"@type\":\"WebSite\",\"@id\":\"https:\\\/\\\/jaaaeg.ee\\\/ru\\\/#website\",\"url\":\"https:\\\/\\\/jaaaeg.ee\\\/ru\\\/\",\"name\":\"J\u00e4\u00e4aja Keskus\",\"description\":\"avastamisr\u00f5\u00f5m igas vanuses k\u00fclastajatele\",\"potentialAction\":[{\"@type\":\"SearchAction\",\"target\":{\"@type\":\"EntryPoint\",\"urlTemplate\":\"https:\\\/\\\/jaaaeg.ee\\\/ru\\\/?s={search_term_string}\"},\"query-input\":{\"@type\":\"PropertyValueSpecification\",\"valueRequired\":true,\"valueName\":\"search_term_string\"}}],\"inLanguage\":\"fi\"}]}<\/script>\n<!-- \/ Yoast SEO plugin. -->","yoast_head_json":{"title":"15. Ka sina saad loodusele head teha! - J\u00e4\u00e4aja Keskus","robots":{"index":"index","follow":"follow","max-snippet":"max-snippet:-1","max-image-preview":"max-image-preview:large","max-video-preview":"max-video-preview:-1"},"canonical":"https:\/\/jaaaeg.ee\/fi\/audiogiidid\/15-ka-sina-saad-loodusele-head-teha\/","og_locale":"fi_FI","og_type":"article","og_title":"15. Ka sina saad loodusele head teha! - J\u00e4\u00e4aja Keskus","og_url":"https:\/\/jaaaeg.ee\/fi\/audiogiidid\/15-ka-sina-saad-loodusele-head-teha\/","og_site_name":"J\u00e4\u00e4aja Keskus","article_publisher":"https:\/\/www.facebook.com\/JaaajaKeskus\/","twitter_card":"summary_large_image","schema":{"@context":"https:\/\/schema.org","@graph":[{"@type":"WebPage","@id":"https:\/\/jaaaeg.ee\/fi\/audiogiidid\/15-ka-sina-saad-loodusele-head-teha\/","url":"https:\/\/jaaaeg.ee\/fi\/audiogiidid\/15-ka-sina-saad-loodusele-head-teha\/","name":"15. Ka sina saad loodusele head teha! - J\u00e4\u00e4aja Keskus","isPartOf":{"@id":"https:\/\/jaaaeg.ee\/ru\/#website"},"datePublished":"2023-11-29T12:26:34+00:00","breadcrumb":{"@id":"https:\/\/jaaaeg.ee\/fi\/audiogiidid\/15-ka-sina-saad-loodusele-head-teha\/#breadcrumb"},"inLanguage":"fi","potentialAction":[{"@type":"ReadAction","target":["https:\/\/jaaaeg.ee\/fi\/audiogiidid\/15-ka-sina-saad-loodusele-head-teha\/"]}]},{"@type":"BreadcrumbList","@id":"https:\/\/jaaaeg.ee\/fi\/audiogiidid\/15-ka-sina-saad-loodusele-head-teha\/#breadcrumb","itemListElement":[{"@type":"ListItem","position":1,"name":"Home","item":"https:\/\/jaaaeg.ee\/fi\/"},{"@type":"ListItem","position":2,"name":"\u00c4\u00e4niopas","item":"https:\/\/jaaaeg.ee\/fi\/audiogiidid\/"},{"@type":"ListItem","position":3,"name":"15. Ka sina saad loodusele head teha!"}]},{"@type":"WebSite","@id":"https:\/\/jaaaeg.ee\/ru\/#website","url":"https:\/\/jaaaeg.ee\/ru\/","name":"J\u00e4\u00e4aja Keskus","description":"avastamisr\u00f5\u00f5m igas vanuses k\u00fclastajatele","potentialAction":[{"@type":"SearchAction","target":{"@type":"EntryPoint","urlTemplate":"https:\/\/jaaaeg.ee\/ru\/?s={search_term_string}"},"query-input":{"@type":"PropertyValueSpecification","valueRequired":true,"valueName":"search_term_string"}}],"inLanguage":"fi"}]}},"_links":{"self":[{"href":"https:\/\/jaaaeg.ee\/fi\/wp-json\/wp\/v2\/pages\/25022","targetHints":{"allow":["GET"]}}],"collection":[{"href":"https:\/\/jaaaeg.ee\/fi\/wp-json\/wp\/v2\/pages"}],"about":[{"href":"https:\/\/jaaaeg.ee\/fi\/wp-json\/wp\/v2\/types\/page"}],"author":[{"embeddable":true,"href":"https:\/\/jaaaeg.ee\/fi\/wp-json\/wp\/v2\/users\/1"}],"replies":[{"embeddable":true,"href":"https:\/\/jaaaeg.ee\/fi\/wp-json\/wp\/v2\/comments?post=25022"}],"version-history":[{"count":0,"href":"https:\/\/jaaaeg.ee\/fi\/wp-json\/wp\/v2\/pages\/25022\/revisions"}],"up":[{"embeddable":true,"href":"https:\/\/jaaaeg.ee\/fi\/wp-json\/wp\/v2\/pages\/24133"}],"wp:attachment":[{"href":"https:\/\/jaaaeg.ee\/fi\/wp-json\/wp\/v2\/media?parent=25022"}],"curies":[{"name":"wp","href":"https:\/\/api.w.org\/{rel}","templated":true}]}}