{"id":24331,"date":"2023-11-17T10:59:56","date_gmt":"2023-11-17T08:59:56","guid":{"rendered":"https:\/\/jaaaeg.ee\/audiogiidid\/10-koopalovi\/"},"modified":"2023-11-17T10:59:56","modified_gmt":"2023-11-17T08:59:56","slug":"10-koopalovi","status":"publish","type":"page","link":"https:\/\/jaaaeg.ee\/fi\/audiogiidid\/10-koopalovi\/","title":{"rendered":"10. KOOPAL\u00d5VI"},"content":{"rendered":"<hr>\n<h3>KOOPAL\u00d5VI<br \/>\n<img loading=\"lazy\" decoding=\"async\" width=\"150\" height=\"150\" class=\"alignright size-thumbnail wp-image-23992\" src=\"https:\/\/jaaaeg.ee\/wp-content\/uploads\/2023\/11\/estonia-150x150.png\" alt=\"\" data-wp-editing=\"1\" srcset=\"https:\/\/jaaaeg.ee\/wp-content\/uploads\/2023\/11\/estonia-150x150.png 150w, https:\/\/jaaaeg.ee\/wp-content\/uploads\/2023\/11\/estonia-300x300.png 300w, https:\/\/jaaaeg.ee\/wp-content\/uploads\/2023\/11\/estonia-120x120.png 120w, https:\/\/jaaaeg.ee\/wp-content\/uploads\/2023\/11\/estonia-320x320.png 320w, https:\/\/jaaaeg.ee\/wp-content\/uploads\/2023\/11\/estonia-480x480.png 480w, https:\/\/jaaaeg.ee\/wp-content\/uploads\/2023\/11\/estonia-100x100.png 100w, https:\/\/jaaaeg.ee\/wp-content\/uploads\/2023\/11\/estonia.png 512w\" sizes=\"auto, (max-width: 150px) 100vw, 150px\" \/><\/h3>\n<audio class=\"wp-audio-shortcode\" id=\"audio-24331-1\" preload=\"none\" style=\"width: 100%;\" controls=\"controls\"><source type=\"audio\/wav\" src=\"https:\/\/jaaaeg.ee\/wp-content\/uploads\/2023\/11\/10.-KOOPALOVI.wav?_=1\" \/><a href=\"https:\/\/jaaaeg.ee\/wp-content\/uploads\/2023\/11\/10.-KOOPALOVI.wav\">https:\/\/jaaaeg.ee\/wp-content\/uploads\/2023\/11\/10.-KOOPALOVI.wav<\/a><\/audio>\n<hr>\n<h3>Cavelion<br \/>\n<img loading=\"lazy\" decoding=\"async\" width=\"150\" height=\"150\" class=\"alignright size-thumbnail wp-image-24007\" src=\"https:\/\/jaaaeg.ee\/wp-content\/uploads\/2023\/11\/united-kingdom-150x150.png\" alt=\"\" srcset=\"https:\/\/jaaaeg.ee\/wp-content\/uploads\/2023\/11\/united-kingdom-150x150.png 150w, https:\/\/jaaaeg.ee\/wp-content\/uploads\/2023\/11\/united-kingdom-300x300.png 300w, https:\/\/jaaaeg.ee\/wp-content\/uploads\/2023\/11\/united-kingdom-120x120.png 120w, https:\/\/jaaaeg.ee\/wp-content\/uploads\/2023\/11\/united-kingdom-320x320.png 320w, https:\/\/jaaaeg.ee\/wp-content\/uploads\/2023\/11\/united-kingdom-480x480.png 480w, https:\/\/jaaaeg.ee\/wp-content\/uploads\/2023\/11\/united-kingdom-100x100.png 100w, https:\/\/jaaaeg.ee\/wp-content\/uploads\/2023\/11\/united-kingdom.png 512w\" sizes=\"auto, (max-width: 150px) 100vw, 150px\" \/><\/h3>\n<audio class=\"wp-audio-shortcode\" id=\"audio-24331-2\" preload=\"none\" style=\"width: 100%;\" controls=\"controls\"><source type=\"audio\/wav\" src=\"https:\/\/jaaaeg.ee\/wp-content\/uploads\/2023\/11\/10_cavelion.wav?_=2\" \/><a href=\"https:\/\/jaaaeg.ee\/wp-content\/uploads\/2023\/11\/10_cavelion.wav\">https:\/\/jaaaeg.ee\/wp-content\/uploads\/2023\/11\/10_cavelion.wav<\/a><\/audio>\n<hr>\n<h3>ALU LAUVAS<br \/>\n<img loading=\"lazy\" decoding=\"async\" width=\"150\" height=\"150\" class=\"alignright size-thumbnail wp-image-24002\" src=\"https:\/\/jaaaeg.ee\/wp-content\/uploads\/2023\/11\/latvia-150x150.png\" alt=\"\" srcset=\"https:\/\/jaaaeg.ee\/wp-content\/uploads\/2023\/11\/latvia-150x150.png 150w, https:\/\/jaaaeg.ee\/wp-content\/uploads\/2023\/11\/latvia-300x300.png 300w, https:\/\/jaaaeg.ee\/wp-content\/uploads\/2023\/11\/latvia-120x120.png 120w, https:\/\/jaaaeg.ee\/wp-content\/uploads\/2023\/11\/latvia-320x320.png 320w, https:\/\/jaaaeg.ee\/wp-content\/uploads\/2023\/11\/latvia-480x480.png 480w, https:\/\/jaaaeg.ee\/wp-content\/uploads\/2023\/11\/latvia-100x100.png 100w, https:\/\/jaaaeg.ee\/wp-content\/uploads\/2023\/11\/latvia.png 512w\" sizes=\"auto, (max-width: 150px) 100vw, 150px\" \/><\/h3>\n<audio class=\"wp-audio-shortcode\" id=\"audio-24331-3\" preload=\"none\" style=\"width: 100%;\" controls=\"controls\"><source type=\"audio\/wav\" src=\"https:\/\/jaaaeg.ee\/wp-content\/uploads\/2023\/11\/10_ALU-LAUVAS.wav?_=3\" \/><a href=\"https:\/\/jaaaeg.ee\/wp-content\/uploads\/2023\/11\/10_ALU-LAUVAS.wav\">https:\/\/jaaaeg.ee\/wp-content\/uploads\/2023\/11\/10_ALU-LAUVAS.wav<\/a><\/audio>\n<hr>\n<h3>\u041f\u0415\u0429\u0415\u0420\u041d\u042b\u0419 \u041b\u0415\u0412<br \/>\n<img loading=\"lazy\" decoding=\"async\" width=\"150\" height=\"150\" class=\"alignright size-thumbnail wp-image-23997\" src=\"https:\/\/jaaaeg.ee\/wp-content\/uploads\/2023\/11\/russia-150x150.png\" alt=\"\" srcset=\"https:\/\/jaaaeg.ee\/wp-content\/uploads\/2023\/11\/russia-150x150.png 150w, https:\/\/jaaaeg.ee\/wp-content\/uploads\/2023\/11\/russia-300x300.png 300w, https:\/\/jaaaeg.ee\/wp-content\/uploads\/2023\/11\/russia-120x120.png 120w, https:\/\/jaaaeg.ee\/wp-content\/uploads\/2023\/11\/russia-320x320.png 320w, https:\/\/jaaaeg.ee\/wp-content\/uploads\/2023\/11\/russia-480x480.png 480w, https:\/\/jaaaeg.ee\/wp-content\/uploads\/2023\/11\/russia-100x100.png 100w, https:\/\/jaaaeg.ee\/wp-content\/uploads\/2023\/11\/russia.png 512w\" sizes=\"auto, (max-width: 150px) 100vw, 150px\" \/><\/h3>\n<audio class=\"wp-audio-shortcode\" id=\"audio-24331-4\" preload=\"none\" style=\"width: 100%;\" controls=\"controls\"><source type=\"audio\/wav\" src=\"https:\/\/jaaaeg.ee\/wp-content\/uploads\/2023\/11\/10.PEShhERNYJ-LEV.wav?_=4\" \/><a href=\"https:\/\/jaaaeg.ee\/wp-content\/uploads\/2023\/11\/10.PEShhERNYJ-LEV.wav\">https:\/\/jaaaeg.ee\/wp-content\/uploads\/2023\/11\/10.PEShhERNYJ-LEV.wav<\/a><\/audio>\n<p>&nbsp;<\/p>\n<hr>\n<p>&nbsp;<\/p>\n","protected":false},"excerpt":{"rendered":"KOOPAL\u00d5VI Cavelion ALU LAUVAS \u041f\u0415\u0429\u0415\u0420\u041d\u042b\u0419 \u041b\u0415\u0412 &nbsp; &nbsp;","protected":false},"author":1,"featured_media":0,"parent":24133,"menu_order":215,"comment_status":"closed","ping_status":"closed","template":"","meta":{"_acf_changed":false,"ngg_post_thumbnail":0,"footnotes":""},"class_list":["post-24331","page","type-page","status-publish","hentry"],"acf":[],"yoast_head":"<!-- This site is optimized with the Yoast SEO plugin v27.3 - https:\/\/yoast.com\/product\/yoast-seo-wordpress\/ -->\n<title>10. KOOPAL\u00d5VI - J\u00e4\u00e4aja Keskus<\/title>\n<meta name=\"robots\" content=\"index, follow, max-snippet:-1, max-image-preview:large, max-video-preview:-1\" \/>\n<link rel=\"canonical\" href=\"https:\/\/jaaaeg.ee\/fi\/audiogiidid\/10-koopalovi\/\" \/>\n<meta property=\"og:locale\" content=\"fi_FI\" \/>\n<meta property=\"og:type\" content=\"article\" \/>\n<meta property=\"og:title\" content=\"10. KOOPAL\u00d5VI - J\u00e4\u00e4aja Keskus\" \/>\n<meta property=\"og:description\" content=\"KOOPAL\u00d5VI Cavelion ALU LAUVAS \u041f\u0415\u0429\u0415\u0420\u041d\u042b\u0419 \u041b\u0415\u0412 &nbsp; &nbsp;\" \/>\n<meta property=\"og:url\" content=\"https:\/\/jaaaeg.ee\/fi\/audiogiidid\/10-koopalovi\/\" \/>\n<meta property=\"og:site_name\" content=\"J\u00e4\u00e4aja Keskus\" \/>\n<meta property=\"article:publisher\" content=\"https:\/\/www.facebook.com\/JaaajaKeskus\/\" \/>\n<meta property=\"og:image\" content=\"https:\/\/jaaaeg.ee\/wp-content\/uploads\/2023\/11\/estonia-150x150.png\" \/>\n<meta name=\"twitter:card\" content=\"summary_large_image\" \/>\n<script type=\"application\/ld+json\" class=\"yoast-schema-graph\">{\"@context\":\"https:\\\/\\\/schema.org\",\"@graph\":[{\"@type\":\"WebPage\",\"@id\":\"https:\\\/\\\/jaaaeg.ee\\\/fi\\\/audiogiidid\\\/10-koopalovi\\\/\",\"url\":\"https:\\\/\\\/jaaaeg.ee\\\/fi\\\/audiogiidid\\\/10-koopalovi\\\/\",\"name\":\"10. KOOPAL\u00d5VI - J\u00e4\u00e4aja Keskus\",\"isPartOf\":{\"@id\":\"https:\\\/\\\/jaaaeg.ee\\\/ru\\\/#website\"},\"primaryImageOfPage\":{\"@id\":\"https:\\\/\\\/jaaaeg.ee\\\/fi\\\/audiogiidid\\\/10-koopalovi\\\/#primaryimage\"},\"image\":{\"@id\":\"https:\\\/\\\/jaaaeg.ee\\\/fi\\\/audiogiidid\\\/10-koopalovi\\\/#primaryimage\"},\"thumbnailUrl\":\"https:\\\/\\\/jaaaeg.ee\\\/wp-content\\\/uploads\\\/2023\\\/11\\\/estonia-150x150.png\",\"datePublished\":\"2023-11-17T08:59:56+00:00\",\"breadcrumb\":{\"@id\":\"https:\\\/\\\/jaaaeg.ee\\\/fi\\\/audiogiidid\\\/10-koopalovi\\\/#breadcrumb\"},\"inLanguage\":\"fi\",\"potentialAction\":[{\"@type\":\"ReadAction\",\"target\":[\"https:\\\/\\\/jaaaeg.ee\\\/fi\\\/audiogiidid\\\/10-koopalovi\\\/\"]}]},{\"@type\":\"ImageObject\",\"inLanguage\":\"fi\",\"@id\":\"https:\\\/\\\/jaaaeg.ee\\\/fi\\\/audiogiidid\\\/10-koopalovi\\\/#primaryimage\",\"url\":\"https:\\\/\\\/jaaaeg.ee\\\/wp-content\\\/uploads\\\/2023\\\/11\\\/estonia-150x150.png\",\"contentUrl\":\"https:\\\/\\\/jaaaeg.ee\\\/wp-content\\\/uploads\\\/2023\\\/11\\\/estonia-150x150.png\"},{\"@type\":\"BreadcrumbList\",\"@id\":\"https:\\\/\\\/jaaaeg.ee\\\/fi\\\/audiogiidid\\\/10-koopalovi\\\/#breadcrumb\",\"itemListElement\":[{\"@type\":\"ListItem\",\"position\":1,\"name\":\"Home\",\"item\":\"https:\\\/\\\/jaaaeg.ee\\\/fi\\\/\"},{\"@type\":\"ListItem\",\"position\":2,\"name\":\"\u00c4\u00e4niopas\",\"item\":\"https:\\\/\\\/jaaaeg.ee\\\/fi\\\/audiogiidid\\\/\"},{\"@type\":\"ListItem\",\"position\":3,\"name\":\"10. KOOPAL\u00d5VI\"}]},{\"@type\":\"WebSite\",\"@id\":\"https:\\\/\\\/jaaaeg.ee\\\/ru\\\/#website\",\"url\":\"https:\\\/\\\/jaaaeg.ee\\\/ru\\\/\",\"name\":\"J\u00e4\u00e4aja Keskus\",\"description\":\"avastamisr\u00f5\u00f5m igas vanuses k\u00fclastajatele\",\"potentialAction\":[{\"@type\":\"SearchAction\",\"target\":{\"@type\":\"EntryPoint\",\"urlTemplate\":\"https:\\\/\\\/jaaaeg.ee\\\/ru\\\/?s={search_term_string}\"},\"query-input\":{\"@type\":\"PropertyValueSpecification\",\"valueRequired\":true,\"valueName\":\"search_term_string\"}}],\"inLanguage\":\"fi\"}]}<\/script>\n<!-- \/ Yoast SEO plugin. -->","yoast_head_json":{"title":"10. KOOPAL\u00d5VI - J\u00e4\u00e4aja Keskus","robots":{"index":"index","follow":"follow","max-snippet":"max-snippet:-1","max-image-preview":"max-image-preview:large","max-video-preview":"max-video-preview:-1"},"canonical":"https:\/\/jaaaeg.ee\/fi\/audiogiidid\/10-koopalovi\/","og_locale":"fi_FI","og_type":"article","og_title":"10. KOOPAL\u00d5VI - J\u00e4\u00e4aja Keskus","og_description":"KOOPAL\u00d5VI Cavelion ALU LAUVAS \u041f\u0415\u0429\u0415\u0420\u041d\u042b\u0419 \u041b\u0415\u0412 &nbsp; &nbsp;","og_url":"https:\/\/jaaaeg.ee\/fi\/audiogiidid\/10-koopalovi\/","og_site_name":"J\u00e4\u00e4aja Keskus","article_publisher":"https:\/\/www.facebook.com\/JaaajaKeskus\/","og_image":[{"url":"https:\/\/jaaaeg.ee\/wp-content\/uploads\/2023\/11\/estonia-150x150.png","type":"","width":"","height":""}],"twitter_card":"summary_large_image","schema":{"@context":"https:\/\/schema.org","@graph":[{"@type":"WebPage","@id":"https:\/\/jaaaeg.ee\/fi\/audiogiidid\/10-koopalovi\/","url":"https:\/\/jaaaeg.ee\/fi\/audiogiidid\/10-koopalovi\/","name":"10. KOOPAL\u00d5VI - J\u00e4\u00e4aja Keskus","isPartOf":{"@id":"https:\/\/jaaaeg.ee\/ru\/#website"},"primaryImageOfPage":{"@id":"https:\/\/jaaaeg.ee\/fi\/audiogiidid\/10-koopalovi\/#primaryimage"},"image":{"@id":"https:\/\/jaaaeg.ee\/fi\/audiogiidid\/10-koopalovi\/#primaryimage"},"thumbnailUrl":"https:\/\/jaaaeg.ee\/wp-content\/uploads\/2023\/11\/estonia-150x150.png","datePublished":"2023-11-17T08:59:56+00:00","breadcrumb":{"@id":"https:\/\/jaaaeg.ee\/fi\/audiogiidid\/10-koopalovi\/#breadcrumb"},"inLanguage":"fi","potentialAction":[{"@type":"ReadAction","target":["https:\/\/jaaaeg.ee\/fi\/audiogiidid\/10-koopalovi\/"]}]},{"@type":"ImageObject","inLanguage":"fi","@id":"https:\/\/jaaaeg.ee\/fi\/audiogiidid\/10-koopalovi\/#primaryimage","url":"https:\/\/jaaaeg.ee\/wp-content\/uploads\/2023\/11\/estonia-150x150.png","contentUrl":"https:\/\/jaaaeg.ee\/wp-content\/uploads\/2023\/11\/estonia-150x150.png"},{"@type":"BreadcrumbList","@id":"https:\/\/jaaaeg.ee\/fi\/audiogiidid\/10-koopalovi\/#breadcrumb","itemListElement":[{"@type":"ListItem","position":1,"name":"Home","item":"https:\/\/jaaaeg.ee\/fi\/"},{"@type":"ListItem","position":2,"name":"\u00c4\u00e4niopas","item":"https:\/\/jaaaeg.ee\/fi\/audiogiidid\/"},{"@type":"ListItem","position":3,"name":"10. KOOPAL\u00d5VI"}]},{"@type":"WebSite","@id":"https:\/\/jaaaeg.ee\/ru\/#website","url":"https:\/\/jaaaeg.ee\/ru\/","name":"J\u00e4\u00e4aja Keskus","description":"avastamisr\u00f5\u00f5m igas vanuses k\u00fclastajatele","potentialAction":[{"@type":"SearchAction","target":{"@type":"EntryPoint","urlTemplate":"https:\/\/jaaaeg.ee\/ru\/?s={search_term_string}"},"query-input":{"@type":"PropertyValueSpecification","valueRequired":true,"valueName":"search_term_string"}}],"inLanguage":"fi"}]}},"_links":{"self":[{"href":"https:\/\/jaaaeg.ee\/fi\/wp-json\/wp\/v2\/pages\/24331","targetHints":{"allow":["GET"]}}],"collection":[{"href":"https:\/\/jaaaeg.ee\/fi\/wp-json\/wp\/v2\/pages"}],"about":[{"href":"https:\/\/jaaaeg.ee\/fi\/wp-json\/wp\/v2\/types\/page"}],"author":[{"embeddable":true,"href":"https:\/\/jaaaeg.ee\/fi\/wp-json\/wp\/v2\/users\/1"}],"replies":[{"embeddable":true,"href":"https:\/\/jaaaeg.ee\/fi\/wp-json\/wp\/v2\/comments?post=24331"}],"version-history":[{"count":0,"href":"https:\/\/jaaaeg.ee\/fi\/wp-json\/wp\/v2\/pages\/24331\/revisions"}],"up":[{"embeddable":true,"href":"https:\/\/jaaaeg.ee\/fi\/wp-json\/wp\/v2\/pages\/24133"}],"wp:attachment":[{"href":"https:\/\/jaaaeg.ee\/fi\/wp-json\/wp\/v2\/media?parent=24331"}],"curies":[{"name":"wp","href":"https:\/\/api.w.org\/{rel}","templated":true}]}}