{"id":23639,"date":"2023-10-10T16:33:56","date_gmt":"2023-10-10T13:33:56","guid":{"rendered":"https:\/\/jaaaeg.ee\/?page_id=23639"},"modified":"2023-10-10T16:37:42","modified_gmt":"2023-10-10T13:37:42","slug":"audiogiid-peeter-laurits","status":"publish","type":"page","link":"https:\/\/jaaaeg.ee\/fi\/audiogiid-peeter-laurits\/","title":{"rendered":"Audiogiid Peeter Laurits"},"content":{"rendered":"<p>01_PL_kadunud l\u00fchter.mp3<\/p>\n<audio class=\"wp-audio-shortcode\" id=\"audio-23639-1\" preload=\"none\" style=\"width: 100%;\" controls=\"controls\"><source type=\"audio\/mpeg\" src=\"https:\/\/jaaaeg.ee\/wp-content\/uploads\/2023\/10\/01_PL_kadunud-luhter.mp3?_=1\" \/><a href=\"https:\/\/jaaaeg.ee\/wp-content\/uploads\/2023\/10\/01_PL_kadunud-luhter.mp3\">https:\/\/jaaaeg.ee\/wp-content\/uploads\/2023\/10\/01_PL_kadunud-luhter.mp3<\/a><\/audio>\n<p>&nbsp;<\/p>\n<p>02_PL_pisarad pole kellegi omad.mp3<\/p>\n<audio class=\"wp-audio-shortcode\" id=\"audio-23639-2\" preload=\"none\" style=\"width: 100%;\" controls=\"controls\"><source type=\"audio\/mpeg\" src=\"https:\/\/jaaaeg.ee\/wp-content\/uploads\/2023\/10\/02_PL_pisarad-pole-kellegi-omad.mp3?_=2\" \/><a href=\"https:\/\/jaaaeg.ee\/wp-content\/uploads\/2023\/10\/02_PL_pisarad-pole-kellegi-omad.mp3\">https:\/\/jaaaeg.ee\/wp-content\/uploads\/2023\/10\/02_PL_pisarad-pole-kellegi-omad.mp3<\/a><\/audio>\n<p>&nbsp;<\/p>\n<p>03_PL_s\u00fcnaptiline suhkur.mp3<\/p>\n<audio class=\"wp-audio-shortcode\" id=\"audio-23639-3\" preload=\"none\" style=\"width: 100%;\" controls=\"controls\"><source type=\"audio\/mpeg\" src=\"https:\/\/jaaaeg.ee\/wp-content\/uploads\/2023\/10\/03_PL_sunaptiline-suhkur.mp3?_=3\" \/><a href=\"https:\/\/jaaaeg.ee\/wp-content\/uploads\/2023\/10\/03_PL_sunaptiline-suhkur.mp3\">https:\/\/jaaaeg.ee\/wp-content\/uploads\/2023\/10\/03_PL_sunaptiline-suhkur.mp3<\/a><\/audio>\n<p>&nbsp;<\/p>\n<p>04_PL_j\u00e4\u00e4lind tuiskab l\u00e4bi fantoom-platvormi.mp3<\/p>\n<audio class=\"wp-audio-shortcode\" id=\"audio-23639-4\" preload=\"none\" style=\"width: 100%;\" controls=\"controls\"><source type=\"audio\/mpeg\" src=\"https:\/\/jaaaeg.ee\/wp-content\/uploads\/2023\/10\/04_PL_jaalind-tuiskab-labi-fantoom-platvormi.mp3?_=4\" \/><a href=\"https:\/\/jaaaeg.ee\/wp-content\/uploads\/2023\/10\/04_PL_jaalind-tuiskab-labi-fantoom-platvormi.mp3\">https:\/\/jaaaeg.ee\/wp-content\/uploads\/2023\/10\/04_PL_jaalind-tuiskab-labi-fantoom-platvormi.mp3<\/a><\/audio>\n<p>&nbsp;<\/p>\n<p>05_PL_gravitatsioon.mp3<\/p>\n<audio class=\"wp-audio-shortcode\" id=\"audio-23639-5\" preload=\"none\" style=\"width: 100%;\" controls=\"controls\"><source type=\"audio\/mpeg\" src=\"https:\/\/jaaaeg.ee\/wp-content\/uploads\/2023\/10\/05_PL_gravitatsioon.mp3?_=5\" \/><a href=\"https:\/\/jaaaeg.ee\/wp-content\/uploads\/2023\/10\/05_PL_gravitatsioon.mp3\">https:\/\/jaaaeg.ee\/wp-content\/uploads\/2023\/10\/05_PL_gravitatsioon.mp3<\/a><\/audio>\n<p>&nbsp;<\/p>\n<p>06_PL_suurlinna tuled.mp3<\/p>\n<audio class=\"wp-audio-shortcode\" id=\"audio-23639-6\" preload=\"none\" style=\"width: 100%;\" controls=\"controls\"><source type=\"audio\/mpeg\" src=\"https:\/\/jaaaeg.ee\/wp-content\/uploads\/2023\/10\/06_PL_suurlinna-tuled.mp3?_=6\" \/><a href=\"https:\/\/jaaaeg.ee\/wp-content\/uploads\/2023\/10\/06_PL_suurlinna-tuled.mp3\">https:\/\/jaaaeg.ee\/wp-content\/uploads\/2023\/10\/06_PL_suurlinna-tuled.mp3<\/a><\/audio>\n<p>&nbsp;<\/p>\n<p>07_PL_seenevihma server.mp3<\/p>\n<audio class=\"wp-audio-shortcode\" id=\"audio-23639-7\" preload=\"none\" style=\"width: 100%;\" controls=\"controls\"><source type=\"audio\/mpeg\" src=\"https:\/\/jaaaeg.ee\/wp-content\/uploads\/2023\/10\/07_PL_seenevihma-server.mp3?_=7\" \/><a href=\"https:\/\/jaaaeg.ee\/wp-content\/uploads\/2023\/10\/07_PL_seenevihma-server.mp3\">https:\/\/jaaaeg.ee\/wp-content\/uploads\/2023\/10\/07_PL_seenevihma-server.mp3<\/a><\/audio>\n<p>&nbsp;<\/p>\n<p>08_PL_plant pride.mp3<\/p>\n<audio class=\"wp-audio-shortcode\" id=\"audio-23639-8\" preload=\"none\" style=\"width: 100%;\" controls=\"controls\"><source type=\"audio\/mpeg\" src=\"https:\/\/jaaaeg.ee\/wp-content\/uploads\/2023\/10\/08_PL_plant-pride.mp3?_=8\" \/><a href=\"https:\/\/jaaaeg.ee\/wp-content\/uploads\/2023\/10\/08_PL_plant-pride.mp3\">https:\/\/jaaaeg.ee\/wp-content\/uploads\/2023\/10\/08_PL_plant-pride.mp3<\/a><\/audio>\n<p>&nbsp;<\/p>\n<p>09_PL_vihmametsa server.mp3<\/p>\n<audio class=\"wp-audio-shortcode\" id=\"audio-23639-9\" preload=\"none\" style=\"width: 100%;\" controls=\"controls\"><source type=\"audio\/mpeg\" src=\"https:\/\/jaaaeg.ee\/wp-content\/uploads\/2023\/10\/09_PL_vihmametsa-server.mp3?_=9\" \/><a href=\"https:\/\/jaaaeg.ee\/wp-content\/uploads\/2023\/10\/09_PL_vihmametsa-server.mp3\">https:\/\/jaaaeg.ee\/wp-content\/uploads\/2023\/10\/09_PL_vihmametsa-server.mp3<\/a><\/audio>\n<p>&nbsp;<\/p>\n<p>10_PL_taeva atlas.mp3<\/p>\n<audio class=\"wp-audio-shortcode\" id=\"audio-23639-10\" preload=\"none\" style=\"width: 100%;\" controls=\"controls\"><source type=\"audio\/mpeg\" src=\"https:\/\/jaaaeg.ee\/wp-content\/uploads\/2023\/10\/10_PL_taeva-atlas.mp3?_=10\" \/><a href=\"https:\/\/jaaaeg.ee\/wp-content\/uploads\/2023\/10\/10_PL_taeva-atlas.mp3\">https:\/\/jaaaeg.ee\/wp-content\/uploads\/2023\/10\/10_PL_taeva-atlas.mp3<\/a><\/audio>\n<p>&nbsp;<\/p>\n<p>11_PL_kuut\u00f5verohi.mp3<\/p>\n<audio class=\"wp-audio-shortcode\" id=\"audio-23639-11\" preload=\"none\" style=\"width: 100%;\" controls=\"controls\"><source type=\"audio\/mpeg\" src=\"https:\/\/jaaaeg.ee\/wp-content\/uploads\/2023\/10\/11_PL_kuutoverohi.mp3?_=11\" \/><a href=\"https:\/\/jaaaeg.ee\/wp-content\/uploads\/2023\/10\/11_PL_kuutoverohi.mp3\">https:\/\/jaaaeg.ee\/wp-content\/uploads\/2023\/10\/11_PL_kuutoverohi.mp3<\/a><\/audio>\n<p>&nbsp;<\/p>\n<p>12_PL_hirmu l\u00e4bimine.mp3<\/p>\n<audio class=\"wp-audio-shortcode\" id=\"audio-23639-12\" preload=\"none\" style=\"width: 100%;\" controls=\"controls\"><source type=\"audio\/mpeg\" src=\"https:\/\/jaaaeg.ee\/wp-content\/uploads\/2023\/10\/12_PL_hirmu-labimine.mp3?_=12\" \/><a href=\"https:\/\/jaaaeg.ee\/wp-content\/uploads\/2023\/10\/12_PL_hirmu-labimine.mp3\">https:\/\/jaaaeg.ee\/wp-content\/uploads\/2023\/10\/12_PL_hirmu-labimine.mp3<\/a><\/audio>\n<p>&nbsp;<\/p>\n<p>13_PL_uppunud j\u00e4rved.mp3<\/p>\n<audio class=\"wp-audio-shortcode\" id=\"audio-23639-13\" preload=\"none\" style=\"width: 100%;\" controls=\"controls\"><source type=\"audio\/mpeg\" src=\"https:\/\/jaaaeg.ee\/wp-content\/uploads\/2023\/10\/13_PL_uppunud-jarved.mp3?_=13\" \/><a href=\"https:\/\/jaaaeg.ee\/wp-content\/uploads\/2023\/10\/13_PL_uppunud-jarved.mp3\">https:\/\/jaaaeg.ee\/wp-content\/uploads\/2023\/10\/13_PL_uppunud-jarved.mp3<\/a><\/audio>\n","protected":false},"excerpt":{"rendered":"01_PL_kadunud l\u00fchter.mp3 &nbsp; 02_PL_pisarad pole kellegi omad.mp3 &nbsp; 03_PL_s\u00fcnaptiline suhkur.mp3 &nbsp; 04_PL_j\u00e4\u00e4lind tuiskab l\u00e4bi fantoom-platvormi.mp3 &nbsp; 05_PL_gravitatsioon.mp3 &nbsp; 06_PL_suurlinna tuled.mp3 &nbsp; 07_PL_seenevihma server.mp3 &nbsp; 08_PL_plant pride.mp3 &nbsp; 09_PL_vihmametsa server.mp3 &nbsp; 10_PL_taeva atlas.mp3 &nbsp; 11_PL_kuut\u00f5verohi.mp3 &nbsp; 12_PL_hirmu l\u00e4bimine.mp3 &nbsp; 13_PL_uppunud j\u00e4rved.mp3","protected":false},"author":1,"featured_media":0,"parent":0,"menu_order":266,"comment_status":"closed","ping_status":"closed","template":"","meta":{"_acf_changed":false,"ngg_post_thumbnail":0,"footnotes":""},"class_list":["post-23639","page","type-page","status-publish","hentry"],"acf":[],"yoast_head":"<!-- This site is optimized with the Yoast SEO plugin v27.3 - https:\/\/yoast.com\/product\/yoast-seo-wordpress\/ -->\n<title>Audiogiid Peeter Laurits - J\u00e4\u00e4aja Keskus<\/title>\n<meta name=\"robots\" content=\"index, follow, max-snippet:-1, max-image-preview:large, max-video-preview:-1\" \/>\n<link rel=\"canonical\" href=\"https:\/\/jaaaeg.ee\/audiogiid-peeter-laurits\/\" \/>\n<meta property=\"og:locale\" content=\"fi_FI\" \/>\n<meta property=\"og:type\" content=\"article\" \/>\n<meta property=\"og:title\" content=\"Audiogiid Peeter Laurits - J\u00e4\u00e4aja Keskus\" \/>\n<meta property=\"og:description\" content=\"01_PL_kadunud l\u00fchter.mp3 &nbsp; 02_PL_pisarad pole kellegi omad.mp3 &nbsp; 03_PL_s\u00fcnaptiline suhkur.mp3 &nbsp; 04_PL_j\u00e4\u00e4lind tuiskab l\u00e4bi fantoom-platvormi.mp3 &nbsp; 05_PL_gravitatsioon.mp3 &nbsp; 06_PL_suurlinna tuled.mp3 &nbsp; 07_PL_seenevihma server.mp3 &nbsp; 08_PL_plant pride.mp3 &nbsp; 09_PL_vihmametsa server.mp3 &nbsp; 10_PL_taeva atlas.mp3 &nbsp; 11_PL_kuut\u00f5verohi.mp3 &nbsp; 12_PL_hirmu l\u00e4bimine.mp3 &nbsp; 13_PL_uppunud j\u00e4rved.mp3\" \/>\n<meta property=\"og:url\" content=\"https:\/\/jaaaeg.ee\/audiogiid-peeter-laurits\/\" \/>\n<meta property=\"og:site_name\" content=\"J\u00e4\u00e4aja Keskus\" \/>\n<meta property=\"article:publisher\" content=\"https:\/\/www.facebook.com\/JaaajaKeskus\/\" \/>\n<meta property=\"article:modified_time\" content=\"2023-10-10T13:37:42+00:00\" \/>\n<meta name=\"twitter:card\" content=\"summary_large_image\" \/>\n<meta name=\"twitter:label1\" content=\"Arvioitu lukuaika\" \/>\n\t<meta name=\"twitter:data1\" content=\"1 minuutti\" \/>\n<script type=\"application\/ld+json\" class=\"yoast-schema-graph\">{\"@context\":\"https:\\\/\\\/schema.org\",\"@graph\":[{\"@type\":\"WebPage\",\"@id\":\"https:\\\/\\\/jaaaeg.ee\\\/audiogiid-peeter-laurits\\\/\",\"url\":\"https:\\\/\\\/jaaaeg.ee\\\/audiogiid-peeter-laurits\\\/\",\"name\":\"Audiogiid Peeter Laurits - J\u00e4\u00e4aja Keskus\",\"isPartOf\":{\"@id\":\"https:\\\/\\\/jaaaeg.ee\\\/ru\\\/#website\"},\"datePublished\":\"2023-10-10T13:33:56+00:00\",\"dateModified\":\"2023-10-10T13:37:42+00:00\",\"breadcrumb\":{\"@id\":\"https:\\\/\\\/jaaaeg.ee\\\/audiogiid-peeter-laurits\\\/#breadcrumb\"},\"inLanguage\":\"fi\",\"potentialAction\":[{\"@type\":\"ReadAction\",\"target\":[\"https:\\\/\\\/jaaaeg.ee\\\/audiogiid-peeter-laurits\\\/\"]}]},{\"@type\":\"BreadcrumbList\",\"@id\":\"https:\\\/\\\/jaaaeg.ee\\\/audiogiid-peeter-laurits\\\/#breadcrumb\",\"itemListElement\":[{\"@type\":\"ListItem\",\"position\":1,\"name\":\"Home\",\"item\":\"https:\\\/\\\/jaaaeg.ee\\\/fi\\\/\"},{\"@type\":\"ListItem\",\"position\":2,\"name\":\"Audiogiid Peeter Laurits\"}]},{\"@type\":\"WebSite\",\"@id\":\"https:\\\/\\\/jaaaeg.ee\\\/ru\\\/#website\",\"url\":\"https:\\\/\\\/jaaaeg.ee\\\/ru\\\/\",\"name\":\"J\u00e4\u00e4aja Keskus\",\"description\":\"avastamisr\u00f5\u00f5m igas vanuses k\u00fclastajatele\",\"potentialAction\":[{\"@type\":\"SearchAction\",\"target\":{\"@type\":\"EntryPoint\",\"urlTemplate\":\"https:\\\/\\\/jaaaeg.ee\\\/ru\\\/?s={search_term_string}\"},\"query-input\":{\"@type\":\"PropertyValueSpecification\",\"valueRequired\":true,\"valueName\":\"search_term_string\"}}],\"inLanguage\":\"fi\"}]}<\/script>\n<!-- \/ Yoast SEO plugin. -->","yoast_head_json":{"title":"Audiogiid Peeter Laurits - J\u00e4\u00e4aja Keskus","robots":{"index":"index","follow":"follow","max-snippet":"max-snippet:-1","max-image-preview":"max-image-preview:large","max-video-preview":"max-video-preview:-1"},"canonical":"https:\/\/jaaaeg.ee\/audiogiid-peeter-laurits\/","og_locale":"fi_FI","og_type":"article","og_title":"Audiogiid Peeter Laurits - J\u00e4\u00e4aja Keskus","og_description":"01_PL_kadunud l\u00fchter.mp3 &nbsp; 02_PL_pisarad pole kellegi omad.mp3 &nbsp; 03_PL_s\u00fcnaptiline suhkur.mp3 &nbsp; 04_PL_j\u00e4\u00e4lind tuiskab l\u00e4bi fantoom-platvormi.mp3 &nbsp; 05_PL_gravitatsioon.mp3 &nbsp; 06_PL_suurlinna tuled.mp3 &nbsp; 07_PL_seenevihma server.mp3 &nbsp; 08_PL_plant pride.mp3 &nbsp; 09_PL_vihmametsa server.mp3 &nbsp; 10_PL_taeva atlas.mp3 &nbsp; 11_PL_kuut\u00f5verohi.mp3 &nbsp; 12_PL_hirmu l\u00e4bimine.mp3 &nbsp; 13_PL_uppunud j\u00e4rved.mp3","og_url":"https:\/\/jaaaeg.ee\/audiogiid-peeter-laurits\/","og_site_name":"J\u00e4\u00e4aja Keskus","article_publisher":"https:\/\/www.facebook.com\/JaaajaKeskus\/","article_modified_time":"2023-10-10T13:37:42+00:00","twitter_card":"summary_large_image","twitter_misc":{"Arvioitu lukuaika":"1 minuutti"},"schema":{"@context":"https:\/\/schema.org","@graph":[{"@type":"WebPage","@id":"https:\/\/jaaaeg.ee\/audiogiid-peeter-laurits\/","url":"https:\/\/jaaaeg.ee\/audiogiid-peeter-laurits\/","name":"Audiogiid Peeter Laurits - J\u00e4\u00e4aja Keskus","isPartOf":{"@id":"https:\/\/jaaaeg.ee\/ru\/#website"},"datePublished":"2023-10-10T13:33:56+00:00","dateModified":"2023-10-10T13:37:42+00:00","breadcrumb":{"@id":"https:\/\/jaaaeg.ee\/audiogiid-peeter-laurits\/#breadcrumb"},"inLanguage":"fi","potentialAction":[{"@type":"ReadAction","target":["https:\/\/jaaaeg.ee\/audiogiid-peeter-laurits\/"]}]},{"@type":"BreadcrumbList","@id":"https:\/\/jaaaeg.ee\/audiogiid-peeter-laurits\/#breadcrumb","itemListElement":[{"@type":"ListItem","position":1,"name":"Home","item":"https:\/\/jaaaeg.ee\/fi\/"},{"@type":"ListItem","position":2,"name":"Audiogiid Peeter Laurits"}]},{"@type":"WebSite","@id":"https:\/\/jaaaeg.ee\/ru\/#website","url":"https:\/\/jaaaeg.ee\/ru\/","name":"J\u00e4\u00e4aja Keskus","description":"avastamisr\u00f5\u00f5m igas vanuses k\u00fclastajatele","potentialAction":[{"@type":"SearchAction","target":{"@type":"EntryPoint","urlTemplate":"https:\/\/jaaaeg.ee\/ru\/?s={search_term_string}"},"query-input":{"@type":"PropertyValueSpecification","valueRequired":true,"valueName":"search_term_string"}}],"inLanguage":"fi"}]}},"_links":{"self":[{"href":"https:\/\/jaaaeg.ee\/fi\/wp-json\/wp\/v2\/pages\/23639","targetHints":{"allow":["GET"]}}],"collection":[{"href":"https:\/\/jaaaeg.ee\/fi\/wp-json\/wp\/v2\/pages"}],"about":[{"href":"https:\/\/jaaaeg.ee\/fi\/wp-json\/wp\/v2\/types\/page"}],"author":[{"embeddable":true,"href":"https:\/\/jaaaeg.ee\/fi\/wp-json\/wp\/v2\/users\/1"}],"replies":[{"embeddable":true,"href":"https:\/\/jaaaeg.ee\/fi\/wp-json\/wp\/v2\/comments?post=23639"}],"version-history":[{"count":3,"href":"https:\/\/jaaaeg.ee\/fi\/wp-json\/wp\/v2\/pages\/23639\/revisions"}],"predecessor-version":[{"id":23707,"href":"https:\/\/jaaaeg.ee\/fi\/wp-json\/wp\/v2\/pages\/23639\/revisions\/23707"}],"wp:attachment":[{"href":"https:\/\/jaaaeg.ee\/fi\/wp-json\/wp\/v2\/media?parent=23639"}],"curies":[{"name":"wp","href":"https:\/\/api.w.org\/{rel}","templated":true}]}}