{"id":22576,"date":"2020-12-22T10:59:31","date_gmt":"2020-12-22T08:59:31","guid":{"rendered":"https:\/\/jaaaeg.ee\/jaakausikeskuksesta\/kodukord\/"},"modified":"2020-12-22T10:59:31","modified_gmt":"2020-12-22T08:59:31","slug":"kodukord","status":"publish","type":"page","link":"https:\/\/jaaaeg.ee\/fi\/jaakausikeskuksesta\/kodukord\/","title":{"rendered":"Kodukord"},"content":{"rendered":"<div class=\"vce-row-container\" data-vce-boxed-width=\"true\"><div class=\"vce-row vce-row--col-gap-30 vce-row-equal-height vce-row-content--top\" id=\"el-f590839f\" data-vce-do-apply=\"all el-f590839f\"><div class=\"vce-row-content\" data-vce-element-content=\"true\"><div class=\"vce-col vce-col--md-auto vce-col--xs-1 vce-col--xs-last vce-col--xs-first vce-col--sm-last vce-col--sm-first vce-col--md-last vce-col--lg-last vce-col--xl-last vce-col--md-first vce-col--lg-first vce-col--xl-first\" id=\"el-2a114b57\"><div class=\"vce-col-inner\" data-vce-do-apply=\"border margin background  el-2a114b57\"><div class=\"vce-col-content\" data-vce-element-content=\"true\" data-vce-do-apply=\"padding el-2a114b57\"><div class=\"vce-text-block\"><div class=\"vce-text-block-wrapper vce\" id=\"el-42d3eb0e\" data-vce-do-apply=\"all el-42d3eb0e\"><p><strong>Hea k\u00fclastaja!<\/strong><\/p><p><br>Oleme r\u00f5\u00f5msad, et k\u00fclastate me keskust. Me hindame oma keskust ja eeldame, et seda<br>teevad ka k\u00fclastajad.<\/p><p><br>Nii enda kui teiste k\u00fclastajate heaolu ja ohutuse ning keskuse h\u00e4ireteta t\u00f6\u00f6 tagamiseks palume t\u00e4ita kodukorras toodud tingimusi.<\/p><p><br>Keskuses&nbsp;on lubatud pildistamine ja filmimine.<br>Fuajees asuv keskuse garderoob on j\u00e4relevalveta ja keskus ei vastuta sinna j\u00e4etud esemete eest. Olemas on lukustatavad kapid, kuhu saab panna hinnalised asjad.<\/p><p>&nbsp;<\/p><p><strong>Keskuses pole lubatud:<\/strong><\/p><ul><li>Siseneda k\u00fclastajatel, kes on alkoholi-, narko- v\u00f5i toksilises joobes<\/li><li>Eksponaatide kahjustamine ja \u00fcmberpaigutamine<\/li><li>Suitsetamine<\/li><li>&nbsp;Alkoholi tarvitamine, v.a. ostetud alkohol kohvikualal<\/li><li>Kaasa toodud toidu tarbimine<\/li><li>Teiste k\u00fclastajate h\u00e4irimine ekspositsiooni ruumides<\/li><li>Lahtise tule ja p\u00fcrotehniliste vahendite kasutamine<\/li><li>&nbsp;Valgustuse, k\u00fctte- v\u00f5i ventilatsioonis\u00fcsteemi jne sisse- v\u00f5i v\u00e4ljal\u00fclitamine.<br><strong><br>Grupik\u00fclastuste puhul<\/strong><\/li><li>&nbsp;Korra eest vastutab grupi saatja, kes j\u00e4lgib, et tema grupp ei segaks teisi k\u00fclastajaid<br>ega rikuks muul moel J\u00e4\u00e4aja Keskuse kodukorda.<\/li><li>Iseseisvalt ( ilma giidita) k\u00fclastavatelt gruppidelt palume j\u00e4tta administraatorile oma<br>kontaktid, et probleemide puhul saaks \u00fchendust v\u00f5tta.<\/li><li>H\u00e4daolukordade puhul palume t\u00e4ita keskuse administraatori korraldusi.<\/li><li>Keskuses asetleidvatest varavastastest tegudest ja v\u00e4givallaaktidest palume koheselt teavitada keskuse administraatorit.&nbsp;<br><br><strong>Kui k\u00fclastaja rikub kodukorda, on J\u00e4\u00e4aja Keskuse personalil \u00f5igus:<\/strong><\/li><li>&nbsp;Esmakordsel kodukorra rikkumisel teha suuline hoiatus.<\/li><li>Teistkordsel kodukorra vastu eksimisele j\u00e4rgneb viivitamatu keskusest v\u00e4lja saatmine.<\/li><li>Tahtliku keskuse vara kahjustamise korral kutsuda politsei.<\/li><li>Vara kahjustamisel kompenseerib kahjustaja taastamiskulud vastavalt J\u00e4\u00e4aja Keskuse<br>poolt esitatud arvele.<\/li><li>Kui grupp rikub J\u00e4\u00e4aja Keskuse kodukorda, siis on keskusel \u00f5igus l\u00f5petada antud<br>grupi\/ kooligrupi teenindamisest tulevikus.<br><br><strong>Loodame, et veedate siin meeldivalt aega!<\/strong><\/li><\/ul><\/div><\/div><\/div><\/div><\/div><\/div><\/div><\/div><div class=\"vce-row-container\" data-vce-boxed-width=\"true\"><div class=\"vce-row vce-row--col-gap-30 vce-row-equal-height vce-row-content--top\" id=\"el-cb8fc574\" data-vce-do-apply=\"all el-cb8fc574\"><div class=\"vce-row-content\" data-vce-element-content=\"true\"><div class=\"vce-col vce-col--md-auto vce-col--xs-1 vce-col--xs-last vce-col--xs-first vce-col--sm-last vce-col--sm-first vce-col--md-last vce-col--lg-last vce-col--xl-last vce-col--md-first vce-col--lg-first vce-col--xl-first\" id=\"el-69563077\"><div class=\"vce-col-inner\" data-vce-do-apply=\"border margin background  el-69563077\"><div class=\"vce-col-content\" data-vce-element-content=\"true\" data-vce-do-apply=\"padding el-69563077\"><div class=\"vce-image-masonry-gallery\"><div class=\"vce-image-masonry-gallery-wrapper vce vce-image-masonry-gallery--gap-10 vce-image-masonry-gallery--columns-3\" id=\"el-354af284\" data-vce-do-apply=\"all el-354af284\"><div class=\"vce-image-masonry-gallery-list\"><div class=\"vce-image-masonry-gallery-column\"><\/div><div class=\"vce-image-masonry-gallery-column\"><\/div><div class=\"vce-image-masonry-gallery-column\"><\/div><\/div><\/div><\/div><\/div><\/div><\/div><\/div><\/div><\/div><div class=\"vce-row-container\" data-vce-boxed-width=\"true\"><div class=\"vce-row vce-row--col-gap-30 vce-row-equal-height vce-row-content--top\" id=\"el-15c743bb\" data-vce-do-apply=\"all el-15c743bb\"><div class=\"vce-row-content\" data-vce-element-content=\"true\"><div class=\"vce-col vce-col--md-auto vce-col--xs-1 vce-col--xs-last vce-col--xs-first vce-col--sm-last vce-col--sm-first vce-col--md-last vce-col--lg-last vce-col--xl-last vce-col--md-first vce-col--lg-first vce-col--xl-first\" id=\"el-f80d225e\"><div class=\"vce-col-inner\" data-vce-do-apply=\"border margin background  el-f80d225e\"><div class=\"vce-col-content\" data-vce-element-content=\"true\" data-vce-do-apply=\"padding el-f80d225e\"><div class=\"vce-image-masonry-gallery\"><div class=\"vce-image-masonry-gallery-wrapper vce vce-image-masonry-gallery--gap-10 vce-image-masonry-gallery--columns-3\" id=\"el-12ce5bdc\" data-vce-do-apply=\"all el-12ce5bdc\"><div class=\"vce-image-masonry-gallery-list\"><div class=\"vce-image-masonry-gallery-column\"><a href=\"https:\/\/jaaaeg.ee\/wp-content\/uploads\/2023\/06\/JK_meeskond2_Beljaev-scaled.jpg\" data-lightbox=\"lightbox-12ce5bdc\" class=\"vce-image-masonry-gallery-item\"><img decoding=\"async\" class=\"vce-image-masonry-gallery-img\" src=\"https:\/\/jaaaeg.ee\/wp-content\/uploads\/2023\/06\/JK_meeskond2_Beljaev-scaled.jpg\" alt=\"J\u00e4\u00e4aja Keskuse meeskond\"><\/a><\/div><div class=\"vce-image-masonry-gallery-column\"><\/div><div class=\"vce-image-masonry-gallery-column\"><\/div><\/div><\/div><\/div><\/div><\/div><\/div><\/div><\/div><\/div>\n","protected":false},"excerpt":{"rendered":"Hea k\u00fclastaja!Oleme r\u00f5\u00f5msad, et k\u00fclastate me keskust. Me hindame oma keskust ja eeldame, et sedateevad ka k\u00fclastajad.Nii enda kui teiste k\u00fclastajate heaolu ja ohutuse ning keskuse h\u00e4ireteta t\u00f6\u00f6 tagamiseks palume t\u00e4ita kodukorras toodud tingimusi.Keskuses&nbsp;on lubatud pildistamine ja filmimine.Fuajees asuv keskuse garderoob on j\u00e4relevalveta ja keskus ei vastuta sinna j\u00e4etud esemete eest. Olemas on lukustatavad kapid,&#8230; <a class=\"view-article\" href=\"https:\/\/jaaaeg.ee\/fi\/jaakausikeskuksesta\/kodukord\/\">Lue lis\u00e4\u00e4<\/a>","protected":false},"author":3,"featured_media":0,"parent":1449,"menu_order":279,"comment_status":"closed","ping_status":"closed","template":"template-sidebar.php","meta":{"_acf_changed":false,"ngg_post_thumbnail":0,"footnotes":""},"class_list":["post-22576","page","type-page","status-publish","hentry"],"acf":[],"yoast_head":"<!-- This site is optimized with the Yoast SEO plugin v27.3 - https:\/\/yoast.com\/product\/yoast-seo-wordpress\/ -->\n<title>Kodukord - J\u00e4\u00e4aja Keskus<\/title>\n<meta name=\"robots\" content=\"index, follow, max-snippet:-1, max-image-preview:large, max-video-preview:-1\" \/>\n<link rel=\"canonical\" href=\"https:\/\/jaaaeg.ee\/fi\/jaakausikeskuksesta\/kodukord\/\" \/>\n<meta property=\"og:locale\" content=\"fi_FI\" \/>\n<meta property=\"og:type\" content=\"article\" \/>\n<meta property=\"og:title\" content=\"Kodukord - J\u00e4\u00e4aja Keskus\" \/>\n<meta property=\"og:description\" content=\"Hea k\u00fclastaja!Oleme r\u00f5\u00f5msad, et k\u00fclastate me keskust. Me hindame oma keskust ja eeldame, et sedateevad ka k\u00fclastajad.Nii enda kui teiste k\u00fclastajate heaolu ja ohutuse ning keskuse h\u00e4ireteta t\u00f6\u00f6 tagamiseks palume t\u00e4ita kodukorras toodud tingimusi.Keskuses&nbsp;on lubatud pildistamine ja filmimine.Fuajees asuv keskuse garderoob on j\u00e4relevalveta ja keskus ei vastuta sinna j\u00e4etud esemete eest. Olemas on lukustatavad kapid,... Lue lis\u00e4\u00e4\" \/>\n<meta property=\"og:url\" content=\"https:\/\/jaaaeg.ee\/fi\/jaakausikeskuksesta\/kodukord\/\" \/>\n<meta property=\"og:site_name\" content=\"J\u00e4\u00e4aja Keskus\" \/>\n<meta property=\"article:publisher\" content=\"https:\/\/www.facebook.com\/JaaajaKeskus\/\" \/>\n<meta name=\"twitter:card\" content=\"summary_large_image\" \/>\n<meta name=\"twitter:label1\" content=\"Arvioitu lukuaika\" \/>\n\t<meta name=\"twitter:data1\" content=\"1 minuutti\" \/>\n<script type=\"application\/ld+json\" class=\"yoast-schema-graph\">{\"@context\":\"https:\\\/\\\/schema.org\",\"@graph\":[{\"@type\":\"WebPage\",\"@id\":\"https:\\\/\\\/jaaaeg.ee\\\/fi\\\/jaakausikeskuksesta\\\/kodukord\\\/\",\"url\":\"https:\\\/\\\/jaaaeg.ee\\\/fi\\\/jaakausikeskuksesta\\\/kodukord\\\/\",\"name\":\"Kodukord - J\u00e4\u00e4aja Keskus\",\"isPartOf\":{\"@id\":\"https:\\\/\\\/jaaaeg.ee\\\/ru\\\/#website\"},\"datePublished\":\"2020-12-22T08:59:31+00:00\",\"breadcrumb\":{\"@id\":\"https:\\\/\\\/jaaaeg.ee\\\/fi\\\/jaakausikeskuksesta\\\/kodukord\\\/#breadcrumb\"},\"inLanguage\":\"fi\",\"potentialAction\":[{\"@type\":\"ReadAction\",\"target\":[\"https:\\\/\\\/jaaaeg.ee\\\/fi\\\/jaakausikeskuksesta\\\/kodukord\\\/\"]}]},{\"@type\":\"BreadcrumbList\",\"@id\":\"https:\\\/\\\/jaaaeg.ee\\\/fi\\\/jaakausikeskuksesta\\\/kodukord\\\/#breadcrumb\",\"itemListElement\":[{\"@type\":\"ListItem\",\"position\":1,\"name\":\"Home\",\"item\":\"https:\\\/\\\/jaaaeg.ee\\\/fi\\\/\"},{\"@type\":\"ListItem\",\"position\":2,\"name\":\"J\u00e4\u00e4kausikeskuksesta\",\"item\":\"https:\\\/\\\/jaaaeg.ee\\\/fi\\\/jaakausikeskuksesta\\\/\"},{\"@type\":\"ListItem\",\"position\":3,\"name\":\"Kodukord\"}]},{\"@type\":\"WebSite\",\"@id\":\"https:\\\/\\\/jaaaeg.ee\\\/ru\\\/#website\",\"url\":\"https:\\\/\\\/jaaaeg.ee\\\/ru\\\/\",\"name\":\"J\u00e4\u00e4aja Keskus\",\"description\":\"avastamisr\u00f5\u00f5m igas vanuses k\u00fclastajatele\",\"potentialAction\":[{\"@type\":\"SearchAction\",\"target\":{\"@type\":\"EntryPoint\",\"urlTemplate\":\"https:\\\/\\\/jaaaeg.ee\\\/ru\\\/?s={search_term_string}\"},\"query-input\":{\"@type\":\"PropertyValueSpecification\",\"valueRequired\":true,\"valueName\":\"search_term_string\"}}],\"inLanguage\":\"fi\"}]}<\/script>\n<!-- \/ Yoast SEO plugin. -->","yoast_head_json":{"title":"Kodukord - J\u00e4\u00e4aja Keskus","robots":{"index":"index","follow":"follow","max-snippet":"max-snippet:-1","max-image-preview":"max-image-preview:large","max-video-preview":"max-video-preview:-1"},"canonical":"https:\/\/jaaaeg.ee\/fi\/jaakausikeskuksesta\/kodukord\/","og_locale":"fi_FI","og_type":"article","og_title":"Kodukord - J\u00e4\u00e4aja Keskus","og_description":"Hea k\u00fclastaja!Oleme r\u00f5\u00f5msad, et k\u00fclastate me keskust. Me hindame oma keskust ja eeldame, et sedateevad ka k\u00fclastajad.Nii enda kui teiste k\u00fclastajate heaolu ja ohutuse ning keskuse h\u00e4ireteta t\u00f6\u00f6 tagamiseks palume t\u00e4ita kodukorras toodud tingimusi.Keskuses&nbsp;on lubatud pildistamine ja filmimine.Fuajees asuv keskuse garderoob on j\u00e4relevalveta ja keskus ei vastuta sinna j\u00e4etud esemete eest. Olemas on lukustatavad kapid,... Lue lis\u00e4\u00e4","og_url":"https:\/\/jaaaeg.ee\/fi\/jaakausikeskuksesta\/kodukord\/","og_site_name":"J\u00e4\u00e4aja Keskus","article_publisher":"https:\/\/www.facebook.com\/JaaajaKeskus\/","twitter_card":"summary_large_image","twitter_misc":{"Arvioitu lukuaika":"1 minuutti"},"schema":{"@context":"https:\/\/schema.org","@graph":[{"@type":"WebPage","@id":"https:\/\/jaaaeg.ee\/fi\/jaakausikeskuksesta\/kodukord\/","url":"https:\/\/jaaaeg.ee\/fi\/jaakausikeskuksesta\/kodukord\/","name":"Kodukord - J\u00e4\u00e4aja Keskus","isPartOf":{"@id":"https:\/\/jaaaeg.ee\/ru\/#website"},"datePublished":"2020-12-22T08:59:31+00:00","breadcrumb":{"@id":"https:\/\/jaaaeg.ee\/fi\/jaakausikeskuksesta\/kodukord\/#breadcrumb"},"inLanguage":"fi","potentialAction":[{"@type":"ReadAction","target":["https:\/\/jaaaeg.ee\/fi\/jaakausikeskuksesta\/kodukord\/"]}]},{"@type":"BreadcrumbList","@id":"https:\/\/jaaaeg.ee\/fi\/jaakausikeskuksesta\/kodukord\/#breadcrumb","itemListElement":[{"@type":"ListItem","position":1,"name":"Home","item":"https:\/\/jaaaeg.ee\/fi\/"},{"@type":"ListItem","position":2,"name":"J\u00e4\u00e4kausikeskuksesta","item":"https:\/\/jaaaeg.ee\/fi\/jaakausikeskuksesta\/"},{"@type":"ListItem","position":3,"name":"Kodukord"}]},{"@type":"WebSite","@id":"https:\/\/jaaaeg.ee\/ru\/#website","url":"https:\/\/jaaaeg.ee\/ru\/","name":"J\u00e4\u00e4aja Keskus","description":"avastamisr\u00f5\u00f5m igas vanuses k\u00fclastajatele","potentialAction":[{"@type":"SearchAction","target":{"@type":"EntryPoint","urlTemplate":"https:\/\/jaaaeg.ee\/ru\/?s={search_term_string}"},"query-input":{"@type":"PropertyValueSpecification","valueRequired":true,"valueName":"search_term_string"}}],"inLanguage":"fi"}]}},"_links":{"self":[{"href":"https:\/\/jaaaeg.ee\/fi\/wp-json\/wp\/v2\/pages\/22576","targetHints":{"allow":["GET"]}}],"collection":[{"href":"https:\/\/jaaaeg.ee\/fi\/wp-json\/wp\/v2\/pages"}],"about":[{"href":"https:\/\/jaaaeg.ee\/fi\/wp-json\/wp\/v2\/types\/page"}],"author":[{"embeddable":true,"href":"https:\/\/jaaaeg.ee\/fi\/wp-json\/wp\/v2\/users\/3"}],"replies":[{"embeddable":true,"href":"https:\/\/jaaaeg.ee\/fi\/wp-json\/wp\/v2\/comments?post=22576"}],"version-history":[{"count":0,"href":"https:\/\/jaaaeg.ee\/fi\/wp-json\/wp\/v2\/pages\/22576\/revisions"}],"up":[{"embeddable":true,"href":"https:\/\/jaaaeg.ee\/fi\/wp-json\/wp\/v2\/pages\/1449"}],"wp:attachment":[{"href":"https:\/\/jaaaeg.ee\/fi\/wp-json\/wp\/v2\/media?parent=22576"}],"curies":[{"name":"wp","href":"https:\/\/api.w.org\/{rel}","templated":true}]}}