{"id":216,"date":"2018-09-11T15:09:58","date_gmt":"2018-09-11T12:09:58","guid":{"rendered":"http:\/\/jaaaeg.ee\/?page_id=216"},"modified":"2025-08-18T13:20:38","modified_gmt":"2025-08-18T10:20:38","slug":"lasteaiale","status":"publish","type":"page","link":"https:\/\/jaaaeg.ee\/fi\/opetajale\/lasteaiale\/","title":{"rendered":"Lasteaiale"},"content":{"rendered":"<div class=\"vce-row-container\" data-vce-boxed-width=\"true\"><div class=\"vce-row vce-row--col-gap-30 vce-row-equal-height vce-row-content--top\" id=\"el-5089fef2\" data-vce-do-apply=\"all el-5089fef2\"><div class=\"vce-row-content\" data-vce-element-content=\"true\"><div class=\"vce-col vce-col--md-auto vce-col--xs-1 vce-col--xs-last vce-col--xs-first vce-col--sm-last vce-col--sm-first vce-col--md-last vce-col--lg-last vce-col--xl-last vce-col--md-first vce-col--lg-first vce-col--xl-first\" id=\"el-04de480e\"><div class=\"vce-col-inner\" data-vce-do-apply=\"border margin background  el-04de480e\"><div class=\"vce-col-content\" data-vce-element-content=\"true\" data-vce-do-apply=\"padding el-04de480e\"><div class=\"vce-text-block\"><div class=\"vce-text-block-wrapper vce\" id=\"el-16bfa435\" data-vce-do-apply=\"all el-16bfa435\"><h3 data-start=\"384\" data-end=\"436\">\ud83d\udc3e V\u00e4ikeste avastajate seiklus J\u00e4\u00e4aja Keskuses!<\/h3><p data-start=\"438\" data-end=\"655\"><strong data-start=\"438\" data-end=\"507\">Tee oma r\u00fchmaga retk maailma, kus teadus ja m\u00e4ng k\u00e4ivad k\u00e4sik\u00e4es.<\/strong><br data-start=\"507\" data-end=\"510\">Lasteaia- ja algklassilastele m\u00f5eldud \u00f5ppeprogrammid J\u00e4\u00e4aja Keskuses on loodud selleks, et \u00f5ppimine oleks <strong data-start=\"616\" data-end=\"652\">m\u00e4nguline, avastusrohke ja l\u00f5bus<\/strong>.<\/p><p data-start=\"995\" data-end=\"1140\">K\u00f5ik tegevused on \u00fcles ehitatud nii, et lapsed saavad <strong data-start=\"1049\" data-end=\"1087\">ise katsetada, vaadata ja avastada<\/strong>, samal ajal r\u00f5\u00f5mu tundes ja uusi teadmisi kogudes.<\/p><hr data-start=\"1142\" data-end=\"1145\"><h3 data-start=\"1147\" data-end=\"1172\">\ud83d\udd52 Programmi kestus<\/h3><p data-start=\"1173\" data-end=\"1310\">Lasteaia- ja algklassir\u00fchmade \u00f5ppeprogrammid on loodud <strong data-start=\"1228\" data-end=\"1267\">just v\u00e4ikeste t\u00e4helepanuv\u00f5ime j\u00e4rgi<\/strong> \u2013 p\u00f5nev retk kestab kuni <strong data-start=\"1293\" data-end=\"1307\">60 minutit<\/strong>.<\/p><p><div class=\"woocommerce columns-4 \"><ul class=\"products columns-4\">\n<li class=\"product type-product post-26487 status-publish first instock product_cat-alg-fi product_cat-laste-fi has-post-thumbnail downloadable virtual product-type-simple\">\n\t<a href=\"https:\/\/jaaaeg.ee\/fi\/oppeprogramm\/alg-fi\/mammutipoiss-aksel-tuleb-kulla\/\" class=\"woocommerce-LoopProduct-link woocommerce-loop-product__link\"><img width=\"300\" height=\"300\" src=\"https:\/\/jaaaeg.ee\/wp-content\/uploads\/2018\/09\/OP_mammutipoeg-Aksel-tuleb-kulla-300x300.jpg\" class=\"attachment-woocommerce_thumbnail size-woocommerce_thumbnail\" alt=\"OP mammutipoeg Aksel tuleb kulla\" srcset=\"https:\/\/jaaaeg.ee\/wp-content\/uploads\/2018\/09\/OP_mammutipoeg-Aksel-tuleb-kulla-300x300.jpg 300w, https:\/\/jaaaeg.ee\/wp-content\/uploads\/2018\/09\/OP_mammutipoeg-Aksel-tuleb-kulla-150x150.jpg 150w, https:\/\/jaaaeg.ee\/wp-content\/uploads\/2018\/09\/OP_mammutipoeg-Aksel-tuleb-kulla-100x100.jpg 100w\" sizes=\"(max-width: 300px) 100vw, 300px\" \/><h2 class=\"woocommerce-loop-product__title\">Mammutipoiss \u00c4ksel tuleb k\u00fclla<\/h2>\n<\/a><a href=\"https:\/\/jaaaeg.ee\/fi\/oppeprogramm\/alg-fi\/mammutipoiss-aksel-tuleb-kulla\/\" aria-describedby=\"woocommerce_loop_add_to_cart_link_describedby_26487\" data-quantity=\"1\" class=\"button product_type_simple\" data-product_id=\"26487\" data-product_sku=\"\" aria-label=\"Lue lis\u00e4\u00e4 &ldquo;Mammutipoiss \u00c4ksel tuleb k\u00fclla&rdquo; asiasta\" rel=\"nofollow\" data-success_message=\"\">Lue lis\u00e4\u00e4<\/a>\t<span id=\"woocommerce_loop_add_to_cart_link_describedby_26487\" class=\"screen-reader-text\">\n\t\t\t<\/span>\n<\/li>\n<li class=\"product type-product post-26450 status-publish instock product_cat-alg-fi product_cat-laste-fi has-post-thumbnail downloadable virtual product-type-simple\">\n\t<a href=\"https:\/\/jaaaeg.ee\/fi\/oppeprogramm\/alg-fi\/retk-lemming-lempsiga-1h\/\" class=\"woocommerce-LoopProduct-link woocommerce-loop-product__link\"><img width=\"300\" height=\"300\" src=\"https:\/\/jaaaeg.ee\/wp-content\/uploads\/2019\/02\/IMG_0679-300x300.jpeg\" class=\"attachment-woocommerce_thumbnail size-woocommerce_thumbnail\" alt=\"Retk Lemming Lempsiga\" srcset=\"https:\/\/jaaaeg.ee\/wp-content\/uploads\/2019\/02\/IMG_0679-300x300.jpeg 300w, https:\/\/jaaaeg.ee\/wp-content\/uploads\/2019\/02\/IMG_0679-150x150.jpeg 150w, https:\/\/jaaaeg.ee\/wp-content\/uploads\/2019\/02\/IMG_0679-100x100.jpeg 100w\" sizes=\"(max-width: 300px) 100vw, 300px\" \/><h2 class=\"woocommerce-loop-product__title\">Retk lemming Lempsiga<\/h2>\n<\/a><a href=\"https:\/\/jaaaeg.ee\/fi\/oppeprogramm\/alg-fi\/retk-lemming-lempsiga-1h\/\" aria-describedby=\"woocommerce_loop_add_to_cart_link_describedby_26450\" data-quantity=\"1\" class=\"button product_type_simple\" data-product_id=\"26450\" data-product_sku=\"\" aria-label=\"Lue lis\u00e4\u00e4 &ldquo;Retk lemming Lempsiga&rdquo; asiasta\" rel=\"nofollow\" data-success_message=\"\">Lue lis\u00e4\u00e4<\/a>\t<span id=\"woocommerce_loop_add_to_cart_link_describedby_26450\" class=\"screen-reader-text\">\n\t\t\t<\/span>\n<\/li>\n<\/ul>\n<\/div><\/p><\/div><\/div><\/div><\/div><\/div><\/div><\/div><\/div>\n","protected":false},"excerpt":{"rendered":"\ud83d\udc3e V\u00e4ikeste avastajate seiklus J\u00e4\u00e4aja Keskuses!Tee oma r\u00fchmaga retk maailma, kus teadus ja m\u00e4ng k\u00e4ivad k\u00e4sik\u00e4es.Lasteaia- ja algklassilastele m\u00f5eldud \u00f5ppeprogrammid J\u00e4\u00e4aja Keskuses on loodud selleks, et \u00f5ppimine oleks m\u00e4nguline, avastusrohke ja l\u00f5bus.K\u00f5ik tegevused on \u00fcles ehitatud nii, et lapsed saavad ise katsetada, vaadata ja avastada, samal ajal r\u00f5\u00f5mu tundes ja uusi teadmisi kogudes.\ud83d\udd52 Programmi kestusLasteaia-&#8230; <a class=\"view-article\" href=\"https:\/\/jaaaeg.ee\/fi\/opetajale\/lasteaiale\/\">Lue lis\u00e4\u00e4<\/a>","protected":false},"author":1,"featured_media":83,"parent":15,"menu_order":303,"comment_status":"closed","ping_status":"closed","template":"template-sidebar.php","meta":{"_acf_changed":false,"ngg_post_thumbnail":0,"footnotes":""},"class_list":["post-216","page","type-page","status-publish","has-post-thumbnail","hentry"],"acf":[],"yoast_head":"<!-- This site is optimized with the Yoast SEO plugin v27.3 - https:\/\/yoast.com\/product\/yoast-seo-wordpress\/ -->\n<title>Lasteaiale - J\u00e4\u00e4aja Keskus<\/title>\n<meta name=\"description\" content=\"\u00d5ppeprogramm lasteaiale. aktiivsed tegevused juhendajaga J\u00e4\u00e4aja Keskuses. J\u00e4\u00e4aja Keskus Lasteaiale - Lasteaiale\" \/>\n<meta name=\"robots\" content=\"index, follow, max-snippet:-1, max-image-preview:large, max-video-preview:-1\" \/>\n<link rel=\"canonical\" href=\"https:\/\/jaaaeg.ee\/opetajale\/lasteaiale\/\" \/>\n<meta property=\"og:locale\" content=\"fi_FI\" \/>\n<meta property=\"og:type\" content=\"article\" \/>\n<meta property=\"og:title\" content=\"Lasteaiale - J\u00e4\u00e4aja Keskus\" \/>\n<meta property=\"og:description\" content=\"\u00d5ppeprogramm lasteaiale. aktiivsed tegevused juhendajaga J\u00e4\u00e4aja Keskuses. J\u00e4\u00e4aja Keskus Lasteaiale - Lasteaiale\" \/>\n<meta property=\"og:url\" content=\"https:\/\/jaaaeg.ee\/opetajale\/lasteaiale\/\" \/>\n<meta property=\"og:site_name\" content=\"J\u00e4\u00e4aja Keskus\" \/>\n<meta property=\"article:publisher\" content=\"https:\/\/www.facebook.com\/JaaajaKeskus\/\" \/>\n<meta property=\"article:modified_time\" content=\"2025-08-18T10:20:38+00:00\" \/>\n<meta property=\"og:image\" content=\"https:\/\/jaaaeg.ee\/wp-content\/uploads\/2018\/07\/aapl-scaled.jpg\" \/>\n\t<meta property=\"og:image:width\" content=\"2560\" \/>\n\t<meta property=\"og:image:height\" content=\"1707\" \/>\n\t<meta property=\"og:image:type\" content=\"image\/jpeg\" \/>\n<meta name=\"twitter:card\" content=\"summary_large_image\" \/>\n<meta name=\"twitter:label1\" content=\"Arvioitu lukuaika\" \/>\n\t<meta name=\"twitter:data1\" content=\"1 minuutti\" \/>\n<script type=\"application\/ld+json\" class=\"yoast-schema-graph\">{\"@context\":\"https:\\\/\\\/schema.org\",\"@graph\":[{\"@type\":\"WebPage\",\"@id\":\"https:\\\/\\\/jaaaeg.ee\\\/opetajale\\\/lasteaiale\\\/\",\"url\":\"https:\\\/\\\/jaaaeg.ee\\\/opetajale\\\/lasteaiale\\\/\",\"name\":\"Lasteaiale - J\u00e4\u00e4aja Keskus\",\"isPartOf\":{\"@id\":\"https:\\\/\\\/jaaaeg.ee\\\/ru\\\/#website\"},\"primaryImageOfPage\":{\"@id\":\"https:\\\/\\\/jaaaeg.ee\\\/opetajale\\\/lasteaiale\\\/#primaryimage\"},\"image\":{\"@id\":\"https:\\\/\\\/jaaaeg.ee\\\/opetajale\\\/lasteaiale\\\/#primaryimage\"},\"thumbnailUrl\":\"https:\\\/\\\/jaaaeg.ee\\\/wp-content\\\/uploads\\\/2018\\\/07\\\/aapl-scaled.jpg\",\"datePublished\":\"2018-09-11T12:09:58+00:00\",\"dateModified\":\"2025-08-18T10:20:38+00:00\",\"description\":\"\u00d5ppeprogramm lasteaiale. aktiivsed tegevused juhendajaga J\u00e4\u00e4aja Keskuses. J\u00e4\u00e4aja Keskus Lasteaiale - Lasteaiale\",\"breadcrumb\":{\"@id\":\"https:\\\/\\\/jaaaeg.ee\\\/opetajale\\\/lasteaiale\\\/#breadcrumb\"},\"inLanguage\":\"fi\",\"potentialAction\":[{\"@type\":\"ReadAction\",\"target\":[\"https:\\\/\\\/jaaaeg.ee\\\/opetajale\\\/lasteaiale\\\/\"]}]},{\"@type\":\"ImageObject\",\"inLanguage\":\"fi\",\"@id\":\"https:\\\/\\\/jaaaeg.ee\\\/opetajale\\\/lasteaiale\\\/#primaryimage\",\"url\":\"https:\\\/\\\/jaaaeg.ee\\\/wp-content\\\/uploads\\\/2018\\\/07\\\/aapl-scaled.jpg\",\"contentUrl\":\"https:\\\/\\\/jaaaeg.ee\\\/wp-content\\\/uploads\\\/2018\\\/07\\\/aapl-scaled.jpg\",\"width\":2560,\"height\":1707,\"caption\":\"aapl scaled\"},{\"@type\":\"BreadcrumbList\",\"@id\":\"https:\\\/\\\/jaaaeg.ee\\\/opetajale\\\/lasteaiale\\\/#breadcrumb\",\"itemListElement\":[{\"@type\":\"ListItem\",\"position\":1,\"name\":\"Home\",\"item\":\"https:\\\/\\\/jaaaeg.ee\\\/fi\\\/\"},{\"@type\":\"ListItem\",\"position\":2,\"name\":\"\u00d5petajale\",\"item\":\"https:\\\/\\\/jaaaeg.ee\\\/opetajale\\\/\"},{\"@type\":\"ListItem\",\"position\":3,\"name\":\"Lasteaiale\"}]},{\"@type\":\"WebSite\",\"@id\":\"https:\\\/\\\/jaaaeg.ee\\\/ru\\\/#website\",\"url\":\"https:\\\/\\\/jaaaeg.ee\\\/ru\\\/\",\"name\":\"J\u00e4\u00e4aja Keskus\",\"description\":\"avastamisr\u00f5\u00f5m igas vanuses k\u00fclastajatele\",\"potentialAction\":[{\"@type\":\"SearchAction\",\"target\":{\"@type\":\"EntryPoint\",\"urlTemplate\":\"https:\\\/\\\/jaaaeg.ee\\\/ru\\\/?s={search_term_string}\"},\"query-input\":{\"@type\":\"PropertyValueSpecification\",\"valueRequired\":true,\"valueName\":\"search_term_string\"}}],\"inLanguage\":\"fi\"}]}<\/script>\n<!-- \/ Yoast SEO plugin. -->","yoast_head_json":{"title":"Lasteaiale - J\u00e4\u00e4aja Keskus","description":"\u00d5ppeprogramm lasteaiale. aktiivsed tegevused juhendajaga J\u00e4\u00e4aja Keskuses. J\u00e4\u00e4aja Keskus Lasteaiale - Lasteaiale","robots":{"index":"index","follow":"follow","max-snippet":"max-snippet:-1","max-image-preview":"max-image-preview:large","max-video-preview":"max-video-preview:-1"},"canonical":"https:\/\/jaaaeg.ee\/opetajale\/lasteaiale\/","og_locale":"fi_FI","og_type":"article","og_title":"Lasteaiale - J\u00e4\u00e4aja Keskus","og_description":"\u00d5ppeprogramm lasteaiale. aktiivsed tegevused juhendajaga J\u00e4\u00e4aja Keskuses. J\u00e4\u00e4aja Keskus Lasteaiale - Lasteaiale","og_url":"https:\/\/jaaaeg.ee\/opetajale\/lasteaiale\/","og_site_name":"J\u00e4\u00e4aja Keskus","article_publisher":"https:\/\/www.facebook.com\/JaaajaKeskus\/","article_modified_time":"2025-08-18T10:20:38+00:00","og_image":[{"width":2560,"height":1707,"url":"https:\/\/jaaaeg.ee\/wp-content\/uploads\/2018\/07\/aapl-scaled.jpg","type":"image\/jpeg"}],"twitter_card":"summary_large_image","twitter_misc":{"Arvioitu lukuaika":"1 minuutti"},"schema":{"@context":"https:\/\/schema.org","@graph":[{"@type":"WebPage","@id":"https:\/\/jaaaeg.ee\/opetajale\/lasteaiale\/","url":"https:\/\/jaaaeg.ee\/opetajale\/lasteaiale\/","name":"Lasteaiale - J\u00e4\u00e4aja Keskus","isPartOf":{"@id":"https:\/\/jaaaeg.ee\/ru\/#website"},"primaryImageOfPage":{"@id":"https:\/\/jaaaeg.ee\/opetajale\/lasteaiale\/#primaryimage"},"image":{"@id":"https:\/\/jaaaeg.ee\/opetajale\/lasteaiale\/#primaryimage"},"thumbnailUrl":"https:\/\/jaaaeg.ee\/wp-content\/uploads\/2018\/07\/aapl-scaled.jpg","datePublished":"2018-09-11T12:09:58+00:00","dateModified":"2025-08-18T10:20:38+00:00","description":"\u00d5ppeprogramm lasteaiale. aktiivsed tegevused juhendajaga J\u00e4\u00e4aja Keskuses. J\u00e4\u00e4aja Keskus Lasteaiale - Lasteaiale","breadcrumb":{"@id":"https:\/\/jaaaeg.ee\/opetajale\/lasteaiale\/#breadcrumb"},"inLanguage":"fi","potentialAction":[{"@type":"ReadAction","target":["https:\/\/jaaaeg.ee\/opetajale\/lasteaiale\/"]}]},{"@type":"ImageObject","inLanguage":"fi","@id":"https:\/\/jaaaeg.ee\/opetajale\/lasteaiale\/#primaryimage","url":"https:\/\/jaaaeg.ee\/wp-content\/uploads\/2018\/07\/aapl-scaled.jpg","contentUrl":"https:\/\/jaaaeg.ee\/wp-content\/uploads\/2018\/07\/aapl-scaled.jpg","width":2560,"height":1707,"caption":"aapl scaled"},{"@type":"BreadcrumbList","@id":"https:\/\/jaaaeg.ee\/opetajale\/lasteaiale\/#breadcrumb","itemListElement":[{"@type":"ListItem","position":1,"name":"Home","item":"https:\/\/jaaaeg.ee\/fi\/"},{"@type":"ListItem","position":2,"name":"\u00d5petajale","item":"https:\/\/jaaaeg.ee\/opetajale\/"},{"@type":"ListItem","position":3,"name":"Lasteaiale"}]},{"@type":"WebSite","@id":"https:\/\/jaaaeg.ee\/ru\/#website","url":"https:\/\/jaaaeg.ee\/ru\/","name":"J\u00e4\u00e4aja Keskus","description":"avastamisr\u00f5\u00f5m igas vanuses k\u00fclastajatele","potentialAction":[{"@type":"SearchAction","target":{"@type":"EntryPoint","urlTemplate":"https:\/\/jaaaeg.ee\/ru\/?s={search_term_string}"},"query-input":{"@type":"PropertyValueSpecification","valueRequired":true,"valueName":"search_term_string"}}],"inLanguage":"fi"}]}},"_links":{"self":[{"href":"https:\/\/jaaaeg.ee\/fi\/wp-json\/wp\/v2\/pages\/216","targetHints":{"allow":["GET"]}}],"collection":[{"href":"https:\/\/jaaaeg.ee\/fi\/wp-json\/wp\/v2\/pages"}],"about":[{"href":"https:\/\/jaaaeg.ee\/fi\/wp-json\/wp\/v2\/types\/page"}],"author":[{"embeddable":true,"href":"https:\/\/jaaaeg.ee\/fi\/wp-json\/wp\/v2\/users\/1"}],"replies":[{"embeddable":true,"href":"https:\/\/jaaaeg.ee\/fi\/wp-json\/wp\/v2\/comments?post=216"}],"version-history":[{"count":20,"href":"https:\/\/jaaaeg.ee\/fi\/wp-json\/wp\/v2\/pages\/216\/revisions"}],"predecessor-version":[{"id":32418,"href":"https:\/\/jaaaeg.ee\/fi\/wp-json\/wp\/v2\/pages\/216\/revisions\/32418"}],"up":[{"embeddable":true,"href":"https:\/\/jaaaeg.ee\/fi\/wp-json\/wp\/v2\/pages\/15"}],"wp:featuredmedia":[{"embeddable":true,"href":"https:\/\/jaaaeg.ee\/fi\/wp-json\/wp\/v2\/media\/83"}],"wp:attachment":[{"href":"https:\/\/jaaaeg.ee\/fi\/wp-json\/wp\/v2\/media?parent=216"}],"curies":[{"name":"wp","href":"https:\/\/api.w.org\/{rel}","templated":true}]}}