{"id":1564,"date":"2018-10-02T14:22:59","date_gmt":"2018-10-02T11:22:59","guid":{"rendered":"http:\/\/jaaaeg.ee\/?page_id=1564"},"modified":"2025-05-02T14:12:39","modified_gmt":"2025-05-02T11:12:39","slug":"lautta-ajelut","status":"publish","type":"page","link":"https:\/\/jaaaeg.ee\/fi\/lautta-ajelut\/","title":{"rendered":"Lautta-ajelut"},"content":{"rendered":"<div class=\"vce-row-container\" data-vce-boxed-width=\"true\"><div class=\"vce-row vce-row--col-gap-30 vce-row-content--top\" id=\"el-7b477d29\" data-vce-do-apply=\"all el-7b477d29\"><div class=\"vce-row-content\" data-vce-element-content=\"true\"><div class=\"vce-col vce-col--md-100p vce-col--xs-1 vce-col--xs-last vce-col--xs-first vce-col--sm-last vce-col--sm-first vce-col--md-last vce-col--lg-last vce-col--xl-last vce-col--md-first vce-col--lg-first vce-col--xl-first\" id=\"el-d3b8a22c\"><div class=\"vce-col-inner\" data-vce-do-apply=\"border margin background  el-d3b8a22c\"><div class=\"vce-col-content\" data-vce-element-content=\"true\" data-vce-do-apply=\"padding el-d3b8a22c\"><div class=\"vce-text-block\"><div class=\"vce-text-block-wrapper vce\" id=\"el-52928f91\" data-vce-do-apply=\"all el-52928f91\"><p class=\"\" data-start=\"0\" data-end=\"73\">Saadj\u00e4rven lautalla risteily tarjoaa upeita luonton\u00e4kymi\u00e4 ja el\u00e4myksi\u00e4!<\/p><h3 data-start=\"78\" data-end=\"217\">1.toukokuuta \u2013 1.lokakuuta on mahdollista l\u00e4hte\u00e4 lyhyemmille tai pidemmille risteilyille kauniille Saadj\u00e4rvelle J\u00e4\u00e4kausikeskuksen rannast.<\/h3><p class=\"\" data-start=\"219\" data-end=\"348\">Lautalle mahtuu enint\u00e4\u00e4n 20 henkil\u00f6\u00e4, ja se on osittain katettu suojatakseen kevyelt\u00e4 sateelta. Lautalla on p\u00f6yti\u00e4 ja penkkej\u00e4.<\/p><h2 data-start=\"440\" data-end=\"582\">Lauttaristeily 30 min \/ 5 \u20ac \/ osallistuja.<br data-start=\"482\" data-end=\"485\">Mik\u00e4li matkustajia on alle viisi, hinta on 25 \u20ac \/ risteily.<br data-start=\"544\" data-end=\"547\">(Alle 5-vuotiaat lapset maksutta)<\/h2><p class=\"\" data-start=\"584\" data-end=\"659\">Lauttaristeily ryhmille 60 \u20ac \/ h<br data-start=\"616\" data-end=\"619\">Lauttaristeily oppaan kanssa 100 \u20ac \/ h<\/p><p class=\"\" data-start=\"661\" data-end=\"830\"><strong>Huom! Tarkista lauttojen saatavuus ja l\u00e4ht\u00f6ajat etuk\u00e4teen numerosta +372 5911 3318 tai s\u00e4hk\u00f6postitse <a rel=\"noopener\" data-start=\"762\" data-end=\"776\">info@jaaaeg.ee<\/a>. Samoista yhteystiedoista voi my\u00f6s tehd\u00e4 varauksia.<\/strong><\/p><p class=\"\" data-start=\"832\" data-end=\"923\">Lautalla on mahdollista j\u00e4rjest\u00e4\u00e4 my\u00f6s tapahtumia tarjoilun ja opastetun kierroksen kera!<\/p><h2 data-start=\"925\" data-end=\"939\"><a href=\"https:\/\/jaaaeg.ee\/fi\/yhteystiedot\/\" target=\"_blank\" rel=\"noopener\">Pyyd\u00e4 tarjous<\/a><\/h2><\/div><\/div><div class=\"vce-image-gallery vce-image-gallery--gap-10 vce-image-gallery--columns-3\"><div class=\"vce-image-gallery-wrapper vce\" id=\"el-cb71a004\" data-vce-do-apply=\"all el-cb71a004\"><div class=\"vce-image-gallery-list\"><div class=\"vce-image-gallery-item\"><figure class=\"vce-image-gallery-item-inner-wrapper\"><a href=\"https:\/\/jaaaeg.ee\/wp-content\/uploads\/2018\/10\/IMG_4606-scaled.jpg\" data-lightbox=\"lightbox-cb71a004\" class=\"vce-image-gallery-item-inner\"><img decoding=\"async\" class=\"vce-image-gallery-img\" src=\"https:\/\/jaaaeg.ee\/wp-content\/uploads\/2018\/10\/IMG_4606-700x467.jpg\" alt=\"IMG 4606 scaled\" title=\"IMG 4606 scaled\"><\/a><\/figure><\/div><div class=\"vce-image-gallery-item\"><figure class=\"vce-image-gallery-item-inner-wrapper\"><a href=\"https:\/\/jaaaeg.ee\/wp-content\/uploads\/2018\/10\/IMG_4594-scaled.jpg\" data-lightbox=\"lightbox-cb71a004\" class=\"vce-image-gallery-item-inner\"><img decoding=\"async\" class=\"vce-image-gallery-img\" src=\"https:\/\/jaaaeg.ee\/wp-content\/uploads\/2018\/10\/IMG_4594-700x440.jpg\" alt=\"IMG 4594 scaled\" title=\"IMG 4594 scaled\"><\/a><\/figure><\/div><div class=\"vce-image-gallery-item\"><figure class=\"vce-image-gallery-item-inner-wrapper\"><a href=\"https:\/\/jaaaeg.ee\/wp-content\/uploads\/2018\/10\/20220710_165921-scaled.jpg\" data-lightbox=\"lightbox-cb71a004\" class=\"vce-image-gallery-item-inner\"><img decoding=\"async\" class=\"vce-image-gallery-img\" src=\"https:\/\/jaaaeg.ee\/wp-content\/uploads\/2018\/10\/20220710_165921-700x525.jpg\" alt=\"20220710 165921 scaled\" title=\"20220710 165921 scaled\"><\/a><\/figure><\/div><div class=\"vce-image-gallery-item\"><figure class=\"vce-image-gallery-item-inner-wrapper\"><a href=\"https:\/\/jaaaeg.ee\/wp-content\/uploads\/2018\/10\/parv_2019-scaled.jpg\" data-lightbox=\"lightbox-cb71a004\" class=\"vce-image-gallery-item-inner\"><img decoding=\"async\" class=\"vce-image-gallery-img\" src=\"https:\/\/jaaaeg.ee\/wp-content\/uploads\/2018\/10\/parv_2019-700x525.jpg\" alt=\"parv 2019 scaled\" title=\"parv 2019 scaled\"><\/a><\/figure><\/div><div class=\"vce-image-gallery-item\"><figure class=\"vce-image-gallery-item-inner-wrapper\"><a href=\"https:\/\/jaaaeg.ee\/wp-content\/uploads\/2018\/10\/JK-Parv_Kadri-Valner_2023.jpg\" data-lightbox=\"lightbox-cb71a004\" class=\"vce-image-gallery-item-inner\"><img decoding=\"async\" class=\"vce-image-gallery-img\" src=\"https:\/\/jaaaeg.ee\/wp-content\/uploads\/2018\/10\/JK-Parv_Kadri-Valner_2023-700x525.jpg\" alt=\"JK Parv Kadri Valner 2023\" title=\"JK Parv Kadri Valner 2023\"><\/a><\/figure><\/div><div class=\"vce-image-gallery-item\"><figure class=\"vce-image-gallery-item-inner-wrapper\"><a href=\"https:\/\/jaaaeg.ee\/wp-content\/uploads\/2024\/06\/JK-Parv_Kadri-Valner_2023.jpg\" data-lightbox=\"lightbox-cb71a004\" class=\"vce-image-gallery-item-inner\"><img decoding=\"async\" class=\"vce-image-gallery-img\" src=\"https:\/\/jaaaeg.ee\/wp-content\/uploads\/2024\/06\/JK-Parv_Kadri-Valner_2023-700x525.jpg\" alt=\"JK Parv Kadri Valner 2023\" title=\"JK Parv Kadri Valner 2023\"><\/a><\/figure><\/div><\/div><\/div><\/div><\/div><\/div><\/div><\/div><\/div><\/div>\n","protected":false},"excerpt":{"rendered":"Saadj\u00e4rven lautalla risteily tarjoaa upeita luonton\u00e4kymi\u00e4 ja el\u00e4myksi\u00e4!1.toukokuuta \u2013 1.lokakuuta on mahdollista l\u00e4hte\u00e4 lyhyemmille tai pidemmille risteilyille kauniille Saadj\u00e4rvelle J\u00e4\u00e4kausikeskuksen rannast.Lautalle mahtuu enint\u00e4\u00e4n 20 henkil\u00f6\u00e4, ja se on osittain katettu suojatakseen kevyelt\u00e4 sateelta. Lautalla on p\u00f6yti\u00e4 ja penkkej\u00e4.Lauttaristeily 30 min \/ 5 \u20ac \/ osallistuja.Mik\u00e4li matkustajia on alle viisi, hinta on 25 \u20ac \/ risteily.(Alle&#8230; <a class=\"view-article\" href=\"https:\/\/jaaaeg.ee\/fi\/lautta-ajelut\/\">Lue lis\u00e4\u00e4<\/a>","protected":false},"author":1,"featured_media":16631,"parent":0,"menu_order":383,"comment_status":"closed","ping_status":"closed","template":"","meta":{"_acf_changed":false,"ngg_post_thumbnail":0,"footnotes":""},"class_list":["post-1564","page","type-page","status-publish","has-post-thumbnail","hentry"],"acf":[],"yoast_head":"<!-- This site is optimized with the Yoast SEO plugin v27.3 - https:\/\/yoast.com\/product\/yoast-seo-wordpress\/ -->\n<title>Lautta-ajelut - J\u00e4\u00e4aja Keskus<\/title>\n<meta name=\"robots\" content=\"index, follow, max-snippet:-1, max-image-preview:large, max-video-preview:-1\" \/>\n<link rel=\"canonical\" href=\"https:\/\/jaaaeg.ee\/fi\/lautta-ajelut\/\" \/>\n<meta property=\"og:locale\" content=\"fi_FI\" \/>\n<meta property=\"og:type\" content=\"article\" \/>\n<meta property=\"og:title\" content=\"Lautta-ajelut - J\u00e4\u00e4aja Keskus\" \/>\n<meta property=\"og:description\" content=\"Saadj\u00e4rven lautalla risteily tarjoaa upeita luonton\u00e4kymi\u00e4 ja el\u00e4myksi\u00e4!1.toukokuuta \u2013 1.lokakuuta on mahdollista l\u00e4hte\u00e4 lyhyemmille tai pidemmille risteilyille kauniille Saadj\u00e4rvelle J\u00e4\u00e4kausikeskuksen rannast.Lautalle mahtuu enint\u00e4\u00e4n 20 henkil\u00f6\u00e4, ja se on osittain katettu suojatakseen kevyelt\u00e4 sateelta. Lautalla on p\u00f6yti\u00e4 ja penkkej\u00e4.Lauttaristeily 30 min \/ 5 \u20ac \/ osallistuja.Mik\u00e4li matkustajia on alle viisi, hinta on 25 \u20ac \/ risteily.(Alle... Lue lis\u00e4\u00e4\" \/>\n<meta property=\"og:url\" content=\"https:\/\/jaaaeg.ee\/fi\/lautta-ajelut\/\" \/>\n<meta property=\"og:site_name\" content=\"J\u00e4\u00e4aja Keskus\" \/>\n<meta property=\"article:publisher\" content=\"https:\/\/www.facebook.com\/JaaajaKeskus\/\" \/>\n<meta property=\"article:modified_time\" content=\"2025-05-02T11:12:39+00:00\" \/>\n<meta property=\"og:image\" content=\"https:\/\/jaaaeg.ee\/wp-content\/uploads\/2018\/10\/DSC_1108-scaled.jpg\" \/>\n\t<meta property=\"og:image:width\" content=\"2560\" \/>\n\t<meta property=\"og:image:height\" content=\"1707\" \/>\n\t<meta property=\"og:image:type\" content=\"image\/jpeg\" \/>\n<meta name=\"twitter:card\" content=\"summary_large_image\" \/>\n<meta name=\"twitter:label1\" content=\"Arvioitu lukuaika\" \/>\n\t<meta name=\"twitter:data1\" content=\"1 minuutti\" \/>\n<script type=\"application\/ld+json\" class=\"yoast-schema-graph\">{\"@context\":\"https:\\\/\\\/schema.org\",\"@graph\":[{\"@type\":\"WebPage\",\"@id\":\"https:\\\/\\\/jaaaeg.ee\\\/fi\\\/lautta-ajelut\\\/\",\"url\":\"https:\\\/\\\/jaaaeg.ee\\\/fi\\\/lautta-ajelut\\\/\",\"name\":\"Lautta-ajelut - J\u00e4\u00e4aja Keskus\",\"isPartOf\":{\"@id\":\"https:\\\/\\\/jaaaeg.ee\\\/ru\\\/#website\"},\"primaryImageOfPage\":{\"@id\":\"https:\\\/\\\/jaaaeg.ee\\\/fi\\\/lautta-ajelut\\\/#primaryimage\"},\"image\":{\"@id\":\"https:\\\/\\\/jaaaeg.ee\\\/fi\\\/lautta-ajelut\\\/#primaryimage\"},\"thumbnailUrl\":\"https:\\\/\\\/jaaaeg.ee\\\/wp-content\\\/uploads\\\/2018\\\/10\\\/DSC_1108-scaled.jpg\",\"datePublished\":\"2018-10-02T11:22:59+00:00\",\"dateModified\":\"2025-05-02T11:12:39+00:00\",\"breadcrumb\":{\"@id\":\"https:\\\/\\\/jaaaeg.ee\\\/fi\\\/lautta-ajelut\\\/#breadcrumb\"},\"inLanguage\":\"fi\",\"potentialAction\":[{\"@type\":\"ReadAction\",\"target\":[\"https:\\\/\\\/jaaaeg.ee\\\/fi\\\/lautta-ajelut\\\/\"]}]},{\"@type\":\"ImageObject\",\"inLanguage\":\"fi\",\"@id\":\"https:\\\/\\\/jaaaeg.ee\\\/fi\\\/lautta-ajelut\\\/#primaryimage\",\"url\":\"https:\\\/\\\/jaaaeg.ee\\\/wp-content\\\/uploads\\\/2018\\\/10\\\/DSC_1108-scaled.jpg\",\"contentUrl\":\"https:\\\/\\\/jaaaeg.ee\\\/wp-content\\\/uploads\\\/2018\\\/10\\\/DSC_1108-scaled.jpg\",\"width\":2560,\"height\":1707,\"caption\":\"DSC 1108 scaled\"},{\"@type\":\"BreadcrumbList\",\"@id\":\"https:\\\/\\\/jaaaeg.ee\\\/fi\\\/lautta-ajelut\\\/#breadcrumb\",\"itemListElement\":[{\"@type\":\"ListItem\",\"position\":1,\"name\":\"Home\",\"item\":\"https:\\\/\\\/jaaaeg.ee\\\/fi\\\/\"},{\"@type\":\"ListItem\",\"position\":2,\"name\":\"Lautta-ajelut\"}]},{\"@type\":\"WebSite\",\"@id\":\"https:\\\/\\\/jaaaeg.ee\\\/ru\\\/#website\",\"url\":\"https:\\\/\\\/jaaaeg.ee\\\/ru\\\/\",\"name\":\"J\u00e4\u00e4aja Keskus\",\"description\":\"avastamisr\u00f5\u00f5m igas vanuses k\u00fclastajatele\",\"potentialAction\":[{\"@type\":\"SearchAction\",\"target\":{\"@type\":\"EntryPoint\",\"urlTemplate\":\"https:\\\/\\\/jaaaeg.ee\\\/ru\\\/?s={search_term_string}\"},\"query-input\":{\"@type\":\"PropertyValueSpecification\",\"valueRequired\":true,\"valueName\":\"search_term_string\"}}],\"inLanguage\":\"fi\"}]}<\/script>\n<!-- \/ Yoast SEO plugin. -->","yoast_head_json":{"title":"Lautta-ajelut - J\u00e4\u00e4aja Keskus","robots":{"index":"index","follow":"follow","max-snippet":"max-snippet:-1","max-image-preview":"max-image-preview:large","max-video-preview":"max-video-preview:-1"},"canonical":"https:\/\/jaaaeg.ee\/fi\/lautta-ajelut\/","og_locale":"fi_FI","og_type":"article","og_title":"Lautta-ajelut - J\u00e4\u00e4aja Keskus","og_description":"Saadj\u00e4rven lautalla risteily tarjoaa upeita luonton\u00e4kymi\u00e4 ja el\u00e4myksi\u00e4!1.toukokuuta \u2013 1.lokakuuta on mahdollista l\u00e4hte\u00e4 lyhyemmille tai pidemmille risteilyille kauniille Saadj\u00e4rvelle J\u00e4\u00e4kausikeskuksen rannast.Lautalle mahtuu enint\u00e4\u00e4n 20 henkil\u00f6\u00e4, ja se on osittain katettu suojatakseen kevyelt\u00e4 sateelta. Lautalla on p\u00f6yti\u00e4 ja penkkej\u00e4.Lauttaristeily 30 min \/ 5 \u20ac \/ osallistuja.Mik\u00e4li matkustajia on alle viisi, hinta on 25 \u20ac \/ risteily.(Alle... Lue lis\u00e4\u00e4","og_url":"https:\/\/jaaaeg.ee\/fi\/lautta-ajelut\/","og_site_name":"J\u00e4\u00e4aja Keskus","article_publisher":"https:\/\/www.facebook.com\/JaaajaKeskus\/","article_modified_time":"2025-05-02T11:12:39+00:00","og_image":[{"width":2560,"height":1707,"url":"https:\/\/jaaaeg.ee\/wp-content\/uploads\/2018\/10\/DSC_1108-scaled.jpg","type":"image\/jpeg"}],"twitter_card":"summary_large_image","twitter_misc":{"Arvioitu lukuaika":"1 minuutti"},"schema":{"@context":"https:\/\/schema.org","@graph":[{"@type":"WebPage","@id":"https:\/\/jaaaeg.ee\/fi\/lautta-ajelut\/","url":"https:\/\/jaaaeg.ee\/fi\/lautta-ajelut\/","name":"Lautta-ajelut - J\u00e4\u00e4aja Keskus","isPartOf":{"@id":"https:\/\/jaaaeg.ee\/ru\/#website"},"primaryImageOfPage":{"@id":"https:\/\/jaaaeg.ee\/fi\/lautta-ajelut\/#primaryimage"},"image":{"@id":"https:\/\/jaaaeg.ee\/fi\/lautta-ajelut\/#primaryimage"},"thumbnailUrl":"https:\/\/jaaaeg.ee\/wp-content\/uploads\/2018\/10\/DSC_1108-scaled.jpg","datePublished":"2018-10-02T11:22:59+00:00","dateModified":"2025-05-02T11:12:39+00:00","breadcrumb":{"@id":"https:\/\/jaaaeg.ee\/fi\/lautta-ajelut\/#breadcrumb"},"inLanguage":"fi","potentialAction":[{"@type":"ReadAction","target":["https:\/\/jaaaeg.ee\/fi\/lautta-ajelut\/"]}]},{"@type":"ImageObject","inLanguage":"fi","@id":"https:\/\/jaaaeg.ee\/fi\/lautta-ajelut\/#primaryimage","url":"https:\/\/jaaaeg.ee\/wp-content\/uploads\/2018\/10\/DSC_1108-scaled.jpg","contentUrl":"https:\/\/jaaaeg.ee\/wp-content\/uploads\/2018\/10\/DSC_1108-scaled.jpg","width":2560,"height":1707,"caption":"DSC 1108 scaled"},{"@type":"BreadcrumbList","@id":"https:\/\/jaaaeg.ee\/fi\/lautta-ajelut\/#breadcrumb","itemListElement":[{"@type":"ListItem","position":1,"name":"Home","item":"https:\/\/jaaaeg.ee\/fi\/"},{"@type":"ListItem","position":2,"name":"Lautta-ajelut"}]},{"@type":"WebSite","@id":"https:\/\/jaaaeg.ee\/ru\/#website","url":"https:\/\/jaaaeg.ee\/ru\/","name":"J\u00e4\u00e4aja Keskus","description":"avastamisr\u00f5\u00f5m igas vanuses k\u00fclastajatele","potentialAction":[{"@type":"SearchAction","target":{"@type":"EntryPoint","urlTemplate":"https:\/\/jaaaeg.ee\/ru\/?s={search_term_string}"},"query-input":{"@type":"PropertyValueSpecification","valueRequired":true,"valueName":"search_term_string"}}],"inLanguage":"fi"}]}},"_links":{"self":[{"href":"https:\/\/jaaaeg.ee\/fi\/wp-json\/wp\/v2\/pages\/1564","targetHints":{"allow":["GET"]}}],"collection":[{"href":"https:\/\/jaaaeg.ee\/fi\/wp-json\/wp\/v2\/pages"}],"about":[{"href":"https:\/\/jaaaeg.ee\/fi\/wp-json\/wp\/v2\/types\/page"}],"author":[{"embeddable":true,"href":"https:\/\/jaaaeg.ee\/fi\/wp-json\/wp\/v2\/users\/1"}],"replies":[{"embeddable":true,"href":"https:\/\/jaaaeg.ee\/fi\/wp-json\/wp\/v2\/comments?post=1564"}],"version-history":[{"count":14,"href":"https:\/\/jaaaeg.ee\/fi\/wp-json\/wp\/v2\/pages\/1564\/revisions"}],"predecessor-version":[{"id":31236,"href":"https:\/\/jaaaeg.ee\/fi\/wp-json\/wp\/v2\/pages\/1564\/revisions\/31236"}],"wp:featuredmedia":[{"embeddable":true,"href":"https:\/\/jaaaeg.ee\/fi\/wp-json\/wp\/v2\/media\/16631"}],"wp:attachment":[{"href":"https:\/\/jaaaeg.ee\/fi\/wp-json\/wp\/v2\/media?parent=1564"}],"curies":[{"name":"wp","href":"https:\/\/api.w.org\/{rel}","templated":true}]}}