{"id":1559,"date":"2018-10-02T14:18:00","date_gmt":"2018-10-02T11:18:00","guid":{"rendered":"http:\/\/jaaaeg.ee\/?page_id=1559"},"modified":"2025-06-09T14:09:24","modified_gmt":"2025-06-09T11:09:24","slug":"tilojen-vuokraus","status":"publish","type":"page","link":"https:\/\/jaaaeg.ee\/fi\/tilojen-vuokraus\/","title":{"rendered":"Tilojen vuokraus"},"content":{"rendered":"<div class=\"vce-row-container\" data-vce-boxed-width=\"true\"><div class=\"vce-row vce-row--col-gap-30 vce-row-content--top\" id=\"el-b3e37838\" data-vce-do-apply=\"all el-b3e37838\"><div class=\"vce-row-content\" data-vce-element-content=\"true\"><div class=\"vce-col vce-col--md-100p vce-col--xs-1 vce-col--xs-last vce-col--xs-first vce-col--sm-last vce-col--sm-first vce-col--md-last vce-col--lg-last vce-col--xl-last vce-col--md-first vce-col--lg-first vce-col--xl-first\" id=\"el-785f3d60\"><div class=\"vce-col-inner\" data-vce-do-apply=\"border margin background  el-785f3d60\"><div class=\"vce-col-content\" data-vce-element-content=\"true\" data-vce-do-apply=\"padding el-785f3d60\"><div class=\"vce-text-block\"><div class=\"vce-text-block-wrapper vce\" id=\"el-59d60c69\" data-vce-do-apply=\"all el-59d60c69\"><p><!--vcv no format--><\/p><div class=\"vce-row-container\"><div id=\"el-3f255f68\" class=\"vce-row vce-row--col-gap-30 vce-row-columns--top vce-row-content--top\" data-vce-do-apply=\"all el-3f255f68\"><div class=\"vce-row-content\" data-vce-element-content=\"true\"><div id=\"el-a308d27d\" class=\"vce-col vce-col--md-100p vce-col--xs-1 vce-col--xs-last vce-col--xs-first vce-col--sm-last vce-col--sm-first vce-col--md-last vce-col--lg-last vce-col--xl-last vce-col--md-first vce-col--lg-first vce-col--xl-first\" data-vce-do-apply=\"background border el-a308d27d\"><div class=\"vce-col-inner\" data-vce-element-content=\"true\" data-vce-do-apply=\"padding margin el-a308d27d\"><div class=\"vce-text-block\"><div id=\"el-b0ded43c\" class=\"vce-text-block-wrapper vce\" data-vce-do-apply=\"all el-b0ded43c\"><p>J\u00e4\u00e4kausikeskus on loistava paikka erilaisten <strong>konferenssien, syntym\u00e4p\u00e4ivien ja muiden tilaisuuksien<\/strong> j\u00e4rjest\u00e4miseen. T\u00e4\u00e4lt\u00e4 voi varata sek\u00e4 yksityisi\u00e4 koulutustiloja ett\u00e4 koko keskuksen - <strong>tutustu mahdollisuuksiimme ja pyyd\u00e4 tarjous!<\/strong><strong>&nbsp;<\/strong><\/p><p>Haluttaessa voimme lis\u00e4ksi tarjota my\u00f6s kiinnostavia ekskursioita, leikkej\u00e4 ja lauttamatkan Saadj\u00e4rvell\u00e4. Samoin tarjoamme muonitusta ja catering-palvelua. Kysy lis\u00e4\u00e4, niin teemme teille tarjouksen! Voimme varmasti antaa my\u00f6s hyvi\u00e4 neuvoja, miten teid\u00e4n tapahtumastanne voi tehd\u00e4 viel\u00e4kin mieleenpainuvamman! Yhteisty\u00f6ss\u00e4 l\u00f6yd\u00e4mme teille sopivat ratkaisut!<\/p><\/div><\/div><\/div><\/div><\/div><\/div><\/div><p><!--vcv no format--><\/p><\/div><\/div><div class=\"vce-faq-toggle vce-faq-toggle-color--fff vce-faq-toggle-shape-color--1D64C5 vce-faq-toggle-shape--rounded\"><div class=\"vce-faq-toggle-wrapper vce\" id=\"el-3c037cd8\" data-vce-do-apply=\"margin padding border background  el-3c037cd8\"><div class=\"vce-faq-toggle-inner\"><div class=\"vce-faq-toggle-title\"><h3 class=\"vce-faq-toggle-title-text\" aria-controls=\"faqToggle-3c037cd8\" aria-expanded=\"false\"><i class=\"vce-faq-toggle-icon\"><\/i>Konferenssisali<\/h3><\/div><div class=\"vce-faq-toggle-text-block\" role=\"region\" id=\"faqToggle-3c037cd8\"><p>Uusi, erillinen konferenssisali, josta avautuu n\u00e4kym\u00e4 ihmeen kauniille Saadj\u00e4rvelle, sopii sek\u00e4 virallisten tilaisuuksien ett\u00e4 mieleenpainuvien syntym\u00e4p\u00e4ivien pit\u00e4miseen.<\/p><ul><li>teatterin tapaan 120 istumapaikkaa<\/li><li>p\u00f6ytien ymp\u00e4rille sijoitettuna 100 paikkaa<\/li><li>WiFi<\/li><li>n\u00e4ytt\u00f6<\/li><li>ravitsemus<\/li><\/ul><p>Hinta: info@jaaaeg.ee \/ 59113318<\/p><\/div><\/div><\/div><\/div><div class=\"vce-faq-toggle vce-faq-toggle-color--fff vce-faq-toggle-shape-color--1D64C5 vce-faq-toggle-shape--rounded\"><div class=\"vce-faq-toggle-wrapper vce\" id=\"el-fd4b1393\" data-vce-do-apply=\"margin padding border background  el-fd4b1393\"><div class=\"vce-faq-toggle-inner\"><div class=\"vce-faq-toggle-title\"><h3 class=\"vce-faq-toggle-title-text\" aria-controls=\"faqToggle-fd4b1393\" aria-expanded=\"false\"><i class=\"vce-faq-toggle-icon\"><\/i>Palavankiven sali<\/h3><\/div><div class=\"vce-faq-toggle-text-block\" role=\"region\" id=\"faqToggle-fd4b1393\"><p>J\u00e4\u00e4kausikeskuksen kolmannessa kerroksessa oleva energetiikka-aiheinen sali sopii suurenmoisesti konferenssien ja muiden tilaisuuksien j\u00e4rjest\u00e4miseen.<\/p><ul><li>teatterin tapaan 60 istumapaikkaa<\/li><li>p\u00f6ytien ymp\u00e4rille sijoitettuna 30 paikkaa<\/li><li>WiFi<\/li><li>projektori<\/li><li>n\u00e4ytt\u00f6<\/li><li>ravitsemus<\/li><\/ul><p>Hinta: info@jaaaeg.ee \/ 59113318<\/p><p>&nbsp;<\/p><\/div><\/div><\/div><\/div><div class=\"vce-faq-toggle vce-faq-toggle-color--fff vce-faq-toggle-shape-color--1D64C5 vce-faq-toggle-shape--rounded\"><div class=\"vce-faq-toggle-wrapper vce\" id=\"el-e080696a\" data-vce-do-apply=\"margin padding border background  el-e080696a\"><div class=\"vce-faq-toggle-inner\"><div class=\"vce-faq-toggle-title\"><h3 class=\"vce-faq-toggle-title-text\" aria-controls=\"faqToggle-e080696a\" aria-expanded=\"false\"><i class=\"vce-faq-toggle-icon\"><\/i>Atrium<\/h3><\/div><div class=\"vce-faq-toggle-text-block\" role=\"region\" id=\"faqToggle-e080696a\"><p>Tilava ja sisustukseltaan kiinnostava J\u00e4\u00e4kausikeskuksen atrium, jonka keskell\u00e4 on aidon kokoinen mammutti, tarjoaa mieleenpainuvan mahdollisuuden kaikenlaisten tilaisuuksien ja konferenssien j\u00e4rjest\u00e4miseen.<\/p><ul><li>enint\u00e4\u00e4n 300 seisomapaikkaa<\/li><li>teatterin tapaan 200 istumapaikkaa<\/li><li>p\u00f6ytien ymp\u00e4rille sijoitettuna 100 paikkaa<\/li><li>WiFi<\/li><li>projektori<\/li><li>n\u00e4ytt\u00f6<\/li><li>ravitsemus<\/li><\/ul><p>Hinta: info@jaaaeg.ee \/ 59113318<\/p><\/div><\/div><\/div><\/div><div class=\"vce-faq-toggle vce-faq-toggle-color--fff vce-faq-toggle-shape-color--1D64C5 vce-faq-toggle-shape--rounded\"><div class=\"vce-faq-toggle-wrapper vce\" id=\"el-3adcd4f3\" data-vce-do-apply=\"margin padding border background  el-3adcd4f3\"><div class=\"vce-faq-toggle-inner\"><div class=\"vce-faq-toggle-title\"><h3 class=\"vce-faq-toggle-title-text\" aria-controls=\"faqToggle-3adcd4f3\" aria-expanded=\"false\"><i class=\"vce-faq-toggle-icon\"><\/i>J\u00e4\u00e4kauden Keskus (koko talo)<\/h3><\/div><div class=\"vce-faq-toggle-text-block\" role=\"region\" id=\"faqToggle-3adcd4f3\"><p>L\u00e4pi kolmen kerroksen olevaan ja keskell\u00e4 sijaitsevan tilavan atriumin omaavaan J\u00e4\u00e4kausikeskukseen mahtuu jopa 800 henke\u00e4, joka mahdollistaa hyvinkin erilaisten ja juhlavien tilaisuuksien toteutuksen. Keskuksessa on 2200 neli\u00f6metri\u00e4 kiinnostavaa n\u00e4yttelyalaa.<\/p><ul><li>enint\u00e4\u00e4n 800 seisomapaikkaa teatterin tapaan l\u00e4pi talon<\/li><li>400 istumapaikkaa<\/li><li>p\u00f6ytien ymp\u00e4rille sijoitettuna 200 paikkaa<\/li><li>WiFi<\/li><li>projektori<\/li><li>n\u00e4ytt\u00f6<\/li><li>ravitsemus<\/li><\/ul><p>Hinta: info@jaaaeg.ee \/ 59113318<\/p><\/div><\/div><\/div><\/div><div class=\"vce-faq-toggle vce-faq-toggle-color--fff vce-faq-toggle-shape-color--1D64C5 vce-faq-toggle-shape--rounded\"><div class=\"vce-faq-toggle-wrapper vce\" id=\"el-269dc51a\" data-vce-do-apply=\"margin padding border background  el-269dc51a\"><div class=\"vce-faq-toggle-inner\"><div class=\"vce-faq-toggle-title\"><h3 class=\"vce-faq-toggle-title-text\" aria-controls=\"faqToggle-269dc51a\" aria-expanded=\"false\"><i class=\"vce-faq-toggle-icon\"><\/i>Lautta<\/h3><\/div><div class=\"vce-faq-toggle-text-block\" role=\"region\" id=\"faqToggle-269dc51a\"><p>Kes\u00e4kautena on mahdollista k\u00e4ytt\u00e4\u00e4 tilaisuuksien j\u00e4rjest\u00e4miseen my\u00f6s Saadj\u00e4rvell\u00e4 uitettavaa lauttaa. J\u00e4\u00e4kausikeskuksen luota voi suorittaa lyhyempi\u00e4 tai pitempi\u00e4 luonto-opintomatkoja maalaukselliselle Saadj\u00e4rvelle, lauttureina J\u00e4\u00e4kausikeskuksen oppaat, jotka kertovat j\u00e4nnitt\u00e4vi\u00e4 tarinoita Saadj\u00e4rven luonnosta, Vooremaan muotoutumisesti ja Kalevipojan sankariteoista.<\/p><ul><li>tilaa enint\u00e4\u00e4n 20 hengelle<\/li><li>lautta on 13,5 metri\u00e4 pitk\u00e4 ja 6 metri\u00e4 leve\u00e4<\/li><li>olemassa p\u00f6yd\u00e4t ja tuolit<\/li><li>lautta on osittain katettu ja siin\u00e4 on sein\u00e4t, joten matkustajat ovat suojassa kevyemm\u00e4lt\u00e4 sateelta ja tuulelta<\/li><\/ul><p>Hinta: info@jaaaeg.ee \/ 59113318<\/p><\/div><\/div><\/div><\/div><div class=\"vce-faq-toggle vce-faq-toggle-color--fff vce-faq-toggle-shape-color--1D64C5 vce-faq-toggle-shape--rounded\"><div class=\"vce-faq-toggle-wrapper vce\" id=\"el-dbb89321\" data-vce-do-apply=\"margin padding border background  el-dbb89321\"><div class=\"vce-faq-toggle-inner\"><div class=\"vce-faq-toggle-title\"><h3 class=\"vce-faq-toggle-title-text\" aria-controls=\"faqToggle-dbb89321\" aria-expanded=\"false\"><i class=\"vce-faq-toggle-icon\"><\/i>Kahvila <\/h3><\/div><div class=\"vce-faq-toggle-text-block\" role=\"region\" id=\"faqToggle-dbb89321\"><p>Uudessa kahvilassa voi pit\u00e4\u00e4 sek\u00e4 isompia ett\u00e4 pienempi\u00e4 tilaisuuksia. Kahvilasta avautuu n\u00e4kym\u00e4 ihmeen kauniille Saadj\u00e4rvelle.<\/p><ul><li>p\u00f6ytien ymp\u00e4rille sijoitettuna 70 paikkaa<\/li><li>WiFi<\/li><li>1 televisiota<\/li><li>ravitsemus<\/li><\/ul><p>Hinta: info@jaaaeg.ee \/ 59113318<\/p><\/div><\/div><\/div><\/div><\/div><\/div><\/div><\/div><\/div><\/div>\n","protected":false},"excerpt":{"rendered":"J\u00e4\u00e4kausikeskus on loistava paikka erilaisten konferenssien, syntym\u00e4p\u00e4ivien ja muiden tilaisuuksien j\u00e4rjest\u00e4miseen. T\u00e4\u00e4lt\u00e4 voi varata sek\u00e4 yksityisi\u00e4 koulutustiloja ett\u00e4 koko keskuksen &#8211; tutustu mahdollisuuksiimme ja pyyd\u00e4 tarjous!&nbsp;Haluttaessa voimme lis\u00e4ksi tarjota my\u00f6s kiinnostavia ekskursioita, leikkej\u00e4 ja lauttamatkan Saadj\u00e4rvell\u00e4. Samoin tarjoamme muonitusta ja catering-palvelua. Kysy lis\u00e4\u00e4, niin teemme teille tarjouksen! Voimme varmasti antaa my\u00f6s hyvi\u00e4 neuvoja, miten teid\u00e4n&#8230; <a class=\"view-article\" href=\"https:\/\/jaaaeg.ee\/fi\/tilojen-vuokraus\/\">Lue lis\u00e4\u00e4<\/a>","protected":false},"author":1,"featured_media":33022,"parent":0,"menu_order":395,"comment_status":"closed","ping_status":"closed","template":"","meta":{"_acf_changed":false,"ngg_post_thumbnail":0,"footnotes":""},"class_list":["post-1559","page","type-page","status-publish","has-post-thumbnail","hentry"],"acf":[],"yoast_head":"<!-- This site is optimized with the Yoast SEO plugin v27.4 - https:\/\/yoast.com\/product\/yoast-seo-wordpress\/ -->\n<title>Tilojen vuokraus - J\u00e4\u00e4aja Keskus<\/title>\n<meta name=\"robots\" content=\"index, follow, max-snippet:-1, max-image-preview:large, max-video-preview:-1\" \/>\n<link rel=\"canonical\" href=\"https:\/\/jaaaeg.ee\/fi\/tilojen-vuokraus\/\" \/>\n<meta property=\"og:locale\" content=\"fi_FI\" \/>\n<meta property=\"og:type\" content=\"article\" \/>\n<meta property=\"og:title\" content=\"Tilojen vuokraus - J\u00e4\u00e4aja Keskus\" \/>\n<meta property=\"og:description\" content=\"J\u00e4\u00e4kausikeskus on loistava paikka erilaisten konferenssien, syntym\u00e4p\u00e4ivien ja muiden tilaisuuksien j\u00e4rjest\u00e4miseen. T\u00e4\u00e4lt\u00e4 voi varata sek\u00e4 yksityisi\u00e4 koulutustiloja ett\u00e4 koko keskuksen - tutustu mahdollisuuksiimme ja pyyd\u00e4 tarjous!&nbsp;Haluttaessa voimme lis\u00e4ksi tarjota my\u00f6s kiinnostavia ekskursioita, leikkej\u00e4 ja lauttamatkan Saadj\u00e4rvell\u00e4. Samoin tarjoamme muonitusta ja catering-palvelua. Kysy lis\u00e4\u00e4, niin teemme teille tarjouksen! Voimme varmasti antaa my\u00f6s hyvi\u00e4 neuvoja, miten teid\u00e4n... Lue lis\u00e4\u00e4\" \/>\n<meta property=\"og:url\" content=\"https:\/\/jaaaeg.ee\/fi\/tilojen-vuokraus\/\" \/>\n<meta property=\"og:site_name\" content=\"J\u00e4\u00e4aja Keskus\" \/>\n<meta property=\"article:publisher\" content=\"https:\/\/www.facebook.com\/JaaajaKeskus\/\" \/>\n<meta property=\"article:modified_time\" content=\"2025-06-09T11:09:24+00:00\" \/>\n<meta property=\"og:image\" content=\"https:\/\/jaaaeg.ee\/wp-content\/uploads\/2018\/07\/aapl-scaled.jpg\" \/>\n\t<meta property=\"og:image:width\" content=\"2560\" \/>\n\t<meta property=\"og:image:height\" content=\"1707\" \/>\n\t<meta property=\"og:image:type\" content=\"image\/jpeg\" \/>\n<meta name=\"twitter:card\" content=\"summary_large_image\" \/>\n<meta name=\"twitter:label1\" content=\"Arvioitu lukuaika\" \/>\n\t<meta name=\"twitter:data1\" content=\"2 minuuttia\" \/>\n<script type=\"application\/ld+json\" class=\"yoast-schema-graph\">{\"@context\":\"https:\\\/\\\/schema.org\",\"@graph\":[{\"@type\":\"WebPage\",\"@id\":\"https:\\\/\\\/jaaaeg.ee\\\/fi\\\/tilojen-vuokraus\\\/\",\"url\":\"https:\\\/\\\/jaaaeg.ee\\\/fi\\\/tilojen-vuokraus\\\/\",\"name\":\"Tilojen vuokraus - J\u00e4\u00e4aja Keskus\",\"isPartOf\":{\"@id\":\"https:\\\/\\\/jaaaeg.ee\\\/ru\\\/#website\"},\"primaryImageOfPage\":{\"@id\":\"https:\\\/\\\/jaaaeg.ee\\\/fi\\\/tilojen-vuokraus\\\/#primaryimage\"},\"image\":{\"@id\":\"https:\\\/\\\/jaaaeg.ee\\\/fi\\\/tilojen-vuokraus\\\/#primaryimage\"},\"thumbnailUrl\":\"https:\\\/\\\/jaaaeg.ee\\\/wp-content\\\/uploads\\\/2025\\\/10\\\/4-lauda-parketil-1.png\",\"datePublished\":\"2018-10-02T11:18:00+00:00\",\"dateModified\":\"2025-06-09T11:09:24+00:00\",\"breadcrumb\":{\"@id\":\"https:\\\/\\\/jaaaeg.ee\\\/fi\\\/tilojen-vuokraus\\\/#breadcrumb\"},\"inLanguage\":\"fi\",\"potentialAction\":[{\"@type\":\"ReadAction\",\"target\":[\"https:\\\/\\\/jaaaeg.ee\\\/fi\\\/tilojen-vuokraus\\\/\"]}]},{\"@type\":\"ImageObject\",\"inLanguage\":\"fi\",\"@id\":\"https:\\\/\\\/jaaaeg.ee\\\/fi\\\/tilojen-vuokraus\\\/#primaryimage\",\"url\":\"https:\\\/\\\/jaaaeg.ee\\\/wp-content\\\/uploads\\\/2025\\\/10\\\/4-lauda-parketil-1.png\",\"contentUrl\":\"https:\\\/\\\/jaaaeg.ee\\\/wp-content\\\/uploads\\\/2025\\\/10\\\/4-lauda-parketil-1.png\",\"width\":1536,\"height\":1024},{\"@type\":\"BreadcrumbList\",\"@id\":\"https:\\\/\\\/jaaaeg.ee\\\/fi\\\/tilojen-vuokraus\\\/#breadcrumb\",\"itemListElement\":[{\"@type\":\"ListItem\",\"position\":1,\"name\":\"Home\",\"item\":\"https:\\\/\\\/jaaaeg.ee\\\/fi\\\/\"},{\"@type\":\"ListItem\",\"position\":2,\"name\":\"Tilojen vuokraus\"}]},{\"@type\":\"WebSite\",\"@id\":\"https:\\\/\\\/jaaaeg.ee\\\/ru\\\/#website\",\"url\":\"https:\\\/\\\/jaaaeg.ee\\\/ru\\\/\",\"name\":\"J\u00e4\u00e4aja Keskus\",\"description\":\"avastamisr\u00f5\u00f5m igas vanuses k\u00fclastajatele\",\"potentialAction\":[{\"@type\":\"SearchAction\",\"target\":{\"@type\":\"EntryPoint\",\"urlTemplate\":\"https:\\\/\\\/jaaaeg.ee\\\/ru\\\/?s={search_term_string}\"},\"query-input\":{\"@type\":\"PropertyValueSpecification\",\"valueRequired\":true,\"valueName\":\"search_term_string\"}}],\"inLanguage\":\"fi\"}]}<\/script>\n<!-- \/ Yoast SEO plugin. -->","yoast_head_json":{"title":"Tilojen vuokraus - J\u00e4\u00e4aja Keskus","robots":{"index":"index","follow":"follow","max-snippet":"max-snippet:-1","max-image-preview":"max-image-preview:large","max-video-preview":"max-video-preview:-1"},"canonical":"https:\/\/jaaaeg.ee\/fi\/tilojen-vuokraus\/","og_locale":"fi_FI","og_type":"article","og_title":"Tilojen vuokraus - J\u00e4\u00e4aja Keskus","og_description":"J\u00e4\u00e4kausikeskus on loistava paikka erilaisten konferenssien, syntym\u00e4p\u00e4ivien ja muiden tilaisuuksien j\u00e4rjest\u00e4miseen. T\u00e4\u00e4lt\u00e4 voi varata sek\u00e4 yksityisi\u00e4 koulutustiloja ett\u00e4 koko keskuksen - tutustu mahdollisuuksiimme ja pyyd\u00e4 tarjous!&nbsp;Haluttaessa voimme lis\u00e4ksi tarjota my\u00f6s kiinnostavia ekskursioita, leikkej\u00e4 ja lauttamatkan Saadj\u00e4rvell\u00e4. Samoin tarjoamme muonitusta ja catering-palvelua. Kysy lis\u00e4\u00e4, niin teemme teille tarjouksen! Voimme varmasti antaa my\u00f6s hyvi\u00e4 neuvoja, miten teid\u00e4n... Lue lis\u00e4\u00e4","og_url":"https:\/\/jaaaeg.ee\/fi\/tilojen-vuokraus\/","og_site_name":"J\u00e4\u00e4aja Keskus","article_publisher":"https:\/\/www.facebook.com\/JaaajaKeskus\/","article_modified_time":"2025-06-09T11:09:24+00:00","og_image":[{"width":2560,"height":1707,"url":"https:\/\/jaaaeg.ee\/wp-content\/uploads\/2018\/07\/aapl-scaled.jpg","type":"image\/jpeg"}],"twitter_card":"summary_large_image","twitter_misc":{"Arvioitu lukuaika":"2 minuuttia"},"schema":{"@context":"https:\/\/schema.org","@graph":[{"@type":"WebPage","@id":"https:\/\/jaaaeg.ee\/fi\/tilojen-vuokraus\/","url":"https:\/\/jaaaeg.ee\/fi\/tilojen-vuokraus\/","name":"Tilojen vuokraus - J\u00e4\u00e4aja Keskus","isPartOf":{"@id":"https:\/\/jaaaeg.ee\/ru\/#website"},"primaryImageOfPage":{"@id":"https:\/\/jaaaeg.ee\/fi\/tilojen-vuokraus\/#primaryimage"},"image":{"@id":"https:\/\/jaaaeg.ee\/fi\/tilojen-vuokraus\/#primaryimage"},"thumbnailUrl":"https:\/\/jaaaeg.ee\/wp-content\/uploads\/2025\/10\/4-lauda-parketil-1.png","datePublished":"2018-10-02T11:18:00+00:00","dateModified":"2025-06-09T11:09:24+00:00","breadcrumb":{"@id":"https:\/\/jaaaeg.ee\/fi\/tilojen-vuokraus\/#breadcrumb"},"inLanguage":"fi","potentialAction":[{"@type":"ReadAction","target":["https:\/\/jaaaeg.ee\/fi\/tilojen-vuokraus\/"]}]},{"@type":"ImageObject","inLanguage":"fi","@id":"https:\/\/jaaaeg.ee\/fi\/tilojen-vuokraus\/#primaryimage","url":"https:\/\/jaaaeg.ee\/wp-content\/uploads\/2025\/10\/4-lauda-parketil-1.png","contentUrl":"https:\/\/jaaaeg.ee\/wp-content\/uploads\/2025\/10\/4-lauda-parketil-1.png","width":1536,"height":1024},{"@type":"BreadcrumbList","@id":"https:\/\/jaaaeg.ee\/fi\/tilojen-vuokraus\/#breadcrumb","itemListElement":[{"@type":"ListItem","position":1,"name":"Home","item":"https:\/\/jaaaeg.ee\/fi\/"},{"@type":"ListItem","position":2,"name":"Tilojen vuokraus"}]},{"@type":"WebSite","@id":"https:\/\/jaaaeg.ee\/ru\/#website","url":"https:\/\/jaaaeg.ee\/ru\/","name":"J\u00e4\u00e4aja Keskus","description":"avastamisr\u00f5\u00f5m igas vanuses k\u00fclastajatele","potentialAction":[{"@type":"SearchAction","target":{"@type":"EntryPoint","urlTemplate":"https:\/\/jaaaeg.ee\/ru\/?s={search_term_string}"},"query-input":{"@type":"PropertyValueSpecification","valueRequired":true,"valueName":"search_term_string"}}],"inLanguage":"fi"}]}},"_links":{"self":[{"href":"https:\/\/jaaaeg.ee\/fi\/wp-json\/wp\/v2\/pages\/1559","targetHints":{"allow":["GET"]}}],"collection":[{"href":"https:\/\/jaaaeg.ee\/fi\/wp-json\/wp\/v2\/pages"}],"about":[{"href":"https:\/\/jaaaeg.ee\/fi\/wp-json\/wp\/v2\/types\/page"}],"author":[{"embeddable":true,"href":"https:\/\/jaaaeg.ee\/fi\/wp-json\/wp\/v2\/users\/1"}],"replies":[{"embeddable":true,"href":"https:\/\/jaaaeg.ee\/fi\/wp-json\/wp\/v2\/comments?post=1559"}],"version-history":[{"count":11,"href":"https:\/\/jaaaeg.ee\/fi\/wp-json\/wp\/v2\/pages\/1559\/revisions"}],"predecessor-version":[{"id":31415,"href":"https:\/\/jaaaeg.ee\/fi\/wp-json\/wp\/v2\/pages\/1559\/revisions\/31415"}],"wp:featuredmedia":[{"embeddable":true,"href":"https:\/\/jaaaeg.ee\/fi\/wp-json\/wp\/v2\/media\/33022"}],"wp:attachment":[{"href":"https:\/\/jaaaeg.ee\/fi\/wp-json\/wp\/v2\/media?parent=1559"}],"curies":[{"name":"wp","href":"https:\/\/api.w.org\/{rel}","templated":true}]}}