{"id":1553,"date":"2018-10-02T12:21:07","date_gmt":"2018-10-02T09:21:07","guid":{"rendered":"http:\/\/jaaaeg.ee\/?page_id=1553"},"modified":"2026-03-05T16:48:44","modified_gmt":"2026-03-05T14:48:44","slug":"jaakausikeskuksen-kahvila","status":"publish","type":"page","link":"https:\/\/jaaaeg.ee\/fi\/jaakausikeskuksen-kahvila\/","title":{"rendered":"Kahvila"},"content":{"rendered":"\r\n<div class=\"vce-row-container\" data-vce-boxed-width=\"true\">\r\n<div id=\"el-20aab5b8\" class=\"vce-row vce-row--col-gap-30 vce-row-content--top\" data-vce-do-apply=\"all el-20aab5b8\">\r\n<div class=\"vce-row-content\" data-vce-element-content=\"true\">\r\n\r\n\r\n<div id=\"el-9ac23f07\" class=\"vce-col vce-col--md-100p vce-col--xs-1 vce-col--xs-last vce-col--xs-first vce-col--sm-last vce-col--sm-first vce-col--md-last vce-col--lg-last vce-col--xl-last vce-col--md-first vce-col--lg-first vce-col--xl-first\">\r\n<div class=\"vce-col-inner\" data-vce-do-apply=\"border margin background el-9ac23f07\">\r\n<div class=\"vce-col-content\" data-vce-element-content=\"true\" data-vce-do-apply=\"padding el-9ac23f07\">\r\n\r\n\r\n<div class=\"vce-text-block\">\r\n<div id=\"el-a07a5658\" class=\"vce-text-block-wrapper vce\" data-vce-do-apply=\"all el-a07a5658\">\r\n<p data-start=\"432\" data-end=\"519\" data-is-last-node=\"\" data-is-only-node=\"\">Mon\u2013Fri by pre-booking<\/p>\r\n\r\n<h2 data-start=\"432\" data-end=\"519\">Sat\u2013Sun 10\u201317<\/h2>\r\n<p data-start=\"495\" data-end=\"666\">Aamiainen klo 10\u201312<\/p>\r\n<p data-start=\"495\" data-end=\"666\">L\u00e4mmin lounasbuffet klo 12\u201316<\/p>\r\n<p data-start=\"495\" data-end=\"666\">Lasten menu ja p\u00e4iv\u00e4n menu klo 12\u201317<\/p>\r\n<p data-start=\"668\" data-end=\"852\"><strong data-start=\"668\" data-end=\"734\">\r\nJ\u00e4\u00e4kausikeskuksen kahvila \u2013 lounasta Saadj\u00e4rven j\u00e4rvin\u00e4kym\u00e4ll\u00e4<\/strong><br data-start=\"734\" data-end=\"737\">Vastaremontoitu kahvila Saadj\u00e4rven rannalla toivottaa sinut tervetulleeksi raikkaassa ja viihtyis\u00e4ss\u00e4 ilmapiiriss\u00e4.<\/p>\r\n<p data-start=\"854\" data-end=\"964\">Keskuksen ensimm\u00e4isess\u00e4 kerroksessa sijaitsee perheyst\u00e4v\u00e4llinen kahvila, josta avautuu kaunis n\u00e4kym\u00e4 j\u00e4rvelle.<\/p>\r\n<p data-start=\"966\" data-end=\"1142\">Tarjoamme my\u00f6s ryhm\u00e4menuja, hauskoja annoksia lapsille sek\u00e4 tarjoiluja syntym\u00e4p\u00e4iville ja seminaareihin.<br data-start=\"1070\" data-end=\"1073\">Vuokraamme tiloja ja autamme mielell\u00e4mme tapahtumien j\u00e4rjest\u00e4misess\u00e4.<\/p>\r\n\r\n<h2 data-start=\"1144\" data-end=\"1278\">Varaa p\u00f6yt\u00e4 tai tila: +372 5911 3318 tai <a class=\"cursor-pointer\" rel=\"noopener\" data-start=\"1185\" data-end=\"1199\">info@jaaaeg.ee\r\n<\/a><\/h2>\r\n<p data-start=\"1144\" data-end=\"1278\"><br data-start=\"1199\" data-end=\"1202\"><strong>Katso kahvilan Facebook-sivu: <a class=\"\" href=\"https:\/\/www.facebook.com\/jaaaegkeskus\" target=\"_new\" rel=\"noopener\" data-start=\"1232\" data-end=\"1278\">T\u00c4ST\u00c4<\/a><\/strong><\/p>\r\n<p data-start=\"1280\" data-end=\"1482\">&nbsp;<\/p>\r\n<p data-start=\"1280\" data-end=\"1482\">J\u00e4\u00e4kausikeskus sopii erinomaisesti my\u00f6s koulutusp\u00e4iv\u00e4\u00e4n, kokoukseen, juhliin tai muuhun ikimuistoiseen hetkeen.<br data-start=\"1391\" data-end=\"1394\">Voit vuokrata seminaaritilan, kahvilan tai viihtyis\u00e4n leikkihuoneen tapahtumaasi varten.<\/p>\r\n<p data-start=\"1484\" data-end=\"1615\"><strong>Ryhm\u00e4ruokailuun<\/strong> (v\u00e4hint\u00e4\u00e4n 10 henkil\u00f6\u00e4) tarjoamme erikoismenun.<br data-start=\"1547\" data-end=\"1550\">Vahvista ryhm\u00e4n ruokailu v\u00e4hint\u00e4\u00e4n 5 arkip\u00e4iv\u00e4\u00e4 ennen saapumista.<\/p>\r\n\r\n<\/div>\r\n<\/div>\r\n\r\n<div class=\"vce-image-gallery vce-image-gallery--gap-10 vce-image-gallery--columns-3\">\r\n<div id=\"el-d37be55d\" class=\"vce-image-gallery-wrapper vce\" data-vce-do-apply=\"all el-d37be55d\">\r\n<div class=\"vce-image-gallery-list\">\r\n<div class=\"vce-image-gallery-item\">\r\n<figure class=\"vce-image-gallery-item-inner-wrapper\"><a class=\"vce-image-gallery-item-inner\" href=\"https:\/\/jaaaeg.ee\/wp-content\/uploads\/2025\/04\/IMG_7604-scaled.jpeg\" data-lightbox=\"lightbox-d37be55d\"><img decoding=\"async\" class=\"vce-image-gallery-img vce-image-gallery-img--orientation-portrait\" title=\"IMG_7604\" src=\"https:\/\/jaaaeg.ee\/wp-content\/uploads\/2025\/04\/IMG_7604-700x870.jpeg\" alt=\"\"><\/a><\/figure>\r\n<\/div>\r\n<div class=\"vce-image-gallery-item\">\r\n<figure class=\"vce-image-gallery-item-inner-wrapper\"><a class=\"vce-image-gallery-item-inner\" href=\"https:\/\/jaaaeg.ee\/wp-content\/uploads\/2025\/08\/sigrid-Sepp_jaaaja-Keskuse-kohviku-toidud-1-scaled.jpeg\" data-lightbox=\"lightbox-d37be55d\"><img decoding=\"async\" class=\"vce-image-gallery-img vce-image-gallery-img--orientation-portrait\" title=\"sigrid Sepp_j\u00e4\u00e4aja Keskuse kohviku toidud (1)\" src=\"https:\/\/jaaaeg.ee\/wp-content\/uploads\/2025\/08\/sigrid-Sepp_jaaaja-Keskuse-kohviku-toidud-1-700x933.jpeg\" alt=\"\"><\/a><\/figure>\r\n<\/div>\r\n<div class=\"vce-image-gallery-item\">\r\n<figure class=\"vce-image-gallery-item-inner-wrapper\"><a class=\"vce-image-gallery-item-inner\" href=\"https:\/\/jaaaeg.ee\/wp-content\/uploads\/2025\/08\/v_2025-05_jaaaja-keskuse-uus-naitus_foto-timo-arbeiter-artimo.ee-92.jpg\" data-lightbox=\"lightbox-d37be55d\"><img decoding=\"async\" class=\"vce-image-gallery-img\" title=\"v_2025-05_j\u00e4\u00e4aja-keskuse-uus-n\u00e4itus_foto-timo-arbeiter-artimo.ee-92\" src=\"https:\/\/jaaaeg.ee\/wp-content\/uploads\/2025\/08\/v_2025-05_jaaaja-keskuse-uus-naitus_foto-timo-arbeiter-artimo.ee-92-700x605.jpg\" alt=\"\"><\/a><\/figure>\r\n<\/div>\r\n<div class=\"vce-image-gallery-item\">\r\n<figure class=\"vce-image-gallery-item-inner-wrapper\"><a class=\"vce-image-gallery-item-inner\" href=\"https:\/\/jaaaeg.ee\/wp-content\/uploads\/2025\/08\/2025-05_jaaaja-keskuse-uus-naitus_foto-timo-arbeiter-artimo.ee-117.jpg\" data-lightbox=\"lightbox-d37be55d\"><img decoding=\"async\" class=\"vce-image-gallery-img\" title=\"2025-05_j\u00e4\u00e4aja-keskuse-uus-n\u00e4itus_foto-timo-arbeiter-artimo.ee-117\" src=\"https:\/\/jaaaeg.ee\/wp-content\/uploads\/2025\/08\/2025-05_jaaaja-keskuse-uus-naitus_foto-timo-arbeiter-artimo.ee-117-700x467.jpg\" alt=\"\"><\/a><\/figure>\r\n<\/div>\r\n<div class=\"vce-image-gallery-item\">\r\n<figure class=\"vce-image-gallery-item-inner-wrapper\"><a class=\"vce-image-gallery-item-inner\" href=\"https:\/\/jaaaeg.ee\/wp-content\/uploads\/2025\/08\/2025-05_jaaaja-keskuse-uus-naitus_foto-timo-arbeiter-artimo.ee-107.jpg\" data-lightbox=\"lightbox-d37be55d\"><img decoding=\"async\" class=\"vce-image-gallery-img vce-image-gallery-img--orientation-portrait\" title=\"2025-05_j\u00e4\u00e4aja-keskuse-uus-n\u00e4itus_foto-timo-arbeiter-artimo.ee-107\" src=\"https:\/\/jaaaeg.ee\/wp-content\/uploads\/2025\/08\/2025-05_jaaaja-keskuse-uus-naitus_foto-timo-arbeiter-artimo.ee-107-700x1050.jpg\" alt=\"\"><\/a><\/figure>\r\n<\/div>\r\n<div class=\"vce-image-gallery-item\">\r\n<figure class=\"vce-image-gallery-item-inner-wrapper\"><a class=\"vce-image-gallery-item-inner\" href=\"https:\/\/jaaaeg.ee\/wp-content\/uploads\/2025\/07\/kohvik_ruut-e1753443390385.jpg\" data-lightbox=\"lightbox-d37be55d\"><img decoding=\"async\" class=\"vce-image-gallery-img\" title=\"kohvik_ruut\" src=\"https:\/\/jaaaeg.ee\/wp-content\/uploads\/2025\/07\/kohvik_ruut-700x695.jpg\" alt=\"J\u00e4\u00e4aja Keskuse kohvikus saad t\u00e4histada oma s\u00fcndmust\"><\/a><\/figure>\r\n<\/div>\r\n<\/div>\r\n<\/div>\r\n<\/div>\r\n\r\n\r\n<\/div>\r\n<\/div>\r\n<\/div>\r\n\r\n\r\n<\/div>\r\n<\/div>\r\n<\/div>\r\n\n","protected":false},"excerpt":{"rendered":"Mon\u2013Fri by pre-booking Sat\u2013Sun 10\u201317 Aamiainen klo 10\u201312 L\u00e4mmin lounasbuffet klo 12\u201316 Lasten menu ja p\u00e4iv\u00e4n menu klo 12\u201317 J\u00e4\u00e4kausikeskuksen kahvila \u2013 lounasta Saadj\u00e4rven j\u00e4rvin\u00e4kym\u00e4ll\u00e4Vastaremontoitu kahvila Saadj\u00e4rven rannalla toivottaa sinut tervetulleeksi raikkaassa ja viihtyis\u00e4ss\u00e4 ilmapiiriss\u00e4. Keskuksen ensimm\u00e4isess\u00e4 kerroksessa sijaitsee perheyst\u00e4v\u00e4llinen kahvila, josta avautuu kaunis n\u00e4kym\u00e4 j\u00e4rvelle. Tarjoamme my\u00f6s ryhm\u00e4menuja, hauskoja annoksia lapsille sek\u00e4 tarjoiluja syntym\u00e4p\u00e4iville&#8230; <a class=\"view-article\" href=\"https:\/\/jaaaeg.ee\/fi\/jaakausikeskuksen-kahvila\/\">Lue lis\u00e4\u00e4<\/a>","protected":false},"author":1,"featured_media":32365,"parent":0,"menu_order":377,"comment_status":"closed","ping_status":"closed","template":"template-map.php","meta":{"_acf_changed":false,"ngg_post_thumbnail":0,"footnotes":""},"class_list":["post-1553","page","type-page","status-publish","has-post-thumbnail","hentry"],"acf":[],"yoast_head":"<!-- This site is optimized with the Yoast SEO plugin v27.3 - https:\/\/yoast.com\/product\/yoast-seo-wordpress\/ -->\n<title>Kahvila - J\u00e4\u00e4aja Keskus<\/title>\n<meta name=\"description\" content=\"J\u00e4\u00e4kausikeskuksen kahvila \u2013 kodikas ja viihtyis\u00e4 paikka kauniilla j\u00e4rvin\u00e4kym\u00e4ll\u00e4! Nauti herkullisesta lounasbuffetista ja \u00e0 la carte -annoksista. Sijainti \u00c4ksiss\u00e4, Tartumaalla!\" \/>\n<meta name=\"robots\" content=\"index, follow, max-snippet:-1, max-image-preview:large, max-video-preview:-1\" \/>\n<link rel=\"canonical\" href=\"https:\/\/jaaaeg.ee\/fi\/jaakausikeskuksen-kahvila\/\" \/>\n<meta property=\"og:locale\" content=\"fi_FI\" \/>\n<meta property=\"og:type\" content=\"article\" \/>\n<meta property=\"og:title\" content=\"Kahvila - J\u00e4\u00e4aja Keskus\" \/>\n<meta property=\"og:description\" content=\"J\u00e4\u00e4kausikeskuksen kahvila \u2013 kodikas ja viihtyis\u00e4 paikka kauniilla j\u00e4rvin\u00e4kym\u00e4ll\u00e4! Nauti herkullisesta lounasbuffetista ja \u00e0 la carte -annoksista. Sijainti \u00c4ksiss\u00e4, Tartumaalla!\" \/>\n<meta property=\"og:url\" content=\"https:\/\/jaaaeg.ee\/fi\/jaakausikeskuksen-kahvila\/\" \/>\n<meta property=\"og:site_name\" content=\"J\u00e4\u00e4aja Keskus\" \/>\n<meta property=\"article:publisher\" content=\"https:\/\/www.facebook.com\/JaaajaKeskus\/\" \/>\n<meta property=\"article:modified_time\" content=\"2026-03-05T14:48:44+00:00\" \/>\n<meta property=\"og:image\" content=\"https:\/\/jaaaeg.ee\/wp-content\/uploads\/2025\/08\/2025-05_jaaaja-keskuse-uus-naitus_foto-timo-arbeiter-artimo.ee-99-700x467.jpg\" \/>\n\t<meta property=\"og:image:width\" content=\"700\" \/>\n\t<meta property=\"og:image:height\" content=\"467\" \/>\n\t<meta property=\"og:image:type\" content=\"image\/jpeg\" \/>\n<meta name=\"twitter:card\" content=\"summary_large_image\" \/>\n<meta name=\"twitter:label1\" content=\"Arvioitu lukuaika\" \/>\n\t<meta name=\"twitter:data1\" content=\"2 minuuttia\" \/>\n<script type=\"application\/ld+json\" class=\"yoast-schema-graph\">{\"@context\":\"https:\\\/\\\/schema.org\",\"@graph\":[{\"@type\":\"WebPage\",\"@id\":\"https:\\\/\\\/jaaaeg.ee\\\/fi\\\/jaakausikeskuksen-kahvila\\\/\",\"url\":\"https:\\\/\\\/jaaaeg.ee\\\/fi\\\/jaakausikeskuksen-kahvila\\\/\",\"name\":\"Kahvila - J\u00e4\u00e4aja Keskus\",\"isPartOf\":{\"@id\":\"https:\\\/\\\/jaaaeg.ee\\\/ru\\\/#website\"},\"primaryImageOfPage\":{\"@id\":\"https:\\\/\\\/jaaaeg.ee\\\/fi\\\/jaakausikeskuksen-kahvila\\\/#primaryimage\"},\"image\":{\"@id\":\"https:\\\/\\\/jaaaeg.ee\\\/fi\\\/jaakausikeskuksen-kahvila\\\/#primaryimage\"},\"thumbnailUrl\":\"https:\\\/\\\/jaaaeg.ee\\\/wp-content\\\/uploads\\\/2025\\\/08\\\/2025-05_jaaaja-keskuse-uus-naitus_foto-timo-arbeiter-artimo.ee-99.jpg\",\"datePublished\":\"2018-10-02T09:21:07+00:00\",\"dateModified\":\"2026-03-05T14:48:44+00:00\",\"description\":\"J\u00e4\u00e4kausikeskuksen kahvila \u2013 kodikas ja viihtyis\u00e4 paikka kauniilla j\u00e4rvin\u00e4kym\u00e4ll\u00e4! Nauti herkullisesta lounasbuffetista ja \u00e0 la carte -annoksista. Sijainti \u00c4ksiss\u00e4, Tartumaalla!\",\"breadcrumb\":{\"@id\":\"https:\\\/\\\/jaaaeg.ee\\\/fi\\\/jaakausikeskuksen-kahvila\\\/#breadcrumb\"},\"inLanguage\":\"fi\",\"potentialAction\":[{\"@type\":\"ReadAction\",\"target\":[\"https:\\\/\\\/jaaaeg.ee\\\/fi\\\/jaakausikeskuksen-kahvila\\\/\"]}]},{\"@type\":\"ImageObject\",\"inLanguage\":\"fi\",\"@id\":\"https:\\\/\\\/jaaaeg.ee\\\/fi\\\/jaakausikeskuksen-kahvila\\\/#primaryimage\",\"url\":\"https:\\\/\\\/jaaaeg.ee\\\/wp-content\\\/uploads\\\/2025\\\/08\\\/2025-05_jaaaja-keskuse-uus-naitus_foto-timo-arbeiter-artimo.ee-99.jpg\",\"contentUrl\":\"https:\\\/\\\/jaaaeg.ee\\\/wp-content\\\/uploads\\\/2025\\\/08\\\/2025-05_jaaaja-keskuse-uus-naitus_foto-timo-arbeiter-artimo.ee-99.jpg\",\"width\":2048,\"height\":1365,\"caption\":\"J\u00e4\u00e4aja Keskuse kohvik\"},{\"@type\":\"BreadcrumbList\",\"@id\":\"https:\\\/\\\/jaaaeg.ee\\\/fi\\\/jaakausikeskuksen-kahvila\\\/#breadcrumb\",\"itemListElement\":[{\"@type\":\"ListItem\",\"position\":1,\"name\":\"Home\",\"item\":\"https:\\\/\\\/jaaaeg.ee\\\/fi\\\/\"},{\"@type\":\"ListItem\",\"position\":2,\"name\":\"Kahvila\"}]},{\"@type\":\"WebSite\",\"@id\":\"https:\\\/\\\/jaaaeg.ee\\\/ru\\\/#website\",\"url\":\"https:\\\/\\\/jaaaeg.ee\\\/ru\\\/\",\"name\":\"J\u00e4\u00e4aja Keskus\",\"description\":\"avastamisr\u00f5\u00f5m igas vanuses k\u00fclastajatele\",\"potentialAction\":[{\"@type\":\"SearchAction\",\"target\":{\"@type\":\"EntryPoint\",\"urlTemplate\":\"https:\\\/\\\/jaaaeg.ee\\\/ru\\\/?s={search_term_string}\"},\"query-input\":{\"@type\":\"PropertyValueSpecification\",\"valueRequired\":true,\"valueName\":\"search_term_string\"}}],\"inLanguage\":\"fi\"}]}<\/script>\n<!-- \/ Yoast SEO plugin. -->","yoast_head_json":{"title":"Kahvila - J\u00e4\u00e4aja Keskus","description":"J\u00e4\u00e4kausikeskuksen kahvila \u2013 kodikas ja viihtyis\u00e4 paikka kauniilla j\u00e4rvin\u00e4kym\u00e4ll\u00e4! Nauti herkullisesta lounasbuffetista ja \u00e0 la carte -annoksista. Sijainti \u00c4ksiss\u00e4, Tartumaalla!","robots":{"index":"index","follow":"follow","max-snippet":"max-snippet:-1","max-image-preview":"max-image-preview:large","max-video-preview":"max-video-preview:-1"},"canonical":"https:\/\/jaaaeg.ee\/fi\/jaakausikeskuksen-kahvila\/","og_locale":"fi_FI","og_type":"article","og_title":"Kahvila - J\u00e4\u00e4aja Keskus","og_description":"J\u00e4\u00e4kausikeskuksen kahvila \u2013 kodikas ja viihtyis\u00e4 paikka kauniilla j\u00e4rvin\u00e4kym\u00e4ll\u00e4! Nauti herkullisesta lounasbuffetista ja \u00e0 la carte -annoksista. Sijainti \u00c4ksiss\u00e4, Tartumaalla!","og_url":"https:\/\/jaaaeg.ee\/fi\/jaakausikeskuksen-kahvila\/","og_site_name":"J\u00e4\u00e4aja Keskus","article_publisher":"https:\/\/www.facebook.com\/JaaajaKeskus\/","article_modified_time":"2026-03-05T14:48:44+00:00","og_image":[{"width":700,"height":467,"url":"https:\/\/jaaaeg.ee\/wp-content\/uploads\/2025\/08\/2025-05_jaaaja-keskuse-uus-naitus_foto-timo-arbeiter-artimo.ee-99-700x467.jpg","type":"image\/jpeg"}],"twitter_card":"summary_large_image","twitter_misc":{"Arvioitu lukuaika":"2 minuuttia"},"schema":{"@context":"https:\/\/schema.org","@graph":[{"@type":"WebPage","@id":"https:\/\/jaaaeg.ee\/fi\/jaakausikeskuksen-kahvila\/","url":"https:\/\/jaaaeg.ee\/fi\/jaakausikeskuksen-kahvila\/","name":"Kahvila - J\u00e4\u00e4aja Keskus","isPartOf":{"@id":"https:\/\/jaaaeg.ee\/ru\/#website"},"primaryImageOfPage":{"@id":"https:\/\/jaaaeg.ee\/fi\/jaakausikeskuksen-kahvila\/#primaryimage"},"image":{"@id":"https:\/\/jaaaeg.ee\/fi\/jaakausikeskuksen-kahvila\/#primaryimage"},"thumbnailUrl":"https:\/\/jaaaeg.ee\/wp-content\/uploads\/2025\/08\/2025-05_jaaaja-keskuse-uus-naitus_foto-timo-arbeiter-artimo.ee-99.jpg","datePublished":"2018-10-02T09:21:07+00:00","dateModified":"2026-03-05T14:48:44+00:00","description":"J\u00e4\u00e4kausikeskuksen kahvila \u2013 kodikas ja viihtyis\u00e4 paikka kauniilla j\u00e4rvin\u00e4kym\u00e4ll\u00e4! Nauti herkullisesta lounasbuffetista ja \u00e0 la carte -annoksista. Sijainti \u00c4ksiss\u00e4, Tartumaalla!","breadcrumb":{"@id":"https:\/\/jaaaeg.ee\/fi\/jaakausikeskuksen-kahvila\/#breadcrumb"},"inLanguage":"fi","potentialAction":[{"@type":"ReadAction","target":["https:\/\/jaaaeg.ee\/fi\/jaakausikeskuksen-kahvila\/"]}]},{"@type":"ImageObject","inLanguage":"fi","@id":"https:\/\/jaaaeg.ee\/fi\/jaakausikeskuksen-kahvila\/#primaryimage","url":"https:\/\/jaaaeg.ee\/wp-content\/uploads\/2025\/08\/2025-05_jaaaja-keskuse-uus-naitus_foto-timo-arbeiter-artimo.ee-99.jpg","contentUrl":"https:\/\/jaaaeg.ee\/wp-content\/uploads\/2025\/08\/2025-05_jaaaja-keskuse-uus-naitus_foto-timo-arbeiter-artimo.ee-99.jpg","width":2048,"height":1365,"caption":"J\u00e4\u00e4aja Keskuse kohvik"},{"@type":"BreadcrumbList","@id":"https:\/\/jaaaeg.ee\/fi\/jaakausikeskuksen-kahvila\/#breadcrumb","itemListElement":[{"@type":"ListItem","position":1,"name":"Home","item":"https:\/\/jaaaeg.ee\/fi\/"},{"@type":"ListItem","position":2,"name":"Kahvila"}]},{"@type":"WebSite","@id":"https:\/\/jaaaeg.ee\/ru\/#website","url":"https:\/\/jaaaeg.ee\/ru\/","name":"J\u00e4\u00e4aja Keskus","description":"avastamisr\u00f5\u00f5m igas vanuses k\u00fclastajatele","potentialAction":[{"@type":"SearchAction","target":{"@type":"EntryPoint","urlTemplate":"https:\/\/jaaaeg.ee\/ru\/?s={search_term_string}"},"query-input":{"@type":"PropertyValueSpecification","valueRequired":true,"valueName":"search_term_string"}}],"inLanguage":"fi"}]}},"_links":{"self":[{"href":"https:\/\/jaaaeg.ee\/fi\/wp-json\/wp\/v2\/pages\/1553","targetHints":{"allow":["GET"]}}],"collection":[{"href":"https:\/\/jaaaeg.ee\/fi\/wp-json\/wp\/v2\/pages"}],"about":[{"href":"https:\/\/jaaaeg.ee\/fi\/wp-json\/wp\/v2\/types\/page"}],"author":[{"embeddable":true,"href":"https:\/\/jaaaeg.ee\/fi\/wp-json\/wp\/v2\/users\/1"}],"replies":[{"embeddable":true,"href":"https:\/\/jaaaeg.ee\/fi\/wp-json\/wp\/v2\/comments?post=1553"}],"version-history":[{"count":41,"href":"https:\/\/jaaaeg.ee\/fi\/wp-json\/wp\/v2\/pages\/1553\/revisions"}],"predecessor-version":[{"id":33793,"href":"https:\/\/jaaaeg.ee\/fi\/wp-json\/wp\/v2\/pages\/1553\/revisions\/33793"}],"wp:featuredmedia":[{"embeddable":true,"href":"https:\/\/jaaaeg.ee\/fi\/wp-json\/wp\/v2\/media\/32365"}],"wp:attachment":[{"href":"https:\/\/jaaaeg.ee\/fi\/wp-json\/wp\/v2\/media?parent=1553"}],"curies":[{"name":"wp","href":"https:\/\/api.w.org\/{rel}","templated":true}]}}