{"id":1529,"date":"2018-10-02T12:09:57","date_gmt":"2018-10-02T09:09:57","guid":{"rendered":"http:\/\/jaaaeg.ee\/?page_id=1529"},"modified":"2018-10-08T10:32:54","modified_gmt":"2018-10-08T07:32:54","slug":"muut-mahdollisuudet","status":"publish","type":"page","link":"https:\/\/jaaaeg.ee\/fi\/jaakausikeskuksesta\/muut-mahdollisuudet\/","title":{"rendered":"Muut mahdollisuudet"},"content":{"rendered":"<div class=\"vce-row-container\"><div class=\"vce-row vce-row--col-gap-30 vce-row-columns--top vce-row-content--top\" id=\"el-73330e84\" data-vce-do-apply=\"all el-73330e84\"><div class=\"vce-row-content\" data-vce-element-content=\"true\"><div class=\"vce-col vce-col--md-100p vce-col--xs-1 vce-col--xs-last vce-col--xs-first vce-col--sm-last vce-col--sm-first vce-col--md-last vce-col--lg-last vce-col--xl-last vce-col--md-first vce-col--lg-first vce-col--xl-first\" id=\"el-571af96d\" data-vce-do-apply=\"background border el-571af96d\"><div class=\"vce-col-inner\" data-vce-element-content=\"true\" data-vce-do-apply=\"padding margin  el-571af96d\"><div class=\"vce-text-block\"><div class=\"vce-text-block-wrapper vce\" id=\"el-2e017307\" data-vce-do-apply=\"all el-2e017307\"><p>J\u00e4\u00e4kausikeskus sijaitsee kauniin Saadj\u00e4rven rannalla. Kes\u00e4aikaan Saadj\u00e4rvess\u00e4 voi uida, siell\u00e4 voi kalastaa ja ajella lautalla.<\/p><p>\u00c4ksiss\u00e4 <strong>Saadj\u00e4rven Luontokeskuksen talossa<\/strong> toimivat J\u00e4\u00e4kausikeskuksen toimisto, Saadj\u00e4rven luontokoulun opetusluokka, Suomenpoikien museohuone, \u00c4ksin kirjasto ja \u00c4ksin kauppa.<\/p><h2>Saadj\u00e4rven alueella toimivat:<\/h2><ul><li><a href=\"https:\/\/www.saadjarvejahtklubi.ee\/\">Saadj\u00e4rven purjehdusseura<\/a>&nbsp;\u2013 Purjehdus ja vapaa-ajanvietto kauniissa Tarton maakunnan luonnossa<\/li><li><a href=\"https:\/\/www.tkj.ee\/\">Urheiluseuran Tartu Kalev purjehdusklubi<\/a><\/li><li>Saadj\u00e4rven vapaaehtoinen j\u00e4rvipelastusseura<\/li><li>\u00c4ksin Motoklubi ry<\/li><\/ul><h2>N\u00e4ht\u00e4vyydet ja vapaa-ajanviettopaikat<\/h2><ul><li><a href=\"https:\/\/reisisell.ee\/index.php\/turismiobjektid-2\/141-kaiavere-vaatetorn\">Kaiaveren n\u00e4k\u00f6alatorni<\/a><\/li><li><a href=\"https:\/\/luua.edu.ee\/\">Luuan taimitarha ja arboretum sek\u00e4 museotuvat<\/a><\/li><li><a href=\"https:\/\/www.mehedliikuma.ee\/tartumaa-liikumisrajad\/rada\/lahte_terviserajad_tartu_vald.html\">L\u00e4hten kuntopolut ja n\u00e4k\u00f6alatorni<\/a><\/li><li><a href=\"https:\/\/www.palmuseum.ee\/index.php\/page_id\/1\">Palamusen kirjailija O. Lutsin kihlakunnankoulumuseo<\/a><\/li><li><a href=\"https:\/\/loodusegakoos.ee\/kuhuminna\/puhkealad\/tartu-jogeva-puhkeala\/5208\">Raigastveren nuotiopaikka ja n\u00e4k\u00f6alatorni<\/a><\/li><li><a href=\"https:\/\/loodusegakoos.ee\/elistvere-loomapark\">Viron valtion mets\u00e4talouskeskuksen Elistveren el\u00e4inpuisto<\/a><\/li><li><a href=\"https:\/\/www.puhkaeestis.ee\/et\/soomepoiste-tuba-muuseum\">Suomenpoikien museohuone<\/a><\/li><li><a href=\"https:\/\/www.tabikas.ee\/\">Tabiveren vapaa-ajankeskus<\/a><\/li><li><a href=\"https:\/\/muuseum.tabivere.net\/\">Tabiveren kunnanmuseo<\/a><\/li><li><a href=\"https:\/\/www.vudila.ee\/\">Vudila<\/a><\/li><li><a href=\"https:\/\/www.puhkaeestis.ee\/et\/aksi-kiigepark\">\u00c4ksin keinupuisto<\/a><\/li><\/ul><h2>J\u00e4\u00e4kausikeskuksen l\u00e4himm\u00e4t majoituspaikat<\/h2><ul><li><a href=\"https:\/\/www.maeotsapuhketalu.ee\/ee\/\">M\u00e4eotsan lomatila<\/a><\/li><li><a href=\"https:\/\/www.raadihotell.ee\/\">Raadim\u00f5isan hotelli<\/a><\/li><li><a href=\"https:\/\/www.kuretalu.ee\/\">Kuren turismitila<\/a><\/li><li><a href=\"https:\/\/loodusegakoos.ee\/kuhuminna\/voimaluste-otsing?element%5Bhiking_opt%5D=&amp;element%5Bcamping_opt%5D=%2F.%2F&amp;element%5Bdisability_opt%5D=&amp;element%5Bfireplace_opt%5D=&amp;search=1&amp;search_type=Puhkeala&amp;element%5Bregion%5D%5B%5D=J%C3%B5gevamaa&amp;element%5Bregion%5D%5B%5D=Tartumaa&amp;element%5Btitle%5D=#tulemus\">Telttailumahdollisuudet Tarton ja J\u00f5gevan maakunnissa<\/a><\/li><li><a href=\"https:\/\/www.visittartu.com\/\">Tarton kaupungin ja maakunnan tursimi-info<\/a><\/li><\/ul><\/div><\/div><\/div><\/div><\/div><\/div><\/div>\n","protected":false},"excerpt":{"rendered":"J\u00e4\u00e4kausikeskus sijaitsee kauniin Saadj\u00e4rven rannalla. Kes\u00e4aikaan Saadj\u00e4rvess\u00e4 voi uida, siell\u00e4 voi kalastaa ja ajella lautalla.\u00c4ksiss\u00e4 Saadj\u00e4rven Luontokeskuksen talossa toimivat J\u00e4\u00e4kausikeskuksen toimisto, Saadj\u00e4rven luontokoulun opetusluokka, Suomenpoikien museohuone, \u00c4ksin kirjasto ja \u00c4ksin kauppa.Saadj\u00e4rven alueella toimivat:Saadj\u00e4rven purjehdusseura&nbsp;\u2013 Purjehdus ja vapaa-ajanvietto kauniissa Tarton maakunnan luonnossaUrheiluseuran Tartu Kalev purjehdusklubiSaadj\u00e4rven vapaaehtoinen j\u00e4rvipelastusseura\u00c4ksin Motoklubi ryN\u00e4ht\u00e4vyydet ja vapaa-ajanviettopaikatKaiaveren n\u00e4k\u00f6alatorniLuuan taimitarha ja arboretum sek\u00e4&#8230; <a class=\"view-article\" href=\"https:\/\/jaaaeg.ee\/fi\/jaakausikeskuksesta\/muut-mahdollisuudet\/\">Lue lis\u00e4\u00e4<\/a>","protected":false},"author":1,"featured_media":0,"parent":1449,"menu_order":315,"comment_status":"closed","ping_status":"closed","template":"template-sidebar.php","meta":{"_acf_changed":false,"ngg_post_thumbnail":0,"footnotes":""},"class_list":["post-1529","page","type-page","status-publish","hentry"],"acf":[],"yoast_head":"<!-- This site is optimized with the Yoast SEO plugin v27.4 - https:\/\/yoast.com\/product\/yoast-seo-wordpress\/ -->\n<title>Muut mahdollisuudet - J\u00e4\u00e4aja Keskus<\/title>\n<meta name=\"robots\" content=\"index, follow, max-snippet:-1, max-image-preview:large, max-video-preview:-1\" \/>\n<link rel=\"canonical\" href=\"https:\/\/jaaaeg.ee\/fi\/jaakausikeskuksesta\/muut-mahdollisuudet\/\" \/>\n<meta property=\"og:locale\" content=\"fi_FI\" \/>\n<meta property=\"og:type\" content=\"article\" \/>\n<meta property=\"og:title\" content=\"Muut mahdollisuudet - J\u00e4\u00e4aja Keskus\" \/>\n<meta property=\"og:description\" content=\"J\u00e4\u00e4kausikeskus sijaitsee kauniin Saadj\u00e4rven rannalla. Kes\u00e4aikaan Saadj\u00e4rvess\u00e4 voi uida, siell\u00e4 voi kalastaa ja ajella lautalla.\u00c4ksiss\u00e4 Saadj\u00e4rven Luontokeskuksen talossa toimivat J\u00e4\u00e4kausikeskuksen toimisto, Saadj\u00e4rven luontokoulun opetusluokka, Suomenpoikien museohuone, \u00c4ksin kirjasto ja \u00c4ksin kauppa.Saadj\u00e4rven alueella toimivat:Saadj\u00e4rven purjehdusseura&nbsp;\u2013 Purjehdus ja vapaa-ajanvietto kauniissa Tarton maakunnan luonnossaUrheiluseuran Tartu Kalev purjehdusklubiSaadj\u00e4rven vapaaehtoinen j\u00e4rvipelastusseura\u00c4ksin Motoklubi ryN\u00e4ht\u00e4vyydet ja vapaa-ajanviettopaikatKaiaveren n\u00e4k\u00f6alatorniLuuan taimitarha ja arboretum sek\u00e4... Lue lis\u00e4\u00e4\" \/>\n<meta property=\"og:url\" content=\"https:\/\/jaaaeg.ee\/fi\/jaakausikeskuksesta\/muut-mahdollisuudet\/\" \/>\n<meta property=\"og:site_name\" content=\"J\u00e4\u00e4aja Keskus\" \/>\n<meta property=\"article:publisher\" content=\"https:\/\/www.facebook.com\/JaaajaKeskus\/\" \/>\n<meta property=\"article:modified_time\" content=\"2018-10-08T07:32:54+00:00\" \/>\n<meta name=\"twitter:card\" content=\"summary_large_image\" \/>\n<meta name=\"twitter:label1\" content=\"Arvioitu lukuaika\" \/>\n\t<meta name=\"twitter:data1\" content=\"1 minuutti\" \/>\n<script type=\"application\/ld+json\" class=\"yoast-schema-graph\">{\"@context\":\"https:\\\/\\\/schema.org\",\"@graph\":[{\"@type\":\"WebPage\",\"@id\":\"https:\\\/\\\/jaaaeg.ee\\\/fi\\\/jaakausikeskuksesta\\\/muut-mahdollisuudet\\\/\",\"url\":\"https:\\\/\\\/jaaaeg.ee\\\/fi\\\/jaakausikeskuksesta\\\/muut-mahdollisuudet\\\/\",\"name\":\"Muut mahdollisuudet - J\u00e4\u00e4aja Keskus\",\"isPartOf\":{\"@id\":\"https:\\\/\\\/jaaaeg.ee\\\/ru\\\/#website\"},\"datePublished\":\"2018-10-02T09:09:57+00:00\",\"dateModified\":\"2018-10-08T07:32:54+00:00\",\"breadcrumb\":{\"@id\":\"https:\\\/\\\/jaaaeg.ee\\\/fi\\\/jaakausikeskuksesta\\\/muut-mahdollisuudet\\\/#breadcrumb\"},\"inLanguage\":\"fi\",\"potentialAction\":[{\"@type\":\"ReadAction\",\"target\":[\"https:\\\/\\\/jaaaeg.ee\\\/fi\\\/jaakausikeskuksesta\\\/muut-mahdollisuudet\\\/\"]}]},{\"@type\":\"BreadcrumbList\",\"@id\":\"https:\\\/\\\/jaaaeg.ee\\\/fi\\\/jaakausikeskuksesta\\\/muut-mahdollisuudet\\\/#breadcrumb\",\"itemListElement\":[{\"@type\":\"ListItem\",\"position\":1,\"name\":\"Home\",\"item\":\"https:\\\/\\\/jaaaeg.ee\\\/fi\\\/\"},{\"@type\":\"ListItem\",\"position\":2,\"name\":\"J\u00e4\u00e4kausikeskuksesta\",\"item\":\"https:\\\/\\\/jaaaeg.ee\\\/fi\\\/jaakausikeskuksesta\\\/\"},{\"@type\":\"ListItem\",\"position\":3,\"name\":\"Muut mahdollisuudet\"}]},{\"@type\":\"WebSite\",\"@id\":\"https:\\\/\\\/jaaaeg.ee\\\/ru\\\/#website\",\"url\":\"https:\\\/\\\/jaaaeg.ee\\\/ru\\\/\",\"name\":\"J\u00e4\u00e4aja Keskus\",\"description\":\"avastamisr\u00f5\u00f5m igas vanuses k\u00fclastajatele\",\"potentialAction\":[{\"@type\":\"SearchAction\",\"target\":{\"@type\":\"EntryPoint\",\"urlTemplate\":\"https:\\\/\\\/jaaaeg.ee\\\/ru\\\/?s={search_term_string}\"},\"query-input\":{\"@type\":\"PropertyValueSpecification\",\"valueRequired\":true,\"valueName\":\"search_term_string\"}}],\"inLanguage\":\"fi\"}]}<\/script>\n<!-- \/ Yoast SEO plugin. -->","yoast_head_json":{"title":"Muut mahdollisuudet - J\u00e4\u00e4aja Keskus","robots":{"index":"index","follow":"follow","max-snippet":"max-snippet:-1","max-image-preview":"max-image-preview:large","max-video-preview":"max-video-preview:-1"},"canonical":"https:\/\/jaaaeg.ee\/fi\/jaakausikeskuksesta\/muut-mahdollisuudet\/","og_locale":"fi_FI","og_type":"article","og_title":"Muut mahdollisuudet - J\u00e4\u00e4aja Keskus","og_description":"J\u00e4\u00e4kausikeskus sijaitsee kauniin Saadj\u00e4rven rannalla. Kes\u00e4aikaan Saadj\u00e4rvess\u00e4 voi uida, siell\u00e4 voi kalastaa ja ajella lautalla.\u00c4ksiss\u00e4 Saadj\u00e4rven Luontokeskuksen talossa toimivat J\u00e4\u00e4kausikeskuksen toimisto, Saadj\u00e4rven luontokoulun opetusluokka, Suomenpoikien museohuone, \u00c4ksin kirjasto ja \u00c4ksin kauppa.Saadj\u00e4rven alueella toimivat:Saadj\u00e4rven purjehdusseura&nbsp;\u2013 Purjehdus ja vapaa-ajanvietto kauniissa Tarton maakunnan luonnossaUrheiluseuran Tartu Kalev purjehdusklubiSaadj\u00e4rven vapaaehtoinen j\u00e4rvipelastusseura\u00c4ksin Motoklubi ryN\u00e4ht\u00e4vyydet ja vapaa-ajanviettopaikatKaiaveren n\u00e4k\u00f6alatorniLuuan taimitarha ja arboretum sek\u00e4... Lue lis\u00e4\u00e4","og_url":"https:\/\/jaaaeg.ee\/fi\/jaakausikeskuksesta\/muut-mahdollisuudet\/","og_site_name":"J\u00e4\u00e4aja Keskus","article_publisher":"https:\/\/www.facebook.com\/JaaajaKeskus\/","article_modified_time":"2018-10-08T07:32:54+00:00","twitter_card":"summary_large_image","twitter_misc":{"Arvioitu lukuaika":"1 minuutti"},"schema":{"@context":"https:\/\/schema.org","@graph":[{"@type":"WebPage","@id":"https:\/\/jaaaeg.ee\/fi\/jaakausikeskuksesta\/muut-mahdollisuudet\/","url":"https:\/\/jaaaeg.ee\/fi\/jaakausikeskuksesta\/muut-mahdollisuudet\/","name":"Muut mahdollisuudet - J\u00e4\u00e4aja Keskus","isPartOf":{"@id":"https:\/\/jaaaeg.ee\/ru\/#website"},"datePublished":"2018-10-02T09:09:57+00:00","dateModified":"2018-10-08T07:32:54+00:00","breadcrumb":{"@id":"https:\/\/jaaaeg.ee\/fi\/jaakausikeskuksesta\/muut-mahdollisuudet\/#breadcrumb"},"inLanguage":"fi","potentialAction":[{"@type":"ReadAction","target":["https:\/\/jaaaeg.ee\/fi\/jaakausikeskuksesta\/muut-mahdollisuudet\/"]}]},{"@type":"BreadcrumbList","@id":"https:\/\/jaaaeg.ee\/fi\/jaakausikeskuksesta\/muut-mahdollisuudet\/#breadcrumb","itemListElement":[{"@type":"ListItem","position":1,"name":"Home","item":"https:\/\/jaaaeg.ee\/fi\/"},{"@type":"ListItem","position":2,"name":"J\u00e4\u00e4kausikeskuksesta","item":"https:\/\/jaaaeg.ee\/fi\/jaakausikeskuksesta\/"},{"@type":"ListItem","position":3,"name":"Muut mahdollisuudet"}]},{"@type":"WebSite","@id":"https:\/\/jaaaeg.ee\/ru\/#website","url":"https:\/\/jaaaeg.ee\/ru\/","name":"J\u00e4\u00e4aja Keskus","description":"avastamisr\u00f5\u00f5m igas vanuses k\u00fclastajatele","potentialAction":[{"@type":"SearchAction","target":{"@type":"EntryPoint","urlTemplate":"https:\/\/jaaaeg.ee\/ru\/?s={search_term_string}"},"query-input":{"@type":"PropertyValueSpecification","valueRequired":true,"valueName":"search_term_string"}}],"inLanguage":"fi"}]}},"_links":{"self":[{"href":"https:\/\/jaaaeg.ee\/fi\/wp-json\/wp\/v2\/pages\/1529","targetHints":{"allow":["GET"]}}],"collection":[{"href":"https:\/\/jaaaeg.ee\/fi\/wp-json\/wp\/v2\/pages"}],"about":[{"href":"https:\/\/jaaaeg.ee\/fi\/wp-json\/wp\/v2\/types\/page"}],"author":[{"embeddable":true,"href":"https:\/\/jaaaeg.ee\/fi\/wp-json\/wp\/v2\/users\/1"}],"replies":[{"embeddable":true,"href":"https:\/\/jaaaeg.ee\/fi\/wp-json\/wp\/v2\/comments?post=1529"}],"version-history":[{"count":5,"href":"https:\/\/jaaaeg.ee\/fi\/wp-json\/wp\/v2\/pages\/1529\/revisions"}],"predecessor-version":[{"id":16400,"href":"https:\/\/jaaaeg.ee\/fi\/wp-json\/wp\/v2\/pages\/1529\/revisions\/16400"}],"up":[{"embeddable":true,"href":"https:\/\/jaaaeg.ee\/fi\/wp-json\/wp\/v2\/pages\/1449"}],"wp:attachment":[{"href":"https:\/\/jaaaeg.ee\/fi\/wp-json\/wp\/v2\/media?parent=1529"}],"curies":[{"name":"wp","href":"https:\/\/api.w.org\/{rel}","templated":true}]}}