{"id":1506,"date":"2018-10-02T11:57:48","date_gmt":"2018-10-02T08:57:48","guid":{"rendered":"http:\/\/jaaaeg.ee\/?page_id=1506"},"modified":"2025-10-17T14:13:27","modified_gmt":"2025-10-17T11:13:27","slug":"vierailupaketit","status":"publish","type":"page","link":"https:\/\/jaaaeg.ee\/fi\/jaakausikeskuksesta\/vierailupaketit\/","title":{"rendered":"Vierailupaketit"},"content":{"rendered":"\r\n<div class=\"vce-row-container\">\r\n<div id=\"el-f15baab2\" class=\"vce-row vce-row--col-gap-30 vce-row-columns--top vce-row-content--top\" data-vce-do-apply=\"all el-f15baab2\">\r\n<div class=\"vce-row-content\" data-vce-element-content=\"true\">\r\n<div id=\"el-11a2cf38\" class=\"vce-col vce-col--md-100p vce-col--xs-1 vce-col--xs-last vce-col--xs-first vce-col--sm-last vce-col--sm-first vce-col--md-last vce-col--lg-last vce-col--xl-last vce-col--md-first vce-col--lg-first vce-col--xl-first\" data-vce-do-apply=\"background border el-11a2cf38\">\r\n<div class=\"vce-col-inner\" data-vce-element-content=\"true\" data-vce-do-apply=\"padding margin el-11a2cf38\">\r\n<div class=\"vce-text-block\">\r\n<div id=\"el-d867cd0f\" class=\"vce-text-block-wrapper vce\" data-vce-do-apply=\"all el-d867cd0f\">\r\n\r\nOlemme tehneet el\u00e4m\u00e4nne helpommaksi ja tarjoamme yhteisty\u00f6kumppaniemme kanssa mukavia yhteispaketteja! <strong>Tutustu J\u00e4\u00e4kausikeskuksen vierailupaketteihin ja valitse niist\u00e4 itsellesi sopivin!<\/strong>\r\n<p data-start=\"0\" data-end=\"209\">Discover exciting family holidays in Tartu together with the <strong data-start=\"61\" data-end=\"79\">Ice Age Centre<\/strong>!<br data-start=\"80\" data-end=\"83\">Choose the perfect package for your family and combine an educational adventure with a relaxing stay at a comfortable hotel.<\/p>\r\n<p data-start=\"211\" data-end=\"462\"><strong data-start=\"214\" data-end=\"336\"><a class=\"decorated-link\" href=\"https:\/\/hothotpack.com\/en\/package\/554\/exciting_family_holidays_in_tartu_3_days_2_nights\" target=\"_new\" rel=\"noopener\" data-start=\"216\" data-end=\"334\">Hotel Sophia Family Package<\/a><\/strong> \u2013 enjoy three days and two nights filled with fun activities for the whole family, including a visit to the Ice Age Centre.<\/p>\r\n<p data-start=\"464\" data-end=\"721\"><strong data-start=\"467\" data-end=\"584\"><a class=\"decorated-link\" href=\"https:\/\/hothotpack.com\/en\/package\/547\/family_holidays_in_tartu_3_days_2_nights\" target=\"_new\" rel=\"noopener\" data-start=\"469\" data-end=\"582\">Art Hotel Pallas Family Package<\/a><\/strong> \u2013 a wonderful opportunity to experience Tartu\u2019s culture, art, and science while exploring the city and the fascinating Ice Age Centre.<\/p>\r\n<p data-start=\"723\" data-end=\"814\" data-is-last-node=\"\" data-is-only-node=\"\">Plan your next getaway to Tartu \u2013 where adventure, curiosity, and family joy come together!<\/p>\r\n\r\n<\/div>\r\n<\/div>\r\n<\/div>\r\n<\/div>\r\n<\/div>\r\n<\/div>\r\n<\/div>\r\n<div class=\"vce-row-container\">\r\n<div id=\"el-e0ea76ff\" class=\"vce-row vce-row--col-gap-30 vce-row-columns--top vce-row-content--top\" data-vce-do-apply=\"all el-e0ea76ff\">\r\n<div class=\"vce-row-content\" data-vce-element-content=\"true\">\r\n<div id=\"el-551697ad\" class=\"vce-col vce-col--md-auto vce-col--xs-1 vce-col--xs-last vce-col--xs-first vce-col--sm-last vce-col--sm-first vce-col--md-last vce-col--lg-last vce-col--xl-last vce-col--md-first vce-col--lg-first vce-col--xl-first\" data-vce-do-apply=\"background border el-551697ad\">\r\n<div class=\"vce-col-inner\" data-vce-element-content=\"true\" data-vce-do-apply=\"padding margin el-551697ad\">\r\n<div class=\"vce-text-block\">\r\n<div id=\"el-df0d370b\" class=\"vce-text-block-wrapper vce\" data-vce-do-apply=\"all el-df0d370b\">\r\n<h2><strong>Vierailupaketit muiden keskusten kanssa:<\/strong><\/h2>\r\n<\/div>\r\n<\/div>\r\n<div class=\"vce-faq-toggle vce-faq-toggle-color--fff vce-faq-toggle-shape-color--1D64C5 vce-faq-toggle-shape--rounded\">\r\n<div id=\"el-596b9830\" class=\"vce-faq-toggle-wrapper vce\" data-vce-do-apply=\"margin padding border background el-596b9830\">\r\n<div class=\"vce-faq-toggle-inner\">\r\n<div class=\"vce-faq-toggle-title\">\r\n<h3 class=\"vce-faq-toggle-title-text\"><i class=\"vce-faq-toggle-icon\"><\/i>J\u00e4\u00e4kausikeskuksen lipulla Aura-vesikeskukseen<\/h3>\r\n<\/div>\r\n<div class=\"vce-faq-toggle-text-block\">\r\n\r\nJ\u00e4\u00e4kausikeskuksen ja <a href=\"https:\/\/www.aurakeskus.ee\/\">Aura-vesikeskuksen<\/a> yhteistarjous! S\u00e4ilyt\u00e4 ensimm\u00e4iseksi vierailemasi keskuksen kuitti tallella, niin saat 7 p\u00e4iv\u00e4n kuluessa hankki toisen paikan lipun 20 % edullisemmin! Tarjous koskee sek\u00e4 J\u00e4\u00e4kausikeskuksen lipun esitt\u00e4mist\u00e4 Aura-vesikeskuksessa ett\u00e4 p\u00e4invastoin!\r\n\r\n<\/div>\r\n<\/div>\r\n<\/div>\r\n<\/div>\r\n<div class=\"vce-faq-toggle vce-faq-toggle-color--fff vce-faq-toggle-shape-color--1D64C5 vce-faq-toggle-shape--rounded\">\r\n<div id=\"el-260bfaef\" class=\"vce-faq-toggle-wrapper vce\" data-vce-do-apply=\"margin padding border background el-260bfaef\">\r\n<div class=\"vce-faq-toggle-inner\">\r\n<div class=\"vce-faq-toggle-title\">\r\n<h3 class=\"vce-faq-toggle-title-text\"><i class=\"vce-faq-toggle-icon\"><\/i>J\u00e4\u00e4kausikeskuksen lipulla V Spasse<\/h3>\r\n<\/div>\r\n<div class=\"vce-faq-toggle-text-block\">\r\n\r\nJ\u00e4\u00e4kausikeskuksen lippua n\u00e4ytt\u00e4m\u00e4ll\u00e4 V Span normaalihintaiset liput ovat 10 % edullisemmat! Samoin V Span kuitilla saa J\u00e4\u00e4kausikeskuksen normaalilipun hinnasta 10 % alennuksen. Lis\u00e4tietoa V Spasta:&nbsp;<a href=\"https:\/\/vspa.ee\/\">https:\/\/vspa.ee\/<\/a>\r\n\r\nAlennusta ei voi yhdist\u00e4\u00e4 muihin tarjouksiin ja se on voimassa 7 p\u00e4iv\u00e4\u00e4 lippujen ostohetkest\u00e4 alkaen.\r\n\r\n<\/div>\r\n<a href=\"https:\/\/jaaaeg.ee\/wp-content\/uploads\/2025\/10\/sigrid-Sepp_2025_JKrand-scaled.jpeg\"><img loading=\"lazy\" decoding=\"async\" width=\"2560\" height=\"1920\" class=\"alignnone size-full wp-image-32964\" title=\"sigrid Sepp_2025_JKrand\" src=\"https:\/\/jaaaeg.ee\/wp-content\/uploads\/2025\/10\/sigrid-Sepp_2025_JKrand-scaled.jpeg\" alt=\"\" srcset=\"https:\/\/jaaaeg.ee\/wp-content\/uploads\/2025\/10\/sigrid-Sepp_2025_JKrand-scaled.jpeg 2560w, https:\/\/jaaaeg.ee\/wp-content\/uploads\/2025\/10\/sigrid-Sepp_2025_JKrand-300x225.jpeg 300w, https:\/\/jaaaeg.ee\/wp-content\/uploads\/2025\/10\/sigrid-Sepp_2025_JKrand-700x525.jpeg 700w, https:\/\/jaaaeg.ee\/wp-content\/uploads\/2025\/10\/sigrid-Sepp_2025_JKrand-768x576.jpeg 768w, https:\/\/jaaaeg.ee\/wp-content\/uploads\/2025\/10\/sigrid-Sepp_2025_JKrand-1536x1152.jpeg 1536w, https:\/\/jaaaeg.ee\/wp-content\/uploads\/2025\/10\/sigrid-Sepp_2025_JKrand-2048x1536.jpeg 2048w, https:\/\/jaaaeg.ee\/wp-content\/uploads\/2025\/10\/sigrid-Sepp_2025_JKrand-120x90.jpeg 120w, https:\/\/jaaaeg.ee\/wp-content\/uploads\/2025\/10\/sigrid-Sepp_2025_JKrand-1900x1425.jpeg 1900w, https:\/\/jaaaeg.ee\/wp-content\/uploads\/2025\/10\/sigrid-Sepp_2025_JKrand-320x240.jpeg 320w, https:\/\/jaaaeg.ee\/wp-content\/uploads\/2025\/10\/sigrid-Sepp_2025_JKrand-480x360.jpeg 480w, https:\/\/jaaaeg.ee\/wp-content\/uploads\/2025\/10\/sigrid-Sepp_2025_JKrand-800x600.jpeg 800w, https:\/\/jaaaeg.ee\/wp-content\/uploads\/2025\/10\/sigrid-Sepp_2025_JKrand-600x450.jpeg 600w\" sizes=\"auto, (max-width: 2560px) 100vw, 2560px\" \/><\/a>\r\n\r\n<\/div>\r\n<\/div>\r\n<\/div>\r\n<\/div>\r\n<\/div>\r\n<\/div>\r\n<\/div>\r\n<\/div>\r\n<div class=\"vce-row-container\">\r\n<div id=\"el-bbcdcd1a\" class=\"vce-row vce-row--col-gap-30 vce-row-columns--top vce-row-content--top\" data-vce-do-apply=\"all el-bbcdcd1a\">\r\n<div class=\"vce-row-content\" data-vce-element-content=\"true\">\r\n<div id=\"el-5734db4b\" class=\"vce-col vce-col--md-auto vce-col--xs-1 vce-col--xs-last vce-col--xs-first vce-col--sm-last vce-col--sm-first vce-col--md-last vce-col--lg-last vce-col--xl-last vce-col--md-first vce-col--lg-first vce-col--xl-first\" data-vce-do-apply=\"background border el-5734db4b\">\r\n<div class=\"vce-col-inner\" data-vce-element-content=\"true\" data-vce-do-apply=\"padding margin el-5734db4b\">&nbsp;<\/div>\r\n<\/div>\r\n<\/div>\r\n<\/div>\r\n<\/div>\r\n\n","protected":false},"excerpt":{"rendered":"Olemme tehneet el\u00e4m\u00e4nne helpommaksi ja tarjoamme yhteisty\u00f6kumppaniemme kanssa mukavia yhteispaketteja! Tutustu J\u00e4\u00e4kausikeskuksen vierailupaketteihin ja valitse niist\u00e4 itsellesi sopivin! Discover exciting family holidays in Tartu together with the Ice Age Centre!Choose the perfect package for your family and combine an educational adventure with a relaxing stay at a comfortable hotel. Hotel Sophia Family Package \u2013 enjoy&#8230; <a class=\"view-article\" href=\"https:\/\/jaaaeg.ee\/fi\/jaakausikeskuksesta\/vierailupaketit\/\">Lue lis\u00e4\u00e4<\/a>","protected":false},"author":1,"featured_media":0,"parent":1449,"menu_order":323,"comment_status":"closed","ping_status":"closed","template":"","meta":{"_acf_changed":false,"ngg_post_thumbnail":0,"footnotes":""},"class_list":["post-1506","page","type-page","status-publish","hentry"],"acf":[],"yoast_head":"<!-- This site is optimized with the Yoast SEO plugin v27.3 - https:\/\/yoast.com\/product\/yoast-seo-wordpress\/ -->\n<title>Vierailupaketit - J\u00e4\u00e4aja Keskus<\/title>\n<meta name=\"robots\" content=\"index, follow, max-snippet:-1, max-image-preview:large, max-video-preview:-1\" \/>\n<link rel=\"canonical\" href=\"https:\/\/jaaaeg.ee\/fi\/jaakausikeskuksesta\/vierailupaketit\/\" \/>\n<meta property=\"og:locale\" content=\"fi_FI\" \/>\n<meta property=\"og:type\" content=\"article\" \/>\n<meta property=\"og:title\" content=\"Vierailupaketit - J\u00e4\u00e4aja Keskus\" \/>\n<meta property=\"og:description\" content=\"Olemme tehneet el\u00e4m\u00e4nne helpommaksi ja tarjoamme yhteisty\u00f6kumppaniemme kanssa mukavia yhteispaketteja! Tutustu J\u00e4\u00e4kausikeskuksen vierailupaketteihin ja valitse niist\u00e4 itsellesi sopivin! Discover exciting family holidays in Tartu together with the Ice Age Centre!Choose the perfect package for your family and combine an educational adventure with a relaxing stay at a comfortable hotel. Hotel Sophia Family Package \u2013 enjoy... Lue lis\u00e4\u00e4\" \/>\n<meta property=\"og:url\" content=\"https:\/\/jaaaeg.ee\/fi\/jaakausikeskuksesta\/vierailupaketit\/\" \/>\n<meta property=\"og:site_name\" content=\"J\u00e4\u00e4aja Keskus\" \/>\n<meta property=\"article:publisher\" content=\"https:\/\/www.facebook.com\/JaaajaKeskus\/\" \/>\n<meta property=\"article:modified_time\" content=\"2025-10-17T11:13:27+00:00\" \/>\n<meta property=\"og:image\" content=\"https:\/\/jaaaeg.ee\/wp-content\/uploads\/2025\/10\/sigrid-Sepp_2025_JKrand-scaled.jpeg\" \/>\n\t<meta property=\"og:image:width\" content=\"2560\" \/>\n\t<meta property=\"og:image:height\" content=\"1920\" \/>\n\t<meta property=\"og:image:type\" content=\"image\/jpeg\" \/>\n<meta name=\"twitter:card\" content=\"summary_large_image\" \/>\n<meta name=\"twitter:label1\" content=\"Arvioitu lukuaika\" \/>\n\t<meta name=\"twitter:data1\" content=\"1 minuutti\" \/>\n<script type=\"application\/ld+json\" class=\"yoast-schema-graph\">{\"@context\":\"https:\\\/\\\/schema.org\",\"@graph\":[{\"@type\":\"WebPage\",\"@id\":\"https:\\\/\\\/jaaaeg.ee\\\/fi\\\/jaakausikeskuksesta\\\/vierailupaketit\\\/\",\"url\":\"https:\\\/\\\/jaaaeg.ee\\\/fi\\\/jaakausikeskuksesta\\\/vierailupaketit\\\/\",\"name\":\"Vierailupaketit - J\u00e4\u00e4aja Keskus\",\"isPartOf\":{\"@id\":\"https:\\\/\\\/jaaaeg.ee\\\/ru\\\/#website\"},\"primaryImageOfPage\":{\"@id\":\"https:\\\/\\\/jaaaeg.ee\\\/fi\\\/jaakausikeskuksesta\\\/vierailupaketit\\\/#primaryimage\"},\"image\":{\"@id\":\"https:\\\/\\\/jaaaeg.ee\\\/fi\\\/jaakausikeskuksesta\\\/vierailupaketit\\\/#primaryimage\"},\"thumbnailUrl\":\"https:\\\/\\\/jaaaeg.ee\\\/wp-content\\\/uploads\\\/2025\\\/10\\\/sigrid-Sepp_2025_JKrand-scaled.jpeg\",\"datePublished\":\"2018-10-02T08:57:48+00:00\",\"dateModified\":\"2025-10-17T11:13:27+00:00\",\"breadcrumb\":{\"@id\":\"https:\\\/\\\/jaaaeg.ee\\\/fi\\\/jaakausikeskuksesta\\\/vierailupaketit\\\/#breadcrumb\"},\"inLanguage\":\"fi\",\"potentialAction\":[{\"@type\":\"ReadAction\",\"target\":[\"https:\\\/\\\/jaaaeg.ee\\\/fi\\\/jaakausikeskuksesta\\\/vierailupaketit\\\/\"]}]},{\"@type\":\"ImageObject\",\"inLanguage\":\"fi\",\"@id\":\"https:\\\/\\\/jaaaeg.ee\\\/fi\\\/jaakausikeskuksesta\\\/vierailupaketit\\\/#primaryimage\",\"url\":\"https:\\\/\\\/jaaaeg.ee\\\/wp-content\\\/uploads\\\/2025\\\/10\\\/sigrid-Sepp_2025_JKrand-scaled.jpeg\",\"contentUrl\":\"https:\\\/\\\/jaaaeg.ee\\\/wp-content\\\/uploads\\\/2025\\\/10\\\/sigrid-Sepp_2025_JKrand-scaled.jpeg\"},{\"@type\":\"BreadcrumbList\",\"@id\":\"https:\\\/\\\/jaaaeg.ee\\\/fi\\\/jaakausikeskuksesta\\\/vierailupaketit\\\/#breadcrumb\",\"itemListElement\":[{\"@type\":\"ListItem\",\"position\":1,\"name\":\"Home\",\"item\":\"https:\\\/\\\/jaaaeg.ee\\\/fi\\\/\"},{\"@type\":\"ListItem\",\"position\":2,\"name\":\"J\u00e4\u00e4kausikeskuksesta\",\"item\":\"https:\\\/\\\/jaaaeg.ee\\\/fi\\\/jaakausikeskuksesta\\\/\"},{\"@type\":\"ListItem\",\"position\":3,\"name\":\"Vierailupaketit\"}]},{\"@type\":\"WebSite\",\"@id\":\"https:\\\/\\\/jaaaeg.ee\\\/ru\\\/#website\",\"url\":\"https:\\\/\\\/jaaaeg.ee\\\/ru\\\/\",\"name\":\"J\u00e4\u00e4aja Keskus\",\"description\":\"avastamisr\u00f5\u00f5m igas vanuses k\u00fclastajatele\",\"potentialAction\":[{\"@type\":\"SearchAction\",\"target\":{\"@type\":\"EntryPoint\",\"urlTemplate\":\"https:\\\/\\\/jaaaeg.ee\\\/ru\\\/?s={search_term_string}\"},\"query-input\":{\"@type\":\"PropertyValueSpecification\",\"valueRequired\":true,\"valueName\":\"search_term_string\"}}],\"inLanguage\":\"fi\"}]}<\/script>\n<!-- \/ Yoast SEO plugin. -->","yoast_head_json":{"title":"Vierailupaketit - J\u00e4\u00e4aja Keskus","robots":{"index":"index","follow":"follow","max-snippet":"max-snippet:-1","max-image-preview":"max-image-preview:large","max-video-preview":"max-video-preview:-1"},"canonical":"https:\/\/jaaaeg.ee\/fi\/jaakausikeskuksesta\/vierailupaketit\/","og_locale":"fi_FI","og_type":"article","og_title":"Vierailupaketit - J\u00e4\u00e4aja Keskus","og_description":"Olemme tehneet el\u00e4m\u00e4nne helpommaksi ja tarjoamme yhteisty\u00f6kumppaniemme kanssa mukavia yhteispaketteja! Tutustu J\u00e4\u00e4kausikeskuksen vierailupaketteihin ja valitse niist\u00e4 itsellesi sopivin! Discover exciting family holidays in Tartu together with the Ice Age Centre!Choose the perfect package for your family and combine an educational adventure with a relaxing stay at a comfortable hotel. Hotel Sophia Family Package \u2013 enjoy... Lue lis\u00e4\u00e4","og_url":"https:\/\/jaaaeg.ee\/fi\/jaakausikeskuksesta\/vierailupaketit\/","og_site_name":"J\u00e4\u00e4aja Keskus","article_publisher":"https:\/\/www.facebook.com\/JaaajaKeskus\/","article_modified_time":"2025-10-17T11:13:27+00:00","og_image":[{"width":2560,"height":1920,"url":"https:\/\/jaaaeg.ee\/wp-content\/uploads\/2025\/10\/sigrid-Sepp_2025_JKrand-scaled.jpeg","type":"image\/jpeg"}],"twitter_card":"summary_large_image","twitter_misc":{"Arvioitu lukuaika":"1 minuutti"},"schema":{"@context":"https:\/\/schema.org","@graph":[{"@type":"WebPage","@id":"https:\/\/jaaaeg.ee\/fi\/jaakausikeskuksesta\/vierailupaketit\/","url":"https:\/\/jaaaeg.ee\/fi\/jaakausikeskuksesta\/vierailupaketit\/","name":"Vierailupaketit - J\u00e4\u00e4aja Keskus","isPartOf":{"@id":"https:\/\/jaaaeg.ee\/ru\/#website"},"primaryImageOfPage":{"@id":"https:\/\/jaaaeg.ee\/fi\/jaakausikeskuksesta\/vierailupaketit\/#primaryimage"},"image":{"@id":"https:\/\/jaaaeg.ee\/fi\/jaakausikeskuksesta\/vierailupaketit\/#primaryimage"},"thumbnailUrl":"https:\/\/jaaaeg.ee\/wp-content\/uploads\/2025\/10\/sigrid-Sepp_2025_JKrand-scaled.jpeg","datePublished":"2018-10-02T08:57:48+00:00","dateModified":"2025-10-17T11:13:27+00:00","breadcrumb":{"@id":"https:\/\/jaaaeg.ee\/fi\/jaakausikeskuksesta\/vierailupaketit\/#breadcrumb"},"inLanguage":"fi","potentialAction":[{"@type":"ReadAction","target":["https:\/\/jaaaeg.ee\/fi\/jaakausikeskuksesta\/vierailupaketit\/"]}]},{"@type":"ImageObject","inLanguage":"fi","@id":"https:\/\/jaaaeg.ee\/fi\/jaakausikeskuksesta\/vierailupaketit\/#primaryimage","url":"https:\/\/jaaaeg.ee\/wp-content\/uploads\/2025\/10\/sigrid-Sepp_2025_JKrand-scaled.jpeg","contentUrl":"https:\/\/jaaaeg.ee\/wp-content\/uploads\/2025\/10\/sigrid-Sepp_2025_JKrand-scaled.jpeg"},{"@type":"BreadcrumbList","@id":"https:\/\/jaaaeg.ee\/fi\/jaakausikeskuksesta\/vierailupaketit\/#breadcrumb","itemListElement":[{"@type":"ListItem","position":1,"name":"Home","item":"https:\/\/jaaaeg.ee\/fi\/"},{"@type":"ListItem","position":2,"name":"J\u00e4\u00e4kausikeskuksesta","item":"https:\/\/jaaaeg.ee\/fi\/jaakausikeskuksesta\/"},{"@type":"ListItem","position":3,"name":"Vierailupaketit"}]},{"@type":"WebSite","@id":"https:\/\/jaaaeg.ee\/ru\/#website","url":"https:\/\/jaaaeg.ee\/ru\/","name":"J\u00e4\u00e4aja Keskus","description":"avastamisr\u00f5\u00f5m igas vanuses k\u00fclastajatele","potentialAction":[{"@type":"SearchAction","target":{"@type":"EntryPoint","urlTemplate":"https:\/\/jaaaeg.ee\/ru\/?s={search_term_string}"},"query-input":{"@type":"PropertyValueSpecification","valueRequired":true,"valueName":"search_term_string"}}],"inLanguage":"fi"}]}},"_links":{"self":[{"href":"https:\/\/jaaaeg.ee\/fi\/wp-json\/wp\/v2\/pages\/1506","targetHints":{"allow":["GET"]}}],"collection":[{"href":"https:\/\/jaaaeg.ee\/fi\/wp-json\/wp\/v2\/pages"}],"about":[{"href":"https:\/\/jaaaeg.ee\/fi\/wp-json\/wp\/v2\/types\/page"}],"author":[{"embeddable":true,"href":"https:\/\/jaaaeg.ee\/fi\/wp-json\/wp\/v2\/users\/1"}],"replies":[{"embeddable":true,"href":"https:\/\/jaaaeg.ee\/fi\/wp-json\/wp\/v2\/comments?post=1506"}],"version-history":[{"count":8,"href":"https:\/\/jaaaeg.ee\/fi\/wp-json\/wp\/v2\/pages\/1506\/revisions"}],"predecessor-version":[{"id":32992,"href":"https:\/\/jaaaeg.ee\/fi\/wp-json\/wp\/v2\/pages\/1506\/revisions\/32992"}],"up":[{"embeddable":true,"href":"https:\/\/jaaaeg.ee\/fi\/wp-json\/wp\/v2\/pages\/1449"}],"wp:attachment":[{"href":"https:\/\/jaaaeg.ee\/fi\/wp-json\/wp\/v2\/media?parent=1506"}],"curies":[{"name":"wp","href":"https:\/\/api.w.org\/{rel}","templated":true}]}}