{"id":15,"date":"2018-07-16T16:17:30","date_gmt":"2018-07-16T13:17:30","guid":{"rendered":"http:\/\/jaaaeg.ee\/?page_id=15"},"modified":"2025-10-24T12:52:39","modified_gmt":"2025-10-24T09:52:39","slug":"opetajale","status":"publish","type":"page","link":"https:\/\/jaaaeg.ee\/fi\/opetajale\/","title":{"rendered":"\u00d5petajale"},"content":{"rendered":"<div class=\"vce-row-container\" data-vce-boxed-width=\"true\"><div class=\"vce-row vce-row--col-gap-30 vce-row-content--top\" id=\"el-cacb18dc\" data-vce-do-apply=\"all el-cacb18dc\"><div class=\"vce-row-content\" data-vce-element-content=\"true\"><div class=\"vce-col vce-col--md-auto vce-col--xs-1 vce-col--xs-last vce-col--xs-first vce-col--sm-last vce-col--sm-first vce-col--md-first vce-col--lg-first vce-col--xl-first\" id=\"el-a93cf29d\"><div class=\"vce-col-inner\" data-vce-do-apply=\"border margin background  el-a93cf29d\"><div class=\"vce-col-content\" data-vce-element-content=\"true\" data-vce-do-apply=\"padding el-a93cf29d\"><div class=\"vce-text-block\"><div class=\"vce-text-block-wrapper vce\" id=\"el-b99c62ff\" data-vce-do-apply=\"all el-b99c62ff\"><p><a href=\"http:\/\/jaaaeg.ee\/opetajale\/lasteaiale\/\"><img loading=\"lazy\" decoding=\"async\" width=\"300\" height=\"180\" class=\"alignnone size-medium wp-image-574 aligncenter\" src=\"https:\/\/jaaaeg.ee\/wp-content\/uploads\/2018\/09\/Lasteaiale-500x300-300x180.jpg\" alt=\"\" srcset=\"https:\/\/jaaaeg.ee\/wp-content\/uploads\/2018\/09\/Lasteaiale-500x300-300x180.jpg 300w, https:\/\/jaaaeg.ee\/wp-content\/uploads\/2018\/09\/Lasteaiale-500x300-120x72.jpg 120w, https:\/\/jaaaeg.ee\/wp-content\/uploads\/2018\/09\/Lasteaiale-500x300.jpg 500w\" sizes=\"auto, (max-width: 300px) 100vw, 300px\" \/><\/a><\/p>\n<p style=\"text-align: center;\"><a href=\"https:\/\/jaaaeg.ee\/opetajale\/lasteaiale\/\">LASTEAED<\/a><\/p>\n<p>&nbsp;<\/p>\n<\/div><\/div><\/div><\/div><\/div><div class=\"vce-col vce-col--md-auto vce-col--xs-1 vce-col--xs-last vce-col--xs-first vce-col--sm-last vce-col--sm-first\" id=\"el-b10336b7\"><div class=\"vce-col-inner\" data-vce-do-apply=\"border margin background  el-b10336b7\"><div class=\"vce-col-content\" data-vce-element-content=\"true\" data-vce-do-apply=\"padding el-b10336b7\"><div class=\"vce-text-block\"><div class=\"vce-text-block-wrapper vce\" id=\"el-634c7cd9\" data-vce-do-apply=\"all el-634c7cd9\"><p><a href=\"http:\/\/jaaaeg.ee\/opetajale\/algkoolile\/\"><img loading=\"lazy\" decoding=\"async\" width=\"300\" height=\"180\" class=\"alignnone size-medium wp-image-559 aligncenter\" src=\"https:\/\/jaaaeg.ee\/wp-content\/uploads\/2018\/09\/lapsed_ra\u0308ndkivid-500x300-300x180.jpg\" alt=\"\" srcset=\"https:\/\/jaaaeg.ee\/wp-content\/uploads\/2018\/09\/lapsed_ra\u0308ndkivid-500x300-300x180.jpg 300w, https:\/\/jaaaeg.ee\/wp-content\/uploads\/2018\/09\/lapsed_ra\u0308ndkivid-500x300-120x72.jpg 120w, https:\/\/jaaaeg.ee\/wp-content\/uploads\/2018\/09\/lapsed_ra\u0308ndkivid-500x300.jpg 500w\" sizes=\"auto, (max-width: 300px) 100vw, 300px\" \/><\/a><\/p><p style=\"text-align: center;\"><a href=\"https:\/\/jaaaeg.ee\/opetajale\/algkoolile\/\">ALGKOOL<\/a><\/p><p>&nbsp;<\/p><\/div><\/div><\/div><\/div><\/div><div class=\"vce-col vce-col--md-auto vce-col--xs-1 vce-col--xs-last vce-col--xs-first vce-col--sm-last vce-col--sm-first\" id=\"el-b12d1ee4\"><div class=\"vce-col-inner\" data-vce-do-apply=\"border margin background  el-b12d1ee4\"><div class=\"vce-col-content\" data-vce-element-content=\"true\" data-vce-do-apply=\"padding el-b12d1ee4\"><div class=\"vce-text-block\"><div class=\"vce-text-block-wrapper vce\" id=\"el-77e420c2\" data-vce-do-apply=\"all el-77e420c2\"><p><a href=\"http:\/\/jaaaeg.ee\/opetajale\/pohikoolile\/\"><img loading=\"lazy\" decoding=\"async\" width=\"300\" height=\"180\" class=\"alignnone size-medium wp-image-569 aligncenter\" src=\"https:\/\/jaaaeg.ee\/wp-content\/uploads\/2018\/09\/Po\u0303hikoolile-500x300-300x180.jpg\" alt=\"\" srcset=\"https:\/\/jaaaeg.ee\/wp-content\/uploads\/2018\/09\/Po\u0303hikoolile-500x300-300x180.jpg 300w, https:\/\/jaaaeg.ee\/wp-content\/uploads\/2018\/09\/Po\u0303hikoolile-500x300-120x72.jpg 120w, https:\/\/jaaaeg.ee\/wp-content\/uploads\/2018\/09\/Po\u0303hikoolile-500x300.jpg 500w\" sizes=\"auto, (max-width: 300px) 100vw, 300px\" \/><\/a><\/p><p style=\"text-align: center;\"><a href=\"https:\/\/jaaaeg.ee\/opetajale\/pohikoolile\/\">P\u00d5HIKOOL<\/a><\/p><p>&nbsp;<\/p><\/div><\/div><\/div><\/div><\/div><div class=\"vce-col vce-col--md-auto vce-col--xs-1 vce-col--xs-last vce-col--xs-first vce-col--sm-last vce-col--sm-first\" id=\"el-6be5c0ed\"><div class=\"vce-col-inner\" data-vce-do-apply=\"border margin background  el-6be5c0ed\"><div class=\"vce-col-content\" data-vce-element-content=\"true\" data-vce-do-apply=\"padding el-6be5c0ed\"><div class=\"vce-text-block\"><div class=\"vce-text-block-wrapper vce\" id=\"el-2ece0546\" data-vce-do-apply=\"all el-2ece0546\"><p><a href=\"http:\/\/jaaaeg.ee\/opetajale\/gumnaasiumile\/\"><img loading=\"lazy\" decoding=\"async\" width=\"300\" height=\"180\" class=\"alignnone size-medium wp-image-564 aligncenter\" src=\"https:\/\/jaaaeg.ee\/wp-content\/uploads\/2018\/09\/Gu\u0308mnaasiumile-500x300-300x180.jpg\" alt=\"\" srcset=\"https:\/\/jaaaeg.ee\/wp-content\/uploads\/2018\/09\/Gu\u0308mnaasiumile-500x300-300x180.jpg 300w, https:\/\/jaaaeg.ee\/wp-content\/uploads\/2018\/09\/Gu\u0308mnaasiumile-500x300-120x72.jpg 120w, https:\/\/jaaaeg.ee\/wp-content\/uploads\/2018\/09\/Gu\u0308mnaasiumile-500x300.jpg 500w\" sizes=\"auto, (max-width: 300px) 100vw, 300px\" \/><\/a><\/p><p style=\"text-align: center;\"><a href=\"https:\/\/jaaaeg.ee\/opetajale\/gumnaasiumile\/\">G\u00dcMNAASIUM<\/a><\/p><p>&nbsp;<\/p><\/div><\/div><\/div><\/div><\/div><div class=\"vce-col vce-col--md-auto vce-col--xs-1 vce-col--xs-last vce-col--xs-first vce-col--sm-last vce-col--sm-first vce-col--md-last vce-col--lg-last vce-col--xl-last\" id=\"el-560f0d7b\"><div class=\"vce-col-inner\" data-vce-do-apply=\"border margin background  el-560f0d7b\"><div class=\"vce-col-content\" data-vce-element-content=\"true\" data-vce-do-apply=\"padding el-560f0d7b\"><div class=\"vce-text-block\"><div class=\"vce-text-block-wrapper vce\" id=\"el-22a043e2\" data-vce-do-apply=\"all el-22a043e2\"><p style=\"text-align: center;\"><a href=\"https:\/\/jaaaeg.ee\/opetajale\/jouluprogramm\/\"><img loading=\"lazy\" decoding=\"async\" class=\"aligncenter wp-image-28639\" src=\"https:\/\/jaaaeg.ee\/wp-content\/uploads\/2024\/09\/kivil-pikutav-mammut-300x225-1-e1726559065730-1-e1726560666556-150x115.jpg\" alt=\"\" width=\"134\" height=\"102\">J\u00d5ULU-<br>\nPROGRAMMID<\/a><\/p>\n<p>&nbsp;<\/p>\n<\/div><\/div><\/div><\/div><\/div><\/div><\/div><\/div><div class=\"vce-row-container\" data-vce-boxed-width=\"true\"><div class=\"vce-row vce-row--col-gap-30 vce-row-content--top\" id=\"el-d659c45c\" data-vce-do-apply=\"all el-d659c45c\"><div class=\"vce-row-content\" data-vce-element-content=\"true\"><div class=\"vce-col vce-col--md-100p vce-col--xs-1 vce-col--xs-last vce-col--xs-first vce-col--sm-last vce-col--sm-first vce-col--md-last vce-col--lg-last vce-col--xl-last vce-col--md-first vce-col--lg-first vce-col--xl-first\" id=\"el-dd5e0567\"><div class=\"vce-col-inner\" data-vce-do-apply=\"border margin background  el-dd5e0567\"><div class=\"vce-col-content\" data-vce-element-content=\"true\" data-vce-do-apply=\"padding el-dd5e0567\"><div class=\"vce-text-block\"><div class=\"vce-text-block-wrapper vce\" id=\"el-813e2a41\" data-vce-do-apply=\"all el-813e2a41\"><h2 data-start=\"388\" data-end=\"438\">\ud83c\udf0d \u00d5ppep\u00e4ev, mis j\u00e4\u00e4b meelde !<\/h2><p data-start=\"440\" data-end=\"760\"><strong data-start=\"440\" data-end=\"488\">Tule klassiga avastama, oma k\u00e4ega katsuma ja kogema!<\/strong><br data-start=\"488\" data-end=\"491\">J\u00e4\u00e4aja Keskus pakub keskkonnateemalisi <strong data-start=\"530\" data-end=\"577\">aktiiv\u00f5ppeprogramme igas vanuses \u00f5pilastele<\/strong> \u2013 alates uudishimulikest lasteaialastest kuni g\u00fcmnaasiumi l\u00f5puklassideni. Meie eesm\u00e4rk on muuta \u00f5pitu elavaks: siin saab teadmisi <strong data-start=\"708\" data-end=\"759\">oma silmaga n\u00e4ha, k\u00e4ega katsuda ja uusi teadmisi ise avastada<\/strong>.<\/p><hr data-start=\"762\" data-end=\"765\"><h3 data-start=\"767\" data-end=\"804\">\ud83d\udcda Miks just meile tulla?<\/h3><ul><li data-start=\"807\" data-end=\"905\"><span style=\"font-size: 12pt;\"><strong>Kogenud juhendajad<\/strong>, lihtne broneerimine ja tasuta osalemine \u00f5petajale (10 \u00f5pilase kohta \u00fcks \u00f5petaja tasuta.<\/span><\/li><li data-start=\"807\" data-end=\"905\"><span style=\"font-size: 12pt;\"><strong data-start=\"908\" data-end=\"936\">\u00d5ppekavaga seotud teemad<\/strong>:<\/span><br data-start=\"969\" data-end=\"972\"><span style=\"font-size: 12pt;\">geograafia \u2022 geoloogia \u2022 klimatoloogia \u2022 keskkonnakaitse \u2022 Eesti muistendid j\u00e4\u00e4ajast<\/span><\/li><li data-start=\"807\" data-end=\"905\"><span style=\"font-size: 12pt;\"><strong data-start=\"1063\" data-end=\"1101\">Praktilised t\u00f6\u00f6lehed ja materjalid<\/strong>.<\/span><\/li><li data-start=\"807\" data-end=\"905\"><span style=\"font-size: 12pt;\"><strong data-start=\"1118\" data-end=\"1134\">KIK-i toetus<\/strong> valitud programmidele <em>(2025\/2026 \u00f5ppeaastal toimub 57 programmi, kus osalemine on haridusasutuse jaoks tasuta).<\/em><\/span><\/li><\/ul><hr data-start=\"1225\" data-end=\"1228\"><h3 data-start=\"1230\" data-end=\"1262\">\ud83c\udfdb Suurim loodusklass Eestis<\/h3><p data-start=\"1263\" data-end=\"1529\"><span style=\"font-size: 12pt;\">2500 m\u00b2 ekspositsioonipinda annab v\u00f5imaluse viia tund l\u00e4bi seal, kus loodus ja teadus saavad kokku <strong data-start=\"1356\" data-end=\"1386\">interaktiivseks seikluseks<\/strong>.<\/span><br data-start=\"1387\" data-end=\"1390\"><span style=\"font-size: 12pt;\">Esimesel k\u00fclastusel soovitame tervikekspositsiooniga tutvuda kindlasti <strong data-start=\"1451\" data-end=\"1473\">giidi juhendamisel<\/strong> \u2013 selleks kulub umbes 1 tund.<\/span><\/p><hr data-start=\"1531\" data-end=\"1534\"><h3 data-start=\"1536\" data-end=\"1558\">\ud83c\udf7d Mugav ja muretu<\/h3><p data-start=\"1559\" data-end=\"1701\"><span style=\"font-size: 12pt;\">Lisav\u00f5imalusena pakume ka <strong data-start=\"1564\" data-end=\"1583\">grupitoitlustust<\/strong>, mis tagab, et \u00f5pilased saavad sooja l\u00f5unas\u00f6\u00f6gi v\u00f5i vahepala ilma ajakulu ja lisamureta. K\u00f5ik on korraldatud \u00fches kohas.<\/span><\/p><p data-start=\"1559\" data-end=\"1701\"><a href=\"https:\/\/jaaaeg.ee\/wp-content\/uploads\/2025\/10\/Grupimenuu-lastele-2025.pdf\" target=\"_blank\" rel=\"noopener\">Grupimen\u00fc\u00fc lastele 2025<\/a><\/p><hr data-start=\"1703\" data-end=\"1706\"><h3 data-start=\"1708\" data-end=\"1732\">\u2709\ufe0f Broneeri ja tule!<\/h3><p data-start=\"1733\" data-end=\"1884\">\ud83d\udce9 <strong data-start=\"1736\" data-end=\"1754\"><a class=\"cursor-pointer\" rel=\"noopener\" data-start=\"1738\" data-end=\"1752\">info@jaaaeg.ee<\/a><\/strong><br data-start=\"1754\" data-end=\"1757\"><span style=\"font-size: 12pt;\">Vaata programme ja vali sobiv juba t\u00e4na \u2013 nii saad kindlustada oma klassile <strong data-start=\"1840\" data-end=\"1883\">\u00f5ppep\u00e4eva, millest r\u00e4\u00e4gitakse veel kaua<\/strong>.<\/span><\/p><\/div><\/div><\/div><\/div><\/div><\/div><\/div><\/div>\n","protected":false},"excerpt":{"rendered":"LASTEAED &nbsp; ALGKOOL&nbsp;P\u00d5HIKOOL&nbsp;G\u00dcMNAASIUM&nbsp;J\u00d5ULU- PROGRAMMID &nbsp; \ud83c\udf0d \u00d5ppep\u00e4ev, mis j\u00e4\u00e4b meelde !Tule klassiga avastama, oma k\u00e4ega katsuma ja kogema!J\u00e4\u00e4aja Keskus pakub keskkonnateemalisi aktiiv\u00f5ppeprogramme igas vanuses \u00f5pilastele \u2013 alates uudishimulikest lasteaialastest kuni g\u00fcmnaasiumi l\u00f5puklassideni. Meie eesm\u00e4rk on muuta \u00f5pitu elavaks: siin saab teadmisi oma silmaga n\u00e4ha, k\u00e4ega katsuda ja uusi teadmisi ise avastada.\ud83d\udcda Miks just meile tulla?Kogenud&#8230; <a class=\"view-article\" href=\"https:\/\/jaaaeg.ee\/fi\/opetajale\/\">Lue lis\u00e4\u00e4<\/a>","protected":false},"author":1,"featured_media":472,"parent":0,"menu_order":277,"comment_status":"closed","ping_status":"closed","template":"template-sidebar.php","meta":{"_acf_changed":false,"ngg_post_thumbnail":0,"footnotes":""},"class_list":["post-15","page","type-page","status-publish","has-post-thumbnail","hentry"],"acf":[],"yoast_head":"<!-- This site is optimized with the Yoast SEO plugin v27.3 - https:\/\/yoast.com\/product\/yoast-seo-wordpress\/ -->\n<title>\u00d5ppeprogrammid lasteaiale ja koolile - J\u00e4\u00e4aja Keskus<\/title>\n<meta name=\"description\" content=\"J\u00e4\u00e4aja Keskus pakub aktiiv\u00f5ppeprogramme igas vanuses huvilistele. K\u00f5ik programmid on loodud selleks, et t\u00e4iendada raamatuteadmisi.\" \/>\n<meta name=\"robots\" content=\"index, follow, max-snippet:-1, max-image-preview:large, max-video-preview:-1\" \/>\n<link rel=\"canonical\" href=\"https:\/\/jaaaeg.ee\/opetajale\/\" \/>\n<meta property=\"og:locale\" content=\"fi_FI\" \/>\n<meta property=\"og:type\" content=\"article\" \/>\n<meta property=\"og:title\" content=\"\u00d5ppeprogrammid lasteaiale ja koolile - J\u00e4\u00e4aja Keskus\" \/>\n<meta property=\"og:description\" content=\"J\u00e4\u00e4aja Keskus pakub aktiiv\u00f5ppeprogramme igas vanuses huvilistele. K\u00f5ik programmid on loodud selleks, et t\u00e4iendada raamatuteadmisi.\" \/>\n<meta property=\"og:url\" content=\"https:\/\/jaaaeg.ee\/opetajale\/\" \/>\n<meta property=\"og:site_name\" content=\"J\u00e4\u00e4aja Keskus\" \/>\n<meta property=\"article:publisher\" content=\"https:\/\/www.facebook.com\/JaaajaKeskus\/\" \/>\n<meta property=\"article:modified_time\" content=\"2025-10-24T09:52:39+00:00\" \/>\n<meta property=\"og:image\" content=\"https:\/\/jaaaeg.ee\/wp-content\/uploads\/2018\/09\/lapsed_r\u00e4ndkivid.jpg\" \/>\n\t<meta property=\"og:image:width\" content=\"2048\" \/>\n\t<meta property=\"og:image:height\" content=\"1365\" \/>\n\t<meta property=\"og:image:type\" content=\"image\/jpeg\" \/>\n<meta name=\"twitter:card\" content=\"summary_large_image\" \/>\n<meta name=\"twitter:label1\" content=\"Arvioitu lukuaika\" \/>\n\t<meta name=\"twitter:data1\" content=\"3 minuuttia\" \/>\n<script type=\"application\/ld+json\" class=\"yoast-schema-graph\">{\"@context\":\"https:\\\/\\\/schema.org\",\"@graph\":[{\"@type\":\"WebPage\",\"@id\":\"https:\\\/\\\/jaaaeg.ee\\\/opetajale\\\/\",\"url\":\"https:\\\/\\\/jaaaeg.ee\\\/opetajale\\\/\",\"name\":\"\u00d5ppeprogrammid lasteaiale ja koolile - J\u00e4\u00e4aja Keskus\",\"isPartOf\":{\"@id\":\"https:\\\/\\\/jaaaeg.ee\\\/ru\\\/#website\"},\"primaryImageOfPage\":{\"@id\":\"https:\\\/\\\/jaaaeg.ee\\\/opetajale\\\/#primaryimage\"},\"image\":{\"@id\":\"https:\\\/\\\/jaaaeg.ee\\\/opetajale\\\/#primaryimage\"},\"thumbnailUrl\":\"https:\\\/\\\/jaaaeg.ee\\\/wp-content\\\/uploads\\\/2018\\\/09\\\/lapsed_r\u00e4ndkivid.jpg\",\"datePublished\":\"2018-07-16T13:17:30+00:00\",\"dateModified\":\"2025-10-24T09:52:39+00:00\",\"description\":\"J\u00e4\u00e4aja Keskus pakub aktiiv\u00f5ppeprogramme igas vanuses huvilistele. K\u00f5ik programmid on loodud selleks, et t\u00e4iendada raamatuteadmisi.\",\"breadcrumb\":{\"@id\":\"https:\\\/\\\/jaaaeg.ee\\\/opetajale\\\/#breadcrumb\"},\"inLanguage\":\"fi\",\"potentialAction\":[{\"@type\":\"ReadAction\",\"target\":[\"https:\\\/\\\/jaaaeg.ee\\\/opetajale\\\/\"]}]},{\"@type\":\"ImageObject\",\"inLanguage\":\"fi\",\"@id\":\"https:\\\/\\\/jaaaeg.ee\\\/opetajale\\\/#primaryimage\",\"url\":\"https:\\\/\\\/jaaaeg.ee\\\/wp-content\\\/uploads\\\/2018\\\/09\\\/lapsed_r\u00e4ndkivid.jpg\",\"contentUrl\":\"https:\\\/\\\/jaaaeg.ee\\\/wp-content\\\/uploads\\\/2018\\\/09\\\/lapsed_r\u00e4ndkivid.jpg\",\"width\":2048,\"height\":1365,\"caption\":\"lapsed r\u00e4ndkivid\"},{\"@type\":\"BreadcrumbList\",\"@id\":\"https:\\\/\\\/jaaaeg.ee\\\/opetajale\\\/#breadcrumb\",\"itemListElement\":[{\"@type\":\"ListItem\",\"position\":1,\"name\":\"Home\",\"item\":\"https:\\\/\\\/jaaaeg.ee\\\/fi\\\/\"},{\"@type\":\"ListItem\",\"position\":2,\"name\":\"\u00d5petajale\"}]},{\"@type\":\"WebSite\",\"@id\":\"https:\\\/\\\/jaaaeg.ee\\\/ru\\\/#website\",\"url\":\"https:\\\/\\\/jaaaeg.ee\\\/ru\\\/\",\"name\":\"J\u00e4\u00e4aja Keskus\",\"description\":\"avastamisr\u00f5\u00f5m igas vanuses k\u00fclastajatele\",\"potentialAction\":[{\"@type\":\"SearchAction\",\"target\":{\"@type\":\"EntryPoint\",\"urlTemplate\":\"https:\\\/\\\/jaaaeg.ee\\\/ru\\\/?s={search_term_string}\"},\"query-input\":{\"@type\":\"PropertyValueSpecification\",\"valueRequired\":true,\"valueName\":\"search_term_string\"}}],\"inLanguage\":\"fi\"}]}<\/script>\n<!-- \/ Yoast SEO plugin. -->","yoast_head_json":{"title":"\u00d5ppeprogrammid lasteaiale ja koolile - J\u00e4\u00e4aja Keskus","description":"J\u00e4\u00e4aja Keskus pakub aktiiv\u00f5ppeprogramme igas vanuses huvilistele. K\u00f5ik programmid on loodud selleks, et t\u00e4iendada raamatuteadmisi.","robots":{"index":"index","follow":"follow","max-snippet":"max-snippet:-1","max-image-preview":"max-image-preview:large","max-video-preview":"max-video-preview:-1"},"canonical":"https:\/\/jaaaeg.ee\/opetajale\/","og_locale":"fi_FI","og_type":"article","og_title":"\u00d5ppeprogrammid lasteaiale ja koolile - J\u00e4\u00e4aja Keskus","og_description":"J\u00e4\u00e4aja Keskus pakub aktiiv\u00f5ppeprogramme igas vanuses huvilistele. K\u00f5ik programmid on loodud selleks, et t\u00e4iendada raamatuteadmisi.","og_url":"https:\/\/jaaaeg.ee\/opetajale\/","og_site_name":"J\u00e4\u00e4aja Keskus","article_publisher":"https:\/\/www.facebook.com\/JaaajaKeskus\/","article_modified_time":"2025-10-24T09:52:39+00:00","og_image":[{"width":2048,"height":1365,"url":"https:\/\/jaaaeg.ee\/wp-content\/uploads\/2018\/09\/lapsed_r\u00e4ndkivid.jpg","type":"image\/jpeg"}],"twitter_card":"summary_large_image","twitter_misc":{"Arvioitu lukuaika":"3 minuuttia"},"schema":{"@context":"https:\/\/schema.org","@graph":[{"@type":"WebPage","@id":"https:\/\/jaaaeg.ee\/opetajale\/","url":"https:\/\/jaaaeg.ee\/opetajale\/","name":"\u00d5ppeprogrammid lasteaiale ja koolile - J\u00e4\u00e4aja Keskus","isPartOf":{"@id":"https:\/\/jaaaeg.ee\/ru\/#website"},"primaryImageOfPage":{"@id":"https:\/\/jaaaeg.ee\/opetajale\/#primaryimage"},"image":{"@id":"https:\/\/jaaaeg.ee\/opetajale\/#primaryimage"},"thumbnailUrl":"https:\/\/jaaaeg.ee\/wp-content\/uploads\/2018\/09\/lapsed_r\u00e4ndkivid.jpg","datePublished":"2018-07-16T13:17:30+00:00","dateModified":"2025-10-24T09:52:39+00:00","description":"J\u00e4\u00e4aja Keskus pakub aktiiv\u00f5ppeprogramme igas vanuses huvilistele. K\u00f5ik programmid on loodud selleks, et t\u00e4iendada raamatuteadmisi.","breadcrumb":{"@id":"https:\/\/jaaaeg.ee\/opetajale\/#breadcrumb"},"inLanguage":"fi","potentialAction":[{"@type":"ReadAction","target":["https:\/\/jaaaeg.ee\/opetajale\/"]}]},{"@type":"ImageObject","inLanguage":"fi","@id":"https:\/\/jaaaeg.ee\/opetajale\/#primaryimage","url":"https:\/\/jaaaeg.ee\/wp-content\/uploads\/2018\/09\/lapsed_r\u00e4ndkivid.jpg","contentUrl":"https:\/\/jaaaeg.ee\/wp-content\/uploads\/2018\/09\/lapsed_r\u00e4ndkivid.jpg","width":2048,"height":1365,"caption":"lapsed r\u00e4ndkivid"},{"@type":"BreadcrumbList","@id":"https:\/\/jaaaeg.ee\/opetajale\/#breadcrumb","itemListElement":[{"@type":"ListItem","position":1,"name":"Home","item":"https:\/\/jaaaeg.ee\/fi\/"},{"@type":"ListItem","position":2,"name":"\u00d5petajale"}]},{"@type":"WebSite","@id":"https:\/\/jaaaeg.ee\/ru\/#website","url":"https:\/\/jaaaeg.ee\/ru\/","name":"J\u00e4\u00e4aja Keskus","description":"avastamisr\u00f5\u00f5m igas vanuses k\u00fclastajatele","potentialAction":[{"@type":"SearchAction","target":{"@type":"EntryPoint","urlTemplate":"https:\/\/jaaaeg.ee\/ru\/?s={search_term_string}"},"query-input":{"@type":"PropertyValueSpecification","valueRequired":true,"valueName":"search_term_string"}}],"inLanguage":"fi"}]}},"_links":{"self":[{"href":"https:\/\/jaaaeg.ee\/fi\/wp-json\/wp\/v2\/pages\/15","targetHints":{"allow":["GET"]}}],"collection":[{"href":"https:\/\/jaaaeg.ee\/fi\/wp-json\/wp\/v2\/pages"}],"about":[{"href":"https:\/\/jaaaeg.ee\/fi\/wp-json\/wp\/v2\/types\/page"}],"author":[{"embeddable":true,"href":"https:\/\/jaaaeg.ee\/fi\/wp-json\/wp\/v2\/users\/1"}],"replies":[{"embeddable":true,"href":"https:\/\/jaaaeg.ee\/fi\/wp-json\/wp\/v2\/comments?post=15"}],"version-history":[{"count":61,"href":"https:\/\/jaaaeg.ee\/fi\/wp-json\/wp\/v2\/pages\/15\/revisions"}],"predecessor-version":[{"id":33033,"href":"https:\/\/jaaaeg.ee\/fi\/wp-json\/wp\/v2\/pages\/15\/revisions\/33033"}],"wp:featuredmedia":[{"embeddable":true,"href":"https:\/\/jaaaeg.ee\/fi\/wp-json\/wp\/v2\/media\/472"}],"wp:attachment":[{"href":"https:\/\/jaaaeg.ee\/fi\/wp-json\/wp\/v2\/media?parent=15"}],"curies":[{"name":"wp","href":"https:\/\/api.w.org\/{rel}","templated":true}]}}