{"id":1497,"date":"2018-10-02T11:56:14","date_gmt":"2018-10-02T08:56:14","guid":{"rendered":"http:\/\/jaaaeg.ee\/?page_id=1497"},"modified":"2025-04-10T13:48:28","modified_gmt":"2025-04-10T10:48:28","slug":"matkamuistot","status":"publish","type":"page","link":"https:\/\/jaaaeg.ee\/fi\/jaakausikeskuksesta\/matkamuistot\/","title":{"rendered":"Matkamuistot"},"content":{"rendered":"<div class=\"vce-row-container\" data-vce-boxed-width=\"true\"><div class=\"vce-row vce-row--col-gap-30 vce-row-content--top\" id=\"el-eb551375\" data-vce-do-apply=\"all el-eb551375\"><div class=\"vce-row-content\" data-vce-element-content=\"true\"><div class=\"vce-col vce-col--md-100p vce-col--xs-1 vce-col--xs-last vce-col--xs-first vce-col--sm-last vce-col--sm-first vce-col--md-last vce-col--lg-last vce-col--xl-last vce-col--md-first vce-col--lg-first vce-col--xl-first\" id=\"el-37a317f0\"><div class=\"vce-col-inner\" data-vce-do-apply=\"border margin background  el-37a317f0\"><div class=\"vce-col-content\" data-vce-element-content=\"true\" data-vce-do-apply=\"padding el-37a317f0\"><div class=\"vce-text-block\"><div class=\"vce-text-block-wrapper vce\" id=\"el-ed539632\" data-vce-do-apply=\"all el-ed539632\"><h2 data-start=\"38\" data-end=\"238\">J\u00e4\u00e4kauden keskuksen lahjakaupassa on tarjolla ainutlaatuisia lahjoja ja matkamuistoja. Valikoimasta l\u00f6ytyy sek\u00e4 paikallisia tuotteita ett\u00e4 eksklusiivisia j\u00e4\u00e4kauden teemaisia lahjoja.<\/h2><p class=\"\" data-start=\"240\" data-end=\"385\">Myyt\u00e4v\u00e4t pehmoel\u00e4imet on valmistettu kierr\u00e4tetyist\u00e4 materiaaleista, ja suurin osa tuotteista on mahdollisimman kest\u00e4vi\u00e4 ja ymp\u00e4rist\u00f6yst\u00e4v\u00e4llisi\u00e4.<\/p><p class=\"\" data-start=\"387\" data-end=\"487\"><strong>Monet tuotteista on suunniteltu erityisesti J\u00e4\u00e4kauden Keskukselle ja saatavilla vain t\u00e4ss\u00e4 kaupassa.<\/strong><\/p><p class=\"\" data-start=\"489\" data-end=\"533\">Kaupasta l\u00f6ytyy jotain kaikille ik\u00e4ryhmille.<\/p><p class=\"\" data-start=\"535\" data-end=\"600\">Maksuista ja tuotteista voi maksaa sek\u00e4 k\u00e4teisell\u00e4 ett\u00e4 kortilla.<\/p><\/div><\/div><div class=\"vce-image-gallery vce-image-gallery--gap-10 vce-image-gallery--columns-3\"><div class=\"vce-image-gallery-wrapper vce\" id=\"el-f5c3d258\" data-vce-do-apply=\"all el-f5c3d258\"><div class=\"vce-image-gallery-list\"><div class=\"vce-image-gallery-item\"><figure class=\"vce-image-gallery-item-inner-wrapper\"><a href=\"https:\/\/jaaaeg.ee\/wp-content\/uploads\/2024\/10\/20240911_162143-scaled.jpg\" data-lightbox=\"lightbox-f5c3d258\" class=\"vce-image-gallery-item-inner\"><img decoding=\"async\" class=\"vce-image-gallery-img vce-image-gallery-img--orientation-portrait\" src=\"https:\/\/jaaaeg.ee\/wp-content\/uploads\/2024\/10\/20240911_162143-700x1243.jpg\" alt=\"20240911 162143 scaled\" title=\"20240911 162143 scaled\"><\/a><\/figure><\/div><div class=\"vce-image-gallery-item\"><figure class=\"vce-image-gallery-item-inner-wrapper\"><a href=\"https:\/\/jaaaeg.ee\/wp-content\/uploads\/2020\/10\/IMG-7921-scaled.jpg\" data-lightbox=\"lightbox-f5c3d258\" class=\"vce-image-gallery-item-inner\"><img decoding=\"async\" class=\"vce-image-gallery-img\" src=\"https:\/\/jaaaeg.ee\/wp-content\/uploads\/2020\/10\/IMG-7921-700x525.jpg\" alt=\"IMG 7921 scaled\" title=\"IMG 7921 scaled\"><\/a><\/figure><\/div><div class=\"vce-image-gallery-item\"><figure class=\"vce-image-gallery-item-inner-wrapper\"><a href=\"https:\/\/jaaaeg.ee\/wp-content\/uploads\/2020\/10\/IMG-7909-scaled.jpg\" data-lightbox=\"lightbox-f5c3d258\" class=\"vce-image-gallery-item-inner\"><img decoding=\"async\" class=\"vce-image-gallery-img\" src=\"https:\/\/jaaaeg.ee\/wp-content\/uploads\/2020\/10\/IMG-7909-700x525.jpg\" alt=\"IMG 7909 scaled\" title=\"IMG 7909 scaled\"><\/a><\/figure><\/div><div class=\"vce-image-gallery-item\"><figure class=\"vce-image-gallery-item-inner-wrapper\"><a href=\"https:\/\/jaaaeg.ee\/wp-content\/uploads\/2020\/10\/IMG-7913-scaled.jpg\" data-lightbox=\"lightbox-f5c3d258\" class=\"vce-image-gallery-item-inner\"><img decoding=\"async\" class=\"vce-image-gallery-img\" src=\"https:\/\/jaaaeg.ee\/wp-content\/uploads\/2020\/10\/IMG-7913-700x525.jpg\" alt=\"IMG 7913 scaled\" title=\"IMG 7913 scaled\"><\/a><\/figure><\/div><div class=\"vce-image-gallery-item\"><figure class=\"vce-image-gallery-item-inner-wrapper\"><a href=\"https:\/\/jaaaeg.ee\/wp-content\/uploads\/2020\/10\/IMG-7927-scaled.jpg\" data-lightbox=\"lightbox-f5c3d258\" class=\"vce-image-gallery-item-inner\"><img decoding=\"async\" class=\"vce-image-gallery-img\" src=\"https:\/\/jaaaeg.ee\/wp-content\/uploads\/2020\/10\/IMG-7927-700x522.jpg\" alt=\"IMG 7927 scaled\" title=\"IMG 7927 scaled\"><\/a><\/figure><\/div><div class=\"vce-image-gallery-item\"><figure class=\"vce-image-gallery-item-inner-wrapper\"><a href=\"https:\/\/jaaaeg.ee\/wp-content\/uploads\/2020\/10\/jaaajakeskus-DSC_9509-scaled.jpg\" data-lightbox=\"lightbox-f5c3d258\" class=\"vce-image-gallery-item-inner\"><img decoding=\"async\" class=\"vce-image-gallery-img\" src=\"https:\/\/jaaaeg.ee\/wp-content\/uploads\/2020\/10\/jaaajakeskus-DSC_9509-700x467.jpg\" alt=\"jaaajakeskus DSC 9509 scaled\" title=\"jaaajakeskus DSC 9509 scaled\"><\/a><\/figure><\/div><\/div><\/div><\/div><\/div><\/div><\/div><\/div><\/div><\/div>\n","protected":false},"excerpt":{"rendered":"J\u00e4\u00e4kauden keskuksen lahjakaupassa on tarjolla ainutlaatuisia lahjoja ja matkamuistoja. Valikoimasta l\u00f6ytyy sek\u00e4 paikallisia tuotteita ett\u00e4 eksklusiivisia j\u00e4\u00e4kauden teemaisia lahjoja.Myyt\u00e4v\u00e4t pehmoel\u00e4imet on valmistettu kierr\u00e4tetyist\u00e4 materiaaleista, ja suurin osa tuotteista on mahdollisimman kest\u00e4vi\u00e4 ja ymp\u00e4rist\u00f6yst\u00e4v\u00e4llisi\u00e4.Monet tuotteista on suunniteltu erityisesti J\u00e4\u00e4kauden Keskukselle ja saatavilla vain t\u00e4ss\u00e4 kaupassa.Kaupasta l\u00f6ytyy jotain kaikille ik\u00e4ryhmille.Maksuista ja tuotteista voi maksaa sek\u00e4 k\u00e4teisell\u00e4 ett\u00e4&#8230; <a class=\"view-article\" href=\"https:\/\/jaaaeg.ee\/fi\/jaakausikeskuksesta\/matkamuistot\/\">Lue lis\u00e4\u00e4<\/a>","protected":false},"author":1,"featured_media":18914,"parent":1449,"menu_order":324,"comment_status":"closed","ping_status":"closed","template":"template-sidebar.php","meta":{"_acf_changed":false,"ngg_post_thumbnail":0,"footnotes":""},"class_list":["post-1497","page","type-page","status-publish","has-post-thumbnail","hentry"],"acf":[],"yoast_head":"<!-- This site is optimized with the Yoast SEO plugin v27.3 - https:\/\/yoast.com\/product\/yoast-seo-wordpress\/ -->\n<title>Matkamuistot - J\u00e4\u00e4aja Keskus<\/title>\n<meta name=\"robots\" content=\"index, follow, max-snippet:-1, max-image-preview:large, max-video-preview:-1\" \/>\n<link rel=\"canonical\" href=\"https:\/\/jaaaeg.ee\/fi\/jaakausikeskuksesta\/matkamuistot\/\" \/>\n<meta property=\"og:locale\" content=\"fi_FI\" \/>\n<meta property=\"og:type\" content=\"article\" \/>\n<meta property=\"og:title\" content=\"Matkamuistot - J\u00e4\u00e4aja Keskus\" \/>\n<meta property=\"og:description\" content=\"J\u00e4\u00e4kauden keskuksen lahjakaupassa on tarjolla ainutlaatuisia lahjoja ja matkamuistoja. Valikoimasta l\u00f6ytyy sek\u00e4 paikallisia tuotteita ett\u00e4 eksklusiivisia j\u00e4\u00e4kauden teemaisia lahjoja.Myyt\u00e4v\u00e4t pehmoel\u00e4imet on valmistettu kierr\u00e4tetyist\u00e4 materiaaleista, ja suurin osa tuotteista on mahdollisimman kest\u00e4vi\u00e4 ja ymp\u00e4rist\u00f6yst\u00e4v\u00e4llisi\u00e4.Monet tuotteista on suunniteltu erityisesti J\u00e4\u00e4kauden Keskukselle ja saatavilla vain t\u00e4ss\u00e4 kaupassa.Kaupasta l\u00f6ytyy jotain kaikille ik\u00e4ryhmille.Maksuista ja tuotteista voi maksaa sek\u00e4 k\u00e4teisell\u00e4 ett\u00e4... Lue lis\u00e4\u00e4\" \/>\n<meta property=\"og:url\" content=\"https:\/\/jaaaeg.ee\/fi\/jaakausikeskuksesta\/matkamuistot\/\" \/>\n<meta property=\"og:site_name\" content=\"J\u00e4\u00e4aja Keskus\" \/>\n<meta property=\"article:publisher\" content=\"https:\/\/www.facebook.com\/JaaajaKeskus\/\" \/>\n<meta property=\"article:modified_time\" content=\"2025-04-10T10:48:28+00:00\" \/>\n<meta property=\"og:image\" content=\"https:\/\/jaaaeg.ee\/wp-content\/uploads\/2020\/10\/jaaajakeskus-DSC_9509-scaled.jpg\" \/>\n\t<meta property=\"og:image:width\" content=\"2560\" \/>\n\t<meta property=\"og:image:height\" content=\"1707\" \/>\n\t<meta property=\"og:image:type\" content=\"image\/jpeg\" \/>\n<meta name=\"twitter:card\" content=\"summary_large_image\" \/>\n<script type=\"application\/ld+json\" class=\"yoast-schema-graph\">{\"@context\":\"https:\\\/\\\/schema.org\",\"@graph\":[{\"@type\":\"WebPage\",\"@id\":\"https:\\\/\\\/jaaaeg.ee\\\/fi\\\/jaakausikeskuksesta\\\/matkamuistot\\\/\",\"url\":\"https:\\\/\\\/jaaaeg.ee\\\/fi\\\/jaakausikeskuksesta\\\/matkamuistot\\\/\",\"name\":\"Matkamuistot - J\u00e4\u00e4aja Keskus\",\"isPartOf\":{\"@id\":\"https:\\\/\\\/jaaaeg.ee\\\/ru\\\/#website\"},\"primaryImageOfPage\":{\"@id\":\"https:\\\/\\\/jaaaeg.ee\\\/fi\\\/jaakausikeskuksesta\\\/matkamuistot\\\/#primaryimage\"},\"image\":{\"@id\":\"https:\\\/\\\/jaaaeg.ee\\\/fi\\\/jaakausikeskuksesta\\\/matkamuistot\\\/#primaryimage\"},\"thumbnailUrl\":\"https:\\\/\\\/jaaaeg.ee\\\/wp-content\\\/uploads\\\/2020\\\/10\\\/jaaajakeskus-DSC_9509-scaled.jpg\",\"datePublished\":\"2018-10-02T08:56:14+00:00\",\"dateModified\":\"2025-04-10T10:48:28+00:00\",\"breadcrumb\":{\"@id\":\"https:\\\/\\\/jaaaeg.ee\\\/fi\\\/jaakausikeskuksesta\\\/matkamuistot\\\/#breadcrumb\"},\"inLanguage\":\"fi\",\"potentialAction\":[{\"@type\":\"ReadAction\",\"target\":[\"https:\\\/\\\/jaaaeg.ee\\\/fi\\\/jaakausikeskuksesta\\\/matkamuistot\\\/\"]}]},{\"@type\":\"ImageObject\",\"inLanguage\":\"fi\",\"@id\":\"https:\\\/\\\/jaaaeg.ee\\\/fi\\\/jaakausikeskuksesta\\\/matkamuistot\\\/#primaryimage\",\"url\":\"https:\\\/\\\/jaaaeg.ee\\\/wp-content\\\/uploads\\\/2020\\\/10\\\/jaaajakeskus-DSC_9509-scaled.jpg\",\"contentUrl\":\"https:\\\/\\\/jaaaeg.ee\\\/wp-content\\\/uploads\\\/2020\\\/10\\\/jaaajakeskus-DSC_9509-scaled.jpg\",\"width\":2560,\"height\":1707,\"caption\":\"jaaajakeskus DSC 9509 scaled\"},{\"@type\":\"BreadcrumbList\",\"@id\":\"https:\\\/\\\/jaaaeg.ee\\\/fi\\\/jaakausikeskuksesta\\\/matkamuistot\\\/#breadcrumb\",\"itemListElement\":[{\"@type\":\"ListItem\",\"position\":1,\"name\":\"Home\",\"item\":\"https:\\\/\\\/jaaaeg.ee\\\/fi\\\/\"},{\"@type\":\"ListItem\",\"position\":2,\"name\":\"J\u00e4\u00e4kausikeskuksesta\",\"item\":\"https:\\\/\\\/jaaaeg.ee\\\/fi\\\/jaakausikeskuksesta\\\/\"},{\"@type\":\"ListItem\",\"position\":3,\"name\":\"Matkamuistot\"}]},{\"@type\":\"WebSite\",\"@id\":\"https:\\\/\\\/jaaaeg.ee\\\/ru\\\/#website\",\"url\":\"https:\\\/\\\/jaaaeg.ee\\\/ru\\\/\",\"name\":\"J\u00e4\u00e4aja Keskus\",\"description\":\"avastamisr\u00f5\u00f5m igas vanuses k\u00fclastajatele\",\"potentialAction\":[{\"@type\":\"SearchAction\",\"target\":{\"@type\":\"EntryPoint\",\"urlTemplate\":\"https:\\\/\\\/jaaaeg.ee\\\/ru\\\/?s={search_term_string}\"},\"query-input\":{\"@type\":\"PropertyValueSpecification\",\"valueRequired\":true,\"valueName\":\"search_term_string\"}}],\"inLanguage\":\"fi\"}]}<\/script>\n<!-- \/ Yoast SEO plugin. -->","yoast_head_json":{"title":"Matkamuistot - J\u00e4\u00e4aja Keskus","robots":{"index":"index","follow":"follow","max-snippet":"max-snippet:-1","max-image-preview":"max-image-preview:large","max-video-preview":"max-video-preview:-1"},"canonical":"https:\/\/jaaaeg.ee\/fi\/jaakausikeskuksesta\/matkamuistot\/","og_locale":"fi_FI","og_type":"article","og_title":"Matkamuistot - J\u00e4\u00e4aja Keskus","og_description":"J\u00e4\u00e4kauden keskuksen lahjakaupassa on tarjolla ainutlaatuisia lahjoja ja matkamuistoja. Valikoimasta l\u00f6ytyy sek\u00e4 paikallisia tuotteita ett\u00e4 eksklusiivisia j\u00e4\u00e4kauden teemaisia lahjoja.Myyt\u00e4v\u00e4t pehmoel\u00e4imet on valmistettu kierr\u00e4tetyist\u00e4 materiaaleista, ja suurin osa tuotteista on mahdollisimman kest\u00e4vi\u00e4 ja ymp\u00e4rist\u00f6yst\u00e4v\u00e4llisi\u00e4.Monet tuotteista on suunniteltu erityisesti J\u00e4\u00e4kauden Keskukselle ja saatavilla vain t\u00e4ss\u00e4 kaupassa.Kaupasta l\u00f6ytyy jotain kaikille ik\u00e4ryhmille.Maksuista ja tuotteista voi maksaa sek\u00e4 k\u00e4teisell\u00e4 ett\u00e4... Lue lis\u00e4\u00e4","og_url":"https:\/\/jaaaeg.ee\/fi\/jaakausikeskuksesta\/matkamuistot\/","og_site_name":"J\u00e4\u00e4aja Keskus","article_publisher":"https:\/\/www.facebook.com\/JaaajaKeskus\/","article_modified_time":"2025-04-10T10:48:28+00:00","og_image":[{"width":2560,"height":1707,"url":"https:\/\/jaaaeg.ee\/wp-content\/uploads\/2020\/10\/jaaajakeskus-DSC_9509-scaled.jpg","type":"image\/jpeg"}],"twitter_card":"summary_large_image","schema":{"@context":"https:\/\/schema.org","@graph":[{"@type":"WebPage","@id":"https:\/\/jaaaeg.ee\/fi\/jaakausikeskuksesta\/matkamuistot\/","url":"https:\/\/jaaaeg.ee\/fi\/jaakausikeskuksesta\/matkamuistot\/","name":"Matkamuistot - J\u00e4\u00e4aja Keskus","isPartOf":{"@id":"https:\/\/jaaaeg.ee\/ru\/#website"},"primaryImageOfPage":{"@id":"https:\/\/jaaaeg.ee\/fi\/jaakausikeskuksesta\/matkamuistot\/#primaryimage"},"image":{"@id":"https:\/\/jaaaeg.ee\/fi\/jaakausikeskuksesta\/matkamuistot\/#primaryimage"},"thumbnailUrl":"https:\/\/jaaaeg.ee\/wp-content\/uploads\/2020\/10\/jaaajakeskus-DSC_9509-scaled.jpg","datePublished":"2018-10-02T08:56:14+00:00","dateModified":"2025-04-10T10:48:28+00:00","breadcrumb":{"@id":"https:\/\/jaaaeg.ee\/fi\/jaakausikeskuksesta\/matkamuistot\/#breadcrumb"},"inLanguage":"fi","potentialAction":[{"@type":"ReadAction","target":["https:\/\/jaaaeg.ee\/fi\/jaakausikeskuksesta\/matkamuistot\/"]}]},{"@type":"ImageObject","inLanguage":"fi","@id":"https:\/\/jaaaeg.ee\/fi\/jaakausikeskuksesta\/matkamuistot\/#primaryimage","url":"https:\/\/jaaaeg.ee\/wp-content\/uploads\/2020\/10\/jaaajakeskus-DSC_9509-scaled.jpg","contentUrl":"https:\/\/jaaaeg.ee\/wp-content\/uploads\/2020\/10\/jaaajakeskus-DSC_9509-scaled.jpg","width":2560,"height":1707,"caption":"jaaajakeskus DSC 9509 scaled"},{"@type":"BreadcrumbList","@id":"https:\/\/jaaaeg.ee\/fi\/jaakausikeskuksesta\/matkamuistot\/#breadcrumb","itemListElement":[{"@type":"ListItem","position":1,"name":"Home","item":"https:\/\/jaaaeg.ee\/fi\/"},{"@type":"ListItem","position":2,"name":"J\u00e4\u00e4kausikeskuksesta","item":"https:\/\/jaaaeg.ee\/fi\/jaakausikeskuksesta\/"},{"@type":"ListItem","position":3,"name":"Matkamuistot"}]},{"@type":"WebSite","@id":"https:\/\/jaaaeg.ee\/ru\/#website","url":"https:\/\/jaaaeg.ee\/ru\/","name":"J\u00e4\u00e4aja Keskus","description":"avastamisr\u00f5\u00f5m igas vanuses k\u00fclastajatele","potentialAction":[{"@type":"SearchAction","target":{"@type":"EntryPoint","urlTemplate":"https:\/\/jaaaeg.ee\/ru\/?s={search_term_string}"},"query-input":{"@type":"PropertyValueSpecification","valueRequired":true,"valueName":"search_term_string"}}],"inLanguage":"fi"}]}},"_links":{"self":[{"href":"https:\/\/jaaaeg.ee\/fi\/wp-json\/wp\/v2\/pages\/1497","targetHints":{"allow":["GET"]}}],"collection":[{"href":"https:\/\/jaaaeg.ee\/fi\/wp-json\/wp\/v2\/pages"}],"about":[{"href":"https:\/\/jaaaeg.ee\/fi\/wp-json\/wp\/v2\/types\/page"}],"author":[{"embeddable":true,"href":"https:\/\/jaaaeg.ee\/fi\/wp-json\/wp\/v2\/users\/1"}],"replies":[{"embeddable":true,"href":"https:\/\/jaaaeg.ee\/fi\/wp-json\/wp\/v2\/comments?post=1497"}],"version-history":[{"count":6,"href":"https:\/\/jaaaeg.ee\/fi\/wp-json\/wp\/v2\/pages\/1497\/revisions"}],"predecessor-version":[{"id":30909,"href":"https:\/\/jaaaeg.ee\/fi\/wp-json\/wp\/v2\/pages\/1497\/revisions\/30909"}],"up":[{"embeddable":true,"href":"https:\/\/jaaaeg.ee\/fi\/wp-json\/wp\/v2\/pages\/1449"}],"wp:featuredmedia":[{"embeddable":true,"href":"https:\/\/jaaaeg.ee\/fi\/wp-json\/wp\/v2\/media\/18914"}],"wp:attachment":[{"href":"https:\/\/jaaaeg.ee\/fi\/wp-json\/wp\/v2\/media?parent=1497"}],"curies":[{"name":"wp","href":"https:\/\/api.w.org\/{rel}","templated":true}]}}