{"id":1489,"date":"2018-10-02T11:55:07","date_gmt":"2018-10-02T08:55:07","guid":{"rendered":"http:\/\/jaaaeg.ee\/?page_id=1489"},"modified":"2018-10-02T14:47:57","modified_gmt":"2018-10-02T11:47:57","slug":"vammaiset-henkilot","status":"publish","type":"page","link":"https:\/\/jaaaeg.ee\/fi\/jaakausikeskuksesta\/vammaiset-henkilot\/","title":{"rendered":"Vammaiset henkil\u00f6t"},"content":{"rendered":"\r\n<div class=\"vce-row-container\">\r\n<div id=\"el-46df6c2f\" class=\"vce-row vce-row--col-gap-30 vce-row-columns--top vce-row-content--top\" data-vce-do-apply=\"all el-46df6c2f\">\r\n<div class=\"vce-row-content\" data-vce-element-content=\"true\">\r\n<div id=\"el-bb32d662\" class=\"vce-col vce-col--md-100p vce-col--xs-1 vce-col--xs-last vce-col--xs-first vce-col--sm-last vce-col--sm-first vce-col--md-last vce-col--lg-last vce-col--xl-last vce-col--md-first vce-col--lg-first vce-col--xl-first\" data-vce-do-apply=\"background border el-bb32d662\">\r\n<div class=\"vce-col-inner\" data-vce-element-content=\"true\" data-vce-do-apply=\"padding margin el-bb32d662\">\r\n<div class=\"vce-text-block\">\r\n<div id=\"el-f486b39f\" class=\"vce-text-block-wrapper vce\" data-vce-do-apply=\"all el-f486b39f\">\r\n\r\nJ\u00e4\u00e4kausikeskukseen p\u00e4\u00e4see luiskaa pitkin, talossa on hissi ja inva-wc.\r\n\r\n<\/div>\r\n<\/div>\r\n<\/div>\r\n<\/div>\r\n<\/div>\r\n<\/div>\r\n<\/div>\r\n\n","protected":false},"excerpt":{"rendered":"J\u00e4\u00e4kausikeskukseen p\u00e4\u00e4see luiskaa pitkin, talossa on hissi ja inva-wc.","protected":false},"author":1,"featured_media":0,"parent":1449,"menu_order":330,"comment_status":"closed","ping_status":"closed","template":"template-sidebar.php","meta":{"_acf_changed":false,"ngg_post_thumbnail":0,"footnotes":""},"class_list":["post-1489","page","type-page","status-publish","hentry"],"acf":[],"yoast_head":"<!-- This site is optimized with the Yoast SEO plugin v27.3 - https:\/\/yoast.com\/product\/yoast-seo-wordpress\/ -->\n<title>Vammaiset henkil\u00f6t - J\u00e4\u00e4aja Keskus<\/title>\n<meta name=\"robots\" content=\"index, follow, max-snippet:-1, max-image-preview:large, max-video-preview:-1\" \/>\n<link rel=\"canonical\" href=\"https:\/\/jaaaeg.ee\/fi\/jaakausikeskuksesta\/vammaiset-henkilot\/\" \/>\n<meta property=\"og:locale\" content=\"fi_FI\" \/>\n<meta property=\"og:type\" content=\"article\" \/>\n<meta property=\"og:title\" content=\"Vammaiset henkil\u00f6t - J\u00e4\u00e4aja Keskus\" \/>\n<meta property=\"og:description\" content=\"J\u00e4\u00e4kausikeskukseen p\u00e4\u00e4see luiskaa pitkin, talossa on hissi ja inva-wc.\" \/>\n<meta property=\"og:url\" content=\"https:\/\/jaaaeg.ee\/fi\/jaakausikeskuksesta\/vammaiset-henkilot\/\" \/>\n<meta property=\"og:site_name\" content=\"J\u00e4\u00e4aja Keskus\" \/>\n<meta property=\"article:publisher\" content=\"https:\/\/www.facebook.com\/JaaajaKeskus\/\" \/>\n<meta property=\"article:modified_time\" content=\"2018-10-02T11:47:57+00:00\" \/>\n<meta name=\"twitter:card\" content=\"summary_large_image\" \/>\n<script type=\"application\/ld+json\" class=\"yoast-schema-graph\">{\"@context\":\"https:\\\/\\\/schema.org\",\"@graph\":[{\"@type\":\"WebPage\",\"@id\":\"https:\\\/\\\/jaaaeg.ee\\\/fi\\\/jaakausikeskuksesta\\\/vammaiset-henkilot\\\/\",\"url\":\"https:\\\/\\\/jaaaeg.ee\\\/fi\\\/jaakausikeskuksesta\\\/vammaiset-henkilot\\\/\",\"name\":\"Vammaiset henkil\u00f6t - J\u00e4\u00e4aja Keskus\",\"isPartOf\":{\"@id\":\"https:\\\/\\\/jaaaeg.ee\\\/ru\\\/#website\"},\"datePublished\":\"2018-10-02T08:55:07+00:00\",\"dateModified\":\"2018-10-02T11:47:57+00:00\",\"breadcrumb\":{\"@id\":\"https:\\\/\\\/jaaaeg.ee\\\/fi\\\/jaakausikeskuksesta\\\/vammaiset-henkilot\\\/#breadcrumb\"},\"inLanguage\":\"fi\",\"potentialAction\":[{\"@type\":\"ReadAction\",\"target\":[\"https:\\\/\\\/jaaaeg.ee\\\/fi\\\/jaakausikeskuksesta\\\/vammaiset-henkilot\\\/\"]}]},{\"@type\":\"BreadcrumbList\",\"@id\":\"https:\\\/\\\/jaaaeg.ee\\\/fi\\\/jaakausikeskuksesta\\\/vammaiset-henkilot\\\/#breadcrumb\",\"itemListElement\":[{\"@type\":\"ListItem\",\"position\":1,\"name\":\"Home\",\"item\":\"https:\\\/\\\/jaaaeg.ee\\\/fi\\\/\"},{\"@type\":\"ListItem\",\"position\":2,\"name\":\"J\u00e4\u00e4kausikeskuksesta\",\"item\":\"https:\\\/\\\/jaaaeg.ee\\\/fi\\\/jaakausikeskuksesta\\\/\"},{\"@type\":\"ListItem\",\"position\":3,\"name\":\"Vammaiset henkil\u00f6t\"}]},{\"@type\":\"WebSite\",\"@id\":\"https:\\\/\\\/jaaaeg.ee\\\/ru\\\/#website\",\"url\":\"https:\\\/\\\/jaaaeg.ee\\\/ru\\\/\",\"name\":\"J\u00e4\u00e4aja Keskus\",\"description\":\"avastamisr\u00f5\u00f5m igas vanuses k\u00fclastajatele\",\"potentialAction\":[{\"@type\":\"SearchAction\",\"target\":{\"@type\":\"EntryPoint\",\"urlTemplate\":\"https:\\\/\\\/jaaaeg.ee\\\/ru\\\/?s={search_term_string}\"},\"query-input\":{\"@type\":\"PropertyValueSpecification\",\"valueRequired\":true,\"valueName\":\"search_term_string\"}}],\"inLanguage\":\"fi\"}]}<\/script>\n<!-- \/ Yoast SEO plugin. -->","yoast_head_json":{"title":"Vammaiset henkil\u00f6t - J\u00e4\u00e4aja Keskus","robots":{"index":"index","follow":"follow","max-snippet":"max-snippet:-1","max-image-preview":"max-image-preview:large","max-video-preview":"max-video-preview:-1"},"canonical":"https:\/\/jaaaeg.ee\/fi\/jaakausikeskuksesta\/vammaiset-henkilot\/","og_locale":"fi_FI","og_type":"article","og_title":"Vammaiset henkil\u00f6t - J\u00e4\u00e4aja Keskus","og_description":"J\u00e4\u00e4kausikeskukseen p\u00e4\u00e4see luiskaa pitkin, talossa on hissi ja inva-wc.","og_url":"https:\/\/jaaaeg.ee\/fi\/jaakausikeskuksesta\/vammaiset-henkilot\/","og_site_name":"J\u00e4\u00e4aja Keskus","article_publisher":"https:\/\/www.facebook.com\/JaaajaKeskus\/","article_modified_time":"2018-10-02T11:47:57+00:00","twitter_card":"summary_large_image","schema":{"@context":"https:\/\/schema.org","@graph":[{"@type":"WebPage","@id":"https:\/\/jaaaeg.ee\/fi\/jaakausikeskuksesta\/vammaiset-henkilot\/","url":"https:\/\/jaaaeg.ee\/fi\/jaakausikeskuksesta\/vammaiset-henkilot\/","name":"Vammaiset henkil\u00f6t - J\u00e4\u00e4aja Keskus","isPartOf":{"@id":"https:\/\/jaaaeg.ee\/ru\/#website"},"datePublished":"2018-10-02T08:55:07+00:00","dateModified":"2018-10-02T11:47:57+00:00","breadcrumb":{"@id":"https:\/\/jaaaeg.ee\/fi\/jaakausikeskuksesta\/vammaiset-henkilot\/#breadcrumb"},"inLanguage":"fi","potentialAction":[{"@type":"ReadAction","target":["https:\/\/jaaaeg.ee\/fi\/jaakausikeskuksesta\/vammaiset-henkilot\/"]}]},{"@type":"BreadcrumbList","@id":"https:\/\/jaaaeg.ee\/fi\/jaakausikeskuksesta\/vammaiset-henkilot\/#breadcrumb","itemListElement":[{"@type":"ListItem","position":1,"name":"Home","item":"https:\/\/jaaaeg.ee\/fi\/"},{"@type":"ListItem","position":2,"name":"J\u00e4\u00e4kausikeskuksesta","item":"https:\/\/jaaaeg.ee\/fi\/jaakausikeskuksesta\/"},{"@type":"ListItem","position":3,"name":"Vammaiset henkil\u00f6t"}]},{"@type":"WebSite","@id":"https:\/\/jaaaeg.ee\/ru\/#website","url":"https:\/\/jaaaeg.ee\/ru\/","name":"J\u00e4\u00e4aja Keskus","description":"avastamisr\u00f5\u00f5m igas vanuses k\u00fclastajatele","potentialAction":[{"@type":"SearchAction","target":{"@type":"EntryPoint","urlTemplate":"https:\/\/jaaaeg.ee\/ru\/?s={search_term_string}"},"query-input":{"@type":"PropertyValueSpecification","valueRequired":true,"valueName":"search_term_string"}}],"inLanguage":"fi"}]}},"_links":{"self":[{"href":"https:\/\/jaaaeg.ee\/fi\/wp-json\/wp\/v2\/pages\/1489","targetHints":{"allow":["GET"]}}],"collection":[{"href":"https:\/\/jaaaeg.ee\/fi\/wp-json\/wp\/v2\/pages"}],"about":[{"href":"https:\/\/jaaaeg.ee\/fi\/wp-json\/wp\/v2\/types\/page"}],"author":[{"embeddable":true,"href":"https:\/\/jaaaeg.ee\/fi\/wp-json\/wp\/v2\/users\/1"}],"replies":[{"embeddable":true,"href":"https:\/\/jaaaeg.ee\/fi\/wp-json\/wp\/v2\/comments?post=1489"}],"version-history":[{"count":4,"href":"https:\/\/jaaaeg.ee\/fi\/wp-json\/wp\/v2\/pages\/1489\/revisions"}],"predecessor-version":[{"id":1658,"href":"https:\/\/jaaaeg.ee\/fi\/wp-json\/wp\/v2\/pages\/1489\/revisions\/1658"}],"up":[{"embeddable":true,"href":"https:\/\/jaaaeg.ee\/fi\/wp-json\/wp\/v2\/pages\/1449"}],"wp:attachment":[{"href":"https:\/\/jaaaeg.ee\/fi\/wp-json\/wp\/v2\/media?parent=1489"}],"curies":[{"name":"wp","href":"https:\/\/api.w.org\/{rel}","templated":true}]}}