{"id":1482,"date":"2018-10-02T11:52:44","date_gmt":"2018-10-02T08:52:44","guid":{"rendered":"http:\/\/jaaaeg.ee\/?page_id=1482"},"modified":"2025-07-15T13:12:17","modified_gmt":"2025-07-15T10:12:17","slug":"tegevused-lastele","status":"publish","type":"page","link":"https:\/\/jaaaeg.ee\/fi\/jaakausikeskuksesta\/tegevused-lastele\/","title":{"rendered":"Toimintaa lapsille"},"content":{"rendered":"<div class=\"vce-row-container\" data-vce-boxed-width=\"true\"><div class=\"vce-row vce-row--col-gap-30 vce-row-content--top\" id=\"el-eadba2ec\" data-vce-do-apply=\"all el-eadba2ec\"><div class=\"vce-row-content\" data-vce-element-content=\"true\"><div class=\"vce-col vce-col--md-100p vce-col--xs-1 vce-col--xs-last vce-col--xs-first vce-col--sm-last vce-col--sm-first vce-col--md-last vce-col--lg-last vce-col--xl-last vce-col--md-first vce-col--lg-first vce-col--xl-first\" id=\"el-b27f8ea8\"><div class=\"vce-col-inner\" data-vce-do-apply=\"border margin background  el-b27f8ea8\"><div class=\"vce-col-content\" data-vce-element-content=\"true\" data-vce-do-apply=\"padding el-b27f8ea8\"><div class=\"vce-text-block\"><div class=\"vce-text-block-wrapper vce\" id=\"el-8b96ab42\" data-vce-do-apply=\"all el-8b96ab42\"><h2 data-start=\"2594\" data-end=\"2655\">J\u00e4\u00e4kausikeskus on kiinnostava kaikenik\u00e4isille vierailijoille!<\/h2><p data-start=\"2657\" data-end=\"2855\">J\u00e4\u00e4kausikeskuksessa lapsia odottaa leikkiluola, jossa he voivat tehd\u00e4 arkeologisia kaivauksia, t\u00e4ydent\u00e4\u00e4 luolamaalauksia, leikki\u00e4 j\u00e4\u00e4kauden el\u00e4imill\u00e4 ja katsoa animaatioelokuvan \u201cNopea Jousiampuja\u201d.<\/p><p data-start=\"2857\" data-end=\"3033\">Ensimm\u00e4isess\u00e4 kerroksessa sijaitsee my\u00f6s lumiluola, jonne voi ry\u00f6mi\u00e4 katsomaan karhun pes\u00e4\u00e4, lumessa el\u00e4vi\u00e4 hy\u00f6nteisi\u00e4 ja el\u00e4imi\u00e4 sek\u00e4 tutustumaan talviseen el\u00e4m\u00e4\u00e4n lumen alla.<\/p><p data-start=\"3035\" data-end=\"3425\"><strong>Lemming Lempsin rata<\/strong><br data-start=\"3055\" data-end=\"3058\">Lapset voivat tutkia J\u00e4\u00e4kausikeskusta itsen\u00e4isesti hauskan seikkailupelin avulla, jonka nimi on Lemming Lempsin rata. Se alkaa ensimm\u00e4isest\u00e4 kerroksesta. Etsi Lempsin merkki lattialta, lue kysymys, etsi vastaus ja merkitse se. Pelin aikana lapset oppivat lis\u00e4\u00e4 etsim\u00e4ll\u00e4, lukemalla ja oivaltamalla. Jokaisessa pisteess\u00e4 voi my\u00f6s kuunnella tarinoita QR-koodien avulla.<\/p><p data-start=\"3427\" data-end=\"3606\"><strong>Leikkiluola<\/strong><br data-start=\"3438\" data-end=\"3441\">Nuorimpia vierailijoita odottaa j\u00e4nnitt\u00e4v\u00e4 leikkiluola, jossa voi osallistua kaivauksiin, maalata, leikki\u00e4 el\u00e4imill\u00e4 ja katsoa animaatioelokuvan \u201cNopea Jousiampuja\u201d.<\/p><p data-start=\"3608\" data-end=\"3785\"><strong>Lumiluola<\/strong><br data-start=\"3617\" data-end=\"3620\">Ensimm\u00e4isess\u00e4 kerroksessa sijaitsee lumiluola, jonne ry\u00f6mim\u00e4ll\u00e4 voi tutustua karhun pes\u00e4\u00e4n, hy\u00f6nteisiin ja el\u00e4imiin, jotka el\u00e4v\u00e4t lumen alla, sek\u00e4 talviseen el\u00e4m\u00e4\u00e4n.<\/p><p data-start=\"3787\" data-end=\"4054\"><strong>Lastenhuone<\/strong><br data-start=\"3798\" data-end=\"3801\">Toisessa kerroksessa on kodikas lastenhuone, jossa voi kiipeill\u00e4, lev\u00e4t\u00e4, leikki\u00e4 lumisotaa, rakentaa torneja ja paljon muuta. Lapset voivat liikkua vapaasti ja leikki\u00e4, kun vanhemmat rentoutuvat riipputuoleissa ja lukevat lehti\u00e4 \u2013 pieni tauko kaikille.<\/p><p data-start=\"4056\" data-end=\"4191\">Lastenhuone on my\u00f6s varattavissa syntym\u00e4p\u00e4iv\u00e4juhliin. Tee varaus v\u00e4hint\u00e4\u00e4n viikkoa etuk\u00e4teen: info<a class=\"cursor-pointer\" rel=\"noopener\" data-start=\"4150\" data-end=\"4166\">@jaaaeg.ee<\/a> tai puh. +372 5911 3318.<\/p><p data-start=\"4193\" data-end=\"4294\"><strong>V\u00e4rityspiste<\/strong><br data-start=\"4205\" data-end=\"4208\">Kolmannessa kerroksessa lapset voivat piirt\u00e4\u00e4 ja v\u00e4ritt\u00e4\u00e4 j\u00e4\u00e4kausiaiheiselle sein\u00e4lle.<\/p><p data-start=\"4296\" data-end=\"4593\"><strong>\u00c4\u00e4niopas<\/strong><br data-start=\"4304\" data-end=\"4307\">Keskuksessa on QR-koodeja, joita voi skannata omalla \u00e4lylaitteella. Etsi 15 erityisesti lapsille suunnattua koodia ja kuuntele hauskoja ja opettavaisia tarinoita. Aikuisille on tarjolla 25 erillist\u00e4 koodia. Virtuaaliopas on saatavilla nelj\u00e4ll\u00e4 kielell\u00e4: suomi, viro, ven\u00e4j\u00e4 ja englanti.<\/p><p data-start=\"4595\" data-end=\"4738\"><strong>Lasten syntym\u00e4p\u00e4iv\u00e4t<\/strong><br data-start=\"4615\" data-end=\"4618\">J\u00e4\u00e4kausikeskuksessa voi j\u00e4rjest\u00e4\u00e4 my\u00f6s lasten syntym\u00e4p\u00e4iv\u00e4juhlia. Tutustu juhlapaketteihimme ja varaa unohtumaton p\u00e4iv\u00e4!<\/p><h2 data-start=\"4740\" data-end=\"4841\">Keskuksessa voi liikkua lastenrattaiden kanssa ja k\u00e4yt\u00f6ss\u00e4 on hissi.<\/h2><p data-start=\"4740\" data-end=\"4841\">Lis\u00e4tietoja saat lipunmyynnist\u00e4.<\/p><p>J\u00e4\u00e4kausikeskuksessa voi lis\u00e4ksi j\u00e4rjest\u00e4\u00e4 <strong>lasten syntym\u00e4p\u00e4iv\u00e4t<\/strong>! Tutustu mahdollisuuksiimme ja syntym\u00e4p\u00e4iv\u00e4paketteihimme!<\/p><p><strong>J\u00e4\u00e4kausikeskuksessa voi liikkua lastenrattaiden kanssa.<\/strong><\/p><\/div><\/div><\/div><\/div><\/div><\/div><\/div><\/div><div class=\"vce-row-container\" data-vce-boxed-width=\"true\"><div class=\"vce-row vce-row--col-gap-30 vce-row-equal-height vce-row-content--top\" id=\"el-36bc2ce3\" data-vce-do-apply=\"all el-36bc2ce3\"><div class=\"vce-row-content\" data-vce-element-content=\"true\"><div class=\"vce-col vce-col--md-auto vce-col--xs-1 vce-col--xs-last vce-col--xs-first vce-col--sm-last vce-col--sm-first vce-col--md-last vce-col--lg-last vce-col--xl-last vce-col--md-first vce-col--lg-first vce-col--xl-first\" id=\"el-87c25426\"><div class=\"vce-col-inner\" data-vce-do-apply=\"border margin background  el-87c25426\"><div class=\"vce-col-content\" data-vce-element-content=\"true\" data-vce-do-apply=\"padding el-87c25426\"><div class=\"vce-image-gallery vce-image-gallery--gap-10 vce-image-gallery--columns-3\"><div class=\"vce-image-gallery-wrapper vce\" id=\"el-febc5527\" data-vce-do-apply=\"all el-febc5527\"><div class=\"vce-image-gallery-list\"><div class=\"vce-image-gallery-item\"><figure class=\"vce-image-gallery-item-inner-wrapper\"><a href=\"https:\/\/jaaaeg.ee\/wp-content\/uploads\/2025\/07\/vaiksem_Ice-Age-Centre_Estonia_Virgo-Haan4-1536x1026-1.jpg\" data-lightbox=\"lightbox-febc5527\" class=\"vce-image-gallery-item-inner\"><img decoding=\"async\" class=\"vce-image-gallery-img\" src=\"https:\/\/jaaaeg.ee\/wp-content\/uploads\/2025\/07\/vaiksem_Ice-Age-Centre_Estonia_Virgo-Haan4-1536x1026-1-700x401.jpg\" alt=\"\" title=\"v\u00e4iksem_Ice-Age-Centre_Estonia_Virgo-Haan4-1536x1026\"><\/a><\/figure><\/div><div class=\"vce-image-gallery-item\"><figure class=\"vce-image-gallery-item-inner-wrapper\"><a href=\"https:\/\/jaaaeg.ee\/wp-content\/uploads\/2025\/07\/SSepp_varvimissein-scaled.jpg\" data-lightbox=\"lightbox-febc5527\" class=\"vce-image-gallery-item-inner\"><img decoding=\"async\" class=\"vce-image-gallery-img\" src=\"https:\/\/jaaaeg.ee\/wp-content\/uploads\/2025\/07\/SSepp_varvimissein-700x471.jpg\" alt=\"\" title=\"SSepp_v\u00e4rvimissein\"><\/a><\/figure><\/div><div class=\"vce-image-gallery-item\"><figure class=\"vce-image-gallery-item-inner-wrapper\"><a href=\"https:\/\/jaaaeg.ee\/wp-content\/uploads\/2025\/07\/JK_mammut_Katrin-Sisask-scaled.jpg\" data-lightbox=\"lightbox-febc5527\" class=\"vce-image-gallery-item-inner\"><img decoding=\"async\" class=\"vce-image-gallery-img vce-image-gallery-img--orientation-portrait\" src=\"https:\/\/jaaaeg.ee\/wp-content\/uploads\/2025\/07\/JK_mammut_Katrin-Sisask-700x1048.jpg\" alt=\"\" title=\"JK_mammut_Katrin Sisask\"><\/a><\/figure><\/div><div class=\"vce-image-gallery-item\"><figure class=\"vce-image-gallery-item-inner-wrapper\"><a href=\"https:\/\/jaaaeg.ee\/wp-content\/uploads\/2024\/10\/KBeljaev_JK-lastetuba-2-scaled.jpg\" data-lightbox=\"lightbox-febc5527\" class=\"vce-image-gallery-item-inner\"><img decoding=\"async\" class=\"vce-image-gallery-img vce-image-gallery-img--orientation-portrait\" src=\"https:\/\/jaaaeg.ee\/wp-content\/uploads\/2024\/10\/KBeljaev_JK-lastetuba-2-700x933.jpg\" alt=\"KBeljaev JK lastetuba 2 scaled\" title=\"KBeljaev JK lastetuba 2 scaled\"><\/a><\/figure><\/div><div class=\"vce-image-gallery-item\"><figure class=\"vce-image-gallery-item-inner-wrapper\"><a href=\"https:\/\/jaaaeg.ee\/wp-content\/uploads\/2024\/10\/20240114_133737-scaled.jpg\" data-lightbox=\"lightbox-febc5527\" class=\"vce-image-gallery-item-inner\"><img decoding=\"async\" class=\"vce-image-gallery-img vce-image-gallery-img--orientation-portrait\" src=\"https:\/\/jaaaeg.ee\/wp-content\/uploads\/2024\/10\/20240114_133737-700x933.jpg\" alt=\"20240114 133737 scaled\" title=\"20240114 133737 scaled\"><\/a><\/figure><\/div><div class=\"vce-image-gallery-item\"><figure class=\"vce-image-gallery-item-inner-wrapper\"><a href=\"https:\/\/jaaaeg.ee\/wp-content\/uploads\/2022\/08\/Lapsed-vaatamas-kiviaja-inimesi-koopas-ja-opivad-lokkeaset-ules-seadma_-K-Beljaev-scaled.jpg\" data-lightbox=\"lightbox-febc5527\" class=\"vce-image-gallery-item-inner\"><img decoding=\"async\" class=\"vce-image-gallery-img\" src=\"https:\/\/jaaaeg.ee\/wp-content\/uploads\/2022\/08\/Lapsed-vaatamas-kiviaja-inimesi-koopas-ja-opivad-lokkeaset-ules-seadma_-K-Beljaev-700x525.jpg\" alt=\"Lapsed vaatamas kiviaja inimesi koopas ja opivad lokkeaset ules seadma  K Beljaev scaled\" title=\"Lapsed vaatamas kiviaja inimesi koopas ja opivad lokkeaset ules seadma  K Beljaev scaled\"><\/a><\/figure><\/div><\/div><\/div><\/div><\/div><\/div><\/div><\/div><\/div><\/div>\n","protected":false},"excerpt":{"rendered":"J\u00e4\u00e4kausikeskus on kiinnostava kaikenik\u00e4isille vierailijoille!J\u00e4\u00e4kausikeskuksessa lapsia odottaa leikkiluola, jossa he voivat tehd\u00e4 arkeologisia kaivauksia, t\u00e4ydent\u00e4\u00e4 luolamaalauksia, leikki\u00e4 j\u00e4\u00e4kauden el\u00e4imill\u00e4 ja katsoa animaatioelokuvan \u201cNopea Jousiampuja\u201d.Ensimm\u00e4isess\u00e4 kerroksessa sijaitsee my\u00f6s lumiluola, jonne voi ry\u00f6mi\u00e4 katsomaan karhun pes\u00e4\u00e4, lumessa el\u00e4vi\u00e4 hy\u00f6nteisi\u00e4 ja el\u00e4imi\u00e4 sek\u00e4 tutustumaan talviseen el\u00e4m\u00e4\u00e4n lumen alla.Lemming Lempsin rataLapset voivat tutkia J\u00e4\u00e4kausikeskusta itsen\u00e4isesti hauskan seikkailupelin avulla, jonka&#8230; <a class=\"view-article\" href=\"https:\/\/jaaaeg.ee\/fi\/jaakausikeskuksesta\/tegevused-lastele\/\">Lue lis\u00e4\u00e4<\/a>","protected":false},"author":1,"featured_media":18864,"parent":1449,"menu_order":333,"comment_status":"closed","ping_status":"closed","template":"template-sidebar.php","meta":{"_acf_changed":false,"ngg_post_thumbnail":0,"footnotes":""},"class_list":["post-1482","page","type-page","status-publish","has-post-thumbnail","hentry"],"acf":[],"yoast_head":"<!-- This site is optimized with the Yoast SEO plugin v27.3 - https:\/\/yoast.com\/product\/yoast-seo-wordpress\/ -->\n<title>Toimintaa lapsille - J\u00e4\u00e4aja Keskus<\/title>\n<meta name=\"robots\" content=\"index, follow, max-snippet:-1, max-image-preview:large, max-video-preview:-1\" \/>\n<link rel=\"canonical\" href=\"https:\/\/jaaaeg.ee\/fi\/jaakausikeskuksesta\/tegevused-lastele\/\" \/>\n<meta property=\"og:locale\" content=\"fi_FI\" \/>\n<meta property=\"og:type\" content=\"article\" \/>\n<meta property=\"og:title\" content=\"Toimintaa lapsille - J\u00e4\u00e4aja Keskus\" \/>\n<meta property=\"og:description\" content=\"J\u00e4\u00e4kausikeskus on kiinnostava kaikenik\u00e4isille vierailijoille!J\u00e4\u00e4kausikeskuksessa lapsia odottaa leikkiluola, jossa he voivat tehd\u00e4 arkeologisia kaivauksia, t\u00e4ydent\u00e4\u00e4 luolamaalauksia, leikki\u00e4 j\u00e4\u00e4kauden el\u00e4imill\u00e4 ja katsoa animaatioelokuvan \u201cNopea Jousiampuja\u201d.Ensimm\u00e4isess\u00e4 kerroksessa sijaitsee my\u00f6s lumiluola, jonne voi ry\u00f6mi\u00e4 katsomaan karhun pes\u00e4\u00e4, lumessa el\u00e4vi\u00e4 hy\u00f6nteisi\u00e4 ja el\u00e4imi\u00e4 sek\u00e4 tutustumaan talviseen el\u00e4m\u00e4\u00e4n lumen alla.Lemming Lempsin rataLapset voivat tutkia J\u00e4\u00e4kausikeskusta itsen\u00e4isesti hauskan seikkailupelin avulla, jonka... Lue lis\u00e4\u00e4\" \/>\n<meta property=\"og:url\" content=\"https:\/\/jaaaeg.ee\/fi\/jaakausikeskuksesta\/tegevused-lastele\/\" \/>\n<meta property=\"og:site_name\" content=\"J\u00e4\u00e4aja Keskus\" \/>\n<meta property=\"article:publisher\" content=\"https:\/\/www.facebook.com\/JaaajaKeskus\/\" \/>\n<meta property=\"article:modified_time\" content=\"2025-07-15T10:12:17+00:00\" \/>\n<meta property=\"og:image\" content=\"https:\/\/jaaaeg.ee\/wp-content\/uploads\/2020\/10\/jaaajakeskus-DSC_9533-scaled.jpg\" \/>\n\t<meta property=\"og:image:width\" content=\"2560\" \/>\n\t<meta property=\"og:image:height\" content=\"1707\" \/>\n\t<meta property=\"og:image:type\" content=\"image\/jpeg\" \/>\n<meta name=\"twitter:card\" content=\"summary_large_image\" \/>\n<meta name=\"twitter:label1\" content=\"Arvioitu lukuaika\" \/>\n\t<meta name=\"twitter:data1\" content=\"2 minuuttia\" \/>\n<script type=\"application\/ld+json\" class=\"yoast-schema-graph\">{\"@context\":\"https:\\\/\\\/schema.org\",\"@graph\":[{\"@type\":\"WebPage\",\"@id\":\"https:\\\/\\\/jaaaeg.ee\\\/fi\\\/jaakausikeskuksesta\\\/tegevused-lastele\\\/\",\"url\":\"https:\\\/\\\/jaaaeg.ee\\\/fi\\\/jaakausikeskuksesta\\\/tegevused-lastele\\\/\",\"name\":\"Toimintaa lapsille - J\u00e4\u00e4aja Keskus\",\"isPartOf\":{\"@id\":\"https:\\\/\\\/jaaaeg.ee\\\/ru\\\/#website\"},\"primaryImageOfPage\":{\"@id\":\"https:\\\/\\\/jaaaeg.ee\\\/fi\\\/jaakausikeskuksesta\\\/tegevused-lastele\\\/#primaryimage\"},\"image\":{\"@id\":\"https:\\\/\\\/jaaaeg.ee\\\/fi\\\/jaakausikeskuksesta\\\/tegevused-lastele\\\/#primaryimage\"},\"thumbnailUrl\":\"https:\\\/\\\/jaaaeg.ee\\\/wp-content\\\/uploads\\\/2020\\\/10\\\/jaaajakeskus-DSC_9533-scaled.jpg\",\"datePublished\":\"2018-10-02T08:52:44+00:00\",\"dateModified\":\"2025-07-15T10:12:17+00:00\",\"breadcrumb\":{\"@id\":\"https:\\\/\\\/jaaaeg.ee\\\/fi\\\/jaakausikeskuksesta\\\/tegevused-lastele\\\/#breadcrumb\"},\"inLanguage\":\"fi\",\"potentialAction\":[{\"@type\":\"ReadAction\",\"target\":[\"https:\\\/\\\/jaaaeg.ee\\\/fi\\\/jaakausikeskuksesta\\\/tegevused-lastele\\\/\"]}]},{\"@type\":\"ImageObject\",\"inLanguage\":\"fi\",\"@id\":\"https:\\\/\\\/jaaaeg.ee\\\/fi\\\/jaakausikeskuksesta\\\/tegevused-lastele\\\/#primaryimage\",\"url\":\"https:\\\/\\\/jaaaeg.ee\\\/wp-content\\\/uploads\\\/2020\\\/10\\\/jaaajakeskus-DSC_9533-scaled.jpg\",\"contentUrl\":\"https:\\\/\\\/jaaaeg.ee\\\/wp-content\\\/uploads\\\/2020\\\/10\\\/jaaajakeskus-DSC_9533-scaled.jpg\",\"width\":2560,\"height\":1707,\"caption\":\"jaaajakeskus DSC 9533 scaled\"},{\"@type\":\"BreadcrumbList\",\"@id\":\"https:\\\/\\\/jaaaeg.ee\\\/fi\\\/jaakausikeskuksesta\\\/tegevused-lastele\\\/#breadcrumb\",\"itemListElement\":[{\"@type\":\"ListItem\",\"position\":1,\"name\":\"Home\",\"item\":\"https:\\\/\\\/jaaaeg.ee\\\/fi\\\/\"},{\"@type\":\"ListItem\",\"position\":2,\"name\":\"J\u00e4\u00e4kausikeskuksesta\",\"item\":\"https:\\\/\\\/jaaaeg.ee\\\/fi\\\/jaakausikeskuksesta\\\/\"},{\"@type\":\"ListItem\",\"position\":3,\"name\":\"Toimintaa lapsille\"}]},{\"@type\":\"WebSite\",\"@id\":\"https:\\\/\\\/jaaaeg.ee\\\/ru\\\/#website\",\"url\":\"https:\\\/\\\/jaaaeg.ee\\\/ru\\\/\",\"name\":\"J\u00e4\u00e4aja Keskus\",\"description\":\"avastamisr\u00f5\u00f5m igas vanuses k\u00fclastajatele\",\"potentialAction\":[{\"@type\":\"SearchAction\",\"target\":{\"@type\":\"EntryPoint\",\"urlTemplate\":\"https:\\\/\\\/jaaaeg.ee\\\/ru\\\/?s={search_term_string}\"},\"query-input\":{\"@type\":\"PropertyValueSpecification\",\"valueRequired\":true,\"valueName\":\"search_term_string\"}}],\"inLanguage\":\"fi\"}]}<\/script>\n<!-- \/ Yoast SEO plugin. -->","yoast_head_json":{"title":"Toimintaa lapsille - J\u00e4\u00e4aja Keskus","robots":{"index":"index","follow":"follow","max-snippet":"max-snippet:-1","max-image-preview":"max-image-preview:large","max-video-preview":"max-video-preview:-1"},"canonical":"https:\/\/jaaaeg.ee\/fi\/jaakausikeskuksesta\/tegevused-lastele\/","og_locale":"fi_FI","og_type":"article","og_title":"Toimintaa lapsille - J\u00e4\u00e4aja Keskus","og_description":"J\u00e4\u00e4kausikeskus on kiinnostava kaikenik\u00e4isille vierailijoille!J\u00e4\u00e4kausikeskuksessa lapsia odottaa leikkiluola, jossa he voivat tehd\u00e4 arkeologisia kaivauksia, t\u00e4ydent\u00e4\u00e4 luolamaalauksia, leikki\u00e4 j\u00e4\u00e4kauden el\u00e4imill\u00e4 ja katsoa animaatioelokuvan \u201cNopea Jousiampuja\u201d.Ensimm\u00e4isess\u00e4 kerroksessa sijaitsee my\u00f6s lumiluola, jonne voi ry\u00f6mi\u00e4 katsomaan karhun pes\u00e4\u00e4, lumessa el\u00e4vi\u00e4 hy\u00f6nteisi\u00e4 ja el\u00e4imi\u00e4 sek\u00e4 tutustumaan talviseen el\u00e4m\u00e4\u00e4n lumen alla.Lemming Lempsin rataLapset voivat tutkia J\u00e4\u00e4kausikeskusta itsen\u00e4isesti hauskan seikkailupelin avulla, jonka... Lue lis\u00e4\u00e4","og_url":"https:\/\/jaaaeg.ee\/fi\/jaakausikeskuksesta\/tegevused-lastele\/","og_site_name":"J\u00e4\u00e4aja Keskus","article_publisher":"https:\/\/www.facebook.com\/JaaajaKeskus\/","article_modified_time":"2025-07-15T10:12:17+00:00","og_image":[{"width":2560,"height":1707,"url":"https:\/\/jaaaeg.ee\/wp-content\/uploads\/2020\/10\/jaaajakeskus-DSC_9533-scaled.jpg","type":"image\/jpeg"}],"twitter_card":"summary_large_image","twitter_misc":{"Arvioitu lukuaika":"2 minuuttia"},"schema":{"@context":"https:\/\/schema.org","@graph":[{"@type":"WebPage","@id":"https:\/\/jaaaeg.ee\/fi\/jaakausikeskuksesta\/tegevused-lastele\/","url":"https:\/\/jaaaeg.ee\/fi\/jaakausikeskuksesta\/tegevused-lastele\/","name":"Toimintaa lapsille - J\u00e4\u00e4aja Keskus","isPartOf":{"@id":"https:\/\/jaaaeg.ee\/ru\/#website"},"primaryImageOfPage":{"@id":"https:\/\/jaaaeg.ee\/fi\/jaakausikeskuksesta\/tegevused-lastele\/#primaryimage"},"image":{"@id":"https:\/\/jaaaeg.ee\/fi\/jaakausikeskuksesta\/tegevused-lastele\/#primaryimage"},"thumbnailUrl":"https:\/\/jaaaeg.ee\/wp-content\/uploads\/2020\/10\/jaaajakeskus-DSC_9533-scaled.jpg","datePublished":"2018-10-02T08:52:44+00:00","dateModified":"2025-07-15T10:12:17+00:00","breadcrumb":{"@id":"https:\/\/jaaaeg.ee\/fi\/jaakausikeskuksesta\/tegevused-lastele\/#breadcrumb"},"inLanguage":"fi","potentialAction":[{"@type":"ReadAction","target":["https:\/\/jaaaeg.ee\/fi\/jaakausikeskuksesta\/tegevused-lastele\/"]}]},{"@type":"ImageObject","inLanguage":"fi","@id":"https:\/\/jaaaeg.ee\/fi\/jaakausikeskuksesta\/tegevused-lastele\/#primaryimage","url":"https:\/\/jaaaeg.ee\/wp-content\/uploads\/2020\/10\/jaaajakeskus-DSC_9533-scaled.jpg","contentUrl":"https:\/\/jaaaeg.ee\/wp-content\/uploads\/2020\/10\/jaaajakeskus-DSC_9533-scaled.jpg","width":2560,"height":1707,"caption":"jaaajakeskus DSC 9533 scaled"},{"@type":"BreadcrumbList","@id":"https:\/\/jaaaeg.ee\/fi\/jaakausikeskuksesta\/tegevused-lastele\/#breadcrumb","itemListElement":[{"@type":"ListItem","position":1,"name":"Home","item":"https:\/\/jaaaeg.ee\/fi\/"},{"@type":"ListItem","position":2,"name":"J\u00e4\u00e4kausikeskuksesta","item":"https:\/\/jaaaeg.ee\/fi\/jaakausikeskuksesta\/"},{"@type":"ListItem","position":3,"name":"Toimintaa lapsille"}]},{"@type":"WebSite","@id":"https:\/\/jaaaeg.ee\/ru\/#website","url":"https:\/\/jaaaeg.ee\/ru\/","name":"J\u00e4\u00e4aja Keskus","description":"avastamisr\u00f5\u00f5m igas vanuses k\u00fclastajatele","potentialAction":[{"@type":"SearchAction","target":{"@type":"EntryPoint","urlTemplate":"https:\/\/jaaaeg.ee\/ru\/?s={search_term_string}"},"query-input":{"@type":"PropertyValueSpecification","valueRequired":true,"valueName":"search_term_string"}}],"inLanguage":"fi"}]}},"_links":{"self":[{"href":"https:\/\/jaaaeg.ee\/fi\/wp-json\/wp\/v2\/pages\/1482","targetHints":{"allow":["GET"]}}],"collection":[{"href":"https:\/\/jaaaeg.ee\/fi\/wp-json\/wp\/v2\/pages"}],"about":[{"href":"https:\/\/jaaaeg.ee\/fi\/wp-json\/wp\/v2\/types\/page"}],"author":[{"embeddable":true,"href":"https:\/\/jaaaeg.ee\/fi\/wp-json\/wp\/v2\/users\/1"}],"replies":[{"embeddable":true,"href":"https:\/\/jaaaeg.ee\/fi\/wp-json\/wp\/v2\/comments?post=1482"}],"version-history":[{"count":8,"href":"https:\/\/jaaaeg.ee\/fi\/wp-json\/wp\/v2\/pages\/1482\/revisions"}],"predecessor-version":[{"id":31965,"href":"https:\/\/jaaaeg.ee\/fi\/wp-json\/wp\/v2\/pages\/1482\/revisions\/31965"}],"up":[{"embeddable":true,"href":"https:\/\/jaaaeg.ee\/fi\/wp-json\/wp\/v2\/pages\/1449"}],"wp:featuredmedia":[{"embeddable":true,"href":"https:\/\/jaaaeg.ee\/fi\/wp-json\/wp\/v2\/media\/18864"}],"wp:attachment":[{"href":"https:\/\/jaaaeg.ee\/fi\/wp-json\/wp\/v2\/media?parent=1482"}],"curies":[{"name":"wp","href":"https:\/\/api.w.org\/{rel}","templated":true}]}}