{"id":1473,"date":"2018-10-02T11:50:34","date_gmt":"2018-10-02T08:50:34","guid":{"rendered":"http:\/\/jaaaeg.ee\/?page_id=1473"},"modified":"2018-10-08T10:33:53","modified_gmt":"2018-10-08T07:33:53","slug":"kuidas-tulla","status":"publish","type":"page","link":"https:\/\/jaaaeg.ee\/fi\/jaakausikeskuksesta\/kuidas-tulla\/","title":{"rendered":"Miten tulla?"},"content":{"rendered":"<div class=\"vce-row-container\"><div class=\"vce-row vce-row--col-gap-30 vce-row-columns--top vce-row-content--top\" id=\"el-72b516a4\" data-vce-do-apply=\"all el-72b516a4\"><div class=\"vce-row-content\" data-vce-element-content=\"true\"><div class=\"vce-col vce-col--md-100p vce-col--xs-1 vce-col--xs-last vce-col--xs-first vce-col--sm-last vce-col--sm-first vce-col--md-last vce-col--lg-last vce-col--xl-last vce-col--md-first vce-col--lg-first vce-col--xl-first\" id=\"el-623bb5be\" data-vce-do-apply=\"background border el-623bb5be\"><div class=\"vce-col-inner\" data-vce-element-content=\"true\" data-vce-do-apply=\"padding margin  el-623bb5be\"><div class=\"vce-text-block\"><div class=\"vce-text-block-wrapper vce\" id=\"el-f5f12a56\" data-vce-do-apply=\"all el-f5f12a56\"><p>J\u00e4\u00e4kausikeskuksen sijainnin GPS-koordinaatit: 58.525755, 26.676229<\/p><p><iframe loading=\"lazy\" style=\"border: 0;\" src=\"https:\/\/www.google.com\/maps\/embed?pb=!1m18!1m12!1m3!1d2005.2264531997787!2d26.673950849053895!3d58.52570845485291!2m3!1f0!2f0!3f0!3m2!1i1024!2i768!4f13.1!3m3!1m2!1s0x46eb4ad6cb25105d%3A0x5e881c29c1882d4f!2zSsOkw6RhamEgS2Vza3Vz!5e0!3m2!1set!2see!4v1536666121462\" width=\"600\" height=\"450\" frameborder=\"0\" allowfullscreen=\"allowfullscreen\" data-mce-fragment=\"1\"><\/iframe><\/p><p>&nbsp;<\/p><p><strong>Et\u00e4isyys kaupungeista:<\/strong><\/p><ul><li>Tartto 18 km<\/li><li>J\u00f5geva 34 km<\/li><li>P\u00f5ltsamaa 52 km<\/li><li>Rakvere 107 km<\/li><li>Narva 166 km<\/li><li>P\u00e4rnu 176 km<\/li><li>Tallinna 178 km<\/li><\/ul><p><strong>Tartosta p\u00e4\u00e4see J\u00e4\u00e4kausikeskukseen my\u00f6s maakuntalinjojen busseilla<\/strong> nro 611, 613, 614, 732, 612, 733, 738, jotka l\u00e4htev\u00e4t vastaavasti kello 07.30, 12.30, 14.00, 15.25, 16.30, 18.00 ja 21.30. Tarkempaa tietoa bussiliikenteest\u00e4:&nbsp;<a href=\"https:\/\/www.peatus.ee\/\">www.peatus.ee<\/a>.<\/p><p>J\u00e4\u00e4kausikeskuksen pys\u00e4kin nimi on Keskus.<\/p><\/div><\/div><\/div><\/div><\/div><\/div><\/div>\n","protected":false},"excerpt":{"rendered":"J\u00e4\u00e4kausikeskuksen sijainnin GPS-koordinaatit: 58.525755, 26.676229&nbsp;Et\u00e4isyys kaupungeista:Tartto 18 kmJ\u00f5geva 34 kmP\u00f5ltsamaa 52 kmRakvere 107 kmNarva 166 kmP\u00e4rnu 176 kmTallinna 178 kmTartosta p\u00e4\u00e4see J\u00e4\u00e4kausikeskukseen my\u00f6s maakuntalinjojen busseilla nro 611, 613, 614, 732, 612, 733, 738, jotka l\u00e4htev\u00e4t vastaavasti kello 07.30, 12.30, 14.00, 15.25, 16.30, 18.00 ja 21.30. Tarkempaa tietoa bussiliikenteest\u00e4:&nbsp;www.peatus.ee.J\u00e4\u00e4kausikeskuksen pys\u00e4kin nimi on Keskus.","protected":false},"author":1,"featured_media":0,"parent":1449,"menu_order":340,"comment_status":"closed","ping_status":"closed","template":"template-sidebar.php","meta":{"_acf_changed":false,"ngg_post_thumbnail":0,"footnotes":""},"class_list":["post-1473","page","type-page","status-publish","hentry"],"acf":[],"yoast_head":"<!-- This site is optimized with the Yoast SEO plugin v27.3 - https:\/\/yoast.com\/product\/yoast-seo-wordpress\/ -->\n<title>Miten tulla? - J\u00e4\u00e4aja Keskus<\/title>\n<meta name=\"robots\" content=\"index, follow, max-snippet:-1, max-image-preview:large, max-video-preview:-1\" \/>\n<link rel=\"canonical\" href=\"https:\/\/jaaaeg.ee\/fi\/jaakausikeskuksesta\/kuidas-tulla\/\" \/>\n<meta property=\"og:locale\" content=\"fi_FI\" \/>\n<meta property=\"og:type\" content=\"article\" \/>\n<meta property=\"og:title\" content=\"Miten tulla? - J\u00e4\u00e4aja Keskus\" \/>\n<meta property=\"og:description\" content=\"J\u00e4\u00e4kausikeskuksen sijainnin GPS-koordinaatit: 58.525755, 26.676229&nbsp;Et\u00e4isyys kaupungeista:Tartto 18 kmJ\u00f5geva 34 kmP\u00f5ltsamaa 52 kmRakvere 107 kmNarva 166 kmP\u00e4rnu 176 kmTallinna 178 kmTartosta p\u00e4\u00e4see J\u00e4\u00e4kausikeskukseen my\u00f6s maakuntalinjojen busseilla nro 611, 613, 614, 732, 612, 733, 738, jotka l\u00e4htev\u00e4t vastaavasti kello 07.30, 12.30, 14.00, 15.25, 16.30, 18.00 ja 21.30. Tarkempaa tietoa bussiliikenteest\u00e4:&nbsp;www.peatus.ee.J\u00e4\u00e4kausikeskuksen pys\u00e4kin nimi on Keskus.\" \/>\n<meta property=\"og:url\" content=\"https:\/\/jaaaeg.ee\/fi\/jaakausikeskuksesta\/kuidas-tulla\/\" \/>\n<meta property=\"og:site_name\" content=\"J\u00e4\u00e4aja Keskus\" \/>\n<meta property=\"article:publisher\" content=\"https:\/\/www.facebook.com\/JaaajaKeskus\/\" \/>\n<meta property=\"article:modified_time\" content=\"2018-10-08T07:33:53+00:00\" \/>\n<meta name=\"twitter:card\" content=\"summary_large_image\" \/>\n<script type=\"application\/ld+json\" class=\"yoast-schema-graph\">{\"@context\":\"https:\\\/\\\/schema.org\",\"@graph\":[{\"@type\":\"WebPage\",\"@id\":\"https:\\\/\\\/jaaaeg.ee\\\/fi\\\/jaakausikeskuksesta\\\/kuidas-tulla\\\/\",\"url\":\"https:\\\/\\\/jaaaeg.ee\\\/fi\\\/jaakausikeskuksesta\\\/kuidas-tulla\\\/\",\"name\":\"Miten tulla? - J\u00e4\u00e4aja Keskus\",\"isPartOf\":{\"@id\":\"https:\\\/\\\/jaaaeg.ee\\\/ru\\\/#website\"},\"datePublished\":\"2018-10-02T08:50:34+00:00\",\"dateModified\":\"2018-10-08T07:33:53+00:00\",\"breadcrumb\":{\"@id\":\"https:\\\/\\\/jaaaeg.ee\\\/fi\\\/jaakausikeskuksesta\\\/kuidas-tulla\\\/#breadcrumb\"},\"inLanguage\":\"fi\",\"potentialAction\":[{\"@type\":\"ReadAction\",\"target\":[\"https:\\\/\\\/jaaaeg.ee\\\/fi\\\/jaakausikeskuksesta\\\/kuidas-tulla\\\/\"]}]},{\"@type\":\"BreadcrumbList\",\"@id\":\"https:\\\/\\\/jaaaeg.ee\\\/fi\\\/jaakausikeskuksesta\\\/kuidas-tulla\\\/#breadcrumb\",\"itemListElement\":[{\"@type\":\"ListItem\",\"position\":1,\"name\":\"Home\",\"item\":\"https:\\\/\\\/jaaaeg.ee\\\/fi\\\/\"},{\"@type\":\"ListItem\",\"position\":2,\"name\":\"J\u00e4\u00e4kausikeskuksesta\",\"item\":\"https:\\\/\\\/jaaaeg.ee\\\/fi\\\/jaakausikeskuksesta\\\/\"},{\"@type\":\"ListItem\",\"position\":3,\"name\":\"Miten tulla?\"}]},{\"@type\":\"WebSite\",\"@id\":\"https:\\\/\\\/jaaaeg.ee\\\/ru\\\/#website\",\"url\":\"https:\\\/\\\/jaaaeg.ee\\\/ru\\\/\",\"name\":\"J\u00e4\u00e4aja Keskus\",\"description\":\"avastamisr\u00f5\u00f5m igas vanuses k\u00fclastajatele\",\"potentialAction\":[{\"@type\":\"SearchAction\",\"target\":{\"@type\":\"EntryPoint\",\"urlTemplate\":\"https:\\\/\\\/jaaaeg.ee\\\/ru\\\/?s={search_term_string}\"},\"query-input\":{\"@type\":\"PropertyValueSpecification\",\"valueRequired\":true,\"valueName\":\"search_term_string\"}}],\"inLanguage\":\"fi\"}]}<\/script>\n<!-- \/ Yoast SEO plugin. -->","yoast_head_json":{"title":"Miten tulla? - J\u00e4\u00e4aja Keskus","robots":{"index":"index","follow":"follow","max-snippet":"max-snippet:-1","max-image-preview":"max-image-preview:large","max-video-preview":"max-video-preview:-1"},"canonical":"https:\/\/jaaaeg.ee\/fi\/jaakausikeskuksesta\/kuidas-tulla\/","og_locale":"fi_FI","og_type":"article","og_title":"Miten tulla? - J\u00e4\u00e4aja Keskus","og_description":"J\u00e4\u00e4kausikeskuksen sijainnin GPS-koordinaatit: 58.525755, 26.676229&nbsp;Et\u00e4isyys kaupungeista:Tartto 18 kmJ\u00f5geva 34 kmP\u00f5ltsamaa 52 kmRakvere 107 kmNarva 166 kmP\u00e4rnu 176 kmTallinna 178 kmTartosta p\u00e4\u00e4see J\u00e4\u00e4kausikeskukseen my\u00f6s maakuntalinjojen busseilla nro 611, 613, 614, 732, 612, 733, 738, jotka l\u00e4htev\u00e4t vastaavasti kello 07.30, 12.30, 14.00, 15.25, 16.30, 18.00 ja 21.30. Tarkempaa tietoa bussiliikenteest\u00e4:&nbsp;www.peatus.ee.J\u00e4\u00e4kausikeskuksen pys\u00e4kin nimi on Keskus.","og_url":"https:\/\/jaaaeg.ee\/fi\/jaakausikeskuksesta\/kuidas-tulla\/","og_site_name":"J\u00e4\u00e4aja Keskus","article_publisher":"https:\/\/www.facebook.com\/JaaajaKeskus\/","article_modified_time":"2018-10-08T07:33:53+00:00","twitter_card":"summary_large_image","schema":{"@context":"https:\/\/schema.org","@graph":[{"@type":"WebPage","@id":"https:\/\/jaaaeg.ee\/fi\/jaakausikeskuksesta\/kuidas-tulla\/","url":"https:\/\/jaaaeg.ee\/fi\/jaakausikeskuksesta\/kuidas-tulla\/","name":"Miten tulla? - J\u00e4\u00e4aja Keskus","isPartOf":{"@id":"https:\/\/jaaaeg.ee\/ru\/#website"},"datePublished":"2018-10-02T08:50:34+00:00","dateModified":"2018-10-08T07:33:53+00:00","breadcrumb":{"@id":"https:\/\/jaaaeg.ee\/fi\/jaakausikeskuksesta\/kuidas-tulla\/#breadcrumb"},"inLanguage":"fi","potentialAction":[{"@type":"ReadAction","target":["https:\/\/jaaaeg.ee\/fi\/jaakausikeskuksesta\/kuidas-tulla\/"]}]},{"@type":"BreadcrumbList","@id":"https:\/\/jaaaeg.ee\/fi\/jaakausikeskuksesta\/kuidas-tulla\/#breadcrumb","itemListElement":[{"@type":"ListItem","position":1,"name":"Home","item":"https:\/\/jaaaeg.ee\/fi\/"},{"@type":"ListItem","position":2,"name":"J\u00e4\u00e4kausikeskuksesta","item":"https:\/\/jaaaeg.ee\/fi\/jaakausikeskuksesta\/"},{"@type":"ListItem","position":3,"name":"Miten tulla?"}]},{"@type":"WebSite","@id":"https:\/\/jaaaeg.ee\/ru\/#website","url":"https:\/\/jaaaeg.ee\/ru\/","name":"J\u00e4\u00e4aja Keskus","description":"avastamisr\u00f5\u00f5m igas vanuses k\u00fclastajatele","potentialAction":[{"@type":"SearchAction","target":{"@type":"EntryPoint","urlTemplate":"https:\/\/jaaaeg.ee\/ru\/?s={search_term_string}"},"query-input":{"@type":"PropertyValueSpecification","valueRequired":true,"valueName":"search_term_string"}}],"inLanguage":"fi"}]}},"_links":{"self":[{"href":"https:\/\/jaaaeg.ee\/fi\/wp-json\/wp\/v2\/pages\/1473","targetHints":{"allow":["GET"]}}],"collection":[{"href":"https:\/\/jaaaeg.ee\/fi\/wp-json\/wp\/v2\/pages"}],"about":[{"href":"https:\/\/jaaaeg.ee\/fi\/wp-json\/wp\/v2\/types\/page"}],"author":[{"embeddable":true,"href":"https:\/\/jaaaeg.ee\/fi\/wp-json\/wp\/v2\/users\/1"}],"replies":[{"embeddable":true,"href":"https:\/\/jaaaeg.ee\/fi\/wp-json\/wp\/v2\/comments?post=1473"}],"version-history":[{"count":6,"href":"https:\/\/jaaaeg.ee\/fi\/wp-json\/wp\/v2\/pages\/1473\/revisions"}],"predecessor-version":[{"id":16402,"href":"https:\/\/jaaaeg.ee\/fi\/wp-json\/wp\/v2\/pages\/1473\/revisions\/16402"}],"up":[{"embeddable":true,"href":"https:\/\/jaaaeg.ee\/fi\/wp-json\/wp\/v2\/pages\/1449"}],"wp:attachment":[{"href":"https:\/\/jaaaeg.ee\/fi\/wp-json\/wp\/v2\/media?parent=1473"}],"curies":[{"name":"wp","href":"https:\/\/api.w.org\/{rel}","templated":true}]}}