{"id":1468,"date":"2018-10-02T11:48:27","date_gmt":"2018-10-02T08:48:27","guid":{"rendered":"http:\/\/jaaaeg.ee\/?page_id=1468"},"modified":"2023-06-06T12:53:46","modified_gmt":"2023-06-06T09:53:46","slug":"gruppidele","status":"publish","type":"page","link":"https:\/\/jaaaeg.ee\/fi\/jaakausikeskuksesta\/gruppidele\/","title":{"rendered":"Ryhmille"},"content":{"rendered":"<div class=\"vce-row-container\" data-vce-boxed-width=\"true\"><div class=\"vce-row vce-row--col-gap-30 vce-row-content--top\" id=\"el-50aa0c84\" data-vce-do-apply=\"all el-50aa0c84\"><div class=\"vce-row-content\" data-vce-element-content=\"true\"><div class=\"vce-col vce-col--md-100p vce-col--xs-1 vce-col--xs-last vce-col--xs-first vce-col--sm-last vce-col--sm-first vce-col--md-last vce-col--lg-last vce-col--xl-last vce-col--md-first vce-col--lg-first vce-col--xl-first\" id=\"el-b7a23c13\"><div class=\"vce-col-inner\" data-vce-do-apply=\"border margin background  el-b7a23c13\"><div class=\"vce-col-content\" data-vce-element-content=\"true\" data-vce-do-apply=\"padding el-b7a23c13\"><div class=\"vce-text-block\"><div class=\"vce-text-block-wrapper vce\" id=\"el-64f41724\" data-vce-do-apply=\"all el-64f41724\"><p>Ennakkoon tilaavat ryhm\u00e4t (12 hengest\u00e4 alkaen) saavat&nbsp;<strong>J\u00e4\u00e4kausikeskuksen vierailusta 10 % alennuksen.<\/strong><\/p><p><strong>Ryhm\u00e4vierailun pyyd\u00e4mme varaamaan<\/strong>&nbsp;<a href=\"mailto:info@jaaaeg.ee\">info@jaaaeg.ee<\/a>&nbsp;tai puh.&nbsp;+372&nbsp;5911 3318.&nbsp;Vierailijoiden paremman palvelun nimiss\u00e4 J\u00e4\u00e4kausikeskuksella on oikeus k\u00e4ytt\u00e4\u00e4 rekister\u00f6itym\u00e4tt\u00f6mille ryhmille odotusaikaa.<\/p><p><strong>Jos haluatte opaspalvelun, pyyd\u00e4mme tilaamaan sen ryhm\u00e4lle etuk\u00e4teen<\/strong>. Tarjoamme opaspalvelua <strong>viron, ven\u00e4j\u00e4n tai englannin kielell\u00e4<\/strong>.<\/p><p><strong>Oppaan johdolla kierros kest\u00e4\u00e4 yhden tunnin, haluttaessa voi tilata my\u00f6s pitempi\u00e4 ja tiettyyn aiheeseen keskittyvi\u00e4 ekskursioita<\/strong>. Ryhm\u00e4n enimm\u00e4iskoko on 25 henki\u00e4 opasta kohti. Suuremmalle ryhm\u00e4lle tulee tilata useampi opas. Mik\u00e4li ryhm\u00e4 my\u00f6h\u00e4styy yli 15 minuuttia, sovittu tunnin ekskursio voi vastaavasti lyhenty\u00e4.<\/p><p><strong>Oppilasryhm\u00e4n osalta p\u00e4\u00e4see maksutta sis\u00e4\u00e4n yksi opettaja jokaista 10 lasta kohti<\/strong>. Oppilasryhm\u00e4n saattajat ovat velvolliset seuraamaan lasten toimintaa koko vierailun ajan ja takaamaan J\u00e4\u00e4kausikeskuksen j\u00e4rjestyss\u00e4\u00e4nt\u00f6jen noudattamisen.<\/p><p><strong>Tilauksesta voidaan ryhmille tarjota my\u00f6s ruokailu.<\/strong><\/p><p>Ryhm\u00e4vierailusta voi maksaa sek\u00e4 paikan p\u00e4\u00e4ll\u00e4 ett\u00e4 laskun perusteella. Laskulla maksettaessa pyyd\u00e4mme ottamaan mukaan takuukirjeen.<\/p><p><a href=\"http:\/\/jaaaeg.ee\/yhteystiedot\/?lang=fi\">Varaa ryhm\u00e4vierailu<\/a><\/p><\/div><\/div><\/div><\/div><\/div><\/div><\/div><\/div><div class=\"vce-row-container\" data-vce-boxed-width=\"true\"><div class=\"vce-row vce-row--col-gap-30 vce-row-equal-height vce-row-content--top\" id=\"el-a226a134\" data-vce-do-apply=\"all el-a226a134\"><div class=\"vce-row-content\" data-vce-element-content=\"true\"><div class=\"vce-col vce-col--md-auto vce-col--xs-1 vce-col--xs-last vce-col--xs-first vce-col--sm-last vce-col--sm-first vce-col--md-last vce-col--lg-last vce-col--xl-last vce-col--md-first vce-col--lg-first vce-col--xl-first\" id=\"el-ffbf3f2b\"><div class=\"vce-col-inner\" data-vce-do-apply=\"border margin background  el-ffbf3f2b\"><div class=\"vce-col-content\" data-vce-element-content=\"true\" data-vce-do-apply=\"padding el-ffbf3f2b\"><div class=\"vce-image-masonry-gallery\"><div class=\"vce-image-masonry-gallery-wrapper vce vce-image-masonry-gallery--gap-10 vce-image-masonry-gallery--columns-3\" id=\"el-367fc762\" data-vce-do-apply=\"all el-367fc762\"><div class=\"vce-image-masonry-gallery-list\"><div class=\"vce-image-masonry-gallery-column\"><a href=\"https:\/\/jaaaeg.ee\/wp-content\/uploads\/2023\/06\/JK_koopalovi-ja-urghirv_Jaanika-Aasav-scaled.jpg\" data-lightbox=\"lightbox-367fc762\" class=\"vce-image-masonry-gallery-item\"><img decoding=\"async\" class=\"vce-image-masonry-gallery-img\" src=\"https:\/\/jaaaeg.ee\/wp-content\/uploads\/2023\/06\/JK_koopalovi-ja-urghirv_Jaanika-Aasav-scaled.jpg\" alt=\"\"><\/a><a href=\"https:\/\/jaaaeg.ee\/wp-content\/uploads\/2023\/06\/JK_ekspo_Beljaev_2022-4-scaled.jpg\" data-lightbox=\"lightbox-367fc762\" class=\"vce-image-masonry-gallery-item\"><img decoding=\"async\" class=\"vce-image-masonry-gallery-img\" src=\"https:\/\/jaaaeg.ee\/wp-content\/uploads\/2023\/06\/JK_ekspo_Beljaev_2022-4-scaled.jpg\" alt=\"\"><\/a><\/div><div class=\"vce-image-masonry-gallery-column\"><a href=\"https:\/\/jaaaeg.ee\/wp-content\/uploads\/2023\/06\/JK_mammut_Katrin-Sisask-scaled.jpg\" data-lightbox=\"lightbox-367fc762\" class=\"vce-image-masonry-gallery-item\"><img decoding=\"async\" class=\"vce-image-masonry-gallery-img\" src=\"https:\/\/jaaaeg.ee\/wp-content\/uploads\/2023\/06\/JK_mammut_Katrin-Sisask-scaled.jpg\" alt=\"JK_mammut_Katrin Sisask\"><\/a><a href=\"https:\/\/jaaaeg.ee\/wp-content\/uploads\/2023\/06\/JK_ekspo_beljaev_23-15-scaled.jpg\" data-lightbox=\"lightbox-367fc762\" class=\"vce-image-masonry-gallery-item\"><img decoding=\"async\" class=\"vce-image-masonry-gallery-img\" src=\"https:\/\/jaaaeg.ee\/wp-content\/uploads\/2023\/06\/JK_ekspo_beljaev_23-15-scaled.jpg\" alt=\"\"><\/a><\/div><div class=\"vce-image-masonry-gallery-column\"><a href=\"https:\/\/jaaaeg.ee\/wp-content\/uploads\/2023\/06\/JK_lapsed_randkivid_Signe-Milkov.jpg\" data-lightbox=\"lightbox-367fc762\" class=\"vce-image-masonry-gallery-item\"><img decoding=\"async\" class=\"vce-image-masonry-gallery-img\" src=\"https:\/\/jaaaeg.ee\/wp-content\/uploads\/2023\/06\/JK_lapsed_randkivid_Signe-Milkov.jpg\" alt=\"\"><\/a><a href=\"https:\/\/jaaaeg.ee\/wp-content\/uploads\/2023\/06\/JK_koobas_-KBeljaev-scaled.jpg\" data-lightbox=\"lightbox-367fc762\" class=\"vce-image-masonry-gallery-item\"><img decoding=\"async\" class=\"vce-image-masonry-gallery-img\" src=\"https:\/\/jaaaeg.ee\/wp-content\/uploads\/2023\/06\/JK_koobas_-KBeljaev-scaled.jpg\" alt=\"\"><\/a><a href=\"https:\/\/jaaaeg.ee\/wp-content\/uploads\/2023\/06\/jaaajakeskus_Liisbet_Jarviste_2016-9021.jpg\" data-lightbox=\"lightbox-367fc762\" class=\"vce-image-masonry-gallery-item\"><img decoding=\"async\" class=\"vce-image-masonry-gallery-img\" src=\"https:\/\/jaaaeg.ee\/wp-content\/uploads\/2023\/06\/jaaajakeskus_Liisbet_Jarviste_2016-9021.jpg\" alt=\"\"><\/a><\/div><\/div><\/div><\/div><\/div><\/div><\/div><\/div><\/div><\/div>\n","protected":false},"excerpt":{"rendered":"Ennakkoon tilaavat ryhm\u00e4t (12 hengest\u00e4 alkaen) saavat&nbsp;J\u00e4\u00e4kausikeskuksen vierailusta 10 % alennuksen.Ryhm\u00e4vierailun pyyd\u00e4mme varaamaan&nbsp;info@jaaaeg.ee&nbsp;tai puh.&nbsp;+372&nbsp;5911 3318.&nbsp;Vierailijoiden paremman palvelun nimiss\u00e4 J\u00e4\u00e4kausikeskuksella on oikeus k\u00e4ytt\u00e4\u00e4 rekister\u00f6itym\u00e4tt\u00f6mille ryhmille odotusaikaa.Jos haluatte opaspalvelun, pyyd\u00e4mme tilaamaan sen ryhm\u00e4lle etuk\u00e4teen. Tarjoamme opaspalvelua viron, ven\u00e4j\u00e4n tai englannin kielell\u00e4.Oppaan johdolla kierros kest\u00e4\u00e4 yhden tunnin, haluttaessa voi tilata my\u00f6s pitempi\u00e4 ja tiettyyn aiheeseen keskittyvi\u00e4 ekskursioita. Ryhm\u00e4n&#8230; <a class=\"view-article\" href=\"https:\/\/jaaaeg.ee\/fi\/jaakausikeskuksesta\/gruppidele\/\">Lue lis\u00e4\u00e4<\/a>","protected":false},"author":1,"featured_media":0,"parent":1449,"menu_order":346,"comment_status":"closed","ping_status":"closed","template":"template-sidebar.php","meta":{"_acf_changed":false,"ngg_post_thumbnail":0,"footnotes":""},"class_list":["post-1468","page","type-page","status-publish","hentry"],"acf":[],"yoast_head":"<!-- This site is optimized with the Yoast SEO plugin v27.3 - https:\/\/yoast.com\/product\/yoast-seo-wordpress\/ -->\n<title>Ryhmille - J\u00e4\u00e4aja Keskus<\/title>\n<meta name=\"robots\" content=\"index, follow, max-snippet:-1, max-image-preview:large, max-video-preview:-1\" \/>\n<link rel=\"canonical\" href=\"https:\/\/jaaaeg.ee\/fi\/jaakausikeskuksesta\/gruppidele\/\" \/>\n<meta property=\"og:locale\" content=\"fi_FI\" \/>\n<meta property=\"og:type\" content=\"article\" \/>\n<meta property=\"og:title\" content=\"Ryhmille - J\u00e4\u00e4aja Keskus\" \/>\n<meta property=\"og:description\" content=\"Ennakkoon tilaavat ryhm\u00e4t (12 hengest\u00e4 alkaen) saavat&nbsp;J\u00e4\u00e4kausikeskuksen vierailusta 10 % alennuksen.Ryhm\u00e4vierailun pyyd\u00e4mme varaamaan&nbsp;info@jaaaeg.ee&nbsp;tai puh.&nbsp;+372&nbsp;5911 3318.&nbsp;Vierailijoiden paremman palvelun nimiss\u00e4 J\u00e4\u00e4kausikeskuksella on oikeus k\u00e4ytt\u00e4\u00e4 rekister\u00f6itym\u00e4tt\u00f6mille ryhmille odotusaikaa.Jos haluatte opaspalvelun, pyyd\u00e4mme tilaamaan sen ryhm\u00e4lle etuk\u00e4teen. Tarjoamme opaspalvelua viron, ven\u00e4j\u00e4n tai englannin kielell\u00e4.Oppaan johdolla kierros kest\u00e4\u00e4 yhden tunnin, haluttaessa voi tilata my\u00f6s pitempi\u00e4 ja tiettyyn aiheeseen keskittyvi\u00e4 ekskursioita. Ryhm\u00e4n... Lue lis\u00e4\u00e4\" \/>\n<meta property=\"og:url\" content=\"https:\/\/jaaaeg.ee\/fi\/jaakausikeskuksesta\/gruppidele\/\" \/>\n<meta property=\"og:site_name\" content=\"J\u00e4\u00e4aja Keskus\" \/>\n<meta property=\"article:publisher\" content=\"https:\/\/www.facebook.com\/JaaajaKeskus\/\" \/>\n<meta property=\"article:modified_time\" content=\"2023-06-06T09:53:46+00:00\" \/>\n<meta name=\"twitter:card\" content=\"summary_large_image\" \/>\n<meta name=\"twitter:label1\" content=\"Arvioitu lukuaika\" \/>\n\t<meta name=\"twitter:data1\" content=\"1 minuutti\" \/>\n<script type=\"application\/ld+json\" class=\"yoast-schema-graph\">{\"@context\":\"https:\\\/\\\/schema.org\",\"@graph\":[{\"@type\":\"WebPage\",\"@id\":\"https:\\\/\\\/jaaaeg.ee\\\/fi\\\/jaakausikeskuksesta\\\/gruppidele\\\/\",\"url\":\"https:\\\/\\\/jaaaeg.ee\\\/fi\\\/jaakausikeskuksesta\\\/gruppidele\\\/\",\"name\":\"Ryhmille - J\u00e4\u00e4aja Keskus\",\"isPartOf\":{\"@id\":\"https:\\\/\\\/jaaaeg.ee\\\/ru\\\/#website\"},\"datePublished\":\"2018-10-02T08:48:27+00:00\",\"dateModified\":\"2023-06-06T09:53:46+00:00\",\"breadcrumb\":{\"@id\":\"https:\\\/\\\/jaaaeg.ee\\\/fi\\\/jaakausikeskuksesta\\\/gruppidele\\\/#breadcrumb\"},\"inLanguage\":\"fi\",\"potentialAction\":[{\"@type\":\"ReadAction\",\"target\":[\"https:\\\/\\\/jaaaeg.ee\\\/fi\\\/jaakausikeskuksesta\\\/gruppidele\\\/\"]}]},{\"@type\":\"BreadcrumbList\",\"@id\":\"https:\\\/\\\/jaaaeg.ee\\\/fi\\\/jaakausikeskuksesta\\\/gruppidele\\\/#breadcrumb\",\"itemListElement\":[{\"@type\":\"ListItem\",\"position\":1,\"name\":\"Home\",\"item\":\"https:\\\/\\\/jaaaeg.ee\\\/fi\\\/\"},{\"@type\":\"ListItem\",\"position\":2,\"name\":\"J\u00e4\u00e4kausikeskuksesta\",\"item\":\"https:\\\/\\\/jaaaeg.ee\\\/fi\\\/jaakausikeskuksesta\\\/\"},{\"@type\":\"ListItem\",\"position\":3,\"name\":\"Ryhmille\"}]},{\"@type\":\"WebSite\",\"@id\":\"https:\\\/\\\/jaaaeg.ee\\\/ru\\\/#website\",\"url\":\"https:\\\/\\\/jaaaeg.ee\\\/ru\\\/\",\"name\":\"J\u00e4\u00e4aja Keskus\",\"description\":\"avastamisr\u00f5\u00f5m igas vanuses k\u00fclastajatele\",\"potentialAction\":[{\"@type\":\"SearchAction\",\"target\":{\"@type\":\"EntryPoint\",\"urlTemplate\":\"https:\\\/\\\/jaaaeg.ee\\\/ru\\\/?s={search_term_string}\"},\"query-input\":{\"@type\":\"PropertyValueSpecification\",\"valueRequired\":true,\"valueName\":\"search_term_string\"}}],\"inLanguage\":\"fi\"}]}<\/script>\n<!-- \/ Yoast SEO plugin. -->","yoast_head_json":{"title":"Ryhmille - J\u00e4\u00e4aja Keskus","robots":{"index":"index","follow":"follow","max-snippet":"max-snippet:-1","max-image-preview":"max-image-preview:large","max-video-preview":"max-video-preview:-1"},"canonical":"https:\/\/jaaaeg.ee\/fi\/jaakausikeskuksesta\/gruppidele\/","og_locale":"fi_FI","og_type":"article","og_title":"Ryhmille - J\u00e4\u00e4aja Keskus","og_description":"Ennakkoon tilaavat ryhm\u00e4t (12 hengest\u00e4 alkaen) saavat&nbsp;J\u00e4\u00e4kausikeskuksen vierailusta 10 % alennuksen.Ryhm\u00e4vierailun pyyd\u00e4mme varaamaan&nbsp;info@jaaaeg.ee&nbsp;tai puh.&nbsp;+372&nbsp;5911 3318.&nbsp;Vierailijoiden paremman palvelun nimiss\u00e4 J\u00e4\u00e4kausikeskuksella on oikeus k\u00e4ytt\u00e4\u00e4 rekister\u00f6itym\u00e4tt\u00f6mille ryhmille odotusaikaa.Jos haluatte opaspalvelun, pyyd\u00e4mme tilaamaan sen ryhm\u00e4lle etuk\u00e4teen. Tarjoamme opaspalvelua viron, ven\u00e4j\u00e4n tai englannin kielell\u00e4.Oppaan johdolla kierros kest\u00e4\u00e4 yhden tunnin, haluttaessa voi tilata my\u00f6s pitempi\u00e4 ja tiettyyn aiheeseen keskittyvi\u00e4 ekskursioita. Ryhm\u00e4n... Lue lis\u00e4\u00e4","og_url":"https:\/\/jaaaeg.ee\/fi\/jaakausikeskuksesta\/gruppidele\/","og_site_name":"J\u00e4\u00e4aja Keskus","article_publisher":"https:\/\/www.facebook.com\/JaaajaKeskus\/","article_modified_time":"2023-06-06T09:53:46+00:00","twitter_card":"summary_large_image","twitter_misc":{"Arvioitu lukuaika":"1 minuutti"},"schema":{"@context":"https:\/\/schema.org","@graph":[{"@type":"WebPage","@id":"https:\/\/jaaaeg.ee\/fi\/jaakausikeskuksesta\/gruppidele\/","url":"https:\/\/jaaaeg.ee\/fi\/jaakausikeskuksesta\/gruppidele\/","name":"Ryhmille - J\u00e4\u00e4aja Keskus","isPartOf":{"@id":"https:\/\/jaaaeg.ee\/ru\/#website"},"datePublished":"2018-10-02T08:48:27+00:00","dateModified":"2023-06-06T09:53:46+00:00","breadcrumb":{"@id":"https:\/\/jaaaeg.ee\/fi\/jaakausikeskuksesta\/gruppidele\/#breadcrumb"},"inLanguage":"fi","potentialAction":[{"@type":"ReadAction","target":["https:\/\/jaaaeg.ee\/fi\/jaakausikeskuksesta\/gruppidele\/"]}]},{"@type":"BreadcrumbList","@id":"https:\/\/jaaaeg.ee\/fi\/jaakausikeskuksesta\/gruppidele\/#breadcrumb","itemListElement":[{"@type":"ListItem","position":1,"name":"Home","item":"https:\/\/jaaaeg.ee\/fi\/"},{"@type":"ListItem","position":2,"name":"J\u00e4\u00e4kausikeskuksesta","item":"https:\/\/jaaaeg.ee\/fi\/jaakausikeskuksesta\/"},{"@type":"ListItem","position":3,"name":"Ryhmille"}]},{"@type":"WebSite","@id":"https:\/\/jaaaeg.ee\/ru\/#website","url":"https:\/\/jaaaeg.ee\/ru\/","name":"J\u00e4\u00e4aja Keskus","description":"avastamisr\u00f5\u00f5m igas vanuses k\u00fclastajatele","potentialAction":[{"@type":"SearchAction","target":{"@type":"EntryPoint","urlTemplate":"https:\/\/jaaaeg.ee\/ru\/?s={search_term_string}"},"query-input":{"@type":"PropertyValueSpecification","valueRequired":true,"valueName":"search_term_string"}}],"inLanguage":"fi"}]}},"_links":{"self":[{"href":"https:\/\/jaaaeg.ee\/fi\/wp-json\/wp\/v2\/pages\/1468","targetHints":{"allow":["GET"]}}],"collection":[{"href":"https:\/\/jaaaeg.ee\/fi\/wp-json\/wp\/v2\/pages"}],"about":[{"href":"https:\/\/jaaaeg.ee\/fi\/wp-json\/wp\/v2\/types\/page"}],"author":[{"embeddable":true,"href":"https:\/\/jaaaeg.ee\/fi\/wp-json\/wp\/v2\/users\/1"}],"replies":[{"embeddable":true,"href":"https:\/\/jaaaeg.ee\/fi\/wp-json\/wp\/v2\/comments?post=1468"}],"version-history":[{"count":8,"href":"https:\/\/jaaaeg.ee\/fi\/wp-json\/wp\/v2\/pages\/1468\/revisions"}],"predecessor-version":[{"id":22557,"href":"https:\/\/jaaaeg.ee\/fi\/wp-json\/wp\/v2\/pages\/1468\/revisions\/22557"}],"up":[{"embeddable":true,"href":"https:\/\/jaaaeg.ee\/fi\/wp-json\/wp\/v2\/pages\/1449"}],"wp:attachment":[{"href":"https:\/\/jaaaeg.ee\/fi\/wp-json\/wp\/v2\/media?parent=1468"}],"curies":[{"name":"wp","href":"https:\/\/api.w.org\/{rel}","templated":true}]}}