{"id":1457,"date":"2018-10-02T11:40:50","date_gmt":"2018-10-02T08:40:50","guid":{"rendered":"http:\/\/jaaaeg.ee\/?page_id=1457"},"modified":"2025-04-30T10:50:41","modified_gmt":"2025-04-30T07:50:41","slug":"kulastajale","status":"publish","type":"page","link":"https:\/\/jaaaeg.ee\/fi\/jaakausikeskuksesta\/kulastajale\/","title":{"rendered":"Vierailijoille"},"content":{"rendered":"<div class=\"vce-row-container\" data-vce-boxed-width=\"true\"><div class=\"vce-row vce-row--col-gap-30 vce-row-content--top\" id=\"el-55452e7e\" data-vce-do-apply=\"all el-55452e7e\"><div class=\"vce-row-content\" data-vce-element-content=\"true\"><div class=\"vce-col vce-col--md-100p vce-col--xs-1 vce-col--xs-last vce-col--xs-first vce-col--sm-last vce-col--sm-first vce-col--md-last vce-col--lg-last vce-col--xl-last vce-col--md-first vce-col--lg-first vce-col--xl-first\" id=\"el-cf14b11b\"><div class=\"vce-col-inner\" data-vce-do-apply=\"border margin background  el-cf14b11b\"><div class=\"vce-col-content\" data-vce-element-content=\"true\" data-vce-do-apply=\"padding el-cf14b11b\"><div class=\"vce-text-block\"><div class=\"vce-text-block-wrapper vce\" id=\"el-e0c323a3\" data-vce-do-apply=\"all el-e0c323a3\"><p><strong>J\u00e4\u00e4kausikeskus on t\u00e4ynn\u00e4 el\u00e4myksi\u00e4, odotamme teit\u00e4 vierailulle! Olemme avoinna ymp\u00e4ri vuoden! <\/strong><\/p><p>Meill\u00e4 tutustutte mammuttiin ja j\u00e4\u00e4karhuun ja opitte paljon kiinnostavaa Viron ja maailman luonnon kehittymisest\u00e4. J\u00e4\u00e4kausikeskus sopii ihanteellisesti vierailupaikaksi my\u00f6s <strong>perheille<\/strong>. Samoin hyvin tervetulleita ovat <strong>lasten ja nuoren ryhm\u00e4t<\/strong>, joille tarjoamme k\u00e4yt\u00e4nn\u00f6llisi\u00e4 opetusohjelmia.<\/p><p>Kiinnostavan n\u00e4yttelyn lis\u00e4ksi teit\u00e4 odottaa kahvila ja maalauksellinen lautta-ajelu Saadj\u00e4rvell\u00e4!<\/p><p><strong>Parhaan kokemuksen saamiseksi suosittelemme varaamaan J\u00e4\u00e4kausikeskukseen tullessanne aikaa seuraavasti:<\/strong><\/p><ul><li><strong>1 tunti<\/strong>\u2013 nopea tutustuminen ja kierros keskuksessa<\/li><li><strong>2 tuntia<\/strong>\u2013 perusteellisempi tutustuminen ja elokuvien katselu<\/li><li><strong>3 tuntia<\/strong>\u2013 perusteellisempi tutustuminen ja elokuvien katselu, interaktiivisiin n\u00e4yttelykohteisiin ja infotauluihin tutustuminen<\/li><\/ul><h2>Lipputiedot<\/h2><table width=\"100%\"><tbody><tr><td><strong>Normaalilippu<\/strong><\/td><td><strong>12 \u20ac<\/strong><\/td><\/tr><tr><td>Alennuslippu (lapset 5 -ik\u00e4vuodesta alkaen, koululaiset, el\u00e4kel\u00e4iset, opettajat ITIC-kortilla, vammaiset henkil\u00f6t, vakavasti vammaisen henkil\u00f6n avustaja)<\/td><td>8 \u20ac<\/td><\/tr><tr><td><strong>Perhelippu (kaksi aikuista ja 2 enint\u00e4\u00e4n 5 - 18 -vuotiasta lasta)<\/strong><\/td><td><strong>26 \u20ac<\/strong><\/td><\/tr><tr><td>Lapsille 4-vuotiaisiin asti (mukaan lukien)<\/td><td>Ilmaiseksi<\/td><\/tr><tr><td>Vakavasti vammaiset henkil\u00f6t<\/td><td>Ilmaiseksi<\/td><\/tr><tr><td>Opaspalvelu (viroksi, 20 ihmist\u00e4)<\/td><td>50 \u20ac \/ h<\/td><\/tr><tr><td>Opaspalvelu (englanniksi tai ven\u00e4j\u00e4ksi, 20 ihmist\u00e4)<\/td><td>50 \u20ac \/ h<\/td><\/tr><tr><td><p>Lauttalippu (lautta - ajelun kesto 25 min)<\/p><p>Jos osallistujia on alle 5, koko ajon hinta on 25 \u20ac.<\/p><\/td><td><p>5 \u20ac\/hl\u00f6<br>Lapsille 4-vuotiaisiin asti (mukaan lukien)<\/p><\/td><\/tr><tr><td>Lautta tilattuna (ryhm\u00e4 enint\u00e4\u00e4n 20 henke\u00e4)<\/td><td>65 \u20ac \/ h<\/td><\/tr><\/tbody><\/table><p>Meill\u00e4 voi maksaa sek\u00e4 k\u00e4teisell\u00e4 ett\u00e4 kortilla.<\/p><\/div><\/div><\/div><\/div><\/div><\/div><\/div><\/div>\n","protected":false},"excerpt":{"rendered":"J\u00e4\u00e4kausikeskus on t\u00e4ynn\u00e4 el\u00e4myksi\u00e4, odotamme teit\u00e4 vierailulle! Olemme avoinna ymp\u00e4ri vuoden! Meill\u00e4 tutustutte mammuttiin ja j\u00e4\u00e4karhuun ja opitte paljon kiinnostavaa Viron ja maailman luonnon kehittymisest\u00e4. J\u00e4\u00e4kausikeskus sopii ihanteellisesti vierailupaikaksi my\u00f6s perheille. Samoin hyvin tervetulleita ovat lasten ja nuoren ryhm\u00e4t, joille tarjoamme k\u00e4yt\u00e4nn\u00f6llisi\u00e4 opetusohjelmia.Kiinnostavan n\u00e4yttelyn lis\u00e4ksi teit\u00e4 odottaa kahvila ja maalauksellinen lautta-ajelu Saadj\u00e4rvell\u00e4!Parhaan kokemuksen saamiseksi suosittelemme&#8230; <a class=\"view-article\" href=\"https:\/\/jaaaeg.ee\/fi\/jaakausikeskuksesta\/kulastajale\/\">Lue lis\u00e4\u00e4<\/a>","protected":false},"author":1,"featured_media":18858,"parent":1449,"menu_order":348,"comment_status":"closed","ping_status":"closed","template":"template-sidebar.php","meta":{"_acf_changed":false,"ngg_post_thumbnail":0,"footnotes":""},"class_list":["post-1457","page","type-page","status-publish","has-post-thumbnail","hentry"],"acf":[],"yoast_head":"<!-- This site is optimized with the Yoast SEO plugin v27.3 - https:\/\/yoast.com\/product\/yoast-seo-wordpress\/ -->\n<title>Vierailijoille - J\u00e4\u00e4aja Keskus<\/title>\n<meta name=\"description\" content=\"Tickets, price, enterence, price, cost, Ice Age Centre tickets, family itcket, how much it costs? J\u00e4\u00e4aja Keskus\" \/>\n<meta name=\"robots\" content=\"index, follow, max-snippet:-1, max-image-preview:large, max-video-preview:-1\" \/>\n<link rel=\"canonical\" href=\"https:\/\/jaaaeg.ee\/fi\/jaakausikeskuksesta\/kulastajale\/\" \/>\n<meta property=\"og:locale\" content=\"fi_FI\" \/>\n<meta property=\"og:type\" content=\"article\" \/>\n<meta property=\"og:title\" content=\"Vierailijoille - J\u00e4\u00e4aja Keskus\" \/>\n<meta property=\"og:description\" content=\"Tickets, price, enterence, price, cost, Ice Age Centre tickets, family itcket, how much it costs? J\u00e4\u00e4aja Keskus\" \/>\n<meta property=\"og:url\" content=\"https:\/\/jaaaeg.ee\/fi\/jaakausikeskuksesta\/kulastajale\/\" \/>\n<meta property=\"og:site_name\" content=\"J\u00e4\u00e4aja Keskus\" \/>\n<meta property=\"article:publisher\" content=\"https:\/\/www.facebook.com\/JaaajaKeskus\/\" \/>\n<meta property=\"article:modified_time\" content=\"2025-04-30T07:50:41+00:00\" \/>\n<meta property=\"og:image\" content=\"https:\/\/jaaaeg.ee\/wp-content\/uploads\/2020\/10\/jaaajakeskus-DSC_9556-scaled.jpg\" \/>\n\t<meta property=\"og:image:width\" content=\"2560\" \/>\n\t<meta property=\"og:image:height\" content=\"1707\" \/>\n\t<meta property=\"og:image:type\" content=\"image\/jpeg\" \/>\n<meta name=\"twitter:card\" content=\"summary_large_image\" \/>\n<meta name=\"twitter:label1\" content=\"Arvioitu lukuaika\" \/>\n\t<meta name=\"twitter:data1\" content=\"1 minuutti\" \/>\n<script type=\"application\/ld+json\" class=\"yoast-schema-graph\">{\"@context\":\"https:\\\/\\\/schema.org\",\"@graph\":[{\"@type\":\"WebPage\",\"@id\":\"https:\\\/\\\/jaaaeg.ee\\\/fi\\\/jaakausikeskuksesta\\\/kulastajale\\\/\",\"url\":\"https:\\\/\\\/jaaaeg.ee\\\/fi\\\/jaakausikeskuksesta\\\/kulastajale\\\/\",\"name\":\"Vierailijoille - J\u00e4\u00e4aja Keskus\",\"isPartOf\":{\"@id\":\"https:\\\/\\\/jaaaeg.ee\\\/ru\\\/#website\"},\"primaryImageOfPage\":{\"@id\":\"https:\\\/\\\/jaaaeg.ee\\\/fi\\\/jaakausikeskuksesta\\\/kulastajale\\\/#primaryimage\"},\"image\":{\"@id\":\"https:\\\/\\\/jaaaeg.ee\\\/fi\\\/jaakausikeskuksesta\\\/kulastajale\\\/#primaryimage\"},\"thumbnailUrl\":\"https:\\\/\\\/jaaaeg.ee\\\/wp-content\\\/uploads\\\/2020\\\/10\\\/jaaajakeskus-DSC_9556-scaled.jpg\",\"datePublished\":\"2018-10-02T08:40:50+00:00\",\"dateModified\":\"2025-04-30T07:50:41+00:00\",\"description\":\"Tickets, price, enterence, price, cost, Ice Age Centre tickets, family itcket, how much it costs? J\u00e4\u00e4aja Keskus\",\"breadcrumb\":{\"@id\":\"https:\\\/\\\/jaaaeg.ee\\\/fi\\\/jaakausikeskuksesta\\\/kulastajale\\\/#breadcrumb\"},\"inLanguage\":\"fi\",\"potentialAction\":[{\"@type\":\"ReadAction\",\"target\":[\"https:\\\/\\\/jaaaeg.ee\\\/fi\\\/jaakausikeskuksesta\\\/kulastajale\\\/\"]}]},{\"@type\":\"ImageObject\",\"inLanguage\":\"fi\",\"@id\":\"https:\\\/\\\/jaaaeg.ee\\\/fi\\\/jaakausikeskuksesta\\\/kulastajale\\\/#primaryimage\",\"url\":\"https:\\\/\\\/jaaaeg.ee\\\/wp-content\\\/uploads\\\/2020\\\/10\\\/jaaajakeskus-DSC_9556-scaled.jpg\",\"contentUrl\":\"https:\\\/\\\/jaaaeg.ee\\\/wp-content\\\/uploads\\\/2020\\\/10\\\/jaaajakeskus-DSC_9556-scaled.jpg\",\"width\":2560,\"height\":1707,\"caption\":\"jaaajakeskus DSC 9556 scaled\"},{\"@type\":\"BreadcrumbList\",\"@id\":\"https:\\\/\\\/jaaaeg.ee\\\/fi\\\/jaakausikeskuksesta\\\/kulastajale\\\/#breadcrumb\",\"itemListElement\":[{\"@type\":\"ListItem\",\"position\":1,\"name\":\"Home\",\"item\":\"https:\\\/\\\/jaaaeg.ee\\\/fi\\\/\"},{\"@type\":\"ListItem\",\"position\":2,\"name\":\"J\u00e4\u00e4kausikeskuksesta\",\"item\":\"https:\\\/\\\/jaaaeg.ee\\\/fi\\\/jaakausikeskuksesta\\\/\"},{\"@type\":\"ListItem\",\"position\":3,\"name\":\"Vierailijoille\"}]},{\"@type\":\"WebSite\",\"@id\":\"https:\\\/\\\/jaaaeg.ee\\\/ru\\\/#website\",\"url\":\"https:\\\/\\\/jaaaeg.ee\\\/ru\\\/\",\"name\":\"J\u00e4\u00e4aja Keskus\",\"description\":\"avastamisr\u00f5\u00f5m igas vanuses k\u00fclastajatele\",\"potentialAction\":[{\"@type\":\"SearchAction\",\"target\":{\"@type\":\"EntryPoint\",\"urlTemplate\":\"https:\\\/\\\/jaaaeg.ee\\\/ru\\\/?s={search_term_string}\"},\"query-input\":{\"@type\":\"PropertyValueSpecification\",\"valueRequired\":true,\"valueName\":\"search_term_string\"}}],\"inLanguage\":\"fi\"}]}<\/script>\n<!-- \/ Yoast SEO plugin. -->","yoast_head_json":{"title":"Vierailijoille - J\u00e4\u00e4aja Keskus","description":"Tickets, price, enterence, price, cost, Ice Age Centre tickets, family itcket, how much it costs? J\u00e4\u00e4aja Keskus","robots":{"index":"index","follow":"follow","max-snippet":"max-snippet:-1","max-image-preview":"max-image-preview:large","max-video-preview":"max-video-preview:-1"},"canonical":"https:\/\/jaaaeg.ee\/fi\/jaakausikeskuksesta\/kulastajale\/","og_locale":"fi_FI","og_type":"article","og_title":"Vierailijoille - J\u00e4\u00e4aja Keskus","og_description":"Tickets, price, enterence, price, cost, Ice Age Centre tickets, family itcket, how much it costs? J\u00e4\u00e4aja Keskus","og_url":"https:\/\/jaaaeg.ee\/fi\/jaakausikeskuksesta\/kulastajale\/","og_site_name":"J\u00e4\u00e4aja Keskus","article_publisher":"https:\/\/www.facebook.com\/JaaajaKeskus\/","article_modified_time":"2025-04-30T07:50:41+00:00","og_image":[{"width":2560,"height":1707,"url":"https:\/\/jaaaeg.ee\/wp-content\/uploads\/2020\/10\/jaaajakeskus-DSC_9556-scaled.jpg","type":"image\/jpeg"}],"twitter_card":"summary_large_image","twitter_misc":{"Arvioitu lukuaika":"1 minuutti"},"schema":{"@context":"https:\/\/schema.org","@graph":[{"@type":"WebPage","@id":"https:\/\/jaaaeg.ee\/fi\/jaakausikeskuksesta\/kulastajale\/","url":"https:\/\/jaaaeg.ee\/fi\/jaakausikeskuksesta\/kulastajale\/","name":"Vierailijoille - J\u00e4\u00e4aja Keskus","isPartOf":{"@id":"https:\/\/jaaaeg.ee\/ru\/#website"},"primaryImageOfPage":{"@id":"https:\/\/jaaaeg.ee\/fi\/jaakausikeskuksesta\/kulastajale\/#primaryimage"},"image":{"@id":"https:\/\/jaaaeg.ee\/fi\/jaakausikeskuksesta\/kulastajale\/#primaryimage"},"thumbnailUrl":"https:\/\/jaaaeg.ee\/wp-content\/uploads\/2020\/10\/jaaajakeskus-DSC_9556-scaled.jpg","datePublished":"2018-10-02T08:40:50+00:00","dateModified":"2025-04-30T07:50:41+00:00","description":"Tickets, price, enterence, price, cost, Ice Age Centre tickets, family itcket, how much it costs? J\u00e4\u00e4aja Keskus","breadcrumb":{"@id":"https:\/\/jaaaeg.ee\/fi\/jaakausikeskuksesta\/kulastajale\/#breadcrumb"},"inLanguage":"fi","potentialAction":[{"@type":"ReadAction","target":["https:\/\/jaaaeg.ee\/fi\/jaakausikeskuksesta\/kulastajale\/"]}]},{"@type":"ImageObject","inLanguage":"fi","@id":"https:\/\/jaaaeg.ee\/fi\/jaakausikeskuksesta\/kulastajale\/#primaryimage","url":"https:\/\/jaaaeg.ee\/wp-content\/uploads\/2020\/10\/jaaajakeskus-DSC_9556-scaled.jpg","contentUrl":"https:\/\/jaaaeg.ee\/wp-content\/uploads\/2020\/10\/jaaajakeskus-DSC_9556-scaled.jpg","width":2560,"height":1707,"caption":"jaaajakeskus DSC 9556 scaled"},{"@type":"BreadcrumbList","@id":"https:\/\/jaaaeg.ee\/fi\/jaakausikeskuksesta\/kulastajale\/#breadcrumb","itemListElement":[{"@type":"ListItem","position":1,"name":"Home","item":"https:\/\/jaaaeg.ee\/fi\/"},{"@type":"ListItem","position":2,"name":"J\u00e4\u00e4kausikeskuksesta","item":"https:\/\/jaaaeg.ee\/fi\/jaakausikeskuksesta\/"},{"@type":"ListItem","position":3,"name":"Vierailijoille"}]},{"@type":"WebSite","@id":"https:\/\/jaaaeg.ee\/ru\/#website","url":"https:\/\/jaaaeg.ee\/ru\/","name":"J\u00e4\u00e4aja Keskus","description":"avastamisr\u00f5\u00f5m igas vanuses k\u00fclastajatele","potentialAction":[{"@type":"SearchAction","target":{"@type":"EntryPoint","urlTemplate":"https:\/\/jaaaeg.ee\/ru\/?s={search_term_string}"},"query-input":{"@type":"PropertyValueSpecification","valueRequired":true,"valueName":"search_term_string"}}],"inLanguage":"fi"}]}},"_links":{"self":[{"href":"https:\/\/jaaaeg.ee\/fi\/wp-json\/wp\/v2\/pages\/1457","targetHints":{"allow":["GET"]}}],"collection":[{"href":"https:\/\/jaaaeg.ee\/fi\/wp-json\/wp\/v2\/pages"}],"about":[{"href":"https:\/\/jaaaeg.ee\/fi\/wp-json\/wp\/v2\/types\/page"}],"author":[{"embeddable":true,"href":"https:\/\/jaaaeg.ee\/fi\/wp-json\/wp\/v2\/users\/1"}],"replies":[{"embeddable":true,"href":"https:\/\/jaaaeg.ee\/fi\/wp-json\/wp\/v2\/comments?post=1457"}],"version-history":[{"count":22,"href":"https:\/\/jaaaeg.ee\/fi\/wp-json\/wp\/v2\/pages\/1457\/revisions"}],"predecessor-version":[{"id":31204,"href":"https:\/\/jaaaeg.ee\/fi\/wp-json\/wp\/v2\/pages\/1457\/revisions\/31204"}],"up":[{"embeddable":true,"href":"https:\/\/jaaaeg.ee\/fi\/wp-json\/wp\/v2\/pages\/1449"}],"wp:featuredmedia":[{"embeddable":true,"href":"https:\/\/jaaaeg.ee\/fi\/wp-json\/wp\/v2\/media\/18858"}],"wp:attachment":[{"href":"https:\/\/jaaaeg.ee\/fi\/wp-json\/wp\/v2\/media?parent=1457"}],"curies":[{"name":"wp","href":"https:\/\/api.w.org\/{rel}","templated":true}]}}