{"id":1449,"date":"2018-10-02T11:35:41","date_gmt":"2018-10-02T08:35:41","guid":{"rendered":"http:\/\/jaaaeg.ee\/?page_id=1449"},"modified":"2021-05-05T15:43:17","modified_gmt":"2021-05-05T12:43:17","slug":"jaakausikeskuksesta","status":"publish","type":"page","link":"https:\/\/jaaaeg.ee\/fi\/jaakausikeskuksesta\/","title":{"rendered":"J\u00e4\u00e4kausikeskuksesta"},"content":{"rendered":"<div class=\"vce-row-container\" data-vce-boxed-width=\"true\"><div class=\"vce-row vce-row--col-gap-30 vce-row-content--top\" id=\"el-315162b4\" data-vce-do-apply=\"all el-315162b4\"><div class=\"vce-row-content\" data-vce-element-content=\"true\"><div class=\"vce-col vce-col--md-100p vce-col--xs-1 vce-col--xs-last vce-col--xs-first vce-col--sm-last vce-col--sm-first vce-col--md-last vce-col--lg-last vce-col--xl-last vce-col--md-first vce-col--lg-first vce-col--xl-first\" id=\"el-171af997\"><div class=\"vce-col-inner\" data-vce-do-apply=\"border margin background  el-171af997\"><div class=\"vce-col-content\" data-vce-element-content=\"true\" data-vce-do-apply=\"padding el-171af997\"><div class=\"vce-text-block\"><div class=\"vce-text-block-wrapper vce\" id=\"el-9e5ddf9c\" data-vce-do-apply=\"all el-9e5ddf9c\"><p><!--vcv no format--><\/p><div class=\"vce-row-container\"><div id=\"el-59e9a01c\" class=\"vce-row vce-row--col-gap-30 vce-row-columns--top vce-row-content--top\" data-vce-do-apply=\"all el-59e9a01c\"><div class=\"vce-row-content\" data-vce-element-content=\"true\"><div id=\"el-c0670088\" class=\"vce-col vce-col--md-100p vce-col--xs-1 vce-col--xs-last vce-col--xs-first vce-col--sm-last vce-col--sm-first vce-col--md-last vce-col--lg-last vce-col--xl-last vce-col--md-first vce-col--lg-first vce-col--xl-first\" data-vce-do-apply=\"background border el-c0670088\"><div class=\"vce-col-inner\" data-vce-element-content=\"true\" data-vce-do-apply=\"padding margin el-c0670088\"><div class=\"vce-text-block\"><div id=\"el-a1b37cc5\" class=\"vce-text-block-wrapper vce\" data-vce-do-apply=\"all el-a1b37cc5\"><p><strong>J\u00e4\u00e4kausikeskus on koko perheelle tarkoitettu j\u00e4nnitt\u00e4v\u00e4 el\u00e4myskeskus, johon odotamme vierailulle sek\u00e4 isompia ett\u00e4 pienempi\u00e4 yst\u00e4vi\u00e4. Meill\u00e4 on tarjolla l\u00f6yt\u00e4misen iloa kaikenik\u00e4isille k\u00e4vij\u00f6ille!<\/strong><\/p><p>Olemme ainutlaatuinen el\u00e4myskeskus koko Baltiassa \u2013 t\u00e4\u00e4ll\u00e4 voitte tutustua <strong>aidon kokoisiin esihistoriallisiin el\u00e4imiin<\/strong> ja kokoa el\u00e4myksellisen katsauksen siit\u00e4, miten <strong>maailman ja Viron luonto on vuosituhansien kuluessa kehittynyt.<\/strong><\/p><p><strong>Onko mammutti karvainen norsu? Milloin ihmisasutus levisi Viroon? Miten rantaviiva muuttuu ajan kuluessa? L\u00e4mpeneek\u00f6 ilmasto, vai p\u00e4invastoin kylmenee?<\/strong><\/p><p><strong>Meill\u00e4 saat tiet\u00e4\u00e4, millainen maailmankaikkeutemme kehityskulku on ollut ja mik\u00e4 meit\u00e4 odottaa tulevaisuudessa! <\/strong><\/p><p><strong>J\u00e4\u00e4kausikeskuksen n\u00e4yttely tarjoaa vierailijoille katsauksen <\/strong>j\u00e4\u00e4kauden aiheutumisen syist\u00e4 ja vaikutuksesta maapallolle, Virolle ja Vooremaalle, esittelee Viron luonnon ja ihmisasutuksen kehitystarinan viimeisimm\u00e4n j\u00e4\u00e4kauden j\u00e4lkeen sek\u00e4 ilmastonmuutosten syit\u00e4 ja niiden tutkimista.<\/p><p>Sijaitsemme Tarton maakunnassa Saadj\u00e4rven rannalla, aivan Vooremaan ytimess\u00e4, joka tunnetaan <strong>j\u00e4\u00e4ajasta ja Kalevipojan tarinoista<\/strong>.<\/p><p>Jos etsit j\u00e4nnitt\u00e4v\u00e4\u00e4 paikka, jonne Tarton maakunnassa menn\u00e4 lasten tai perheen kanssa, <strong>odotamme teit\u00e4 kyl\u00e4\u00e4n!<\/strong> Samoin tarjoamme tiloissamme mahdollisuutta j\u00e4rjest\u00e4\u00e4 konferensseja, syntym\u00e4p\u00e4iv\u00e4tilaisuuksia ja muita t\u00e4rkeit\u00e4 tapahtumia.<\/p><h2>J\u00e4\u00e4kausikeskuksen tilojen sijainti<\/h2><h3>I kerros \u2013 J\u00e4\u00e4kausi ja j\u00e4\u00e4 meid\u00e4n aikanamme<\/h3><p><img loading=\"lazy\" decoding=\"async\" width=\"300\" height=\"199\" class=\"size-medium wp-image-1452 alignleft\" src=\"https:\/\/jaaaeg.ee\/wp-content\/uploads\/2018\/09\/Picture1-300x199.png\" alt=\"\" srcset=\"https:\/\/jaaaeg.ee\/wp-content\/uploads\/2018\/09\/Picture1-300x199.png 300w, https:\/\/jaaaeg.ee\/wp-content\/uploads\/2018\/09\/Picture1-120x79.png 120w, https:\/\/jaaaeg.ee\/wp-content\/uploads\/2018\/09\/Picture1.png 468w\" sizes=\"auto, (max-width: 300px) 100vw, 300px\" \/><\/p><ul><li style=\"text-align: left;\">j\u00e4\u00e4kauden el\u00e4imet \u2013 mammutit, muinaishirvi, luolaleijona<\/li><li style=\"text-align: left;\">j\u00e4\u00e4kaudet maailmanhistorian taustalla<\/li><li style=\"text-align: left;\">ihminen j\u00e4\u00e4kaudella<\/li><li style=\"text-align: left;\">lasten j\u00e4\u00e4kauden leikkiluola<\/li><li style=\"text-align: left;\">j\u00e4\u00e4el\u00e4mykset<\/li><li style=\"text-align: left;\"><strong>ensimm\u00e4isess\u00e4 kerroksessa saatte tutustua kuuluisimpaan asukkaaseemme, mammuttiin!<\/strong><\/li><\/ul><h3>II kerros \u2013 J\u00e4\u00e4kauden j\u00e4lki\u00e4 Viron maaper\u00e4ss\u00e4<\/h3><p><img loading=\"lazy\" decoding=\"async\" width=\"300\" height=\"199\" class=\"size-medium wp-image-1453 alignleft\" src=\"https:\/\/jaaaeg.ee\/wp-content\/uploads\/2018\/09\/Picture2-300x199.png\" alt=\"\" srcset=\"https:\/\/jaaaeg.ee\/wp-content\/uploads\/2018\/09\/Picture2-300x199.png 300w, https:\/\/jaaaeg.ee\/wp-content\/uploads\/2018\/09\/Picture2-120x79.png 120w, https:\/\/jaaaeg.ee\/wp-content\/uploads\/2018\/09\/Picture2.png 468w\" sizes=\"auto, (max-width: 300px) 100vw, 300px\" \/><\/p><ul><li>j\u00e4\u00e4tik\u00f6iden perint\u00f6 maastossa<\/li><li>j\u00e4\u00e4kautta seurannut luonnon kehitystarina<\/li><li>j\u00e4\u00e4kauden j\u00e4ljet kansantaruissa<\/li><li>Vooremaa j\u00e4\u00e4kauden ulkoilmamuseona<\/li><\/ul><h3>III kerros \u2013 Riippuuko tulevaisuus meist\u00e4?<\/h3><p><img loading=\"lazy\" decoding=\"async\" width=\"300\" height=\"199\" class=\"size-medium wp-image-1454 alignleft\" src=\"https:\/\/jaaaeg.ee\/wp-content\/uploads\/2018\/09\/Picture3-300x199.png\" alt=\"\" srcset=\"https:\/\/jaaaeg.ee\/wp-content\/uploads\/2018\/09\/Picture3-300x199.png 300w, https:\/\/jaaaeg.ee\/wp-content\/uploads\/2018\/09\/Picture3-120x79.png 120w, https:\/\/jaaaeg.ee\/wp-content\/uploads\/2018\/09\/Picture3.png 468w\" sizes=\"auto, (max-width: 300px) 100vw, 300px\" \/><\/p><ul><li>s\u00e4\u00e4ntarkkailut ja ilmasto<\/li><li>tuleeko uusi j\u00e4\u00e4kausi?<\/li><li>ihmisen rooli ilmastonmuutoksessa<\/li><li>ekologinen jalanj\u00e4lki<\/li><li><strong>kolmannessa kerroksessa teit\u00e4 odottaa aidon kokoinen j\u00e4\u00e4karhu Franz<\/strong>, kyseess\u00e4 on Tallinnan el\u00e4intarhassa asunut j\u00e4\u00e4karhu Franz, joka on nyt t\u00e4ytetty.<\/li><\/ul><\/div><\/div><\/div><\/div><\/div><\/div><\/div><p><!--vcv no format--><\/p><\/div><\/div><\/div><\/div><\/div><\/div><\/div><\/div>\n","protected":false},"excerpt":{"rendered":"J\u00e4\u00e4kausikeskus on koko perheelle tarkoitettu j\u00e4nnitt\u00e4v\u00e4 el\u00e4myskeskus, johon odotamme vierailulle sek\u00e4 isompia ett\u00e4 pienempi\u00e4 yst\u00e4vi\u00e4. Meill\u00e4 on tarjolla l\u00f6yt\u00e4misen iloa kaikenik\u00e4isille k\u00e4vij\u00f6ille!Olemme ainutlaatuinen el\u00e4myskeskus koko Baltiassa \u2013 t\u00e4\u00e4ll\u00e4 voitte tutustua aidon kokoisiin esihistoriallisiin el\u00e4imiin ja kokoa el\u00e4myksellisen katsauksen siit\u00e4, miten maailman ja Viron luonto on vuosituhansien kuluessa kehittynyt.Onko mammutti karvainen norsu? Milloin ihmisasutus levisi Viroon?&#8230; <a class=\"view-article\" href=\"https:\/\/jaaaeg.ee\/fi\/jaakausikeskuksesta\/\">Lue lis\u00e4\u00e4<\/a>","protected":false},"author":1,"featured_media":1455,"parent":0,"menu_order":373,"comment_status":"closed","ping_status":"closed","template":"template-sidebar.php","meta":{"_acf_changed":false,"ngg_post_thumbnail":0,"footnotes":""},"class_list":["post-1449","page","type-page","status-publish","has-post-thumbnail","hentry"],"acf":[],"yoast_head":"<!-- This site is optimized with the Yoast SEO plugin v27.4 - https:\/\/yoast.com\/product\/yoast-seo-wordpress\/ -->\n<title>J\u00e4\u00e4kausikeskuksesta - J\u00e4\u00e4aja Keskus<\/title>\n<meta name=\"description\" content=\"J\u00e4\u00e4aja Keskus on Tartumaal asuv kogu pere m\u00f5eldud p\u00f5nev elamuskeskus, kust leiavad avastamisr\u00f5\u00f5mus igas vanuses k\u00fclastajad.\" \/>\n<meta name=\"robots\" content=\"index, follow, max-snippet:-1, max-image-preview:large, max-video-preview:-1\" \/>\n<link rel=\"canonical\" href=\"https:\/\/jaaaeg.ee\/fi\/jaakausikeskuksesta\/\" \/>\n<meta property=\"og:locale\" content=\"fi_FI\" \/>\n<meta property=\"og:type\" content=\"article\" \/>\n<meta property=\"og:title\" content=\"J\u00e4\u00e4kausikeskuksesta - J\u00e4\u00e4aja Keskus\" \/>\n<meta property=\"og:description\" content=\"J\u00e4\u00e4aja Keskus on Tartumaal asuv kogu pere m\u00f5eldud p\u00f5nev elamuskeskus, kust leiavad avastamisr\u00f5\u00f5mus igas vanuses k\u00fclastajad.\" \/>\n<meta property=\"og:url\" content=\"https:\/\/jaaaeg.ee\/fi\/jaakausikeskuksesta\/\" \/>\n<meta property=\"og:site_name\" content=\"J\u00e4\u00e4aja Keskus\" \/>\n<meta property=\"article:publisher\" content=\"https:\/\/www.facebook.com\/JaaajaKeskus\/\" \/>\n<meta property=\"article:modified_time\" content=\"2021-05-05T12:43:17+00:00\" \/>\n<meta property=\"og:image\" content=\"https:\/\/jaaaeg.ee\/wp-content\/uploads\/2018\/07\/aapl.jpg\" \/>\n\t<meta property=\"og:image:width\" content=\"4368\" \/>\n\t<meta property=\"og:image:height\" content=\"2912\" \/>\n\t<meta property=\"og:image:type\" content=\"image\/jpeg\" \/>\n<meta name=\"twitter:card\" content=\"summary_large_image\" \/>\n<meta name=\"twitter:label1\" content=\"Arvioitu lukuaika\" \/>\n\t<meta name=\"twitter:data1\" content=\"1 minuutti\" \/>\n<script type=\"application\/ld+json\" class=\"yoast-schema-graph\">{\"@context\":\"https:\\\/\\\/schema.org\",\"@graph\":[{\"@type\":\"WebPage\",\"@id\":\"https:\\\/\\\/jaaaeg.ee\\\/fi\\\/jaakausikeskuksesta\\\/\",\"url\":\"https:\\\/\\\/jaaaeg.ee\\\/fi\\\/jaakausikeskuksesta\\\/\",\"name\":\"J\u00e4\u00e4kausikeskuksesta - J\u00e4\u00e4aja Keskus\",\"isPartOf\":{\"@id\":\"https:\\\/\\\/jaaaeg.ee\\\/ru\\\/#website\"},\"primaryImageOfPage\":{\"@id\":\"https:\\\/\\\/jaaaeg.ee\\\/fi\\\/jaakausikeskuksesta\\\/#primaryimage\"},\"image\":{\"@id\":\"https:\\\/\\\/jaaaeg.ee\\\/fi\\\/jaakausikeskuksesta\\\/#primaryimage\"},\"thumbnailUrl\":\"https:\\\/\\\/jaaaeg.ee\\\/wp-content\\\/uploads\\\/2018\\\/07\\\/aapl-scaled.jpg\",\"datePublished\":\"2018-10-02T08:35:41+00:00\",\"dateModified\":\"2021-05-05T12:43:17+00:00\",\"description\":\"J\u00e4\u00e4aja Keskus on Tartumaal asuv kogu pere m\u00f5eldud p\u00f5nev elamuskeskus, kust leiavad avastamisr\u00f5\u00f5mus igas vanuses k\u00fclastajad.\",\"breadcrumb\":{\"@id\":\"https:\\\/\\\/jaaaeg.ee\\\/fi\\\/jaakausikeskuksesta\\\/#breadcrumb\"},\"inLanguage\":\"fi\",\"potentialAction\":[{\"@type\":\"ReadAction\",\"target\":[\"https:\\\/\\\/jaaaeg.ee\\\/fi\\\/jaakausikeskuksesta\\\/\"]}]},{\"@type\":\"ImageObject\",\"inLanguage\":\"fi\",\"@id\":\"https:\\\/\\\/jaaaeg.ee\\\/fi\\\/jaakausikeskuksesta\\\/#primaryimage\",\"url\":\"https:\\\/\\\/jaaaeg.ee\\\/wp-content\\\/uploads\\\/2018\\\/07\\\/aapl-scaled.jpg\",\"contentUrl\":\"https:\\\/\\\/jaaaeg.ee\\\/wp-content\\\/uploads\\\/2018\\\/07\\\/aapl-scaled.jpg\",\"width\":2560,\"height\":1707,\"caption\":\"aapl scaled\"},{\"@type\":\"BreadcrumbList\",\"@id\":\"https:\\\/\\\/jaaaeg.ee\\\/fi\\\/jaakausikeskuksesta\\\/#breadcrumb\",\"itemListElement\":[{\"@type\":\"ListItem\",\"position\":1,\"name\":\"Home\",\"item\":\"https:\\\/\\\/jaaaeg.ee\\\/fi\\\/\"},{\"@type\":\"ListItem\",\"position\":2,\"name\":\"J\u00e4\u00e4kausikeskuksesta\"}]},{\"@type\":\"WebSite\",\"@id\":\"https:\\\/\\\/jaaaeg.ee\\\/ru\\\/#website\",\"url\":\"https:\\\/\\\/jaaaeg.ee\\\/ru\\\/\",\"name\":\"J\u00e4\u00e4aja Keskus\",\"description\":\"avastamisr\u00f5\u00f5m igas vanuses k\u00fclastajatele\",\"potentialAction\":[{\"@type\":\"SearchAction\",\"target\":{\"@type\":\"EntryPoint\",\"urlTemplate\":\"https:\\\/\\\/jaaaeg.ee\\\/ru\\\/?s={search_term_string}\"},\"query-input\":{\"@type\":\"PropertyValueSpecification\",\"valueRequired\":true,\"valueName\":\"search_term_string\"}}],\"inLanguage\":\"fi\"}]}<\/script>\n<!-- \/ Yoast SEO plugin. -->","yoast_head_json":{"title":"J\u00e4\u00e4kausikeskuksesta - J\u00e4\u00e4aja Keskus","description":"J\u00e4\u00e4aja Keskus on Tartumaal asuv kogu pere m\u00f5eldud p\u00f5nev elamuskeskus, kust leiavad avastamisr\u00f5\u00f5mus igas vanuses k\u00fclastajad.","robots":{"index":"index","follow":"follow","max-snippet":"max-snippet:-1","max-image-preview":"max-image-preview:large","max-video-preview":"max-video-preview:-1"},"canonical":"https:\/\/jaaaeg.ee\/fi\/jaakausikeskuksesta\/","og_locale":"fi_FI","og_type":"article","og_title":"J\u00e4\u00e4kausikeskuksesta - J\u00e4\u00e4aja Keskus","og_description":"J\u00e4\u00e4aja Keskus on Tartumaal asuv kogu pere m\u00f5eldud p\u00f5nev elamuskeskus, kust leiavad avastamisr\u00f5\u00f5mus igas vanuses k\u00fclastajad.","og_url":"https:\/\/jaaaeg.ee\/fi\/jaakausikeskuksesta\/","og_site_name":"J\u00e4\u00e4aja Keskus","article_publisher":"https:\/\/www.facebook.com\/JaaajaKeskus\/","article_modified_time":"2021-05-05T12:43:17+00:00","og_image":[{"width":4368,"height":2912,"url":"https:\/\/jaaaeg.ee\/wp-content\/uploads\/2018\/07\/aapl.jpg","type":"image\/jpeg"}],"twitter_card":"summary_large_image","twitter_misc":{"Arvioitu lukuaika":"1 minuutti"},"schema":{"@context":"https:\/\/schema.org","@graph":[{"@type":"WebPage","@id":"https:\/\/jaaaeg.ee\/fi\/jaakausikeskuksesta\/","url":"https:\/\/jaaaeg.ee\/fi\/jaakausikeskuksesta\/","name":"J\u00e4\u00e4kausikeskuksesta - J\u00e4\u00e4aja Keskus","isPartOf":{"@id":"https:\/\/jaaaeg.ee\/ru\/#website"},"primaryImageOfPage":{"@id":"https:\/\/jaaaeg.ee\/fi\/jaakausikeskuksesta\/#primaryimage"},"image":{"@id":"https:\/\/jaaaeg.ee\/fi\/jaakausikeskuksesta\/#primaryimage"},"thumbnailUrl":"https:\/\/jaaaeg.ee\/wp-content\/uploads\/2018\/07\/aapl-scaled.jpg","datePublished":"2018-10-02T08:35:41+00:00","dateModified":"2021-05-05T12:43:17+00:00","description":"J\u00e4\u00e4aja Keskus on Tartumaal asuv kogu pere m\u00f5eldud p\u00f5nev elamuskeskus, kust leiavad avastamisr\u00f5\u00f5mus igas vanuses k\u00fclastajad.","breadcrumb":{"@id":"https:\/\/jaaaeg.ee\/fi\/jaakausikeskuksesta\/#breadcrumb"},"inLanguage":"fi","potentialAction":[{"@type":"ReadAction","target":["https:\/\/jaaaeg.ee\/fi\/jaakausikeskuksesta\/"]}]},{"@type":"ImageObject","inLanguage":"fi","@id":"https:\/\/jaaaeg.ee\/fi\/jaakausikeskuksesta\/#primaryimage","url":"https:\/\/jaaaeg.ee\/wp-content\/uploads\/2018\/07\/aapl-scaled.jpg","contentUrl":"https:\/\/jaaaeg.ee\/wp-content\/uploads\/2018\/07\/aapl-scaled.jpg","width":2560,"height":1707,"caption":"aapl scaled"},{"@type":"BreadcrumbList","@id":"https:\/\/jaaaeg.ee\/fi\/jaakausikeskuksesta\/#breadcrumb","itemListElement":[{"@type":"ListItem","position":1,"name":"Home","item":"https:\/\/jaaaeg.ee\/fi\/"},{"@type":"ListItem","position":2,"name":"J\u00e4\u00e4kausikeskuksesta"}]},{"@type":"WebSite","@id":"https:\/\/jaaaeg.ee\/ru\/#website","url":"https:\/\/jaaaeg.ee\/ru\/","name":"J\u00e4\u00e4aja Keskus","description":"avastamisr\u00f5\u00f5m igas vanuses k\u00fclastajatele","potentialAction":[{"@type":"SearchAction","target":{"@type":"EntryPoint","urlTemplate":"https:\/\/jaaaeg.ee\/ru\/?s={search_term_string}"},"query-input":{"@type":"PropertyValueSpecification","valueRequired":true,"valueName":"search_term_string"}}],"inLanguage":"fi"}]}},"_links":{"self":[{"href":"https:\/\/jaaaeg.ee\/fi\/wp-json\/wp\/v2\/pages\/1449","targetHints":{"allow":["GET"]}}],"collection":[{"href":"https:\/\/jaaaeg.ee\/fi\/wp-json\/wp\/v2\/pages"}],"about":[{"href":"https:\/\/jaaaeg.ee\/fi\/wp-json\/wp\/v2\/types\/page"}],"author":[{"embeddable":true,"href":"https:\/\/jaaaeg.ee\/fi\/wp-json\/wp\/v2\/users\/1"}],"replies":[{"embeddable":true,"href":"https:\/\/jaaaeg.ee\/fi\/wp-json\/wp\/v2\/comments?post=1449"}],"version-history":[{"count":6,"href":"https:\/\/jaaaeg.ee\/fi\/wp-json\/wp\/v2\/pages\/1449\/revisions"}],"predecessor-version":[{"id":19444,"href":"https:\/\/jaaaeg.ee\/fi\/wp-json\/wp\/v2\/pages\/1449\/revisions\/19444"}],"wp:featuredmedia":[{"embeddable":true,"href":"https:\/\/jaaaeg.ee\/fi\/wp-json\/wp\/v2\/media\/1455"}],"wp:attachment":[{"href":"https:\/\/jaaaeg.ee\/fi\/wp-json\/wp\/v2\/media?parent=1449"}],"curies":[{"name":"wp","href":"https:\/\/api.w.org\/{rel}","templated":true}]}}