{"id":27683,"date":"2018-09-21T11:29:56","date_gmt":"2018-09-21T08:29:56","guid":{"rendered":"https:\/\/jaaaeg.ee\/oppeprogramm\/uncategorized\/randkivid-eestis\/"},"modified":"2024-09-25T11:12:41","modified_gmt":"2024-09-25T08:12:41","slug":"randkivid-eestis","status":"publish","type":"product","link":"https:\/\/jaaaeg.ee\/en\/oppeprogramm\/gymna-en\/randkivid-eestis\/","title":{"rendered":"R\u00e4ndkivid Eestis"},"content":{"rendered":"<p><strong>Target group<\/strong>: 10-12. class<\/p>\n<p><strong>Duration<\/strong>: 1.5 hours<br \/>\n<strong>Place:<\/strong> Ice Age Center 1st floor and 2nd floor exposition, Ice Age Center stone park<br \/>\n<strong>Group size:<\/strong> Up to 25 students<\/p>\n<p>The participants of the program will be introduced to the growth, movement and impact of the ice glacier on the underlying surface.<\/p>\n<p>Tasks related to the theme during group work to complete the exposition on the 2nd floor of the Ice Age Center.<br \/>\nThe formation of different migratory rocks (igneous rock, metamorphic rock, sedimentary rock), their origin and migration paths are explained to the participants. Connections are made between Estonian driftwood and the location of rock layers in Northern Europe. In the Stone Park and the Ice Age Center, you will get to know the different types of rocks found in Estonia. It is explained why there are so many different rock types in Estonia. The relationship between living nature and non-living nature is treated as a separate topic.<\/p>\n<p><strong>\u00d5ppeprogrammi kirjeldus pdf formaadis:<\/strong><\/p>\n<p><a href=\"https:\/\/jaaaeg.ee\/wp-content\/uploads\/2018\/09\/OP-Randkivid-Eestis.pdf\">R\u00e4ndkivid Eestis<\/a><\/p>\n<p><a href=\"https:\/\/jaaaeg.ee\/wp-content\/uploads\/2018\/09\/\u00d5P-R\u00e4ndkivid-Eestis-ing.pdf\" rel=\"\">ENG R\u00e4ndkivid Eestis<\/a><\/p>\n<p><a href=\"https:\/\/jaaaeg.ee\/wp-content\/uploads\/2018\/09\/\u00d5P-R\u00e4ndkivid-Eestis-rus.pdf\" rel=\"\">RUS R\u00e4ndkivid Eestis<\/a><\/p>\n<p>&nbsp;<\/p>\n<p><strong>T\u00f6\u00f6lehed:<\/strong><\/p>\n<p><a href=\"https:\/\/jaaaeg.ee\/wp-content\/uploads\/2018\/09\/T\u00f6\u00f6leht-R\u00e4ndkivide-tekkimine.pdf\" rel=\"\">R\u00e4ndkivide tekkimine<\/a><\/p>\n<p><a href=\"https:\/\/jaaaeg.ee\/wp-content\/uploads\/2018\/09\/T\u00f6\u00f6leht-R\u00e4ndkivide-tekkimine_eng.pdf\" rel=\"\">ENG R\u00e4ndkivide tekkimine<\/a><\/p>\n<p><a href=\"https:\/\/jaaaeg.ee\/wp-content\/uploads\/2018\/09\/T\u00f6\u00f6leht-R\u00e4ndkivide-tekkimine_rus.pdf\" rel=\"\">RUS R\u00e4ndkivide tekkimine<\/a><\/p>\n<p>&nbsp;<\/p>\nngg_shortcode_0_placeholder\n","protected":false},"excerpt":{"rendered":"\u00d5ppeprogramm, kus tutvustatakse p\u00f5hjalikult r\u00e4ndkivide tekkimist, liikumist ning Eestis paiknevaid r\u00e4ndkive.\r\n<p style=\"text-align: left;\"><strong>Sihtr\u00fchm:<\/strong>&nbsp;10.-12. klass<a href=\"https:\/\/jaaaeg.ee\/wp-content\/uploads\/2020\/01\/0-Margis-1-150x150.png\"><img loading=\"lazy\" decoding=\"async\" width=\"150\" height=\"150\" class=\"size-thumbnail wp-image-19360 alignright\" src=\"https:\/\/jaaaeg.ee\/wp-content\/uploads\/2020\/01\/0-Margis-1-150x150.png\" alt=\"\" srcset=\"https:\/\/jaaaeg.ee\/wp-content\/uploads\/2020\/01\/0-Margis-1-150x150.png 150w, https:\/\/jaaaeg.ee\/wp-content\/uploads\/2020\/01\/0-Margis-1-300x300.png 300w, https:\/\/jaaaeg.ee\/wp-content\/uploads\/2020\/01\/0-Margis-1-100x100.png 100w, https:\/\/jaaaeg.ee\/wp-content\/uploads\/2020\/01\/0-Margis-1-600x600.png 600w, https:\/\/jaaaeg.ee\/wp-content\/uploads\/2020\/01\/0-Margis-1-700x700.png 700w, https:\/\/jaaaeg.ee\/wp-content\/uploads\/2020\/01\/0-Margis-1-768x768.png 768w, https:\/\/jaaaeg.ee\/wp-content\/uploads\/2020\/01\/0-Margis-1-120x120.png 120w, https:\/\/jaaaeg.ee\/wp-content\/uploads\/2020\/01\/0-Margis-1.png 1389w\" sizes=\"auto, (max-width: 150px) 100vw, 150px\" \/><\/a>\r\n<strong>Kestus:<\/strong> 1,5 tundi\r\n<strong>Koht:<\/strong> J\u00e4\u00e4aja Keskuse 1. korrus ja 2. korruse ekspositsioon, J\u00e4\u00e4aja Keskuse kivipark\r\n<strong>R\u00fchma suurus:&nbsp;<\/strong>kuni 25 \u00f5pilast<\/p>\r\nProgrammis osalejatele tutvustatakse j\u00e4\u00e4liustiku kasvamist, liikumist ning m\u00f5ju aluspinnale.","protected":false},"featured_media":27678,"template":"","meta":{"_acf_changed":false,"ngg_post_thumbnail":0},"product_brand":[],"product_cat":[112],"product_tag":[],"class_list":{"0":"post-27683","1":"product","2":"type-product","3":"status-publish","4":"has-post-thumbnail","6":"product_cat-gymna-en","8":"first","9":"instock","10":"shipping-taxable","11":"product-type-simple"},"acf":[],"yoast_head":"<!-- This site is optimized with the Yoast SEO plugin v27.3 - https:\/\/yoast.com\/product\/yoast-seo-wordpress\/ -->\n<title>R\u00e4ndkivid Eestis - J\u00e4\u00e4aja Keskus<\/title>\n<meta name=\"description\" content=\"Uus \u00f5ppeprogramm, kus tutvustatakse p\u00f5hjalikult r\u00e4ndkivide tekkimist, liikumist ning Eestis paiknevaid r\u00e4ndkive.\" \/>\n<meta name=\"robots\" content=\"index, follow, max-snippet:-1, max-image-preview:large, max-video-preview:-1\" \/>\n<link rel=\"canonical\" href=\"https:\/\/jaaaeg.ee\/en\/oppeprogramm\/gymna-en\/randkivid-eestis\/\" \/>\n<meta property=\"og:locale\" content=\"en_US\" \/>\n<meta property=\"og:type\" content=\"article\" \/>\n<meta property=\"og:title\" content=\"R\u00e4ndkivid Eestis - J\u00e4\u00e4aja Keskus\" \/>\n<meta property=\"og:description\" content=\"Uus \u00f5ppeprogramm, kus tutvustatakse p\u00f5hjalikult r\u00e4ndkivide tekkimist, liikumist ning Eestis paiknevaid r\u00e4ndkive.\" \/>\n<meta property=\"og:url\" content=\"https:\/\/jaaaeg.ee\/en\/oppeprogramm\/gymna-en\/randkivid-eestis\/\" \/>\n<meta property=\"og:site_name\" content=\"J\u00e4\u00e4aja Keskus\" \/>\n<meta property=\"article:publisher\" content=\"https:\/\/www.facebook.com\/JaaajaKeskus\/\" \/>\n<meta property=\"article:modified_time\" content=\"2024-09-25T08:12:41+00:00\" \/>\n<meta property=\"og:image\" content=\"https:\/\/jaaaeg.ee\/wp-content\/uploads\/2018\/09\/oppeprogrammide-vaheleht_randkivi_katrin.jpg\" \/>\n\t<meta property=\"og:image:width\" content=\"2480\" \/>\n\t<meta property=\"og:image:height\" content=\"1748\" \/>\n\t<meta property=\"og:image:type\" content=\"image\/jpeg\" \/>\n<meta name=\"twitter:card\" content=\"summary_large_image\" \/>\n<meta name=\"twitter:label1\" content=\"Est. reading time\" \/>\n\t<meta name=\"twitter:data1\" content=\"2 minutes\" \/>\n<script type=\"application\/ld+json\" class=\"yoast-schema-graph\">{\"@context\":\"https:\\\/\\\/schema.org\",\"@graph\":[{\"@type\":\"WebPage\",\"@id\":\"https:\\\/\\\/jaaaeg.ee\\\/en\\\/oppeprogramm\\\/gymna-en\\\/randkivid-eestis\\\/\",\"url\":\"https:\\\/\\\/jaaaeg.ee\\\/en\\\/oppeprogramm\\\/gymna-en\\\/randkivid-eestis\\\/\",\"name\":\"R\u00e4ndkivid Eestis - J\u00e4\u00e4aja Keskus\",\"isPartOf\":{\"@id\":\"https:\\\/\\\/jaaaeg.ee\\\/ru\\\/#website\"},\"primaryImageOfPage\":{\"@id\":\"https:\\\/\\\/jaaaeg.ee\\\/en\\\/oppeprogramm\\\/gymna-en\\\/randkivid-eestis\\\/#primaryimage\"},\"image\":{\"@id\":\"https:\\\/\\\/jaaaeg.ee\\\/en\\\/oppeprogramm\\\/gymna-en\\\/randkivid-eestis\\\/#primaryimage\"},\"thumbnailUrl\":\"https:\\\/\\\/jaaaeg.ee\\\/wp-content\\\/uploads\\\/2018\\\/09\\\/oppeprogrammide-vaheleht_randkivi_katrin.jpg\",\"datePublished\":\"2018-09-21T08:29:56+00:00\",\"dateModified\":\"2024-09-25T08:12:41+00:00\",\"description\":\"Uus \u00f5ppeprogramm, kus tutvustatakse p\u00f5hjalikult r\u00e4ndkivide tekkimist, liikumist ning Eestis paiknevaid r\u00e4ndkive.\",\"breadcrumb\":{\"@id\":\"https:\\\/\\\/jaaaeg.ee\\\/en\\\/oppeprogramm\\\/gymna-en\\\/randkivid-eestis\\\/#breadcrumb\"},\"inLanguage\":\"en-US\",\"potentialAction\":[{\"@type\":\"ReadAction\",\"target\":[\"https:\\\/\\\/jaaaeg.ee\\\/en\\\/oppeprogramm\\\/gymna-en\\\/randkivid-eestis\\\/\"]}]},{\"@type\":\"ImageObject\",\"inLanguage\":\"en-US\",\"@id\":\"https:\\\/\\\/jaaaeg.ee\\\/en\\\/oppeprogramm\\\/gymna-en\\\/randkivid-eestis\\\/#primaryimage\",\"url\":\"https:\\\/\\\/jaaaeg.ee\\\/wp-content\\\/uploads\\\/2018\\\/09\\\/oppeprogrammide-vaheleht_randkivi_katrin.jpg\",\"contentUrl\":\"https:\\\/\\\/jaaaeg.ee\\\/wp-content\\\/uploads\\\/2018\\\/09\\\/oppeprogrammide-vaheleht_randkivi_katrin.jpg\",\"width\":2480,\"height\":1748,\"caption\":\"oppeprogrammide vaheleht randkivi katrin\"},{\"@type\":\"BreadcrumbList\",\"@id\":\"https:\\\/\\\/jaaaeg.ee\\\/en\\\/oppeprogramm\\\/gymna-en\\\/randkivid-eestis\\\/#breadcrumb\",\"itemListElement\":[{\"@type\":\"ListItem\",\"position\":1,\"name\":\"Home\",\"item\":\"https:\\\/\\\/jaaaeg.ee\\\/en\\\/\"},{\"@type\":\"ListItem\",\"position\":2,\"name\":\"R\u00e4ndkivid Eestis\"}]},{\"@type\":\"WebSite\",\"@id\":\"https:\\\/\\\/jaaaeg.ee\\\/ru\\\/#website\",\"url\":\"https:\\\/\\\/jaaaeg.ee\\\/ru\\\/\",\"name\":\"J\u00e4\u00e4aja Keskus\",\"description\":\"avastamisr\u00f5\u00f5m igas vanuses k\u00fclastajatele\",\"potentialAction\":[{\"@type\":\"SearchAction\",\"target\":{\"@type\":\"EntryPoint\",\"urlTemplate\":\"https:\\\/\\\/jaaaeg.ee\\\/ru\\\/?s={search_term_string}\"},\"query-input\":{\"@type\":\"PropertyValueSpecification\",\"valueRequired\":true,\"valueName\":\"search_term_string\"}}],\"inLanguage\":\"en-US\"}]}<\/script>\n<!-- \/ Yoast SEO plugin. -->","yoast_head_json":{"title":"R\u00e4ndkivid Eestis - J\u00e4\u00e4aja Keskus","description":"Uus \u00f5ppeprogramm, kus tutvustatakse p\u00f5hjalikult r\u00e4ndkivide tekkimist, liikumist ning Eestis paiknevaid r\u00e4ndkive.","robots":{"index":"index","follow":"follow","max-snippet":"max-snippet:-1","max-image-preview":"max-image-preview:large","max-video-preview":"max-video-preview:-1"},"canonical":"https:\/\/jaaaeg.ee\/en\/oppeprogramm\/gymna-en\/randkivid-eestis\/","og_locale":"en_US","og_type":"article","og_title":"R\u00e4ndkivid Eestis - J\u00e4\u00e4aja Keskus","og_description":"Uus \u00f5ppeprogramm, kus tutvustatakse p\u00f5hjalikult r\u00e4ndkivide tekkimist, liikumist ning Eestis paiknevaid r\u00e4ndkive.","og_url":"https:\/\/jaaaeg.ee\/en\/oppeprogramm\/gymna-en\/randkivid-eestis\/","og_site_name":"J\u00e4\u00e4aja Keskus","article_publisher":"https:\/\/www.facebook.com\/JaaajaKeskus\/","article_modified_time":"2024-09-25T08:12:41+00:00","og_image":[{"width":2480,"height":1748,"url":"https:\/\/jaaaeg.ee\/wp-content\/uploads\/2018\/09\/oppeprogrammide-vaheleht_randkivi_katrin.jpg","type":"image\/jpeg"}],"twitter_card":"summary_large_image","twitter_misc":{"Est. reading time":"2 minutes"},"schema":{"@context":"https:\/\/schema.org","@graph":[{"@type":"WebPage","@id":"https:\/\/jaaaeg.ee\/en\/oppeprogramm\/gymna-en\/randkivid-eestis\/","url":"https:\/\/jaaaeg.ee\/en\/oppeprogramm\/gymna-en\/randkivid-eestis\/","name":"R\u00e4ndkivid Eestis - J\u00e4\u00e4aja Keskus","isPartOf":{"@id":"https:\/\/jaaaeg.ee\/ru\/#website"},"primaryImageOfPage":{"@id":"https:\/\/jaaaeg.ee\/en\/oppeprogramm\/gymna-en\/randkivid-eestis\/#primaryimage"},"image":{"@id":"https:\/\/jaaaeg.ee\/en\/oppeprogramm\/gymna-en\/randkivid-eestis\/#primaryimage"},"thumbnailUrl":"https:\/\/jaaaeg.ee\/wp-content\/uploads\/2018\/09\/oppeprogrammide-vaheleht_randkivi_katrin.jpg","datePublished":"2018-09-21T08:29:56+00:00","dateModified":"2024-09-25T08:12:41+00:00","description":"Uus \u00f5ppeprogramm, kus tutvustatakse p\u00f5hjalikult r\u00e4ndkivide tekkimist, liikumist ning Eestis paiknevaid r\u00e4ndkive.","breadcrumb":{"@id":"https:\/\/jaaaeg.ee\/en\/oppeprogramm\/gymna-en\/randkivid-eestis\/#breadcrumb"},"inLanguage":"en-US","potentialAction":[{"@type":"ReadAction","target":["https:\/\/jaaaeg.ee\/en\/oppeprogramm\/gymna-en\/randkivid-eestis\/"]}]},{"@type":"ImageObject","inLanguage":"en-US","@id":"https:\/\/jaaaeg.ee\/en\/oppeprogramm\/gymna-en\/randkivid-eestis\/#primaryimage","url":"https:\/\/jaaaeg.ee\/wp-content\/uploads\/2018\/09\/oppeprogrammide-vaheleht_randkivi_katrin.jpg","contentUrl":"https:\/\/jaaaeg.ee\/wp-content\/uploads\/2018\/09\/oppeprogrammide-vaheleht_randkivi_katrin.jpg","width":2480,"height":1748,"caption":"oppeprogrammide vaheleht randkivi katrin"},{"@type":"BreadcrumbList","@id":"https:\/\/jaaaeg.ee\/en\/oppeprogramm\/gymna-en\/randkivid-eestis\/#breadcrumb","itemListElement":[{"@type":"ListItem","position":1,"name":"Home","item":"https:\/\/jaaaeg.ee\/en\/"},{"@type":"ListItem","position":2,"name":"R\u00e4ndkivid Eestis"}]},{"@type":"WebSite","@id":"https:\/\/jaaaeg.ee\/ru\/#website","url":"https:\/\/jaaaeg.ee\/ru\/","name":"J\u00e4\u00e4aja Keskus","description":"avastamisr\u00f5\u00f5m igas vanuses k\u00fclastajatele","potentialAction":[{"@type":"SearchAction","target":{"@type":"EntryPoint","urlTemplate":"https:\/\/jaaaeg.ee\/ru\/?s={search_term_string}"},"query-input":{"@type":"PropertyValueSpecification","valueRequired":true,"valueName":"search_term_string"}}],"inLanguage":"en-US"}]}},"_links":{"self":[{"href":"https:\/\/jaaaeg.ee\/en\/wp-json\/wp\/v2\/product\/27683","targetHints":{"allow":["GET"]}}],"collection":[{"href":"https:\/\/jaaaeg.ee\/en\/wp-json\/wp\/v2\/product"}],"about":[{"href":"https:\/\/jaaaeg.ee\/en\/wp-json\/wp\/v2\/types\/product"}],"wp:featuredmedia":[{"embeddable":true,"href":"https:\/\/jaaaeg.ee\/en\/wp-json\/wp\/v2\/media\/27678"}],"wp:attachment":[{"href":"https:\/\/jaaaeg.ee\/en\/wp-json\/wp\/v2\/media?parent=27683"}],"wp:term":[{"taxonomy":"product_brand","embeddable":true,"href":"https:\/\/jaaaeg.ee\/en\/wp-json\/wp\/v2\/product_brand?post=27683"},{"taxonomy":"product_cat","embeddable":true,"href":"https:\/\/jaaaeg.ee\/en\/wp-json\/wp\/v2\/product_cat?post=27683"},{"taxonomy":"product_tag","embeddable":true,"href":"https:\/\/jaaaeg.ee\/en\/wp-json\/wp\/v2\/product_tag?post=27683"}],"curies":[{"name":"wp","href":"https:\/\/api.w.org\/{rel}","templated":true}]}}