{"id":25069,"date":"2018-10-16T12:31:44","date_gmt":"2018-10-16T09:31:44","guid":{"rendered":"https:\/\/jaaaeg.ee\/oppeprogramm\/uncategorized\/jarv-elukeskkonnana-parv\/"},"modified":"2026-03-04T10:35:34","modified_gmt":"2026-03-04T08:35:34","slug":"jarv-elukeskkonnana-parv","status":"publish","type":"product","link":"https:\/\/jaaaeg.ee\/en\/oppeprogramm\/the-primary-school\/jarv-elukeskkonnana-parv\/","title":{"rendered":"J\u00e4rv elukeskkonnana: uuringud parvelt"},"content":{"rendered":"<p style=\"text-align: left;\"><strong>\u00d5pime tundma j\u00e4rvede ja j\u00e4rveelustiku erip\u00e4ra. \u00d5pime tundma ning m\u00f5istma looduses toimivaid seoseid.<br \/>\n\u00d5pime n\u00e4gema j\u00e4rve enamana kui ainult veekoguna \u2013 veeressurss, toidubaas, energiaressurss, erinevad rekreatiivsed v\u00f5imalused.<\/strong><\/p>\n<p style=\"text-align: left;\"><strong>Vahendid:<br \/>\n<\/strong>T\u00f6\u00f6lehed; Kirjutamisalused ning \u2013vahendid; Kompass; Kaart; M\u00f5\u00f5dun\u00f6\u00f6r, raskus, Secchi ketas, taimekonks; Termomeetrid; Sond<\/p>\n<p><span style=\"text-decoration: underline;\"><strong>Tegevused<\/strong><\/span><\/p>\n<p><strong>Sissejuhatus, ca 10 min<\/strong><\/p>\n<p>Osalejatele tehakse sissejuhatus teemasse ning tutvustatakse tegevuskava. Korratakse \u00fcle veeohutuse peamised p\u00f5him\u00f5tted ning jagatakse p\u00e4\u00e4stevestid. Osalejad jagatakse r\u00fchmadesse.<\/p>\n<p><strong>Teema arendus, ca 70 min<\/strong><\/p>\n<p><span style=\"text-decoration: underline;\">Navigeerimine <\/span>\u2013 Saadj\u00e4rve kaldal v\u00f5i parvel, halva ilma korral \u00f5ppeklassis. T\u00f6\u00f6meetodite ja t\u00f6\u00f6vahendite tutvustus. Tutvumine kompassi ja kaardiga, ilmakaarte m\u00e4\u00e4ramine. Positsioneerime end Saadj\u00e4rve \u00fcmbruse kaardil. Vaatluspunkti j\u00f5udmiseks asimuudi kindlaks m\u00e4\u00e4ramine.<\/p>\n<p><span style=\"text-decoration: underline;\">Siseveekogud <\/span>&#8211; Siseveekogude jagunemine. J\u00e4rvede toitumine, veevahetus, j\u00e4rvevee ringlus. V\u00f5rdlus merega.<\/p>\n<p><span style=\"text-decoration: underline;\">M\u00f5\u00f5tmised parvelt <\/span>\u2013 m\u00f5\u00f5tmisvahendite ja t\u00f6\u00f6meetodite tutvustamine. Andmete kogumine j\u00e4rvel. Vee temperatuuri m\u00f5\u00f5tmine, vee s\u00fcgavuse ja l\u00e4bipaistvuse m\u00f5\u00f5tmine.<br \/>\nVee temperatuuri ja hapnikusisalduse m\u00f5\u00f5tmine erinevatelt s\u00fcgavustelt hapnikuanal\u00fcsaatoriga.<a href=\"https:\/\/jaaaeg.ee\/wp-content\/uploads\/2020\/01\/0-Margis-1-150x150.png\"><img loading=\"lazy\" decoding=\"async\" width=\"150\" height=\"150\" class=\"size-thumbnail wp-image-19360 alignright\" src=\"https:\/\/jaaaeg.ee\/wp-content\/uploads\/2020\/01\/0-Margis-1-150x150.png\" alt=\"\" srcset=\"https:\/\/jaaaeg.ee\/wp-content\/uploads\/2020\/01\/0-Margis-1-150x150.png 150w, https:\/\/jaaaeg.ee\/wp-content\/uploads\/2020\/01\/0-Margis-1-300x300.png 300w, https:\/\/jaaaeg.ee\/wp-content\/uploads\/2020\/01\/0-Margis-1-100x100.png 100w, https:\/\/jaaaeg.ee\/wp-content\/uploads\/2020\/01\/0-Margis-1-600x600.png 600w, https:\/\/jaaaeg.ee\/wp-content\/uploads\/2020\/01\/0-Margis-1-700x700.png 700w, https:\/\/jaaaeg.ee\/wp-content\/uploads\/2020\/01\/0-Margis-1-768x768.png 768w, https:\/\/jaaaeg.ee\/wp-content\/uploads\/2020\/01\/0-Margis-1-120x120.png 120w, https:\/\/jaaaeg.ee\/wp-content\/uploads\/2020\/01\/0-Margis-1.png 1389w\" sizes=\"auto, (max-width: 150px) 100vw, 150px\" \/><\/a><br \/>\nM\u00f5\u00f5tmistulemuste kandmine t\u00f6\u00f6lehele ning anal\u00fc\u00fcs.<\/p>\n<p><span style=\"text-decoration: underline;\">Taimede uurimine<\/span> \u2013 veesiseste ning kaldavees kasvavate taimede uurimine ning m\u00e4\u00e4ramistabeli abil m\u00e4\u00e4ramine. Veesiseste taimede p\u00fc\u00fcdmine j\u00e4rvest taimekonksu abil ning kaldavee taimede vaatlemine parvelt. Taimede t\u00e4htsus j\u00e4rves, seosed j\u00e4rves.<\/p>\n<p><strong>Kokkuv\u00f5te, ca 10 min<\/strong><\/p>\n<p>Kokkuv\u00f5tted tehakse parvel tagasiteel sadamasse. Kokkuv\u00f5tte k\u00e4igus korratakse \u00fcle olulisemad \u00f5ppep\u00e4eva k\u00e4igus saadud teadmised.<\/p>\n<p><strong>Kui soovite p\u00e4rast parves\u00f5itu k\u00fclastada ka J\u00e4\u00e4aja Keskust siis&nbsp; piletid teile on 50% soodsamad<\/strong><\/p>\n<p><strong>\u00d5ppeprogrammi kirjeldus pdf formaadis<\/strong>: <a href=\"https:\/\/jaaaeg.ee\/wp-content\/uploads\/2018\/10\/Jarv_elukeskkonnana_parvelt-1.pdf\">J\u00e4rv elukeskkonnana parvelt<\/a><\/p>\n<p><strong>T\u00f6\u00f6lehed: 1) <\/strong><a href=\"https:\/\/jaaaeg.ee\/wp-content\/uploads\/2018\/09\/Veeselgrootud_Saadjarvel-1.pdf\" target=\"_blank\" rel=\"noopener noreferrer\">Veeselgrootud_Saadjarvel<\/a> <strong>2)<\/strong> <a href=\"https:\/\/jaaaeg.ee\/wp-content\/uploads\/2018\/09\/Veetaimed_Saadjarvel-1.pdf\" target=\"_blank\" rel=\"noopener noreferrer\">Veetaimed_Saadjarvel<\/a> <strong>3)<\/strong> <a href=\"https:\/\/jaaaeg.ee\/wp-content\/uploads\/2018\/09\/Uurimuslik_ope_gymn.pdf\" target=\"_blank\" rel=\"noopener noreferrer\">Uurimuslik_ope_gymn&nbsp;<\/a> <strong>4)<\/strong> <a href=\"https:\/\/jaaaeg.ee\/?attachment_id=18645\" target=\"_blank\" rel=\"attachment noopener wp-att-18645 noreferrer\">Navigeeri ja m\u00f5\u00f5da (PKII, PKIII)<\/a><\/p>\n<p><strong>T\u00f6\u00f6lehed inglise keeles: 1) <\/strong><a href=\"https:\/\/jaaaeg.ee\/wp-content\/uploads\/2018\/09\/ENG_Veetaimed-Saadj\u00e4rvel-1.pdf\" rel=\"\">Veetaimed Saadj\u00e4rvel ENG&nbsp;<\/a> <strong>2)<\/strong>&nbsp;<a href=\"https:\/\/jaaaeg.ee\/wp-content\/uploads\/2018\/09\/ENG_Veeselgrootud-Saadj\u00e4rvel-1.pdf\" rel=\"\">Veeselgrootud Saadj\u00e4rvel ENG&nbsp;<\/a> <strong>3)<\/strong> <a href=\"https:\/\/jaaaeg.ee\/wp-content\/uploads\/2018\/09\/ENG_Uurimuslik-\u00f5pe-1.pdf\" rel=\"\">Uurimuslik \u00f5pe ENG&nbsp;<\/a> <strong>4)<\/strong>&nbsp;<a href=\"https:\/\/jaaaeg.ee\/wp-content\/uploads\/2018\/09\/ENG_Navigeerimine-Saadj\u00e4rvel-1.pdf\" rel=\"\">Navigeerimine Saadj\u00e4rvel ENG&nbsp;<\/a> <strong>5)<\/strong> <a href=\"https:\/\/jaaaeg.ee\/wp-content\/uploads\/2018\/09\/ENG_M\u00f5\u00f5tmised-Saadj\u00e4rvel-1.pdf\" rel=\"\">M\u00f5\u00f5tmised Saadj\u00e4rvel ENG<\/a><\/p>\n<p><strong>T\u00f6\u00f6lehed vene keeles: 1) <\/strong><a href=\"https:\/\/jaaaeg.ee\/wp-content\/uploads\/2018\/09\/RUS_Veetaimed-Saadj\u00e4rvel-1.pdf\" rel=\"\">Veetaimed Saadj\u00e4rvel RUS&nbsp;<\/a> <strong>2)<\/strong> <a href=\"https:\/\/jaaaeg.ee\/wp-content\/uploads\/2018\/09\/RUS_Veeselgrootud-Saadj\u00e4rvel-1.pdf\" rel=\"\">Veeselgrootud Saadj\u00e4rvel RUS&nbsp;<\/a> <strong>3)<\/strong> <a href=\"https:\/\/jaaaeg.ee\/wp-content\/uploads\/2018\/09\/RUS_Uurimuslik-\u00f5pe-1.pdf\" rel=\"\">Uurimuslik \u00f5pe RUS&nbsp;<\/a> <strong>4)<\/strong> <a href=\"https:\/\/jaaaeg.ee\/wp-content\/uploads\/2018\/09\/RUS_Navigeerimine-Saadj\u00e4rvel-1.pdf\" rel=\"\">Navigeerimine Saadj\u00e4rvel RUS&nbsp;<\/a> <strong>5)<\/strong> <a href=\"https:\/\/jaaaeg.ee\/wp-content\/uploads\/2018\/09\/RUS_M\u00f5\u00f5tmised-Saadj\u00e4rvel-1.pdf\" rel=\"\">M\u00f5\u00f5tmised Saadj\u00e4rvel RUS<\/a><\/p>\n<p>&nbsp;<\/p>\n<p>&nbsp;<\/p>\n","protected":false},"excerpt":{"rendered":"<strong>Sihtgrupp: <\/strong>1.-12. klass\r\n<strong>Kestus<\/strong>: 90 minutit\r\n<strong>Koht:<\/strong> J\u00e4\u00e4aja Keskus, Saadj\u00e4rv, parv\r\n<strong>R\u00fchma suurus: <\/strong>kuni 25 \u00f5pilast\r\n<strong>Hind: 7 \u20ac osaleja + kahe juhendaja tasu 100 \u20ac<\/strong>\r\n\r\n<a href=\"https:\/\/lydian.ee\/broneeri\/programmid\/jaaaeg\/jarv-elukeskkonnana-uuringud-parvelt\/\">BRONEERI<\/a>","protected":false},"featured_media":32323,"template":"","meta":{"_acf_changed":false,"ngg_post_thumbnail":0},"product_brand":[],"product_cat":[54,112,52],"product_tag":[],"class_list":{"0":"post-25069","1":"product","2":"type-product","3":"status-publish","4":"has-post-thumbnail","6":"product_cat-for-secondary-schools","7":"product_cat-gymna-en","8":"product_cat-the-primary-school","9":"product_shipping_class-parvesoit-en","11":"first","12":"instock","13":"virtual","14":"product-type-simple"},"acf":[],"yoast_head":"<!-- This site is optimized with the Yoast SEO plugin v27.3 - https:\/\/yoast.com\/product\/yoast-seo-wordpress\/ -->\n<title>J\u00e4rv elukeskkonnana: uuringud parvelt - J\u00e4\u00e4aja Keskus<\/title>\n<meta name=\"robots\" content=\"index, follow, max-snippet:-1, max-image-preview:large, max-video-preview:-1\" \/>\n<link rel=\"canonical\" href=\"https:\/\/jaaaeg.ee\/en\/oppeprogramm\/the-primary-school\/jarv-elukeskkonnana-parv\/\" \/>\n<meta property=\"og:locale\" content=\"en_US\" \/>\n<meta property=\"og:type\" content=\"article\" \/>\n<meta property=\"og:title\" content=\"J\u00e4rv elukeskkonnana: uuringud parvelt - J\u00e4\u00e4aja Keskus\" \/>\n<meta property=\"og:description\" content=\"Sihtgrupp: 1.-12. klass Kestus: 90 minutit Koht: J\u00e4\u00e4aja Keskus, Saadj\u00e4rv, parv R\u00fchma suurus: kuni 25 \u00f5pilast Hind: 7 \u20ac osaleja + kahe juhendaja tasu 100 \u20ac  BRONEERI\" \/>\n<meta property=\"og:url\" content=\"https:\/\/jaaaeg.ee\/en\/oppeprogramm\/the-primary-school\/jarv-elukeskkonnana-parv\/\" \/>\n<meta property=\"og:site_name\" content=\"J\u00e4\u00e4aja Keskus\" \/>\n<meta property=\"article:publisher\" content=\"https:\/\/www.facebook.com\/JaaajaKeskus\/\" \/>\n<meta property=\"article:modified_time\" content=\"2026-03-04T08:35:34+00:00\" \/>\n<meta property=\"og:image\" content=\"https:\/\/jaaaeg.ee\/wp-content\/uploads\/2018\/10\/Jarv-elukeskkonnana-1-700x824.png\" \/>\n\t<meta property=\"og:image:width\" content=\"700\" \/>\n\t<meta property=\"og:image:height\" content=\"824\" \/>\n\t<meta property=\"og:image:type\" content=\"image\/png\" \/>\n<meta name=\"twitter:card\" content=\"summary_large_image\" \/>\n<meta name=\"twitter:label1\" content=\"Est. reading time\" \/>\n\t<meta name=\"twitter:data1\" content=\"2 minutes\" \/>\n<script type=\"application\/ld+json\" class=\"yoast-schema-graph\">{\"@context\":\"https:\\\/\\\/schema.org\",\"@graph\":[{\"@type\":\"WebPage\",\"@id\":\"https:\\\/\\\/jaaaeg.ee\\\/en\\\/oppeprogramm\\\/the-primary-school\\\/jarv-elukeskkonnana-parv\\\/\",\"url\":\"https:\\\/\\\/jaaaeg.ee\\\/en\\\/oppeprogramm\\\/the-primary-school\\\/jarv-elukeskkonnana-parv\\\/\",\"name\":\"J\u00e4rv elukeskkonnana: uuringud parvelt - J\u00e4\u00e4aja Keskus\",\"isPartOf\":{\"@id\":\"https:\\\/\\\/jaaaeg.ee\\\/ru\\\/#website\"},\"primaryImageOfPage\":{\"@id\":\"https:\\\/\\\/jaaaeg.ee\\\/en\\\/oppeprogramm\\\/the-primary-school\\\/jarv-elukeskkonnana-parv\\\/#primaryimage\"},\"image\":{\"@id\":\"https:\\\/\\\/jaaaeg.ee\\\/en\\\/oppeprogramm\\\/the-primary-school\\\/jarv-elukeskkonnana-parv\\\/#primaryimage\"},\"thumbnailUrl\":\"https:\\\/\\\/jaaaeg.ee\\\/wp-content\\\/uploads\\\/2018\\\/10\\\/Jarv-elukeskkonnana-1.png\",\"datePublished\":\"2018-10-16T09:31:44+00:00\",\"dateModified\":\"2026-03-04T08:35:34+00:00\",\"breadcrumb\":{\"@id\":\"https:\\\/\\\/jaaaeg.ee\\\/en\\\/oppeprogramm\\\/the-primary-school\\\/jarv-elukeskkonnana-parv\\\/#breadcrumb\"},\"inLanguage\":\"en-US\",\"potentialAction\":[{\"@type\":\"ReadAction\",\"target\":[\"https:\\\/\\\/jaaaeg.ee\\\/en\\\/oppeprogramm\\\/the-primary-school\\\/jarv-elukeskkonnana-parv\\\/\"]}]},{\"@type\":\"ImageObject\",\"inLanguage\":\"en-US\",\"@id\":\"https:\\\/\\\/jaaaeg.ee\\\/en\\\/oppeprogramm\\\/the-primary-school\\\/jarv-elukeskkonnana-parv\\\/#primaryimage\",\"url\":\"https:\\\/\\\/jaaaeg.ee\\\/wp-content\\\/uploads\\\/2018\\\/10\\\/Jarv-elukeskkonnana-1.png\",\"contentUrl\":\"https:\\\/\\\/jaaaeg.ee\\\/wp-content\\\/uploads\\\/2018\\\/10\\\/Jarv-elukeskkonnana-1.png\",\"width\":1739,\"height\":2048},{\"@type\":\"BreadcrumbList\",\"@id\":\"https:\\\/\\\/jaaaeg.ee\\\/en\\\/oppeprogramm\\\/the-primary-school\\\/jarv-elukeskkonnana-parv\\\/#breadcrumb\",\"itemListElement\":[{\"@type\":\"ListItem\",\"position\":1,\"name\":\"Home\",\"item\":\"https:\\\/\\\/jaaaeg.ee\\\/en\\\/\"},{\"@type\":\"ListItem\",\"position\":2,\"name\":\"J\u00e4rv elukeskkonnana: uuringud parvelt\"}]},{\"@type\":\"WebSite\",\"@id\":\"https:\\\/\\\/jaaaeg.ee\\\/ru\\\/#website\",\"url\":\"https:\\\/\\\/jaaaeg.ee\\\/ru\\\/\",\"name\":\"J\u00e4\u00e4aja Keskus\",\"description\":\"avastamisr\u00f5\u00f5m igas vanuses k\u00fclastajatele\",\"potentialAction\":[{\"@type\":\"SearchAction\",\"target\":{\"@type\":\"EntryPoint\",\"urlTemplate\":\"https:\\\/\\\/jaaaeg.ee\\\/ru\\\/?s={search_term_string}\"},\"query-input\":{\"@type\":\"PropertyValueSpecification\",\"valueRequired\":true,\"valueName\":\"search_term_string\"}}],\"inLanguage\":\"en-US\"}]}<\/script>\n<!-- \/ Yoast SEO plugin. -->","yoast_head_json":{"title":"J\u00e4rv elukeskkonnana: uuringud parvelt - J\u00e4\u00e4aja Keskus","robots":{"index":"index","follow":"follow","max-snippet":"max-snippet:-1","max-image-preview":"max-image-preview:large","max-video-preview":"max-video-preview:-1"},"canonical":"https:\/\/jaaaeg.ee\/en\/oppeprogramm\/the-primary-school\/jarv-elukeskkonnana-parv\/","og_locale":"en_US","og_type":"article","og_title":"J\u00e4rv elukeskkonnana: uuringud parvelt - J\u00e4\u00e4aja Keskus","og_description":"Sihtgrupp: 1.-12. klass Kestus: 90 minutit Koht: J\u00e4\u00e4aja Keskus, Saadj\u00e4rv, parv R\u00fchma suurus: kuni 25 \u00f5pilast Hind: 7 \u20ac osaleja + kahe juhendaja tasu 100 \u20ac  BRONEERI","og_url":"https:\/\/jaaaeg.ee\/en\/oppeprogramm\/the-primary-school\/jarv-elukeskkonnana-parv\/","og_site_name":"J\u00e4\u00e4aja Keskus","article_publisher":"https:\/\/www.facebook.com\/JaaajaKeskus\/","article_modified_time":"2026-03-04T08:35:34+00:00","og_image":[{"width":700,"height":824,"url":"https:\/\/jaaaeg.ee\/wp-content\/uploads\/2018\/10\/Jarv-elukeskkonnana-1-700x824.png","type":"image\/png"}],"twitter_card":"summary_large_image","twitter_misc":{"Est. reading time":"2 minutes"},"schema":{"@context":"https:\/\/schema.org","@graph":[{"@type":"WebPage","@id":"https:\/\/jaaaeg.ee\/en\/oppeprogramm\/the-primary-school\/jarv-elukeskkonnana-parv\/","url":"https:\/\/jaaaeg.ee\/en\/oppeprogramm\/the-primary-school\/jarv-elukeskkonnana-parv\/","name":"J\u00e4rv elukeskkonnana: uuringud parvelt - J\u00e4\u00e4aja Keskus","isPartOf":{"@id":"https:\/\/jaaaeg.ee\/ru\/#website"},"primaryImageOfPage":{"@id":"https:\/\/jaaaeg.ee\/en\/oppeprogramm\/the-primary-school\/jarv-elukeskkonnana-parv\/#primaryimage"},"image":{"@id":"https:\/\/jaaaeg.ee\/en\/oppeprogramm\/the-primary-school\/jarv-elukeskkonnana-parv\/#primaryimage"},"thumbnailUrl":"https:\/\/jaaaeg.ee\/wp-content\/uploads\/2018\/10\/Jarv-elukeskkonnana-1.png","datePublished":"2018-10-16T09:31:44+00:00","dateModified":"2026-03-04T08:35:34+00:00","breadcrumb":{"@id":"https:\/\/jaaaeg.ee\/en\/oppeprogramm\/the-primary-school\/jarv-elukeskkonnana-parv\/#breadcrumb"},"inLanguage":"en-US","potentialAction":[{"@type":"ReadAction","target":["https:\/\/jaaaeg.ee\/en\/oppeprogramm\/the-primary-school\/jarv-elukeskkonnana-parv\/"]}]},{"@type":"ImageObject","inLanguage":"en-US","@id":"https:\/\/jaaaeg.ee\/en\/oppeprogramm\/the-primary-school\/jarv-elukeskkonnana-parv\/#primaryimage","url":"https:\/\/jaaaeg.ee\/wp-content\/uploads\/2018\/10\/Jarv-elukeskkonnana-1.png","contentUrl":"https:\/\/jaaaeg.ee\/wp-content\/uploads\/2018\/10\/Jarv-elukeskkonnana-1.png","width":1739,"height":2048},{"@type":"BreadcrumbList","@id":"https:\/\/jaaaeg.ee\/en\/oppeprogramm\/the-primary-school\/jarv-elukeskkonnana-parv\/#breadcrumb","itemListElement":[{"@type":"ListItem","position":1,"name":"Home","item":"https:\/\/jaaaeg.ee\/en\/"},{"@type":"ListItem","position":2,"name":"J\u00e4rv elukeskkonnana: uuringud parvelt"}]},{"@type":"WebSite","@id":"https:\/\/jaaaeg.ee\/ru\/#website","url":"https:\/\/jaaaeg.ee\/ru\/","name":"J\u00e4\u00e4aja Keskus","description":"avastamisr\u00f5\u00f5m igas vanuses k\u00fclastajatele","potentialAction":[{"@type":"SearchAction","target":{"@type":"EntryPoint","urlTemplate":"https:\/\/jaaaeg.ee\/ru\/?s={search_term_string}"},"query-input":{"@type":"PropertyValueSpecification","valueRequired":true,"valueName":"search_term_string"}}],"inLanguage":"en-US"}]}},"_links":{"self":[{"href":"https:\/\/jaaaeg.ee\/en\/wp-json\/wp\/v2\/product\/25069","targetHints":{"allow":["GET"]}}],"collection":[{"href":"https:\/\/jaaaeg.ee\/en\/wp-json\/wp\/v2\/product"}],"about":[{"href":"https:\/\/jaaaeg.ee\/en\/wp-json\/wp\/v2\/types\/product"}],"wp:featuredmedia":[{"embeddable":true,"href":"https:\/\/jaaaeg.ee\/en\/wp-json\/wp\/v2\/media\/32323"}],"wp:attachment":[{"href":"https:\/\/jaaaeg.ee\/en\/wp-json\/wp\/v2\/media?parent=25069"}],"wp:term":[{"taxonomy":"product_brand","embeddable":true,"href":"https:\/\/jaaaeg.ee\/en\/wp-json\/wp\/v2\/product_brand?post=25069"},{"taxonomy":"product_cat","embeddable":true,"href":"https:\/\/jaaaeg.ee\/en\/wp-json\/wp\/v2\/product_cat?post=25069"},{"taxonomy":"product_tag","embeddable":true,"href":"https:\/\/jaaaeg.ee\/en\/wp-json\/wp\/v2\/product_tag?post=25069"}],"curies":[{"name":"wp","href":"https:\/\/api.w.org\/{rel}","templated":true}]}}