{"id":1707,"date":"2018-09-21T11:29:16","date_gmt":"2018-09-21T08:29:16","guid":{"rendered":"http:\/\/jaaaeg.ee\/oppeprogramm\/ice-age-a-crucial-part-of-the-earths-development-2\/"},"modified":"2018-09-21T11:29:16","modified_gmt":"2018-09-21T08:29:16","slug":"ice-age-a-crucial-part-of-the-earths-development-2","status":"publish","type":"product","link":"https:\/\/jaaaeg.ee\/en\/oppeprogramm\/for-secondary-schools\/ice-age-a-crucial-part-of-the-earths-development-2\/","title":{"rendered":"Ice age \u2013 a crucial part of the Earth&#8217;s development"},"content":{"rendered":"<h2>J\u00e4\u00e4aeg \u2013 Maa arengu lahutamatu osa<\/h2>\n<p><strong>Eesm\u00e4rk:<\/strong><\/p>\n<ol>\n<li>Saada \u00fclevaade liustiku tekkest ning arengust;<\/li>\n<li>Saada \u00fclevaade maa arenguloost;<\/li>\n<li>Saada&nbsp;teada, et j\u00e4\u00e4ajad on maailma ajaloo lahutamatu osa, samamoodi nagu j\u00e4\u00e4vaheajadki;<\/li>\n<li>Osata seostada erinevaid s\u00fcndmusi j\u00e4\u00e4aja tekkimisega;<\/li>\n<li>Omandada teadmisi j\u00e4\u00e4aja elustiku ning inimese elutegevuse kohta.<\/li>\n<\/ol>\n<p><strong>Sihtr\u00fchm:<\/strong>&nbsp;5.-9. klass<\/p>\n<p><strong>Kestus:<\/strong>&nbsp;1,5 tundi<\/p>\n<p><strong>Koht:<\/strong> J\u00e4\u00e4aja Keskuse 1. korruse ekspositsioon<\/p>\n<p><strong>Tegevused <\/strong><\/p>\n<p><strong>Sissejuhatus <\/strong><\/p>\n<p>Osalejatele tehakse sissejuhatus teemasse ning tutvustatakse p\u00e4evakava. Osalejad jagatakse kuni 5-liikmelistesse r\u00fchmadesse. K\u00f5ikidele r\u00fchmadele tutvustatakse \u00f5ppeprogrammi k\u00e4igus kasutatavaid t\u00f6\u00f6lehti.<\/p>\n<p><strong>Teema arendus: r\u00fchmat\u00f6\u00f6d <\/strong><\/p>\n<p>Programmi k\u00e4igus tutvuvad osalejad erinevate j\u00e4\u00e4ajaga seotud teemadega, mille kohta iga r\u00fchm t\u00e4idab ka t\u00f6\u00f6lehe. Iga r\u00fchm saab korraga k\u00e4tte \u00fche t\u00f6\u00f6lehe. Kui \u00fclesanne on t\u00e4idetud, kontrollib juhendaja r\u00fchma t\u00e4idetud \u00fclesande ning annab uue. \u00dclesannete t\u00e4itmise tempo valivad r\u00fchmad ise, kuid juhendaja j\u00e4lgib, et k\u00f5ik r\u00fchmad tutvuksid k\u00f5ikide programmis ette n\u00e4htud t\u00f6\u00f6lehtedega.<\/p>\n<p><strong>Kokkuv\u00f5te <\/strong><\/p>\n<p>R\u00fchmad tutvustavad \u00fcksteisele tulemusi. Iga r\u00fchm kannab ette \u00fche teema ning teistel on v\u00f5imalus vastuseid t\u00e4iendada ning parandada. L\u00f5petuseks korratakse \u00fcle olulisemad m\u00f5isted. M\u00f5istete kordamisel v\u00f5ib juhendaja sisse tuua ka v\u00f5istlusmomendi \u2013 n\u00e4iteks toimub v\u00e4ike viktoriin.<\/p>\n<p><strong>Seos \u00f5ppekavaga <\/strong><\/p>\n<p><strong>Geograafia II kooliaste <\/strong><\/p>\n<ol start=\"2\">\n<li><strong> Planeet Maa <\/strong>\u00d5ppesisu<\/li>\n<\/ol>\n<p>&#8230;Gloobus kui Maa mudel. Maa kujutamine kaartidel. Geograafilise asendi iseloomustamine.<\/p>\n<p><strong>Geograafia III kooliaste <\/strong><\/p>\n<ol start=\"5\">\n<li><strong> Kliima <\/strong>\u00d5ppesisu<\/li>\n<\/ol>\n<p>&#8230;Ilm ja kliima. Ookeanide ja merede m\u00f5ju kliimale.<\/p>\n<ol start=\"7\">\n<li><strong> Loodusv\u00f6\u00f6ndid <\/strong><\/li>\n<\/ol>\n<p>\u00d5ppesisu<\/p>\n<p>&#8230;Looduskomponentide vastastikused seosed. J\u00e4\u00e4v\u00f6\u00f6nd.<\/p>\n<p><strong>Geograafia III kooliaste <\/strong><\/p>\n<ol start=\"2\">\n<li><strong> Geoloogia <\/strong>\u00d5ppesisu<\/li>\n<\/ol>\n<p>&#8230;Maa siseehitus. Laamad ja laamade liikumine.<\/p>\n<p><\/p>\n<p>Programmi kirjeldus pdf formaadis:<\/p>\n<p><a href=\"https:\/\/jaaaeg.ee\/wp-content\/uploads\/2018\/09\/J\u00e4\u00e4aeg-Maa-arengu-lahutamatu-osa-2-h-5.-9.kl_-1.pdf\" rel=\"\" data-mce-href=\"https:\/\/jaaaeg.ee\/wp-content\/uploads\/2018\/09\/J\u00e4\u00e4aeg-Maa-arengu-lahutamatu-osa-2-h-5.-9.kl_-1.pdf\">J\u00e4\u00e4aeg &#8211; Maa arengu lahutamatu osa 2 h 5.-9.kl<\/a><\/p>\n<p><\/p>\n<p>T\u00f6\u00f6lehed:<\/p>\n<p><a href=\"https:\/\/jaaaeg.ee\/wp-content\/uploads\/2018\/09\/Universumi_luhiajalugu_Suurest_Paugust_tanapaevani.pdf\" rel=\"\" data-mce-href=\"https:\/\/jaaaeg.ee\/wp-content\/uploads\/2018\/09\/Universumi_luhiajalugu_Suurest_Paugust_tanapaevani.pdf\">Universumi_luhiajalugu_Suurest_Paugust_tanapaevani<\/a><\/p>\n<p><a href=\"https:\/\/jaaaeg.ee\/wp-content\/uploads\/2018\/09\/Jaaajad_Maa_ajaloo_taustal.pdf\" rel=\"\" data-mce-href=\"https:\/\/jaaaeg.ee\/wp-content\/uploads\/2018\/09\/Jaaajad_Maa_ajaloo_taustal.pdf\">Jaaajad_Maa_ajaloo_taustal<\/a><\/p>\n<p><a href=\"https:\/\/jaaaeg.ee\/wp-content\/uploads\/2018\/09\/Mis_on_jaaaeg_ja_kuidas_see_kujuneb.pdf\" rel=\"\" data-mce-href=\"https:\/\/jaaaeg.ee\/wp-content\/uploads\/2018\/09\/Mis_on_jaaaeg_ja_kuidas_see_kujuneb.pdf\">Mis_on_jaaaeg_ja_kuidas_see_kujuneb<\/a><\/p>\n<p><a href=\"https:\/\/jaaaeg.ee\/wp-content\/uploads\/2018\/09\/Elustik_jaaajal_PK-I.pdf\" rel=\"\" data-mce-href=\"https:\/\/jaaaeg.ee\/wp-content\/uploads\/2018\/09\/Elustik_jaaajal_PK-I.pdf\">Elustik_jaaajal_PK I<\/a><\/p>\n<p><a href=\"https:\/\/jaaaeg.ee\/wp-content\/uploads\/2018\/09\/Elustik_jaaajal-PK-III.pdf\" rel=\"\" data-mce-href=\"https:\/\/jaaaeg.ee\/wp-content\/uploads\/2018\/09\/Elustik_jaaajal-PK-III.pdf\">Elustik_jaaajal PK III<\/a><\/p>\n<p><a href=\"https:\/\/jaaaeg.ee\/wp-content\/uploads\/2018\/09\/Loomade_bingo_PKI.pdf\" rel=\"\" data-mce-href=\"https:\/\/jaaaeg.ee\/wp-content\/uploads\/2018\/09\/Loomade_bingo_PKI.pdf\">Loomade_bingo_PKI<\/a><\/p>\n<p><a href=\"https:\/\/jaaaeg.ee\/wp-content\/uploads\/2018\/09\/Inimene-j\u00e4\u00e4ajal-PK-I-ja-II.pdf\" rel=\"\" data-mce-href=\"https:\/\/jaaaeg.ee\/wp-content\/uploads\/2018\/09\/Inimene-j\u00e4\u00e4ajal-PK-I-ja-II.pdf\">Inimene jaaajal PK I ja II<\/a><\/p>\n<p><a href=\"https:\/\/jaaaeg.ee\/wp-content\/uploads\/2018\/09\/Inimene-jaaajal-PK-III.pdf\" rel=\"\" data-mce-href=\"https:\/\/jaaaeg.ee\/wp-content\/uploads\/2018\/09\/Inimene-jaaajal-PK-III.pdf\">Inimene jaaajal PK III<\/a><\/p>\n<p><\/p>\n","protected":false},"excerpt":{"rendered":"V\u00f5imalik tellida nii inglise- kui ka vene keeles (hind: 155 EUR)","protected":false},"featured_media":26708,"template":"","meta":{"_acf_changed":false,"ngg_post_thumbnail":0},"product_brand":[],"product_cat":[54],"product_tag":[],"class_list":{"0":"post-1707","1":"product","2":"type-product","3":"status-publish","4":"has-post-thumbnail","6":"product_cat-for-secondary-schools","8":"first","9":"instock","10":"downloadable","11":"virtual","12":"product-type-simple"},"acf":[],"yoast_head":"<!-- This site is optimized with the Yoast SEO plugin v27.3 - https:\/\/yoast.com\/product\/yoast-seo-wordpress\/ -->\n<title>Ice age \u2013 a crucial part of the Earth&#039;s development - J\u00e4\u00e4aja Keskus<\/title>\n<meta name=\"robots\" content=\"index, follow, max-snippet:-1, max-image-preview:large, max-video-preview:-1\" \/>\n<link rel=\"canonical\" href=\"https:\/\/jaaaeg.ee\/en\/oppeprogramm\/for-secondary-schools\/ice-age-a-crucial-part-of-the-earths-development-2\/\" \/>\n<meta property=\"og:locale\" content=\"en_US\" \/>\n<meta property=\"og:type\" content=\"article\" \/>\n<meta property=\"og:title\" content=\"Ice age \u2013 a crucial part of the Earth&#039;s development - J\u00e4\u00e4aja Keskus\" \/>\n<meta property=\"og:description\" content=\"V\u00f5imalik tellida nii inglise- kui ka vene keeles (hind: 155 EUR)\" \/>\n<meta property=\"og:url\" content=\"https:\/\/jaaaeg.ee\/en\/oppeprogramm\/for-secondary-schools\/ice-age-a-crucial-part-of-the-earths-development-2\/\" \/>\n<meta property=\"og:site_name\" content=\"J\u00e4\u00e4aja Keskus\" \/>\n<meta property=\"article:publisher\" content=\"https:\/\/www.facebook.com\/JaaajaKeskus\/\" \/>\n<meta name=\"twitter:card\" content=\"summary_large_image\" \/>\n<meta name=\"twitter:label1\" content=\"Est. reading time\" \/>\n\t<meta name=\"twitter:data1\" content=\"2 minutes\" \/>\n<script type=\"application\/ld+json\" class=\"yoast-schema-graph\">{\"@context\":\"https:\\\/\\\/schema.org\",\"@graph\":[{\"@type\":\"WebPage\",\"@id\":\"https:\\\/\\\/jaaaeg.ee\\\/en\\\/oppeprogramm\\\/for-secondary-schools\\\/ice-age-a-crucial-part-of-the-earths-development-2\\\/\",\"url\":\"https:\\\/\\\/jaaaeg.ee\\\/en\\\/oppeprogramm\\\/for-secondary-schools\\\/ice-age-a-crucial-part-of-the-earths-development-2\\\/\",\"name\":\"Ice age \u2013 a crucial part of the Earth's development - J\u00e4\u00e4aja Keskus\",\"isPartOf\":{\"@id\":\"https:\\\/\\\/jaaaeg.ee\\\/ru\\\/#website\"},\"primaryImageOfPage\":{\"@id\":\"https:\\\/\\\/jaaaeg.ee\\\/en\\\/oppeprogramm\\\/for-secondary-schools\\\/ice-age-a-crucial-part-of-the-earths-development-2\\\/#primaryimage\"},\"image\":{\"@id\":\"https:\\\/\\\/jaaaeg.ee\\\/en\\\/oppeprogramm\\\/for-secondary-schools\\\/ice-age-a-crucial-part-of-the-earths-development-2\\\/#primaryimage\"},\"thumbnailUrl\":\"https:\\\/\\\/jaaaeg.ee\\\/wp-content\\\/uploads\\\/2018\\\/09\\\/OP_jaaaeg-maa-lahutamatu-osa.jpg\",\"datePublished\":\"2018-09-21T08:29:16+00:00\",\"breadcrumb\":{\"@id\":\"https:\\\/\\\/jaaaeg.ee\\\/en\\\/oppeprogramm\\\/for-secondary-schools\\\/ice-age-a-crucial-part-of-the-earths-development-2\\\/#breadcrumb\"},\"inLanguage\":\"en-US\",\"potentialAction\":[{\"@type\":\"ReadAction\",\"target\":[\"https:\\\/\\\/jaaaeg.ee\\\/en\\\/oppeprogramm\\\/for-secondary-schools\\\/ice-age-a-crucial-part-of-the-earths-development-2\\\/\"]}]},{\"@type\":\"ImageObject\",\"inLanguage\":\"en-US\",\"@id\":\"https:\\\/\\\/jaaaeg.ee\\\/en\\\/oppeprogramm\\\/for-secondary-schools\\\/ice-age-a-crucial-part-of-the-earths-development-2\\\/#primaryimage\",\"url\":\"https:\\\/\\\/jaaaeg.ee\\\/wp-content\\\/uploads\\\/2018\\\/09\\\/OP_jaaaeg-maa-lahutamatu-osa.jpg\",\"contentUrl\":\"https:\\\/\\\/jaaaeg.ee\\\/wp-content\\\/uploads\\\/2018\\\/09\\\/OP_jaaaeg-maa-lahutamatu-osa.jpg\",\"width\":\"2480\",\"height\":\"1748\",\"caption\":\"OP jaaaeg maa lahutamatu osa\"},{\"@type\":\"BreadcrumbList\",\"@id\":\"https:\\\/\\\/jaaaeg.ee\\\/en\\\/oppeprogramm\\\/for-secondary-schools\\\/ice-age-a-crucial-part-of-the-earths-development-2\\\/#breadcrumb\",\"itemListElement\":[{\"@type\":\"ListItem\",\"position\":1,\"name\":\"Home\",\"item\":\"https:\\\/\\\/jaaaeg.ee\\\/en\\\/\"},{\"@type\":\"ListItem\",\"position\":2,\"name\":\"Ice age \u2013 a crucial part of the Earth&#8217;s development\"}]},{\"@type\":\"WebSite\",\"@id\":\"https:\\\/\\\/jaaaeg.ee\\\/ru\\\/#website\",\"url\":\"https:\\\/\\\/jaaaeg.ee\\\/ru\\\/\",\"name\":\"J\u00e4\u00e4aja Keskus\",\"description\":\"avastamisr\u00f5\u00f5m igas vanuses k\u00fclastajatele\",\"potentialAction\":[{\"@type\":\"SearchAction\",\"target\":{\"@type\":\"EntryPoint\",\"urlTemplate\":\"https:\\\/\\\/jaaaeg.ee\\\/ru\\\/?s={search_term_string}\"},\"query-input\":{\"@type\":\"PropertyValueSpecification\",\"valueRequired\":true,\"valueName\":\"search_term_string\"}}],\"inLanguage\":\"en-US\"}]}<\/script>\n<!-- \/ Yoast SEO plugin. -->","yoast_head_json":{"title":"Ice age \u2013 a crucial part of the Earth's development - J\u00e4\u00e4aja Keskus","robots":{"index":"index","follow":"follow","max-snippet":"max-snippet:-1","max-image-preview":"max-image-preview:large","max-video-preview":"max-video-preview:-1"},"canonical":"https:\/\/jaaaeg.ee\/en\/oppeprogramm\/for-secondary-schools\/ice-age-a-crucial-part-of-the-earths-development-2\/","og_locale":"en_US","og_type":"article","og_title":"Ice age \u2013 a crucial part of the Earth's development - J\u00e4\u00e4aja Keskus","og_description":"V\u00f5imalik tellida nii inglise- kui ka vene keeles (hind: 155 EUR)","og_url":"https:\/\/jaaaeg.ee\/en\/oppeprogramm\/for-secondary-schools\/ice-age-a-crucial-part-of-the-earths-development-2\/","og_site_name":"J\u00e4\u00e4aja Keskus","article_publisher":"https:\/\/www.facebook.com\/JaaajaKeskus\/","twitter_card":"summary_large_image","twitter_misc":{"Est. reading time":"2 minutes"},"schema":{"@context":"https:\/\/schema.org","@graph":[{"@type":"WebPage","@id":"https:\/\/jaaaeg.ee\/en\/oppeprogramm\/for-secondary-schools\/ice-age-a-crucial-part-of-the-earths-development-2\/","url":"https:\/\/jaaaeg.ee\/en\/oppeprogramm\/for-secondary-schools\/ice-age-a-crucial-part-of-the-earths-development-2\/","name":"Ice age \u2013 a crucial part of the Earth's development - J\u00e4\u00e4aja Keskus","isPartOf":{"@id":"https:\/\/jaaaeg.ee\/ru\/#website"},"primaryImageOfPage":{"@id":"https:\/\/jaaaeg.ee\/en\/oppeprogramm\/for-secondary-schools\/ice-age-a-crucial-part-of-the-earths-development-2\/#primaryimage"},"image":{"@id":"https:\/\/jaaaeg.ee\/en\/oppeprogramm\/for-secondary-schools\/ice-age-a-crucial-part-of-the-earths-development-2\/#primaryimage"},"thumbnailUrl":"https:\/\/jaaaeg.ee\/wp-content\/uploads\/2018\/09\/OP_jaaaeg-maa-lahutamatu-osa.jpg","datePublished":"2018-09-21T08:29:16+00:00","breadcrumb":{"@id":"https:\/\/jaaaeg.ee\/en\/oppeprogramm\/for-secondary-schools\/ice-age-a-crucial-part-of-the-earths-development-2\/#breadcrumb"},"inLanguage":"en-US","potentialAction":[{"@type":"ReadAction","target":["https:\/\/jaaaeg.ee\/en\/oppeprogramm\/for-secondary-schools\/ice-age-a-crucial-part-of-the-earths-development-2\/"]}]},{"@type":"ImageObject","inLanguage":"en-US","@id":"https:\/\/jaaaeg.ee\/en\/oppeprogramm\/for-secondary-schools\/ice-age-a-crucial-part-of-the-earths-development-2\/#primaryimage","url":"https:\/\/jaaaeg.ee\/wp-content\/uploads\/2018\/09\/OP_jaaaeg-maa-lahutamatu-osa.jpg","contentUrl":"https:\/\/jaaaeg.ee\/wp-content\/uploads\/2018\/09\/OP_jaaaeg-maa-lahutamatu-osa.jpg","width":"2480","height":"1748","caption":"OP jaaaeg maa lahutamatu osa"},{"@type":"BreadcrumbList","@id":"https:\/\/jaaaeg.ee\/en\/oppeprogramm\/for-secondary-schools\/ice-age-a-crucial-part-of-the-earths-development-2\/#breadcrumb","itemListElement":[{"@type":"ListItem","position":1,"name":"Home","item":"https:\/\/jaaaeg.ee\/en\/"},{"@type":"ListItem","position":2,"name":"Ice age \u2013 a crucial part of the Earth&#8217;s development"}]},{"@type":"WebSite","@id":"https:\/\/jaaaeg.ee\/ru\/#website","url":"https:\/\/jaaaeg.ee\/ru\/","name":"J\u00e4\u00e4aja Keskus","description":"avastamisr\u00f5\u00f5m igas vanuses k\u00fclastajatele","potentialAction":[{"@type":"SearchAction","target":{"@type":"EntryPoint","urlTemplate":"https:\/\/jaaaeg.ee\/ru\/?s={search_term_string}"},"query-input":{"@type":"PropertyValueSpecification","valueRequired":true,"valueName":"search_term_string"}}],"inLanguage":"en-US"}]}},"_links":{"self":[{"href":"https:\/\/jaaaeg.ee\/en\/wp-json\/wp\/v2\/product\/1707","targetHints":{"allow":["GET"]}}],"collection":[{"href":"https:\/\/jaaaeg.ee\/en\/wp-json\/wp\/v2\/product"}],"about":[{"href":"https:\/\/jaaaeg.ee\/en\/wp-json\/wp\/v2\/types\/product"}],"wp:featuredmedia":[{"embeddable":true,"href":"https:\/\/jaaaeg.ee\/en\/wp-json\/wp\/v2\/media\/26708"}],"wp:attachment":[{"href":"https:\/\/jaaaeg.ee\/en\/wp-json\/wp\/v2\/media?parent=1707"}],"wp:term":[{"taxonomy":"product_brand","embeddable":true,"href":"https:\/\/jaaaeg.ee\/en\/wp-json\/wp\/v2\/product_brand?post=1707"},{"taxonomy":"product_cat","embeddable":true,"href":"https:\/\/jaaaeg.ee\/en\/wp-json\/wp\/v2\/product_cat?post=1707"},{"taxonomy":"product_tag","embeddable":true,"href":"https:\/\/jaaaeg.ee\/en\/wp-json\/wp\/v2\/product_tag?post=1707"}],"curies":[{"name":"wp","href":"https:\/\/api.w.org\/{rel}","templated":true}]}}