{"id":1705,"date":"2018-09-21T11:29:25","date_gmt":"2018-09-21T08:29:25","guid":{"rendered":"http:\/\/jaaaeg.ee\/oppeprogramm\/the-legacy-of-glaciers-on-the-estonian-soil\/"},"modified":"2018-09-21T11:29:25","modified_gmt":"2018-09-21T08:29:25","slug":"the-legacy-of-glaciers-on-the-estonian-soil","status":"publish","type":"product","link":"https:\/\/jaaaeg.ee\/en\/oppeprogramm\/for-secondary-schools\/the-legacy-of-glaciers-on-the-estonian-soil\/","title":{"rendered":"The legacy of glaciers on the Estonian soil"},"content":{"rendered":"<h2>Liustike p\u00e4randus Eestimaa pinnal<\/h2>\n<p><strong>Eesm\u00e4rk:\u00a0<\/strong><\/p>\n<p>1. M\u00f5ista\u00a0j\u00e4\u00e4aegade vaheldumise ts\u00fcklit Maal<\/p>\n<p>2. M\u00f5ista liustike h\u00e4vitavat, kulutavat ja transportivat m\u00f5ju loodusele.<\/p>\n<p>3. M\u00f5ista juhtr\u00e4ndkivide teooriat.<\/p>\n<p>4. Omanda\u00a0teadmisi mandrij\u00e4\u00e4tekkelistest setetest ja pinnavormidest ning\u00a0neid kujundanud protsessidest Eesti territooriumil.<\/p>\n<p>5. Saada\u00a0muuseumiekspositsioonist teabe leidmise, l\u00fchikeste esitluste\u00a0s\u00f5nastamise ja nende ettekandmise kogemusi.<\/p>\n<p><strong>Sihtr\u00fchm:<\/strong>\u00a06.-9. klass<\/p>\n<p><strong>Kestus<\/strong>: 1,5 tundi<\/p>\n<p><strong>Koht: <\/strong>J\u00e4\u00e4aja Keskuse 2. korruse ekspositsioon<\/p>\n<p><strong>Tegevused<\/strong><br \/>\n<strong>Sissejuhatus<\/strong><\/p>\n<p>\u00d5pilastele tutvustatakse programmi eesm\u00e4rki, ajakava ja tegevuste korraldust. \u00d5pilased jagatakse nelja r\u00fchma. R\u00fchmadesse jagamisel v\u00f5ib kasutada erinevatest\u00a0 kivimit\u00fc\u00fcpidest koosnevaid kive, liustikusetete v\u00f5i pinnavormide nimetusi.<\/p>\n<p><strong>Teema arendus: r\u00fchmat\u00f6\u00f6d<\/strong><\/p>\n<p>Programmi k\u00e4igus tutvuvad r\u00fchmad kuni nelja erineva teemaga: <em>R\u00e4ndrahnud ja juhtr\u00e4ndkivid; Liustikusetted; Pinnavormid; Vooremaa voored.<\/em> Teemade kohta on koostatud \u00fclesannetega t\u00f6\u00f6lehed. Iga r\u00fchm saab korraga \u00fche neljast teemast (t\u00f6\u00f6lehest). Kui \u00fclesanne on sooritatud (t\u00f6\u00f6leht t\u00e4idetud), kontrollib juhendaja sooritust ning annab r\u00fchmale uue \u00fclesande.<\/p>\n<p>Programmi k\u00e4igus v\u00f5ib kasutada v\u00f5istlusmomenti: kes k\u00f5ige rohkem ja k\u00f5ige paremini \u00fclesandeid sooritab.<\/p>\n<p><strong>Kokkuv\u00f5te<\/strong><\/p>\n<p>R\u00fchmad tutvustavad \u00fcksteisele tulemusi. Iga r\u00fchm esitleb \u00fchte teemat, teised t\u00e4iendavad\/parandavad oma vastuseid. L\u00f5petuseks viib juhendaja l\u00e4bi kokkuv\u00f5tliku m\u00e4ngu esitades k\u00f5igi teemade kohta v\u00e4iteid, mis v\u00f5ivad olla nii valed kui ka \u00f5iged. \u00d5ige v\u00e4ite korral t\u00f5stavad \u00f5pilased parema ja vale puhul vasaku k\u00e4e.<\/p>\n<p>N\u00e4iteid v\u00e4idetest:<\/p>\n<ol>\n<li>Mandrij\u00e4\u00e4 korduval sulamisel ja pealetungil kuhjusid liustikuserva ette piklikud vallid, mida nimetatakse m\u00f5hnadeks.<\/li>\n<li>Voored on aktiivse j\u00e4\u00e4 poolt kujundatud pinnavormid.<\/li>\n<li>Liustikuj\u00f5e kuhjeline pinnavorm, mis koosneb kruusast ja veeristest on oos.<\/li>\n<li>K\u00f5ik juhtr\u00e4ndkivid on p\u00e4rit Soomest.<\/li>\n<\/ol>\n<p><strong>Seos \u00f5ppekavaga <\/strong><\/p>\n<p><strong>Geograafia<\/strong><\/p>\n<ol start=\"3\">\n<li><strong><em> Pinnamood <\/em><\/strong><\/li>\n<\/ol>\n<p><strong><em>\u00d5pitulemused <\/em><\/strong><\/p>\n<p><em>\u00d5pilane: <\/em><\/p>\n<ul>\n<li><em>on omandanud \u00fclevaate maailma m\u00e4gisema ja tasasema reljeefiga piirkondadest, nimetab ning leiab kaardil m\u00e4estikud, m\u00e4gismaad, k\u00f5rgemad tipud ja tasandikud (kiltmaad, lauskmaad, madalikud, alamikud); <\/em><\/li>\n<li><em>iseloomustab suurem\u00f5\u00f5tkavalise kaardi j\u00e4rgi pinnavorme ja pinnamoodi; <\/em><\/li>\n<li><em>iseloomustab piltide, jooniste ja kaardi j\u00e4rgi etteantud koha pinnamoodi ning pinnavorme; 4) kirjeldab joonise ja kaardi j\u00e4rgi maailmamere p\u00f5hjareljeefi ning seostab ookeani keskaheliku ja s\u00fcvikute paiknemise laamade liikumisega; <\/em><\/li>\n<li><em>toob n\u00e4iteid pinnavormide ja pinnamoe muutumisest erinevate tegurite (murenemise, tuule, vee, inimtegevuse) toimel; <\/em><\/li>\n<li><em>toob n\u00e4iteid inimeste elu ja majandustegevuse kohta m\u00e4gistel ja tasastel aladel, m\u00e4gedes liikumisega kaasnevatest riskidest ning nende v\u00e4ltimise v\u00f5imalustest. <\/em><\/li>\n<\/ul>\n<p><strong><em>\u00d5ppesisu <\/em><\/strong><\/p>\n<p><em>Pinnavormid ja pinnamood. Pinnamoe kujutamine kaartidel. M\u00e4estikud ja m\u00e4gismaad. Inimese elu ja majandustegevus m\u00e4gise pinnamoega aladel. Tasandikud. Inimese elu ja majandustegevus tasase pinnamoega aladel. Maailmamere p\u00f5hjareljeef. Pinnamoe ja pinnavormide muutumine aja jooksul. <\/em><\/p>\n<p>Programmi kirjeldus pdf formaadis:<\/p>\n<p><a href=\"https:\/\/jaaaeg.ee\/wp-content\/uploads\/2018\/09\/Liustike-parandus-Eestimaa-pinnal_6-9kl_15h_25.01.2017.pdf\" rel=\"\">Liustike parandus Eestimaa pinnal 6-9kl<\/a><\/p>\n<p>&nbsp;<\/p>\n<p>T\u00f6\u00f6lehed:<\/p>\n<p><a href=\"https:\/\/jaaaeg.ee\/wp-content\/uploads\/2018\/09\/R\u00e4ndrahnud.pdf\" rel=\"\">R\u00e4ndrahnud<\/a><\/p>\n<p><a href=\"https:\/\/jaaaeg.ee\/wp-content\/uploads\/2018\/09\/Sorteerime-liustikesetteid.pdf\" rel=\"\">Sorteerime liustikesetteid<\/a><\/p>\n<p><a href=\"https:\/\/jaaaeg.ee\/wp-content\/uploads\/2018\/09\/Liustike-p\u00e4randus_M\u00e4ed-k\u00fcnkad-n\u00f5lvakud-1.pdf\" rel=\"\">M\u00e4ed, k\u00fcnkad, n\u00f5lvakud EST<\/a><\/p>\n<p><a href=\"https:\/\/jaaaeg.ee\/wp-content\/uploads\/2018\/09\/M\u00e4ed-k\u00fcnkad-n\u00f5lvakud-RUS.pdf\" rel=\"\">M\u00e4ed, k\u00fcnkad, n\u00f5lvakud RUS<\/a><\/p>\n<p><a href=\"https:\/\/jaaaeg.ee\/wp-content\/uploads\/2018\/09\/M\u00e4ed-k\u00fcnkad-n\u00f5lvakud-ENG.pdf\" rel=\"\">M\u00e4ed k\u00fcnkad n\u00f5lvakud ENG<\/a><\/p>\n<p>&nbsp;<\/p>\n","protected":false},"excerpt":{"rendered":"V\u00f5imalik tellida ka vene keeles (155 EUR)","protected":false},"featured_media":27699,"template":"","meta":{"_acf_changed":false,"ngg_post_thumbnail":0},"product_brand":[],"product_cat":[54],"product_tag":[],"class_list":{"0":"post-1705","1":"product","2":"type-product","3":"status-publish","4":"has-post-thumbnail","6":"product_cat-for-secondary-schools","8":"first","9":"instock","10":"downloadable","11":"virtual","12":"product-type-simple"},"acf":[],"yoast_head":"<!-- This site is optimized with the Yoast SEO plugin v27.3 - https:\/\/yoast.com\/product\/yoast-seo-wordpress\/ -->\n<title>The legacy of glaciers on the Estonian soil - J\u00e4\u00e4aja Keskus<\/title>\n<meta name=\"robots\" content=\"index, follow, max-snippet:-1, max-image-preview:large, max-video-preview:-1\" \/>\n<link rel=\"canonical\" href=\"https:\/\/jaaaeg.ee\/en\/oppeprogramm\/for-secondary-schools\/the-legacy-of-glaciers-on-the-estonian-soil\/\" \/>\n<meta property=\"og:locale\" content=\"en_US\" \/>\n<meta property=\"og:type\" content=\"article\" \/>\n<meta property=\"og:title\" content=\"The legacy of glaciers on the Estonian soil - J\u00e4\u00e4aja Keskus\" \/>\n<meta property=\"og:description\" content=\"V\u00f5imalik tellida ka vene keeles (155 EUR)\" \/>\n<meta property=\"og:url\" content=\"https:\/\/jaaaeg.ee\/en\/oppeprogramm\/for-secondary-schools\/the-legacy-of-glaciers-on-the-estonian-soil\/\" \/>\n<meta property=\"og:site_name\" content=\"J\u00e4\u00e4aja Keskus\" \/>\n<meta property=\"article:publisher\" content=\"https:\/\/www.facebook.com\/JaaajaKeskus\/\" \/>\n<meta name=\"twitter:card\" content=\"summary_large_image\" \/>\n<meta name=\"twitter:label1\" content=\"Est. reading time\" \/>\n\t<meta name=\"twitter:data1\" content=\"2 minutes\" \/>\n<script type=\"application\/ld+json\" class=\"yoast-schema-graph\">{\"@context\":\"https:\\\/\\\/schema.org\",\"@graph\":[{\"@type\":\"WebPage\",\"@id\":\"https:\\\/\\\/jaaaeg.ee\\\/en\\\/oppeprogramm\\\/for-secondary-schools\\\/the-legacy-of-glaciers-on-the-estonian-soil\\\/\",\"url\":\"https:\\\/\\\/jaaaeg.ee\\\/en\\\/oppeprogramm\\\/for-secondary-schools\\\/the-legacy-of-glaciers-on-the-estonian-soil\\\/\",\"name\":\"The legacy of glaciers on the Estonian soil - J\u00e4\u00e4aja Keskus\",\"isPartOf\":{\"@id\":\"https:\\\/\\\/jaaaeg.ee\\\/ru\\\/#website\"},\"primaryImageOfPage\":{\"@id\":\"https:\\\/\\\/jaaaeg.ee\\\/en\\\/oppeprogramm\\\/for-secondary-schools\\\/the-legacy-of-glaciers-on-the-estonian-soil\\\/#primaryimage\"},\"image\":{\"@id\":\"https:\\\/\\\/jaaaeg.ee\\\/en\\\/oppeprogramm\\\/for-secondary-schools\\\/the-legacy-of-glaciers-on-the-estonian-soil\\\/#primaryimage\"},\"thumbnailUrl\":\"https:\\\/\\\/jaaaeg.ee\\\/wp-content\\\/uploads\\\/2018\\\/09\\\/oppeprogrammide-vaheleht_randkivide-varviline-maailm.jpg\",\"datePublished\":\"2018-09-21T08:29:25+00:00\",\"breadcrumb\":{\"@id\":\"https:\\\/\\\/jaaaeg.ee\\\/en\\\/oppeprogramm\\\/for-secondary-schools\\\/the-legacy-of-glaciers-on-the-estonian-soil\\\/#breadcrumb\"},\"inLanguage\":\"en-US\",\"potentialAction\":[{\"@type\":\"ReadAction\",\"target\":[\"https:\\\/\\\/jaaaeg.ee\\\/en\\\/oppeprogramm\\\/for-secondary-schools\\\/the-legacy-of-glaciers-on-the-estonian-soil\\\/\"]}]},{\"@type\":\"ImageObject\",\"inLanguage\":\"en-US\",\"@id\":\"https:\\\/\\\/jaaaeg.ee\\\/en\\\/oppeprogramm\\\/for-secondary-schools\\\/the-legacy-of-glaciers-on-the-estonian-soil\\\/#primaryimage\",\"url\":\"https:\\\/\\\/jaaaeg.ee\\\/wp-content\\\/uploads\\\/2018\\\/09\\\/oppeprogrammide-vaheleht_randkivide-varviline-maailm.jpg\",\"contentUrl\":\"https:\\\/\\\/jaaaeg.ee\\\/wp-content\\\/uploads\\\/2018\\\/09\\\/oppeprogrammide-vaheleht_randkivide-varviline-maailm.jpg\",\"width\":2480,\"height\":1748,\"caption\":\"oppeprogrammide vaheleht randkivide varviline maailm\"},{\"@type\":\"BreadcrumbList\",\"@id\":\"https:\\\/\\\/jaaaeg.ee\\\/en\\\/oppeprogramm\\\/for-secondary-schools\\\/the-legacy-of-glaciers-on-the-estonian-soil\\\/#breadcrumb\",\"itemListElement\":[{\"@type\":\"ListItem\",\"position\":1,\"name\":\"Home\",\"item\":\"https:\\\/\\\/jaaaeg.ee\\\/en\\\/\"},{\"@type\":\"ListItem\",\"position\":2,\"name\":\"The legacy of glaciers on the Estonian soil\"}]},{\"@type\":\"WebSite\",\"@id\":\"https:\\\/\\\/jaaaeg.ee\\\/ru\\\/#website\",\"url\":\"https:\\\/\\\/jaaaeg.ee\\\/ru\\\/\",\"name\":\"J\u00e4\u00e4aja Keskus\",\"description\":\"avastamisr\u00f5\u00f5m igas vanuses k\u00fclastajatele\",\"potentialAction\":[{\"@type\":\"SearchAction\",\"target\":{\"@type\":\"EntryPoint\",\"urlTemplate\":\"https:\\\/\\\/jaaaeg.ee\\\/ru\\\/?s={search_term_string}\"},\"query-input\":{\"@type\":\"PropertyValueSpecification\",\"valueRequired\":true,\"valueName\":\"search_term_string\"}}],\"inLanguage\":\"en-US\"}]}<\/script>\n<!-- \/ Yoast SEO plugin. -->","yoast_head_json":{"title":"The legacy of glaciers on the Estonian soil - J\u00e4\u00e4aja Keskus","robots":{"index":"index","follow":"follow","max-snippet":"max-snippet:-1","max-image-preview":"max-image-preview:large","max-video-preview":"max-video-preview:-1"},"canonical":"https:\/\/jaaaeg.ee\/en\/oppeprogramm\/for-secondary-schools\/the-legacy-of-glaciers-on-the-estonian-soil\/","og_locale":"en_US","og_type":"article","og_title":"The legacy of glaciers on the Estonian soil - J\u00e4\u00e4aja Keskus","og_description":"V\u00f5imalik tellida ka vene keeles (155 EUR)","og_url":"https:\/\/jaaaeg.ee\/en\/oppeprogramm\/for-secondary-schools\/the-legacy-of-glaciers-on-the-estonian-soil\/","og_site_name":"J\u00e4\u00e4aja Keskus","article_publisher":"https:\/\/www.facebook.com\/JaaajaKeskus\/","twitter_card":"summary_large_image","twitter_misc":{"Est. reading time":"2 minutes"},"schema":{"@context":"https:\/\/schema.org","@graph":[{"@type":"WebPage","@id":"https:\/\/jaaaeg.ee\/en\/oppeprogramm\/for-secondary-schools\/the-legacy-of-glaciers-on-the-estonian-soil\/","url":"https:\/\/jaaaeg.ee\/en\/oppeprogramm\/for-secondary-schools\/the-legacy-of-glaciers-on-the-estonian-soil\/","name":"The legacy of glaciers on the Estonian soil - J\u00e4\u00e4aja Keskus","isPartOf":{"@id":"https:\/\/jaaaeg.ee\/ru\/#website"},"primaryImageOfPage":{"@id":"https:\/\/jaaaeg.ee\/en\/oppeprogramm\/for-secondary-schools\/the-legacy-of-glaciers-on-the-estonian-soil\/#primaryimage"},"image":{"@id":"https:\/\/jaaaeg.ee\/en\/oppeprogramm\/for-secondary-schools\/the-legacy-of-glaciers-on-the-estonian-soil\/#primaryimage"},"thumbnailUrl":"https:\/\/jaaaeg.ee\/wp-content\/uploads\/2018\/09\/oppeprogrammide-vaheleht_randkivide-varviline-maailm.jpg","datePublished":"2018-09-21T08:29:25+00:00","breadcrumb":{"@id":"https:\/\/jaaaeg.ee\/en\/oppeprogramm\/for-secondary-schools\/the-legacy-of-glaciers-on-the-estonian-soil\/#breadcrumb"},"inLanguage":"en-US","potentialAction":[{"@type":"ReadAction","target":["https:\/\/jaaaeg.ee\/en\/oppeprogramm\/for-secondary-schools\/the-legacy-of-glaciers-on-the-estonian-soil\/"]}]},{"@type":"ImageObject","inLanguage":"en-US","@id":"https:\/\/jaaaeg.ee\/en\/oppeprogramm\/for-secondary-schools\/the-legacy-of-glaciers-on-the-estonian-soil\/#primaryimage","url":"https:\/\/jaaaeg.ee\/wp-content\/uploads\/2018\/09\/oppeprogrammide-vaheleht_randkivide-varviline-maailm.jpg","contentUrl":"https:\/\/jaaaeg.ee\/wp-content\/uploads\/2018\/09\/oppeprogrammide-vaheleht_randkivide-varviline-maailm.jpg","width":2480,"height":1748,"caption":"oppeprogrammide vaheleht randkivide varviline maailm"},{"@type":"BreadcrumbList","@id":"https:\/\/jaaaeg.ee\/en\/oppeprogramm\/for-secondary-schools\/the-legacy-of-glaciers-on-the-estonian-soil\/#breadcrumb","itemListElement":[{"@type":"ListItem","position":1,"name":"Home","item":"https:\/\/jaaaeg.ee\/en\/"},{"@type":"ListItem","position":2,"name":"The legacy of glaciers on the Estonian soil"}]},{"@type":"WebSite","@id":"https:\/\/jaaaeg.ee\/ru\/#website","url":"https:\/\/jaaaeg.ee\/ru\/","name":"J\u00e4\u00e4aja Keskus","description":"avastamisr\u00f5\u00f5m igas vanuses k\u00fclastajatele","potentialAction":[{"@type":"SearchAction","target":{"@type":"EntryPoint","urlTemplate":"https:\/\/jaaaeg.ee\/ru\/?s={search_term_string}"},"query-input":{"@type":"PropertyValueSpecification","valueRequired":true,"valueName":"search_term_string"}}],"inLanguage":"en-US"}]}},"_links":{"self":[{"href":"https:\/\/jaaaeg.ee\/en\/wp-json\/wp\/v2\/product\/1705","targetHints":{"allow":["GET"]}}],"collection":[{"href":"https:\/\/jaaaeg.ee\/en\/wp-json\/wp\/v2\/product"}],"about":[{"href":"https:\/\/jaaaeg.ee\/en\/wp-json\/wp\/v2\/types\/product"}],"wp:featuredmedia":[{"embeddable":true,"href":"https:\/\/jaaaeg.ee\/en\/wp-json\/wp\/v2\/media\/27699"}],"wp:attachment":[{"href":"https:\/\/jaaaeg.ee\/en\/wp-json\/wp\/v2\/media?parent=1705"}],"wp:term":[{"taxonomy":"product_brand","embeddable":true,"href":"https:\/\/jaaaeg.ee\/en\/wp-json\/wp\/v2\/product_brand?post=1705"},{"taxonomy":"product_cat","embeddable":true,"href":"https:\/\/jaaaeg.ee\/en\/wp-json\/wp\/v2\/product_cat?post=1705"},{"taxonomy":"product_tag","embeddable":true,"href":"https:\/\/jaaaeg.ee\/en\/wp-json\/wp\/v2\/product_tag?post=1705"}],"curies":[{"name":"wp","href":"https:\/\/api.w.org\/{rel}","templated":true}]}}