{"id":1703,"date":"2018-09-21T11:29:28","date_gmt":"2018-09-21T08:29:28","guid":{"rendered":"http:\/\/jaaaeg.ee\/oppeprogramm\/do-you-know-the-vooremaa\/"},"modified":"2018-09-21T11:29:28","modified_gmt":"2018-09-21T08:29:28","slug":"do-you-know-the-vooremaa","status":"publish","type":"product","link":"https:\/\/jaaaeg.ee\/en\/oppeprogramm\/for-secondary-schools\/do-you-know-the-vooremaa\/","title":{"rendered":"Do you know the Vooremaa?"},"content":{"rendered":"<h2>Kas tunned Vooremaad?<\/h2>\n<p><strong>Eesm\u00e4rk: <\/strong><\/p>\n<ul>\n<li>Omandada teadmisi mandrij\u00e4\u00e4tekkelistest pinnavormidest ning neid kujundanud protsessidest;<\/li>\n<li>Saada kogemus \u00fcmbritseva keskkonna iseloomustamisel;<\/li>\n<li>Suuta\u00a0ennast ning \u00fcmbritsevaid objekte positsioneerida;<\/li>\n<li>Saada\u00a0\u00fclevaate Euroopa \u00fchest esinduslikumast voorestikust.<\/li>\n<\/ul>\n<p><strong>Sihtr\u00fchm<\/strong>: 4.-9. klass<\/p>\n<p><strong>Kestus<\/strong>: 3 tundi<\/p>\n<p><strong>Koht<\/strong>: Vooremaa maastikukaitseala, J\u00e4\u00e4aja Keskuse 2. korruse ekspositsioon<\/p>\n<p><strong>Tegevused <\/strong><\/p>\n<p><strong>Sissejuhatus <\/strong><\/p>\n<p>Osalejatele tehakse sissejuhatus teemasse ning tutvustatakse tegevuskava. Osalejad jagatakse kuni 4-liikmelistesse r\u00fchmadesse. Osalejad v\u00f5ivad r\u00fchmasid moodustada ise, kuid v\u00f5ib kasutada ka erinevaid kivimeid, n\u00f6\u00f6re jt vahendeid.<\/p>\n<p><strong>Teema arendus<\/strong><\/p>\n<p>R\u00fchmat\u00f6\u00f6 Raigastvere vaatetorni juures, t\u00e4idetakse t\u00f6\u00f6leht &#8220;Maastik vaatetornist&#8221;. K\u00fclastatakse Vooremaa maastikukaitseala huvitavamaid ning looduskaitseliselt olulisemaid paiku.<\/p>\n<p>R\u00fchmat\u00f6\u00f6 J\u00e4\u00e4aja Keskuses, kasutades 2. korruse ekspositsiooni t\u00e4idetakse t\u00f6\u00f6leht &#8220;Kas tunned Vooremaad&#8221; ning uuritakse Vooremaa maketi juures eelnevalt k\u00fclastatud paikade asetsemist. V\u00f5rreldakse erinevate pinnavormide kuju ning teket \u2013 nt. L\u00f5una-Eesti kuppelmaastik ning Vooremaa.<\/p>\n<p>\u00d5ppeprogrammi kirjeldus:<\/p>\n<p><a href=\"https:\/\/jaaaeg.ee\/wp-content\/uploads\/2018\/09\/Kas_tunned_Vooremaad-1.pdf\">Kas tunned Vooremaad?<\/a><\/p>\n<p>&nbsp;<\/p>\n<p>T\u00f6\u00f6lehed:<\/p>\n<p><a href=\"https:\/\/jaaaeg.ee\/wp-content\/uploads\/2018\/09\/Kas_tunned_Vooremaad_PKII_III-1.pdf\" rel=\"\">Kas_tunned_Vooremaad_PKII_III<\/a><\/p>\n<p><a href=\"https:\/\/jaaaeg.ee\/wp-content\/uploads\/2018\/09\/Maastik-vaatlustornist_mis-pidin-torni-\u00fcmber-tegema-2.pdf\" rel=\"\">Maastik vaatlustornist<\/a><\/p>\n<p><a href=\"https:\/\/jaaaeg.ee\/wp-content\/uploads\/2018\/09\/Vooremaastik-est-1.pdf\" rel=\"\">Vooremaastik<\/a><\/p>\n<p><a href=\"https:\/\/jaaaeg.ee\/wp-content\/uploads\/2018\/09\/Vooremaastik_eng-1.pdf\" rel=\"\">Vooremaa ENG-t\u00f6\u00f6leht<\/a><\/p>\n<p><a href=\"https:\/\/jaaaeg.ee\/wp-content\/uploads\/2018\/09\/Vooremaastik_rus-1.pdf\" rel=\"\">Vooremaa RUS-t\u00f6\u00f6leht<\/a><\/p>\n","protected":false},"excerpt":{"rendered":"Kas tunned Vooremaad? Eesm\u00e4rk: Omandada teadmisi mandrij\u00e4\u00e4tekkelistest pinnavormidest ning neid kujundanud protsessidest; Saada kogemus \u00fcmbritseva keskkonna iseloomustamisel; Suuta\u00a0ennast ning \u00fcmbritsevaid objekte positsioneerida; Saada\u00a0\u00fclevaate Euroopa \u00fchest esinduslikumast voorestikust. Sihtr\u00fchm: 4.-9. klass Kestus: 3 tundi Koht: Vooremaa maastikukaitseala, J\u00e4\u00e4aja Keskuse 2. korruse ekspositsioon Tegevused Sissejuhatus Osalejatele tehakse sissejuhatus teemasse ning tutvustatakse tegevuskava. Osalejad jagatakse kuni 4-liikmelistesse r\u00fchmadesse&#8230;. <a class=\"view-article\" href=\"https:\/\/jaaaeg.ee\/en\/oppeprogramm\/for-secondary-schools\/do-you-know-the-vooremaa\/\">Read more<\/a>","protected":false},"featured_media":0,"template":"","meta":{"_acf_changed":false,"ngg_post_thumbnail":0},"product_brand":[],"product_cat":[54],"product_tag":[],"class_list":{"0":"post-1703","1":"product","2":"type-product","3":"status-publish","5":"product_cat-for-secondary-schools","7":"first","8":"instock","9":"downloadable","10":"virtual","11":"product-type-simple"},"acf":[],"yoast_head":"<!-- This site is optimized with the Yoast SEO plugin v27.3 - https:\/\/yoast.com\/product\/yoast-seo-wordpress\/ -->\n<title>Do you know the Vooremaa? - J\u00e4\u00e4aja Keskus<\/title>\n<meta name=\"robots\" content=\"index, follow, max-snippet:-1, max-image-preview:large, max-video-preview:-1\" \/>\n<link rel=\"canonical\" href=\"https:\/\/jaaaeg.ee\/en\/oppeprogramm\/for-secondary-schools\/do-you-know-the-vooremaa\/\" \/>\n<meta property=\"og:locale\" content=\"en_US\" \/>\n<meta property=\"og:type\" content=\"article\" \/>\n<meta property=\"og:title\" content=\"Do you know the Vooremaa? - J\u00e4\u00e4aja Keskus\" \/>\n<meta property=\"og:description\" content=\"Kas tunned Vooremaad? Eesm\u00e4rk: Omandada teadmisi mandrij\u00e4\u00e4tekkelistest pinnavormidest ning neid kujundanud protsessidest; Saada kogemus \u00fcmbritseva keskkonna iseloomustamisel; Suuta\u00a0ennast ning \u00fcmbritsevaid objekte positsioneerida; Saada\u00a0\u00fclevaate Euroopa \u00fchest esinduslikumast voorestikust. Sihtr\u00fchm: 4.-9. klass Kestus: 3 tundi Koht: Vooremaa maastikukaitseala, J\u00e4\u00e4aja Keskuse 2. korruse ekspositsioon Tegevused Sissejuhatus Osalejatele tehakse sissejuhatus teemasse ning tutvustatakse tegevuskava. Osalejad jagatakse kuni 4-liikmelistesse r\u00fchmadesse.... Read more\" \/>\n<meta property=\"og:url\" content=\"https:\/\/jaaaeg.ee\/en\/oppeprogramm\/for-secondary-schools\/do-you-know-the-vooremaa\/\" \/>\n<meta property=\"og:site_name\" content=\"J\u00e4\u00e4aja Keskus\" \/>\n<meta property=\"article:publisher\" content=\"https:\/\/www.facebook.com\/JaaajaKeskus\/\" \/>\n<meta name=\"twitter:card\" content=\"summary_large_image\" \/>\n<meta name=\"twitter:label1\" content=\"Est. reading time\" \/>\n\t<meta name=\"twitter:data1\" content=\"1 minute\" \/>\n<script type=\"application\/ld+json\" class=\"yoast-schema-graph\">{\"@context\":\"https:\\\/\\\/schema.org\",\"@graph\":[{\"@type\":\"WebPage\",\"@id\":\"https:\\\/\\\/jaaaeg.ee\\\/en\\\/oppeprogramm\\\/for-secondary-schools\\\/do-you-know-the-vooremaa\\\/\",\"url\":\"https:\\\/\\\/jaaaeg.ee\\\/en\\\/oppeprogramm\\\/for-secondary-schools\\\/do-you-know-the-vooremaa\\\/\",\"name\":\"Do you know the Vooremaa? - J\u00e4\u00e4aja Keskus\",\"isPartOf\":{\"@id\":\"https:\\\/\\\/jaaaeg.ee\\\/ru\\\/#website\"},\"datePublished\":\"2018-09-21T08:29:28+00:00\",\"breadcrumb\":{\"@id\":\"https:\\\/\\\/jaaaeg.ee\\\/en\\\/oppeprogramm\\\/for-secondary-schools\\\/do-you-know-the-vooremaa\\\/#breadcrumb\"},\"inLanguage\":\"en-US\",\"potentialAction\":[{\"@type\":\"ReadAction\",\"target\":[\"https:\\\/\\\/jaaaeg.ee\\\/en\\\/oppeprogramm\\\/for-secondary-schools\\\/do-you-know-the-vooremaa\\\/\"]}]},{\"@type\":\"BreadcrumbList\",\"@id\":\"https:\\\/\\\/jaaaeg.ee\\\/en\\\/oppeprogramm\\\/for-secondary-schools\\\/do-you-know-the-vooremaa\\\/#breadcrumb\",\"itemListElement\":[{\"@type\":\"ListItem\",\"position\":1,\"name\":\"Home\",\"item\":\"https:\\\/\\\/jaaaeg.ee\\\/en\\\/\"},{\"@type\":\"ListItem\",\"position\":2,\"name\":\"Do you know the Vooremaa?\"}]},{\"@type\":\"WebSite\",\"@id\":\"https:\\\/\\\/jaaaeg.ee\\\/ru\\\/#website\",\"url\":\"https:\\\/\\\/jaaaeg.ee\\\/ru\\\/\",\"name\":\"J\u00e4\u00e4aja Keskus\",\"description\":\"avastamisr\u00f5\u00f5m igas vanuses k\u00fclastajatele\",\"potentialAction\":[{\"@type\":\"SearchAction\",\"target\":{\"@type\":\"EntryPoint\",\"urlTemplate\":\"https:\\\/\\\/jaaaeg.ee\\\/ru\\\/?s={search_term_string}\"},\"query-input\":{\"@type\":\"PropertyValueSpecification\",\"valueRequired\":true,\"valueName\":\"search_term_string\"}}],\"inLanguage\":\"en-US\"}]}<\/script>\n<!-- \/ Yoast SEO plugin. -->","yoast_head_json":{"title":"Do you know the Vooremaa? - J\u00e4\u00e4aja Keskus","robots":{"index":"index","follow":"follow","max-snippet":"max-snippet:-1","max-image-preview":"max-image-preview:large","max-video-preview":"max-video-preview:-1"},"canonical":"https:\/\/jaaaeg.ee\/en\/oppeprogramm\/for-secondary-schools\/do-you-know-the-vooremaa\/","og_locale":"en_US","og_type":"article","og_title":"Do you know the Vooremaa? - J\u00e4\u00e4aja Keskus","og_description":"Kas tunned Vooremaad? Eesm\u00e4rk: Omandada teadmisi mandrij\u00e4\u00e4tekkelistest pinnavormidest ning neid kujundanud protsessidest; Saada kogemus \u00fcmbritseva keskkonna iseloomustamisel; Suuta\u00a0ennast ning \u00fcmbritsevaid objekte positsioneerida; Saada\u00a0\u00fclevaate Euroopa \u00fchest esinduslikumast voorestikust. Sihtr\u00fchm: 4.-9. klass Kestus: 3 tundi Koht: Vooremaa maastikukaitseala, J\u00e4\u00e4aja Keskuse 2. korruse ekspositsioon Tegevused Sissejuhatus Osalejatele tehakse sissejuhatus teemasse ning tutvustatakse tegevuskava. Osalejad jagatakse kuni 4-liikmelistesse r\u00fchmadesse.... Read more","og_url":"https:\/\/jaaaeg.ee\/en\/oppeprogramm\/for-secondary-schools\/do-you-know-the-vooremaa\/","og_site_name":"J\u00e4\u00e4aja Keskus","article_publisher":"https:\/\/www.facebook.com\/JaaajaKeskus\/","twitter_card":"summary_large_image","twitter_misc":{"Est. reading time":"1 minute"},"schema":{"@context":"https:\/\/schema.org","@graph":[{"@type":"WebPage","@id":"https:\/\/jaaaeg.ee\/en\/oppeprogramm\/for-secondary-schools\/do-you-know-the-vooremaa\/","url":"https:\/\/jaaaeg.ee\/en\/oppeprogramm\/for-secondary-schools\/do-you-know-the-vooremaa\/","name":"Do you know the Vooremaa? - J\u00e4\u00e4aja Keskus","isPartOf":{"@id":"https:\/\/jaaaeg.ee\/ru\/#website"},"datePublished":"2018-09-21T08:29:28+00:00","breadcrumb":{"@id":"https:\/\/jaaaeg.ee\/en\/oppeprogramm\/for-secondary-schools\/do-you-know-the-vooremaa\/#breadcrumb"},"inLanguage":"en-US","potentialAction":[{"@type":"ReadAction","target":["https:\/\/jaaaeg.ee\/en\/oppeprogramm\/for-secondary-schools\/do-you-know-the-vooremaa\/"]}]},{"@type":"BreadcrumbList","@id":"https:\/\/jaaaeg.ee\/en\/oppeprogramm\/for-secondary-schools\/do-you-know-the-vooremaa\/#breadcrumb","itemListElement":[{"@type":"ListItem","position":1,"name":"Home","item":"https:\/\/jaaaeg.ee\/en\/"},{"@type":"ListItem","position":2,"name":"Do you know the Vooremaa?"}]},{"@type":"WebSite","@id":"https:\/\/jaaaeg.ee\/ru\/#website","url":"https:\/\/jaaaeg.ee\/ru\/","name":"J\u00e4\u00e4aja Keskus","description":"avastamisr\u00f5\u00f5m igas vanuses k\u00fclastajatele","potentialAction":[{"@type":"SearchAction","target":{"@type":"EntryPoint","urlTemplate":"https:\/\/jaaaeg.ee\/ru\/?s={search_term_string}"},"query-input":{"@type":"PropertyValueSpecification","valueRequired":true,"valueName":"search_term_string"}}],"inLanguage":"en-US"}]}},"_links":{"self":[{"href":"https:\/\/jaaaeg.ee\/en\/wp-json\/wp\/v2\/product\/1703","targetHints":{"allow":["GET"]}}],"collection":[{"href":"https:\/\/jaaaeg.ee\/en\/wp-json\/wp\/v2\/product"}],"about":[{"href":"https:\/\/jaaaeg.ee\/en\/wp-json\/wp\/v2\/types\/product"}],"wp:attachment":[{"href":"https:\/\/jaaaeg.ee\/en\/wp-json\/wp\/v2\/media?parent=1703"}],"wp:term":[{"taxonomy":"product_brand","embeddable":true,"href":"https:\/\/jaaaeg.ee\/en\/wp-json\/wp\/v2\/product_brand?post=1703"},{"taxonomy":"product_cat","embeddable":true,"href":"https:\/\/jaaaeg.ee\/en\/wp-json\/wp\/v2\/product_cat?post=1703"},{"taxonomy":"product_tag","embeddable":true,"href":"https:\/\/jaaaeg.ee\/en\/wp-json\/wp\/v2\/product_tag?post=1703"}],"curies":[{"name":"wp","href":"https:\/\/api.w.org\/{rel}","templated":true}]}}