{"id":1701,"date":"2018-09-21T11:29:36","date_gmt":"2018-09-21T08:29:36","guid":{"rendered":"http:\/\/jaaaeg.ee\/oppeprogramm\/the-story-about-estonian-nature-the-biota-after-the-ice-age\/"},"modified":"2018-09-21T11:29:36","modified_gmt":"2018-09-21T08:29:36","slug":"the-story-about-estonian-nature-the-biota-after-the-ice-age","status":"publish","type":"product","link":"https:\/\/jaaaeg.ee\/en\/oppeprogramm\/for-secondary-schools\/the-story-about-estonian-nature-the-biota-after-the-ice-age\/","title":{"rendered":"The story about Estonian nature\u2013 the biota after the ice age"},"content":{"rendered":"<h2>Eestimaa looduse lugu \u2013 j\u00e4\u00e4ajaj\u00e4rgne elustiku areng<\/h2>\n<p><strong>Eesm\u00e4rk:<\/strong><\/p>\n<p>1.\u00a0M\u00f5ista j\u00e4\u00e4aegade vaheldumise ts\u00fcklit Maal, viimase 2,5 miljoni aasta\u00a0jooksul;<\/p>\n<p>2. M\u00f5ista, et kliima muutumine kutsub esile muutused eluslooduses;<\/p>\n<p>3. \u00d5ppida tundma erinevate kliimaperioodide taimestikku ja loomastikku;<\/p>\n<p>4. Osata\u00a0v\u00f5rrelda elutingimusi erinevatel kliimaperioodidel;<\/p>\n<p>5. Saada muuseumiekspositsioonist teabe leidmise, esitluste s\u00f5nastamise ja\u00a0nende ettekandmise kogemusi.<\/p>\n<p><strong>Sihtr\u00fchm:<\/strong> 4. klass<\/p>\n<p><strong>Kestus:<\/strong>\u00a01,5 tundi<\/p>\n<p><strong>Koht:<\/strong> J\u00e4\u00e4aja Keskuse 1. korruse ja 2. korruse ekspositsioon<\/p>\n<p><strong>Tegevused<\/strong><\/p>\n<p><strong>Sissejuhatus<\/strong><\/p>\n<p>\u00d5pilastele tehakse sissejuhatus teemasse ning tutvustatakse aja- ja tegevuskava. \u00d5pilased\u00a0jagatakse kuni 4-liikmelistesse r\u00fchmadesse. \u00d5pilased v\u00f5ivad moodustada r\u00fchmad ise, kuid\u00a0r\u00fchmade moodustamiseks v\u00f5ib kasutada ka liikide kaarte. R\u00fchmadele selgitatakse, kuidas\u00a0t\u00f6\u00f6tab \u201cajamasin\u201c.<\/p>\n<p><strong>Teema arendus<\/strong><\/p>\n<p><span style=\"text-decoration: underline;\">1. \u201eAjamasin\u201c<\/span><\/p>\n<p>Ajamasin v\u00f5iks paikneda ekspositsioonisaalis Vooremaa maketi juures. Kui keskuses on palju\u00a0k\u00fclastajaid, v\u00f5ib olla see ka \u00f5ppeklassis. Iga \u00f5pilane saab t\u00f6\u00f6lehe J\u00e4\u00e4ajaj\u00e4rgne loodus,\u00a0millest t\u00e4idetakse j\u00e4rgneva m\u00e4ngu jooksul esimene \u00fclesanne. R\u00fchmad saavad \u201eajamasinast\u201c\u00a0aja, millele vastava dioraami peavad nad \u00fcles leidma. Kliimaperioodi dioraami juures\u00a0tutvutakse elustikuga ja t\u00e4idetakse tabeli vastavad lahtrid. Kui \u00fclesanne on t\u00e4idetud, liigub\u00a0r\u00fchm uuesti \u201eajamasina\u201c juurde. Uue aja saab r\u00fchm p\u00e4rast seda, kui on juhendajale oma\u00a0eelmise \u00fclesande sooritust tutvustanud. Iga r\u00fchm saab valida oma tempo, kuid juhendaja\u00a0j\u00e4lgib, et k\u00f5ik r\u00fchmad tutvuksid v\u00e4hemalt kolme erineva perioodiga. Kui kokkulepitud aeg on\u00a0l\u00e4bi, kogunevad k\u00f5ik r\u00fchmad \u201eajamasina\u201c juures.<\/p>\n<p><span style=\"text-decoration: underline;\">2. \u00dchine ajaretk<\/span><\/p>\n<p>Juhendaja viib \u201eajamasinaga\u201c kogu grupi varasesse j\u00e4\u00e4ajaj\u00e4rgsesse tundrasse. Juhendaja on\u00a0giidiks, kelle juhendamisel kontrollitakse, kas t\u00f6\u00f6lehe tabel on \u00f5igesti t\u00e4idetud. Koos\u00a0\u201er\u00e4nnatakse\u201c l\u00e4bi muutunud looduse t\u00e4nap\u00e4eva. Juhendaja p\u00f6\u00f6rab t\u00e4helepanu kliima ja\u00a0elustiku seostele ning toob v\u00e4lja liigid, keda meie looduses enam ei esine. \u00d5pilased t\u00e4idavad\u00a0t\u00f6\u00f6lehe 3. \u00fclesande. Kui t\u00e4nap\u00e4eva on tagasi j\u00f5utud, valib iga \u00f5pilane oma lemmikaja\u00a0(\u00fclesanne 4 t\u00f6\u00f6lehel) ja saab \u201eajamasina\u201c juures vastavat v\u00e4rvi kaardi.<\/p>\n<p><span style=\"text-decoration: underline;\">Kokkuv\u00f5te<\/span><\/p>\n<p>\u00d5pilased moodustavad vastavalt oma v\u00e4rvilistele kaartidele poolkaares ajarea. Juhendaja\u00a0n\u00e4itab, kus on j\u00e4\u00e4aja l\u00f5pp ja kus t\u00e4nap\u00e4ev. Vanemad \u00f5pilased saavad \u00fclesannet t\u00e4ita\u00a0iseseisvalt meeskonnat\u00f6\u00f6na, nooremad v\u00f5ivad vajada juhendamist. Juhendaja nimetab\u00a0ajaperioodi ja vastava v\u00e4rvikaardiga \u00f5pilased kogunevad m\u00e4\u00e4ratud ajarea l\u00f5igule. Iga perioodi\u00a0kohta palub juhendaja 1-2 \u00f5pilasel p\u00f5hjendada valikut. Kokkuv\u00f5ttest selgub, millist perioodi\u00a0on k\u00f5ige enam valitud.<\/p>\n<p>Kui on aega, saab m\u00e4ngida liigikaartidega m\u00e4ngu <em>Kes ma olen?*<\/em><\/p>\n<p><em>\u00dchele m\u00e4ngijale v\u00f5i \u00fchele paarilisele kinnitatakse seljale looma pilt v\u00f5i silt looma nimega nii,\u00a0<\/em><em>et ta ise seda ei n\u00e4e. N\u00fc\u00fcd tuleb tal hakata \u00e4ra arvama, kes ta on, k\u00fcsides kaaslaselt k\u00fcsimusi.\u00a0<\/em><em>Kaaslane saab vastata kas \u201cjah\u201d, \u201cei\u201d v\u00f5i \u201cv\u00f5ib-olla\u201d. Kui \u00fcks paarilistest on \u00e4ra arvanud,\u00a0<\/em><em>siis hakkab arvama teine.<\/em><\/p>\n<p><strong>Seos \u00f5ppekavaga<\/strong><\/p>\n<p><strong>\u00a7 14. L\u00e4bivad teemad<\/strong><\/p>\n<p>2) keskkond ja j\u00e4tkusuutlik areng<\/p>\n<p><strong>Loodus\u00f5petus II kooliaste<\/strong><\/p>\n<p>2.1.6.2. Planeet Maa<\/p>\n<p>2.1.6.3. Elu mitmekesisus Maal<\/p>\n<p>2.1.6.15. Elukeskkond Eestis<\/p>\n<p>2.1.6.16. Eesti loodusvarad<\/p>\n<p>2.1.6.17. Loodus- ja keskkonnakaitse Eestis<\/p>\n<p>&nbsp;<\/p>\n<p>Programmi kirjeldus pdf formaadis:<\/p>\n<p><a href=\"https:\/\/jaaaeg.ee\/wp-content\/uploads\/2018\/09\/Eestimaa-looduse-lugu-j\u00e4\u00e4ajaj\u00e4rgne-elustiku-areng-15h-4kl.pdf\" rel=\"\">Eestimaa looduse lugu-j\u00e4\u00e4ajaj\u00e4rgne elustiku areng 1,5h 4kl<\/a><\/p>\n<p>T\u00f6\u00f6lehed:<\/p>\n<p><a href=\"https:\/\/jaaaeg.ee\/wp-content\/uploads\/2018\/09\/J\u00e4\u00e4ajaj\u00e4rgne-loodus-PK_II.pdf\" rel=\"\">J\u00e4\u00e4ajaj\u00e4rgne loodus PK_II<\/a><\/p>\n","protected":false},"excerpt":{"rendered":"V\u00f5imalik tellida\u00a0ka vene keeles (hind 145 EUR).","protected":false},"featured_media":0,"template":"","meta":{"_acf_changed":false,"ngg_post_thumbnail":0},"product_brand":[],"product_cat":[54],"product_tag":[],"class_list":{"0":"post-1701","1":"product","2":"type-product","3":"status-publish","5":"product_cat-for-secondary-schools","7":"first","8":"instock","9":"shipping-taxable","10":"product-type-simple"},"acf":[],"yoast_head":"<!-- This site is optimized with the Yoast SEO plugin v27.3 - https:\/\/yoast.com\/product\/yoast-seo-wordpress\/ -->\n<title>The story about Estonian nature\u2013 the biota after the ice age - J\u00e4\u00e4aja Keskus<\/title>\n<meta name=\"robots\" content=\"index, follow, max-snippet:-1, max-image-preview:large, max-video-preview:-1\" \/>\n<link rel=\"canonical\" href=\"https:\/\/jaaaeg.ee\/en\/oppeprogramm\/for-secondary-schools\/the-story-about-estonian-nature-the-biota-after-the-ice-age\/\" \/>\n<meta property=\"og:locale\" content=\"en_US\" \/>\n<meta property=\"og:type\" content=\"article\" \/>\n<meta property=\"og:title\" content=\"The story about Estonian nature\u2013 the biota after the ice age - J\u00e4\u00e4aja Keskus\" \/>\n<meta property=\"og:description\" content=\"V\u00f5imalik tellida\u00a0ka vene keeles (hind 145 EUR).\" \/>\n<meta property=\"og:url\" content=\"https:\/\/jaaaeg.ee\/en\/oppeprogramm\/for-secondary-schools\/the-story-about-estonian-nature-the-biota-after-the-ice-age\/\" \/>\n<meta property=\"og:site_name\" content=\"J\u00e4\u00e4aja Keskus\" \/>\n<meta property=\"article:publisher\" content=\"https:\/\/www.facebook.com\/JaaajaKeskus\/\" \/>\n<meta name=\"twitter:card\" content=\"summary_large_image\" \/>\n<meta name=\"twitter:label1\" content=\"Est. reading time\" \/>\n\t<meta name=\"twitter:data1\" content=\"3 minutes\" \/>\n<script type=\"application\/ld+json\" class=\"yoast-schema-graph\">{\"@context\":\"https:\\\/\\\/schema.org\",\"@graph\":[{\"@type\":\"WebPage\",\"@id\":\"https:\\\/\\\/jaaaeg.ee\\\/en\\\/oppeprogramm\\\/for-secondary-schools\\\/the-story-about-estonian-nature-the-biota-after-the-ice-age\\\/\",\"url\":\"https:\\\/\\\/jaaaeg.ee\\\/en\\\/oppeprogramm\\\/for-secondary-schools\\\/the-story-about-estonian-nature-the-biota-after-the-ice-age\\\/\",\"name\":\"The story about Estonian nature\u2013 the biota after the ice age - J\u00e4\u00e4aja Keskus\",\"isPartOf\":{\"@id\":\"https:\\\/\\\/jaaaeg.ee\\\/ru\\\/#website\"},\"datePublished\":\"2018-09-21T08:29:36+00:00\",\"breadcrumb\":{\"@id\":\"https:\\\/\\\/jaaaeg.ee\\\/en\\\/oppeprogramm\\\/for-secondary-schools\\\/the-story-about-estonian-nature-the-biota-after-the-ice-age\\\/#breadcrumb\"},\"inLanguage\":\"en-US\",\"potentialAction\":[{\"@type\":\"ReadAction\",\"target\":[\"https:\\\/\\\/jaaaeg.ee\\\/en\\\/oppeprogramm\\\/for-secondary-schools\\\/the-story-about-estonian-nature-the-biota-after-the-ice-age\\\/\"]}]},{\"@type\":\"BreadcrumbList\",\"@id\":\"https:\\\/\\\/jaaaeg.ee\\\/en\\\/oppeprogramm\\\/for-secondary-schools\\\/the-story-about-estonian-nature-the-biota-after-the-ice-age\\\/#breadcrumb\",\"itemListElement\":[{\"@type\":\"ListItem\",\"position\":1,\"name\":\"Home\",\"item\":\"https:\\\/\\\/jaaaeg.ee\\\/en\\\/\"},{\"@type\":\"ListItem\",\"position\":2,\"name\":\"The story about Estonian nature\u2013 the biota after the ice age\"}]},{\"@type\":\"WebSite\",\"@id\":\"https:\\\/\\\/jaaaeg.ee\\\/ru\\\/#website\",\"url\":\"https:\\\/\\\/jaaaeg.ee\\\/ru\\\/\",\"name\":\"J\u00e4\u00e4aja Keskus\",\"description\":\"avastamisr\u00f5\u00f5m igas vanuses k\u00fclastajatele\",\"potentialAction\":[{\"@type\":\"SearchAction\",\"target\":{\"@type\":\"EntryPoint\",\"urlTemplate\":\"https:\\\/\\\/jaaaeg.ee\\\/ru\\\/?s={search_term_string}\"},\"query-input\":{\"@type\":\"PropertyValueSpecification\",\"valueRequired\":true,\"valueName\":\"search_term_string\"}}],\"inLanguage\":\"en-US\"}]}<\/script>\n<!-- \/ Yoast SEO plugin. -->","yoast_head_json":{"title":"The story about Estonian nature\u2013 the biota after the ice age - J\u00e4\u00e4aja Keskus","robots":{"index":"index","follow":"follow","max-snippet":"max-snippet:-1","max-image-preview":"max-image-preview:large","max-video-preview":"max-video-preview:-1"},"canonical":"https:\/\/jaaaeg.ee\/en\/oppeprogramm\/for-secondary-schools\/the-story-about-estonian-nature-the-biota-after-the-ice-age\/","og_locale":"en_US","og_type":"article","og_title":"The story about Estonian nature\u2013 the biota after the ice age - J\u00e4\u00e4aja Keskus","og_description":"V\u00f5imalik tellida\u00a0ka vene keeles (hind 145 EUR).","og_url":"https:\/\/jaaaeg.ee\/en\/oppeprogramm\/for-secondary-schools\/the-story-about-estonian-nature-the-biota-after-the-ice-age\/","og_site_name":"J\u00e4\u00e4aja Keskus","article_publisher":"https:\/\/www.facebook.com\/JaaajaKeskus\/","twitter_card":"summary_large_image","twitter_misc":{"Est. reading time":"3 minutes"},"schema":{"@context":"https:\/\/schema.org","@graph":[{"@type":"WebPage","@id":"https:\/\/jaaaeg.ee\/en\/oppeprogramm\/for-secondary-schools\/the-story-about-estonian-nature-the-biota-after-the-ice-age\/","url":"https:\/\/jaaaeg.ee\/en\/oppeprogramm\/for-secondary-schools\/the-story-about-estonian-nature-the-biota-after-the-ice-age\/","name":"The story about Estonian nature\u2013 the biota after the ice age - J\u00e4\u00e4aja Keskus","isPartOf":{"@id":"https:\/\/jaaaeg.ee\/ru\/#website"},"datePublished":"2018-09-21T08:29:36+00:00","breadcrumb":{"@id":"https:\/\/jaaaeg.ee\/en\/oppeprogramm\/for-secondary-schools\/the-story-about-estonian-nature-the-biota-after-the-ice-age\/#breadcrumb"},"inLanguage":"en-US","potentialAction":[{"@type":"ReadAction","target":["https:\/\/jaaaeg.ee\/en\/oppeprogramm\/for-secondary-schools\/the-story-about-estonian-nature-the-biota-after-the-ice-age\/"]}]},{"@type":"BreadcrumbList","@id":"https:\/\/jaaaeg.ee\/en\/oppeprogramm\/for-secondary-schools\/the-story-about-estonian-nature-the-biota-after-the-ice-age\/#breadcrumb","itemListElement":[{"@type":"ListItem","position":1,"name":"Home","item":"https:\/\/jaaaeg.ee\/en\/"},{"@type":"ListItem","position":2,"name":"The story about Estonian nature\u2013 the biota after the ice age"}]},{"@type":"WebSite","@id":"https:\/\/jaaaeg.ee\/ru\/#website","url":"https:\/\/jaaaeg.ee\/ru\/","name":"J\u00e4\u00e4aja Keskus","description":"avastamisr\u00f5\u00f5m igas vanuses k\u00fclastajatele","potentialAction":[{"@type":"SearchAction","target":{"@type":"EntryPoint","urlTemplate":"https:\/\/jaaaeg.ee\/ru\/?s={search_term_string}"},"query-input":{"@type":"PropertyValueSpecification","valueRequired":true,"valueName":"search_term_string"}}],"inLanguage":"en-US"}]}},"_links":{"self":[{"href":"https:\/\/jaaaeg.ee\/en\/wp-json\/wp\/v2\/product\/1701","targetHints":{"allow":["GET"]}}],"collection":[{"href":"https:\/\/jaaaeg.ee\/en\/wp-json\/wp\/v2\/product"}],"about":[{"href":"https:\/\/jaaaeg.ee\/en\/wp-json\/wp\/v2\/types\/product"}],"wp:attachment":[{"href":"https:\/\/jaaaeg.ee\/en\/wp-json\/wp\/v2\/media?parent=1701"}],"wp:term":[{"taxonomy":"product_brand","embeddable":true,"href":"https:\/\/jaaaeg.ee\/en\/wp-json\/wp\/v2\/product_brand?post=1701"},{"taxonomy":"product_cat","embeddable":true,"href":"https:\/\/jaaaeg.ee\/en\/wp-json\/wp\/v2\/product_cat?post=1701"},{"taxonomy":"product_tag","embeddable":true,"href":"https:\/\/jaaaeg.ee\/en\/wp-json\/wp\/v2\/product_tag?post=1701"}],"curies":[{"name":"wp","href":"https:\/\/api.w.org\/{rel}","templated":true}]}}