{"id":1700,"date":"2018-09-21T11:29:44","date_gmt":"2018-09-21T08:29:44","guid":{"rendered":"http:\/\/jaaaeg.ee\/oppeprogramm\/ice-age-a-crucial-part-of-the-earths-development\/"},"modified":"2018-09-21T11:29:44","modified_gmt":"2018-09-21T08:29:44","slug":"ice-age-a-crucial-part-of-the-earths-development","status":"publish","type":"product","link":"https:\/\/jaaaeg.ee\/en\/oppeprogramm\/for-secondary-schools\/ice-age-a-crucial-part-of-the-earths-development\/","title":{"rendered":"Ice age \u2013 a crucial part of the Earth&#8217;s development"},"content":{"rendered":"<h2>J\u00e4\u00e4aeg \u2013 Maa arengu lahutamatu osa<\/h2>\n<p><strong>Eesm\u00e4rk:<\/strong><\/p>\n<p>Programmis osalejad omandavad uusi ning kinnistavad seni \u00f5pitud teadmisi j\u00e4rgmistel teemadel:<\/p>\n<p>1. liustiku teke ning areng;<\/p>\n<p>2. maa arengulugu;<\/p>\n<p>3. j\u00e4\u00e4ajad ning j\u00e4\u00e4vaheajad;<\/p>\n<p>4. j\u00e4\u00e4aja tekkep\u00f5hjused;<\/p>\n<p>5. kiviaja inimese elutegevus;<\/p>\n<p>6. j\u00e4\u00e4aegade m\u00f5ju elustikule.<\/p>\n<p><strong>Sihtr\u00fchm:<\/strong> 4. klass<\/p>\n<p><strong>Kestus:<\/strong> 1,5 tundi<\/p>\n<p><strong>Koht:<\/strong> J\u00e4\u00e4aja Keskuse 1. korruse ekspositsioon<\/p>\n<p>&nbsp;<\/p>\n<p><strong>Tegevused<\/strong><\/p>\n<p><strong>Sissejuhatus<\/strong><\/p>\n<p>Osalejatele tehakse sissejuhatus teemasse ning tutvustatakse programmi tegevuspiirkondi, ajakava ning \u00fclesannet. \u00d5pilased jagatakse kuni 5-liikmelistesse r\u00fchmadesse. R\u00fchmadele tutvustatakse \u00f5ppeprogrammi k\u00e4igus kasutatavaid t\u00f6\u00f6lehti ning antakse need koos kirjutamisaluste ja kirjutamisvahenditega r\u00fchmadele.<\/p>\n<p><strong>Teema arendus: r\u00fchmat\u00f6\u00f6d<\/strong><\/p>\n<p>1. Arutelu j\u00e4\u00e4aegade vaheldumise ts\u00fcklilisusest ning j\u00e4\u00e4aegade m\u00f5just inimese ning looduskeskkonna arengus, vestlus J\u00e4\u00e4aja Keskuse I korruse ekspositsioonis olevate loomade teemal.<\/p>\n<p>2. R\u00fchmat\u00f6\u00f6 \u2013 t\u00f6\u00f6lehtedega seotud ekspositsiooniga tutvumine ning r\u00fchmale antud \u00fclesannete t\u00e4itmine. Iga r\u00fchm tutvub p\u00f5hjalikult teemaga seotud v\u00e4ljapanekutega ning t\u00e4idab vastavalt k\u00e4tte jaotatud t\u00f6\u00f6lehtedele n\u00f5utud \u00fclesanded.<\/p>\n<p>3. R\u00fchmat\u00f6\u00f6 tulemuste kontrollimine ning arutelu leitud vastuste p\u00f5hjal. P\u00e4rast r\u00fchmat\u00f6\u00f6 teostamist on igal r\u00fchmal v\u00f5imalus anda vastuseid ning neid vastuseid ka p\u00f5hjendada. Toimub vastuste seostamine reaalse elu ning looduses toimuvate muutustega.<\/p>\n<p><strong>Kokkuv\u00f5te<\/strong><\/p>\n<p>L\u00f5petuseks korratakse \u00fcle olulisemad m\u00f5isted ning teemad. M\u00f5istete kordamisel v\u00f5ib juhendaja sisse tuua ka v\u00f5istlusmomendi \u2013 n\u00e4iteks toimub v\u00e4ike viktoriin v\u00f5i m\u00e4ng.<\/p>\n<p><strong>Seos \u00f5ppekavaga<\/strong><\/p>\n<p><strong>\u00a7 14. L\u00e4bivad teemad 2) keskkond ja j\u00e4tkusuutlik areng<\/strong><\/p>\n<p><strong>2.1.6.2. Planeet Maa<\/strong><\/p>\n<p>Gloobus kui Maa mudel. Maa kujutamine kaartidel. Erinevad kaardid. Mandrid ja ookeanid.<\/p>\n<p><strong>2.1.6.6. Vesi kui aine, vee kasutamine<\/strong><\/p>\n<p>Vee omadused. Vee olekud ja nende muutumine.<\/p>\n<p><strong>2.3.4.5. Kliima<\/strong><\/p>\n<p>Kliimat kujundavad tegurid. P\u00e4ikesekiirguse jaotumine Maal. Ookeanide, merede ja pinnamoe m\u00f5ju kliimale.<\/p>\n<p><strong>2.3.4.7. Loodusv\u00f6\u00f6ndid<\/strong><\/p>\n<p>J\u00e4\u00e4v\u00f6\u00f6nd.<\/p>\n<p>P\u00f5hikooli riiklik \u00f5ppekava Vastu v\u00f5etud 06.01.2011 nr 1 RT I, 14.01.2011, 1 j\u00f5ustumine 17.01.2011 Vabariigi Valitsuse 6. jaanuari 2011. a m\u00e4\u00e4rus nr 1 \u201eP\u00f5hikooli riiklik \u00f5ppekava\u201d Lisa 4<\/p>\n<p>&nbsp;<\/p>\n<p>T\u00f6\u00f6lehed:<\/p>\n<p><a href=\"https:\/\/jaaaeg.ee\/wp-content\/uploads\/2018\/09\/J\u00e4\u00e4aja-kujunemine.pdf\" rel=\"\">J\u00e4\u00e4aja kujunemine<\/a><\/p>\n<p><a href=\"https:\/\/jaaaeg.ee\/wp-content\/uploads\/2018\/09\/J\u00e4\u00e4aeg.pdf\" rel=\"\">J\u00e4\u00e4aeg<\/a><\/p>\n<p><a href=\"https:\/\/jaaaeg.ee\/wp-content\/uploads\/2018\/09\/J\u00e4\u00e4-meie-ajas.pdf\" rel=\"\">J\u00e4\u00e4 meie ajas<\/a><\/p>\n<p><a href=\"https:\/\/jaaaeg.ee\/wp-content\/uploads\/2018\/09\/Inimene-j\u00e4\u00e4ajal-PK-I-ja-II.pdf\" rel=\"\">Inimene j\u00e4\u00e4ajal PK I ja II<\/a><\/p>\n<p><a href=\"https:\/\/jaaaeg.ee\/wp-content\/uploads\/2018\/09\/Elustik-j\u00e4\u00e4ajal-PK-I.pdf\" rel=\"\">Elustik j\u00e4\u00e4ajal PK I<\/a><\/p>\n<p>&nbsp;<\/p>\n","protected":false},"excerpt":{"rendered":"V\u00f5imalik tellida ka inglise- ja vene keeles (hind: 145 EUR)","protected":false},"featured_media":0,"template":"","meta":{"_acf_changed":false,"ngg_post_thumbnail":0},"product_brand":[],"product_cat":[54],"product_tag":[],"class_list":{"0":"post-1700","1":"product","2":"type-product","3":"status-publish","5":"product_cat-for-secondary-schools","7":"first","8":"instock","9":"shipping-taxable","10":"product-type-simple"},"acf":[],"yoast_head":"<!-- This site is optimized with the Yoast SEO plugin v27.3 - https:\/\/yoast.com\/product\/yoast-seo-wordpress\/ -->\n<title>Ice age \u2013 a crucial part of the Earth&#039;s development - J\u00e4\u00e4aja Keskus<\/title>\n<meta name=\"robots\" content=\"index, follow, max-snippet:-1, max-image-preview:large, max-video-preview:-1\" \/>\n<link rel=\"canonical\" href=\"https:\/\/jaaaeg.ee\/en\/oppeprogramm\/for-secondary-schools\/ice-age-a-crucial-part-of-the-earths-development\/\" \/>\n<meta property=\"og:locale\" content=\"en_US\" \/>\n<meta property=\"og:type\" content=\"article\" \/>\n<meta property=\"og:title\" content=\"Ice age \u2013 a crucial part of the Earth&#039;s development - J\u00e4\u00e4aja Keskus\" \/>\n<meta property=\"og:description\" content=\"V\u00f5imalik tellida ka inglise- ja vene keeles (hind: 145 EUR)\" \/>\n<meta property=\"og:url\" content=\"https:\/\/jaaaeg.ee\/en\/oppeprogramm\/for-secondary-schools\/ice-age-a-crucial-part-of-the-earths-development\/\" \/>\n<meta property=\"og:site_name\" content=\"J\u00e4\u00e4aja Keskus\" \/>\n<meta property=\"article:publisher\" content=\"https:\/\/www.facebook.com\/JaaajaKeskus\/\" \/>\n<meta name=\"twitter:card\" content=\"summary_large_image\" \/>\n<meta name=\"twitter:label1\" content=\"Est. reading time\" \/>\n\t<meta name=\"twitter:data1\" content=\"2 minutes\" \/>\n<script type=\"application\/ld+json\" class=\"yoast-schema-graph\">{\"@context\":\"https:\\\/\\\/schema.org\",\"@graph\":[{\"@type\":\"WebPage\",\"@id\":\"https:\\\/\\\/jaaaeg.ee\\\/en\\\/oppeprogramm\\\/for-secondary-schools\\\/ice-age-a-crucial-part-of-the-earths-development\\\/\",\"url\":\"https:\\\/\\\/jaaaeg.ee\\\/en\\\/oppeprogramm\\\/for-secondary-schools\\\/ice-age-a-crucial-part-of-the-earths-development\\\/\",\"name\":\"Ice age \u2013 a crucial part of the Earth's development - J\u00e4\u00e4aja Keskus\",\"isPartOf\":{\"@id\":\"https:\\\/\\\/jaaaeg.ee\\\/ru\\\/#website\"},\"datePublished\":\"2018-09-21T08:29:44+00:00\",\"breadcrumb\":{\"@id\":\"https:\\\/\\\/jaaaeg.ee\\\/en\\\/oppeprogramm\\\/for-secondary-schools\\\/ice-age-a-crucial-part-of-the-earths-development\\\/#breadcrumb\"},\"inLanguage\":\"en-US\",\"potentialAction\":[{\"@type\":\"ReadAction\",\"target\":[\"https:\\\/\\\/jaaaeg.ee\\\/en\\\/oppeprogramm\\\/for-secondary-schools\\\/ice-age-a-crucial-part-of-the-earths-development\\\/\"]}]},{\"@type\":\"BreadcrumbList\",\"@id\":\"https:\\\/\\\/jaaaeg.ee\\\/en\\\/oppeprogramm\\\/for-secondary-schools\\\/ice-age-a-crucial-part-of-the-earths-development\\\/#breadcrumb\",\"itemListElement\":[{\"@type\":\"ListItem\",\"position\":1,\"name\":\"Home\",\"item\":\"https:\\\/\\\/jaaaeg.ee\\\/en\\\/\"},{\"@type\":\"ListItem\",\"position\":2,\"name\":\"Ice age \u2013 a crucial part of the Earth&#8217;s development\"}]},{\"@type\":\"WebSite\",\"@id\":\"https:\\\/\\\/jaaaeg.ee\\\/ru\\\/#website\",\"url\":\"https:\\\/\\\/jaaaeg.ee\\\/ru\\\/\",\"name\":\"J\u00e4\u00e4aja Keskus\",\"description\":\"avastamisr\u00f5\u00f5m igas vanuses k\u00fclastajatele\",\"potentialAction\":[{\"@type\":\"SearchAction\",\"target\":{\"@type\":\"EntryPoint\",\"urlTemplate\":\"https:\\\/\\\/jaaaeg.ee\\\/ru\\\/?s={search_term_string}\"},\"query-input\":{\"@type\":\"PropertyValueSpecification\",\"valueRequired\":true,\"valueName\":\"search_term_string\"}}],\"inLanguage\":\"en-US\"}]}<\/script>\n<!-- \/ Yoast SEO plugin. -->","yoast_head_json":{"title":"Ice age \u2013 a crucial part of the Earth's development - J\u00e4\u00e4aja Keskus","robots":{"index":"index","follow":"follow","max-snippet":"max-snippet:-1","max-image-preview":"max-image-preview:large","max-video-preview":"max-video-preview:-1"},"canonical":"https:\/\/jaaaeg.ee\/en\/oppeprogramm\/for-secondary-schools\/ice-age-a-crucial-part-of-the-earths-development\/","og_locale":"en_US","og_type":"article","og_title":"Ice age \u2013 a crucial part of the Earth's development - J\u00e4\u00e4aja Keskus","og_description":"V\u00f5imalik tellida ka inglise- ja vene keeles (hind: 145 EUR)","og_url":"https:\/\/jaaaeg.ee\/en\/oppeprogramm\/for-secondary-schools\/ice-age-a-crucial-part-of-the-earths-development\/","og_site_name":"J\u00e4\u00e4aja Keskus","article_publisher":"https:\/\/www.facebook.com\/JaaajaKeskus\/","twitter_card":"summary_large_image","twitter_misc":{"Est. reading time":"2 minutes"},"schema":{"@context":"https:\/\/schema.org","@graph":[{"@type":"WebPage","@id":"https:\/\/jaaaeg.ee\/en\/oppeprogramm\/for-secondary-schools\/ice-age-a-crucial-part-of-the-earths-development\/","url":"https:\/\/jaaaeg.ee\/en\/oppeprogramm\/for-secondary-schools\/ice-age-a-crucial-part-of-the-earths-development\/","name":"Ice age \u2013 a crucial part of the Earth's development - J\u00e4\u00e4aja Keskus","isPartOf":{"@id":"https:\/\/jaaaeg.ee\/ru\/#website"},"datePublished":"2018-09-21T08:29:44+00:00","breadcrumb":{"@id":"https:\/\/jaaaeg.ee\/en\/oppeprogramm\/for-secondary-schools\/ice-age-a-crucial-part-of-the-earths-development\/#breadcrumb"},"inLanguage":"en-US","potentialAction":[{"@type":"ReadAction","target":["https:\/\/jaaaeg.ee\/en\/oppeprogramm\/for-secondary-schools\/ice-age-a-crucial-part-of-the-earths-development\/"]}]},{"@type":"BreadcrumbList","@id":"https:\/\/jaaaeg.ee\/en\/oppeprogramm\/for-secondary-schools\/ice-age-a-crucial-part-of-the-earths-development\/#breadcrumb","itemListElement":[{"@type":"ListItem","position":1,"name":"Home","item":"https:\/\/jaaaeg.ee\/en\/"},{"@type":"ListItem","position":2,"name":"Ice age \u2013 a crucial part of the Earth&#8217;s development"}]},{"@type":"WebSite","@id":"https:\/\/jaaaeg.ee\/ru\/#website","url":"https:\/\/jaaaeg.ee\/ru\/","name":"J\u00e4\u00e4aja Keskus","description":"avastamisr\u00f5\u00f5m igas vanuses k\u00fclastajatele","potentialAction":[{"@type":"SearchAction","target":{"@type":"EntryPoint","urlTemplate":"https:\/\/jaaaeg.ee\/ru\/?s={search_term_string}"},"query-input":{"@type":"PropertyValueSpecification","valueRequired":true,"valueName":"search_term_string"}}],"inLanguage":"en-US"}]}},"_links":{"self":[{"href":"https:\/\/jaaaeg.ee\/en\/wp-json\/wp\/v2\/product\/1700","targetHints":{"allow":["GET"]}}],"collection":[{"href":"https:\/\/jaaaeg.ee\/en\/wp-json\/wp\/v2\/product"}],"about":[{"href":"https:\/\/jaaaeg.ee\/en\/wp-json\/wp\/v2\/types\/product"}],"wp:attachment":[{"href":"https:\/\/jaaaeg.ee\/en\/wp-json\/wp\/v2\/media?parent=1700"}],"wp:term":[{"taxonomy":"product_brand","embeddable":true,"href":"https:\/\/jaaaeg.ee\/en\/wp-json\/wp\/v2\/product_brand?post=1700"},{"taxonomy":"product_cat","embeddable":true,"href":"https:\/\/jaaaeg.ee\/en\/wp-json\/wp\/v2\/product_cat?post=1700"},{"taxonomy":"product_tag","embeddable":true,"href":"https:\/\/jaaaeg.ee\/en\/wp-json\/wp\/v2\/product_tag?post=1700"}],"curies":[{"name":"wp","href":"https:\/\/api.w.org\/{rel}","templated":true}]}}