{"id":1699,"date":"2018-09-21T11:29:45","date_gmt":"2018-09-21T08:29:45","guid":{"rendered":"http:\/\/jaaaeg.ee\/oppeprogramm\/the-lake-as-an-environment-2\/"},"modified":"2018-09-21T11:29:45","modified_gmt":"2018-09-21T08:29:45","slug":"the-lake-as-an-environment-2","status":"publish","type":"product","link":"https:\/\/jaaaeg.ee\/en\/oppeprogramm\/for-secondary-schools\/the-lake-as-an-environment-2\/","title":{"rendered":"The Lake as an environment"},"content":{"rendered":"<h2>J\u00e4rv elukeskkonnana<\/h2>\n<p>Koostaja: Saadj\u00e4rve Looduskool 2015<\/p>\n<p><strong>Sihtgrupp: <\/strong>4-9 klassi \u00f5pilased<\/p>\n<p><strong>Grupi suurus: <\/strong>~20 \u00f5pilast<\/p>\n<p><strong>Programmi kestus<\/strong>: 1,5 tundi<\/p>\n<p><strong>Koht: <\/strong>Programmi viiakse l\u00e4bi vastavalt aastaajale kas Saadj\u00e4rve Looduskooli \u00f5ppeklassis, Saadj\u00e4rve kaldal v\u00f5i parvega Saadj\u00e4rvel. Aastaringselt. Mai-oktoober j\u00e4rveuuringud parvelt Saadj\u00e4rvel. November-aprill j\u00e4rvemudel, toitumisahel, selgrootute ja taimede uurimine Saadj\u00e4rve Looduskooli \u00f5ppeklassis. Kompass, ilmakaared ja j\u00e4rvevaatlused Saadj\u00e4rve kaldalt\/j\u00e4\u00e4lt.<\/p>\n<p><strong>Seos \u00f5ppekavaga: <\/strong>M\u00e4\u00e4rus nr 14 \u201eP\u00f5hikooli riiklik \u00f5ppekava\u201c lisa 4. 1.5.2. L\u00e4biv teema \u201eKeskkond ja j\u00e4tkusuutlik areng\u201c. 2.2.2. 2. Aastaajad. 2.2.2.3. Organismid ja elupaigad.<\/p>\n<p>2.2.2.6. Ilm. 2.2.2.7. Organismide r\u00fchmad ja kooselu. 2.2.2.10. Minu kodumaa Eesti.<\/p>\n<p><strong>Eesm\u00e4rk: <\/strong>J\u00e4rve ja j\u00e4rveelustiku erip\u00e4raga tutvumine l\u00e4bi looduse vahetu kogemise ning praktiliste tegevuste.<\/p>\n<p><strong>Vahendid:<\/strong><\/p>\n<p>Kaardid, plaanid, fotod, kompassid, s\u00fcgavuse m\u00f5\u00f5tmise kaabel, secchikettad, termomeetrid, temperatuuri m\u00f5\u00f5tmise sondid, kahvad, s\u00f5elad, plastalused, pintsetid, lusikad, transpordiakvaariumid, luubid, m\u00e4\u00e4ramistabelid, binoklid, kummikud, t\u00f6\u00f6lehed, kirjutamisalused, pliiatsid, fotod j\u00e4rveelustikust, j\u00e4rvemudel, toitumisahela skeem, j\u00e4\u00e4puurid.<\/p>\n<p><strong>Alateemad: <\/strong>Kaardi, plaani, pildi v\u00f5rdlus, kompass. Ilmakaarte m\u00e4\u00e4ramine kaardil, \u00f5ues kompassiga. Temperatuuri m\u00f5\u00f5tmine. Ilma vaatlemine. Veetaimede ja -loomade erinevus maismaaorganismidest. Elutingimused j\u00e4rves. J\u00e4rveuuringud. J\u00e4rvede t\u00e4htsus, kasutamine ja kaitse. Veekeskkonna ja maismaakeskkonna v\u00f5rdlus, seosed ja protsessid looduses. J\u00e4rvemudel. Keskkonnakaitse, s\u00e4\u00e4stev areng.<\/p>\n<p><strong>V\u00f5tmes\u00f5nad: <\/strong>Magnetn\u00e4htused, kompass, plaan, pealtvaade, kaart, kaardi legend, leppem\u00e4rk, leppev\u00e4rv, p\u00f5hi- ja vaheilmakaared, j\u00e4rv, j\u00f5gi, asulad. \u00d5hutemperatuur, termomeeter, pilvisus, tuul, sademed: vihm, lumi, suvi, s\u00fcgis, talv, kevad, soojus, valgus, taim, loom, seen, kodukoht, veekogu, maastik. Veetemperatuur, vee l\u00e4bibaistvus, j\u00e4rve s\u00fcgavus. Veetaimed, maismaataimed, selgrootud, selgroogsed, kahepaiksed, roomajad, kalad, linnud, veelinnud, imetajad, putukad, \u00e4mblikud,vastsed, liik, taimtoiduline, loomtoiduline,\u00a0segatoiduline, kooselu, toiduahel. Puu, p\u00f5\u00f5sas, rohttaim, juur, vars, leht, \u00f5is, vili, keha, pea, jalad, saba, kael, tiivad, nokk, suled, karvad, soomused, toitumine, kasvamine, uimed, ujulestad, l\u00f5pused, metsloom, koduloom, lemmikloom. Keskkonnareostus, keskkonnakaitse, s\u00e4\u00e4stev areng.<\/p>\n<p><strong>Tegevused<\/strong><\/p>\n<p><strong>Sissejuhatus<\/strong><\/p>\n<p>P\u00e4evakava, ohutus parvel, kodukorra ning \u00f5ppevahendite tutvustus.<\/p>\n<p><strong>Kaart ja kompass<\/strong><\/p>\n<p>Tutvumine kompassi ja ilmakaartega, plaani ja kaardiga. Ilmakaarte m\u00e4rkimine t\u00f6\u00f6lehele.<\/p>\n<p><strong>J\u00e4rveuuringud parvelt Saadj\u00e4rvel<\/strong><\/p>\n<p>Vee s\u00fcgavuse ja l\u00e4bipaistvuse m\u00f5\u00f5tmine, veetemperatuuri ja \u00f5hutemperatuuri m\u00f5\u00f5tmine. Saadud andmete m\u00e4rkimine t\u00f6\u00f6lehele. Taimede vaatlemine, maismaataimede ja veetaimede v\u00f5rdlus. Selgrootud, (putukad, \u00e4mblikulaadsed, v\u00e4hilaadsed, nende eristamine m\u00e4\u00e4ramistunnuste abil) vastsed. Lindude vaatlemine, veelinnud. Saadj\u00e4rve kalad. J\u00e4rvega seotud imetajad. Seosed ja protsessid j\u00e4rves, toitumisahel.<\/p>\n<p><strong>Kokkuv\u00f5te<\/strong><\/p>\n<p>\u00d5pitu kinnistamiseks m\u00e4ngitakse kaldal keskkonnam\u00e4nge.<\/p>\n<p><strong>Programmis kasutatavad metoodikad: <\/strong>Aktiiv\u00f5ppemeetodid. Osaleja \u00f5pib l\u00e4bi vaatlemise, uurimise, avastamise, v\u00f5rdlemise, katsetamise, suhtlemise.<\/p>\n<p><strong>N\u00f5utavad taustateadmised ja \u00f5petaja ettevalmistav tegevus enne programmi<\/strong>: Osalejatel on vajalik ilmale vastav riietus. Oskus k\u00e4ituda veekogu \u00e4\u00e4res ja parvel. Elusolendite uurimine neid kahjustamata. Soovitav on koolis eelnevalt tutvustada j\u00e4rveelustiku teemat.<\/p>\n<p><strong>Soovitatav kirjandus:<\/strong><\/p>\n<ol>\n<li>M\u00e4emets, H. jt \u201e Euroopa magevee elustik\u201c 2008<\/li>\n<li>Hart, M. jt \u201eLooduseraamat\u201d<\/li>\n<li>Eesti elusloodus. Kodumaa looduse teejuht. 2001<\/li>\n<li>Voore, V. \u201eZooloogilisi ekskursioone\u201d 1961<\/li>\n<li>M\u00e4emets, A. \u201eEesti j\u00e4rved\u201d 1968<\/li>\n<\/ol>\n<p>T\u00f6\u00f6lehed:<\/p>\n<p><a href=\"https:\/\/jaaaeg.ee\/wp-content\/uploads\/2018\/09\/Veeselgrootud_Saadjarvel.pdf\" rel=\"\">Veeselgrootud_Saadjarvel<\/a><\/p>\n<p><a href=\"https:\/\/jaaaeg.ee\/wp-content\/uploads\/2018\/09\/Veetaimed_Saadjarvel.pdf\" rel=\"\">Veetaimed_Saadjarvel<\/a><\/p>\n<p><a href=\"https:\/\/jaaaeg.ee\/wp-content\/uploads\/2018\/09\/Mootmised_Saadjarvel_PKII_ja_PKIII.pdf\" rel=\"\">Mootmised_Saadjarvel_PKII_ja_PKIII<\/a><\/p>\n<p><a href=\"https:\/\/jaaaeg.ee\/wp-content\/uploads\/2018\/09\/Navigeerimine_Saadjarvel_PKII_ja_PKIII.pdf\" rel=\"\">Navigeerimine_Saadjarvel_PKII_ja_PKIII<\/a><\/p>\n<p>&nbsp;<\/p>\n<p>Programmi kirjeldus ja erinevad moodulid:\u00a0<a href=\"https:\/\/jaaaeg.ee\/wp-content\/uploads\/2018\/09\/J\u00e4rv-elukeskonnana-\u00f5ppeprogramm-ja-moodulid-juhend.pdf\" rel=\"\">J\u00e4rv elukeskkonnana<\/a><\/p>\n<p>Programmi kirjeldus ja erinevad moodulid ENG:\u00a0<a href=\"https:\/\/jaaaeg.ee\/wp-content\/uploads\/2018\/09\/J\u00e4rv-elukeskonnana-\u00f5ppeprogramm-ja-moodulid-juhend-ENG.pdf\" rel=\"\">J\u00e4rv elukeskkonnana ENG<\/a><\/p>\n<p>Programmi kirjeldus ja erinevad moodulid RUS:\u00a0<a href=\"https:\/\/jaaaeg.ee\/wp-content\/uploads\/2018\/09\/J\u00e4rv-elukeskonnana-\u00f5ppeprogramm-ja-moodulid-juhend-RUS.pdf\" rel=\"\">J\u00e4rv elukeskkonnana RUS<\/a><\/p>\n<p>&nbsp;<\/p>\n<p><strong>T\u00f6\u00f6lehed inglise keeles:<\/strong><\/p>\n<p><a href=\"https:\/\/jaaaeg.ee\/wp-content\/uploads\/2018\/09\/ENG_Veetaimed-Saadj\u00e4rvel.pdf\" rel=\"\">Veetaimed Saadj\u00e4rvel ENG<\/a><\/p>\n<p><a href=\"https:\/\/jaaaeg.ee\/wp-content\/uploads\/2018\/09\/ENG_Veeselgrootud-Saadj\u00e4rvel.pdf\" rel=\"\">Veeselgrootud Saadj\u00e4rvel ENG<\/a><\/p>\n<p><a href=\"https:\/\/jaaaeg.ee\/wp-content\/uploads\/2018\/09\/ENG_Uurimuslik-\u00f5pe.pdf\" rel=\"\">Uurimuslik \u00f5pe ENG<\/a><\/p>\n<p><a href=\"https:\/\/jaaaeg.ee\/wp-content\/uploads\/2018\/09\/ENG_Navigeerimine-Saadj\u00e4rvel.pdf\" rel=\"\">Navigeerimine Saadj\u00e4rvel ENG<\/a><\/p>\n<p><a href=\"https:\/\/jaaaeg.ee\/wp-content\/uploads\/2018\/09\/ENG_M\u00f5\u00f5tmised-Saadj\u00e4rvel.pdf\" rel=\"\">M\u00f5\u00f5tmised Saadj\u00e4rvel ENG<\/a><\/p>\n<p><strong>T\u00f6\u00f6lehed vene keeles:<\/strong><\/p>\n<p><a href=\"https:\/\/jaaaeg.ee\/wp-content\/uploads\/2018\/09\/RUS_Veetaimed-Saadj\u00e4rvel.pdf\" rel=\"\">Veetaimed Saadj\u00e4rvel RUS<\/a><\/p>\n<p><a href=\"https:\/\/jaaaeg.ee\/wp-content\/uploads\/2018\/09\/RUS_Veeselgrootud-Saadj\u00e4rvel.pdf\" rel=\"\">Veeselgrootud Saadj\u00e4rvel RUS<\/a><\/p>\n<p><a href=\"https:\/\/jaaaeg.ee\/wp-content\/uploads\/2018\/09\/RUS_Uurimuslik-\u00f5pe.pdf\" rel=\"\">Uurimuslik \u00f5pe RUS<\/a><\/p>\n<p><a href=\"https:\/\/jaaaeg.ee\/wp-content\/uploads\/2018\/09\/RUS_Navigeerimine-Saadj\u00e4rvel.pdf\" rel=\"\">Navigeerimine Saadj\u00e4rvel RUS<\/a><\/p>\n<p><a href=\"https:\/\/jaaaeg.ee\/wp-content\/uploads\/2018\/09\/RUS_M\u00f5\u00f5tmised-Saadj\u00e4rvel.pdf\" rel=\"\">M\u00f5\u00f5tmised Saadj\u00e4rvel RUS<\/a><\/p>\n","protected":false},"excerpt":{"rendered":"<p><strong>Hind<\/strong>: J\u00e4rveuuringud parvelt 150.00 EUR, j\u00e4rveuuringud j\u00e4\u00e4lt (kuni 24 \u00f5pilast) 150.00 EUR, j\u00e4rveuuringud kaldalt 135.00\u00a0EUR<\/p>\r\n<p>J\u00e4rv elukeskkonnana on Saadj\u00e4rve Looduskooli programm.<\/p>\r\n<p>Saadj\u00e4rve Looduskool ei ole k\u00e4ibemaksukohuslane.<\/p>\r\n","protected":false},"featured_media":16667,"template":"","meta":{"_acf_changed":false,"ngg_post_thumbnail":0},"product_brand":[],"product_cat":[54,112],"product_tag":[],"class_list":{"0":"post-1699","1":"product","2":"type-product","3":"status-publish","4":"has-post-thumbnail","6":"product_cat-for-secondary-schools","7":"product_cat-gymna-en","8":"product_shipping_class-parvesoit-en","10":"first","11":"instock","12":"virtual","13":"product-type-simple"},"acf":[],"yoast_head":"<!-- This site is optimized with the Yoast SEO plugin v27.3 - https:\/\/yoast.com\/product\/yoast-seo-wordpress\/ -->\n<title>The Lake as an environment - J\u00e4\u00e4aja Keskus<\/title>\n<meta name=\"robots\" content=\"index, follow, max-snippet:-1, max-image-preview:large, max-video-preview:-1\" \/>\n<link rel=\"canonical\" href=\"https:\/\/jaaaeg.ee\/en\/oppeprogramm\/for-secondary-schools\/the-lake-as-an-environment-2\/\" \/>\n<meta property=\"og:locale\" content=\"en_US\" \/>\n<meta property=\"og:type\" content=\"article\" \/>\n<meta property=\"og:title\" content=\"The Lake as an environment - J\u00e4\u00e4aja Keskus\" \/>\n<meta property=\"og:description\" content=\"Hind: J\u00e4rveuuringud parvelt 150.00 EUR, j\u00e4rveuuringud j\u00e4\u00e4lt (kuni 24 \u00f5pilast) 150.00 EUR, j\u00e4rveuuringud kaldalt 135.00\u00a0EUR J\u00e4rv elukeskkonnana on Saadj\u00e4rve Looduskooli programm. Saadj\u00e4rve Looduskool ei ole k\u00e4ibemaksukohuslane.\" \/>\n<meta property=\"og:url\" content=\"https:\/\/jaaaeg.ee\/en\/oppeprogramm\/for-secondary-schools\/the-lake-as-an-environment-2\/\" \/>\n<meta property=\"og:site_name\" content=\"J\u00e4\u00e4aja Keskus\" \/>\n<meta property=\"article:publisher\" content=\"https:\/\/www.facebook.com\/JaaajaKeskus\/\" \/>\n<meta name=\"twitter:card\" content=\"summary_large_image\" \/>\n<meta name=\"twitter:label1\" content=\"Est. reading time\" \/>\n\t<meta name=\"twitter:data1\" content=\"3 minutes\" \/>\n<script type=\"application\/ld+json\" class=\"yoast-schema-graph\">{\"@context\":\"https:\\\/\\\/schema.org\",\"@graph\":[{\"@type\":\"WebPage\",\"@id\":\"https:\\\/\\\/jaaaeg.ee\\\/en\\\/oppeprogramm\\\/for-secondary-schools\\\/the-lake-as-an-environment-2\\\/\",\"url\":\"https:\\\/\\\/jaaaeg.ee\\\/en\\\/oppeprogramm\\\/for-secondary-schools\\\/the-lake-as-an-environment-2\\\/\",\"name\":\"The Lake as an environment - J\u00e4\u00e4aja Keskus\",\"isPartOf\":{\"@id\":\"https:\\\/\\\/jaaaeg.ee\\\/ru\\\/#website\"},\"primaryImageOfPage\":{\"@id\":\"https:\\\/\\\/jaaaeg.ee\\\/en\\\/oppeprogramm\\\/for-secondary-schools\\\/the-lake-as-an-environment-2\\\/#primaryimage\"},\"image\":{\"@id\":\"https:\\\/\\\/jaaaeg.ee\\\/en\\\/oppeprogramm\\\/for-secondary-schools\\\/the-lake-as-an-environment-2\\\/#primaryimage\"},\"thumbnailUrl\":\"https:\\\/\\\/jaaaeg.ee\\\/wp-content\\\/uploads\\\/2018\\\/09\\\/2_Saadj-rv-scaled.jpg\",\"datePublished\":\"2018-09-21T08:29:45+00:00\",\"breadcrumb\":{\"@id\":\"https:\\\/\\\/jaaaeg.ee\\\/en\\\/oppeprogramm\\\/for-secondary-schools\\\/the-lake-as-an-environment-2\\\/#breadcrumb\"},\"inLanguage\":\"en-US\",\"potentialAction\":[{\"@type\":\"ReadAction\",\"target\":[\"https:\\\/\\\/jaaaeg.ee\\\/en\\\/oppeprogramm\\\/for-secondary-schools\\\/the-lake-as-an-environment-2\\\/\"]}]},{\"@type\":\"ImageObject\",\"inLanguage\":\"en-US\",\"@id\":\"https:\\\/\\\/jaaaeg.ee\\\/en\\\/oppeprogramm\\\/for-secondary-schools\\\/the-lake-as-an-environment-2\\\/#primaryimage\",\"url\":\"https:\\\/\\\/jaaaeg.ee\\\/wp-content\\\/uploads\\\/2018\\\/09\\\/2_Saadj-rv-scaled.jpg\",\"contentUrl\":\"https:\\\/\\\/jaaaeg.ee\\\/wp-content\\\/uploads\\\/2018\\\/09\\\/2_Saadj-rv-scaled.jpg\",\"width\":1920,\"height\":2560,\"caption\":\"2 Saadj rv scaled\"},{\"@type\":\"BreadcrumbList\",\"@id\":\"https:\\\/\\\/jaaaeg.ee\\\/en\\\/oppeprogramm\\\/for-secondary-schools\\\/the-lake-as-an-environment-2\\\/#breadcrumb\",\"itemListElement\":[{\"@type\":\"ListItem\",\"position\":1,\"name\":\"Home\",\"item\":\"https:\\\/\\\/jaaaeg.ee\\\/en\\\/\"},{\"@type\":\"ListItem\",\"position\":2,\"name\":\"The Lake as an environment\"}]},{\"@type\":\"WebSite\",\"@id\":\"https:\\\/\\\/jaaaeg.ee\\\/ru\\\/#website\",\"url\":\"https:\\\/\\\/jaaaeg.ee\\\/ru\\\/\",\"name\":\"J\u00e4\u00e4aja Keskus\",\"description\":\"avastamisr\u00f5\u00f5m igas vanuses k\u00fclastajatele\",\"potentialAction\":[{\"@type\":\"SearchAction\",\"target\":{\"@type\":\"EntryPoint\",\"urlTemplate\":\"https:\\\/\\\/jaaaeg.ee\\\/ru\\\/?s={search_term_string}\"},\"query-input\":{\"@type\":\"PropertyValueSpecification\",\"valueRequired\":true,\"valueName\":\"search_term_string\"}}],\"inLanguage\":\"en-US\"}]}<\/script>\n<!-- \/ Yoast SEO plugin. -->","yoast_head_json":{"title":"The Lake as an environment - J\u00e4\u00e4aja Keskus","robots":{"index":"index","follow":"follow","max-snippet":"max-snippet:-1","max-image-preview":"max-image-preview:large","max-video-preview":"max-video-preview:-1"},"canonical":"https:\/\/jaaaeg.ee\/en\/oppeprogramm\/for-secondary-schools\/the-lake-as-an-environment-2\/","og_locale":"en_US","og_type":"article","og_title":"The Lake as an environment - J\u00e4\u00e4aja Keskus","og_description":"Hind: J\u00e4rveuuringud parvelt 150.00 EUR, j\u00e4rveuuringud j\u00e4\u00e4lt (kuni 24 \u00f5pilast) 150.00 EUR, j\u00e4rveuuringud kaldalt 135.00\u00a0EUR J\u00e4rv elukeskkonnana on Saadj\u00e4rve Looduskooli programm. Saadj\u00e4rve Looduskool ei ole k\u00e4ibemaksukohuslane.","og_url":"https:\/\/jaaaeg.ee\/en\/oppeprogramm\/for-secondary-schools\/the-lake-as-an-environment-2\/","og_site_name":"J\u00e4\u00e4aja Keskus","article_publisher":"https:\/\/www.facebook.com\/JaaajaKeskus\/","twitter_card":"summary_large_image","twitter_misc":{"Est. reading time":"3 minutes"},"schema":{"@context":"https:\/\/schema.org","@graph":[{"@type":"WebPage","@id":"https:\/\/jaaaeg.ee\/en\/oppeprogramm\/for-secondary-schools\/the-lake-as-an-environment-2\/","url":"https:\/\/jaaaeg.ee\/en\/oppeprogramm\/for-secondary-schools\/the-lake-as-an-environment-2\/","name":"The Lake as an environment - J\u00e4\u00e4aja Keskus","isPartOf":{"@id":"https:\/\/jaaaeg.ee\/ru\/#website"},"primaryImageOfPage":{"@id":"https:\/\/jaaaeg.ee\/en\/oppeprogramm\/for-secondary-schools\/the-lake-as-an-environment-2\/#primaryimage"},"image":{"@id":"https:\/\/jaaaeg.ee\/en\/oppeprogramm\/for-secondary-schools\/the-lake-as-an-environment-2\/#primaryimage"},"thumbnailUrl":"https:\/\/jaaaeg.ee\/wp-content\/uploads\/2018\/09\/2_Saadj-rv-scaled.jpg","datePublished":"2018-09-21T08:29:45+00:00","breadcrumb":{"@id":"https:\/\/jaaaeg.ee\/en\/oppeprogramm\/for-secondary-schools\/the-lake-as-an-environment-2\/#breadcrumb"},"inLanguage":"en-US","potentialAction":[{"@type":"ReadAction","target":["https:\/\/jaaaeg.ee\/en\/oppeprogramm\/for-secondary-schools\/the-lake-as-an-environment-2\/"]}]},{"@type":"ImageObject","inLanguage":"en-US","@id":"https:\/\/jaaaeg.ee\/en\/oppeprogramm\/for-secondary-schools\/the-lake-as-an-environment-2\/#primaryimage","url":"https:\/\/jaaaeg.ee\/wp-content\/uploads\/2018\/09\/2_Saadj-rv-scaled.jpg","contentUrl":"https:\/\/jaaaeg.ee\/wp-content\/uploads\/2018\/09\/2_Saadj-rv-scaled.jpg","width":1920,"height":2560,"caption":"2 Saadj rv scaled"},{"@type":"BreadcrumbList","@id":"https:\/\/jaaaeg.ee\/en\/oppeprogramm\/for-secondary-schools\/the-lake-as-an-environment-2\/#breadcrumb","itemListElement":[{"@type":"ListItem","position":1,"name":"Home","item":"https:\/\/jaaaeg.ee\/en\/"},{"@type":"ListItem","position":2,"name":"The Lake as an environment"}]},{"@type":"WebSite","@id":"https:\/\/jaaaeg.ee\/ru\/#website","url":"https:\/\/jaaaeg.ee\/ru\/","name":"J\u00e4\u00e4aja Keskus","description":"avastamisr\u00f5\u00f5m igas vanuses k\u00fclastajatele","potentialAction":[{"@type":"SearchAction","target":{"@type":"EntryPoint","urlTemplate":"https:\/\/jaaaeg.ee\/ru\/?s={search_term_string}"},"query-input":{"@type":"PropertyValueSpecification","valueRequired":true,"valueName":"search_term_string"}}],"inLanguage":"en-US"}]}},"_links":{"self":[{"href":"https:\/\/jaaaeg.ee\/en\/wp-json\/wp\/v2\/product\/1699","targetHints":{"allow":["GET"]}}],"collection":[{"href":"https:\/\/jaaaeg.ee\/en\/wp-json\/wp\/v2\/product"}],"about":[{"href":"https:\/\/jaaaeg.ee\/en\/wp-json\/wp\/v2\/types\/product"}],"wp:featuredmedia":[{"embeddable":true,"href":"https:\/\/jaaaeg.ee\/en\/wp-json\/wp\/v2\/media\/16667"}],"wp:attachment":[{"href":"https:\/\/jaaaeg.ee\/en\/wp-json\/wp\/v2\/media?parent=1699"}],"wp:term":[{"taxonomy":"product_brand","embeddable":true,"href":"https:\/\/jaaaeg.ee\/en\/wp-json\/wp\/v2\/product_brand?post=1699"},{"taxonomy":"product_cat","embeddable":true,"href":"https:\/\/jaaaeg.ee\/en\/wp-json\/wp\/v2\/product_cat?post=1699"},{"taxonomy":"product_tag","embeddable":true,"href":"https:\/\/jaaaeg.ee\/en\/wp-json\/wp\/v2\/product_tag?post=1699"}],"curies":[{"name":"wp","href":"https:\/\/api.w.org\/{rel}","templated":true}]}}