{"id":1698,"date":"2018-09-21T11:29:53","date_gmt":"2018-09-21T08:29:53","guid":{"rendered":"http:\/\/jaaaeg.ee\/oppeprogramm\/the-legacy-of-the-ice-age-the-colorful-world-of-erratic-boulders\/"},"modified":"2025-06-05T10:29:40","modified_gmt":"2025-06-05T07:29:40","slug":"the-legacy-of-the-ice-age-the-colorful-world-of-erratic-boulders","status":"publish","type":"product","link":"https:\/\/jaaaeg.ee\/en\/oppeprogramm\/for-secondary-schools\/the-legacy-of-the-ice-age-the-colorful-world-of-erratic-boulders\/","title":{"rendered":"The legacy of the ice age \u2013 the colorful world of erratic boulders"},"content":{"rendered":"<h2>J\u00e4\u00e4aja p\u00e4randus \u2013 r\u00e4ndkivide v\u00e4rviline maailm<\/h2>\n<p>Programmis osalejatele tutvustatakse j\u00e4\u00e4liustiku kasvamist, liikumist, kulutavat ja kuhjuvat toimet. Selgitatakse erinevate r\u00e4ndkivimite tekkimist, p\u00e4ritolu, r\u00e4ndeteed. Luuakse seoseid r\u00e4ndkivide ja P\u00f5hja-Euroopa kivimikihtide paiknemise vahel. Kivipargis ja J\u00e4\u00e4aja Keskuses tutvutakse erinevate kivimit\u00fc\u00fcpidega. Tardkivimeid, settekivimeid ja moondekivimeid \u00f5pitakse \u00fcksteisest eristama r\u00fchmat\u00f6\u00f6 k\u00e4igus.<\/p>\n<p><strong>Sihtr\u00fchm:<\/strong> 7.-9. klass<\/p>\n<p><strong>Kestus:<\/strong>&nbsp;1,5 tundi<\/p>\n<p><strong>Koht:<\/strong> J\u00e4\u00e4aja Keskuse kivipark, J\u00e4\u00e4aja Keskuse 1. korruse ja 2. korruse ekspositsioon<\/p>\n<p><strong>R\u00fchma suurus:&nbsp;<\/strong>kuni 25 \u00f5pilast<\/p>\n<p>&nbsp;<\/p>\n<p><strong>\u00d5ppeprogrammi kirjeldus pdf formaadis:<\/strong><\/p>\n<p><a href=\"https:\/\/jaaaeg.ee\/wp-content\/uploads\/2018\/09\/PKIII_OP_Kivimid.pdf\" target=\"_blank\" rel=\"noopener\">R\u00e4ndkivide v\u00e4rviline maailm<\/a><\/p>\n<p><a href=\"https:\/\/jaaaeg.ee\/wp-content\/uploads\/2018\/09\/ENG-J\u00e4\u00e4aja-p\u00e4randus-r\u00e4ndkivide-v\u00e4rviline-maailm-PK-III.pdf\" target=\"_blank\" rel=\"noopener\">ENG J\u00e4\u00e4aja p\u00e4randus<\/a><\/p>\n<p><strong>T\u00f6\u00f6lehed:<\/strong><\/p>\n<p><a href=\"https:\/\/jaaaeg.ee\/wp-content\/uploads\/2018\/09\/T\u00f6\u00f6leht-R\u00e4ndrahnud-EST.pdf\" rel=\"\">R\u00e4ndrahnud<\/a><\/p>\n<p><a href=\"https:\/\/jaaaeg.ee\/wp-content\/uploads\/2018\/09\/T\u00f6\u00f6leht-R\u00e4ndrahnud_eng.pdf\" rel=\"\">ENG T\u00f6\u00f6leht<\/a><\/p>\n<p><a href=\"https:\/\/jaaaeg.ee\/wp-content\/uploads\/2018\/09\/RUS-J\u00e4\u00e4aja-p\u00e4randus-r\u00e4ndkivide-v\u00e4rviline-maailm-PK-III.pdf\" rel=\"\">RUS J\u00e4\u00e4aja p\u00e4randus<\/a><\/p>\n<p><a href=\"https:\/\/jaaaeg.ee\/wp-content\/uploads\/2018\/09\/T\u00f6\u00f6leht-R\u00e4ndrahnud_rus.pdf\" rel=\"\">RUS T\u00f6\u00f6leht<\/a><\/p>\n","protected":false},"excerpt":{"rendered":"J\u00e4\u00e4aja Keskuse \u00f5ppeprogramm, mis avab r\u00e4ndkivide ja nende uurimise p\u00f5neva maailma.\r\n\r\n\u00d5ppeprogrammi on v\u00f5imalik tellida ka vene- ja inglise keeles (hind 155.00 EUR)","protected":false},"featured_media":472,"template":"","meta":{"_acf_changed":false,"ngg_post_thumbnail":0},"product_brand":[],"product_cat":[54],"product_tag":[],"class_list":{"0":"post-1698","1":"product","2":"type-product","3":"status-publish","4":"has-post-thumbnail","6":"product_cat-for-secondary-schools","8":"first","9":"instock","10":"shipping-taxable","11":"product-type-simple"},"acf":[],"yoast_head":"<!-- This site is optimized with the Yoast SEO plugin v27.3 - https:\/\/yoast.com\/product\/yoast-seo-wordpress\/ -->\n<title>The legacy of the ice age \u2013 the colorful world of erratic boulders - J\u00e4\u00e4aja Keskus<\/title>\n<meta name=\"robots\" content=\"index, follow, max-snippet:-1, max-image-preview:large, max-video-preview:-1\" \/>\n<link rel=\"canonical\" href=\"https:\/\/jaaaeg.ee\/en\/oppeprogramm\/uncategorized\/the-legacy-of-the-ice-age-the-colorful-world-of-erratic-boulders\/\" \/>\n<meta property=\"og:locale\" content=\"en_US\" \/>\n<meta property=\"og:type\" content=\"article\" \/>\n<meta property=\"og:title\" content=\"The legacy of the ice age \u2013 the colorful world of erratic boulders - J\u00e4\u00e4aja Keskus\" \/>\n<meta property=\"og:description\" content=\"J\u00e4\u00e4aja Keskuse \u00f5ppeprogramm, mis avab r\u00e4ndkivide ja nende uurimise p\u00f5neva maailma.  \u00d5ppeprogrammi on v\u00f5imalik tellida ka vene- ja inglise keeles (hind 155.00 EUR)\" \/>\n<meta property=\"og:url\" content=\"https:\/\/jaaaeg.ee\/en\/oppeprogramm\/uncategorized\/the-legacy-of-the-ice-age-the-colorful-world-of-erratic-boulders\/\" \/>\n<meta property=\"og:site_name\" content=\"J\u00e4\u00e4aja Keskus\" \/>\n<meta property=\"article:publisher\" content=\"https:\/\/www.facebook.com\/JaaajaKeskus\/\" \/>\n<meta property=\"article:modified_time\" content=\"2025-06-05T07:29:40+00:00\" \/>\n<meta name=\"twitter:card\" content=\"summary_large_image\" \/>\n<meta name=\"twitter:label1\" content=\"Est. reading time\" \/>\n\t<meta name=\"twitter:data1\" content=\"1 minute\" \/>\n<script type=\"application\/ld+json\" class=\"yoast-schema-graph\">{\"@context\":\"https:\\\/\\\/schema.org\",\"@graph\":[{\"@type\":\"WebPage\",\"@id\":\"https:\\\/\\\/jaaaeg.ee\\\/en\\\/oppeprogramm\\\/uncategorized\\\/the-legacy-of-the-ice-age-the-colorful-world-of-erratic-boulders\\\/\",\"url\":\"https:\\\/\\\/jaaaeg.ee\\\/en\\\/oppeprogramm\\\/uncategorized\\\/the-legacy-of-the-ice-age-the-colorful-world-of-erratic-boulders\\\/\",\"name\":\"The legacy of the ice age \u2013 the colorful world of erratic boulders - J\u00e4\u00e4aja Keskus\",\"isPartOf\":{\"@id\":\"https:\\\/\\\/jaaaeg.ee\\\/ru\\\/#website\"},\"primaryImageOfPage\":{\"@id\":\"https:\\\/\\\/jaaaeg.ee\\\/en\\\/oppeprogramm\\\/uncategorized\\\/the-legacy-of-the-ice-age-the-colorful-world-of-erratic-boulders\\\/#primaryimage\"},\"image\":{\"@id\":\"https:\\\/\\\/jaaaeg.ee\\\/en\\\/oppeprogramm\\\/uncategorized\\\/the-legacy-of-the-ice-age-the-colorful-world-of-erratic-boulders\\\/#primaryimage\"},\"thumbnailUrl\":\"https:\\\/\\\/jaaaeg.ee\\\/wp-content\\\/uploads\\\/2018\\\/09\\\/lapsed_r\u00e4ndkivid.jpg\",\"datePublished\":\"2018-09-21T08:29:53+00:00\",\"dateModified\":\"2025-06-05T07:29:40+00:00\",\"breadcrumb\":{\"@id\":\"https:\\\/\\\/jaaaeg.ee\\\/en\\\/oppeprogramm\\\/uncategorized\\\/the-legacy-of-the-ice-age-the-colorful-world-of-erratic-boulders\\\/#breadcrumb\"},\"inLanguage\":\"en-US\",\"potentialAction\":[{\"@type\":\"ReadAction\",\"target\":[\"https:\\\/\\\/jaaaeg.ee\\\/en\\\/oppeprogramm\\\/uncategorized\\\/the-legacy-of-the-ice-age-the-colorful-world-of-erratic-boulders\\\/\"]}]},{\"@type\":\"ImageObject\",\"inLanguage\":\"en-US\",\"@id\":\"https:\\\/\\\/jaaaeg.ee\\\/en\\\/oppeprogramm\\\/uncategorized\\\/the-legacy-of-the-ice-age-the-colorful-world-of-erratic-boulders\\\/#primaryimage\",\"url\":\"https:\\\/\\\/jaaaeg.ee\\\/wp-content\\\/uploads\\\/2018\\\/09\\\/lapsed_r\u00e4ndkivid.jpg\",\"contentUrl\":\"https:\\\/\\\/jaaaeg.ee\\\/wp-content\\\/uploads\\\/2018\\\/09\\\/lapsed_r\u00e4ndkivid.jpg\",\"width\":2048,\"height\":1365,\"caption\":\"lapsed r\u00e4ndkivid\"},{\"@type\":\"BreadcrumbList\",\"@id\":\"https:\\\/\\\/jaaaeg.ee\\\/en\\\/oppeprogramm\\\/uncategorized\\\/the-legacy-of-the-ice-age-the-colorful-world-of-erratic-boulders\\\/#breadcrumb\",\"itemListElement\":[{\"@type\":\"ListItem\",\"position\":1,\"name\":\"Home\",\"item\":\"https:\\\/\\\/jaaaeg.ee\\\/en\\\/\"},{\"@type\":\"ListItem\",\"position\":2,\"name\":\"The legacy of the ice age \u2013 the colorful world of erratic boulders\"}]},{\"@type\":\"WebSite\",\"@id\":\"https:\\\/\\\/jaaaeg.ee\\\/ru\\\/#website\",\"url\":\"https:\\\/\\\/jaaaeg.ee\\\/ru\\\/\",\"name\":\"J\u00e4\u00e4aja Keskus\",\"description\":\"avastamisr\u00f5\u00f5m igas vanuses k\u00fclastajatele\",\"potentialAction\":[{\"@type\":\"SearchAction\",\"target\":{\"@type\":\"EntryPoint\",\"urlTemplate\":\"https:\\\/\\\/jaaaeg.ee\\\/ru\\\/?s={search_term_string}\"},\"query-input\":{\"@type\":\"PropertyValueSpecification\",\"valueRequired\":true,\"valueName\":\"search_term_string\"}}],\"inLanguage\":\"en-US\"}]}<\/script>\n<!-- \/ Yoast SEO plugin. -->","yoast_head_json":{"title":"The legacy of the ice age \u2013 the colorful world of erratic boulders - J\u00e4\u00e4aja Keskus","robots":{"index":"index","follow":"follow","max-snippet":"max-snippet:-1","max-image-preview":"max-image-preview:large","max-video-preview":"max-video-preview:-1"},"canonical":"https:\/\/jaaaeg.ee\/en\/oppeprogramm\/uncategorized\/the-legacy-of-the-ice-age-the-colorful-world-of-erratic-boulders\/","og_locale":"en_US","og_type":"article","og_title":"The legacy of the ice age \u2013 the colorful world of erratic boulders - J\u00e4\u00e4aja Keskus","og_description":"J\u00e4\u00e4aja Keskuse \u00f5ppeprogramm, mis avab r\u00e4ndkivide ja nende uurimise p\u00f5neva maailma.  \u00d5ppeprogrammi on v\u00f5imalik tellida ka vene- ja inglise keeles (hind 155.00 EUR)","og_url":"https:\/\/jaaaeg.ee\/en\/oppeprogramm\/uncategorized\/the-legacy-of-the-ice-age-the-colorful-world-of-erratic-boulders\/","og_site_name":"J\u00e4\u00e4aja Keskus","article_publisher":"https:\/\/www.facebook.com\/JaaajaKeskus\/","article_modified_time":"2025-06-05T07:29:40+00:00","twitter_card":"summary_large_image","twitter_misc":{"Est. reading time":"1 minute"},"schema":{"@context":"https:\/\/schema.org","@graph":[{"@type":"WebPage","@id":"https:\/\/jaaaeg.ee\/en\/oppeprogramm\/uncategorized\/the-legacy-of-the-ice-age-the-colorful-world-of-erratic-boulders\/","url":"https:\/\/jaaaeg.ee\/en\/oppeprogramm\/uncategorized\/the-legacy-of-the-ice-age-the-colorful-world-of-erratic-boulders\/","name":"The legacy of the ice age \u2013 the colorful world of erratic boulders - J\u00e4\u00e4aja Keskus","isPartOf":{"@id":"https:\/\/jaaaeg.ee\/ru\/#website"},"primaryImageOfPage":{"@id":"https:\/\/jaaaeg.ee\/en\/oppeprogramm\/uncategorized\/the-legacy-of-the-ice-age-the-colorful-world-of-erratic-boulders\/#primaryimage"},"image":{"@id":"https:\/\/jaaaeg.ee\/en\/oppeprogramm\/uncategorized\/the-legacy-of-the-ice-age-the-colorful-world-of-erratic-boulders\/#primaryimage"},"thumbnailUrl":"https:\/\/jaaaeg.ee\/wp-content\/uploads\/2018\/09\/lapsed_r\u00e4ndkivid.jpg","datePublished":"2018-09-21T08:29:53+00:00","dateModified":"2025-06-05T07:29:40+00:00","breadcrumb":{"@id":"https:\/\/jaaaeg.ee\/en\/oppeprogramm\/uncategorized\/the-legacy-of-the-ice-age-the-colorful-world-of-erratic-boulders\/#breadcrumb"},"inLanguage":"en-US","potentialAction":[{"@type":"ReadAction","target":["https:\/\/jaaaeg.ee\/en\/oppeprogramm\/uncategorized\/the-legacy-of-the-ice-age-the-colorful-world-of-erratic-boulders\/"]}]},{"@type":"ImageObject","inLanguage":"en-US","@id":"https:\/\/jaaaeg.ee\/en\/oppeprogramm\/uncategorized\/the-legacy-of-the-ice-age-the-colorful-world-of-erratic-boulders\/#primaryimage","url":"https:\/\/jaaaeg.ee\/wp-content\/uploads\/2018\/09\/lapsed_r\u00e4ndkivid.jpg","contentUrl":"https:\/\/jaaaeg.ee\/wp-content\/uploads\/2018\/09\/lapsed_r\u00e4ndkivid.jpg","width":2048,"height":1365,"caption":"lapsed r\u00e4ndkivid"},{"@type":"BreadcrumbList","@id":"https:\/\/jaaaeg.ee\/en\/oppeprogramm\/uncategorized\/the-legacy-of-the-ice-age-the-colorful-world-of-erratic-boulders\/#breadcrumb","itemListElement":[{"@type":"ListItem","position":1,"name":"Home","item":"https:\/\/jaaaeg.ee\/en\/"},{"@type":"ListItem","position":2,"name":"The legacy of the ice age \u2013 the colorful world of erratic boulders"}]},{"@type":"WebSite","@id":"https:\/\/jaaaeg.ee\/ru\/#website","url":"https:\/\/jaaaeg.ee\/ru\/","name":"J\u00e4\u00e4aja Keskus","description":"avastamisr\u00f5\u00f5m igas vanuses k\u00fclastajatele","potentialAction":[{"@type":"SearchAction","target":{"@type":"EntryPoint","urlTemplate":"https:\/\/jaaaeg.ee\/ru\/?s={search_term_string}"},"query-input":{"@type":"PropertyValueSpecification","valueRequired":true,"valueName":"search_term_string"}}],"inLanguage":"en-US"}]}},"_links":{"self":[{"href":"https:\/\/jaaaeg.ee\/en\/wp-json\/wp\/v2\/product\/1698","targetHints":{"allow":["GET"]}}],"collection":[{"href":"https:\/\/jaaaeg.ee\/en\/wp-json\/wp\/v2\/product"}],"about":[{"href":"https:\/\/jaaaeg.ee\/en\/wp-json\/wp\/v2\/types\/product"}],"wp:featuredmedia":[{"embeddable":true,"href":"https:\/\/jaaaeg.ee\/en\/wp-json\/wp\/v2\/media\/472"}],"wp:attachment":[{"href":"https:\/\/jaaaeg.ee\/en\/wp-json\/wp\/v2\/media?parent=1698"}],"wp:term":[{"taxonomy":"product_brand","embeddable":true,"href":"https:\/\/jaaaeg.ee\/en\/wp-json\/wp\/v2\/product_brand?post=1698"},{"taxonomy":"product_cat","embeddable":true,"href":"https:\/\/jaaaeg.ee\/en\/wp-json\/wp\/v2\/product_cat?post=1698"},{"taxonomy":"product_tag","embeddable":true,"href":"https:\/\/jaaaeg.ee\/en\/wp-json\/wp\/v2\/product_tag?post=1698"}],"curies":[{"name":"wp","href":"https:\/\/api.w.org\/{rel}","templated":true}]}}