{"id":1696,"date":"2018-09-21T11:28:45","date_gmt":"2018-09-21T08:28:45","guid":{"rendered":"http:\/\/jaaaeg.ee\/oppeprogramm\/moosipurgi-ja-paberirulli-mitu-elu\/"},"modified":"2018-09-21T11:28:45","modified_gmt":"2018-09-21T08:28:45","slug":"moosipurgi-ja-paberirulli-mitu-elu","status":"publish","type":"product","link":"https:\/\/jaaaeg.ee\/en\/oppeprogramm\/the-primary-school\/moosipurgi-ja-paberirulli-mitu-elu\/","title":{"rendered":"Moosipurgi ja paberirulli mitu elu"},"content":{"rendered":"<h2>Moosipurgi ja paberirulli mitu elu<\/h2>\n<p>Programmis osalejad \u00f5pivad tundma erinevaid materjale ning \u00f5pivad neid materjale nimetama ja liigitama. Praktilise \u00fclesande k\u00e4igus saavad \u00f5pilased harjutada koost\u00f6\u00f6d t\u00f6\u00f6r\u00fchma sees ning ka r\u00fchmade vahel. Osalejad saavad teadmisi pr\u00fcgi sorteerimise vajalikkusest. \u00d5pilased \u00f5pivad koos juhendajaga sorteerima erinevaid materjale ning saavad teadmisi erinevate materjalide taaskasutamise v\u00f5imaluste kohta.<\/p>\n<p>&nbsp;<\/p>\n<p><strong>Sihtr\u00fchm:\u00a0<\/strong>lasteaed, algkool<\/p>\n<p><strong>Kestus:\u00a0<\/strong>1 tund<\/p>\n<p><strong>Koht: <\/strong>J\u00e4\u00e4aja Keskuse ekspositsioon<\/p>\n<p><strong>R\u00fchma suurus:\u00a0<\/strong>25 \u00f5pilast<\/p>\n<p>&nbsp;<\/p>\n<p>&nbsp;<\/p>\n<p><strong>\u00d5ppeprogrammi kirjeldus:<\/strong><\/p>\n<p><a href=\"https:\/\/jaaaeg.ee\/wp-content\/uploads\/2018\/09\/Moosipurgi-ja-paberirulli-mitu-elu-1.pdf\" target=\"_blank\" rel=\"noopener\">Moosipurgi ja paberirulli mitu elu<\/a><\/p>\n<p>&nbsp;<\/p>\n<p><em>\u00d5ppeprogrammi koostamist toetas SA Keskkonnainvesteeringute Keskus<\/em><\/p>\n<p><img loading=\"lazy\" decoding=\"async\" class=\"alignleft size-thumbnail wp-image-15408\" src=\"\" alt=\"kik_est_logo__1\" width=\"150\" height=\"150\" \/><\/p>\n","protected":false},"excerpt":{"rendered":"\u00dcheskoos ja l\u00e4bi m\u00e4ngu \u00f5pitakse sorteerima ja taaskasutama erinevaid materjale.","protected":false},"featured_media":358,"template":"","meta":{"_acf_changed":false,"ngg_post_thumbnail":0},"product_brand":[],"product_cat":[53,52],"product_tag":[],"class_list":{"0":"post-1696","1":"product","2":"type-product","3":"status-publish","4":"has-post-thumbnail","6":"product_cat-kindergarten","7":"product_cat-the-primary-school","9":"first","10":"instock","11":"downloadable","12":"virtual","13":"product-type-simple"},"acf":[],"yoast_head":"<!-- This site is optimized with the Yoast SEO plugin v27.3 - https:\/\/yoast.com\/product\/yoast-seo-wordpress\/ -->\n<title>Moosipurgi ja paberirulli mitu elu - J\u00e4\u00e4aja Keskus<\/title>\n<meta name=\"robots\" content=\"index, follow, max-snippet:-1, max-image-preview:large, max-video-preview:-1\" \/>\n<link rel=\"canonical\" href=\"https:\/\/jaaaeg.ee\/en\/oppeprogramm\/the-primary-school\/moosipurgi-ja-paberirulli-mitu-elu\/\" \/>\n<meta property=\"og:locale\" content=\"en_US\" \/>\n<meta property=\"og:type\" content=\"article\" \/>\n<meta property=\"og:title\" content=\"Moosipurgi ja paberirulli mitu elu - J\u00e4\u00e4aja Keskus\" \/>\n<meta property=\"og:description\" content=\"\u00dcheskoos ja l\u00e4bi m\u00e4ngu \u00f5pitakse sorteerima ja taaskasutama erinevaid materjale.\" \/>\n<meta property=\"og:url\" content=\"https:\/\/jaaaeg.ee\/en\/oppeprogramm\/the-primary-school\/moosipurgi-ja-paberirulli-mitu-elu\/\" \/>\n<meta property=\"og:site_name\" content=\"J\u00e4\u00e4aja Keskus\" \/>\n<meta property=\"article:publisher\" content=\"https:\/\/www.facebook.com\/JaaajaKeskus\/\" \/>\n<meta name=\"twitter:card\" content=\"summary_large_image\" \/>\n<script type=\"application\/ld+json\" class=\"yoast-schema-graph\">{\"@context\":\"https:\\\/\\\/schema.org\",\"@graph\":[{\"@type\":\"WebPage\",\"@id\":\"https:\\\/\\\/jaaaeg.ee\\\/en\\\/oppeprogramm\\\/the-primary-school\\\/moosipurgi-ja-paberirulli-mitu-elu\\\/\",\"url\":\"https:\\\/\\\/jaaaeg.ee\\\/en\\\/oppeprogramm\\\/the-primary-school\\\/moosipurgi-ja-paberirulli-mitu-elu\\\/\",\"name\":\"Moosipurgi ja paberirulli mitu elu - J\u00e4\u00e4aja Keskus\",\"isPartOf\":{\"@id\":\"https:\\\/\\\/jaaaeg.ee\\\/ru\\\/#website\"},\"primaryImageOfPage\":{\"@id\":\"https:\\\/\\\/jaaaeg.ee\\\/en\\\/oppeprogramm\\\/the-primary-school\\\/moosipurgi-ja-paberirulli-mitu-elu\\\/#primaryimage\"},\"image\":{\"@id\":\"https:\\\/\\\/jaaaeg.ee\\\/en\\\/oppeprogramm\\\/the-primary-school\\\/moosipurgi-ja-paberirulli-mitu-elu\\\/#primaryimage\"},\"thumbnailUrl\":\"https:\\\/\\\/jaaaeg.ee\\\/wp-content\\\/uploads\\\/2018\\\/09\\\/signemilkov119-scaled.jpg\",\"datePublished\":\"2018-09-21T08:28:45+00:00\",\"breadcrumb\":{\"@id\":\"https:\\\/\\\/jaaaeg.ee\\\/en\\\/oppeprogramm\\\/the-primary-school\\\/moosipurgi-ja-paberirulli-mitu-elu\\\/#breadcrumb\"},\"inLanguage\":\"en-US\",\"potentialAction\":[{\"@type\":\"ReadAction\",\"target\":[\"https:\\\/\\\/jaaaeg.ee\\\/en\\\/oppeprogramm\\\/the-primary-school\\\/moosipurgi-ja-paberirulli-mitu-elu\\\/\"]}]},{\"@type\":\"ImageObject\",\"inLanguage\":\"en-US\",\"@id\":\"https:\\\/\\\/jaaaeg.ee\\\/en\\\/oppeprogramm\\\/the-primary-school\\\/moosipurgi-ja-paberirulli-mitu-elu\\\/#primaryimage\",\"url\":\"https:\\\/\\\/jaaaeg.ee\\\/wp-content\\\/uploads\\\/2018\\\/09\\\/signemilkov119-scaled.jpg\",\"contentUrl\":\"https:\\\/\\\/jaaaeg.ee\\\/wp-content\\\/uploads\\\/2018\\\/09\\\/signemilkov119-scaled.jpg\",\"width\":2560,\"height\":1707,\"caption\":\"signemilkov119 scaled\"},{\"@type\":\"BreadcrumbList\",\"@id\":\"https:\\\/\\\/jaaaeg.ee\\\/en\\\/oppeprogramm\\\/the-primary-school\\\/moosipurgi-ja-paberirulli-mitu-elu\\\/#breadcrumb\",\"itemListElement\":[{\"@type\":\"ListItem\",\"position\":1,\"name\":\"Home\",\"item\":\"https:\\\/\\\/jaaaeg.ee\\\/en\\\/\"},{\"@type\":\"ListItem\",\"position\":2,\"name\":\"Moosipurgi ja paberirulli mitu elu\"}]},{\"@type\":\"WebSite\",\"@id\":\"https:\\\/\\\/jaaaeg.ee\\\/ru\\\/#website\",\"url\":\"https:\\\/\\\/jaaaeg.ee\\\/ru\\\/\",\"name\":\"J\u00e4\u00e4aja Keskus\",\"description\":\"avastamisr\u00f5\u00f5m igas vanuses k\u00fclastajatele\",\"potentialAction\":[{\"@type\":\"SearchAction\",\"target\":{\"@type\":\"EntryPoint\",\"urlTemplate\":\"https:\\\/\\\/jaaaeg.ee\\\/ru\\\/?s={search_term_string}\"},\"query-input\":{\"@type\":\"PropertyValueSpecification\",\"valueRequired\":true,\"valueName\":\"search_term_string\"}}],\"inLanguage\":\"en-US\"}]}<\/script>\n<!-- \/ Yoast SEO plugin. -->","yoast_head_json":{"title":"Moosipurgi ja paberirulli mitu elu - J\u00e4\u00e4aja Keskus","robots":{"index":"index","follow":"follow","max-snippet":"max-snippet:-1","max-image-preview":"max-image-preview:large","max-video-preview":"max-video-preview:-1"},"canonical":"https:\/\/jaaaeg.ee\/en\/oppeprogramm\/the-primary-school\/moosipurgi-ja-paberirulli-mitu-elu\/","og_locale":"en_US","og_type":"article","og_title":"Moosipurgi ja paberirulli mitu elu - J\u00e4\u00e4aja Keskus","og_description":"\u00dcheskoos ja l\u00e4bi m\u00e4ngu \u00f5pitakse sorteerima ja taaskasutama erinevaid materjale.","og_url":"https:\/\/jaaaeg.ee\/en\/oppeprogramm\/the-primary-school\/moosipurgi-ja-paberirulli-mitu-elu\/","og_site_name":"J\u00e4\u00e4aja Keskus","article_publisher":"https:\/\/www.facebook.com\/JaaajaKeskus\/","twitter_card":"summary_large_image","schema":{"@context":"https:\/\/schema.org","@graph":[{"@type":"WebPage","@id":"https:\/\/jaaaeg.ee\/en\/oppeprogramm\/the-primary-school\/moosipurgi-ja-paberirulli-mitu-elu\/","url":"https:\/\/jaaaeg.ee\/en\/oppeprogramm\/the-primary-school\/moosipurgi-ja-paberirulli-mitu-elu\/","name":"Moosipurgi ja paberirulli mitu elu - J\u00e4\u00e4aja Keskus","isPartOf":{"@id":"https:\/\/jaaaeg.ee\/ru\/#website"},"primaryImageOfPage":{"@id":"https:\/\/jaaaeg.ee\/en\/oppeprogramm\/the-primary-school\/moosipurgi-ja-paberirulli-mitu-elu\/#primaryimage"},"image":{"@id":"https:\/\/jaaaeg.ee\/en\/oppeprogramm\/the-primary-school\/moosipurgi-ja-paberirulli-mitu-elu\/#primaryimage"},"thumbnailUrl":"https:\/\/jaaaeg.ee\/wp-content\/uploads\/2018\/09\/signemilkov119-scaled.jpg","datePublished":"2018-09-21T08:28:45+00:00","breadcrumb":{"@id":"https:\/\/jaaaeg.ee\/en\/oppeprogramm\/the-primary-school\/moosipurgi-ja-paberirulli-mitu-elu\/#breadcrumb"},"inLanguage":"en-US","potentialAction":[{"@type":"ReadAction","target":["https:\/\/jaaaeg.ee\/en\/oppeprogramm\/the-primary-school\/moosipurgi-ja-paberirulli-mitu-elu\/"]}]},{"@type":"ImageObject","inLanguage":"en-US","@id":"https:\/\/jaaaeg.ee\/en\/oppeprogramm\/the-primary-school\/moosipurgi-ja-paberirulli-mitu-elu\/#primaryimage","url":"https:\/\/jaaaeg.ee\/wp-content\/uploads\/2018\/09\/signemilkov119-scaled.jpg","contentUrl":"https:\/\/jaaaeg.ee\/wp-content\/uploads\/2018\/09\/signemilkov119-scaled.jpg","width":2560,"height":1707,"caption":"signemilkov119 scaled"},{"@type":"BreadcrumbList","@id":"https:\/\/jaaaeg.ee\/en\/oppeprogramm\/the-primary-school\/moosipurgi-ja-paberirulli-mitu-elu\/#breadcrumb","itemListElement":[{"@type":"ListItem","position":1,"name":"Home","item":"https:\/\/jaaaeg.ee\/en\/"},{"@type":"ListItem","position":2,"name":"Moosipurgi ja paberirulli mitu elu"}]},{"@type":"WebSite","@id":"https:\/\/jaaaeg.ee\/ru\/#website","url":"https:\/\/jaaaeg.ee\/ru\/","name":"J\u00e4\u00e4aja Keskus","description":"avastamisr\u00f5\u00f5m igas vanuses k\u00fclastajatele","potentialAction":[{"@type":"SearchAction","target":{"@type":"EntryPoint","urlTemplate":"https:\/\/jaaaeg.ee\/ru\/?s={search_term_string}"},"query-input":{"@type":"PropertyValueSpecification","valueRequired":true,"valueName":"search_term_string"}}],"inLanguage":"en-US"}]}},"_links":{"self":[{"href":"https:\/\/jaaaeg.ee\/en\/wp-json\/wp\/v2\/product\/1696","targetHints":{"allow":["GET"]}}],"collection":[{"href":"https:\/\/jaaaeg.ee\/en\/wp-json\/wp\/v2\/product"}],"about":[{"href":"https:\/\/jaaaeg.ee\/en\/wp-json\/wp\/v2\/types\/product"}],"wp:featuredmedia":[{"embeddable":true,"href":"https:\/\/jaaaeg.ee\/en\/wp-json\/wp\/v2\/media\/358"}],"wp:attachment":[{"href":"https:\/\/jaaaeg.ee\/en\/wp-json\/wp\/v2\/media?parent=1696"}],"wp:term":[{"taxonomy":"product_brand","embeddable":true,"href":"https:\/\/jaaaeg.ee\/en\/wp-json\/wp\/v2\/product_brand?post=1696"},{"taxonomy":"product_cat","embeddable":true,"href":"https:\/\/jaaaeg.ee\/en\/wp-json\/wp\/v2\/product_cat?post=1696"},{"taxonomy":"product_tag","embeddable":true,"href":"https:\/\/jaaaeg.ee\/en\/wp-json\/wp\/v2\/product_tag?post=1696"}],"curies":[{"name":"wp","href":"https:\/\/api.w.org\/{rel}","templated":true}]}}