{"id":1695,"date":"2018-09-21T11:28:53","date_gmt":"2018-09-21T08:28:53","guid":{"rendered":"http:\/\/jaaaeg.ee\/oppeprogramm\/mammoth-boy-comes-to-visit\/"},"modified":"2018-09-21T11:28:53","modified_gmt":"2018-09-21T08:28:53","slug":"mammoth-boy-comes-to-visit","status":"publish","type":"product","link":"https:\/\/jaaaeg.ee\/en\/oppeprogramm\/the-primary-school\/mammoth-boy-comes-to-visit\/","title":{"rendered":"Mammoth boy comes to visit"},"content":{"rendered":"<h2>Mammutipoiss \u00c4ksel tuleb k\u00fclla<\/h2>\n<p>Kutsu J\u00e4\u00e4aja Keskuse juhendaja koos mammutipojaga enda lasteaeda k\u00fclla! Programmis osalejad saavad teadmisi mammutite arenguloost ning kadumisest. L\u00e4bi m\u00e4ngulise tegevuse \u00f5pitakse tundma mammutite toidulauda. \u00d5pilased \u00f5pivad m\u00e4rkama loomade kohastumusi keskkonnaoludega, \u00f5pivad seostama kohastumusi \u00fcmbritseva keskkonna tingimustega.\u00a0Osalejad \u00f5pivad \u00e4rkama mammutite ja elevantide erisusi ning arutlema nende erinevuste \u00fcle.<\/p>\n<p>&nbsp;<\/p>\n<p><strong>Sihtr\u00fchm:\u00a0<\/strong>lasteaed, algkool<\/p>\n<p><strong>Kestus:\u00a0<\/strong>1 tund<\/p>\n<p><strong>Koht: <\/strong>siseruum<\/p>\n<p><strong>R\u00fchma suurus:\u00a0<\/strong>kuni 25 last<\/p>\n<p>&nbsp;<\/p>\n<p><strong>\u00d5ppeprogrammi kirjeldus:<\/strong><\/p>\n<p><a href=\"https:\/\/jaaaeg.ee\/wp-content\/uploads\/2018\/09\/Mammutipoiss-\u00c4ksel-tuleb-k\u00fclla-1.pdf\" rel=\"\">Mammutipoiss \u00c4ksel tuleb k\u00fclla<\/a><\/p>\n<p>&nbsp;<\/p>\n<p><em>\u00d5ppeprogrammi koostamist toetas SA Keskkonnainvesteeringute Keskus<\/em><\/p>\n<p><img loading=\"lazy\" decoding=\"async\" class=\"alignleft size-thumbnail wp-image-15408\" src=\"\" alt=\"kik_est_logo__1\" width=\"150\" height=\"150\" \/><\/p>\n","protected":false},"excerpt":{"rendered":"<p>Lapsed \u00f5pivad \u00fcheskoos ning l\u00e4bi m\u00e4ngu tundma ja vaatlema loomade erinevaid kohastumusi ilmastikuoludega.<br \/>\r\nProgramm vene keeles 130 EUR.<\/p>\r\n<p><strong>NB!<\/strong> Programmi on v\u00f5imalik tellida ka lasteaeda koha peale.<\/p>\r\n<p>V\u00e4ljas\u00f5iduprogrammi hind: 150 EUR (+ transporditasu kokkuleppel)<\/p>\r\n","protected":false},"featured_media":26495,"template":"","meta":{"_acf_changed":false,"ngg_post_thumbnail":0},"product_brand":[],"product_cat":[53,52],"product_tag":[],"class_list":{"0":"post-1695","1":"product","2":"type-product","3":"status-publish","4":"has-post-thumbnail","6":"product_cat-kindergarten","7":"product_cat-the-primary-school","9":"first","10":"instock","11":"downloadable","12":"virtual","13":"product-type-simple"},"acf":[],"yoast_head":"<!-- This site is optimized with the Yoast SEO plugin v27.3 - https:\/\/yoast.com\/product\/yoast-seo-wordpress\/ -->\n<title>Mammoth boy comes to visit - J\u00e4\u00e4aja Keskus<\/title>\n<meta name=\"robots\" content=\"index, follow, max-snippet:-1, max-image-preview:large, max-video-preview:-1\" \/>\n<link rel=\"canonical\" href=\"https:\/\/jaaaeg.ee\/en\/oppeprogramm\/the-primary-school\/mammoth-boy-comes-to-visit\/\" \/>\n<meta property=\"og:locale\" content=\"en_US\" \/>\n<meta property=\"og:type\" content=\"article\" \/>\n<meta property=\"og:title\" content=\"Mammoth boy comes to visit - J\u00e4\u00e4aja Keskus\" \/>\n<meta property=\"og:description\" content=\"Lapsed \u00f5pivad \u00fcheskoos ning l\u00e4bi m\u00e4ngu tundma ja vaatlema loomade erinevaid kohastumusi ilmastikuoludega. Programm vene keeles 130 EUR. NB! Programmi on v\u00f5imalik tellida ka lasteaeda koha peale. V\u00e4ljas\u00f5iduprogrammi hind: 150 EUR (+ transporditasu kokkuleppel)\" \/>\n<meta property=\"og:url\" content=\"https:\/\/jaaaeg.ee\/en\/oppeprogramm\/the-primary-school\/mammoth-boy-comes-to-visit\/\" \/>\n<meta property=\"og:site_name\" content=\"J\u00e4\u00e4aja Keskus\" \/>\n<meta property=\"article:publisher\" content=\"https:\/\/www.facebook.com\/JaaajaKeskus\/\" \/>\n<meta name=\"twitter:card\" content=\"summary_large_image\" \/>\n<script type=\"application\/ld+json\" class=\"yoast-schema-graph\">{\"@context\":\"https:\\\/\\\/schema.org\",\"@graph\":[{\"@type\":\"WebPage\",\"@id\":\"https:\\\/\\\/jaaaeg.ee\\\/en\\\/oppeprogramm\\\/the-primary-school\\\/mammoth-boy-comes-to-visit\\\/\",\"url\":\"https:\\\/\\\/jaaaeg.ee\\\/en\\\/oppeprogramm\\\/the-primary-school\\\/mammoth-boy-comes-to-visit\\\/\",\"name\":\"Mammoth boy comes to visit - J\u00e4\u00e4aja Keskus\",\"isPartOf\":{\"@id\":\"https:\\\/\\\/jaaaeg.ee\\\/ru\\\/#website\"},\"primaryImageOfPage\":{\"@id\":\"https:\\\/\\\/jaaaeg.ee\\\/en\\\/oppeprogramm\\\/the-primary-school\\\/mammoth-boy-comes-to-visit\\\/#primaryimage\"},\"image\":{\"@id\":\"https:\\\/\\\/jaaaeg.ee\\\/en\\\/oppeprogramm\\\/the-primary-school\\\/mammoth-boy-comes-to-visit\\\/#primaryimage\"},\"thumbnailUrl\":\"https:\\\/\\\/jaaaeg.ee\\\/wp-content\\\/uploads\\\/2018\\\/09\\\/OP_mammutipoeg-Aksel-tuleb-kulla.jpg\",\"datePublished\":\"2018-09-21T08:28:53+00:00\",\"breadcrumb\":{\"@id\":\"https:\\\/\\\/jaaaeg.ee\\\/en\\\/oppeprogramm\\\/the-primary-school\\\/mammoth-boy-comes-to-visit\\\/#breadcrumb\"},\"inLanguage\":\"en-US\",\"potentialAction\":[{\"@type\":\"ReadAction\",\"target\":[\"https:\\\/\\\/jaaaeg.ee\\\/en\\\/oppeprogramm\\\/the-primary-school\\\/mammoth-boy-comes-to-visit\\\/\"]}]},{\"@type\":\"ImageObject\",\"inLanguage\":\"en-US\",\"@id\":\"https:\\\/\\\/jaaaeg.ee\\\/en\\\/oppeprogramm\\\/the-primary-school\\\/mammoth-boy-comes-to-visit\\\/#primaryimage\",\"url\":\"https:\\\/\\\/jaaaeg.ee\\\/wp-content\\\/uploads\\\/2018\\\/09\\\/OP_mammutipoeg-Aksel-tuleb-kulla.jpg\",\"contentUrl\":\"https:\\\/\\\/jaaaeg.ee\\\/wp-content\\\/uploads\\\/2018\\\/09\\\/OP_mammutipoeg-Aksel-tuleb-kulla.jpg\",\"width\":2480,\"height\":1748,\"caption\":\"OP mammutipoeg Aksel tuleb kulla\"},{\"@type\":\"BreadcrumbList\",\"@id\":\"https:\\\/\\\/jaaaeg.ee\\\/en\\\/oppeprogramm\\\/the-primary-school\\\/mammoth-boy-comes-to-visit\\\/#breadcrumb\",\"itemListElement\":[{\"@type\":\"ListItem\",\"position\":1,\"name\":\"Home\",\"item\":\"https:\\\/\\\/jaaaeg.ee\\\/en\\\/\"},{\"@type\":\"ListItem\",\"position\":2,\"name\":\"Mammoth boy comes to visit\"}]},{\"@type\":\"WebSite\",\"@id\":\"https:\\\/\\\/jaaaeg.ee\\\/ru\\\/#website\",\"url\":\"https:\\\/\\\/jaaaeg.ee\\\/ru\\\/\",\"name\":\"J\u00e4\u00e4aja Keskus\",\"description\":\"avastamisr\u00f5\u00f5m igas vanuses k\u00fclastajatele\",\"potentialAction\":[{\"@type\":\"SearchAction\",\"target\":{\"@type\":\"EntryPoint\",\"urlTemplate\":\"https:\\\/\\\/jaaaeg.ee\\\/ru\\\/?s={search_term_string}\"},\"query-input\":{\"@type\":\"PropertyValueSpecification\",\"valueRequired\":true,\"valueName\":\"search_term_string\"}}],\"inLanguage\":\"en-US\"}]}<\/script>\n<!-- \/ Yoast SEO plugin. -->","yoast_head_json":{"title":"Mammoth boy comes to visit - J\u00e4\u00e4aja Keskus","robots":{"index":"index","follow":"follow","max-snippet":"max-snippet:-1","max-image-preview":"max-image-preview:large","max-video-preview":"max-video-preview:-1"},"canonical":"https:\/\/jaaaeg.ee\/en\/oppeprogramm\/the-primary-school\/mammoth-boy-comes-to-visit\/","og_locale":"en_US","og_type":"article","og_title":"Mammoth boy comes to visit - J\u00e4\u00e4aja Keskus","og_description":"Lapsed \u00f5pivad \u00fcheskoos ning l\u00e4bi m\u00e4ngu tundma ja vaatlema loomade erinevaid kohastumusi ilmastikuoludega. Programm vene keeles 130 EUR. NB! Programmi on v\u00f5imalik tellida ka lasteaeda koha peale. V\u00e4ljas\u00f5iduprogrammi hind: 150 EUR (+ transporditasu kokkuleppel)","og_url":"https:\/\/jaaaeg.ee\/en\/oppeprogramm\/the-primary-school\/mammoth-boy-comes-to-visit\/","og_site_name":"J\u00e4\u00e4aja Keskus","article_publisher":"https:\/\/www.facebook.com\/JaaajaKeskus\/","twitter_card":"summary_large_image","schema":{"@context":"https:\/\/schema.org","@graph":[{"@type":"WebPage","@id":"https:\/\/jaaaeg.ee\/en\/oppeprogramm\/the-primary-school\/mammoth-boy-comes-to-visit\/","url":"https:\/\/jaaaeg.ee\/en\/oppeprogramm\/the-primary-school\/mammoth-boy-comes-to-visit\/","name":"Mammoth boy comes to visit - J\u00e4\u00e4aja Keskus","isPartOf":{"@id":"https:\/\/jaaaeg.ee\/ru\/#website"},"primaryImageOfPage":{"@id":"https:\/\/jaaaeg.ee\/en\/oppeprogramm\/the-primary-school\/mammoth-boy-comes-to-visit\/#primaryimage"},"image":{"@id":"https:\/\/jaaaeg.ee\/en\/oppeprogramm\/the-primary-school\/mammoth-boy-comes-to-visit\/#primaryimage"},"thumbnailUrl":"https:\/\/jaaaeg.ee\/wp-content\/uploads\/2018\/09\/OP_mammutipoeg-Aksel-tuleb-kulla.jpg","datePublished":"2018-09-21T08:28:53+00:00","breadcrumb":{"@id":"https:\/\/jaaaeg.ee\/en\/oppeprogramm\/the-primary-school\/mammoth-boy-comes-to-visit\/#breadcrumb"},"inLanguage":"en-US","potentialAction":[{"@type":"ReadAction","target":["https:\/\/jaaaeg.ee\/en\/oppeprogramm\/the-primary-school\/mammoth-boy-comes-to-visit\/"]}]},{"@type":"ImageObject","inLanguage":"en-US","@id":"https:\/\/jaaaeg.ee\/en\/oppeprogramm\/the-primary-school\/mammoth-boy-comes-to-visit\/#primaryimage","url":"https:\/\/jaaaeg.ee\/wp-content\/uploads\/2018\/09\/OP_mammutipoeg-Aksel-tuleb-kulla.jpg","contentUrl":"https:\/\/jaaaeg.ee\/wp-content\/uploads\/2018\/09\/OP_mammutipoeg-Aksel-tuleb-kulla.jpg","width":2480,"height":1748,"caption":"OP mammutipoeg Aksel tuleb kulla"},{"@type":"BreadcrumbList","@id":"https:\/\/jaaaeg.ee\/en\/oppeprogramm\/the-primary-school\/mammoth-boy-comes-to-visit\/#breadcrumb","itemListElement":[{"@type":"ListItem","position":1,"name":"Home","item":"https:\/\/jaaaeg.ee\/en\/"},{"@type":"ListItem","position":2,"name":"Mammoth boy comes to visit"}]},{"@type":"WebSite","@id":"https:\/\/jaaaeg.ee\/ru\/#website","url":"https:\/\/jaaaeg.ee\/ru\/","name":"J\u00e4\u00e4aja Keskus","description":"avastamisr\u00f5\u00f5m igas vanuses k\u00fclastajatele","potentialAction":[{"@type":"SearchAction","target":{"@type":"EntryPoint","urlTemplate":"https:\/\/jaaaeg.ee\/ru\/?s={search_term_string}"},"query-input":{"@type":"PropertyValueSpecification","valueRequired":true,"valueName":"search_term_string"}}],"inLanguage":"en-US"}]}},"_links":{"self":[{"href":"https:\/\/jaaaeg.ee\/en\/wp-json\/wp\/v2\/product\/1695","targetHints":{"allow":["GET"]}}],"collection":[{"href":"https:\/\/jaaaeg.ee\/en\/wp-json\/wp\/v2\/product"}],"about":[{"href":"https:\/\/jaaaeg.ee\/en\/wp-json\/wp\/v2\/types\/product"}],"wp:featuredmedia":[{"embeddable":true,"href":"https:\/\/jaaaeg.ee\/en\/wp-json\/wp\/v2\/media\/26495"}],"wp:attachment":[{"href":"https:\/\/jaaaeg.ee\/en\/wp-json\/wp\/v2\/media?parent=1695"}],"wp:term":[{"taxonomy":"product_brand","embeddable":true,"href":"https:\/\/jaaaeg.ee\/en\/wp-json\/wp\/v2\/product_brand?post=1695"},{"taxonomy":"product_cat","embeddable":true,"href":"https:\/\/jaaaeg.ee\/en\/wp-json\/wp\/v2\/product_cat?post=1695"},{"taxonomy":"product_tag","embeddable":true,"href":"https:\/\/jaaaeg.ee\/en\/wp-json\/wp\/v2\/product_tag?post=1695"}],"curies":[{"name":"wp","href":"https:\/\/api.w.org\/{rel}","templated":true}]}}