{"id":1694,"date":"2018-09-21T11:28:54","date_gmt":"2018-09-21T08:28:54","guid":{"rendered":"http:\/\/jaaaeg.ee\/oppeprogramm\/trip-with-lemming-lemps\/"},"modified":"2018-09-21T11:28:54","modified_gmt":"2018-09-21T08:28:54","slug":"trip-with-lemming-lemps","status":"publish","type":"product","link":"https:\/\/jaaaeg.ee\/en\/oppeprogramm\/the-primary-school\/trip-with-lemming-lemps\/","title":{"rendered":"Trip with lemming Lemps"},"content":{"rendered":"<h2>Retk lemming Lempsiga<\/h2>\n<p>Programmis osalejad saavad erinevaid meeli (katsumine, kuulamine, vaatamine) kasutades teadmisi looduses toimuvatest protsessidest ning protsesside omavahelistest seostest. \u00d5pilased saavad \u00fclevaate vee vajalikkusest maa peal ning \u00f5pivad selgeks vee kolm olekut. M\u00e4ngulisi elemente kasutades \u00f5pitakse tundma erinevate loomaliikide kohanemisnippe erinevates oludes. Uuritakse Eesti looduse arengut j\u00e4\u00e4ajaj\u00e4rgsel perioodil. \u00d5pitakse tundma Eestis elanud loomi ning nende elupaiku.<\/p>\n<p>&nbsp;<\/p>\n<p><strong>Sihtr\u00fchm:<\/strong>\u00a0lasteaed, 1.-2. klass<\/p>\n<p><strong>Kestus:<\/strong>\u00a01 tund<\/p>\n<p><strong>Koht:<\/strong> J\u00e4\u00e4aja Keskuse ekspositsioon<\/p>\n<p><strong>R\u00fchma suurus:\u00a0<\/strong>kuni 25 \u00f5pilast<\/p>\n<p>&nbsp;<\/p>\n<p><strong>\u00d5ppeprogrammi t\u00e4psem kirjeldus:<\/strong><\/p>\n<p><a href=\"https:\/\/jaaaeg.ee\/wp-content\/uploads\/2018\/09\/Retk20lemming20Lempsiga2.pdf\" target=\"_blank\" rel=\"noopener\">Retk lemming Lempsiga<\/a><\/p>\n","protected":false},"excerpt":{"rendered":"<p>M\u00e4nguliselt ja \u00fcheskoos \u00f5pitakse tundma vee kolme olekut, erinevaid loomi ning nende elupaiku.<\/p>\r\n<p>Antud \u00f5ppeprogrammi on v\u00f5imalik\u00a0tellida ka vene keeles (hind 130 EUR).<\/p>\r\n","protected":false},"featured_media":0,"template":"","meta":{"_acf_changed":false,"ngg_post_thumbnail":0},"product_brand":[],"product_cat":[53,52],"product_tag":[],"class_list":{"0":"post-1694","1":"product","2":"type-product","3":"status-publish","5":"product_cat-kindergarten","6":"product_cat-the-primary-school","8":"first","9":"instock","10":"downloadable","11":"virtual","12":"product-type-simple"},"acf":[],"yoast_head":"<!-- This site is optimized with the Yoast SEO plugin v27.3 - https:\/\/yoast.com\/product\/yoast-seo-wordpress\/ -->\n<title>Trip with lemming Lemps - J\u00e4\u00e4aja Keskus<\/title>\n<meta name=\"robots\" content=\"index, follow, max-snippet:-1, max-image-preview:large, max-video-preview:-1\" \/>\n<link rel=\"canonical\" href=\"https:\/\/jaaaeg.ee\/en\/oppeprogramm\/the-primary-school\/trip-with-lemming-lemps\/\" \/>\n<meta property=\"og:locale\" content=\"en_US\" \/>\n<meta property=\"og:type\" content=\"article\" \/>\n<meta property=\"og:title\" content=\"Trip with lemming Lemps - J\u00e4\u00e4aja Keskus\" \/>\n<meta property=\"og:description\" content=\"M\u00e4nguliselt ja \u00fcheskoos \u00f5pitakse tundma vee kolme olekut, erinevaid loomi ning nende elupaiku. Antud \u00f5ppeprogrammi on v\u00f5imalik\u00a0tellida ka vene keeles (hind 130 EUR).\" \/>\n<meta property=\"og:url\" content=\"https:\/\/jaaaeg.ee\/en\/oppeprogramm\/the-primary-school\/trip-with-lemming-lemps\/\" \/>\n<meta property=\"og:site_name\" content=\"J\u00e4\u00e4aja Keskus\" \/>\n<meta property=\"article:publisher\" content=\"https:\/\/www.facebook.com\/JaaajaKeskus\/\" \/>\n<meta name=\"twitter:card\" content=\"summary_large_image\" \/>\n<script type=\"application\/ld+json\" class=\"yoast-schema-graph\">{\"@context\":\"https:\\\/\\\/schema.org\",\"@graph\":[{\"@type\":\"WebPage\",\"@id\":\"https:\\\/\\\/jaaaeg.ee\\\/en\\\/oppeprogramm\\\/the-primary-school\\\/trip-with-lemming-lemps\\\/\",\"url\":\"https:\\\/\\\/jaaaeg.ee\\\/en\\\/oppeprogramm\\\/the-primary-school\\\/trip-with-lemming-lemps\\\/\",\"name\":\"Trip with lemming Lemps - J\u00e4\u00e4aja Keskus\",\"isPartOf\":{\"@id\":\"https:\\\/\\\/jaaaeg.ee\\\/ru\\\/#website\"},\"datePublished\":\"2018-09-21T08:28:54+00:00\",\"breadcrumb\":{\"@id\":\"https:\\\/\\\/jaaaeg.ee\\\/en\\\/oppeprogramm\\\/the-primary-school\\\/trip-with-lemming-lemps\\\/#breadcrumb\"},\"inLanguage\":\"en-US\",\"potentialAction\":[{\"@type\":\"ReadAction\",\"target\":[\"https:\\\/\\\/jaaaeg.ee\\\/en\\\/oppeprogramm\\\/the-primary-school\\\/trip-with-lemming-lemps\\\/\"]}]},{\"@type\":\"BreadcrumbList\",\"@id\":\"https:\\\/\\\/jaaaeg.ee\\\/en\\\/oppeprogramm\\\/the-primary-school\\\/trip-with-lemming-lemps\\\/#breadcrumb\",\"itemListElement\":[{\"@type\":\"ListItem\",\"position\":1,\"name\":\"Home\",\"item\":\"https:\\\/\\\/jaaaeg.ee\\\/en\\\/\"},{\"@type\":\"ListItem\",\"position\":2,\"name\":\"Trip with lemming Lemps\"}]},{\"@type\":\"WebSite\",\"@id\":\"https:\\\/\\\/jaaaeg.ee\\\/ru\\\/#website\",\"url\":\"https:\\\/\\\/jaaaeg.ee\\\/ru\\\/\",\"name\":\"J\u00e4\u00e4aja Keskus\",\"description\":\"avastamisr\u00f5\u00f5m igas vanuses k\u00fclastajatele\",\"potentialAction\":[{\"@type\":\"SearchAction\",\"target\":{\"@type\":\"EntryPoint\",\"urlTemplate\":\"https:\\\/\\\/jaaaeg.ee\\\/ru\\\/?s={search_term_string}\"},\"query-input\":{\"@type\":\"PropertyValueSpecification\",\"valueRequired\":true,\"valueName\":\"search_term_string\"}}],\"inLanguage\":\"en-US\"}]}<\/script>\n<!-- \/ Yoast SEO plugin. -->","yoast_head_json":{"title":"Trip with lemming Lemps - J\u00e4\u00e4aja Keskus","robots":{"index":"index","follow":"follow","max-snippet":"max-snippet:-1","max-image-preview":"max-image-preview:large","max-video-preview":"max-video-preview:-1"},"canonical":"https:\/\/jaaaeg.ee\/en\/oppeprogramm\/the-primary-school\/trip-with-lemming-lemps\/","og_locale":"en_US","og_type":"article","og_title":"Trip with lemming Lemps - J\u00e4\u00e4aja Keskus","og_description":"M\u00e4nguliselt ja \u00fcheskoos \u00f5pitakse tundma vee kolme olekut, erinevaid loomi ning nende elupaiku. Antud \u00f5ppeprogrammi on v\u00f5imalik\u00a0tellida ka vene keeles (hind 130 EUR).","og_url":"https:\/\/jaaaeg.ee\/en\/oppeprogramm\/the-primary-school\/trip-with-lemming-lemps\/","og_site_name":"J\u00e4\u00e4aja Keskus","article_publisher":"https:\/\/www.facebook.com\/JaaajaKeskus\/","twitter_card":"summary_large_image","schema":{"@context":"https:\/\/schema.org","@graph":[{"@type":"WebPage","@id":"https:\/\/jaaaeg.ee\/en\/oppeprogramm\/the-primary-school\/trip-with-lemming-lemps\/","url":"https:\/\/jaaaeg.ee\/en\/oppeprogramm\/the-primary-school\/trip-with-lemming-lemps\/","name":"Trip with lemming Lemps - J\u00e4\u00e4aja Keskus","isPartOf":{"@id":"https:\/\/jaaaeg.ee\/ru\/#website"},"datePublished":"2018-09-21T08:28:54+00:00","breadcrumb":{"@id":"https:\/\/jaaaeg.ee\/en\/oppeprogramm\/the-primary-school\/trip-with-lemming-lemps\/#breadcrumb"},"inLanguage":"en-US","potentialAction":[{"@type":"ReadAction","target":["https:\/\/jaaaeg.ee\/en\/oppeprogramm\/the-primary-school\/trip-with-lemming-lemps\/"]}]},{"@type":"BreadcrumbList","@id":"https:\/\/jaaaeg.ee\/en\/oppeprogramm\/the-primary-school\/trip-with-lemming-lemps\/#breadcrumb","itemListElement":[{"@type":"ListItem","position":1,"name":"Home","item":"https:\/\/jaaaeg.ee\/en\/"},{"@type":"ListItem","position":2,"name":"Trip with lemming Lemps"}]},{"@type":"WebSite","@id":"https:\/\/jaaaeg.ee\/ru\/#website","url":"https:\/\/jaaaeg.ee\/ru\/","name":"J\u00e4\u00e4aja Keskus","description":"avastamisr\u00f5\u00f5m igas vanuses k\u00fclastajatele","potentialAction":[{"@type":"SearchAction","target":{"@type":"EntryPoint","urlTemplate":"https:\/\/jaaaeg.ee\/ru\/?s={search_term_string}"},"query-input":{"@type":"PropertyValueSpecification","valueRequired":true,"valueName":"search_term_string"}}],"inLanguage":"en-US"}]}},"_links":{"self":[{"href":"https:\/\/jaaaeg.ee\/en\/wp-json\/wp\/v2\/product\/1694","targetHints":{"allow":["GET"]}}],"collection":[{"href":"https:\/\/jaaaeg.ee\/en\/wp-json\/wp\/v2\/product"}],"about":[{"href":"https:\/\/jaaaeg.ee\/en\/wp-json\/wp\/v2\/types\/product"}],"wp:attachment":[{"href":"https:\/\/jaaaeg.ee\/en\/wp-json\/wp\/v2\/media?parent=1694"}],"wp:term":[{"taxonomy":"product_brand","embeddable":true,"href":"https:\/\/jaaaeg.ee\/en\/wp-json\/wp\/v2\/product_brand?post=1694"},{"taxonomy":"product_cat","embeddable":true,"href":"https:\/\/jaaaeg.ee\/en\/wp-json\/wp\/v2\/product_cat?post=1694"},{"taxonomy":"product_tag","embeddable":true,"href":"https:\/\/jaaaeg.ee\/en\/wp-json\/wp\/v2\/product_tag?post=1694"}],"curies":[{"name":"wp","href":"https:\/\/api.w.org\/{rel}","templated":true}]}}