{"id":1693,"date":"2018-09-21T11:29:29","date_gmt":"2018-09-21T08:29:29","guid":{"rendered":"http:\/\/jaaaeg.ee\/oppeprogramm\/the-lake-as-an-environment\/"},"modified":"2018-09-21T11:29:29","modified_gmt":"2018-09-21T08:29:29","slug":"the-lake-as-an-environment","status":"publish","type":"product","link":"https:\/\/jaaaeg.ee\/en\/oppeprogramm\/the-primary-school\/the-lake-as-an-environment\/","title":{"rendered":"The Lake as an environment"},"content":{"rendered":"<h2>J\u00e4rv elukeskkonnana<\/h2>\n<p><strong>Koostaja:<\/strong> Saadj\u00e4rve Looduskool 2014<\/p>\n<p><strong>Sihtr\u00fchm: <\/strong>Lasteaia ja algkooli \u00f5pilased<\/p>\n<p><strong>Grupi suurus: <\/strong>1 r\u00fchm (kuni 24 last)<\/p>\n<p><strong>Programmi kestus<\/strong>:\u00a01 tund<\/p>\n<p><strong>Koht: <\/strong>Programmi viiakse l\u00e4bi vastavalt aastaajale, mai-oktoober j\u00e4rveuuringud parvelt Saadj\u00e4rvel. November-aprill Saadj\u00e4rve Looduskooli \u00f5ppeklassis j\u00e4rvemudel, toitumisahel, selgrootute ja taimede uurimine ning j\u00e4rvevaatlused Saadj\u00e4rve kaldalt.<\/p>\n<p><strong>Seos \u00f5ppekavaga: <\/strong>Koolieelse lasteasutuse riiklik \u00f5ppekava &#8211; 17. Valdkond Mina ja\u00a0keskkond; 18. Valdkond Keel ja k\u00f5ne; 20. Valdkond Matemaatika;<\/p>\n<p><strong>Eesm\u00e4rk:<\/strong><\/p>\n<ol>\n<li>Osalejad saavad teadmisi j\u00e4rvest ja j\u00e4rveelustikust (taimed, kalad, linnud, putukad, \u00e4mblikulaadsed, v\u00e4hilaadsed, \u2026);<\/li>\n<\/ol>\n<ol start=\"2\">\n<li>Osalejad harjutavad iseseisvat tegutsemist (j\u00e4rve s\u00fcgavuse, vee temperatuuri ja vee l\u00e4bipaistvuse m\u00f5\u00f5tmine);<\/li>\n<\/ol>\n<ol start=\"3\">\n<li>Osalejad saavad teadmisi toitumisahelast ning \u00f5pivad m\u00e4rkama ja aru saama seoseid looduses;<\/li>\n<\/ol>\n<ol start=\"4\">\n<li>Osalejad \u00f5pivad m\u00f5istma muutusi looduses\u00a0 ja inimese m\u00f5ju loodusele.<\/li>\n<\/ol>\n<p><strong>Vahendid:<\/strong><\/p>\n<p>S\u00fcgavuse m\u00f5\u00f5tmise kaabel, secchi kettad, termomeeter, temperatuuri m\u00f5\u00f5tmise sond, kahvad, s\u00f5elad, plastalused, pintsetid, lusikad, transpordiakvaariumid, luubid, binoklid, fotod j\u00e4rveelustikust, m\u00e4\u00e4ramistabelid, j\u00e4rvemudel, toitumisahel, j\u00e4\u00e4puur.<\/p>\n<p><strong>N\u00f5utavad taustateadmised ja \u00f5petaja ettevalmistav tegevus enne programmi:<\/strong><\/p>\n<p>Osalejatel on vajalik ilmale vastav riietus.<\/p>\n<p>Oskus k\u00e4ituda veekogu \u00e4\u00e4res ja parvel. Elusolendite uurimine neid kahjustamata. Soovitatav on lasteaias eelnevalt tutvustada j\u00e4rveelustiku teemat.<\/p>\n<p><strong>Tegevused<\/strong><\/p>\n<p><strong>Sissejuhatus<\/strong><\/p>\n<p>P\u00e4evakava, ohutusn\u00f5uded parvel, kodukorra ning programmi tutvustus.<\/p>\n<p><strong>Teema arendus<\/strong><\/p>\n<p>L\u00e4bi m\u00e4nguliste tegevuste ja aktiiv\u00f5ppemeetodite teostatakse j\u00e4rveuuringuid parvega Saadj\u00e4rvel (temperatuuri, s\u00fcgavuse ja vee l\u00e4bipaistvuse m\u00f5\u00f5tmine parvelt).<\/p>\n<p>Aktiiv\u00f5ppe k\u00e4igus vaadeldakse kaldataimi, linde ja tutvutakse Saadj\u00e4rves elavate kaladega. Parvelt p\u00fc\u00fctakse veesiseseid taimi ja uuritakse selgrootuid. Teadvustatakse seoseid ja protsesse looduses, \u00f5pitakse m\u00f5istma muutusi looduses ja inimese m\u00f5ju loodusele.<\/p>\n<p>Hiliss\u00fcgisel ja talvel, kui parv Saadj\u00e4rvel ei s\u00f5ida, toimub \u00f5pe Saadj\u00e4rve Looduskooli \u00f5ppeklassis ja vaatlused Saadj\u00e4rve kaldal\/j\u00e4\u00e4l.<\/p>\n<p><strong>Kokkuv\u00f5te<\/strong><\/p>\n<p>\u00d5pitu kinnistamiseks m\u00e4ngitakse kaldal keskkonnam\u00e4nge.<\/p>\n<p><strong>Soovitatav kirjandus:<\/strong><\/p>\n<ol>\n<li>M\u00e4emets, H. jt \u201e Euroopa magevee elustik\u201c 2008<\/li>\n<\/ol>\n<ol start=\"2\">\n<li>Hart, M. jt \u201eLooduseraamat\u201d<\/li>\n<\/ol>\n<ol start=\"3\">\n<li>Eesti elusloodus. Kodumaa looduse teejuht. 2001<\/li>\n<\/ol>\n<ol start=\"4\">\n<li>Voore, V. \u201eZooloogilisi ekskursioone\u201d 1961<\/li>\n<\/ol>\n<ol start=\"5\">\n<li>M\u00e4emets, A. \u201eEesti j\u00e4rved\u201d 1968<\/li>\n<\/ol>\n<p>&nbsp;<\/p>\n<p>J\u00e4rv elukeskkonnana programmi kirjeldus pdf-formaadis:<\/p>\n<p><a href=\"https:\/\/jaaaeg.ee\/wp-content\/uploads\/2018\/09\/J\u00e4rv-elukeskkonnana-lasteaed.-1.pdf\" rel=\"\">J\u00e4rv elukeskkonnana lasteaiale<\/a><\/p>\n","protected":false},"excerpt":{"rendered":"<p><span style=\"color: #000000;\"><strong>Hind<\/strong>: 95 \u20ac + parve rent 40 \u20ac<\/span><\/p>\r\n<p><span style=\"color: #000000;\">L\u00e4bi m\u00e4nguliste tegevuste ja aktiiv\u00f5ppemeetodite tehakse\u00a0j\u00e4rveuuringuid parvega Saadj\u00e4rvel.\u00a0Hiliss\u00fcgisel ja talvel, kui parv Saadj\u00e4rvel ei s\u00f5ida, toimub \u00f5pe Saadj\u00e4rve Looduskooli \u00f5ppeklassis ja vaatlused Saadj\u00e4rve kaldal\/j\u00e4\u00e4l. \u00dcheskoos\u00a0vaadeldakse kaldataimi, linde ja tutvutakse Saadj\u00e4rves elavate kaladega. Parvelt p\u00fc\u00fctakse veesiseseid taimi ja uuritakse selgrootuid.<\/span><\/p>\r\n<p>&nbsp;<\/p>\r\n","protected":false},"featured_media":0,"template":"","meta":{"_acf_changed":false,"ngg_post_thumbnail":0},"product_brand":[],"product_cat":[53,52],"product_tag":[],"class_list":{"0":"post-1693","1":"product","2":"type-product","3":"status-publish","5":"product_cat-kindergarten","6":"product_cat-the-primary-school","8":"first","9":"instock","10":"virtual","11":"product-type-simple"},"acf":[],"yoast_head":"<!-- This site is optimized with the Yoast SEO plugin v27.3 - https:\/\/yoast.com\/product\/yoast-seo-wordpress\/ -->\n<title>The Lake as an environment - J\u00e4\u00e4aja Keskus<\/title>\n<meta name=\"robots\" content=\"index, follow, max-snippet:-1, max-image-preview:large, max-video-preview:-1\" \/>\n<link rel=\"canonical\" href=\"https:\/\/jaaaeg.ee\/en\/oppeprogramm\/the-primary-school\/the-lake-as-an-environment\/\" \/>\n<meta property=\"og:locale\" content=\"en_US\" \/>\n<meta property=\"og:type\" content=\"article\" \/>\n<meta property=\"og:title\" content=\"The Lake as an environment - J\u00e4\u00e4aja Keskus\" \/>\n<meta property=\"og:description\" content=\"Hind: 95 \u20ac + parve rent 40 \u20ac L\u00e4bi m\u00e4nguliste tegevuste ja aktiiv\u00f5ppemeetodite tehakse\u00a0j\u00e4rveuuringuid parvega Saadj\u00e4rvel.\u00a0Hiliss\u00fcgisel ja talvel, kui parv Saadj\u00e4rvel ei s\u00f5ida, toimub \u00f5pe Saadj\u00e4rve Looduskooli \u00f5ppeklassis ja vaatlused Saadj\u00e4rve kaldal\/j\u00e4\u00e4l. \u00dcheskoos\u00a0vaadeldakse kaldataimi, linde ja tutvutakse Saadj\u00e4rves elavate kaladega. Parvelt p\u00fc\u00fctakse veesiseseid taimi ja uuritakse selgrootuid. &nbsp;\" \/>\n<meta property=\"og:url\" content=\"https:\/\/jaaaeg.ee\/en\/oppeprogramm\/the-primary-school\/the-lake-as-an-environment\/\" \/>\n<meta property=\"og:site_name\" content=\"J\u00e4\u00e4aja Keskus\" \/>\n<meta property=\"article:publisher\" content=\"https:\/\/www.facebook.com\/JaaajaKeskus\/\" \/>\n<meta name=\"twitter:card\" content=\"summary_large_image\" \/>\n<meta name=\"twitter:label1\" content=\"Est. reading time\" \/>\n\t<meta name=\"twitter:data1\" content=\"2 minutes\" \/>\n<script type=\"application\/ld+json\" class=\"yoast-schema-graph\">{\"@context\":\"https:\\\/\\\/schema.org\",\"@graph\":[{\"@type\":\"WebPage\",\"@id\":\"https:\\\/\\\/jaaaeg.ee\\\/en\\\/oppeprogramm\\\/the-primary-school\\\/the-lake-as-an-environment\\\/\",\"url\":\"https:\\\/\\\/jaaaeg.ee\\\/en\\\/oppeprogramm\\\/the-primary-school\\\/the-lake-as-an-environment\\\/\",\"name\":\"The Lake as an environment - J\u00e4\u00e4aja Keskus\",\"isPartOf\":{\"@id\":\"https:\\\/\\\/jaaaeg.ee\\\/ru\\\/#website\"},\"datePublished\":\"2018-09-21T08:29:29+00:00\",\"breadcrumb\":{\"@id\":\"https:\\\/\\\/jaaaeg.ee\\\/en\\\/oppeprogramm\\\/the-primary-school\\\/the-lake-as-an-environment\\\/#breadcrumb\"},\"inLanguage\":\"en-US\",\"potentialAction\":[{\"@type\":\"ReadAction\",\"target\":[\"https:\\\/\\\/jaaaeg.ee\\\/en\\\/oppeprogramm\\\/the-primary-school\\\/the-lake-as-an-environment\\\/\"]}]},{\"@type\":\"BreadcrumbList\",\"@id\":\"https:\\\/\\\/jaaaeg.ee\\\/en\\\/oppeprogramm\\\/the-primary-school\\\/the-lake-as-an-environment\\\/#breadcrumb\",\"itemListElement\":[{\"@type\":\"ListItem\",\"position\":1,\"name\":\"Home\",\"item\":\"https:\\\/\\\/jaaaeg.ee\\\/en\\\/\"},{\"@type\":\"ListItem\",\"position\":2,\"name\":\"The Lake as an environment\"}]},{\"@type\":\"WebSite\",\"@id\":\"https:\\\/\\\/jaaaeg.ee\\\/ru\\\/#website\",\"url\":\"https:\\\/\\\/jaaaeg.ee\\\/ru\\\/\",\"name\":\"J\u00e4\u00e4aja Keskus\",\"description\":\"avastamisr\u00f5\u00f5m igas vanuses k\u00fclastajatele\",\"potentialAction\":[{\"@type\":\"SearchAction\",\"target\":{\"@type\":\"EntryPoint\",\"urlTemplate\":\"https:\\\/\\\/jaaaeg.ee\\\/ru\\\/?s={search_term_string}\"},\"query-input\":{\"@type\":\"PropertyValueSpecification\",\"valueRequired\":true,\"valueName\":\"search_term_string\"}}],\"inLanguage\":\"en-US\"}]}<\/script>\n<!-- \/ Yoast SEO plugin. -->","yoast_head_json":{"title":"The Lake as an environment - J\u00e4\u00e4aja Keskus","robots":{"index":"index","follow":"follow","max-snippet":"max-snippet:-1","max-image-preview":"max-image-preview:large","max-video-preview":"max-video-preview:-1"},"canonical":"https:\/\/jaaaeg.ee\/en\/oppeprogramm\/the-primary-school\/the-lake-as-an-environment\/","og_locale":"en_US","og_type":"article","og_title":"The Lake as an environment - J\u00e4\u00e4aja Keskus","og_description":"Hind: 95 \u20ac + parve rent 40 \u20ac L\u00e4bi m\u00e4nguliste tegevuste ja aktiiv\u00f5ppemeetodite tehakse\u00a0j\u00e4rveuuringuid parvega Saadj\u00e4rvel.\u00a0Hiliss\u00fcgisel ja talvel, kui parv Saadj\u00e4rvel ei s\u00f5ida, toimub \u00f5pe Saadj\u00e4rve Looduskooli \u00f5ppeklassis ja vaatlused Saadj\u00e4rve kaldal\/j\u00e4\u00e4l. \u00dcheskoos\u00a0vaadeldakse kaldataimi, linde ja tutvutakse Saadj\u00e4rves elavate kaladega. Parvelt p\u00fc\u00fctakse veesiseseid taimi ja uuritakse selgrootuid. &nbsp;","og_url":"https:\/\/jaaaeg.ee\/en\/oppeprogramm\/the-primary-school\/the-lake-as-an-environment\/","og_site_name":"J\u00e4\u00e4aja Keskus","article_publisher":"https:\/\/www.facebook.com\/JaaajaKeskus\/","twitter_card":"summary_large_image","twitter_misc":{"Est. reading time":"2 minutes"},"schema":{"@context":"https:\/\/schema.org","@graph":[{"@type":"WebPage","@id":"https:\/\/jaaaeg.ee\/en\/oppeprogramm\/the-primary-school\/the-lake-as-an-environment\/","url":"https:\/\/jaaaeg.ee\/en\/oppeprogramm\/the-primary-school\/the-lake-as-an-environment\/","name":"The Lake as an environment - J\u00e4\u00e4aja Keskus","isPartOf":{"@id":"https:\/\/jaaaeg.ee\/ru\/#website"},"datePublished":"2018-09-21T08:29:29+00:00","breadcrumb":{"@id":"https:\/\/jaaaeg.ee\/en\/oppeprogramm\/the-primary-school\/the-lake-as-an-environment\/#breadcrumb"},"inLanguage":"en-US","potentialAction":[{"@type":"ReadAction","target":["https:\/\/jaaaeg.ee\/en\/oppeprogramm\/the-primary-school\/the-lake-as-an-environment\/"]}]},{"@type":"BreadcrumbList","@id":"https:\/\/jaaaeg.ee\/en\/oppeprogramm\/the-primary-school\/the-lake-as-an-environment\/#breadcrumb","itemListElement":[{"@type":"ListItem","position":1,"name":"Home","item":"https:\/\/jaaaeg.ee\/en\/"},{"@type":"ListItem","position":2,"name":"The Lake as an environment"}]},{"@type":"WebSite","@id":"https:\/\/jaaaeg.ee\/ru\/#website","url":"https:\/\/jaaaeg.ee\/ru\/","name":"J\u00e4\u00e4aja Keskus","description":"avastamisr\u00f5\u00f5m igas vanuses k\u00fclastajatele","potentialAction":[{"@type":"SearchAction","target":{"@type":"EntryPoint","urlTemplate":"https:\/\/jaaaeg.ee\/ru\/?s={search_term_string}"},"query-input":{"@type":"PropertyValueSpecification","valueRequired":true,"valueName":"search_term_string"}}],"inLanguage":"en-US"}]}},"_links":{"self":[{"href":"https:\/\/jaaaeg.ee\/en\/wp-json\/wp\/v2\/product\/1693","targetHints":{"allow":["GET"]}}],"collection":[{"href":"https:\/\/jaaaeg.ee\/en\/wp-json\/wp\/v2\/product"}],"about":[{"href":"https:\/\/jaaaeg.ee\/en\/wp-json\/wp\/v2\/types\/product"}],"wp:attachment":[{"href":"https:\/\/jaaaeg.ee\/en\/wp-json\/wp\/v2\/media?parent=1693"}],"wp:term":[{"taxonomy":"product_brand","embeddable":true,"href":"https:\/\/jaaaeg.ee\/en\/wp-json\/wp\/v2\/product_brand?post=1693"},{"taxonomy":"product_cat","embeddable":true,"href":"https:\/\/jaaaeg.ee\/en\/wp-json\/wp\/v2\/product_cat?post=1693"},{"taxonomy":"product_tag","embeddable":true,"href":"https:\/\/jaaaeg.ee\/en\/wp-json\/wp\/v2\/product_tag?post=1693"}],"curies":[{"name":"wp","href":"https:\/\/api.w.org\/{rel}","templated":true}]}}