{"id":33440,"date":"2026-01-05T10:48:12","date_gmt":"2026-01-05T08:48:12","guid":{"rendered":"https:\/\/jaaaeg.ee\/talvepaev\/"},"modified":"2026-01-05T16:15:13","modified_gmt":"2026-01-05T14:15:13","slug":"talvepaev","status":"publish","type":"page","link":"https:\/\/jaaaeg.ee\/en\/talvepaev\/","title":{"rendered":"Winter day for the whole family"},"content":{"rendered":"\r\n<div class=\"vce-row-container\" data-vce-boxed-width=\"true\">\r\n<div id=\"el-4b035247\" class=\"vce-row vce-row--col-gap-30 vce-row-equal-height vce-row-content--top\" data-vce-do-apply=\"all el-4b035247\">\r\n<div class=\"vce-row-content\" data-vce-element-content=\"true\">\r\n\r\n\r\n<div id=\"el-39ca5a85\" class=\"vce-col vce-col--md-auto vce-col--xs-1 vce-col--xs-last vce-col--xs-first vce-col--sm-last vce-col--sm-first vce-col--md-last vce-col--lg-last vce-col--xl-last vce-col--md-first vce-col--lg-first vce-col--xl-first\">\r\n<div class=\"vce-col-inner\" data-vce-do-apply=\"border margin background el-39ca5a85\">\r\n<div class=\"vce-col-content\" data-vce-element-content=\"true\" data-vce-do-apply=\"padding el-39ca5a85\">\r\n\r\n\r\n<div class=\"vce-single-image-container vce-single-image--align-left\">\r\n<div id=\"el-5020a255\" class=\"vce vce-single-image-wrapper\" data-vce-do-apply=\"all el-5020a255\">\r\n<figure>\r\n<div class=\"vce-single-image-figure-inner\" style=\"width: 1900px;\">\r\n<div class=\"vce-single-image-inner vce-single-image--absolute\" style=\"width: 100%; padding-bottom: 36.4211%;\"><img loading=\"lazy\" decoding=\"async\" class=\"vce-single-image\" title=\"J\u00e4\u00e4aja talvep\u00e4ev\" src=\"https:\/\/jaaaeg.ee\/wp-content\/uploads\/2025\/12\/Kodukal-talvepaev-2.png\" srcset=\"https:\/\/jaaaeg.ee\/wp-content\/uploads\/2025\/12\/Kodukal-talvepaev-2-320x117.png 320w, https:\/\/jaaaeg.ee\/wp-content\/uploads\/2025\/12\/Kodukal-talvepaev-2-480x175.png 480w, https:\/\/jaaaeg.ee\/wp-content\/uploads\/2025\/12\/Kodukal-talvepaev-2-800x291.png 800w, https:\/\/jaaaeg.ee\/wp-content\/uploads\/2025\/12\/Kodukal-talvepaev-2.png 1900w\" alt=\"J\u00e4\u00e4aja talvep\u00e4ev\" width=\"1900\" height=\"692\" data-img-src=\"https:\/\/jaaaeg.ee\/wp-content\/uploads\/2025\/12\/Kodukal-talvepaev-2.png\" data-attachment-id=\"33297\"><\/div>\r\n<\/div>\r\n<figcaption hidden=\"\"><\/figcaption><\/figure>\r\n<\/div>\r\n<\/div>\r\n\r\n<div class=\"vce-text-block\">\r\n<div id=\"el-70fa2c6a\" class=\"vce-text-block-wrapper vce\" data-vce-do-apply=\"all el-70fa2c6a\">\r\n<h3 data-start=\"199\" data-end=\"282\"><strong data-start=\"203\" data-end=\"282\">A playful and magical winter day for the whole family at the Ice Age Centre<\/strong><\/h3>\r\n<p data-start=\"284\" data-end=\"436\">Come and enjoy a <strong data-start=\"301\" data-end=\"338\">fun-filled and magical winter day<\/strong> with your family \u2013 the Ice Age Centre is full of adventures for both young and older explorers!<\/p>\r\n<p data-start=\"438\" data-end=\"474\"><strong data-start=\"438\" data-end=\"474\">Sunday, 25 January | 10\u201317<\/strong><\/p>\r\n\r\n<h3 data-start=\"481\" data-end=\"555\">\ud83c\udfad <strong data-start=\"488\" data-end=\"553\">Children\u2019s Theatre Performance: <em data-start=\"522\" data-end=\"551\">The Princess and the Jester<\/em><\/strong><\/h3>\r\n<p data-start=\"556\" data-end=\"721\">A warm and humorous story about Johanna (the Princess) and Niklas the Jester, who find themselves on an exciting adventure and discover the true power of friendship.<\/p>\r\n<p data-start=\"723\" data-end=\"761\">\ud83d\udde3\ufe0f <strong data-start=\"727\" data-end=\"761\">The performance is in Estonian<\/strong><\/p>\r\n<p data-start=\"763\" data-end=\"844\"><strong data-start=\"763\" data-end=\"785\">At 11 and 14<\/strong><br data-start=\"785\" data-end=\"788\">Duration: 45 minutes<br data-start=\"808\" data-end=\"811\">Suitable for children aged <strong data-start=\"838\" data-end=\"844\">4+<\/strong><\/p>\r\n<p data-start=\"846\" data-end=\"881\">\u26a0\ufe0f Limited number of participants<\/p>\r\n<p data-start=\"883\" data-end=\"939\">Tickets:<br data-start=\"891\" data-end=\"894\">Performance at 11<br data-start=\"914\" data-end=\"917\">Performance at 14<\/p>\r\n\r\n<h3 data-start=\"946\" data-end=\"994\">\ud83d\udc18 <strong data-start=\"953\" data-end=\"992\">Meet &amp; Play with the Mammoth Mascot<\/strong><\/h3>\r\n<p data-start=\"995\" data-end=\"1083\">Our friendly mammoth mascot invites children to play fun games and take photos together.<\/p>\r\n<p data-start=\"1085\" data-end=\"1114\"><strong data-start=\"1085\" data-end=\"1114\">At 12, 15 and 16<\/strong><\/p>\r\n\r\n<h3 data-start=\"1121\" data-end=\"1181\">\ud83d\udc18 <strong data-start=\"1128\" data-end=\"1179\">Ice Age Stories \u2013 Short Tales about the Mammoth<\/strong><\/h3>\r\n<p data-start=\"1182\" data-end=\"1321\">Listen to engaging stories about the life of mammoths and the secrets of the Ice Age. Short, fun storytelling moments for the whole family.<\/p>\r\n<p data-start=\"1323\" data-end=\"1345\"><strong data-start=\"1323\" data-end=\"1345\">At 10:30 and 13<\/strong><\/p>\r\n\r\n<h3 data-start=\"1352\" data-end=\"1385\">\u2744\ufe0f <strong data-start=\"1359\" data-end=\"1383\">ICE AGE WINTER BINGO<\/strong><\/h3>\r\n<p data-start=\"1386\" data-end=\"1528\">Hidden activity points throughout the centre, especially for younger children. Find them all, mark them down and enjoy a playful winter quest!<\/p>\r\n\r\n<h3 data-start=\"1535\" data-end=\"1580\">\ud83d\udd0d <strong data-start=\"1542\" data-end=\"1578\">LEMMING LEMPSI\u2019S DISCOVERY TRAIL<\/strong><\/h3>\r\n<p data-start=\"1581\" data-end=\"1703\">An exciting discovery trail for slightly older children \u2013 full of puzzles, observations and Ice Age stories at every step.<\/p>\r\n<p data-start=\"1710\" data-end=\"1800\">\u2728 <strong data-start=\"1712\" data-end=\"1800\">Come and explore, play and enjoy winter fun \u2013 the Ice Age Centre is waiting for you!<\/strong><\/p>\r\n\r\n<h3 data-start=\"1802\" data-end=\"1837\">\ud83c\udf9f\ufe0f <strong data-start=\"1810\" data-end=\"1837\">Ticket includes:<\/strong><\/h3>\r\n<ul data-start=\"1838\" data-end=\"1934\">\r\n \t<li data-start=\"1838\" data-end=\"1872\">\r\n<p data-start=\"1840\" data-end=\"1872\">Children\u2019s theatre performance<\/p>\r\n<\/li>\r\n \t<li data-start=\"1873\" data-end=\"1904\">\r\n<p data-start=\"1875\" data-end=\"1904\">Visit to the Ice Age Centre<\/p>\r\n<\/li>\r\n \t<li data-start=\"1905\" data-end=\"1934\">\r\n<p data-start=\"1907\" data-end=\"1934\">Additional activities<\/p>\r\n<\/li>\r\n<\/ul>\r\n<p data-start=\"1936\" data-end=\"2091\"><strong data-start=\"1936\" data-end=\"1954\">Ticket prices:<\/strong><br data-start=\"1954\" data-end=\"1957\">\u2022 Pre-sale until 18 January: <strong data-start=\"1986\" data-end=\"1993\">\u20ac15<\/strong><br data-start=\"1993\" data-end=\"1996\">\u2022 19\u201324 January: <strong data-start=\"2013\" data-end=\"2020\">\u20ac20<\/strong><br data-start=\"2020\" data-end=\"2023\">\u2022 On the day at the venue: <strong data-start=\"2050\" data-end=\"2057\">\u20ac25<\/strong><br data-start=\"2057\" data-end=\"2060\">\u2022 Infants (0\u20133 years): <strong data-start=\"2083\" data-end=\"2091\">FREE<\/strong><\/p>\r\n\r\n<\/div>\r\n<\/div>\r\n<\/div>\r\n<\/div>\r\n<\/div>\r\n<\/div>\r\n<\/div>\r\n<\/div>\r\n\n","protected":false},"excerpt":{"rendered":"A playful and magical winter day for the whole family at the Ice Age Centre Come and enjoy a fun-filled and magical winter day with your family \u2013 the Ice Age Centre is full of adventures for both young and older explorers! Sunday, 25 January | 10\u201317 \ud83c\udfad Children\u2019s Theatre Performance: The Princess and the&#8230; <a class=\"view-article\" href=\"https:\/\/jaaaeg.ee\/en\/talvepaev\/\">Read more<\/a>","protected":false},"author":3,"featured_media":33298,"parent":0,"menu_order":4,"comment_status":"closed","ping_status":"closed","template":"","meta":{"_acf_changed":false,"ngg_post_thumbnail":0,"footnotes":""},"class_list":["post-33440","page","type-page","status-publish","has-post-thumbnail","hentry"],"acf":[],"yoast_head":"<!-- This site is optimized with the Yoast SEO plugin v27.5 - https:\/\/yoast.com\/product\/yoast-seo-wordpress\/ -->\n<title>Winter day for the whole family - J\u00e4\u00e4aja Keskus<\/title>\n<meta name=\"robots\" content=\"index, follow, max-snippet:-1, max-image-preview:large, max-video-preview:-1\" \/>\n<link rel=\"canonical\" href=\"https:\/\/jaaaeg.ee\/en\/talvepaev\/\" \/>\n<meta property=\"og:locale\" content=\"en_US\" \/>\n<meta property=\"og:type\" content=\"article\" \/>\n<meta property=\"og:title\" content=\"Winter day for the whole family - J\u00e4\u00e4aja Keskus\" \/>\n<meta property=\"og:description\" content=\"A playful and magical winter day for the whole family at the Ice Age Centre Come and enjoy a fun-filled and magical winter day with your family \u2013 the Ice Age Centre is full of adventures for both young and older explorers! Sunday, 25 January | 10\u201317 \ud83c\udfad Children\u2019s Theatre Performance: The Princess and the... Read more\" \/>\n<meta property=\"og:url\" content=\"https:\/\/jaaaeg.ee\/en\/talvepaev\/\" \/>\n<meta property=\"og:site_name\" content=\"J\u00e4\u00e4aja Keskus\" \/>\n<meta property=\"article:publisher\" content=\"https:\/\/www.facebook.com\/JaaajaKeskus\/\" \/>\n<meta property=\"article:modified_time\" content=\"2026-01-05T14:15:13+00:00\" \/>\n<meta property=\"og:image\" content=\"https:\/\/jaaaeg.ee\/wp-content\/uploads\/2025\/12\/Kodukal-talvepaev-2.png\" \/>\n\t<meta property=\"og:image:width\" content=\"1920\" \/>\n\t<meta property=\"og:image:height\" content=\"700\" \/>\n\t<meta property=\"og:image:type\" content=\"image\/png\" \/>\n<meta name=\"twitter:card\" content=\"summary_large_image\" \/>\n<meta name=\"twitter:label1\" content=\"Est. reading time\" \/>\n\t<meta name=\"twitter:data1\" content=\"2 minutes\" \/>\n<script type=\"application\/ld+json\" class=\"yoast-schema-graph\">{\"@context\":\"https:\\\/\\\/schema.org\",\"@graph\":[{\"@type\":\"WebPage\",\"@id\":\"https:\\\/\\\/jaaaeg.ee\\\/en\\\/talvepaev\\\/\",\"url\":\"https:\\\/\\\/jaaaeg.ee\\\/en\\\/talvepaev\\\/\",\"name\":\"Winter day for the whole family - J\u00e4\u00e4aja Keskus\",\"isPartOf\":{\"@id\":\"https:\\\/\\\/jaaaeg.ee\\\/ru\\\/#website\"},\"primaryImageOfPage\":{\"@id\":\"https:\\\/\\\/jaaaeg.ee\\\/en\\\/talvepaev\\\/#primaryimage\"},\"image\":{\"@id\":\"https:\\\/\\\/jaaaeg.ee\\\/en\\\/talvepaev\\\/#primaryimage\"},\"thumbnailUrl\":\"https:\\\/\\\/jaaaeg.ee\\\/wp-content\\\/uploads\\\/2025\\\/12\\\/Kodukal-talvepaev-2.png\",\"datePublished\":\"2026-01-05T08:48:12+00:00\",\"dateModified\":\"2026-01-05T14:15:13+00:00\",\"breadcrumb\":{\"@id\":\"https:\\\/\\\/jaaaeg.ee\\\/en\\\/talvepaev\\\/#breadcrumb\"},\"inLanguage\":\"en-US\",\"potentialAction\":[{\"@type\":\"ReadAction\",\"target\":[\"https:\\\/\\\/jaaaeg.ee\\\/en\\\/talvepaev\\\/\"]}]},{\"@type\":\"ImageObject\",\"inLanguage\":\"en-US\",\"@id\":\"https:\\\/\\\/jaaaeg.ee\\\/en\\\/talvepaev\\\/#primaryimage\",\"url\":\"https:\\\/\\\/jaaaeg.ee\\\/wp-content\\\/uploads\\\/2025\\\/12\\\/Kodukal-talvepaev-2.png\",\"contentUrl\":\"https:\\\/\\\/jaaaeg.ee\\\/wp-content\\\/uploads\\\/2025\\\/12\\\/Kodukal-talvepaev-2.png\",\"width\":1920,\"height\":700,\"caption\":\"J\u00e4\u00e4aja talvep\u00e4ev\"},{\"@type\":\"BreadcrumbList\",\"@id\":\"https:\\\/\\\/jaaaeg.ee\\\/en\\\/talvepaev\\\/#breadcrumb\",\"itemListElement\":[{\"@type\":\"ListItem\",\"position\":1,\"name\":\"Home\",\"item\":\"https:\\\/\\\/jaaaeg.ee\\\/en\\\/\"},{\"@type\":\"ListItem\",\"position\":2,\"name\":\"Winter day for the whole family\"}]},{\"@type\":\"WebSite\",\"@id\":\"https:\\\/\\\/jaaaeg.ee\\\/ru\\\/#website\",\"url\":\"https:\\\/\\\/jaaaeg.ee\\\/ru\\\/\",\"name\":\"J\u00e4\u00e4aja Keskus\",\"description\":\"avastamisr\u00f5\u00f5m igas vanuses k\u00fclastajatele\",\"potentialAction\":[{\"@type\":\"SearchAction\",\"target\":{\"@type\":\"EntryPoint\",\"urlTemplate\":\"https:\\\/\\\/jaaaeg.ee\\\/ru\\\/?s={search_term_string}\"},\"query-input\":{\"@type\":\"PropertyValueSpecification\",\"valueRequired\":true,\"valueName\":\"search_term_string\"}}],\"inLanguage\":\"en-US\"}]}<\/script>\n<!-- \/ Yoast SEO plugin. -->","yoast_head_json":{"title":"Winter day for the whole family - J\u00e4\u00e4aja Keskus","robots":{"index":"index","follow":"follow","max-snippet":"max-snippet:-1","max-image-preview":"max-image-preview:large","max-video-preview":"max-video-preview:-1"},"canonical":"https:\/\/jaaaeg.ee\/en\/talvepaev\/","og_locale":"en_US","og_type":"article","og_title":"Winter day for the whole family - J\u00e4\u00e4aja Keskus","og_description":"A playful and magical winter day for the whole family at the Ice Age Centre Come and enjoy a fun-filled and magical winter day with your family \u2013 the Ice Age Centre is full of adventures for both young and older explorers! Sunday, 25 January | 10\u201317 \ud83c\udfad Children\u2019s Theatre Performance: The Princess and the... Read more","og_url":"https:\/\/jaaaeg.ee\/en\/talvepaev\/","og_site_name":"J\u00e4\u00e4aja Keskus","article_publisher":"https:\/\/www.facebook.com\/JaaajaKeskus\/","article_modified_time":"2026-01-05T14:15:13+00:00","og_image":[{"width":1920,"height":700,"url":"https:\/\/jaaaeg.ee\/wp-content\/uploads\/2025\/12\/Kodukal-talvepaev-2.png","type":"image\/png"}],"twitter_card":"summary_large_image","twitter_misc":{"Est. reading time":"2 minutes"},"schema":{"@context":"https:\/\/schema.org","@graph":[{"@type":"WebPage","@id":"https:\/\/jaaaeg.ee\/en\/talvepaev\/","url":"https:\/\/jaaaeg.ee\/en\/talvepaev\/","name":"Winter day for the whole family - J\u00e4\u00e4aja Keskus","isPartOf":{"@id":"https:\/\/jaaaeg.ee\/ru\/#website"},"primaryImageOfPage":{"@id":"https:\/\/jaaaeg.ee\/en\/talvepaev\/#primaryimage"},"image":{"@id":"https:\/\/jaaaeg.ee\/en\/talvepaev\/#primaryimage"},"thumbnailUrl":"https:\/\/jaaaeg.ee\/wp-content\/uploads\/2025\/12\/Kodukal-talvepaev-2.png","datePublished":"2026-01-05T08:48:12+00:00","dateModified":"2026-01-05T14:15:13+00:00","breadcrumb":{"@id":"https:\/\/jaaaeg.ee\/en\/talvepaev\/#breadcrumb"},"inLanguage":"en-US","potentialAction":[{"@type":"ReadAction","target":["https:\/\/jaaaeg.ee\/en\/talvepaev\/"]}]},{"@type":"ImageObject","inLanguage":"en-US","@id":"https:\/\/jaaaeg.ee\/en\/talvepaev\/#primaryimage","url":"https:\/\/jaaaeg.ee\/wp-content\/uploads\/2025\/12\/Kodukal-talvepaev-2.png","contentUrl":"https:\/\/jaaaeg.ee\/wp-content\/uploads\/2025\/12\/Kodukal-talvepaev-2.png","width":1920,"height":700,"caption":"J\u00e4\u00e4aja talvep\u00e4ev"},{"@type":"BreadcrumbList","@id":"https:\/\/jaaaeg.ee\/en\/talvepaev\/#breadcrumb","itemListElement":[{"@type":"ListItem","position":1,"name":"Home","item":"https:\/\/jaaaeg.ee\/en\/"},{"@type":"ListItem","position":2,"name":"Winter day for the whole family"}]},{"@type":"WebSite","@id":"https:\/\/jaaaeg.ee\/ru\/#website","url":"https:\/\/jaaaeg.ee\/ru\/","name":"J\u00e4\u00e4aja Keskus","description":"avastamisr\u00f5\u00f5m igas vanuses k\u00fclastajatele","potentialAction":[{"@type":"SearchAction","target":{"@type":"EntryPoint","urlTemplate":"https:\/\/jaaaeg.ee\/ru\/?s={search_term_string}"},"query-input":{"@type":"PropertyValueSpecification","valueRequired":true,"valueName":"search_term_string"}}],"inLanguage":"en-US"}]}},"_links":{"self":[{"href":"https:\/\/jaaaeg.ee\/en\/wp-json\/wp\/v2\/pages\/33440","targetHints":{"allow":["GET"]}}],"collection":[{"href":"https:\/\/jaaaeg.ee\/en\/wp-json\/wp\/v2\/pages"}],"about":[{"href":"https:\/\/jaaaeg.ee\/en\/wp-json\/wp\/v2\/types\/page"}],"author":[{"embeddable":true,"href":"https:\/\/jaaaeg.ee\/en\/wp-json\/wp\/v2\/users\/3"}],"replies":[{"embeddable":true,"href":"https:\/\/jaaaeg.ee\/en\/wp-json\/wp\/v2\/comments?post=33440"}],"version-history":[{"count":4,"href":"https:\/\/jaaaeg.ee\/en\/wp-json\/wp\/v2\/pages\/33440\/revisions"}],"predecessor-version":[{"id":33451,"href":"https:\/\/jaaaeg.ee\/en\/wp-json\/wp\/v2\/pages\/33440\/revisions\/33451"}],"wp:featuredmedia":[{"embeddable":true,"href":"https:\/\/jaaaeg.ee\/en\/wp-json\/wp\/v2\/media\/33298"}],"wp:attachment":[{"href":"https:\/\/jaaaeg.ee\/en\/wp-json\/wp\/v2\/media?parent=33440"}],"curies":[{"name":"wp","href":"https:\/\/api.w.org\/{rel}","templated":true}]}}