{"id":27138,"date":"2024-02-14T14:01:06","date_gmt":"2024-02-14T12:01:06","guid":{"rendered":"https:\/\/jaaaeg.ee\/naitused\/urmas-tartes\/"},"modified":"2025-04-25T11:29:08","modified_gmt":"2025-04-25T08:29:08","slug":"urmas-tartes","status":"publish","type":"page","link":"https:\/\/jaaaeg.ee\/en\/naitused\/urmas-tartes\/","title":{"rendered":"Urmas Tartes"},"content":{"rendered":"<p>Urmas Tartes is a freelance nature enthusiast and nature photographer. He is a frequent speaker, presenting photo programs about nature, especially insects, to various audiences. Hundreds of nature stories have been published by Urmas in newspapers, nature magazines, and on websites. In 2009, he became the first Estonian to win the prestigious Wildlife Photographer of the Year competition. Urmas has a particular interest in the micro-world, which he captures through close-up photography.<\/p>\nngg_shortcode_0_placeholder\n","protected":false},"excerpt":{"rendered":"Urmas Tartes is a freelance nature enthusiast and nature photographer. He is a frequent speaker, presenting photo programs about nature, especially insects, to various audiences. Hundreds of nature stories have been published by Urmas in newspapers, nature magazines, and on websites. In 2009, he became the first Estonian to win the prestigious Wildlife Photographer of&#8230; <a class=\"view-article\" href=\"https:\/\/jaaaeg.ee\/en\/naitused\/urmas-tartes\/\">Read more<\/a>","protected":false},"author":1,"featured_media":20657,"parent":26836,"menu_order":28,"comment_status":"closed","ping_status":"closed","template":"template-sidebar.php","meta":{"_acf_changed":false,"ngg_post_thumbnail":0,"footnotes":""},"class_list":["post-27138","page","type-page","status-publish","has-post-thumbnail","hentry"],"acf":[],"yoast_head":"<!-- This site is optimized with the Yoast SEO plugin v27.3 - https:\/\/yoast.com\/product\/yoast-seo-wordpress\/ -->\n<title>Urmas Tartes - J\u00e4\u00e4aja Keskus<\/title>\n<meta name=\"description\" content=\"Tunnustatud loodusfotograafi l\u00e4hiv\u00f5tete kogu. L\u00f5uendile prinditud fotod on eksponeeritud J\u00e4\u00e4aja Keskuse trepigaleriis.\" \/>\n<meta name=\"robots\" content=\"index, follow, max-snippet:-1, max-image-preview:large, max-video-preview:-1\" \/>\n<link rel=\"canonical\" href=\"https:\/\/jaaaeg.ee\/en\/naitused\/urmas-tartes\/\" \/>\n<meta property=\"og:locale\" content=\"en_US\" \/>\n<meta property=\"og:type\" content=\"article\" \/>\n<meta property=\"og:title\" content=\"Urmas Tartes - J\u00e4\u00e4aja Keskus\" \/>\n<meta property=\"og:description\" content=\"Tunnustatud loodusfotograafi l\u00e4hiv\u00f5tete kogu. L\u00f5uendile prinditud fotod on eksponeeritud J\u00e4\u00e4aja Keskuse trepigaleriis.\" \/>\n<meta property=\"og:url\" content=\"https:\/\/jaaaeg.ee\/en\/naitused\/urmas-tartes\/\" \/>\n<meta property=\"og:site_name\" content=\"J\u00e4\u00e4aja Keskus\" \/>\n<meta property=\"article:publisher\" content=\"https:\/\/www.facebook.com\/JaaajaKeskus\/\" \/>\n<meta property=\"article:modified_time\" content=\"2025-04-25T08:29:08+00:00\" \/>\n<meta property=\"og:image\" content=\"https:\/\/jaaaeg.ee\/wp-content\/uploads\/2022\/06\/160322ut053.jpg\" \/>\n\t<meta property=\"og:image:width\" content=\"2560\" \/>\n\t<meta property=\"og:image:height\" content=\"1707\" \/>\n\t<meta property=\"og:image:type\" content=\"image\/jpeg\" \/>\n<meta name=\"twitter:card\" content=\"summary_large_image\" \/>\n<meta name=\"twitter:label1\" content=\"Est. reading time\" \/>\n\t<meta name=\"twitter:data1\" content=\"1 minute\" \/>\n<script type=\"application\/ld+json\" class=\"yoast-schema-graph\">{\"@context\":\"https:\\\/\\\/schema.org\",\"@graph\":[{\"@type\":\"WebPage\",\"@id\":\"https:\\\/\\\/jaaaeg.ee\\\/en\\\/naitused\\\/urmas-tartes\\\/\",\"url\":\"https:\\\/\\\/jaaaeg.ee\\\/en\\\/naitused\\\/urmas-tartes\\\/\",\"name\":\"Urmas Tartes - J\u00e4\u00e4aja Keskus\",\"isPartOf\":{\"@id\":\"https:\\\/\\\/jaaaeg.ee\\\/ru\\\/#website\"},\"primaryImageOfPage\":{\"@id\":\"https:\\\/\\\/jaaaeg.ee\\\/en\\\/naitused\\\/urmas-tartes\\\/#primaryimage\"},\"image\":{\"@id\":\"https:\\\/\\\/jaaaeg.ee\\\/en\\\/naitused\\\/urmas-tartes\\\/#primaryimage\"},\"thumbnailUrl\":\"https:\\\/\\\/jaaaeg.ee\\\/wp-content\\\/uploads\\\/2022\\\/06\\\/160322ut053.jpg\",\"datePublished\":\"2024-02-14T12:01:06+00:00\",\"dateModified\":\"2025-04-25T08:29:08+00:00\",\"description\":\"Tunnustatud loodusfotograafi l\u00e4hiv\u00f5tete kogu. L\u00f5uendile prinditud fotod on eksponeeritud J\u00e4\u00e4aja Keskuse trepigaleriis.\",\"breadcrumb\":{\"@id\":\"https:\\\/\\\/jaaaeg.ee\\\/en\\\/naitused\\\/urmas-tartes\\\/#breadcrumb\"},\"inLanguage\":\"en-US\",\"potentialAction\":[{\"@type\":\"ReadAction\",\"target\":[\"https:\\\/\\\/jaaaeg.ee\\\/en\\\/naitused\\\/urmas-tartes\\\/\"]}]},{\"@type\":\"ImageObject\",\"inLanguage\":\"en-US\",\"@id\":\"https:\\\/\\\/jaaaeg.ee\\\/en\\\/naitused\\\/urmas-tartes\\\/#primaryimage\",\"url\":\"https:\\\/\\\/jaaaeg.ee\\\/wp-content\\\/uploads\\\/2022\\\/06\\\/160322ut053.jpg\",\"contentUrl\":\"https:\\\/\\\/jaaaeg.ee\\\/wp-content\\\/uploads\\\/2022\\\/06\\\/160322ut053.jpg\",\"width\":2560,\"height\":1707,\"caption\":\"160322ut053\"},{\"@type\":\"BreadcrumbList\",\"@id\":\"https:\\\/\\\/jaaaeg.ee\\\/en\\\/naitused\\\/urmas-tartes\\\/#breadcrumb\",\"itemListElement\":[{\"@type\":\"ListItem\",\"position\":1,\"name\":\"Home\",\"item\":\"https:\\\/\\\/jaaaeg.ee\\\/en\\\/\"},{\"@type\":\"ListItem\",\"position\":2,\"name\":\"Exhibitions\",\"item\":\"https:\\\/\\\/jaaaeg.ee\\\/en\\\/naitused\\\/\"},{\"@type\":\"ListItem\",\"position\":3,\"name\":\"Urmas Tartes\"}]},{\"@type\":\"WebSite\",\"@id\":\"https:\\\/\\\/jaaaeg.ee\\\/ru\\\/#website\",\"url\":\"https:\\\/\\\/jaaaeg.ee\\\/ru\\\/\",\"name\":\"J\u00e4\u00e4aja Keskus\",\"description\":\"avastamisr\u00f5\u00f5m igas vanuses k\u00fclastajatele\",\"potentialAction\":[{\"@type\":\"SearchAction\",\"target\":{\"@type\":\"EntryPoint\",\"urlTemplate\":\"https:\\\/\\\/jaaaeg.ee\\\/ru\\\/?s={search_term_string}\"},\"query-input\":{\"@type\":\"PropertyValueSpecification\",\"valueRequired\":true,\"valueName\":\"search_term_string\"}}],\"inLanguage\":\"en-US\"}]}<\/script>\n<!-- \/ Yoast SEO plugin. -->","yoast_head_json":{"title":"Urmas Tartes - J\u00e4\u00e4aja Keskus","description":"Tunnustatud loodusfotograafi l\u00e4hiv\u00f5tete kogu. L\u00f5uendile prinditud fotod on eksponeeritud J\u00e4\u00e4aja Keskuse trepigaleriis.","robots":{"index":"index","follow":"follow","max-snippet":"max-snippet:-1","max-image-preview":"max-image-preview:large","max-video-preview":"max-video-preview:-1"},"canonical":"https:\/\/jaaaeg.ee\/en\/naitused\/urmas-tartes\/","og_locale":"en_US","og_type":"article","og_title":"Urmas Tartes - J\u00e4\u00e4aja Keskus","og_description":"Tunnustatud loodusfotograafi l\u00e4hiv\u00f5tete kogu. L\u00f5uendile prinditud fotod on eksponeeritud J\u00e4\u00e4aja Keskuse trepigaleriis.","og_url":"https:\/\/jaaaeg.ee\/en\/naitused\/urmas-tartes\/","og_site_name":"J\u00e4\u00e4aja Keskus","article_publisher":"https:\/\/www.facebook.com\/JaaajaKeskus\/","article_modified_time":"2025-04-25T08:29:08+00:00","og_image":[{"width":2560,"height":1707,"url":"https:\/\/jaaaeg.ee\/wp-content\/uploads\/2022\/06\/160322ut053.jpg","type":"image\/jpeg"}],"twitter_card":"summary_large_image","twitter_misc":{"Est. reading time":"1 minute"},"schema":{"@context":"https:\/\/schema.org","@graph":[{"@type":"WebPage","@id":"https:\/\/jaaaeg.ee\/en\/naitused\/urmas-tartes\/","url":"https:\/\/jaaaeg.ee\/en\/naitused\/urmas-tartes\/","name":"Urmas Tartes - J\u00e4\u00e4aja Keskus","isPartOf":{"@id":"https:\/\/jaaaeg.ee\/ru\/#website"},"primaryImageOfPage":{"@id":"https:\/\/jaaaeg.ee\/en\/naitused\/urmas-tartes\/#primaryimage"},"image":{"@id":"https:\/\/jaaaeg.ee\/en\/naitused\/urmas-tartes\/#primaryimage"},"thumbnailUrl":"https:\/\/jaaaeg.ee\/wp-content\/uploads\/2022\/06\/160322ut053.jpg","datePublished":"2024-02-14T12:01:06+00:00","dateModified":"2025-04-25T08:29:08+00:00","description":"Tunnustatud loodusfotograafi l\u00e4hiv\u00f5tete kogu. L\u00f5uendile prinditud fotod on eksponeeritud J\u00e4\u00e4aja Keskuse trepigaleriis.","breadcrumb":{"@id":"https:\/\/jaaaeg.ee\/en\/naitused\/urmas-tartes\/#breadcrumb"},"inLanguage":"en-US","potentialAction":[{"@type":"ReadAction","target":["https:\/\/jaaaeg.ee\/en\/naitused\/urmas-tartes\/"]}]},{"@type":"ImageObject","inLanguage":"en-US","@id":"https:\/\/jaaaeg.ee\/en\/naitused\/urmas-tartes\/#primaryimage","url":"https:\/\/jaaaeg.ee\/wp-content\/uploads\/2022\/06\/160322ut053.jpg","contentUrl":"https:\/\/jaaaeg.ee\/wp-content\/uploads\/2022\/06\/160322ut053.jpg","width":2560,"height":1707,"caption":"160322ut053"},{"@type":"BreadcrumbList","@id":"https:\/\/jaaaeg.ee\/en\/naitused\/urmas-tartes\/#breadcrumb","itemListElement":[{"@type":"ListItem","position":1,"name":"Home","item":"https:\/\/jaaaeg.ee\/en\/"},{"@type":"ListItem","position":2,"name":"Exhibitions","item":"https:\/\/jaaaeg.ee\/en\/naitused\/"},{"@type":"ListItem","position":3,"name":"Urmas Tartes"}]},{"@type":"WebSite","@id":"https:\/\/jaaaeg.ee\/ru\/#website","url":"https:\/\/jaaaeg.ee\/ru\/","name":"J\u00e4\u00e4aja Keskus","description":"avastamisr\u00f5\u00f5m igas vanuses k\u00fclastajatele","potentialAction":[{"@type":"SearchAction","target":{"@type":"EntryPoint","urlTemplate":"https:\/\/jaaaeg.ee\/ru\/?s={search_term_string}"},"query-input":{"@type":"PropertyValueSpecification","valueRequired":true,"valueName":"search_term_string"}}],"inLanguage":"en-US"}]}},"_links":{"self":[{"href":"https:\/\/jaaaeg.ee\/en\/wp-json\/wp\/v2\/pages\/27138","targetHints":{"allow":["GET"]}}],"collection":[{"href":"https:\/\/jaaaeg.ee\/en\/wp-json\/wp\/v2\/pages"}],"about":[{"href":"https:\/\/jaaaeg.ee\/en\/wp-json\/wp\/v2\/types\/page"}],"author":[{"embeddable":true,"href":"https:\/\/jaaaeg.ee\/en\/wp-json\/wp\/v2\/users\/1"}],"replies":[{"embeddable":true,"href":"https:\/\/jaaaeg.ee\/en\/wp-json\/wp\/v2\/comments?post=27138"}],"version-history":[{"count":3,"href":"https:\/\/jaaaeg.ee\/en\/wp-json\/wp\/v2\/pages\/27138\/revisions"}],"predecessor-version":[{"id":31157,"href":"https:\/\/jaaaeg.ee\/en\/wp-json\/wp\/v2\/pages\/27138\/revisions\/31157"}],"up":[{"embeddable":true,"href":"https:\/\/jaaaeg.ee\/en\/wp-json\/wp\/v2\/pages\/26836"}],"wp:featuredmedia":[{"embeddable":true,"href":"https:\/\/jaaaeg.ee\/en\/wp-json\/wp\/v2\/media\/20657"}],"wp:attachment":[{"href":"https:\/\/jaaaeg.ee\/en\/wp-json\/wp\/v2\/media?parent=27138"}],"curies":[{"name":"wp","href":"https:\/\/api.w.org\/{rel}","templated":true}]}}