{"id":26836,"date":"2024-02-14T13:58:52","date_gmt":"2024-02-14T11:58:52","guid":{"rendered":"https:\/\/jaaaeg.ee\/naitused\/"},"modified":"2025-04-25T11:18:44","modified_gmt":"2025-04-25T08:18:44","slug":"naitused","status":"publish","type":"page","link":"https:\/\/jaaaeg.ee\/en\/naitused\/","title":{"rendered":"Exhibitions"},"content":{"rendered":"<p>J\u00e4\u00e4aja Keskus pidevalt uueneb. Siit leiad erinevate n\u00e4ituste ja uuenduste kirjelduse, pildid, autorid, seonduvad \u00f5ppeprogrammid jne.&nbsp;<\/p>\nngg_shortcode_0_placeholder\n","protected":false},"excerpt":{"rendered":"J\u00e4\u00e4aja Keskus pidevalt uueneb. Siit leiad erinevate n\u00e4ituste ja uuenduste kirjelduse, pildid, autorid, seonduvad \u00f5ppeprogrammid jne.&nbsp;","protected":false},"author":1,"featured_media":0,"parent":0,"menu_order":54,"comment_status":"closed","ping_status":"closed","template":"template-sidebar.php","meta":{"_acf_changed":false,"ngg_post_thumbnail":0,"footnotes":""},"class_list":["post-26836","page","type-page","status-publish","hentry"],"acf":[],"yoast_head":"<!-- This site is optimized with the Yoast SEO plugin v27.3 - https:\/\/yoast.com\/product\/yoast-seo-wordpress\/ -->\n<title>Exhibitions - J\u00e4\u00e4aja Keskus<\/title>\n<meta name=\"description\" content=\"J\u00e4\u00e4aja Keskus pidevalt uueneb. Siin leiad valiku n\u00e4itustest, mis on hiljuti avatud, v\u00e4ikesed pildigaleriid, uued \u00f5ppeprogrammid ja autorid.\" \/>\n<meta name=\"robots\" content=\"index, follow, max-snippet:-1, max-image-preview:large, max-video-preview:-1\" \/>\n<link rel=\"canonical\" href=\"https:\/\/jaaaeg.ee\/en\/naitused\/\" \/>\n<meta property=\"og:locale\" content=\"en_US\" \/>\n<meta property=\"og:type\" content=\"article\" \/>\n<meta property=\"og:title\" content=\"Exhibitions - J\u00e4\u00e4aja Keskus\" \/>\n<meta property=\"og:description\" content=\"J\u00e4\u00e4aja Keskus pidevalt uueneb. Siin leiad valiku n\u00e4itustest, mis on hiljuti avatud, v\u00e4ikesed pildigaleriid, uued \u00f5ppeprogrammid ja autorid.\" \/>\n<meta property=\"og:url\" content=\"https:\/\/jaaaeg.ee\/en\/naitused\/\" \/>\n<meta property=\"og:site_name\" content=\"J\u00e4\u00e4aja Keskus\" \/>\n<meta property=\"article:publisher\" content=\"https:\/\/www.facebook.com\/JaaajaKeskus\/\" \/>\n<meta property=\"article:modified_time\" content=\"2025-04-25T08:18:44+00:00\" \/>\n<meta name=\"twitter:card\" content=\"summary_large_image\" \/>\n<meta name=\"twitter:label1\" content=\"Est. reading time\" \/>\n\t<meta name=\"twitter:data1\" content=\"1 minute\" \/>\n<script type=\"application\/ld+json\" class=\"yoast-schema-graph\">{\"@context\":\"https:\\\/\\\/schema.org\",\"@graph\":[{\"@type\":\"WebPage\",\"@id\":\"https:\\\/\\\/jaaaeg.ee\\\/en\\\/naitused\\\/\",\"url\":\"https:\\\/\\\/jaaaeg.ee\\\/en\\\/naitused\\\/\",\"name\":\"Exhibitions - J\u00e4\u00e4aja Keskus\",\"isPartOf\":{\"@id\":\"https:\\\/\\\/jaaaeg.ee\\\/ru\\\/#website\"},\"datePublished\":\"2024-02-14T11:58:52+00:00\",\"dateModified\":\"2025-04-25T08:18:44+00:00\",\"description\":\"J\u00e4\u00e4aja Keskus pidevalt uueneb. Siin leiad valiku n\u00e4itustest, mis on hiljuti avatud, v\u00e4ikesed pildigaleriid, uued \u00f5ppeprogrammid ja autorid.\",\"breadcrumb\":{\"@id\":\"https:\\\/\\\/jaaaeg.ee\\\/en\\\/naitused\\\/#breadcrumb\"},\"inLanguage\":\"en-US\",\"potentialAction\":[{\"@type\":\"ReadAction\",\"target\":[\"https:\\\/\\\/jaaaeg.ee\\\/en\\\/naitused\\\/\"]}]},{\"@type\":\"BreadcrumbList\",\"@id\":\"https:\\\/\\\/jaaaeg.ee\\\/en\\\/naitused\\\/#breadcrumb\",\"itemListElement\":[{\"@type\":\"ListItem\",\"position\":1,\"name\":\"Home\",\"item\":\"https:\\\/\\\/jaaaeg.ee\\\/en\\\/\"},{\"@type\":\"ListItem\",\"position\":2,\"name\":\"Exhibitions\"}]},{\"@type\":\"WebSite\",\"@id\":\"https:\\\/\\\/jaaaeg.ee\\\/ru\\\/#website\",\"url\":\"https:\\\/\\\/jaaaeg.ee\\\/ru\\\/\",\"name\":\"J\u00e4\u00e4aja Keskus\",\"description\":\"avastamisr\u00f5\u00f5m igas vanuses k\u00fclastajatele\",\"potentialAction\":[{\"@type\":\"SearchAction\",\"target\":{\"@type\":\"EntryPoint\",\"urlTemplate\":\"https:\\\/\\\/jaaaeg.ee\\\/ru\\\/?s={search_term_string}\"},\"query-input\":{\"@type\":\"PropertyValueSpecification\",\"valueRequired\":true,\"valueName\":\"search_term_string\"}}],\"inLanguage\":\"en-US\"}]}<\/script>\n<!-- \/ Yoast SEO plugin. -->","yoast_head_json":{"title":"Exhibitions - J\u00e4\u00e4aja Keskus","description":"J\u00e4\u00e4aja Keskus pidevalt uueneb. Siin leiad valiku n\u00e4itustest, mis on hiljuti avatud, v\u00e4ikesed pildigaleriid, uued \u00f5ppeprogrammid ja autorid.","robots":{"index":"index","follow":"follow","max-snippet":"max-snippet:-1","max-image-preview":"max-image-preview:large","max-video-preview":"max-video-preview:-1"},"canonical":"https:\/\/jaaaeg.ee\/en\/naitused\/","og_locale":"en_US","og_type":"article","og_title":"Exhibitions - J\u00e4\u00e4aja Keskus","og_description":"J\u00e4\u00e4aja Keskus pidevalt uueneb. Siin leiad valiku n\u00e4itustest, mis on hiljuti avatud, v\u00e4ikesed pildigaleriid, uued \u00f5ppeprogrammid ja autorid.","og_url":"https:\/\/jaaaeg.ee\/en\/naitused\/","og_site_name":"J\u00e4\u00e4aja Keskus","article_publisher":"https:\/\/www.facebook.com\/JaaajaKeskus\/","article_modified_time":"2025-04-25T08:18:44+00:00","twitter_card":"summary_large_image","twitter_misc":{"Est. reading time":"1 minute"},"schema":{"@context":"https:\/\/schema.org","@graph":[{"@type":"WebPage","@id":"https:\/\/jaaaeg.ee\/en\/naitused\/","url":"https:\/\/jaaaeg.ee\/en\/naitused\/","name":"Exhibitions - J\u00e4\u00e4aja Keskus","isPartOf":{"@id":"https:\/\/jaaaeg.ee\/ru\/#website"},"datePublished":"2024-02-14T11:58:52+00:00","dateModified":"2025-04-25T08:18:44+00:00","description":"J\u00e4\u00e4aja Keskus pidevalt uueneb. Siin leiad valiku n\u00e4itustest, mis on hiljuti avatud, v\u00e4ikesed pildigaleriid, uued \u00f5ppeprogrammid ja autorid.","breadcrumb":{"@id":"https:\/\/jaaaeg.ee\/en\/naitused\/#breadcrumb"},"inLanguage":"en-US","potentialAction":[{"@type":"ReadAction","target":["https:\/\/jaaaeg.ee\/en\/naitused\/"]}]},{"@type":"BreadcrumbList","@id":"https:\/\/jaaaeg.ee\/en\/naitused\/#breadcrumb","itemListElement":[{"@type":"ListItem","position":1,"name":"Home","item":"https:\/\/jaaaeg.ee\/en\/"},{"@type":"ListItem","position":2,"name":"Exhibitions"}]},{"@type":"WebSite","@id":"https:\/\/jaaaeg.ee\/ru\/#website","url":"https:\/\/jaaaeg.ee\/ru\/","name":"J\u00e4\u00e4aja Keskus","description":"avastamisr\u00f5\u00f5m igas vanuses k\u00fclastajatele","potentialAction":[{"@type":"SearchAction","target":{"@type":"EntryPoint","urlTemplate":"https:\/\/jaaaeg.ee\/ru\/?s={search_term_string}"},"query-input":{"@type":"PropertyValueSpecification","valueRequired":true,"valueName":"search_term_string"}}],"inLanguage":"en-US"}]}},"_links":{"self":[{"href":"https:\/\/jaaaeg.ee\/en\/wp-json\/wp\/v2\/pages\/26836","targetHints":{"allow":["GET"]}}],"collection":[{"href":"https:\/\/jaaaeg.ee\/en\/wp-json\/wp\/v2\/pages"}],"about":[{"href":"https:\/\/jaaaeg.ee\/en\/wp-json\/wp\/v2\/types\/page"}],"author":[{"embeddable":true,"href":"https:\/\/jaaaeg.ee\/en\/wp-json\/wp\/v2\/users\/1"}],"replies":[{"embeddable":true,"href":"https:\/\/jaaaeg.ee\/en\/wp-json\/wp\/v2\/comments?post=26836"}],"version-history":[{"count":6,"href":"https:\/\/jaaaeg.ee\/en\/wp-json\/wp\/v2\/pages\/26836\/revisions"}],"predecessor-version":[{"id":31136,"href":"https:\/\/jaaaeg.ee\/en\/wp-json\/wp\/v2\/pages\/26836\/revisions\/31136"}],"wp:attachment":[{"href":"https:\/\/jaaaeg.ee\/en\/wp-json\/wp\/v2\/media?parent=26836"}],"curies":[{"name":"wp","href":"https:\/\/api.w.org\/{rel}","templated":true}]}}