{"id":26430,"date":"2018-09-11T15:11:57","date_gmt":"2018-09-11T12:11:57","guid":{"rendered":"https:\/\/jaaaeg.ee\/educational-institution\/gumnaasiumile\/"},"modified":"2024-03-27T12:00:05","modified_gmt":"2024-03-27T10:00:05","slug":"gumnaasiumile","status":"publish","type":"page","link":"https:\/\/jaaaeg.ee\/en\/educational-institution\/gumnaasiumile\/","title":{"rendered":"G\u00fcmnaasiumile"},"content":{"rendered":"<div class=\"vce-row-container\" data-vce-boxed-width=\"true\"><div class=\"vce-row vce-row--col-gap-30 vce-row-equal-height vce-row-content--top\" id=\"el-d5e49071\" data-vce-do-apply=\"all el-d5e49071\"><div class=\"vce-row-content\" data-vce-element-content=\"true\"><div class=\"vce-col vce-col--md-auto vce-col--xs-1 vce-col--xs-last vce-col--xs-first vce-col--sm-last vce-col--sm-first vce-col--md-last vce-col--lg-last vce-col--xl-last vce-col--md-first vce-col--lg-first vce-col--xl-first\" id=\"el-3c002f1c\"><div class=\"vce-col-inner\" data-vce-do-apply=\"border margin background  el-3c002f1c\"><div class=\"vce-col-content\" data-vce-element-content=\"true\" data-vce-do-apply=\"padding el-3c002f1c\"><div class=\"vce-text-block\"><div class=\"vce-text-block-wrapper vce\" id=\"el-b3bc8b6e\" data-vce-do-apply=\"all el-b3bc8b6e\"><p>G\u00fcmnaasiumi\u00f5pilastele pakume erinevaid <strong>aktiiv\u00f5ppe programme ja giidituure<\/strong><\/p><ul><li>elektri tootmine ja teostame praktilisi n\u00e4iteid <a href=\"https:\/\/jaaaeg.ee\/en\/sartsutuba\/\" target=\"_blank\" rel=\"noopener\">S\u00c4RTSUTOAS<\/a><\/li><li>r\u00e4ndkivide tekkimine ja liikumine<\/li><li>pinnavormid<\/li><li>voorestik ja Vooremaa<\/li><li>j\u00e4\u00e4ajaj\u00e4rgne loodus<\/li><li>kliimamuutused Eesti aladel ja looduses<\/li><li>inimasustuse teke<\/li><li>j\u00e4rv ja j\u00e4rveelustiku erip\u00e4ra<\/li><\/ul><p><div class=\"woocommerce columns-4 \"><ul class=\"products columns-4\">\n<li class=\"product type-product post-25078 status-publish first instock product_cat-for-secondary-schools product_cat-gymna-en has-post-thumbnail shipping-taxable product-type-simple\">\n\t<a href=\"https:\/\/jaaaeg.ee\/en\/oppeprogramm\/for-secondary-schools\/aeg-parast-jaaaega\/\" class=\"woocommerce-LoopProduct-link woocommerce-loop-product__link\"><img width=\"300\" height=\"300\" src=\"https:\/\/jaaaeg.ee\/wp-content\/uploads\/2022\/08\/JK_porandamang_Beljaev-300x300.jpg\" class=\"attachment-woocommerce_thumbnail size-woocommerce_thumbnail\" alt=\"JK porandamang Beljaev\" srcset=\"https:\/\/jaaaeg.ee\/wp-content\/uploads\/2022\/08\/JK_porandamang_Beljaev-300x300.jpg 300w, https:\/\/jaaaeg.ee\/wp-content\/uploads\/2022\/08\/JK_porandamang_Beljaev-150x150.jpg 150w, https:\/\/jaaaeg.ee\/wp-content\/uploads\/2022\/08\/JK_porandamang_Beljaev-100x100.jpg 100w\" sizes=\"(max-width: 300px) 100vw, 300px\" \/><h2 class=\"woocommerce-loop-product__title\">Aeg p\u00e4rast j\u00e4\u00e4aega<\/h2>\n<\/a><a href=\"https:\/\/jaaaeg.ee\/en\/oppeprogramm\/for-secondary-schools\/aeg-parast-jaaaega\/\" aria-describedby=\"woocommerce_loop_add_to_cart_link_describedby_25078\" data-quantity=\"1\" class=\"button product_type_simple\" data-product_id=\"25078\" data-product_sku=\"\" aria-label=\"Read more about &ldquo;Aeg p\u00e4rast j\u00e4\u00e4aega&rdquo;\" rel=\"nofollow\" data-success_message=\"\">Read more<\/a>\t<span id=\"woocommerce_loop_add_to_cart_link_describedby_25078\" class=\"screen-reader-text\">\n\t\t\t<\/span>\n<\/li>\n<li class=\"product type-product post-26655 status-publish instock product_cat-for-secondary-schools product_cat-gymna-en has-post-thumbnail shipping-taxable product-type-simple\">\n\t<a href=\"https:\/\/jaaaeg.ee\/en\/oppeprogramm\/for-secondary-schools\/energia-kaks-poolt\/\" class=\"woocommerce-LoopProduct-link woocommerce-loop-product__link\"><img width=\"300\" height=\"300\" src=\"https:\/\/jaaaeg.ee\/wp-content\/uploads\/2024\/03\/Ekspo-300x300.jpg\" class=\"attachment-woocommerce_thumbnail size-woocommerce_thumbnail\" alt=\"Energia kaks poolt\" srcset=\"https:\/\/jaaaeg.ee\/wp-content\/uploads\/2024\/03\/Ekspo-300x300.jpg 300w, https:\/\/jaaaeg.ee\/wp-content\/uploads\/2024\/03\/Ekspo-150x150.jpg 150w, https:\/\/jaaaeg.ee\/wp-content\/uploads\/2024\/03\/Ekspo-100x100.jpg 100w\" sizes=\"(max-width: 300px) 100vw, 300px\" \/><h2 class=\"woocommerce-loop-product__title\">Energia kaks poolt<\/h2>\n<\/a><a href=\"https:\/\/jaaaeg.ee\/en\/oppeprogramm\/for-secondary-schools\/energia-kaks-poolt\/\" aria-describedby=\"woocommerce_loop_add_to_cart_link_describedby_26655\" data-quantity=\"1\" class=\"button product_type_simple\" data-product_id=\"26655\" data-product_sku=\"\" aria-label=\"Read more about &ldquo;Energia kaks poolt&rdquo;\" rel=\"nofollow\" data-success_message=\"\">Read more<\/a>\t<span id=\"woocommerce_loop_add_to_cart_link_describedby_26655\" class=\"screen-reader-text\">\n\t\t\t<\/span>\n<\/li>\n<li class=\"product type-product post-26567 status-publish instock product_cat-for-secondary-schools product_cat-gymna-en has-post-thumbnail shipping-taxable product-type-simple\">\n\t<a href=\"https:\/\/jaaaeg.ee\/en\/oppeprogramm\/for-secondary-schools\/energiakriis-minu-linnas\/\" class=\"woocommerce-LoopProduct-link woocommerce-loop-product__link\"><img width=\"300\" height=\"300\" src=\"https:\/\/jaaaeg.ee\/wp-content\/uploads\/2024\/03\/Energia-kaks-poolt-1-300x300.jpeg\" class=\"attachment-woocommerce_thumbnail size-woocommerce_thumbnail\" alt=\"Energiakriis minu linnas \" srcset=\"https:\/\/jaaaeg.ee\/wp-content\/uploads\/2024\/03\/Energia-kaks-poolt-1-300x300.jpeg 300w, https:\/\/jaaaeg.ee\/wp-content\/uploads\/2024\/03\/Energia-kaks-poolt-1-150x150.jpeg 150w, https:\/\/jaaaeg.ee\/wp-content\/uploads\/2024\/03\/Energia-kaks-poolt-1-100x100.jpeg 100w\" sizes=\"(max-width: 300px) 100vw, 300px\" \/><h2 class=\"woocommerce-loop-product__title\">Energiakriis minu linnas<\/h2>\n<\/a><a href=\"https:\/\/jaaaeg.ee\/en\/oppeprogramm\/for-secondary-schools\/energiakriis-minu-linnas\/\" aria-describedby=\"woocommerce_loop_add_to_cart_link_describedby_26567\" data-quantity=\"1\" class=\"button product_type_simple\" data-product_id=\"26567\" data-product_sku=\"\" aria-label=\"Read more about &ldquo;Energiakriis minu linnas&rdquo;\" rel=\"nofollow\" data-success_message=\"\">Read more<\/a>\t<span id=\"woocommerce_loop_add_to_cart_link_describedby_26567\" class=\"screen-reader-text\">\n\t\t\t<\/span>\n<\/li>\n<li class=\"product type-product post-27683 status-publish last instock product_cat-gymna-en has-post-thumbnail shipping-taxable product-type-simple\">\n\t<a href=\"https:\/\/jaaaeg.ee\/en\/oppeprogramm\/gymna-en\/randkivid-eestis\/\" class=\"woocommerce-LoopProduct-link woocommerce-loop-product__link\"><img width=\"300\" height=\"300\" src=\"https:\/\/jaaaeg.ee\/wp-content\/uploads\/2018\/09\/oppeprogrammide-vaheleht_randkivi_katrin-300x300.jpg\" class=\"attachment-woocommerce_thumbnail size-woocommerce_thumbnail\" alt=\"oppeprogrammide vaheleht randkivi katrin\" srcset=\"https:\/\/jaaaeg.ee\/wp-content\/uploads\/2018\/09\/oppeprogrammide-vaheleht_randkivi_katrin-300x300.jpg 300w, https:\/\/jaaaeg.ee\/wp-content\/uploads\/2018\/09\/oppeprogrammide-vaheleht_randkivi_katrin-150x150.jpg 150w, https:\/\/jaaaeg.ee\/wp-content\/uploads\/2018\/09\/oppeprogrammide-vaheleht_randkivi_katrin-100x100.jpg 100w\" sizes=\"(max-width: 300px) 100vw, 300px\" \/><h2 class=\"woocommerce-loop-product__title\">R\u00e4ndkivid Eestis<\/h2>\n<\/a><a href=\"https:\/\/jaaaeg.ee\/en\/oppeprogramm\/gymna-en\/randkivid-eestis\/\" aria-describedby=\"woocommerce_loop_add_to_cart_link_describedby_27683\" data-quantity=\"1\" class=\"button product_type_simple\" data-product_id=\"27683\" data-product_sku=\"\" aria-label=\"Read more about &ldquo;R\u00e4ndkivid Eestis&rdquo;\" rel=\"nofollow\" data-success_message=\"\">Read more<\/a>\t<span id=\"woocommerce_loop_add_to_cart_link_describedby_27683\" class=\"screen-reader-text\">\n\t\t\t<\/span>\n<\/li>\n<li class=\"product type-product post-1699 status-publish first instock product_cat-for-secondary-schools product_cat-gymna-en has-post-thumbnail virtual product-type-simple\">\n\t<a href=\"https:\/\/jaaaeg.ee\/en\/oppeprogramm\/for-secondary-schools\/the-lake-as-an-environment-2\/\" class=\"woocommerce-LoopProduct-link woocommerce-loop-product__link\"><img width=\"300\" height=\"300\" src=\"https:\/\/jaaaeg.ee\/wp-content\/uploads\/2018\/09\/2_Saadj-rv-scaled-300x300.jpg\" class=\"attachment-woocommerce_thumbnail size-woocommerce_thumbnail\" alt=\"J\u00e4rveuuringud j\u00e4\u00e4lt\" srcset=\"https:\/\/jaaaeg.ee\/wp-content\/uploads\/2018\/09\/2_Saadj-rv-300x300.jpg 300w, https:\/\/jaaaeg.ee\/wp-content\/uploads\/2018\/09\/2_Saadj-rv-100x100.jpg 100w, https:\/\/jaaaeg.ee\/wp-content\/uploads\/2018\/09\/2_Saadj-rv-150x150.jpg 150w\" sizes=\"(max-width: 300px) 100vw, 300px\" \/><h2 class=\"woocommerce-loop-product__title\">The Lake as an environment<\/h2>\n<\/a><a href=\"https:\/\/jaaaeg.ee\/en\/oppeprogramm\/for-secondary-schools\/the-lake-as-an-environment-2\/\" aria-describedby=\"woocommerce_loop_add_to_cart_link_describedby_1699\" data-quantity=\"1\" class=\"button product_type_simple\" data-product_id=\"1699\" data-product_sku=\"\" aria-label=\"Read more about &ldquo;The Lake as an environment&rdquo;\" rel=\"nofollow\" data-success_message=\"\">Read more<\/a>\t<span id=\"woocommerce_loop_add_to_cart_link_describedby_1699\" class=\"screen-reader-text\">\n\t\t\t<\/span>\n<\/li>\n<li class=\"product type-product post-25069 status-publish instock product_cat-for-secondary-schools product_cat-gymna-en product_cat-the-primary-school has-post-thumbnail virtual product-type-simple\">\n\t<a href=\"https:\/\/jaaaeg.ee\/en\/oppeprogramm\/the-primary-school\/jarv-elukeskkonnana-parv\/\" class=\"woocommerce-LoopProduct-link woocommerce-loop-product__link\"><img width=\"300\" height=\"300\" src=\"https:\/\/jaaaeg.ee\/wp-content\/uploads\/2018\/10\/Jarv-elukeskkonnana-1-300x300.png\" class=\"attachment-woocommerce_thumbnail size-woocommerce_thumbnail\" alt=\"J\u00e4rv elukeskkonnana: uuringud parvelt\" srcset=\"https:\/\/jaaaeg.ee\/wp-content\/uploads\/2018\/10\/Jarv-elukeskkonnana-1-300x300.png 300w, https:\/\/jaaaeg.ee\/wp-content\/uploads\/2018\/10\/Jarv-elukeskkonnana-1-150x150.png 150w, https:\/\/jaaaeg.ee\/wp-content\/uploads\/2018\/10\/Jarv-elukeskkonnana-1-100x100.png 100w\" sizes=\"(max-width: 300px) 100vw, 300px\" \/><h2 class=\"woocommerce-loop-product__title\">J\u00e4rv elukeskkonnana: uuringud parvelt<\/h2>\n<\/a><a href=\"https:\/\/jaaaeg.ee\/en\/oppeprogramm\/the-primary-school\/jarv-elukeskkonnana-parv\/\" aria-describedby=\"woocommerce_loop_add_to_cart_link_describedby_25069\" data-quantity=\"1\" class=\"button product_type_simple\" data-product_id=\"25069\" data-product_sku=\"\" aria-label=\"Read more about &ldquo;J\u00e4rv elukeskkonnana: uuringud parvelt&rdquo;\" rel=\"nofollow\" data-success_message=\"\">Read more<\/a>\t<span id=\"woocommerce_loop_add_to_cart_link_describedby_25069\" class=\"screen-reader-text\">\n\t\t\t<\/span>\n<\/li>\n<li class=\"product type-product post-27715 status-publish instock product_cat-for-secondary-schools product_cat-gymna-en has-post-thumbnail virtual product-type-simple\">\n\t<a href=\"https:\/\/jaaaeg.ee\/en\/oppeprogramm\/for-secondary-schools\/jarv-selgrootud\/\" class=\"woocommerce-LoopProduct-link woocommerce-loop-product__link\"><img width=\"300\" height=\"300\" src=\"https:\/\/jaaaeg.ee\/wp-content\/uploads\/2018\/09\/J\u00e4rv-elukeskkonnana-4-12-kl-300x300.jpg\" class=\"attachment-woocommerce_thumbnail size-woocommerce_thumbnail\" alt=\"J\u00e4rv elukeskkonnana 4 12 kl\" srcset=\"https:\/\/jaaaeg.ee\/wp-content\/uploads\/2018\/09\/J\u00e4rv-elukeskkonnana-4-12-kl-300x300.jpg 300w, https:\/\/jaaaeg.ee\/wp-content\/uploads\/2018\/09\/J\u00e4rv-elukeskkonnana-4-12-kl-100x100.jpg 100w, https:\/\/jaaaeg.ee\/wp-content\/uploads\/2018\/09\/J\u00e4rv-elukeskkonnana-4-12-kl-150x150.jpg 150w\" sizes=\"(max-width: 300px) 100vw, 300px\" \/><h2 class=\"woocommerce-loop-product__title\">J\u00e4rv elukeskkonnana: veeselgrootud<\/h2>\n<\/a><a href=\"https:\/\/jaaaeg.ee\/en\/oppeprogramm\/for-secondary-schools\/jarv-selgrootud\/\" aria-describedby=\"woocommerce_loop_add_to_cart_link_describedby_27715\" data-quantity=\"1\" class=\"button product_type_simple\" data-product_id=\"27715\" data-product_sku=\"\" aria-label=\"Read more about &ldquo;J\u00e4rv elukeskkonnana: veeselgrootud&rdquo;\" rel=\"nofollow\" data-success_message=\"\">Read more<\/a>\t<span id=\"woocommerce_loop_add_to_cart_link_describedby_27715\" class=\"screen-reader-text\">\n\t\t\t<\/span>\n<\/li>\n<li class=\"product type-product post-1704 status-publish last instock product_cat-gymna-en has-post-thumbnail downloadable virtual product-type-simple\">\n\t<a href=\"https:\/\/jaaaeg.ee\/en\/oppeprogramm\/gymna-en\/nature-and-human-in-estonia-after-the-ice-age\/\" class=\"woocommerce-LoopProduct-link woocommerce-loop-product__link\"><img width=\"300\" height=\"300\" src=\"https:\/\/jaaaeg.ee\/wp-content\/uploads\/2018\/09\/oppeprogrammide-vaheleht_jaajargne-loodus-ja-inimene-300x300.jpg\" class=\"attachment-woocommerce_thumbnail size-woocommerce_thumbnail\" alt=\"oppeprogrammide vaheleht jaajargne loodus ja inimene\" srcset=\"https:\/\/jaaaeg.ee\/wp-content\/uploads\/2018\/09\/oppeprogrammide-vaheleht_jaajargne-loodus-ja-inimene-300x300.jpg 300w, https:\/\/jaaaeg.ee\/wp-content\/uploads\/2018\/09\/oppeprogrammide-vaheleht_jaajargne-loodus-ja-inimene-150x150.jpg 150w, https:\/\/jaaaeg.ee\/wp-content\/uploads\/2018\/09\/oppeprogrammide-vaheleht_jaajargne-loodus-ja-inimene-100x100.jpg 100w\" sizes=\"(max-width: 300px) 100vw, 300px\" \/><h2 class=\"woocommerce-loop-product__title\">Nature and human in Estonia after the ice age<\/h2>\n<\/a><a href=\"https:\/\/jaaaeg.ee\/en\/oppeprogramm\/gymna-en\/nature-and-human-in-estonia-after-the-ice-age\/\" aria-describedby=\"woocommerce_loop_add_to_cart_link_describedby_1704\" data-quantity=\"1\" class=\"button product_type_simple\" data-product_id=\"1704\" data-product_sku=\"\" aria-label=\"Read more about &ldquo;Nature and human in Estonia after the ice age&rdquo;\" rel=\"nofollow\" data-success_message=\"\">Read more<\/a>\t<span id=\"woocommerce_loop_add_to_cart_link_describedby_1704\" class=\"screen-reader-text\">\n\t\t\t<\/span>\n<\/li>\n<\/ul>\n<\/div><\/p><\/div><\/div><\/div><\/div><\/div><\/div><\/div><\/div>\n","protected":false},"excerpt":{"rendered":"G\u00fcmnaasiumi\u00f5pilastele pakume erinevaid aktiiv\u00f5ppe programme ja giidituureelektri tootmine ja teostame praktilisi n\u00e4iteid S\u00c4RTSUTOASr\u00e4ndkivide tekkimine ja liikuminepinnavormidvoorestik ja Vooremaaj\u00e4\u00e4ajaj\u00e4rgne looduskliimamuutused Eesti aladel ja loodusesinimasustuse tekej\u00e4rv ja j\u00e4rveelustiku erip\u00e4ra","protected":false},"author":1,"featured_media":437,"parent":1710,"menu_order":308,"comment_status":"closed","ping_status":"closed","template":"template-sidebar.php","meta":{"_acf_changed":false,"ngg_post_thumbnail":0,"footnotes":""},"class_list":["post-26430","page","type-page","status-publish","has-post-thumbnail","hentry"],"acf":[],"yoast_head":"<!-- This site is optimized with the Yoast SEO plugin v27.3 - https:\/\/yoast.com\/product\/yoast-seo-wordpress\/ -->\n<title>G\u00fcmnaasiumile - J\u00e4\u00e4aja Keskus<\/title>\n<meta name=\"description\" content=\"G\u00fcmnaasiumi\u00f5pilastele pakume erinevaid aktiiv\u00f5ppe programme elektri tootmise\u00a0 teemal ja puudutame ka palju looduse temaatikat.\" \/>\n<meta name=\"robots\" content=\"index, follow, max-snippet:-1, max-image-preview:large, max-video-preview:-1\" \/>\n<link rel=\"canonical\" href=\"https:\/\/jaaaeg.ee\/en\/educational-institution\/gumnaasiumile\/\" \/>\n<meta property=\"og:locale\" content=\"en_US\" \/>\n<meta property=\"og:type\" content=\"article\" \/>\n<meta property=\"og:title\" content=\"G\u00fcmnaasiumile - J\u00e4\u00e4aja Keskus\" \/>\n<meta property=\"og:description\" content=\"G\u00fcmnaasiumi\u00f5pilastele pakume erinevaid aktiiv\u00f5ppe programme elektri tootmise\u00a0 teemal ja puudutame ka palju looduse temaatikat.\" \/>\n<meta property=\"og:url\" content=\"https:\/\/jaaaeg.ee\/en\/educational-institution\/gumnaasiumile\/\" \/>\n<meta property=\"og:site_name\" content=\"J\u00e4\u00e4aja Keskus\" \/>\n<meta property=\"article:publisher\" content=\"https:\/\/www.facebook.com\/JaaajaKeskus\/\" \/>\n<meta property=\"article:modified_time\" content=\"2024-03-27T10:00:05+00:00\" \/>\n<meta property=\"og:image\" content=\"https:\/\/jaaaeg.ee\/wp-content\/uploads\/2018\/09\/J\u00e4rv-elukeskkonnana-4-12-kl.jpg\" \/>\n\t<meta property=\"og:image:width\" content=\"500\" \/>\n\t<meta property=\"og:image:height\" content=\"335\" \/>\n\t<meta property=\"og:image:type\" content=\"image\/jpeg\" \/>\n<meta name=\"twitter:card\" content=\"summary_large_image\" \/>\n<script type=\"application\/ld+json\" class=\"yoast-schema-graph\">{\"@context\":\"https:\\\/\\\/schema.org\",\"@graph\":[{\"@type\":\"WebPage\",\"@id\":\"https:\\\/\\\/jaaaeg.ee\\\/en\\\/educational-institution\\\/gumnaasiumile\\\/\",\"url\":\"https:\\\/\\\/jaaaeg.ee\\\/en\\\/educational-institution\\\/gumnaasiumile\\\/\",\"name\":\"G\u00fcmnaasiumile - J\u00e4\u00e4aja Keskus\",\"isPartOf\":{\"@id\":\"https:\\\/\\\/jaaaeg.ee\\\/ru\\\/#website\"},\"primaryImageOfPage\":{\"@id\":\"https:\\\/\\\/jaaaeg.ee\\\/en\\\/educational-institution\\\/gumnaasiumile\\\/#primaryimage\"},\"image\":{\"@id\":\"https:\\\/\\\/jaaaeg.ee\\\/en\\\/educational-institution\\\/gumnaasiumile\\\/#primaryimage\"},\"thumbnailUrl\":\"https:\\\/\\\/jaaaeg.ee\\\/wp-content\\\/uploads\\\/2018\\\/09\\\/J\u00e4rv-elukeskkonnana-4-12-kl.jpg\",\"datePublished\":\"2018-09-11T12:11:57+00:00\",\"dateModified\":\"2024-03-27T10:00:05+00:00\",\"description\":\"G\u00fcmnaasiumi\u00f5pilastele pakume erinevaid aktiiv\u00f5ppe programme elektri tootmise\u00a0 teemal ja puudutame ka palju looduse temaatikat.\",\"breadcrumb\":{\"@id\":\"https:\\\/\\\/jaaaeg.ee\\\/en\\\/educational-institution\\\/gumnaasiumile\\\/#breadcrumb\"},\"inLanguage\":\"en-US\",\"potentialAction\":[{\"@type\":\"ReadAction\",\"target\":[\"https:\\\/\\\/jaaaeg.ee\\\/en\\\/educational-institution\\\/gumnaasiumile\\\/\"]}]},{\"@type\":\"ImageObject\",\"inLanguage\":\"en-US\",\"@id\":\"https:\\\/\\\/jaaaeg.ee\\\/en\\\/educational-institution\\\/gumnaasiumile\\\/#primaryimage\",\"url\":\"https:\\\/\\\/jaaaeg.ee\\\/wp-content\\\/uploads\\\/2018\\\/09\\\/J\u00e4rv-elukeskkonnana-4-12-kl.jpg\",\"contentUrl\":\"https:\\\/\\\/jaaaeg.ee\\\/wp-content\\\/uploads\\\/2018\\\/09\\\/J\u00e4rv-elukeskkonnana-4-12-kl.jpg\",\"width\":500,\"height\":335,\"caption\":\"J\u00e4rv elukeskkonnana 4 12 kl\"},{\"@type\":\"BreadcrumbList\",\"@id\":\"https:\\\/\\\/jaaaeg.ee\\\/en\\\/educational-institution\\\/gumnaasiumile\\\/#breadcrumb\",\"itemListElement\":[{\"@type\":\"ListItem\",\"position\":1,\"name\":\"Home\",\"item\":\"https:\\\/\\\/jaaaeg.ee\\\/en\\\/\"},{\"@type\":\"ListItem\",\"position\":2,\"name\":\"Educational institution\",\"item\":\"https:\\\/\\\/jaaaeg.ee\\\/en\\\/educational-institution\\\/\"},{\"@type\":\"ListItem\",\"position\":3,\"name\":\"G\u00fcmnaasiumile\"}]},{\"@type\":\"WebSite\",\"@id\":\"https:\\\/\\\/jaaaeg.ee\\\/ru\\\/#website\",\"url\":\"https:\\\/\\\/jaaaeg.ee\\\/ru\\\/\",\"name\":\"J\u00e4\u00e4aja Keskus\",\"description\":\"avastamisr\u00f5\u00f5m igas vanuses k\u00fclastajatele\",\"potentialAction\":[{\"@type\":\"SearchAction\",\"target\":{\"@type\":\"EntryPoint\",\"urlTemplate\":\"https:\\\/\\\/jaaaeg.ee\\\/ru\\\/?s={search_term_string}\"},\"query-input\":{\"@type\":\"PropertyValueSpecification\",\"valueRequired\":true,\"valueName\":\"search_term_string\"}}],\"inLanguage\":\"en-US\"}]}<\/script>\n<!-- \/ Yoast SEO plugin. -->","yoast_head_json":{"title":"G\u00fcmnaasiumile - J\u00e4\u00e4aja Keskus","description":"G\u00fcmnaasiumi\u00f5pilastele pakume erinevaid aktiiv\u00f5ppe programme elektri tootmise\u00a0 teemal ja puudutame ka palju looduse temaatikat.","robots":{"index":"index","follow":"follow","max-snippet":"max-snippet:-1","max-image-preview":"max-image-preview:large","max-video-preview":"max-video-preview:-1"},"canonical":"https:\/\/jaaaeg.ee\/en\/educational-institution\/gumnaasiumile\/","og_locale":"en_US","og_type":"article","og_title":"G\u00fcmnaasiumile - J\u00e4\u00e4aja Keskus","og_description":"G\u00fcmnaasiumi\u00f5pilastele pakume erinevaid aktiiv\u00f5ppe programme elektri tootmise\u00a0 teemal ja puudutame ka palju looduse temaatikat.","og_url":"https:\/\/jaaaeg.ee\/en\/educational-institution\/gumnaasiumile\/","og_site_name":"J\u00e4\u00e4aja Keskus","article_publisher":"https:\/\/www.facebook.com\/JaaajaKeskus\/","article_modified_time":"2024-03-27T10:00:05+00:00","og_image":[{"width":500,"height":335,"url":"https:\/\/jaaaeg.ee\/wp-content\/uploads\/2018\/09\/J\u00e4rv-elukeskkonnana-4-12-kl.jpg","type":"image\/jpeg"}],"twitter_card":"summary_large_image","schema":{"@context":"https:\/\/schema.org","@graph":[{"@type":"WebPage","@id":"https:\/\/jaaaeg.ee\/en\/educational-institution\/gumnaasiumile\/","url":"https:\/\/jaaaeg.ee\/en\/educational-institution\/gumnaasiumile\/","name":"G\u00fcmnaasiumile - J\u00e4\u00e4aja Keskus","isPartOf":{"@id":"https:\/\/jaaaeg.ee\/ru\/#website"},"primaryImageOfPage":{"@id":"https:\/\/jaaaeg.ee\/en\/educational-institution\/gumnaasiumile\/#primaryimage"},"image":{"@id":"https:\/\/jaaaeg.ee\/en\/educational-institution\/gumnaasiumile\/#primaryimage"},"thumbnailUrl":"https:\/\/jaaaeg.ee\/wp-content\/uploads\/2018\/09\/J\u00e4rv-elukeskkonnana-4-12-kl.jpg","datePublished":"2018-09-11T12:11:57+00:00","dateModified":"2024-03-27T10:00:05+00:00","description":"G\u00fcmnaasiumi\u00f5pilastele pakume erinevaid aktiiv\u00f5ppe programme elektri tootmise\u00a0 teemal ja puudutame ka palju looduse temaatikat.","breadcrumb":{"@id":"https:\/\/jaaaeg.ee\/en\/educational-institution\/gumnaasiumile\/#breadcrumb"},"inLanguage":"en-US","potentialAction":[{"@type":"ReadAction","target":["https:\/\/jaaaeg.ee\/en\/educational-institution\/gumnaasiumile\/"]}]},{"@type":"ImageObject","inLanguage":"en-US","@id":"https:\/\/jaaaeg.ee\/en\/educational-institution\/gumnaasiumile\/#primaryimage","url":"https:\/\/jaaaeg.ee\/wp-content\/uploads\/2018\/09\/J\u00e4rv-elukeskkonnana-4-12-kl.jpg","contentUrl":"https:\/\/jaaaeg.ee\/wp-content\/uploads\/2018\/09\/J\u00e4rv-elukeskkonnana-4-12-kl.jpg","width":500,"height":335,"caption":"J\u00e4rv elukeskkonnana 4 12 kl"},{"@type":"BreadcrumbList","@id":"https:\/\/jaaaeg.ee\/en\/educational-institution\/gumnaasiumile\/#breadcrumb","itemListElement":[{"@type":"ListItem","position":1,"name":"Home","item":"https:\/\/jaaaeg.ee\/en\/"},{"@type":"ListItem","position":2,"name":"Educational institution","item":"https:\/\/jaaaeg.ee\/en\/educational-institution\/"},{"@type":"ListItem","position":3,"name":"G\u00fcmnaasiumile"}]},{"@type":"WebSite","@id":"https:\/\/jaaaeg.ee\/ru\/#website","url":"https:\/\/jaaaeg.ee\/ru\/","name":"J\u00e4\u00e4aja Keskus","description":"avastamisr\u00f5\u00f5m igas vanuses k\u00fclastajatele","potentialAction":[{"@type":"SearchAction","target":{"@type":"EntryPoint","urlTemplate":"https:\/\/jaaaeg.ee\/ru\/?s={search_term_string}"},"query-input":{"@type":"PropertyValueSpecification","valueRequired":true,"valueName":"search_term_string"}}],"inLanguage":"en-US"}]}},"_links":{"self":[{"href":"https:\/\/jaaaeg.ee\/en\/wp-json\/wp\/v2\/pages\/26430","targetHints":{"allow":["GET"]}}],"collection":[{"href":"https:\/\/jaaaeg.ee\/en\/wp-json\/wp\/v2\/pages"}],"about":[{"href":"https:\/\/jaaaeg.ee\/en\/wp-json\/wp\/v2\/types\/page"}],"author":[{"embeddable":true,"href":"https:\/\/jaaaeg.ee\/en\/wp-json\/wp\/v2\/users\/1"}],"replies":[{"embeddable":true,"href":"https:\/\/jaaaeg.ee\/en\/wp-json\/wp\/v2\/comments?post=26430"}],"version-history":[{"count":2,"href":"https:\/\/jaaaeg.ee\/en\/wp-json\/wp\/v2\/pages\/26430\/revisions"}],"predecessor-version":[{"id":26440,"href":"https:\/\/jaaaeg.ee\/en\/wp-json\/wp\/v2\/pages\/26430\/revisions\/26440"}],"up":[{"embeddable":true,"href":"https:\/\/jaaaeg.ee\/en\/wp-json\/wp\/v2\/pages\/1710"}],"wp:featuredmedia":[{"embeddable":true,"href":"https:\/\/jaaaeg.ee\/en\/wp-json\/wp\/v2\/media\/437"}],"wp:attachment":[{"href":"https:\/\/jaaaeg.ee\/en\/wp-json\/wp\/v2\/media?parent=26430"}],"curies":[{"name":"wp","href":"https:\/\/api.w.org\/{rel}","templated":true}]}}