{"id":26373,"date":"2024-02-14T13:59:56","date_gmt":"2024-02-14T11:59:56","guid":{"rendered":"https:\/\/jaaaeg.ee\/miks-jaakarud-pingviine-ei-soo\/"},"modified":"2025-04-25T11:28:03","modified_gmt":"2025-04-25T08:28:03","slug":"miks-jaakarud-pingviine-ei-soo","status":"publish","type":"page","link":"https:\/\/jaaaeg.ee\/en\/naitused\/miks-jaakarud-pingviine-ei-soo\/","title":{"rendered":"Why polar bears don\u2019t eat penguins?"},"content":{"rendered":"<p class=\"\" data-start=\"50\" data-end=\"182\"><strong data-start=\"50\" data-end=\"182\">In collaboration with polar explorer Timo Palo, the Ice Age Centre created the exhibition &#8216;Why Polar Bears Don\u2019t Eat Penguins.&#8217;<\/strong><\/p>\n<p class=\"\" data-start=\"184\" data-end=\"687\">The exhibition clarifies the often-confused regions of the Arctic and Antarctica, which are simply seen as cold areas by many. Meteorologist and polar explorer Timo Palo helps guide visitors on a globe-trotting tour. &#8220;Polar regions, including the Arctic, are the cooling systems of our planet&#8217;s climate. The Arctic acts like a giant refrigerator that balances the heat from the tropics, cooling both the air and ocean water, and helping maintain a more moderate global temperature,&#8221; explained Timo Palo.<\/p>\n<p class=\"\" data-start=\"689\" data-end=\"1062\">The &#8220;star&#8221; of the exhibition is Estonia\u2019s most famous polar bear, Franz, who was captured from Franz Josef Land, brought to Tallinn Zoo, and lived there until 2007. The polar bear taxidermy, owned by the Estonian Museum of Natural History, has been delighting visitors at the Ice Age Centre for 10 years and now has a new role in discussing environmental changes worldwide.<\/p>\n<p class=\"\" data-start=\"1064\" data-end=\"1358\">&#8220;A polar bear is an ice-dependent animal that can travel hundreds of kilometers in search of food, but when food becomes scarce, its journeys lengthen even more. It has to fast, its diet changes, and consequently, its behavior patterns shift,&#8221; explained Kadri Valner, CEO of the Ice Age Centre.<\/p>\n<p class=\"\" data-start=\"1360\" data-end=\"1592\">&#8220;Human activity is now having a significant impact on sea ice melting. On the exhibition, we present examples from twenty years ago, as well as model projections for the near future, and it\u2019s certainly not encouraging,&#8221; said Valner.<\/p>\n<p class=\"\" data-start=\"1594\" data-end=\"1853\">But why is the exhibition titled this way? Well, it&#8217;s because people still often mix up where the Arctic is, where Antarctica is, and who lives in these regions. This exhibition helps remind visitors of what they\u2019ve learned in school but might have forgotten.<\/p>\n<p class=\"\" data-start=\"1855\" data-end=\"1979\">The exhibition can be viewed on the environmental floor of the Ice Age Centre and was designed by the AdExpert design group.<\/p>\n<p class=\"\" data-start=\"1981\" data-end=\"2052\">We thank the Tallinn Zoo and the Estonian Museum of Natural History<\/p>\nngg_shortcode_0_placeholder\n<p><b>Kuraator: <\/b><span style=\"font-weight: 400;\">Kadri Valner<\/span><\/p>\n<p><b>Meeskond: <\/b><span style=\"font-weight: 400;\">Kadri Valner, Jannes J\u00e4\u00e4r,<\/span> <span style=\"font-weight: 400;\">Jaak Alekand, Kaupo Mets<\/span><\/p>\n<p><b>Teostus: <\/b><a href=\"https:\/\/www.adexpert.ee\/\" target=\"_blank\" rel=\"noopener\">ADExpert<\/a><\/p>\n","protected":false},"excerpt":{"rendered":"In collaboration with polar explorer Timo Palo, the Ice Age Centre created the exhibition &#8216;Why Polar Bears Don\u2019t Eat Penguins.&#8217; The exhibition clarifies the often-confused regions of the Arctic and Antarctica, which are simply seen as cold areas by many. Meteorologist and polar explorer Timo Palo helps guide visitors on a globe-trotting tour. &#8220;Polar regions,&#8230; <a class=\"view-article\" href=\"https:\/\/jaaaeg.ee\/en\/naitused\/miks-jaakarud-pingviine-ei-soo\/\">Read more<\/a>","protected":false},"author":1,"featured_media":25247,"parent":26836,"menu_order":43,"comment_status":"closed","ping_status":"closed","template":"template-sidebar.php","meta":{"_acf_changed":false,"ngg_post_thumbnail":0,"footnotes":""},"class_list":["post-26373","page","type-page","status-publish","has-post-thumbnail","hentry"],"acf":[],"yoast_head":"<!-- This site is optimized with the Yoast SEO plugin v27.3 - https:\/\/yoast.com\/product\/yoast-seo-wordpress\/ -->\n<title>Why polar bears don\u2019t eat penguins? - J\u00e4\u00e4aja Keskus<\/title>\n<meta name=\"robots\" content=\"index, follow, max-snippet:-1, max-image-preview:large, max-video-preview:-1\" \/>\n<link rel=\"canonical\" href=\"https:\/\/jaaaeg.ee\/en\/naitused\/miks-jaakarud-pingviine-ei-soo\/\" \/>\n<meta property=\"og:locale\" content=\"en_US\" \/>\n<meta property=\"og:type\" content=\"article\" \/>\n<meta property=\"og:title\" content=\"Why polar bears don\u2019t eat penguins? - J\u00e4\u00e4aja Keskus\" \/>\n<meta property=\"og:description\" content=\"In collaboration with polar explorer Timo Palo, the Ice Age Centre created the exhibition &#8216;Why Polar Bears Don\u2019t Eat Penguins.&#8217; The exhibition clarifies the often-confused regions of the Arctic and Antarctica, which are simply seen as cold areas by many. Meteorologist and polar explorer Timo Palo helps guide visitors on a globe-trotting tour. &#8220;Polar regions,... Read more\" \/>\n<meta property=\"og:url\" content=\"https:\/\/jaaaeg.ee\/en\/naitused\/miks-jaakarud-pingviine-ei-soo\/\" \/>\n<meta property=\"og:site_name\" content=\"J\u00e4\u00e4aja Keskus\" \/>\n<meta property=\"article:publisher\" content=\"https:\/\/www.facebook.com\/JaaajaKeskus\/\" \/>\n<meta property=\"article:modified_time\" content=\"2025-04-25T08:28:03+00:00\" \/>\n<meta property=\"og:image\" content=\"https:\/\/jaaaeg.ee\/wp-content\/uploads\/2024\/01\/20230818_164159-scaled.jpg\" \/>\n\t<meta property=\"og:image:width\" content=\"1920\" \/>\n\t<meta property=\"og:image:height\" content=\"2560\" \/>\n\t<meta property=\"og:image:type\" content=\"image\/jpeg\" \/>\n<meta name=\"twitter:card\" content=\"summary_large_image\" \/>\n<meta name=\"twitter:label1\" content=\"Est. reading time\" \/>\n\t<meta name=\"twitter:data1\" content=\"2 minutes\" \/>\n<script type=\"application\/ld+json\" class=\"yoast-schema-graph\">{\"@context\":\"https:\\\/\\\/schema.org\",\"@graph\":[{\"@type\":\"WebPage\",\"@id\":\"https:\\\/\\\/jaaaeg.ee\\\/en\\\/naitused\\\/miks-jaakarud-pingviine-ei-soo\\\/\",\"url\":\"https:\\\/\\\/jaaaeg.ee\\\/en\\\/naitused\\\/miks-jaakarud-pingviine-ei-soo\\\/\",\"name\":\"Why polar bears don\u2019t eat penguins? - J\u00e4\u00e4aja Keskus\",\"isPartOf\":{\"@id\":\"https:\\\/\\\/jaaaeg.ee\\\/ru\\\/#website\"},\"primaryImageOfPage\":{\"@id\":\"https:\\\/\\\/jaaaeg.ee\\\/en\\\/naitused\\\/miks-jaakarud-pingviine-ei-soo\\\/#primaryimage\"},\"image\":{\"@id\":\"https:\\\/\\\/jaaaeg.ee\\\/en\\\/naitused\\\/miks-jaakarud-pingviine-ei-soo\\\/#primaryimage\"},\"thumbnailUrl\":\"https:\\\/\\\/jaaaeg.ee\\\/wp-content\\\/uploads\\\/2024\\\/01\\\/20230818_164159-scaled.jpg\",\"datePublished\":\"2024-02-14T11:59:56+00:00\",\"dateModified\":\"2025-04-25T08:28:03+00:00\",\"breadcrumb\":{\"@id\":\"https:\\\/\\\/jaaaeg.ee\\\/en\\\/naitused\\\/miks-jaakarud-pingviine-ei-soo\\\/#breadcrumb\"},\"inLanguage\":\"en-US\",\"potentialAction\":[{\"@type\":\"ReadAction\",\"target\":[\"https:\\\/\\\/jaaaeg.ee\\\/en\\\/naitused\\\/miks-jaakarud-pingviine-ei-soo\\\/\"]}]},{\"@type\":\"ImageObject\",\"inLanguage\":\"en-US\",\"@id\":\"https:\\\/\\\/jaaaeg.ee\\\/en\\\/naitused\\\/miks-jaakarud-pingviine-ei-soo\\\/#primaryimage\",\"url\":\"https:\\\/\\\/jaaaeg.ee\\\/wp-content\\\/uploads\\\/2024\\\/01\\\/20230818_164159-scaled.jpg\",\"contentUrl\":\"https:\\\/\\\/jaaaeg.ee\\\/wp-content\\\/uploads\\\/2024\\\/01\\\/20230818_164159-scaled.jpg\",\"width\":1920,\"height\":2560,\"caption\":\"20230818 164159 scaled\"},{\"@type\":\"BreadcrumbList\",\"@id\":\"https:\\\/\\\/jaaaeg.ee\\\/en\\\/naitused\\\/miks-jaakarud-pingviine-ei-soo\\\/#breadcrumb\",\"itemListElement\":[{\"@type\":\"ListItem\",\"position\":1,\"name\":\"Home\",\"item\":\"https:\\\/\\\/jaaaeg.ee\\\/en\\\/\"},{\"@type\":\"ListItem\",\"position\":2,\"name\":\"Exhibitions\",\"item\":\"https:\\\/\\\/jaaaeg.ee\\\/en\\\/naitused\\\/\"},{\"@type\":\"ListItem\",\"position\":3,\"name\":\"Why polar bears don\u2019t eat penguins?\"}]},{\"@type\":\"WebSite\",\"@id\":\"https:\\\/\\\/jaaaeg.ee\\\/ru\\\/#website\",\"url\":\"https:\\\/\\\/jaaaeg.ee\\\/ru\\\/\",\"name\":\"J\u00e4\u00e4aja Keskus\",\"description\":\"avastamisr\u00f5\u00f5m igas vanuses k\u00fclastajatele\",\"potentialAction\":[{\"@type\":\"SearchAction\",\"target\":{\"@type\":\"EntryPoint\",\"urlTemplate\":\"https:\\\/\\\/jaaaeg.ee\\\/ru\\\/?s={search_term_string}\"},\"query-input\":{\"@type\":\"PropertyValueSpecification\",\"valueRequired\":true,\"valueName\":\"search_term_string\"}}],\"inLanguage\":\"en-US\"}]}<\/script>\n<!-- \/ Yoast SEO plugin. -->","yoast_head_json":{"title":"Why polar bears don\u2019t eat penguins? - J\u00e4\u00e4aja Keskus","robots":{"index":"index","follow":"follow","max-snippet":"max-snippet:-1","max-image-preview":"max-image-preview:large","max-video-preview":"max-video-preview:-1"},"canonical":"https:\/\/jaaaeg.ee\/en\/naitused\/miks-jaakarud-pingviine-ei-soo\/","og_locale":"en_US","og_type":"article","og_title":"Why polar bears don\u2019t eat penguins? - J\u00e4\u00e4aja Keskus","og_description":"In collaboration with polar explorer Timo Palo, the Ice Age Centre created the exhibition &#8216;Why Polar Bears Don\u2019t Eat Penguins.&#8217; The exhibition clarifies the often-confused regions of the Arctic and Antarctica, which are simply seen as cold areas by many. Meteorologist and polar explorer Timo Palo helps guide visitors on a globe-trotting tour. &#8220;Polar regions,... Read more","og_url":"https:\/\/jaaaeg.ee\/en\/naitused\/miks-jaakarud-pingviine-ei-soo\/","og_site_name":"J\u00e4\u00e4aja Keskus","article_publisher":"https:\/\/www.facebook.com\/JaaajaKeskus\/","article_modified_time":"2025-04-25T08:28:03+00:00","og_image":[{"width":1920,"height":2560,"url":"https:\/\/jaaaeg.ee\/wp-content\/uploads\/2024\/01\/20230818_164159-scaled.jpg","type":"image\/jpeg"}],"twitter_card":"summary_large_image","twitter_misc":{"Est. reading time":"2 minutes"},"schema":{"@context":"https:\/\/schema.org","@graph":[{"@type":"WebPage","@id":"https:\/\/jaaaeg.ee\/en\/naitused\/miks-jaakarud-pingviine-ei-soo\/","url":"https:\/\/jaaaeg.ee\/en\/naitused\/miks-jaakarud-pingviine-ei-soo\/","name":"Why polar bears don\u2019t eat penguins? - J\u00e4\u00e4aja Keskus","isPartOf":{"@id":"https:\/\/jaaaeg.ee\/ru\/#website"},"primaryImageOfPage":{"@id":"https:\/\/jaaaeg.ee\/en\/naitused\/miks-jaakarud-pingviine-ei-soo\/#primaryimage"},"image":{"@id":"https:\/\/jaaaeg.ee\/en\/naitused\/miks-jaakarud-pingviine-ei-soo\/#primaryimage"},"thumbnailUrl":"https:\/\/jaaaeg.ee\/wp-content\/uploads\/2024\/01\/20230818_164159-scaled.jpg","datePublished":"2024-02-14T11:59:56+00:00","dateModified":"2025-04-25T08:28:03+00:00","breadcrumb":{"@id":"https:\/\/jaaaeg.ee\/en\/naitused\/miks-jaakarud-pingviine-ei-soo\/#breadcrumb"},"inLanguage":"en-US","potentialAction":[{"@type":"ReadAction","target":["https:\/\/jaaaeg.ee\/en\/naitused\/miks-jaakarud-pingviine-ei-soo\/"]}]},{"@type":"ImageObject","inLanguage":"en-US","@id":"https:\/\/jaaaeg.ee\/en\/naitused\/miks-jaakarud-pingviine-ei-soo\/#primaryimage","url":"https:\/\/jaaaeg.ee\/wp-content\/uploads\/2024\/01\/20230818_164159-scaled.jpg","contentUrl":"https:\/\/jaaaeg.ee\/wp-content\/uploads\/2024\/01\/20230818_164159-scaled.jpg","width":1920,"height":2560,"caption":"20230818 164159 scaled"},{"@type":"BreadcrumbList","@id":"https:\/\/jaaaeg.ee\/en\/naitused\/miks-jaakarud-pingviine-ei-soo\/#breadcrumb","itemListElement":[{"@type":"ListItem","position":1,"name":"Home","item":"https:\/\/jaaaeg.ee\/en\/"},{"@type":"ListItem","position":2,"name":"Exhibitions","item":"https:\/\/jaaaeg.ee\/en\/naitused\/"},{"@type":"ListItem","position":3,"name":"Why polar bears don\u2019t eat penguins?"}]},{"@type":"WebSite","@id":"https:\/\/jaaaeg.ee\/ru\/#website","url":"https:\/\/jaaaeg.ee\/ru\/","name":"J\u00e4\u00e4aja Keskus","description":"avastamisr\u00f5\u00f5m igas vanuses k\u00fclastajatele","potentialAction":[{"@type":"SearchAction","target":{"@type":"EntryPoint","urlTemplate":"https:\/\/jaaaeg.ee\/ru\/?s={search_term_string}"},"query-input":{"@type":"PropertyValueSpecification","valueRequired":true,"valueName":"search_term_string"}}],"inLanguage":"en-US"}]}},"_links":{"self":[{"href":"https:\/\/jaaaeg.ee\/en\/wp-json\/wp\/v2\/pages\/26373","targetHints":{"allow":["GET"]}}],"collection":[{"href":"https:\/\/jaaaeg.ee\/en\/wp-json\/wp\/v2\/pages"}],"about":[{"href":"https:\/\/jaaaeg.ee\/en\/wp-json\/wp\/v2\/types\/page"}],"author":[{"embeddable":true,"href":"https:\/\/jaaaeg.ee\/en\/wp-json\/wp\/v2\/users\/1"}],"replies":[{"embeddable":true,"href":"https:\/\/jaaaeg.ee\/en\/wp-json\/wp\/v2\/comments?post=26373"}],"version-history":[{"count":6,"href":"https:\/\/jaaaeg.ee\/en\/wp-json\/wp\/v2\/pages\/26373\/revisions"}],"predecessor-version":[{"id":31154,"href":"https:\/\/jaaaeg.ee\/en\/wp-json\/wp\/v2\/pages\/26373\/revisions\/31154"}],"up":[{"embeddable":true,"href":"https:\/\/jaaaeg.ee\/en\/wp-json\/wp\/v2\/pages\/26836"}],"wp:featuredmedia":[{"embeddable":true,"href":"https:\/\/jaaaeg.ee\/en\/wp-json\/wp\/v2\/media\/25247"}],"wp:attachment":[{"href":"https:\/\/jaaaeg.ee\/en\/wp-json\/wp\/v2\/media?parent=26373"}],"curies":[{"name":"wp","href":"https:\/\/api.w.org\/{rel}","templated":true}]}}