{"id":26347,"date":"2024-03-25T19:41:54","date_gmt":"2024-03-25T17:41:54","guid":{"rendered":"https:\/\/jaaaeg.ee\/lemming-lempsi-rada\/"},"modified":"2024-03-27T12:08:25","modified_gmt":"2024-03-27T10:08:25","slug":"lemming-lempsi-rada","status":"publish","type":"page","link":"https:\/\/jaaaeg.ee\/en\/naitused\/lemming-lempsi-rada\/","title":{"rendered":"Retk Lemming Lempsiga"},"content":{"rendered":"<p><b>Meeskond: <\/b><span style=\"font-weight: 400;\">K\u00e4trin Beljaev, Kaupo Mets, Kadri Valner<\/span><\/p>\n<p><b>Teostus: <\/b><span style=\"font-weight: 400;\">AD Expert<\/span><\/p>\n<p><b>Logod: <\/b><span style=\"font-weight: 400;\">AD Expert, J\u00e4\u00e4aja Keskus<\/span><\/p>\n<h2>V\u00e4iksematele m\u00f5eldud otsimism\u00e4ng, mis l\u00e4bib J\u00e4\u00e4aja Keskuse saale.<\/h2>\n<p><span style=\"font-weight: 400;\">J\u00e4\u00e4aja Keskus on t\u00e4is tarkust, k\u00f5ike \u00fchekorraga meelde j\u00e4tta on raske. Seet\u00f5ttu kutsumegi v\u00e4ikese k\u00fclastaja Lemming Lempsi rajale. Seiklusm\u00e4ngu abil saab terve maja l\u00e4bi r\u00e4nnata ja kokku korjata v\u00e4hemalt 12 teadmist &#8211; sellest on ju \u00fcheks korraks piisavalt.<\/span><\/p>\n<p><span style=\"font-weight: 400;\">Lemming Lempsi rada algab esimesel korrusel, kust saad kaasa haarata juhised ja m\u00f6\u00f6da p\u00f5randal olevaid lemmingu m\u00e4rke liikudes j\u00f5uadki 12 peatuspunkti ammutama uusi teadmisi.<\/span><\/p>\n<p><span style=\"font-weight: 400;\">Kes on lemming Lemps? Lemmingud on mammutite kaasaegsed &#8211; \u00fcks on aga imev\u00e4ike, teine hiigelsuur. Ja et mammutid on ammu Maalt kadunud, siis aitab just lemming k\u00fclastaja 10 000 aasta tagusesse aega viia. See on ju talle tuttav.<\/span><\/p>\n<p>&nbsp;<\/p>\n<hr>\n<p>Team: K\u00e4trin Beljaev, Kaupo Mets, Kadri Valner<\/p>\n<p>Implementation: AD Expert<\/p>\n<p>Logos: AD Expert, Ice Age Center<\/p>\n<p>A search game for the little ones that goes through the halls of the Ice Age Center.<\/p>\n<p>The Ice Age Center is full of wisdom, it&#8217;s hard to remember everything at once. That&#8217;s why we invite a little visitor to the Lemps the lemming track. With the help of the adventure game, you can travel through the whole house and collect at least 12 pieces of knowledge &#8211; that&#8217;s enough for one time.<\/p>\n<p>The Lemps the lemming trail starts on the first floor, where you can grab the instructions and follow the lemming signs on the floor to get to 12 stops to gain new knowledge.<\/p>\n<p>Who is the lemming Lemps? Lemmings are contemporaries of mammoths &#8211; one is tiny, the other huge. And since mammoths have disappeared from Earth a long time ago, the lemming helps to take the visitor back in time 10,000 years ago. He is familiar with it.<\/p>\n<p><b>Labdien!<\/b><\/p>\n<p><b>Es esmu lemings Lemps. Dodies piedz\u012bvojumos kop\u0101 ar mani. <\/b><b>Pie mana att\u0113la g\u016bsi jaunas zin\u0101\u0161anas par dabu un dz\u012bvniekiem.<\/b><\/p>\n<p><b>Samekl\u0113 mani, izlasi manu st\u0101stu un atz\u012bm\u0113 sav\u0101 lap\u0101 att\u0113lu, kuru atrad\u012bsi blakus st\u0101stam.<\/b><\/p>\n<p><b>Hi!<\/b><\/p>\n<p><b>I am Lemps the lemming. Come on an adventure with me. <\/b><b>You can learn new things about nature and animals where you see pictures of me.<\/b><\/p>\n<p><b>Find me, read the text and mark the picture you \ufb01nd next to it on your paper.<\/b><\/p>\n","protected":false},"excerpt":{"rendered":"Meeskond: K\u00e4trin Beljaev, Kaupo Mets, Kadri Valner Teostus: AD Expert Logod: AD Expert, J\u00e4\u00e4aja Keskus V\u00e4iksematele m\u00f5eldud otsimism\u00e4ng, mis l\u00e4bib J\u00e4\u00e4aja Keskuse saale. J\u00e4\u00e4aja Keskus on t\u00e4is tarkust, k\u00f5ike \u00fchekorraga meelde j\u00e4tta on raske. Seet\u00f5ttu kutsumegi v\u00e4ikese k\u00fclastaja Lemming Lempsi rajale. Seiklusm\u00e4ngu abil saab terve maja l\u00e4bi r\u00e4nnata ja kokku korjata v\u00e4hemalt 12 teadmist &#8211;&#8230; <a class=\"view-article\" href=\"https:\/\/jaaaeg.ee\/en\/naitused\/lemming-lempsi-rada\/\">Read more<\/a>","protected":false},"author":9,"featured_media":0,"parent":26836,"menu_order":15,"comment_status":"closed","ping_status":"closed","template":"template-sidebar.php","meta":{"_acf_changed":false,"ngg_post_thumbnail":0,"footnotes":""},"class_list":["post-26347","page","type-page","status-publish","hentry"],"acf":[],"yoast_head":"<!-- This site is optimized with the Yoast SEO plugin v27.5 - https:\/\/yoast.com\/product\/yoast-seo-wordpress\/ -->\n<title>Retk Lemming Lempsiga - J\u00e4\u00e4aja Keskus<\/title>\n<meta name=\"description\" content=\"V\u00e4iksematele m\u00f5eldud otsimism\u00e4ng, mis l\u00e4bib J\u00e4\u00e4aja Keskuse saale. Saab m\u00e4rgistada flaierile 12 leitud punkti.\" \/>\n<meta name=\"robots\" content=\"index, follow, max-snippet:-1, max-image-preview:large, max-video-preview:-1\" \/>\n<link rel=\"canonical\" href=\"https:\/\/jaaaeg.ee\/en\/lemming-lempsi-rada\/\" \/>\n<meta property=\"og:locale\" content=\"en_US\" \/>\n<meta property=\"og:type\" content=\"article\" \/>\n<meta property=\"og:title\" content=\"Retk Lemming Lempsiga - J\u00e4\u00e4aja Keskus\" \/>\n<meta property=\"og:description\" content=\"V\u00e4iksematele m\u00f5eldud otsimism\u00e4ng, mis l\u00e4bib J\u00e4\u00e4aja Keskuse saale. Saab m\u00e4rgistada flaierile 12 leitud punkti.\" \/>\n<meta property=\"og:url\" content=\"https:\/\/jaaaeg.ee\/en\/lemming-lempsi-rada\/\" \/>\n<meta property=\"og:site_name\" content=\"J\u00e4\u00e4aja Keskus\" \/>\n<meta property=\"article:publisher\" content=\"https:\/\/www.facebook.com\/JaaajaKeskus\/\" \/>\n<meta property=\"article:modified_time\" content=\"2024-03-27T10:08:25+00:00\" \/>\n<meta name=\"twitter:card\" content=\"summary_large_image\" \/>\n<meta name=\"twitter:label1\" content=\"Est. reading time\" \/>\n\t<meta name=\"twitter:data1\" content=\"1 minute\" \/>\n<script type=\"application\/ld+json\" class=\"yoast-schema-graph\">{\"@context\":\"https:\\\/\\\/schema.org\",\"@graph\":[{\"@type\":\"WebPage\",\"@id\":\"https:\\\/\\\/jaaaeg.ee\\\/en\\\/lemming-lempsi-rada\\\/\",\"url\":\"https:\\\/\\\/jaaaeg.ee\\\/en\\\/lemming-lempsi-rada\\\/\",\"name\":\"Retk Lemming Lempsiga - J\u00e4\u00e4aja Keskus\",\"isPartOf\":{\"@id\":\"https:\\\/\\\/jaaaeg.ee\\\/ru\\\/#website\"},\"datePublished\":\"2024-03-25T17:41:54+00:00\",\"dateModified\":\"2024-03-27T10:08:25+00:00\",\"description\":\"V\u00e4iksematele m\u00f5eldud otsimism\u00e4ng, mis l\u00e4bib J\u00e4\u00e4aja Keskuse saale. Saab m\u00e4rgistada flaierile 12 leitud punkti.\",\"breadcrumb\":{\"@id\":\"https:\\\/\\\/jaaaeg.ee\\\/en\\\/lemming-lempsi-rada\\\/#breadcrumb\"},\"inLanguage\":\"en-US\",\"potentialAction\":[{\"@type\":\"ReadAction\",\"target\":[\"https:\\\/\\\/jaaaeg.ee\\\/en\\\/lemming-lempsi-rada\\\/\"]}]},{\"@type\":\"BreadcrumbList\",\"@id\":\"https:\\\/\\\/jaaaeg.ee\\\/en\\\/lemming-lempsi-rada\\\/#breadcrumb\",\"itemListElement\":[{\"@type\":\"ListItem\",\"position\":1,\"name\":\"Home\",\"item\":\"https:\\\/\\\/jaaaeg.ee\\\/en\\\/\"},{\"@type\":\"ListItem\",\"position\":2,\"name\":\"Retk Lemming Lempsiga\"}]},{\"@type\":\"WebSite\",\"@id\":\"https:\\\/\\\/jaaaeg.ee\\\/ru\\\/#website\",\"url\":\"https:\\\/\\\/jaaaeg.ee\\\/ru\\\/\",\"name\":\"J\u00e4\u00e4aja Keskus\",\"description\":\"avastamisr\u00f5\u00f5m igas vanuses k\u00fclastajatele\",\"potentialAction\":[{\"@type\":\"SearchAction\",\"target\":{\"@type\":\"EntryPoint\",\"urlTemplate\":\"https:\\\/\\\/jaaaeg.ee\\\/ru\\\/?s={search_term_string}\"},\"query-input\":{\"@type\":\"PropertyValueSpecification\",\"valueRequired\":true,\"valueName\":\"search_term_string\"}}],\"inLanguage\":\"en-US\"}]}<\/script>\n<!-- \/ Yoast SEO plugin. -->","yoast_head_json":{"title":"Retk Lemming Lempsiga - J\u00e4\u00e4aja Keskus","description":"V\u00e4iksematele m\u00f5eldud otsimism\u00e4ng, mis l\u00e4bib J\u00e4\u00e4aja Keskuse saale. Saab m\u00e4rgistada flaierile 12 leitud punkti.","robots":{"index":"index","follow":"follow","max-snippet":"max-snippet:-1","max-image-preview":"max-image-preview:large","max-video-preview":"max-video-preview:-1"},"canonical":"https:\/\/jaaaeg.ee\/en\/lemming-lempsi-rada\/","og_locale":"en_US","og_type":"article","og_title":"Retk Lemming Lempsiga - J\u00e4\u00e4aja Keskus","og_description":"V\u00e4iksematele m\u00f5eldud otsimism\u00e4ng, mis l\u00e4bib J\u00e4\u00e4aja Keskuse saale. Saab m\u00e4rgistada flaierile 12 leitud punkti.","og_url":"https:\/\/jaaaeg.ee\/en\/lemming-lempsi-rada\/","og_site_name":"J\u00e4\u00e4aja Keskus","article_publisher":"https:\/\/www.facebook.com\/JaaajaKeskus\/","article_modified_time":"2024-03-27T10:08:25+00:00","twitter_card":"summary_large_image","twitter_misc":{"Est. reading time":"1 minute"},"schema":{"@context":"https:\/\/schema.org","@graph":[{"@type":"WebPage","@id":"https:\/\/jaaaeg.ee\/en\/lemming-lempsi-rada\/","url":"https:\/\/jaaaeg.ee\/en\/lemming-lempsi-rada\/","name":"Retk Lemming Lempsiga - J\u00e4\u00e4aja Keskus","isPartOf":{"@id":"https:\/\/jaaaeg.ee\/ru\/#website"},"datePublished":"2024-03-25T17:41:54+00:00","dateModified":"2024-03-27T10:08:25+00:00","description":"V\u00e4iksematele m\u00f5eldud otsimism\u00e4ng, mis l\u00e4bib J\u00e4\u00e4aja Keskuse saale. Saab m\u00e4rgistada flaierile 12 leitud punkti.","breadcrumb":{"@id":"https:\/\/jaaaeg.ee\/en\/lemming-lempsi-rada\/#breadcrumb"},"inLanguage":"en-US","potentialAction":[{"@type":"ReadAction","target":["https:\/\/jaaaeg.ee\/en\/lemming-lempsi-rada\/"]}]},{"@type":"BreadcrumbList","@id":"https:\/\/jaaaeg.ee\/en\/lemming-lempsi-rada\/#breadcrumb","itemListElement":[{"@type":"ListItem","position":1,"name":"Home","item":"https:\/\/jaaaeg.ee\/en\/"},{"@type":"ListItem","position":2,"name":"Retk Lemming Lempsiga"}]},{"@type":"WebSite","@id":"https:\/\/jaaaeg.ee\/ru\/#website","url":"https:\/\/jaaaeg.ee\/ru\/","name":"J\u00e4\u00e4aja Keskus","description":"avastamisr\u00f5\u00f5m igas vanuses k\u00fclastajatele","potentialAction":[{"@type":"SearchAction","target":{"@type":"EntryPoint","urlTemplate":"https:\/\/jaaaeg.ee\/ru\/?s={search_term_string}"},"query-input":{"@type":"PropertyValueSpecification","valueRequired":true,"valueName":"search_term_string"}}],"inLanguage":"en-US"}]}},"_links":{"self":[{"href":"https:\/\/jaaaeg.ee\/en\/wp-json\/wp\/v2\/pages\/26347","targetHints":{"allow":["GET"]}}],"collection":[{"href":"https:\/\/jaaaeg.ee\/en\/wp-json\/wp\/v2\/pages"}],"about":[{"href":"https:\/\/jaaaeg.ee\/en\/wp-json\/wp\/v2\/types\/page"}],"author":[{"embeddable":true,"href":"https:\/\/jaaaeg.ee\/en\/wp-json\/wp\/v2\/users\/9"}],"replies":[{"embeddable":true,"href":"https:\/\/jaaaeg.ee\/en\/wp-json\/wp\/v2\/comments?post=26347"}],"version-history":[{"count":2,"href":"https:\/\/jaaaeg.ee\/en\/wp-json\/wp\/v2\/pages\/26347\/revisions"}],"predecessor-version":[{"id":26445,"href":"https:\/\/jaaaeg.ee\/en\/wp-json\/wp\/v2\/pages\/26347\/revisions\/26445"}],"up":[{"embeddable":true,"href":"https:\/\/jaaaeg.ee\/en\/wp-json\/wp\/v2\/pages\/26836"}],"wp:attachment":[{"href":"https:\/\/jaaaeg.ee\/en\/wp-json\/wp\/v2\/media?parent=26347"}],"curies":[{"name":"wp","href":"https:\/\/api.w.org\/{rel}","templated":true}]}}