{"id":26336,"date":"2024-02-14T14:02:00","date_gmt":"2024-02-14T12:02:00","guid":{"rendered":"https:\/\/jaaaeg.ee\/saadjarv\/"},"modified":"2025-04-25T11:25:42","modified_gmt":"2025-04-25T08:25:42","slug":"saadjarv","status":"publish","type":"page","link":"https:\/\/jaaaeg.ee\/en\/naitused\/saadjarv\/","title":{"rendered":"Lake Saadj\u00e4rv"},"content":{"rendered":"<h2 data-start=\"51\" data-end=\"149\"><strong data-start=\"51\" data-end=\"149\">Exhibition about the Fauna of Lake Saadj\u00e4rv Opening on the Second Floor of the Ice Age Centre<\/strong><\/h2>\n<p class=\"\" data-start=\"151\" data-end=\"297\">Just 30 meters from the Ice Age Centre begins Lake Saadj\u00e4rv. In fact, it consists of two lakes \u2013 Suurj\u00e4rv and Voldi (also known as Tabivere Lake).<\/p>\n<p class=\"\" data-start=\"299\" data-end=\"546\">Lake Saadj\u00e4rv is the pearl of Vooremaa, formed more than 10,000 years ago after the last Ice Age. As the ice sheets of the ice age moved, they left behind hollows between the ridges, which filled with melting glacier water. These formed the lakes.<\/p>\n<p class=\"\" data-start=\"548\" data-end=\"649\">Over time, many of these lakes have turned into bogs and disappeared, but Lake Saadj\u00e4rv has remained.<\/p>\n<p class=\"\" data-start=\"651\" data-end=\"932\">Lake Saadj\u00e4rv is one of the richest in folklore in Estonia. Supernatural forces and giants have been active in the lake, and Kalevipoeg is said to have thrown several stone rings into it. The lake itself has traveled much, burying beneath it a church, a manor, and great treasures.<\/p>\n<p class=\"\" data-start=\"934\" data-end=\"1162\">The church that still stands by the lake was painted by artist Konrad M\u00e4gi. Moreover, two significant clergymen, O.W. Masing and A.W. Hupel, worked here. The church&#8217;s piano accompanist was known across Estonia as the \u00c4ksi witch.<\/p>\n<p class=\"\" data-start=\"1164\" data-end=\"1403\">One could say that the letter \u201c\u00f5\u201d was born by this lake, here lies the precursor to Estonian-language journalism, here began the reading of fallen meteors, and here the first speeches for the preservation of cultural heritage were made.<\/p>\n<p>&nbsp;<\/p>\nngg_shortcode_0_placeholder<img loading=\"lazy\" decoding=\"async\" class=\"alignnone wp-image-26606\" src=\"https:\/\/jaaaeg.ee\/wp-content\/uploads\/2018\/10\/JK_suvine-ou_Beljaev-300x225.jpg\" alt=\"\" width=\"400\" height=\"300\" srcset=\"https:\/\/jaaaeg.ee\/wp-content\/uploads\/2018\/10\/JK_suvine-ou_Beljaev-300x225.jpg 300w, https:\/\/jaaaeg.ee\/wp-content\/uploads\/2018\/10\/JK_suvine-ou_Beljaev-700x525.jpg 700w, https:\/\/jaaaeg.ee\/wp-content\/uploads\/2018\/10\/JK_suvine-ou_Beljaev-768x576.jpg 768w, https:\/\/jaaaeg.ee\/wp-content\/uploads\/2018\/10\/JK_suvine-ou_Beljaev-1536x1152.jpg 1536w, https:\/\/jaaaeg.ee\/wp-content\/uploads\/2018\/10\/JK_suvine-ou_Beljaev-2048x1536.jpg 2048w, https:\/\/jaaaeg.ee\/wp-content\/uploads\/2018\/10\/JK_suvine-ou_Beljaev-120x90.jpg 120w, https:\/\/jaaaeg.ee\/wp-content\/uploads\/2018\/10\/JK_suvine-ou_Beljaev-1900x1425.jpg 1900w, https:\/\/jaaaeg.ee\/wp-content\/uploads\/2018\/10\/JK_suvine-ou_Beljaev-320x240.jpg 320w, https:\/\/jaaaeg.ee\/wp-content\/uploads\/2018\/10\/JK_suvine-ou_Beljaev-480x360.jpg 480w, https:\/\/jaaaeg.ee\/wp-content\/uploads\/2018\/10\/JK_suvine-ou_Beljaev-800x600.jpg 800w, https:\/\/jaaaeg.ee\/wp-content\/uploads\/2018\/10\/JK_suvine-ou_Beljaev-600x450.jpg 600w\" sizes=\"auto, (max-width: 400px) 100vw, 400px\" \/><img decoding=\"async\" class=\"alignnone size-medium wp-image-26953\" src=\"https:\/\/jaaaeg.ee\/wp-content\/uploads\/2024\/03\/ROMB-_katrin_koik-variandid-2-300x300.jpg\" alt=\"Raivo Laanes_Saadj\u00e4rv\"><\/p>\n<p>&nbsp;<\/p>\n<p><b>Kuraator: <\/b><span style=\"font-weight: 400;\">Kadri Valner<\/span><\/p>\n<p><b>Tekstid:<\/b><span style=\"font-weight: 400;\"> Kadri Valner,<\/span> <span style=\"font-weight: 400;\">Jaak Alekand, Kaupo Mets, Hannes J\u00e4\u00e4r<\/span><\/p>\n<p><b>Ideelahendus ja teostus: <\/b><span style=\"font-weight: 400;\">PULT<\/span><\/p>\n<p><b>Toetajad: <\/b><span style=\"font-weight: 400;\">&nbsp;Leader,&nbsp; Pria- P\u00f5llumajanduse register ja informatsiooni amet, Tartu vald<\/span><\/p>\n<p><img loading=\"lazy\" decoding=\"async\" width=\"300\" height=\"110\" class=\"alignnone size-medium wp-image-26631\" src=\"https:\/\/jaaaeg.ee\/wp-content\/uploads\/2024\/03\/pria-leader-logo-300x110.png\" alt=\"\" srcset=\"https:\/\/jaaaeg.ee\/wp-content\/uploads\/2024\/03\/pria-leader-logo-300x110.png 300w, https:\/\/jaaaeg.ee\/wp-content\/uploads\/2024\/03\/pria-leader-logo-120x44.png 120w, https:\/\/jaaaeg.ee\/wp-content\/uploads\/2024\/03\/pria-leader-logo-320x117.png 320w, https:\/\/jaaaeg.ee\/wp-content\/uploads\/2024\/03\/pria-leader-logo.png 371w\" sizes=\"auto, (max-width: 300px) 100vw, 300px\" \/><\/p>\n<p>&nbsp;<\/p>\n","protected":false},"excerpt":{"rendered":"Exhibition about the Fauna of Lake Saadj\u00e4rv Opening on the Second Floor of the Ice Age Centre Just 30 meters from the Ice Age Centre begins Lake Saadj\u00e4rv. In fact, it consists of two lakes \u2013 Suurj\u00e4rv and Voldi (also known as Tabivere Lake). Lake Saadj\u00e4rv is the pearl of Vooremaa, formed more than 10,000&#8230; <a class=\"view-article\" href=\"https:\/\/jaaaeg.ee\/en\/naitused\/saadjarv\/\">Read more<\/a>","protected":false},"author":1,"featured_media":22249,"parent":26836,"menu_order":18,"comment_status":"closed","ping_status":"closed","template":"template-sidebar.php","meta":{"_acf_changed":false,"ngg_post_thumbnail":0,"footnotes":""},"class_list":["post-26336","page","type-page","status-publish","has-post-thumbnail","hentry"],"acf":[],"yoast_head":"<!-- This site is optimized with the Yoast SEO plugin v27.3 - https:\/\/yoast.com\/product\/yoast-seo-wordpress\/ -->\n<title>Lake Saadj\u00e4rv - J\u00e4\u00e4aja Keskus<\/title>\n<meta name=\"description\" content=\"J\u00e4\u00e4aja Keskuse teisel korrusel avaneb aprillis n\u00e4itus Saadj\u00e4rve elustikust. Nimetatud j\u00e4rv asub J\u00e4\u00e4aja Keskusest 30m kaugusel.\" \/>\n<meta name=\"robots\" content=\"index, follow, max-snippet:-1, max-image-preview:large, max-video-preview:-1\" \/>\n<link rel=\"canonical\" href=\"https:\/\/jaaaeg.ee\/en\/naitused\/saadjarv\/\" \/>\n<meta property=\"og:locale\" content=\"en_US\" \/>\n<meta property=\"og:type\" content=\"article\" \/>\n<meta property=\"og:title\" content=\"Lake Saadj\u00e4rv - J\u00e4\u00e4aja Keskus\" \/>\n<meta property=\"og:description\" content=\"J\u00e4\u00e4aja Keskuse teisel korrusel avaneb aprillis n\u00e4itus Saadj\u00e4rve elustikust. Nimetatud j\u00e4rv asub J\u00e4\u00e4aja Keskusest 30m kaugusel.\" \/>\n<meta property=\"og:url\" content=\"https:\/\/jaaaeg.ee\/en\/naitused\/saadjarv\/\" \/>\n<meta property=\"og:site_name\" content=\"J\u00e4\u00e4aja Keskus\" \/>\n<meta property=\"article:publisher\" content=\"https:\/\/www.facebook.com\/JaaajaKeskus\/\" \/>\n<meta property=\"article:modified_time\" content=\"2025-04-25T08:25:42+00:00\" \/>\n<meta property=\"og:image\" content=\"https:\/\/jaaaeg.ee\/wp-content\/uploads\/2023\/05\/DSC_1089-scaled.jpg\" \/>\n\t<meta property=\"og:image:width\" content=\"2560\" \/>\n\t<meta property=\"og:image:height\" content=\"1707\" \/>\n\t<meta property=\"og:image:type\" content=\"image\/jpeg\" \/>\n<meta name=\"twitter:card\" content=\"summary_large_image\" \/>\n<meta name=\"twitter:label1\" content=\"Est. reading time\" \/>\n\t<meta name=\"twitter:data1\" content=\"2 minutes\" \/>\n<script type=\"application\/ld+json\" class=\"yoast-schema-graph\">{\"@context\":\"https:\\\/\\\/schema.org\",\"@graph\":[{\"@type\":\"WebPage\",\"@id\":\"https:\\\/\\\/jaaaeg.ee\\\/en\\\/naitused\\\/saadjarv\\\/\",\"url\":\"https:\\\/\\\/jaaaeg.ee\\\/en\\\/naitused\\\/saadjarv\\\/\",\"name\":\"Lake Saadj\u00e4rv - J\u00e4\u00e4aja Keskus\",\"isPartOf\":{\"@id\":\"https:\\\/\\\/jaaaeg.ee\\\/ru\\\/#website\"},\"primaryImageOfPage\":{\"@id\":\"https:\\\/\\\/jaaaeg.ee\\\/en\\\/naitused\\\/saadjarv\\\/#primaryimage\"},\"image\":{\"@id\":\"https:\\\/\\\/jaaaeg.ee\\\/en\\\/naitused\\\/saadjarv\\\/#primaryimage\"},\"thumbnailUrl\":\"https:\\\/\\\/jaaaeg.ee\\\/wp-content\\\/uploads\\\/2023\\\/05\\\/DSC_1089-scaled.jpg\",\"datePublished\":\"2024-02-14T12:02:00+00:00\",\"dateModified\":\"2025-04-25T08:25:42+00:00\",\"description\":\"J\u00e4\u00e4aja Keskuse teisel korrusel avaneb aprillis n\u00e4itus Saadj\u00e4rve elustikust. Nimetatud j\u00e4rv asub J\u00e4\u00e4aja Keskusest 30m kaugusel.\",\"breadcrumb\":{\"@id\":\"https:\\\/\\\/jaaaeg.ee\\\/en\\\/naitused\\\/saadjarv\\\/#breadcrumb\"},\"inLanguage\":\"en-US\",\"potentialAction\":[{\"@type\":\"ReadAction\",\"target\":[\"https:\\\/\\\/jaaaeg.ee\\\/en\\\/naitused\\\/saadjarv\\\/\"]}]},{\"@type\":\"ImageObject\",\"inLanguage\":\"en-US\",\"@id\":\"https:\\\/\\\/jaaaeg.ee\\\/en\\\/naitused\\\/saadjarv\\\/#primaryimage\",\"url\":\"https:\\\/\\\/jaaaeg.ee\\\/wp-content\\\/uploads\\\/2023\\\/05\\\/DSC_1089-scaled.jpg\",\"contentUrl\":\"https:\\\/\\\/jaaaeg.ee\\\/wp-content\\\/uploads\\\/2023\\\/05\\\/DSC_1089-scaled.jpg\",\"width\":2560,\"height\":1707,\"caption\":\"DSC 1089 scaled\"},{\"@type\":\"BreadcrumbList\",\"@id\":\"https:\\\/\\\/jaaaeg.ee\\\/en\\\/naitused\\\/saadjarv\\\/#breadcrumb\",\"itemListElement\":[{\"@type\":\"ListItem\",\"position\":1,\"name\":\"Home\",\"item\":\"https:\\\/\\\/jaaaeg.ee\\\/en\\\/\"},{\"@type\":\"ListItem\",\"position\":2,\"name\":\"Exhibitions\",\"item\":\"https:\\\/\\\/jaaaeg.ee\\\/en\\\/naitused\\\/\"},{\"@type\":\"ListItem\",\"position\":3,\"name\":\"Lake Saadj\u00e4rv\"}]},{\"@type\":\"WebSite\",\"@id\":\"https:\\\/\\\/jaaaeg.ee\\\/ru\\\/#website\",\"url\":\"https:\\\/\\\/jaaaeg.ee\\\/ru\\\/\",\"name\":\"J\u00e4\u00e4aja Keskus\",\"description\":\"avastamisr\u00f5\u00f5m igas vanuses k\u00fclastajatele\",\"potentialAction\":[{\"@type\":\"SearchAction\",\"target\":{\"@type\":\"EntryPoint\",\"urlTemplate\":\"https:\\\/\\\/jaaaeg.ee\\\/ru\\\/?s={search_term_string}\"},\"query-input\":{\"@type\":\"PropertyValueSpecification\",\"valueRequired\":true,\"valueName\":\"search_term_string\"}}],\"inLanguage\":\"en-US\"}]}<\/script>\n<!-- \/ Yoast SEO plugin. -->","yoast_head_json":{"title":"Lake Saadj\u00e4rv - J\u00e4\u00e4aja Keskus","description":"J\u00e4\u00e4aja Keskuse teisel korrusel avaneb aprillis n\u00e4itus Saadj\u00e4rve elustikust. Nimetatud j\u00e4rv asub J\u00e4\u00e4aja Keskusest 30m kaugusel.","robots":{"index":"index","follow":"follow","max-snippet":"max-snippet:-1","max-image-preview":"max-image-preview:large","max-video-preview":"max-video-preview:-1"},"canonical":"https:\/\/jaaaeg.ee\/en\/naitused\/saadjarv\/","og_locale":"en_US","og_type":"article","og_title":"Lake Saadj\u00e4rv - J\u00e4\u00e4aja Keskus","og_description":"J\u00e4\u00e4aja Keskuse teisel korrusel avaneb aprillis n\u00e4itus Saadj\u00e4rve elustikust. Nimetatud j\u00e4rv asub J\u00e4\u00e4aja Keskusest 30m kaugusel.","og_url":"https:\/\/jaaaeg.ee\/en\/naitused\/saadjarv\/","og_site_name":"J\u00e4\u00e4aja Keskus","article_publisher":"https:\/\/www.facebook.com\/JaaajaKeskus\/","article_modified_time":"2025-04-25T08:25:42+00:00","og_image":[{"width":2560,"height":1707,"url":"https:\/\/jaaaeg.ee\/wp-content\/uploads\/2023\/05\/DSC_1089-scaled.jpg","type":"image\/jpeg"}],"twitter_card":"summary_large_image","twitter_misc":{"Est. reading time":"2 minutes"},"schema":{"@context":"https:\/\/schema.org","@graph":[{"@type":"WebPage","@id":"https:\/\/jaaaeg.ee\/en\/naitused\/saadjarv\/","url":"https:\/\/jaaaeg.ee\/en\/naitused\/saadjarv\/","name":"Lake Saadj\u00e4rv - J\u00e4\u00e4aja Keskus","isPartOf":{"@id":"https:\/\/jaaaeg.ee\/ru\/#website"},"primaryImageOfPage":{"@id":"https:\/\/jaaaeg.ee\/en\/naitused\/saadjarv\/#primaryimage"},"image":{"@id":"https:\/\/jaaaeg.ee\/en\/naitused\/saadjarv\/#primaryimage"},"thumbnailUrl":"https:\/\/jaaaeg.ee\/wp-content\/uploads\/2023\/05\/DSC_1089-scaled.jpg","datePublished":"2024-02-14T12:02:00+00:00","dateModified":"2025-04-25T08:25:42+00:00","description":"J\u00e4\u00e4aja Keskuse teisel korrusel avaneb aprillis n\u00e4itus Saadj\u00e4rve elustikust. Nimetatud j\u00e4rv asub J\u00e4\u00e4aja Keskusest 30m kaugusel.","breadcrumb":{"@id":"https:\/\/jaaaeg.ee\/en\/naitused\/saadjarv\/#breadcrumb"},"inLanguage":"en-US","potentialAction":[{"@type":"ReadAction","target":["https:\/\/jaaaeg.ee\/en\/naitused\/saadjarv\/"]}]},{"@type":"ImageObject","inLanguage":"en-US","@id":"https:\/\/jaaaeg.ee\/en\/naitused\/saadjarv\/#primaryimage","url":"https:\/\/jaaaeg.ee\/wp-content\/uploads\/2023\/05\/DSC_1089-scaled.jpg","contentUrl":"https:\/\/jaaaeg.ee\/wp-content\/uploads\/2023\/05\/DSC_1089-scaled.jpg","width":2560,"height":1707,"caption":"DSC 1089 scaled"},{"@type":"BreadcrumbList","@id":"https:\/\/jaaaeg.ee\/en\/naitused\/saadjarv\/#breadcrumb","itemListElement":[{"@type":"ListItem","position":1,"name":"Home","item":"https:\/\/jaaaeg.ee\/en\/"},{"@type":"ListItem","position":2,"name":"Exhibitions","item":"https:\/\/jaaaeg.ee\/en\/naitused\/"},{"@type":"ListItem","position":3,"name":"Lake Saadj\u00e4rv"}]},{"@type":"WebSite","@id":"https:\/\/jaaaeg.ee\/ru\/#website","url":"https:\/\/jaaaeg.ee\/ru\/","name":"J\u00e4\u00e4aja Keskus","description":"avastamisr\u00f5\u00f5m igas vanuses k\u00fclastajatele","potentialAction":[{"@type":"SearchAction","target":{"@type":"EntryPoint","urlTemplate":"https:\/\/jaaaeg.ee\/ru\/?s={search_term_string}"},"query-input":{"@type":"PropertyValueSpecification","valueRequired":true,"valueName":"search_term_string"}}],"inLanguage":"en-US"}]}},"_links":{"self":[{"href":"https:\/\/jaaaeg.ee\/en\/wp-json\/wp\/v2\/pages\/26336","targetHints":{"allow":["GET"]}}],"collection":[{"href":"https:\/\/jaaaeg.ee\/en\/wp-json\/wp\/v2\/pages"}],"about":[{"href":"https:\/\/jaaaeg.ee\/en\/wp-json\/wp\/v2\/types\/page"}],"author":[{"embeddable":true,"href":"https:\/\/jaaaeg.ee\/en\/wp-json\/wp\/v2\/users\/1"}],"replies":[{"embeddable":true,"href":"https:\/\/jaaaeg.ee\/en\/wp-json\/wp\/v2\/comments?post=26336"}],"version-history":[{"count":9,"href":"https:\/\/jaaaeg.ee\/en\/wp-json\/wp\/v2\/pages\/26336\/revisions"}],"predecessor-version":[{"id":31150,"href":"https:\/\/jaaaeg.ee\/en\/wp-json\/wp\/v2\/pages\/26336\/revisions\/31150"}],"up":[{"embeddable":true,"href":"https:\/\/jaaaeg.ee\/en\/wp-json\/wp\/v2\/pages\/26836"}],"wp:featuredmedia":[{"embeddable":true,"href":"https:\/\/jaaaeg.ee\/en\/wp-json\/wp\/v2\/media\/22249"}],"wp:attachment":[{"href":"https:\/\/jaaaeg.ee\/en\/wp-json\/wp\/v2\/media?parent=26336"}],"curies":[{"name":"wp","href":"https:\/\/api.w.org\/{rel}","templated":true}]}}