{"id":26325,"date":"2024-02-14T14:01:26","date_gmt":"2024-02-14T12:01:26","guid":{"rendered":"https:\/\/jaaaeg.ee\/sartsutuba\/"},"modified":"2025-04-25T11:25:00","modified_gmt":"2025-04-25T08:25:00","slug":"sartsutuba","status":"publish","type":"page","link":"https:\/\/jaaaeg.ee\/en\/naitused\/sartsutuba\/","title":{"rendered":"Sparks room"},"content":{"rendered":"<p class=\"\" data-start=\"51\" data-end=\"137\"><strong data-start=\"51\" data-end=\"137\">In the Ice Age Centre\u2019s Spark Room, Numbers on Your Electricity Bill are Explored<\/strong><\/p>\n<p class=\"\" data-start=\"139\" data-end=\"494\">On March 23, the Ice Age Centre opened the Spark Room, created in collaboration with students from V\u00f5ru Gymnasium. It is an educational exhibition that draws attention to topics related to electricity. What do electricity packages and bills, network fees, savings, electricity markets, and stock exchange prices mean? How can we navigate all these topics?<\/p>\n<p class=\"\" data-start=\"496\" data-end=\"754\">The exhibition introduces visitors in simple terms how electric current works, what it consists of, and how to use it sustainably. It breaks down what is actually reflected on your electricity bill, where the different numbers come from, and what they mean.<\/p>\n<p class=\"\" data-start=\"756\" data-end=\"894\">This is an interactive exhibition, offering the opportunity to generate electricity and explore how the Ice Age Centre&#8217;s solar park works.<\/p>\n<p class=\"\" data-start=\"896\" data-end=\"1204\">\u201cOne of the main attractions of the Spark Room will likely be the model of a town where power is lost due to a storm, and the crisis committee has to decide how to survive until the power is restored,\u201d said Kadri Valner. \u201cIt\u2019s important to decide which vital institutions in the city must keep their power.\u201d<\/p>\n<p class=\"\" data-start=\"1206\" data-end=\"1360\">This simulation also provides an opportunity for new educational programs as it teaches teamwork, logical thinking, and role-playing real-life situations.<\/p>\n<p class=\"\" data-start=\"1362\" data-end=\"1490\">The Spark Room was developed in cooperation with students from V\u00f5ru Gymnasium, which adds a youth perspective to the exhibition.<\/p>\n<p class=\"\" data-start=\"1492\" data-end=\"1637\">The main target group of the Spark Room is young people studying in primary school or high school, but there are also many activities for adults.<\/p>\n<p class=\"\" data-start=\"1639\" data-end=\"1759\">The exhibition was supported by the Estonian state, the Ministry of Climate, and the Environmental Investment Centre.<\/p>\n<p>N\u00e4ituse valmimist on toetanud Eesti riik, Kliimaministeerium ja Keskkonnainvesteeringute keskus, teostas Adexpert ja Kerttu Laane disain. <img loading=\"lazy\" decoding=\"async\" class=\"alignnone wp-image-26382\" src=\"https:\/\/jaaaeg.ee\/wp-content\/uploads\/2024\/03\/KIK_Toetab_varv-300x169.jpg\" alt=\"KIK toetab s\u00e4rtsutuba\" width=\"238\" height=\"134\" srcset=\"https:\/\/jaaaeg.ee\/wp-content\/uploads\/2024\/03\/KIK_Toetab_varv-300x169.jpg 300w, https:\/\/jaaaeg.ee\/wp-content\/uploads\/2024\/03\/KIK_Toetab_varv-120x68.jpg 120w, https:\/\/jaaaeg.ee\/wp-content\/uploads\/2024\/03\/KIK_Toetab_varv-320x180.jpg 320w, https:\/\/jaaaeg.ee\/wp-content\/uploads\/2024\/03\/KIK_Toetab_varv.jpg 378w\" sizes=\"auto, (max-width: 238px) 100vw, 238px\" \/><\/p>\n<p>&nbsp;<\/p>\n<h3><a href=\"https:\/\/opleht.ee\/2024\/03\/martsi-keskel-avati-jaaaja-keskuses-sartsutuba\/\" target=\"_blank\" rel=\"noopener\">Loe ka artiklit \u00d5petajate Lehes.<\/a><\/h3>\nngg_shortcode_0_placeholder\n","protected":false},"excerpt":{"rendered":"In the Ice Age Centre\u2019s Spark Room, Numbers on Your Electricity Bill are Explored On March 23, the Ice Age Centre opened the Spark Room, created in collaboration with students from V\u00f5ru Gymnasium. It is an educational exhibition that draws attention to topics related to electricity. What do electricity packages and bills, network fees, savings,&#8230; <a class=\"view-article\" href=\"https:\/\/jaaaeg.ee\/en\/naitused\/sartsutuba\/\">Read more<\/a>","protected":false},"author":1,"featured_media":26277,"parent":26836,"menu_order":25,"comment_status":"closed","ping_status":"closed","template":"template-sidebar.php","meta":{"_acf_changed":false,"ngg_post_thumbnail":0,"footnotes":""},"class_list":["post-26325","page","type-page","status-publish","has-post-thumbnail","hentry"],"acf":[],"yoast_head":"<!-- This site is optimized with the Yoast SEO plugin v27.3 - https:\/\/yoast.com\/product\/yoast-seo-wordpress\/ -->\n<title>Sparks room - J\u00e4\u00e4aja Keskus<\/title>\n<meta name=\"description\" content=\"N\u00e4itus tutvustab k\u00fclastajatele lihtsas v\u00f5tmes, kuidas elektrivool toimib, millest see koosneb ning kuidas seda j\u00e4tkusuutlikult kasutada.\" \/>\n<meta name=\"robots\" content=\"index, follow, max-snippet:-1, max-image-preview:large, max-video-preview:-1\" \/>\n<link rel=\"canonical\" href=\"https:\/\/jaaaeg.ee\/en\/naitused\/sartsutuba\/\" \/>\n<meta property=\"og:locale\" content=\"en_US\" \/>\n<meta property=\"og:type\" content=\"article\" \/>\n<meta property=\"og:title\" content=\"Sparks room - J\u00e4\u00e4aja Keskus\" \/>\n<meta property=\"og:description\" content=\"N\u00e4itus tutvustab k\u00fclastajatele lihtsas v\u00f5tmes, kuidas elektrivool toimib, millest see koosneb ning kuidas seda j\u00e4tkusuutlikult kasutada.\" \/>\n<meta property=\"og:url\" content=\"https:\/\/jaaaeg.ee\/en\/naitused\/sartsutuba\/\" \/>\n<meta property=\"og:site_name\" content=\"J\u00e4\u00e4aja Keskus\" \/>\n<meta property=\"article:publisher\" content=\"https:\/\/www.facebook.com\/JaaajaKeskus\/\" \/>\n<meta property=\"article:modified_time\" content=\"2025-04-25T08:25:00+00:00\" \/>\n<meta property=\"og:image\" content=\"https:\/\/jaaaeg.ee\/wp-content\/uploads\/2024\/03\/432273948_381850081470630_5232440209134269957_n.jpg\" \/>\n\t<meta property=\"og:image:width\" content=\"2000\" \/>\n\t<meta property=\"og:image:height\" content=\"1500\" \/>\n\t<meta property=\"og:image:type\" content=\"image\/jpeg\" \/>\n<meta name=\"twitter:card\" content=\"summary_large_image\" \/>\n<meta name=\"twitter:label1\" content=\"Est. reading time\" \/>\n\t<meta name=\"twitter:data1\" content=\"2 minutes\" \/>\n<script type=\"application\/ld+json\" class=\"yoast-schema-graph\">{\"@context\":\"https:\\\/\\\/schema.org\",\"@graph\":[{\"@type\":\"WebPage\",\"@id\":\"https:\\\/\\\/jaaaeg.ee\\\/en\\\/naitused\\\/sartsutuba\\\/\",\"url\":\"https:\\\/\\\/jaaaeg.ee\\\/en\\\/naitused\\\/sartsutuba\\\/\",\"name\":\"Sparks room - J\u00e4\u00e4aja Keskus\",\"isPartOf\":{\"@id\":\"https:\\\/\\\/jaaaeg.ee\\\/ru\\\/#website\"},\"primaryImageOfPage\":{\"@id\":\"https:\\\/\\\/jaaaeg.ee\\\/en\\\/naitused\\\/sartsutuba\\\/#primaryimage\"},\"image\":{\"@id\":\"https:\\\/\\\/jaaaeg.ee\\\/en\\\/naitused\\\/sartsutuba\\\/#primaryimage\"},\"thumbnailUrl\":\"https:\\\/\\\/jaaaeg.ee\\\/wp-content\\\/uploads\\\/2024\\\/03\\\/432273948_381850081470630_5232440209134269957_n.jpg\",\"datePublished\":\"2024-02-14T12:01:26+00:00\",\"dateModified\":\"2025-04-25T08:25:00+00:00\",\"description\":\"N\u00e4itus tutvustab k\u00fclastajatele lihtsas v\u00f5tmes, kuidas elektrivool toimib, millest see koosneb ning kuidas seda j\u00e4tkusuutlikult kasutada.\",\"breadcrumb\":{\"@id\":\"https:\\\/\\\/jaaaeg.ee\\\/en\\\/naitused\\\/sartsutuba\\\/#breadcrumb\"},\"inLanguage\":\"en-US\",\"potentialAction\":[{\"@type\":\"ReadAction\",\"target\":[\"https:\\\/\\\/jaaaeg.ee\\\/en\\\/naitused\\\/sartsutuba\\\/\"]}]},{\"@type\":\"ImageObject\",\"inLanguage\":\"en-US\",\"@id\":\"https:\\\/\\\/jaaaeg.ee\\\/en\\\/naitused\\\/sartsutuba\\\/#primaryimage\",\"url\":\"https:\\\/\\\/jaaaeg.ee\\\/wp-content\\\/uploads\\\/2024\\\/03\\\/432273948_381850081470630_5232440209134269957_n.jpg\",\"contentUrl\":\"https:\\\/\\\/jaaaeg.ee\\\/wp-content\\\/uploads\\\/2024\\\/03\\\/432273948_381850081470630_5232440209134269957_n.jpg\",\"width\":2000,\"height\":1500,\"caption\":\"432273948 381850081470630 5232440209134269957 n\"},{\"@type\":\"BreadcrumbList\",\"@id\":\"https:\\\/\\\/jaaaeg.ee\\\/en\\\/naitused\\\/sartsutuba\\\/#breadcrumb\",\"itemListElement\":[{\"@type\":\"ListItem\",\"position\":1,\"name\":\"Home\",\"item\":\"https:\\\/\\\/jaaaeg.ee\\\/en\\\/\"},{\"@type\":\"ListItem\",\"position\":2,\"name\":\"Exhibitions\",\"item\":\"https:\\\/\\\/jaaaeg.ee\\\/en\\\/naitused\\\/\"},{\"@type\":\"ListItem\",\"position\":3,\"name\":\"Sparks room\"}]},{\"@type\":\"WebSite\",\"@id\":\"https:\\\/\\\/jaaaeg.ee\\\/ru\\\/#website\",\"url\":\"https:\\\/\\\/jaaaeg.ee\\\/ru\\\/\",\"name\":\"J\u00e4\u00e4aja Keskus\",\"description\":\"avastamisr\u00f5\u00f5m igas vanuses k\u00fclastajatele\",\"potentialAction\":[{\"@type\":\"SearchAction\",\"target\":{\"@type\":\"EntryPoint\",\"urlTemplate\":\"https:\\\/\\\/jaaaeg.ee\\\/ru\\\/?s={search_term_string}\"},\"query-input\":{\"@type\":\"PropertyValueSpecification\",\"valueRequired\":true,\"valueName\":\"search_term_string\"}}],\"inLanguage\":\"en-US\"}]}<\/script>\n<!-- \/ Yoast SEO plugin. -->","yoast_head_json":{"title":"Sparks room - J\u00e4\u00e4aja Keskus","description":"N\u00e4itus tutvustab k\u00fclastajatele lihtsas v\u00f5tmes, kuidas elektrivool toimib, millest see koosneb ning kuidas seda j\u00e4tkusuutlikult kasutada.","robots":{"index":"index","follow":"follow","max-snippet":"max-snippet:-1","max-image-preview":"max-image-preview:large","max-video-preview":"max-video-preview:-1"},"canonical":"https:\/\/jaaaeg.ee\/en\/naitused\/sartsutuba\/","og_locale":"en_US","og_type":"article","og_title":"Sparks room - J\u00e4\u00e4aja Keskus","og_description":"N\u00e4itus tutvustab k\u00fclastajatele lihtsas v\u00f5tmes, kuidas elektrivool toimib, millest see koosneb ning kuidas seda j\u00e4tkusuutlikult kasutada.","og_url":"https:\/\/jaaaeg.ee\/en\/naitused\/sartsutuba\/","og_site_name":"J\u00e4\u00e4aja Keskus","article_publisher":"https:\/\/www.facebook.com\/JaaajaKeskus\/","article_modified_time":"2025-04-25T08:25:00+00:00","og_image":[{"width":2000,"height":1500,"url":"https:\/\/jaaaeg.ee\/wp-content\/uploads\/2024\/03\/432273948_381850081470630_5232440209134269957_n.jpg","type":"image\/jpeg"}],"twitter_card":"summary_large_image","twitter_misc":{"Est. reading time":"2 minutes"},"schema":{"@context":"https:\/\/schema.org","@graph":[{"@type":"WebPage","@id":"https:\/\/jaaaeg.ee\/en\/naitused\/sartsutuba\/","url":"https:\/\/jaaaeg.ee\/en\/naitused\/sartsutuba\/","name":"Sparks room - J\u00e4\u00e4aja Keskus","isPartOf":{"@id":"https:\/\/jaaaeg.ee\/ru\/#website"},"primaryImageOfPage":{"@id":"https:\/\/jaaaeg.ee\/en\/naitused\/sartsutuba\/#primaryimage"},"image":{"@id":"https:\/\/jaaaeg.ee\/en\/naitused\/sartsutuba\/#primaryimage"},"thumbnailUrl":"https:\/\/jaaaeg.ee\/wp-content\/uploads\/2024\/03\/432273948_381850081470630_5232440209134269957_n.jpg","datePublished":"2024-02-14T12:01:26+00:00","dateModified":"2025-04-25T08:25:00+00:00","description":"N\u00e4itus tutvustab k\u00fclastajatele lihtsas v\u00f5tmes, kuidas elektrivool toimib, millest see koosneb ning kuidas seda j\u00e4tkusuutlikult kasutada.","breadcrumb":{"@id":"https:\/\/jaaaeg.ee\/en\/naitused\/sartsutuba\/#breadcrumb"},"inLanguage":"en-US","potentialAction":[{"@type":"ReadAction","target":["https:\/\/jaaaeg.ee\/en\/naitused\/sartsutuba\/"]}]},{"@type":"ImageObject","inLanguage":"en-US","@id":"https:\/\/jaaaeg.ee\/en\/naitused\/sartsutuba\/#primaryimage","url":"https:\/\/jaaaeg.ee\/wp-content\/uploads\/2024\/03\/432273948_381850081470630_5232440209134269957_n.jpg","contentUrl":"https:\/\/jaaaeg.ee\/wp-content\/uploads\/2024\/03\/432273948_381850081470630_5232440209134269957_n.jpg","width":2000,"height":1500,"caption":"432273948 381850081470630 5232440209134269957 n"},{"@type":"BreadcrumbList","@id":"https:\/\/jaaaeg.ee\/en\/naitused\/sartsutuba\/#breadcrumb","itemListElement":[{"@type":"ListItem","position":1,"name":"Home","item":"https:\/\/jaaaeg.ee\/en\/"},{"@type":"ListItem","position":2,"name":"Exhibitions","item":"https:\/\/jaaaeg.ee\/en\/naitused\/"},{"@type":"ListItem","position":3,"name":"Sparks room"}]},{"@type":"WebSite","@id":"https:\/\/jaaaeg.ee\/ru\/#website","url":"https:\/\/jaaaeg.ee\/ru\/","name":"J\u00e4\u00e4aja Keskus","description":"avastamisr\u00f5\u00f5m igas vanuses k\u00fclastajatele","potentialAction":[{"@type":"SearchAction","target":{"@type":"EntryPoint","urlTemplate":"https:\/\/jaaaeg.ee\/ru\/?s={search_term_string}"},"query-input":{"@type":"PropertyValueSpecification","valueRequired":true,"valueName":"search_term_string"}}],"inLanguage":"en-US"}]}},"_links":{"self":[{"href":"https:\/\/jaaaeg.ee\/en\/wp-json\/wp\/v2\/pages\/26325","targetHints":{"allow":["GET"]}}],"collection":[{"href":"https:\/\/jaaaeg.ee\/en\/wp-json\/wp\/v2\/pages"}],"about":[{"href":"https:\/\/jaaaeg.ee\/en\/wp-json\/wp\/v2\/types\/page"}],"author":[{"embeddable":true,"href":"https:\/\/jaaaeg.ee\/en\/wp-json\/wp\/v2\/users\/1"}],"replies":[{"embeddable":true,"href":"https:\/\/jaaaeg.ee\/en\/wp-json\/wp\/v2\/comments?post=26325"}],"version-history":[{"count":4,"href":"https:\/\/jaaaeg.ee\/en\/wp-json\/wp\/v2\/pages\/26325\/revisions"}],"predecessor-version":[{"id":31149,"href":"https:\/\/jaaaeg.ee\/en\/wp-json\/wp\/v2\/pages\/26325\/revisions\/31149"}],"up":[{"embeddable":true,"href":"https:\/\/jaaaeg.ee\/en\/wp-json\/wp\/v2\/pages\/26836"}],"wp:featuredmedia":[{"embeddable":true,"href":"https:\/\/jaaaeg.ee\/en\/wp-json\/wp\/v2\/media\/26277"}],"wp:attachment":[{"href":"https:\/\/jaaaeg.ee\/en\/wp-json\/wp\/v2\/media?parent=26325"}],"curies":[{"name":"wp","href":"https:\/\/api.w.org\/{rel}","templated":true}]}}