{"id":24970,"date":"2023-11-29T14:17:12","date_gmt":"2023-11-29T12:17:12","guid":{"rendered":"https:\/\/jaaaeg.ee\/audiogiidid\/8-laialehised-metsad-ehk-metsad-kus-kasvasid-suurte-lehtedega-puud\/"},"modified":"2023-11-29T14:17:12","modified_gmt":"2023-11-29T12:17:12","slug":"8-laialehised-metsad-ehk-metsad-kus-kasvasid-suurte-lehtedega-puud","status":"publish","type":"page","link":"https:\/\/jaaaeg.ee\/en\/audiogiidid\/8-laialehised-metsad-ehk-metsad-kus-kasvasid-suurte-lehtedega-puud\/","title":{"rendered":"8. Laialehised metsad ehk metsad, kus kasvasid suurte lehtedega puud"},"content":{"rendered":"<audio class=\"wp-audio-shortcode\" id=\"audio-24970-1\" preload=\"none\" style=\"width: 100%;\" controls=\"controls\"><source type=\"audio\/wav\" src=\"https:\/\/jaaaeg.ee\/wp-content\/uploads\/2023\/11\/8.-Laialehised-metsad-ehk-metsad-kus-kasvasid-suurte-lehtedega-puud.wav?_=1\" \/><a href=\"https:\/\/jaaaeg.ee\/wp-content\/uploads\/2023\/11\/8.-Laialehised-metsad-ehk-metsad-kus-kasvasid-suurte-lehtedega-puud.wav\">https:\/\/jaaaeg.ee\/wp-content\/uploads\/2023\/11\/8.-Laialehised-metsad-ehk-metsad-kus-kasvasid-suurte-lehtedega-puud.wav<\/a><\/audio>\n","protected":false},"excerpt":{"rendered":"","protected":false},"author":1,"featured_media":0,"parent":24132,"menu_order":93,"comment_status":"closed","ping_status":"closed","template":"","meta":{"_acf_changed":false,"ngg_post_thumbnail":0,"footnotes":""},"class_list":["post-24970","page","type-page","status-publish","hentry"],"acf":[],"yoast_head":"<!-- This site is optimized with the Yoast SEO plugin v27.3 - https:\/\/yoast.com\/product\/yoast-seo-wordpress\/ -->\n<title>8. Laialehised metsad ehk metsad, kus kasvasid suurte lehtedega puud - J\u00e4\u00e4aja Keskus<\/title>\n<meta name=\"robots\" content=\"index, follow, max-snippet:-1, max-image-preview:large, max-video-preview:-1\" \/>\n<link rel=\"canonical\" href=\"https:\/\/jaaaeg.ee\/en\/audiogiidid\/8-laialehised-metsad-ehk-metsad-kus-kasvasid-suurte-lehtedega-puud\/\" \/>\n<meta property=\"og:locale\" content=\"en_US\" \/>\n<meta property=\"og:type\" content=\"article\" \/>\n<meta property=\"og:title\" content=\"8. Laialehised metsad ehk metsad, kus kasvasid suurte lehtedega puud - J\u00e4\u00e4aja Keskus\" \/>\n<meta property=\"og:url\" content=\"https:\/\/jaaaeg.ee\/en\/audiogiidid\/8-laialehised-metsad-ehk-metsad-kus-kasvasid-suurte-lehtedega-puud\/\" \/>\n<meta property=\"og:site_name\" content=\"J\u00e4\u00e4aja Keskus\" \/>\n<meta property=\"article:publisher\" content=\"https:\/\/www.facebook.com\/JaaajaKeskus\/\" \/>\n<meta name=\"twitter:card\" content=\"summary_large_image\" \/>\n<script type=\"application\/ld+json\" class=\"yoast-schema-graph\">{\"@context\":\"https:\\\/\\\/schema.org\",\"@graph\":[{\"@type\":\"WebPage\",\"@id\":\"https:\\\/\\\/jaaaeg.ee\\\/en\\\/audiogiidid\\\/8-laialehised-metsad-ehk-metsad-kus-kasvasid-suurte-lehtedega-puud\\\/\",\"url\":\"https:\\\/\\\/jaaaeg.ee\\\/en\\\/audiogiidid\\\/8-laialehised-metsad-ehk-metsad-kus-kasvasid-suurte-lehtedega-puud\\\/\",\"name\":\"8. Laialehised metsad ehk metsad, kus kasvasid suurte lehtedega puud - J\u00e4\u00e4aja Keskus\",\"isPartOf\":{\"@id\":\"https:\\\/\\\/jaaaeg.ee\\\/ru\\\/#website\"},\"datePublished\":\"2023-11-29T12:17:12+00:00\",\"breadcrumb\":{\"@id\":\"https:\\\/\\\/jaaaeg.ee\\\/en\\\/audiogiidid\\\/8-laialehised-metsad-ehk-metsad-kus-kasvasid-suurte-lehtedega-puud\\\/#breadcrumb\"},\"inLanguage\":\"en-US\",\"potentialAction\":[{\"@type\":\"ReadAction\",\"target\":[\"https:\\\/\\\/jaaaeg.ee\\\/en\\\/audiogiidid\\\/8-laialehised-metsad-ehk-metsad-kus-kasvasid-suurte-lehtedega-puud\\\/\"]}]},{\"@type\":\"BreadcrumbList\",\"@id\":\"https:\\\/\\\/jaaaeg.ee\\\/en\\\/audiogiidid\\\/8-laialehised-metsad-ehk-metsad-kus-kasvasid-suurte-lehtedega-puud\\\/#breadcrumb\",\"itemListElement\":[{\"@type\":\"ListItem\",\"position\":1,\"name\":\"Home\",\"item\":\"https:\\\/\\\/jaaaeg.ee\\\/en\\\/\"},{\"@type\":\"ListItem\",\"position\":2,\"name\":\"Audio guide\",\"item\":\"https:\\\/\\\/jaaaeg.ee\\\/en\\\/audiogiidid\\\/\"},{\"@type\":\"ListItem\",\"position\":3,\"name\":\"8. Laialehised metsad ehk metsad, kus kasvasid suurte lehtedega puud\"}]},{\"@type\":\"WebSite\",\"@id\":\"https:\\\/\\\/jaaaeg.ee\\\/ru\\\/#website\",\"url\":\"https:\\\/\\\/jaaaeg.ee\\\/ru\\\/\",\"name\":\"J\u00e4\u00e4aja Keskus\",\"description\":\"avastamisr\u00f5\u00f5m igas vanuses k\u00fclastajatele\",\"potentialAction\":[{\"@type\":\"SearchAction\",\"target\":{\"@type\":\"EntryPoint\",\"urlTemplate\":\"https:\\\/\\\/jaaaeg.ee\\\/ru\\\/?s={search_term_string}\"},\"query-input\":{\"@type\":\"PropertyValueSpecification\",\"valueRequired\":true,\"valueName\":\"search_term_string\"}}],\"inLanguage\":\"en-US\"}]}<\/script>\n<!-- \/ Yoast SEO plugin. -->","yoast_head_json":{"title":"8. Laialehised metsad ehk metsad, kus kasvasid suurte lehtedega puud - J\u00e4\u00e4aja Keskus","robots":{"index":"index","follow":"follow","max-snippet":"max-snippet:-1","max-image-preview":"max-image-preview:large","max-video-preview":"max-video-preview:-1"},"canonical":"https:\/\/jaaaeg.ee\/en\/audiogiidid\/8-laialehised-metsad-ehk-metsad-kus-kasvasid-suurte-lehtedega-puud\/","og_locale":"en_US","og_type":"article","og_title":"8. Laialehised metsad ehk metsad, kus kasvasid suurte lehtedega puud - J\u00e4\u00e4aja Keskus","og_url":"https:\/\/jaaaeg.ee\/en\/audiogiidid\/8-laialehised-metsad-ehk-metsad-kus-kasvasid-suurte-lehtedega-puud\/","og_site_name":"J\u00e4\u00e4aja Keskus","article_publisher":"https:\/\/www.facebook.com\/JaaajaKeskus\/","twitter_card":"summary_large_image","schema":{"@context":"https:\/\/schema.org","@graph":[{"@type":"WebPage","@id":"https:\/\/jaaaeg.ee\/en\/audiogiidid\/8-laialehised-metsad-ehk-metsad-kus-kasvasid-suurte-lehtedega-puud\/","url":"https:\/\/jaaaeg.ee\/en\/audiogiidid\/8-laialehised-metsad-ehk-metsad-kus-kasvasid-suurte-lehtedega-puud\/","name":"8. Laialehised metsad ehk metsad, kus kasvasid suurte lehtedega puud - J\u00e4\u00e4aja Keskus","isPartOf":{"@id":"https:\/\/jaaaeg.ee\/ru\/#website"},"datePublished":"2023-11-29T12:17:12+00:00","breadcrumb":{"@id":"https:\/\/jaaaeg.ee\/en\/audiogiidid\/8-laialehised-metsad-ehk-metsad-kus-kasvasid-suurte-lehtedega-puud\/#breadcrumb"},"inLanguage":"en-US","potentialAction":[{"@type":"ReadAction","target":["https:\/\/jaaaeg.ee\/en\/audiogiidid\/8-laialehised-metsad-ehk-metsad-kus-kasvasid-suurte-lehtedega-puud\/"]}]},{"@type":"BreadcrumbList","@id":"https:\/\/jaaaeg.ee\/en\/audiogiidid\/8-laialehised-metsad-ehk-metsad-kus-kasvasid-suurte-lehtedega-puud\/#breadcrumb","itemListElement":[{"@type":"ListItem","position":1,"name":"Home","item":"https:\/\/jaaaeg.ee\/en\/"},{"@type":"ListItem","position":2,"name":"Audio guide","item":"https:\/\/jaaaeg.ee\/en\/audiogiidid\/"},{"@type":"ListItem","position":3,"name":"8. Laialehised metsad ehk metsad, kus kasvasid suurte lehtedega puud"}]},{"@type":"WebSite","@id":"https:\/\/jaaaeg.ee\/ru\/#website","url":"https:\/\/jaaaeg.ee\/ru\/","name":"J\u00e4\u00e4aja Keskus","description":"avastamisr\u00f5\u00f5m igas vanuses k\u00fclastajatele","potentialAction":[{"@type":"SearchAction","target":{"@type":"EntryPoint","urlTemplate":"https:\/\/jaaaeg.ee\/ru\/?s={search_term_string}"},"query-input":{"@type":"PropertyValueSpecification","valueRequired":true,"valueName":"search_term_string"}}],"inLanguage":"en-US"}]}},"_links":{"self":[{"href":"https:\/\/jaaaeg.ee\/en\/wp-json\/wp\/v2\/pages\/24970","targetHints":{"allow":["GET"]}}],"collection":[{"href":"https:\/\/jaaaeg.ee\/en\/wp-json\/wp\/v2\/pages"}],"about":[{"href":"https:\/\/jaaaeg.ee\/en\/wp-json\/wp\/v2\/types\/page"}],"author":[{"embeddable":true,"href":"https:\/\/jaaaeg.ee\/en\/wp-json\/wp\/v2\/users\/1"}],"replies":[{"embeddable":true,"href":"https:\/\/jaaaeg.ee\/en\/wp-json\/wp\/v2\/comments?post=24970"}],"version-history":[{"count":0,"href":"https:\/\/jaaaeg.ee\/en\/wp-json\/wp\/v2\/pages\/24970\/revisions"}],"up":[{"embeddable":true,"href":"https:\/\/jaaaeg.ee\/en\/wp-json\/wp\/v2\/pages\/24132"}],"wp:attachment":[{"href":"https:\/\/jaaaeg.ee\/en\/wp-json\/wp\/v2\/media?parent=24970"}],"curies":[{"name":"wp","href":"https:\/\/api.w.org\/{rel}","templated":true}]}}