{"id":24808,"date":"2023-11-17T14:33:16","date_gmt":"2023-11-17T12:33:16","guid":{"rendered":"https:\/\/jaaaeg.ee\/audiogiidid\/25-muutuv-laanemeri\/"},"modified":"2023-11-17T14:38:19","modified_gmt":"2023-11-17T12:38:19","slug":"25-muutuv-laanemeri","status":"publish","type":"page","link":"https:\/\/jaaaeg.ee\/en\/audiogiidid\/25-muutuv-laanemeri\/","title":{"rendered":"25. MUUTUV L\u00c4\u00c4NEMERI"},"content":{"rendered":"<hr>\n<h3>MUUTUV L\u00c4\u00c4NEMERI<br \/>\n<img loading=\"lazy\" decoding=\"async\" width=\"150\" height=\"150\" class=\"alignright size-thumbnail wp-image-23992\" src=\"https:\/\/jaaaeg.ee\/wp-content\/uploads\/2023\/11\/estonia-150x150.png\" alt=\"\" data-wp-editing=\"1\" srcset=\"https:\/\/jaaaeg.ee\/wp-content\/uploads\/2023\/11\/estonia-150x150.png 150w, https:\/\/jaaaeg.ee\/wp-content\/uploads\/2023\/11\/estonia-300x300.png 300w, https:\/\/jaaaeg.ee\/wp-content\/uploads\/2023\/11\/estonia-120x120.png 120w, https:\/\/jaaaeg.ee\/wp-content\/uploads\/2023\/11\/estonia-320x320.png 320w, https:\/\/jaaaeg.ee\/wp-content\/uploads\/2023\/11\/estonia-480x480.png 480w, https:\/\/jaaaeg.ee\/wp-content\/uploads\/2023\/11\/estonia-100x100.png 100w, https:\/\/jaaaeg.ee\/wp-content\/uploads\/2023\/11\/estonia.png 512w\" sizes=\"auto, (max-width: 150px) 100vw, 150px\" \/><\/h3>\n<audio class=\"wp-audio-shortcode\" id=\"audio-24808-1\" preload=\"none\" style=\"width: 100%;\" controls=\"controls\"><source type=\"audio\/wav\" src=\"https:\/\/jaaaeg.ee\/wp-content\/uploads\/2023\/11\/25.-MUUTUV-LAANEMERI.wav?_=1\" \/><a href=\"https:\/\/jaaaeg.ee\/wp-content\/uploads\/2023\/11\/25.-MUUTUV-LAANEMERI.wav\">https:\/\/jaaaeg.ee\/wp-content\/uploads\/2023\/11\/25.-MUUTUV-LAANEMERI.wav<\/a><\/audio>\n<hr>\n<h3>Changing baltic<br \/>\n<img loading=\"lazy\" decoding=\"async\" width=\"150\" height=\"150\" class=\"alignright size-thumbnail wp-image-24007\" src=\"https:\/\/jaaaeg.ee\/wp-content\/uploads\/2023\/11\/united-kingdom-150x150.png\" alt=\"\" srcset=\"https:\/\/jaaaeg.ee\/wp-content\/uploads\/2023\/11\/united-kingdom-150x150.png 150w, https:\/\/jaaaeg.ee\/wp-content\/uploads\/2023\/11\/united-kingdom-300x300.png 300w, https:\/\/jaaaeg.ee\/wp-content\/uploads\/2023\/11\/united-kingdom-120x120.png 120w, https:\/\/jaaaeg.ee\/wp-content\/uploads\/2023\/11\/united-kingdom-320x320.png 320w, https:\/\/jaaaeg.ee\/wp-content\/uploads\/2023\/11\/united-kingdom-480x480.png 480w, https:\/\/jaaaeg.ee\/wp-content\/uploads\/2023\/11\/united-kingdom-100x100.png 100w, https:\/\/jaaaeg.ee\/wp-content\/uploads\/2023\/11\/united-kingdom.png 512w\" sizes=\"auto, (max-width: 150px) 100vw, 150px\" \/><\/h3>\n<audio class=\"wp-audio-shortcode\" id=\"audio-24808-2\" preload=\"none\" style=\"width: 100%;\" controls=\"controls\"><source type=\"audio\/wav\" src=\"https:\/\/jaaaeg.ee\/wp-content\/uploads\/2023\/11\/25_changingbaltic.wav?_=2\" \/><a href=\"https:\/\/jaaaeg.ee\/wp-content\/uploads\/2023\/11\/25_changingbaltic.wav\">https:\/\/jaaaeg.ee\/wp-content\/uploads\/2023\/11\/25_changingbaltic.wav<\/a><\/audio>\n<hr>\n<h3>MAIN\u012aG\u0100 BALTIJAS J\u016aRA<br \/>\n<img loading=\"lazy\" decoding=\"async\" width=\"150\" height=\"150\" class=\"alignright size-thumbnail wp-image-24002\" src=\"https:\/\/jaaaeg.ee\/wp-content\/uploads\/2023\/11\/latvia-150x150.png\" alt=\"\" srcset=\"https:\/\/jaaaeg.ee\/wp-content\/uploads\/2023\/11\/latvia-150x150.png 150w, https:\/\/jaaaeg.ee\/wp-content\/uploads\/2023\/11\/latvia-300x300.png 300w, https:\/\/jaaaeg.ee\/wp-content\/uploads\/2023\/11\/latvia-120x120.png 120w, https:\/\/jaaaeg.ee\/wp-content\/uploads\/2023\/11\/latvia-320x320.png 320w, https:\/\/jaaaeg.ee\/wp-content\/uploads\/2023\/11\/latvia-480x480.png 480w, https:\/\/jaaaeg.ee\/wp-content\/uploads\/2023\/11\/latvia-100x100.png 100w, https:\/\/jaaaeg.ee\/wp-content\/uploads\/2023\/11\/latvia.png 512w\" sizes=\"auto, (max-width: 150px) 100vw, 150px\" \/><\/h3>\n<audio class=\"wp-audio-shortcode\" id=\"audio-24808-3\" preload=\"none\" style=\"width: 100%;\" controls=\"controls\"><source type=\"audio\/wav\" src=\"https:\/\/jaaaeg.ee\/wp-content\/uploads\/2023\/11\/25_MAINIGA-BALTIJAS-JURA.wav?_=3\" \/><a href=\"https:\/\/jaaaeg.ee\/wp-content\/uploads\/2023\/11\/25_MAINIGA-BALTIJAS-JURA.wav\">https:\/\/jaaaeg.ee\/wp-content\/uploads\/2023\/11\/25_MAINIGA-BALTIJAS-JURA.wav<\/a><\/audio>\n<hr>\n<h3>\u041c\u0415\u041d\u042f\u042e\u0429\u0415\u0415\u0421\u042f \u0411\u0410\u041b\u0422\u0418\u0419\u0421\u041a\u041e\u0415 \u041c\u041e\u0420\u0415<br \/>\n<img loading=\"lazy\" decoding=\"async\" width=\"150\" height=\"150\" class=\"alignright size-thumbnail wp-image-23997\" src=\"https:\/\/jaaaeg.ee\/wp-content\/uploads\/2023\/11\/russia-150x150.png\" alt=\"\" srcset=\"https:\/\/jaaaeg.ee\/wp-content\/uploads\/2023\/11\/russia-150x150.png 150w, https:\/\/jaaaeg.ee\/wp-content\/uploads\/2023\/11\/russia-300x300.png 300w, https:\/\/jaaaeg.ee\/wp-content\/uploads\/2023\/11\/russia-120x120.png 120w, https:\/\/jaaaeg.ee\/wp-content\/uploads\/2023\/11\/russia-320x320.png 320w, https:\/\/jaaaeg.ee\/wp-content\/uploads\/2023\/11\/russia-480x480.png 480w, https:\/\/jaaaeg.ee\/wp-content\/uploads\/2023\/11\/russia-100x100.png 100w, https:\/\/jaaaeg.ee\/wp-content\/uploads\/2023\/11\/russia.png 512w\" sizes=\"auto, (max-width: 150px) 100vw, 150px\" \/><\/h3>\n<audio class=\"wp-audio-shortcode\" id=\"audio-24808-4\" preload=\"none\" style=\"width: 100%;\" controls=\"controls\"><source type=\"audio\/wav\" src=\"https:\/\/jaaaeg.ee\/wp-content\/uploads\/2023\/11\/25.MENYaJuShhEESYa-BALTIJSKOE-MORE.wav?_=4\" \/><a href=\"https:\/\/jaaaeg.ee\/wp-content\/uploads\/2023\/11\/25.MENYaJuShhEESYa-BALTIJSKOE-MORE.wav\">https:\/\/jaaaeg.ee\/wp-content\/uploads\/2023\/11\/25.MENYaJuShhEESYa-BALTIJSKOE-MORE.wav<\/a><\/audio>\n<p>&nbsp;<\/p>\n<hr>\n<p>&nbsp;<\/p>\n","protected":false},"excerpt":{"rendered":"MUUTUV L\u00c4\u00c4NEMERI Changing baltic MAIN\u012aG\u0100 BALTIJAS J\u016aRA \u041c\u0415\u041d\u042f\u042e\u0429\u0415\u0415\u0421\u042f \u0411\u0410\u041b\u0422\u0418\u0419\u0421\u041a\u041e\u0415 \u041c\u041e\u0420\u0415 &nbsp; &nbsp;","protected":false},"author":1,"featured_media":0,"parent":24132,"menu_order":134,"comment_status":"closed","ping_status":"closed","template":"","meta":{"_acf_changed":false,"ngg_post_thumbnail":0,"footnotes":""},"class_list":["post-24808","page","type-page","status-publish","hentry"],"acf":[],"yoast_head":"<!-- This site is optimized with the Yoast SEO plugin v27.3 - https:\/\/yoast.com\/product\/yoast-seo-wordpress\/ -->\n<title>25. MUUTUV L\u00c4\u00c4NEMERI - J\u00e4\u00e4aja Keskus<\/title>\n<meta name=\"robots\" content=\"index, follow, max-snippet:-1, max-image-preview:large, max-video-preview:-1\" \/>\n<link rel=\"canonical\" href=\"https:\/\/jaaaeg.ee\/en\/audiogiidid\/25-muutuv-laanemeri\/\" \/>\n<meta property=\"og:locale\" content=\"en_US\" \/>\n<meta property=\"og:type\" content=\"article\" \/>\n<meta property=\"og:title\" content=\"25. MUUTUV L\u00c4\u00c4NEMERI - J\u00e4\u00e4aja Keskus\" \/>\n<meta property=\"og:description\" content=\"MUUTUV L\u00c4\u00c4NEMERI Changing baltic MAIN\u012aG\u0100 BALTIJAS J\u016aRA \u041c\u0415\u041d\u042f\u042e\u0429\u0415\u0415\u0421\u042f \u0411\u0410\u041b\u0422\u0418\u0419\u0421\u041a\u041e\u0415 \u041c\u041e\u0420\u0415 &nbsp; &nbsp;\" \/>\n<meta property=\"og:url\" content=\"https:\/\/jaaaeg.ee\/en\/audiogiidid\/25-muutuv-laanemeri\/\" \/>\n<meta property=\"og:site_name\" content=\"J\u00e4\u00e4aja Keskus\" \/>\n<meta property=\"article:publisher\" content=\"https:\/\/www.facebook.com\/JaaajaKeskus\/\" \/>\n<meta property=\"article:modified_time\" content=\"2023-11-17T12:38:19+00:00\" \/>\n<meta property=\"og:image\" content=\"https:\/\/jaaaeg.ee\/wp-content\/uploads\/2023\/11\/estonia-150x150.png\" \/>\n<meta name=\"twitter:card\" content=\"summary_large_image\" \/>\n<meta name=\"twitter:label1\" content=\"Est. reading time\" \/>\n\t<meta name=\"twitter:data1\" content=\"1 minute\" \/>\n<script type=\"application\/ld+json\" class=\"yoast-schema-graph\">{\"@context\":\"https:\\\/\\\/schema.org\",\"@graph\":[{\"@type\":\"WebPage\",\"@id\":\"https:\\\/\\\/jaaaeg.ee\\\/en\\\/audiogiidid\\\/25-muutuv-laanemeri\\\/\",\"url\":\"https:\\\/\\\/jaaaeg.ee\\\/en\\\/audiogiidid\\\/25-muutuv-laanemeri\\\/\",\"name\":\"25. MUUTUV L\u00c4\u00c4NEMERI - J\u00e4\u00e4aja Keskus\",\"isPartOf\":{\"@id\":\"https:\\\/\\\/jaaaeg.ee\\\/ru\\\/#website\"},\"primaryImageOfPage\":{\"@id\":\"https:\\\/\\\/jaaaeg.ee\\\/en\\\/audiogiidid\\\/25-muutuv-laanemeri\\\/#primaryimage\"},\"image\":{\"@id\":\"https:\\\/\\\/jaaaeg.ee\\\/en\\\/audiogiidid\\\/25-muutuv-laanemeri\\\/#primaryimage\"},\"thumbnailUrl\":\"https:\\\/\\\/jaaaeg.ee\\\/wp-content\\\/uploads\\\/2023\\\/11\\\/estonia-150x150.png\",\"datePublished\":\"2023-11-17T12:33:16+00:00\",\"dateModified\":\"2023-11-17T12:38:19+00:00\",\"breadcrumb\":{\"@id\":\"https:\\\/\\\/jaaaeg.ee\\\/en\\\/audiogiidid\\\/25-muutuv-laanemeri\\\/#breadcrumb\"},\"inLanguage\":\"en-US\",\"potentialAction\":[{\"@type\":\"ReadAction\",\"target\":[\"https:\\\/\\\/jaaaeg.ee\\\/en\\\/audiogiidid\\\/25-muutuv-laanemeri\\\/\"]}]},{\"@type\":\"ImageObject\",\"inLanguage\":\"en-US\",\"@id\":\"https:\\\/\\\/jaaaeg.ee\\\/en\\\/audiogiidid\\\/25-muutuv-laanemeri\\\/#primaryimage\",\"url\":\"https:\\\/\\\/jaaaeg.ee\\\/wp-content\\\/uploads\\\/2023\\\/11\\\/estonia-150x150.png\",\"contentUrl\":\"https:\\\/\\\/jaaaeg.ee\\\/wp-content\\\/uploads\\\/2023\\\/11\\\/estonia-150x150.png\"},{\"@type\":\"BreadcrumbList\",\"@id\":\"https:\\\/\\\/jaaaeg.ee\\\/en\\\/audiogiidid\\\/25-muutuv-laanemeri\\\/#breadcrumb\",\"itemListElement\":[{\"@type\":\"ListItem\",\"position\":1,\"name\":\"Home\",\"item\":\"https:\\\/\\\/jaaaeg.ee\\\/en\\\/\"},{\"@type\":\"ListItem\",\"position\":2,\"name\":\"Audio guide\",\"item\":\"https:\\\/\\\/jaaaeg.ee\\\/en\\\/audiogiidid\\\/\"},{\"@type\":\"ListItem\",\"position\":3,\"name\":\"25. MUUTUV L\u00c4\u00c4NEMERI\"}]},{\"@type\":\"WebSite\",\"@id\":\"https:\\\/\\\/jaaaeg.ee\\\/ru\\\/#website\",\"url\":\"https:\\\/\\\/jaaaeg.ee\\\/ru\\\/\",\"name\":\"J\u00e4\u00e4aja Keskus\",\"description\":\"avastamisr\u00f5\u00f5m igas vanuses k\u00fclastajatele\",\"potentialAction\":[{\"@type\":\"SearchAction\",\"target\":{\"@type\":\"EntryPoint\",\"urlTemplate\":\"https:\\\/\\\/jaaaeg.ee\\\/ru\\\/?s={search_term_string}\"},\"query-input\":{\"@type\":\"PropertyValueSpecification\",\"valueRequired\":true,\"valueName\":\"search_term_string\"}}],\"inLanguage\":\"en-US\"}]}<\/script>\n<!-- \/ Yoast SEO plugin. -->","yoast_head_json":{"title":"25. MUUTUV L\u00c4\u00c4NEMERI - J\u00e4\u00e4aja Keskus","robots":{"index":"index","follow":"follow","max-snippet":"max-snippet:-1","max-image-preview":"max-image-preview:large","max-video-preview":"max-video-preview:-1"},"canonical":"https:\/\/jaaaeg.ee\/en\/audiogiidid\/25-muutuv-laanemeri\/","og_locale":"en_US","og_type":"article","og_title":"25. MUUTUV L\u00c4\u00c4NEMERI - J\u00e4\u00e4aja Keskus","og_description":"MUUTUV L\u00c4\u00c4NEMERI Changing baltic MAIN\u012aG\u0100 BALTIJAS J\u016aRA \u041c\u0415\u041d\u042f\u042e\u0429\u0415\u0415\u0421\u042f \u0411\u0410\u041b\u0422\u0418\u0419\u0421\u041a\u041e\u0415 \u041c\u041e\u0420\u0415 &nbsp; &nbsp;","og_url":"https:\/\/jaaaeg.ee\/en\/audiogiidid\/25-muutuv-laanemeri\/","og_site_name":"J\u00e4\u00e4aja Keskus","article_publisher":"https:\/\/www.facebook.com\/JaaajaKeskus\/","article_modified_time":"2023-11-17T12:38:19+00:00","og_image":[{"url":"https:\/\/jaaaeg.ee\/wp-content\/uploads\/2023\/11\/estonia-150x150.png","type":"","width":"","height":""}],"twitter_card":"summary_large_image","twitter_misc":{"Est. reading time":"1 minute"},"schema":{"@context":"https:\/\/schema.org","@graph":[{"@type":"WebPage","@id":"https:\/\/jaaaeg.ee\/en\/audiogiidid\/25-muutuv-laanemeri\/","url":"https:\/\/jaaaeg.ee\/en\/audiogiidid\/25-muutuv-laanemeri\/","name":"25. MUUTUV L\u00c4\u00c4NEMERI - J\u00e4\u00e4aja Keskus","isPartOf":{"@id":"https:\/\/jaaaeg.ee\/ru\/#website"},"primaryImageOfPage":{"@id":"https:\/\/jaaaeg.ee\/en\/audiogiidid\/25-muutuv-laanemeri\/#primaryimage"},"image":{"@id":"https:\/\/jaaaeg.ee\/en\/audiogiidid\/25-muutuv-laanemeri\/#primaryimage"},"thumbnailUrl":"https:\/\/jaaaeg.ee\/wp-content\/uploads\/2023\/11\/estonia-150x150.png","datePublished":"2023-11-17T12:33:16+00:00","dateModified":"2023-11-17T12:38:19+00:00","breadcrumb":{"@id":"https:\/\/jaaaeg.ee\/en\/audiogiidid\/25-muutuv-laanemeri\/#breadcrumb"},"inLanguage":"en-US","potentialAction":[{"@type":"ReadAction","target":["https:\/\/jaaaeg.ee\/en\/audiogiidid\/25-muutuv-laanemeri\/"]}]},{"@type":"ImageObject","inLanguage":"en-US","@id":"https:\/\/jaaaeg.ee\/en\/audiogiidid\/25-muutuv-laanemeri\/#primaryimage","url":"https:\/\/jaaaeg.ee\/wp-content\/uploads\/2023\/11\/estonia-150x150.png","contentUrl":"https:\/\/jaaaeg.ee\/wp-content\/uploads\/2023\/11\/estonia-150x150.png"},{"@type":"BreadcrumbList","@id":"https:\/\/jaaaeg.ee\/en\/audiogiidid\/25-muutuv-laanemeri\/#breadcrumb","itemListElement":[{"@type":"ListItem","position":1,"name":"Home","item":"https:\/\/jaaaeg.ee\/en\/"},{"@type":"ListItem","position":2,"name":"Audio guide","item":"https:\/\/jaaaeg.ee\/en\/audiogiidid\/"},{"@type":"ListItem","position":3,"name":"25. MUUTUV L\u00c4\u00c4NEMERI"}]},{"@type":"WebSite","@id":"https:\/\/jaaaeg.ee\/ru\/#website","url":"https:\/\/jaaaeg.ee\/ru\/","name":"J\u00e4\u00e4aja Keskus","description":"avastamisr\u00f5\u00f5m igas vanuses k\u00fclastajatele","potentialAction":[{"@type":"SearchAction","target":{"@type":"EntryPoint","urlTemplate":"https:\/\/jaaaeg.ee\/ru\/?s={search_term_string}"},"query-input":{"@type":"PropertyValueSpecification","valueRequired":true,"valueName":"search_term_string"}}],"inLanguage":"en-US"}]}},"_links":{"self":[{"href":"https:\/\/jaaaeg.ee\/en\/wp-json\/wp\/v2\/pages\/24808","targetHints":{"allow":["GET"]}}],"collection":[{"href":"https:\/\/jaaaeg.ee\/en\/wp-json\/wp\/v2\/pages"}],"about":[{"href":"https:\/\/jaaaeg.ee\/en\/wp-json\/wp\/v2\/types\/page"}],"author":[{"embeddable":true,"href":"https:\/\/jaaaeg.ee\/en\/wp-json\/wp\/v2\/users\/1"}],"replies":[{"embeddable":true,"href":"https:\/\/jaaaeg.ee\/en\/wp-json\/wp\/v2\/comments?post=24808"}],"version-history":[{"count":1,"href":"https:\/\/jaaaeg.ee\/en\/wp-json\/wp\/v2\/pages\/24808\/revisions"}],"predecessor-version":[{"id":24817,"href":"https:\/\/jaaaeg.ee\/en\/wp-json\/wp\/v2\/pages\/24808\/revisions\/24817"}],"up":[{"embeddable":true,"href":"https:\/\/jaaaeg.ee\/en\/wp-json\/wp\/v2\/pages\/24132"}],"wp:attachment":[{"href":"https:\/\/jaaaeg.ee\/en\/wp-json\/wp\/v2\/media?parent=24808"}],"curies":[{"name":"wp","href":"https:\/\/api.w.org\/{rel}","templated":true}]}}