{"id":24671,"date":"2023-11-17T12:05:22","date_gmt":"2023-11-17T10:05:22","guid":{"rendered":"https:\/\/jaaaeg.ee\/audiogiidid\/14-jaaliustike-kasvamine\/"},"modified":"2024-04-30T10:43:03","modified_gmt":"2024-04-30T07:43:03","slug":"14-jaaliustike-kasvamine","status":"publish","type":"page","link":"https:\/\/jaaaeg.ee\/en\/audiogiidid\/14-jaaliustike-kasvamine\/","title":{"rendered":"14. J\u00c4\u00c4LIUSTIKE KASVAMINE"},"content":{"rendered":"<hr>\n<h3>J\u00c4\u00c4LIUSTIKE KASVAMINE<br \/>\n<img loading=\"lazy\" decoding=\"async\" width=\"150\" height=\"150\" class=\"alignright size-thumbnail wp-image-23992\" src=\"https:\/\/jaaaeg.ee\/wp-content\/uploads\/2023\/11\/estonia-150x150.png\" alt=\"\" data-wp-editing=\"1\" srcset=\"https:\/\/jaaaeg.ee\/wp-content\/uploads\/2023\/11\/estonia-150x150.png 150w, https:\/\/jaaaeg.ee\/wp-content\/uploads\/2023\/11\/estonia-300x300.png 300w, https:\/\/jaaaeg.ee\/wp-content\/uploads\/2023\/11\/estonia-120x120.png 120w, https:\/\/jaaaeg.ee\/wp-content\/uploads\/2023\/11\/estonia-320x320.png 320w, https:\/\/jaaaeg.ee\/wp-content\/uploads\/2023\/11\/estonia-480x480.png 480w, https:\/\/jaaaeg.ee\/wp-content\/uploads\/2023\/11\/estonia-100x100.png 100w, https:\/\/jaaaeg.ee\/wp-content\/uploads\/2023\/11\/estonia.png 512w\" sizes=\"auto, (max-width: 150px) 100vw, 150px\" \/><\/h3>\n<audio class=\"wp-audio-shortcode\" id=\"audio-24671-1\" preload=\"none\" style=\"width: 100%;\" controls=\"controls\"><source type=\"audio\/wav\" src=\"https:\/\/jaaaeg.ee\/wp-content\/uploads\/2023\/11\/14.-JAALIUSTIKE-KASVAMINE.wav?_=1\" \/><a href=\"https:\/\/jaaaeg.ee\/wp-content\/uploads\/2023\/11\/14.-JAALIUSTIKE-KASVAMINE.wav\">https:\/\/jaaaeg.ee\/wp-content\/uploads\/2023\/11\/14.-JAALIUSTIKE-KASVAMINE.wav<\/a><\/audio>\n<hr>\n<h3>Glacier growth<br \/>\n<img loading=\"lazy\" decoding=\"async\" width=\"150\" height=\"150\" class=\"alignright size-thumbnail wp-image-24007\" src=\"https:\/\/jaaaeg.ee\/wp-content\/uploads\/2023\/11\/united-kingdom-150x150.png\" alt=\"\" srcset=\"https:\/\/jaaaeg.ee\/wp-content\/uploads\/2023\/11\/united-kingdom-150x150.png 150w, https:\/\/jaaaeg.ee\/wp-content\/uploads\/2023\/11\/united-kingdom-300x300.png 300w, https:\/\/jaaaeg.ee\/wp-content\/uploads\/2023\/11\/united-kingdom-120x120.png 120w, https:\/\/jaaaeg.ee\/wp-content\/uploads\/2023\/11\/united-kingdom-320x320.png 320w, https:\/\/jaaaeg.ee\/wp-content\/uploads\/2023\/11\/united-kingdom-480x480.png 480w, https:\/\/jaaaeg.ee\/wp-content\/uploads\/2023\/11\/united-kingdom-100x100.png 100w, https:\/\/jaaaeg.ee\/wp-content\/uploads\/2023\/11\/united-kingdom.png 512w\" sizes=\"auto, (max-width: 150px) 100vw, 150px\" \/><\/h3>\n<audio class=\"wp-audio-shortcode\" id=\"audio-24671-2\" preload=\"none\" style=\"width: 100%;\" controls=\"controls\"><source type=\"audio\/wav\" src=\"https:\/\/jaaaeg.ee\/wp-content\/uploads\/2023\/11\/14_glaciergrowth.wav?_=2\" \/><a href=\"https:\/\/jaaaeg.ee\/wp-content\/uploads\/2023\/11\/14_glaciergrowth.wav\">https:\/\/jaaaeg.ee\/wp-content\/uploads\/2023\/11\/14_glaciergrowth.wav<\/a><\/audio>\n<hr>\n<h3>LED\u0100JU IZVEIDO\u0160AN\u0100S<br \/>\n<img loading=\"lazy\" decoding=\"async\" width=\"150\" height=\"150\" class=\"alignright size-thumbnail wp-image-24002\" src=\"https:\/\/jaaaeg.ee\/wp-content\/uploads\/2023\/11\/latvia-150x150.png\" alt=\"\" srcset=\"https:\/\/jaaaeg.ee\/wp-content\/uploads\/2023\/11\/latvia-150x150.png 150w, https:\/\/jaaaeg.ee\/wp-content\/uploads\/2023\/11\/latvia-300x300.png 300w, https:\/\/jaaaeg.ee\/wp-content\/uploads\/2023\/11\/latvia-120x120.png 120w, https:\/\/jaaaeg.ee\/wp-content\/uploads\/2023\/11\/latvia-320x320.png 320w, https:\/\/jaaaeg.ee\/wp-content\/uploads\/2023\/11\/latvia-480x480.png 480w, https:\/\/jaaaeg.ee\/wp-content\/uploads\/2023\/11\/latvia-100x100.png 100w, https:\/\/jaaaeg.ee\/wp-content\/uploads\/2023\/11\/latvia.png 512w\" sizes=\"auto, (max-width: 150px) 100vw, 150px\" \/><\/h3>\n<audio class=\"wp-audio-shortcode\" id=\"audio-24671-3\" preload=\"none\" style=\"width: 100%;\" controls=\"controls\"><source type=\"audio\/wav\" src=\"https:\/\/jaaaeg.ee\/wp-content\/uploads\/2023\/11\/14_LEDAJU-IZVEIDOSANAS.wav?_=3\" \/><a href=\"https:\/\/jaaaeg.ee\/wp-content\/uploads\/2023\/11\/14_LEDAJU-IZVEIDOSANAS.wav\">https:\/\/jaaaeg.ee\/wp-content\/uploads\/2023\/11\/14_LEDAJU-IZVEIDOSANAS.wav<\/a><\/audio>\n<hr>\n<h3>\u0420\u041e\u0421\u0422 \u041b\u0415\u0414\u041d\u0418\u041a\u041e\u0412<br \/>\n<img loading=\"lazy\" decoding=\"async\" width=\"150\" height=\"150\" class=\"alignright size-thumbnail wp-image-23997\" src=\"https:\/\/jaaaeg.ee\/wp-content\/uploads\/2023\/11\/russia-150x150.png\" alt=\"\" srcset=\"https:\/\/jaaaeg.ee\/wp-content\/uploads\/2023\/11\/russia-150x150.png 150w, https:\/\/jaaaeg.ee\/wp-content\/uploads\/2023\/11\/russia-300x300.png 300w, https:\/\/jaaaeg.ee\/wp-content\/uploads\/2023\/11\/russia-120x120.png 120w, https:\/\/jaaaeg.ee\/wp-content\/uploads\/2023\/11\/russia-320x320.png 320w, https:\/\/jaaaeg.ee\/wp-content\/uploads\/2023\/11\/russia-480x480.png 480w, https:\/\/jaaaeg.ee\/wp-content\/uploads\/2023\/11\/russia-100x100.png 100w, https:\/\/jaaaeg.ee\/wp-content\/uploads\/2023\/11\/russia.png 512w\" sizes=\"auto, (max-width: 150px) 100vw, 150px\" \/><\/h3>\n<audio class=\"wp-audio-shortcode\" id=\"audio-24671-4\" preload=\"none\" style=\"width: 100%;\" controls=\"controls\"><source type=\"audio\/wav\" src=\"https:\/\/jaaaeg.ee\/wp-content\/uploads\/2023\/11\/14.ROST-LEDNIKOV.wav?_=4\" \/><a href=\"https:\/\/jaaaeg.ee\/wp-content\/uploads\/2023\/11\/14.ROST-LEDNIKOV.wav\">https:\/\/jaaaeg.ee\/wp-content\/uploads\/2023\/11\/14.ROST-LEDNIKOV.wav<\/a><\/audio>\n<p>&nbsp;<\/p>\n<hr>\n<p>&nbsp;<\/p>\n","protected":false},"excerpt":{"rendered":"J\u00c4\u00c4LIUSTIKE KASVAMINE Glacier growth LED\u0100JU IZVEIDO\u0160AN\u0100S \u0420\u041e\u0421\u0422 \u041b\u0415\u0414\u041d\u0418\u041a\u041e\u0412 &nbsp; &nbsp;","protected":false},"author":1,"featured_media":0,"parent":24132,"menu_order":189,"comment_status":"closed","ping_status":"closed","template":"","meta":{"_acf_changed":false,"ngg_post_thumbnail":0,"footnotes":""},"class_list":["post-24671","page","type-page","status-publish","hentry"],"acf":[],"yoast_head":"<!-- This site is optimized with the Yoast SEO plugin v27.3 - https:\/\/yoast.com\/product\/yoast-seo-wordpress\/ -->\n<title>14. J\u00c4\u00c4LIUSTIKE KASVAMINE - J\u00e4\u00e4aja Keskus<\/title>\n<meta name=\"robots\" content=\"index, follow, max-snippet:-1, max-image-preview:large, max-video-preview:-1\" \/>\n<link rel=\"canonical\" href=\"https:\/\/jaaaeg.ee\/en\/audiogiidid\/14-jaaliustike-kasvamine\/\" \/>\n<meta property=\"og:locale\" content=\"en_US\" \/>\n<meta property=\"og:type\" content=\"article\" \/>\n<meta property=\"og:title\" content=\"14. J\u00c4\u00c4LIUSTIKE KASVAMINE - J\u00e4\u00e4aja Keskus\" \/>\n<meta property=\"og:description\" content=\"J\u00c4\u00c4LIUSTIKE KASVAMINE Glacier growth LED\u0100JU IZVEIDO\u0160AN\u0100S \u0420\u041e\u0421\u0422 \u041b\u0415\u0414\u041d\u0418\u041a\u041e\u0412 &nbsp; &nbsp;\" \/>\n<meta property=\"og:url\" content=\"https:\/\/jaaaeg.ee\/en\/audiogiidid\/14-jaaliustike-kasvamine\/\" \/>\n<meta property=\"og:site_name\" content=\"J\u00e4\u00e4aja Keskus\" \/>\n<meta property=\"article:publisher\" content=\"https:\/\/www.facebook.com\/JaaajaKeskus\/\" \/>\n<meta property=\"article:modified_time\" content=\"2024-04-30T07:43:03+00:00\" \/>\n<meta property=\"og:image\" content=\"https:\/\/jaaaeg.ee\/wp-content\/uploads\/2023\/11\/estonia-150x150.png\" \/>\n<meta name=\"twitter:card\" content=\"summary_large_image\" \/>\n<meta name=\"twitter:label1\" content=\"Est. reading time\" \/>\n\t<meta name=\"twitter:data1\" content=\"1 minute\" \/>\n<script type=\"application\/ld+json\" class=\"yoast-schema-graph\">{\"@context\":\"https:\\\/\\\/schema.org\",\"@graph\":[{\"@type\":\"WebPage\",\"@id\":\"https:\\\/\\\/jaaaeg.ee\\\/en\\\/audiogiidid\\\/14-jaaliustike-kasvamine\\\/\",\"url\":\"https:\\\/\\\/jaaaeg.ee\\\/en\\\/audiogiidid\\\/14-jaaliustike-kasvamine\\\/\",\"name\":\"14. J\u00c4\u00c4LIUSTIKE KASVAMINE - J\u00e4\u00e4aja Keskus\",\"isPartOf\":{\"@id\":\"https:\\\/\\\/jaaaeg.ee\\\/ru\\\/#website\"},\"primaryImageOfPage\":{\"@id\":\"https:\\\/\\\/jaaaeg.ee\\\/en\\\/audiogiidid\\\/14-jaaliustike-kasvamine\\\/#primaryimage\"},\"image\":{\"@id\":\"https:\\\/\\\/jaaaeg.ee\\\/en\\\/audiogiidid\\\/14-jaaliustike-kasvamine\\\/#primaryimage\"},\"thumbnailUrl\":\"https:\\\/\\\/jaaaeg.ee\\\/wp-content\\\/uploads\\\/2023\\\/11\\\/estonia-150x150.png\",\"datePublished\":\"2023-11-17T10:05:22+00:00\",\"dateModified\":\"2024-04-30T07:43:03+00:00\",\"breadcrumb\":{\"@id\":\"https:\\\/\\\/jaaaeg.ee\\\/en\\\/audiogiidid\\\/14-jaaliustike-kasvamine\\\/#breadcrumb\"},\"inLanguage\":\"en-US\",\"potentialAction\":[{\"@type\":\"ReadAction\",\"target\":[\"https:\\\/\\\/jaaaeg.ee\\\/en\\\/audiogiidid\\\/14-jaaliustike-kasvamine\\\/\"]}]},{\"@type\":\"ImageObject\",\"inLanguage\":\"en-US\",\"@id\":\"https:\\\/\\\/jaaaeg.ee\\\/en\\\/audiogiidid\\\/14-jaaliustike-kasvamine\\\/#primaryimage\",\"url\":\"https:\\\/\\\/jaaaeg.ee\\\/wp-content\\\/uploads\\\/2023\\\/11\\\/estonia-150x150.png\",\"contentUrl\":\"https:\\\/\\\/jaaaeg.ee\\\/wp-content\\\/uploads\\\/2023\\\/11\\\/estonia-150x150.png\"},{\"@type\":\"BreadcrumbList\",\"@id\":\"https:\\\/\\\/jaaaeg.ee\\\/en\\\/audiogiidid\\\/14-jaaliustike-kasvamine\\\/#breadcrumb\",\"itemListElement\":[{\"@type\":\"ListItem\",\"position\":1,\"name\":\"Home\",\"item\":\"https:\\\/\\\/jaaaeg.ee\\\/en\\\/\"},{\"@type\":\"ListItem\",\"position\":2,\"name\":\"Audio guide\",\"item\":\"https:\\\/\\\/jaaaeg.ee\\\/en\\\/audiogiidid\\\/\"},{\"@type\":\"ListItem\",\"position\":3,\"name\":\"14. J\u00c4\u00c4LIUSTIKE KASVAMINE\"}]},{\"@type\":\"WebSite\",\"@id\":\"https:\\\/\\\/jaaaeg.ee\\\/ru\\\/#website\",\"url\":\"https:\\\/\\\/jaaaeg.ee\\\/ru\\\/\",\"name\":\"J\u00e4\u00e4aja Keskus\",\"description\":\"avastamisr\u00f5\u00f5m igas vanuses k\u00fclastajatele\",\"potentialAction\":[{\"@type\":\"SearchAction\",\"target\":{\"@type\":\"EntryPoint\",\"urlTemplate\":\"https:\\\/\\\/jaaaeg.ee\\\/ru\\\/?s={search_term_string}\"},\"query-input\":{\"@type\":\"PropertyValueSpecification\",\"valueRequired\":true,\"valueName\":\"search_term_string\"}}],\"inLanguage\":\"en-US\"}]}<\/script>\n<!-- \/ Yoast SEO plugin. -->","yoast_head_json":{"title":"14. J\u00c4\u00c4LIUSTIKE KASVAMINE - J\u00e4\u00e4aja Keskus","robots":{"index":"index","follow":"follow","max-snippet":"max-snippet:-1","max-image-preview":"max-image-preview:large","max-video-preview":"max-video-preview:-1"},"canonical":"https:\/\/jaaaeg.ee\/en\/audiogiidid\/14-jaaliustike-kasvamine\/","og_locale":"en_US","og_type":"article","og_title":"14. J\u00c4\u00c4LIUSTIKE KASVAMINE - J\u00e4\u00e4aja Keskus","og_description":"J\u00c4\u00c4LIUSTIKE KASVAMINE Glacier growth LED\u0100JU IZVEIDO\u0160AN\u0100S \u0420\u041e\u0421\u0422 \u041b\u0415\u0414\u041d\u0418\u041a\u041e\u0412 &nbsp; &nbsp;","og_url":"https:\/\/jaaaeg.ee\/en\/audiogiidid\/14-jaaliustike-kasvamine\/","og_site_name":"J\u00e4\u00e4aja Keskus","article_publisher":"https:\/\/www.facebook.com\/JaaajaKeskus\/","article_modified_time":"2024-04-30T07:43:03+00:00","og_image":[{"url":"https:\/\/jaaaeg.ee\/wp-content\/uploads\/2023\/11\/estonia-150x150.png","type":"","width":"","height":""}],"twitter_card":"summary_large_image","twitter_misc":{"Est. reading time":"1 minute"},"schema":{"@context":"https:\/\/schema.org","@graph":[{"@type":"WebPage","@id":"https:\/\/jaaaeg.ee\/en\/audiogiidid\/14-jaaliustike-kasvamine\/","url":"https:\/\/jaaaeg.ee\/en\/audiogiidid\/14-jaaliustike-kasvamine\/","name":"14. J\u00c4\u00c4LIUSTIKE KASVAMINE - J\u00e4\u00e4aja Keskus","isPartOf":{"@id":"https:\/\/jaaaeg.ee\/ru\/#website"},"primaryImageOfPage":{"@id":"https:\/\/jaaaeg.ee\/en\/audiogiidid\/14-jaaliustike-kasvamine\/#primaryimage"},"image":{"@id":"https:\/\/jaaaeg.ee\/en\/audiogiidid\/14-jaaliustike-kasvamine\/#primaryimage"},"thumbnailUrl":"https:\/\/jaaaeg.ee\/wp-content\/uploads\/2023\/11\/estonia-150x150.png","datePublished":"2023-11-17T10:05:22+00:00","dateModified":"2024-04-30T07:43:03+00:00","breadcrumb":{"@id":"https:\/\/jaaaeg.ee\/en\/audiogiidid\/14-jaaliustike-kasvamine\/#breadcrumb"},"inLanguage":"en-US","potentialAction":[{"@type":"ReadAction","target":["https:\/\/jaaaeg.ee\/en\/audiogiidid\/14-jaaliustike-kasvamine\/"]}]},{"@type":"ImageObject","inLanguage":"en-US","@id":"https:\/\/jaaaeg.ee\/en\/audiogiidid\/14-jaaliustike-kasvamine\/#primaryimage","url":"https:\/\/jaaaeg.ee\/wp-content\/uploads\/2023\/11\/estonia-150x150.png","contentUrl":"https:\/\/jaaaeg.ee\/wp-content\/uploads\/2023\/11\/estonia-150x150.png"},{"@type":"BreadcrumbList","@id":"https:\/\/jaaaeg.ee\/en\/audiogiidid\/14-jaaliustike-kasvamine\/#breadcrumb","itemListElement":[{"@type":"ListItem","position":1,"name":"Home","item":"https:\/\/jaaaeg.ee\/en\/"},{"@type":"ListItem","position":2,"name":"Audio guide","item":"https:\/\/jaaaeg.ee\/en\/audiogiidid\/"},{"@type":"ListItem","position":3,"name":"14. J\u00c4\u00c4LIUSTIKE KASVAMINE"}]},{"@type":"WebSite","@id":"https:\/\/jaaaeg.ee\/ru\/#website","url":"https:\/\/jaaaeg.ee\/ru\/","name":"J\u00e4\u00e4aja Keskus","description":"avastamisr\u00f5\u00f5m igas vanuses k\u00fclastajatele","potentialAction":[{"@type":"SearchAction","target":{"@type":"EntryPoint","urlTemplate":"https:\/\/jaaaeg.ee\/ru\/?s={search_term_string}"},"query-input":{"@type":"PropertyValueSpecification","valueRequired":true,"valueName":"search_term_string"}}],"inLanguage":"en-US"}]}},"_links":{"self":[{"href":"https:\/\/jaaaeg.ee\/en\/wp-json\/wp\/v2\/pages\/24671","targetHints":{"allow":["GET"]}}],"collection":[{"href":"https:\/\/jaaaeg.ee\/en\/wp-json\/wp\/v2\/pages"}],"about":[{"href":"https:\/\/jaaaeg.ee\/en\/wp-json\/wp\/v2\/types\/page"}],"author":[{"embeddable":true,"href":"https:\/\/jaaaeg.ee\/en\/wp-json\/wp\/v2\/users\/1"}],"replies":[{"embeddable":true,"href":"https:\/\/jaaaeg.ee\/en\/wp-json\/wp\/v2\/comments?post=24671"}],"version-history":[{"count":1,"href":"https:\/\/jaaaeg.ee\/en\/wp-json\/wp\/v2\/pages\/24671\/revisions"}],"predecessor-version":[{"id":27181,"href":"https:\/\/jaaaeg.ee\/en\/wp-json\/wp\/v2\/pages\/24671\/revisions\/27181"}],"up":[{"embeddable":true,"href":"https:\/\/jaaaeg.ee\/en\/wp-json\/wp\/v2\/pages\/24132"}],"wp:attachment":[{"href":"https:\/\/jaaaeg.ee\/en\/wp-json\/wp\/v2\/media?parent=24671"}],"curies":[{"name":"wp","href":"https:\/\/api.w.org\/{rel}","templated":true}]}}