{"id":23708,"date":"2023-10-12T10:08:53","date_gmt":"2023-10-12T07:08:53","guid":{"rendered":"https:\/\/jaaaeg.ee\/?page_id=23708"},"modified":"2023-10-12T10:08:53","modified_gmt":"2023-10-12T07:08:53","slug":"audio-guide-peeter-laurits","status":"publish","type":"page","link":"https:\/\/jaaaeg.ee\/en\/audio-guide-peeter-laurits\/","title":{"rendered":"Audio guide Peeter Laurits"},"content":{"rendered":"<p>01_PL_the lost chandelier.mp3<\/p>\n<audio class=\"wp-audio-shortcode\" id=\"audio-23708-1\" preload=\"none\" style=\"width: 100%;\" controls=\"controls\"><source type=\"audio\/mpeg\" src=\"https:\/\/jaaaeg.ee\/wp-content\/uploads\/2023\/10\/01_PL_the-lost-chandelier.mp3?_=1\" \/><a href=\"https:\/\/jaaaeg.ee\/wp-content\/uploads\/2023\/10\/01_PL_the-lost-chandelier.mp3\">https:\/\/jaaaeg.ee\/wp-content\/uploads\/2023\/10\/01_PL_the-lost-chandelier.mp3<\/a><\/audio>\n<p>&nbsp;<\/p>\n<p>02_PL_tears belong to no one.mp3<\/p>\n<audio class=\"wp-audio-shortcode\" id=\"audio-23708-2\" preload=\"none\" style=\"width: 100%;\" controls=\"controls\"><source type=\"audio\/mpeg\" src=\"https:\/\/jaaaeg.ee\/wp-content\/uploads\/2023\/10\/02_PL_tears-belong-to-no-one.mp3?_=2\" \/><a href=\"https:\/\/jaaaeg.ee\/wp-content\/uploads\/2023\/10\/02_PL_tears-belong-to-no-one.mp3\">https:\/\/jaaaeg.ee\/wp-content\/uploads\/2023\/10\/02_PL_tears-belong-to-no-one.mp3<\/a><\/audio>\n<p>&nbsp;<\/p>\n<p>03_PL_synaptic sugar.mp3<\/p>\n<audio class=\"wp-audio-shortcode\" id=\"audio-23708-3\" preload=\"none\" style=\"width: 100%;\" controls=\"controls\"><source type=\"audio\/mpeg\" src=\"https:\/\/jaaaeg.ee\/wp-content\/uploads\/2023\/10\/03_PL_synaptic-sugar.mp3?_=3\" \/><a href=\"https:\/\/jaaaeg.ee\/wp-content\/uploads\/2023\/10\/03_PL_synaptic-sugar.mp3\">https:\/\/jaaaeg.ee\/wp-content\/uploads\/2023\/10\/03_PL_synaptic-sugar.mp3<\/a><\/audio>\n<p>&nbsp;<\/p>\n<p>04_PL_kingfisher storms through a phantom platform.mp3<\/p>\n<audio class=\"wp-audio-shortcode\" id=\"audio-23708-4\" preload=\"none\" style=\"width: 100%;\" controls=\"controls\"><source type=\"audio\/mpeg\" src=\"https:\/\/jaaaeg.ee\/wp-content\/uploads\/2023\/10\/04_PL_kingfisher-storms-through-a-phantom-platform.mp3?_=4\" \/><a href=\"https:\/\/jaaaeg.ee\/wp-content\/uploads\/2023\/10\/04_PL_kingfisher-storms-through-a-phantom-platform.mp3\">https:\/\/jaaaeg.ee\/wp-content\/uploads\/2023\/10\/04_PL_kingfisher-storms-through-a-phantom-platform.mp3<\/a><\/audio>\n<p>&nbsp;<\/p>\n<p>05_PL_gravity.mp3<\/p>\n<audio class=\"wp-audio-shortcode\" id=\"audio-23708-5\" preload=\"none\" style=\"width: 100%;\" controls=\"controls\"><source type=\"audio\/mpeg\" src=\"https:\/\/jaaaeg.ee\/wp-content\/uploads\/2023\/10\/05_PL_gravity.mp3?_=5\" \/><a href=\"https:\/\/jaaaeg.ee\/wp-content\/uploads\/2023\/10\/05_PL_gravity.mp3\">https:\/\/jaaaeg.ee\/wp-content\/uploads\/2023\/10\/05_PL_gravity.mp3<\/a><\/audio>\n<p>&nbsp;<\/p>\n<p>06_PL_city lights.mp3<\/p>\n<audio class=\"wp-audio-shortcode\" id=\"audio-23708-6\" preload=\"none\" style=\"width: 100%;\" controls=\"controls\"><source type=\"audio\/mpeg\" src=\"https:\/\/jaaaeg.ee\/wp-content\/uploads\/2023\/10\/06_PL_city-lights.mp3?_=6\" \/><a href=\"https:\/\/jaaaeg.ee\/wp-content\/uploads\/2023\/10\/06_PL_city-lights.mp3\">https:\/\/jaaaeg.ee\/wp-content\/uploads\/2023\/10\/06_PL_city-lights.mp3<\/a><\/audio>\n<p>&nbsp;<\/p>\n<p>07_PL_drizzle server.mp3<\/p>\n<audio class=\"wp-audio-shortcode\" id=\"audio-23708-7\" preload=\"none\" style=\"width: 100%;\" controls=\"controls\"><source type=\"audio\/mpeg\" src=\"https:\/\/jaaaeg.ee\/wp-content\/uploads\/2023\/10\/07_PL_drizzle-server.mp3?_=7\" \/><a href=\"https:\/\/jaaaeg.ee\/wp-content\/uploads\/2023\/10\/07_PL_drizzle-server.mp3\">https:\/\/jaaaeg.ee\/wp-content\/uploads\/2023\/10\/07_PL_drizzle-server.mp3<\/a><\/audio>\n<p>&nbsp;<\/p>\n<p>08_PL_plant pride.mp3<\/p>\n<audio class=\"wp-audio-shortcode\" id=\"audio-23708-8\" preload=\"none\" style=\"width: 100%;\" controls=\"controls\"><source type=\"audio\/mpeg\" src=\"https:\/\/jaaaeg.ee\/wp-content\/uploads\/2023\/10\/08_PL_plant-pride-1.mp3?_=8\" \/><a href=\"https:\/\/jaaaeg.ee\/wp-content\/uploads\/2023\/10\/08_PL_plant-pride-1.mp3\">https:\/\/jaaaeg.ee\/wp-content\/uploads\/2023\/10\/08_PL_plant-pride-1.mp3<\/a><\/audio>\n<p>&nbsp;<\/p>\n<p>09_PL_rainforest server.mp3<\/p>\n<audio class=\"wp-audio-shortcode\" id=\"audio-23708-9\" preload=\"none\" style=\"width: 100%;\" controls=\"controls\"><source type=\"audio\/mpeg\" src=\"https:\/\/jaaaeg.ee\/wp-content\/uploads\/2023\/10\/09_PL_rainforest-server.mp3?_=9\" \/><a href=\"https:\/\/jaaaeg.ee\/wp-content\/uploads\/2023\/10\/09_PL_rainforest-server.mp3\">https:\/\/jaaaeg.ee\/wp-content\/uploads\/2023\/10\/09_PL_rainforest-server.mp3<\/a><\/audio>\n<p>&nbsp;<\/p>\n<p>10_PL_atlas of heavens.mp3<\/p>\n<audio class=\"wp-audio-shortcode\" id=\"audio-23708-10\" preload=\"none\" style=\"width: 100%;\" controls=\"controls\"><source type=\"audio\/mpeg\" src=\"https:\/\/jaaaeg.ee\/wp-content\/uploads\/2023\/10\/10_PL_atlas-of-heavens.mp3?_=10\" \/><a href=\"https:\/\/jaaaeg.ee\/wp-content\/uploads\/2023\/10\/10_PL_atlas-of-heavens.mp3\">https:\/\/jaaaeg.ee\/wp-content\/uploads\/2023\/10\/10_PL_atlas-of-heavens.mp3<\/a><\/audio>\n<p>&nbsp;<\/p>\n<p>11_PL_solomon&#8217;s seal.mp3<\/p>\n<audio class=\"wp-audio-shortcode\" id=\"audio-23708-11\" preload=\"none\" style=\"width: 100%;\" controls=\"controls\"><source type=\"audio\/mpeg\" src=\"https:\/\/jaaaeg.ee\/wp-content\/uploads\/2023\/10\/11_PL_solomons-seal.mp3?_=11\" \/><a href=\"https:\/\/jaaaeg.ee\/wp-content\/uploads\/2023\/10\/11_PL_solomons-seal.mp3\">https:\/\/jaaaeg.ee\/wp-content\/uploads\/2023\/10\/11_PL_solomons-seal.mp3<\/a><\/audio>\n<p>&nbsp;<\/p>\n<p>12_PL_passing the fear.mp3<\/p>\n<audio class=\"wp-audio-shortcode\" id=\"audio-23708-12\" preload=\"none\" style=\"width: 100%;\" controls=\"controls\"><source type=\"audio\/mpeg\" src=\"https:\/\/jaaaeg.ee\/wp-content\/uploads\/2023\/10\/12_PL_passing-the-fear.mp3?_=12\" \/><a href=\"https:\/\/jaaaeg.ee\/wp-content\/uploads\/2023\/10\/12_PL_passing-the-fear.mp3\">https:\/\/jaaaeg.ee\/wp-content\/uploads\/2023\/10\/12_PL_passing-the-fear.mp3<\/a><\/audio>\n<p>&nbsp;<\/p>\n<p>13_PL_drowned lakes.mp3<\/p>\n<audio class=\"wp-audio-shortcode\" id=\"audio-23708-13\" preload=\"none\" style=\"width: 100%;\" controls=\"controls\"><source type=\"audio\/mpeg\" src=\"https:\/\/jaaaeg.ee\/wp-content\/uploads\/2023\/10\/13_PL_drowned-lakes.mp3?_=13\" \/><a href=\"https:\/\/jaaaeg.ee\/wp-content\/uploads\/2023\/10\/13_PL_drowned-lakes.mp3\">https:\/\/jaaaeg.ee\/wp-content\/uploads\/2023\/10\/13_PL_drowned-lakes.mp3<\/a><\/audio>\n","protected":false},"excerpt":{"rendered":"01_PL_the lost chandelier.mp3 &nbsp; 02_PL_tears belong to no one.mp3 &nbsp; 03_PL_synaptic sugar.mp3 &nbsp; 04_PL_kingfisher storms through a phantom platform.mp3 &nbsp; 05_PL_gravity.mp3 &nbsp; 06_PL_city lights.mp3 &nbsp; 07_PL_drizzle server.mp3 &nbsp; 08_PL_plant pride.mp3 &nbsp; 09_PL_rainforest server.mp3 &nbsp; 10_PL_atlas of heavens.mp3 &nbsp; 11_PL_solomon&#8217;s seal.mp3 &nbsp; 12_PL_passing the fear.mp3 &nbsp; 13_PL_drowned lakes.mp3","protected":false},"author":1,"featured_media":0,"parent":0,"menu_order":268,"comment_status":"closed","ping_status":"closed","template":"","meta":{"_acf_changed":false,"ngg_post_thumbnail":0,"footnotes":""},"class_list":["post-23708","page","type-page","status-publish","hentry"],"acf":[],"yoast_head":"<!-- This site is optimized with the Yoast SEO plugin v27.3 - https:\/\/yoast.com\/product\/yoast-seo-wordpress\/ -->\n<title>Audio guide Peeter Laurits - J\u00e4\u00e4aja Keskus<\/title>\n<meta name=\"robots\" content=\"index, follow, max-snippet:-1, max-image-preview:large, max-video-preview:-1\" \/>\n<link rel=\"canonical\" href=\"https:\/\/jaaaeg.ee\/en\/audio-guide-peeter-laurits\/\" \/>\n<meta property=\"og:locale\" content=\"en_US\" \/>\n<meta property=\"og:type\" content=\"article\" \/>\n<meta property=\"og:title\" content=\"Audio guide Peeter Laurits - J\u00e4\u00e4aja Keskus\" \/>\n<meta property=\"og:description\" content=\"01_PL_the lost chandelier.mp3 &nbsp; 02_PL_tears belong to no one.mp3 &nbsp; 03_PL_synaptic sugar.mp3 &nbsp; 04_PL_kingfisher storms through a phantom platform.mp3 &nbsp; 05_PL_gravity.mp3 &nbsp; 06_PL_city lights.mp3 &nbsp; 07_PL_drizzle server.mp3 &nbsp; 08_PL_plant pride.mp3 &nbsp; 09_PL_rainforest server.mp3 &nbsp; 10_PL_atlas of heavens.mp3 &nbsp; 11_PL_solomon&#8217;s seal.mp3 &nbsp; 12_PL_passing the fear.mp3 &nbsp; 13_PL_drowned lakes.mp3\" \/>\n<meta property=\"og:url\" content=\"https:\/\/jaaaeg.ee\/en\/audio-guide-peeter-laurits\/\" \/>\n<meta property=\"og:site_name\" content=\"J\u00e4\u00e4aja Keskus\" \/>\n<meta property=\"article:publisher\" content=\"https:\/\/www.facebook.com\/JaaajaKeskus\/\" \/>\n<meta name=\"twitter:card\" content=\"summary_large_image\" \/>\n<meta name=\"twitter:label1\" content=\"Est. reading time\" \/>\n\t<meta name=\"twitter:data1\" content=\"1 minute\" \/>\n<script type=\"application\/ld+json\" class=\"yoast-schema-graph\">{\"@context\":\"https:\\\/\\\/schema.org\",\"@graph\":[{\"@type\":\"WebPage\",\"@id\":\"https:\\\/\\\/jaaaeg.ee\\\/en\\\/audio-guide-peeter-laurits\\\/\",\"url\":\"https:\\\/\\\/jaaaeg.ee\\\/en\\\/audio-guide-peeter-laurits\\\/\",\"name\":\"Audio guide Peeter Laurits - J\u00e4\u00e4aja Keskus\",\"isPartOf\":{\"@id\":\"https:\\\/\\\/jaaaeg.ee\\\/ru\\\/#website\"},\"datePublished\":\"2023-10-12T07:08:53+00:00\",\"breadcrumb\":{\"@id\":\"https:\\\/\\\/jaaaeg.ee\\\/en\\\/audio-guide-peeter-laurits\\\/#breadcrumb\"},\"inLanguage\":\"en-US\",\"potentialAction\":[{\"@type\":\"ReadAction\",\"target\":[\"https:\\\/\\\/jaaaeg.ee\\\/en\\\/audio-guide-peeter-laurits\\\/\"]}]},{\"@type\":\"BreadcrumbList\",\"@id\":\"https:\\\/\\\/jaaaeg.ee\\\/en\\\/audio-guide-peeter-laurits\\\/#breadcrumb\",\"itemListElement\":[{\"@type\":\"ListItem\",\"position\":1,\"name\":\"Home\",\"item\":\"https:\\\/\\\/jaaaeg.ee\\\/en\\\/\"},{\"@type\":\"ListItem\",\"position\":2,\"name\":\"Audio guide Peeter Laurits\"}]},{\"@type\":\"WebSite\",\"@id\":\"https:\\\/\\\/jaaaeg.ee\\\/ru\\\/#website\",\"url\":\"https:\\\/\\\/jaaaeg.ee\\\/ru\\\/\",\"name\":\"J\u00e4\u00e4aja Keskus\",\"description\":\"avastamisr\u00f5\u00f5m igas vanuses k\u00fclastajatele\",\"potentialAction\":[{\"@type\":\"SearchAction\",\"target\":{\"@type\":\"EntryPoint\",\"urlTemplate\":\"https:\\\/\\\/jaaaeg.ee\\\/ru\\\/?s={search_term_string}\"},\"query-input\":{\"@type\":\"PropertyValueSpecification\",\"valueRequired\":true,\"valueName\":\"search_term_string\"}}],\"inLanguage\":\"en-US\"}]}<\/script>\n<!-- \/ Yoast SEO plugin. -->","yoast_head_json":{"title":"Audio guide Peeter Laurits - J\u00e4\u00e4aja Keskus","robots":{"index":"index","follow":"follow","max-snippet":"max-snippet:-1","max-image-preview":"max-image-preview:large","max-video-preview":"max-video-preview:-1"},"canonical":"https:\/\/jaaaeg.ee\/en\/audio-guide-peeter-laurits\/","og_locale":"en_US","og_type":"article","og_title":"Audio guide Peeter Laurits - J\u00e4\u00e4aja Keskus","og_description":"01_PL_the lost chandelier.mp3 &nbsp; 02_PL_tears belong to no one.mp3 &nbsp; 03_PL_synaptic sugar.mp3 &nbsp; 04_PL_kingfisher storms through a phantom platform.mp3 &nbsp; 05_PL_gravity.mp3 &nbsp; 06_PL_city lights.mp3 &nbsp; 07_PL_drizzle server.mp3 &nbsp; 08_PL_plant pride.mp3 &nbsp; 09_PL_rainforest server.mp3 &nbsp; 10_PL_atlas of heavens.mp3 &nbsp; 11_PL_solomon&#8217;s seal.mp3 &nbsp; 12_PL_passing the fear.mp3 &nbsp; 13_PL_drowned lakes.mp3","og_url":"https:\/\/jaaaeg.ee\/en\/audio-guide-peeter-laurits\/","og_site_name":"J\u00e4\u00e4aja Keskus","article_publisher":"https:\/\/www.facebook.com\/JaaajaKeskus\/","twitter_card":"summary_large_image","twitter_misc":{"Est. reading time":"1 minute"},"schema":{"@context":"https:\/\/schema.org","@graph":[{"@type":"WebPage","@id":"https:\/\/jaaaeg.ee\/en\/audio-guide-peeter-laurits\/","url":"https:\/\/jaaaeg.ee\/en\/audio-guide-peeter-laurits\/","name":"Audio guide Peeter Laurits - J\u00e4\u00e4aja Keskus","isPartOf":{"@id":"https:\/\/jaaaeg.ee\/ru\/#website"},"datePublished":"2023-10-12T07:08:53+00:00","breadcrumb":{"@id":"https:\/\/jaaaeg.ee\/en\/audio-guide-peeter-laurits\/#breadcrumb"},"inLanguage":"en-US","potentialAction":[{"@type":"ReadAction","target":["https:\/\/jaaaeg.ee\/en\/audio-guide-peeter-laurits\/"]}]},{"@type":"BreadcrumbList","@id":"https:\/\/jaaaeg.ee\/en\/audio-guide-peeter-laurits\/#breadcrumb","itemListElement":[{"@type":"ListItem","position":1,"name":"Home","item":"https:\/\/jaaaeg.ee\/en\/"},{"@type":"ListItem","position":2,"name":"Audio guide Peeter Laurits"}]},{"@type":"WebSite","@id":"https:\/\/jaaaeg.ee\/ru\/#website","url":"https:\/\/jaaaeg.ee\/ru\/","name":"J\u00e4\u00e4aja Keskus","description":"avastamisr\u00f5\u00f5m igas vanuses k\u00fclastajatele","potentialAction":[{"@type":"SearchAction","target":{"@type":"EntryPoint","urlTemplate":"https:\/\/jaaaeg.ee\/ru\/?s={search_term_string}"},"query-input":{"@type":"PropertyValueSpecification","valueRequired":true,"valueName":"search_term_string"}}],"inLanguage":"en-US"}]}},"_links":{"self":[{"href":"https:\/\/jaaaeg.ee\/en\/wp-json\/wp\/v2\/pages\/23708","targetHints":{"allow":["GET"]}}],"collection":[{"href":"https:\/\/jaaaeg.ee\/en\/wp-json\/wp\/v2\/pages"}],"about":[{"href":"https:\/\/jaaaeg.ee\/en\/wp-json\/wp\/v2\/types\/page"}],"author":[{"embeddable":true,"href":"https:\/\/jaaaeg.ee\/en\/wp-json\/wp\/v2\/users\/1"}],"replies":[{"embeddable":true,"href":"https:\/\/jaaaeg.ee\/en\/wp-json\/wp\/v2\/comments?post=23708"}],"version-history":[{"count":1,"href":"https:\/\/jaaaeg.ee\/en\/wp-json\/wp\/v2\/pages\/23708\/revisions"}],"predecessor-version":[{"id":23774,"href":"https:\/\/jaaaeg.ee\/en\/wp-json\/wp\/v2\/pages\/23708\/revisions\/23774"}],"wp:attachment":[{"href":"https:\/\/jaaaeg.ee\/en\/wp-json\/wp\/v2\/media?parent=23708"}],"curies":[{"name":"wp","href":"https:\/\/api.w.org\/{rel}","templated":true}]}}