{"id":22572,"date":"2023-06-06T13:34:47","date_gmt":"2023-06-06T10:34:47","guid":{"rendered":"https:\/\/jaaaeg.ee\/?page_id=22572"},"modified":"2023-06-09T17:14:02","modified_gmt":"2023-06-09T14:14:02","slug":"22572-2","status":"publish","type":"page","link":"https:\/\/jaaaeg.ee\/en\/jaaaja-keskusest\/22572-2\/","title":{"rendered":""},"content":{"rendered":"<div class=\"vce-row-container\" data-vce-boxed-width=\"true\"><div class=\"vce-row vce-row--col-gap-30 vce-row-equal-height vce-row-content--top\" id=\"el-3f8d2ccd\" data-vce-do-apply=\"all el-3f8d2ccd\"><div class=\"vce-row-content\" data-vce-element-content=\"true\"><div class=\"vce-col vce-col--md-auto vce-col--xs-1 vce-col--xs-last vce-col--xs-first vce-col--sm-last vce-col--sm-first vce-col--md-last vce-col--lg-last vce-col--xl-last vce-col--md-first vce-col--lg-first vce-col--xl-first\" id=\"el-4330ebe8\"><div class=\"vce-col-inner\" data-vce-do-apply=\"border margin background  el-4330ebe8\"><div class=\"vce-col-content\" data-vce-element-content=\"true\" data-vce-do-apply=\"padding el-4330ebe8\"><div class=\"vce-text-block\"><div class=\"vce-text-block-wrapper vce\" id=\"el-e08fc1d7\" data-vce-do-apply=\"all el-e08fc1d7\"><p><strong>Dear visitor!<\/strong><\/p><p>We\u2019re glad to have you at our Centre. We value our Centre and expect our visitors to do the same.<\/p><p>To ensure the wellbeing and safety of yourself and other visitors and to keep the Centre running smoothly, please comply with our house rules.<\/p><p>&nbsp;<\/p><p><strong>Photography and filming<\/strong> are permitted at our Centre.<br>The <strong>cloakroom in the lobby is unsupervised<\/strong> and the Centre is not liable for any items left there. We have lockers where you can store your valuables.<br><br><\/p><p><strong>The following are prohibited in the Centre:<\/strong><\/p><ul><li>Entry under the influence of alcohol, drugs or other intoxicants<\/li><li>Damaging or relocating the exhibits<\/li><li>Smoking<\/li><li>Drinking alcoholic beverages, excluding beverages purchased at the cafe<\/li><li>Consuming food you have brought with you<\/li><li>Disturbing other visitors in the exhibition halls<\/li><li>Using open fire and pyrotechnic devices<\/li><li>Switching the lights, heating or ventilation systems, etc. on or off<\/li><\/ul><p>&nbsp;<\/p><p><strong>For group visits<\/strong><\/p><ul><li>The group chaperone is responsible for maintaining order, ensuring that their group does not disturb other visitors or otherwise violate the house rules.<\/li><li>Groups visiting the Centre independently (without a guide) are kindly asked to leave their contact details with the administrator so we can contact you if any problems arise.<\/li><\/ul><p>In case of emergency, please follow the administrator\u2019s instructions.<\/p><p>Please report any incidents of theft or violence to the Centre administrator immediately.<\/p><p>&nbsp;<\/p><p><strong>If a visitor violates the house rules, our staff has the right to:<\/strong><\/p><ul><li>issue a verbal warning at the first violation;<\/li><li>arrange your immediate removal from the Centre upon the second violation of the house rules;<\/li><li>call the police in the case of intentional damage to the Centre\u2019s property.<\/li><li>In the event of property damage, the party who caused the damage will compensate the restoration costs according to the invoice issued by the Ice Age Centre.<\/li><li>If a group violates the house rules, the Ice Age Centre has the right to refuse future services to the group or school.<\/li><\/ul><p>&nbsp;<\/p><p><strong>We hope you enjoy your time here!<\/strong><\/p><\/div><\/div><\/div><\/div><\/div><\/div><\/div><\/div>\n","protected":false},"excerpt":{"rendered":"Dear visitor!We\u2019re glad to have you at our Centre. We value our Centre and expect our visitors to do the same.To ensure the wellbeing and safety of yourself and other visitors and to keep the Centre running smoothly, please comply with our house rules.&nbsp;Photography and filming are permitted at our Centre.The cloakroom in the lobby&#8230; <a class=\"view-article\" href=\"https:\/\/jaaaeg.ee\/en\/jaaaja-keskusest\/22572-2\/\">Read more<\/a>","protected":false},"author":9,"featured_media":0,"parent":1441,"menu_order":278,"comment_status":"closed","ping_status":"closed","template":"template-sidebar.php","meta":{"_acf_changed":false,"ngg_post_thumbnail":0,"footnotes":""},"class_list":["post-22572","page","type-page","status-publish","hentry"],"acf":[],"yoast_head":"<!-- This site is optimized with the Yoast SEO plugin v27.3 - https:\/\/yoast.com\/product\/yoast-seo-wordpress\/ -->\n<title>House Rules - J\u00e4\u00e4aja Keskus<\/title>\n<meta name=\"description\" content=\"How to behave in Ice Age Centre? : ) Here is some information if you come to visit us. Please read carefully.\" \/>\n<meta name=\"robots\" content=\"index, follow, max-snippet:-1, max-image-preview:large, max-video-preview:-1\" \/>\n<link rel=\"canonical\" href=\"https:\/\/jaaaeg.ee\/en\/jaaaja-keskusest\/22572-2\/\" \/>\n<meta property=\"og:locale\" content=\"en_US\" \/>\n<meta property=\"og:type\" content=\"article\" \/>\n<meta property=\"og:title\" content=\"House Rules - J\u00e4\u00e4aja Keskus\" \/>\n<meta property=\"og:description\" content=\"How to behave in Ice Age Centre? : ) Here is some information if you come to visit us. Please read carefully.\" \/>\n<meta property=\"og:url\" content=\"https:\/\/jaaaeg.ee\/en\/jaaaja-keskusest\/22572-2\/\" \/>\n<meta property=\"og:site_name\" content=\"J\u00e4\u00e4aja Keskus\" \/>\n<meta property=\"article:publisher\" content=\"https:\/\/www.facebook.com\/JaaajaKeskus\/\" \/>\n<meta property=\"article:modified_time\" content=\"2023-06-09T14:14:02+00:00\" \/>\n<meta name=\"twitter:card\" content=\"summary_large_image\" \/>\n<meta name=\"twitter:label1\" content=\"Est. reading time\" \/>\n\t<meta name=\"twitter:data1\" content=\"2 minutes\" \/>\n<script type=\"application\/ld+json\" class=\"yoast-schema-graph\">{\"@context\":\"https:\\\/\\\/schema.org\",\"@graph\":[{\"@type\":\"WebPage\",\"@id\":\"https:\\\/\\\/jaaaeg.ee\\\/en\\\/jaaaja-keskusest\\\/22572-2\\\/\",\"url\":\"https:\\\/\\\/jaaaeg.ee\\\/en\\\/jaaaja-keskusest\\\/22572-2\\\/\",\"name\":\"House Rules - J\u00e4\u00e4aja Keskus\",\"isPartOf\":{\"@id\":\"https:\\\/\\\/jaaaeg.ee\\\/ru\\\/#website\"},\"datePublished\":\"2023-06-06T10:34:47+00:00\",\"dateModified\":\"2023-06-09T14:14:02+00:00\",\"description\":\"How to behave in Ice Age Centre? : ) Here is some information if you come to visit us. Please read carefully.\",\"breadcrumb\":{\"@id\":\"https:\\\/\\\/jaaaeg.ee\\\/en\\\/jaaaja-keskusest\\\/22572-2\\\/#breadcrumb\"},\"inLanguage\":\"en-US\",\"potentialAction\":[{\"@type\":\"ReadAction\",\"target\":[\"https:\\\/\\\/jaaaeg.ee\\\/en\\\/jaaaja-keskusest\\\/22572-2\\\/\"]}]},{\"@type\":\"BreadcrumbList\",\"@id\":\"https:\\\/\\\/jaaaeg.ee\\\/en\\\/jaaaja-keskusest\\\/22572-2\\\/#breadcrumb\",\"itemListElement\":[{\"@type\":\"ListItem\",\"position\":1,\"name\":\"Home\",\"item\":\"https:\\\/\\\/jaaaeg.ee\\\/en\\\/\"},{\"@type\":\"ListItem\",\"position\":2,\"name\":\"About Ice Age Centre\",\"item\":\"https:\\\/\\\/jaaaeg.ee\\\/en\\\/jaaaja-keskusest\\\/\"},{\"@type\":\"ListItem\",\"position\":3,\"name\":\"House Rules\"}]},{\"@type\":\"WebSite\",\"@id\":\"https:\\\/\\\/jaaaeg.ee\\\/ru\\\/#website\",\"url\":\"https:\\\/\\\/jaaaeg.ee\\\/ru\\\/\",\"name\":\"J\u00e4\u00e4aja Keskus\",\"description\":\"avastamisr\u00f5\u00f5m igas vanuses k\u00fclastajatele\",\"potentialAction\":[{\"@type\":\"SearchAction\",\"target\":{\"@type\":\"EntryPoint\",\"urlTemplate\":\"https:\\\/\\\/jaaaeg.ee\\\/ru\\\/?s={search_term_string}\"},\"query-input\":{\"@type\":\"PropertyValueSpecification\",\"valueRequired\":true,\"valueName\":\"search_term_string\"}}],\"inLanguage\":\"en-US\"}]}<\/script>\n<!-- \/ Yoast SEO plugin. -->","yoast_head_json":{"title":"House Rules - J\u00e4\u00e4aja Keskus","description":"How to behave in Ice Age Centre? : ) Here is some information if you come to visit us. Please read carefully.","robots":{"index":"index","follow":"follow","max-snippet":"max-snippet:-1","max-image-preview":"max-image-preview:large","max-video-preview":"max-video-preview:-1"},"canonical":"https:\/\/jaaaeg.ee\/en\/jaaaja-keskusest\/22572-2\/","og_locale":"en_US","og_type":"article","og_title":"House Rules - J\u00e4\u00e4aja Keskus","og_description":"How to behave in Ice Age Centre? : ) Here is some information if you come to visit us. Please read carefully.","og_url":"https:\/\/jaaaeg.ee\/en\/jaaaja-keskusest\/22572-2\/","og_site_name":"J\u00e4\u00e4aja Keskus","article_publisher":"https:\/\/www.facebook.com\/JaaajaKeskus\/","article_modified_time":"2023-06-09T14:14:02+00:00","twitter_card":"summary_large_image","twitter_misc":{"Est. reading time":"2 minutes"},"schema":{"@context":"https:\/\/schema.org","@graph":[{"@type":"WebPage","@id":"https:\/\/jaaaeg.ee\/en\/jaaaja-keskusest\/22572-2\/","url":"https:\/\/jaaaeg.ee\/en\/jaaaja-keskusest\/22572-2\/","name":"House Rules - J\u00e4\u00e4aja Keskus","isPartOf":{"@id":"https:\/\/jaaaeg.ee\/ru\/#website"},"datePublished":"2023-06-06T10:34:47+00:00","dateModified":"2023-06-09T14:14:02+00:00","description":"How to behave in Ice Age Centre? : ) Here is some information if you come to visit us. Please read carefully.","breadcrumb":{"@id":"https:\/\/jaaaeg.ee\/en\/jaaaja-keskusest\/22572-2\/#breadcrumb"},"inLanguage":"en-US","potentialAction":[{"@type":"ReadAction","target":["https:\/\/jaaaeg.ee\/en\/jaaaja-keskusest\/22572-2\/"]}]},{"@type":"BreadcrumbList","@id":"https:\/\/jaaaeg.ee\/en\/jaaaja-keskusest\/22572-2\/#breadcrumb","itemListElement":[{"@type":"ListItem","position":1,"name":"Home","item":"https:\/\/jaaaeg.ee\/en\/"},{"@type":"ListItem","position":2,"name":"About Ice Age Centre","item":"https:\/\/jaaaeg.ee\/en\/jaaaja-keskusest\/"},{"@type":"ListItem","position":3,"name":"House Rules"}]},{"@type":"WebSite","@id":"https:\/\/jaaaeg.ee\/ru\/#website","url":"https:\/\/jaaaeg.ee\/ru\/","name":"J\u00e4\u00e4aja Keskus","description":"avastamisr\u00f5\u00f5m igas vanuses k\u00fclastajatele","potentialAction":[{"@type":"SearchAction","target":{"@type":"EntryPoint","urlTemplate":"https:\/\/jaaaeg.ee\/ru\/?s={search_term_string}"},"query-input":{"@type":"PropertyValueSpecification","valueRequired":true,"valueName":"search_term_string"}}],"inLanguage":"en-US"}]}},"_links":{"self":[{"href":"https:\/\/jaaaeg.ee\/en\/wp-json\/wp\/v2\/pages\/22572","targetHints":{"allow":["GET"]}}],"collection":[{"href":"https:\/\/jaaaeg.ee\/en\/wp-json\/wp\/v2\/pages"}],"about":[{"href":"https:\/\/jaaaeg.ee\/en\/wp-json\/wp\/v2\/types\/page"}],"author":[{"embeddable":true,"href":"https:\/\/jaaaeg.ee\/en\/wp-json\/wp\/v2\/users\/9"}],"replies":[{"embeddable":true,"href":"https:\/\/jaaaeg.ee\/en\/wp-json\/wp\/v2\/comments?post=22572"}],"version-history":[{"count":4,"href":"https:\/\/jaaaeg.ee\/en\/wp-json\/wp\/v2\/pages\/22572\/revisions"}],"predecessor-version":[{"id":22581,"href":"https:\/\/jaaaeg.ee\/en\/wp-json\/wp\/v2\/pages\/22572\/revisions\/22581"}],"up":[{"embeddable":true,"href":"https:\/\/jaaaeg.ee\/en\/wp-json\/wp\/v2\/pages\/1441"}],"wp:attachment":[{"href":"https:\/\/jaaaeg.ee\/en\/wp-json\/wp\/v2\/media?parent=22572"}],"curies":[{"name":"wp","href":"https:\/\/api.w.org\/{rel}","templated":true}]}}