{"id":222,"date":"2018-09-11T15:12:17","date_gmt":"2018-09-11T12:12:17","guid":{"rendered":"http:\/\/jaaaeg.ee\/?page_id=222"},"modified":"2025-08-15T14:16:20","modified_gmt":"2025-08-15T11:16:20","slug":"jouluprogramm","status":"publish","type":"page","link":"https:\/\/jaaaeg.ee\/en\/opetajale\/jouluprogramm\/","title":{"rendered":"J\u00f5uluprogrammid"},"content":{"rendered":"\r\n<div class=\"vce-row-container\" data-vce-boxed-width=\"true\">\r\n<div id=\"el-bb531a59\" class=\"vce-row vce-row--col-gap-30 vce-row-content--top\" data-vce-do-apply=\"all el-bb531a59\">\r\n<div class=\"vce-row-content\" data-vce-element-content=\"true\">\r\n\r\n\r\n<div id=\"el-a4cecb41\" class=\"vce-col vce-col--md-auto vce-col--xs-1 vce-col--xs-last vce-col--xs-first vce-col--sm-last vce-col--sm-first vce-col--md-last vce-col--lg-last vce-col--xl-last vce-col--md-first vce-col--lg-first vce-col--xl-first\">\r\n<div class=\"vce-col-inner\" data-vce-do-apply=\"border margin background el-a4cecb41\">\r\n<div class=\"vce-col-content\" data-vce-element-content=\"true\" data-vce-do-apply=\"padding el-a4cecb41\">\r\n\r\n\r\n<div class=\"vce-text-block\">\r\n<div id=\"el-2bd6cc2a\" class=\"vce-text-block-wrapper vce\" data-vce-do-apply=\"all el-2bd6cc2a\">\r\n<div>\r\n\r\n<!-- This site is optimized with the Yoast SEO plugin v19.9 - https:\/\/yoast.com\/wordpress\/plugins\/seo\/ --> <!-- Admin only notice: this page does not show a meta description because it does not have one, either write it for this page specifically or go into the [SEO - Search Appearance] menu and set up a template. --> <!-- \/ Yoast SEO plugin. --><noscript>\r\n\r\n<style>.vce-row-container .vcv-lozad {display: none}<\/style><\/noscript><!-- This website uses the WP Call Button plugin to generate more leads. --><noscript>\r\n\r\n<style>.woocommerce-product-gallery{ opacity: 1 !important; }<\/style><\/noscript>\r\n\r\n<\/div>\r\n<div>\r\n<div class=\"woocommerce columns-4 \">\r\n\r\nOotame \u00f5pilasgruppe ja \u00f5petajaid J\u00e4\u00e4aja Keskusesse, et koos veeta meeldej\u00e4\u00e4v p\u00e4ev ja sukelduda teadmiste j\u00e4\u00e4k\u00fclma maailma!\r\n\r\n<\/div>\r\n<strong>2025\/2026 \u00f5ppeaastal pakume j\u00e4rgnevaid programme:<\/strong>\r\n\r\n<div class=\"woocommerce columns-4 \"><\/div>\r\n\r\n<\/div>\r\n<div>\r\n<div class=\"woocommerce columns-4 \">\r\n\r\n<a href=\"https:\/\/jaaaeg.ee\/opetajale\/\"><b>Vaata meie teisi haridusprogramme SIIT.<\/b><\/a>\r\n\r\n<b>Lisateave ja programmide broneerimine aadressil\r\n<\/b><b>info@jaaaeg.ee<\/b><b> v\u00f5i telefonil +372 5911 3318&nbsp;<\/b>\r\n\r\n<\/div>\r\n&nbsp;\r\n<div class=\"woocommerce columns-4 \">\r\n\r\n<a href=\"https:\/\/www.kul.ee\/kultuuriranits\"><span style=\"font-weight: 400;\">Tuletame meelde, et programmide tellimisel v\u00f5ib kasutada ka Kultuuriranitsa meedet!<\/span><\/a>\r\n\r\n<\/div>\r\n&nbsp;\r\n\r\n<\/div>\r\n<div>\r\n\r\n<!-- \/ Cookie Notice plugin -->\r\n\r\n<\/div>\r\n<\/div>\r\n<\/div>\r\n\r\n\r\n<\/div>\r\n<\/div>\r\n<\/div>\r\n\r\n\r\n<\/div>\r\n<\/div>\r\n<\/div>\r\n\n","protected":false},"excerpt":{"rendered":"Ootame \u00f5pilasgruppe ja \u00f5petajaid J\u00e4\u00e4aja Keskusesse, et koos veeta meeldej\u00e4\u00e4v p\u00e4ev ja sukelduda teadmiste j\u00e4\u00e4k\u00fclma maailma! 2025\/2026 \u00f5ppeaastal pakume j\u00e4rgnevaid programme: Vaata meie teisi haridusprogramme SIIT. Lisateave ja programmide broneerimine aadressil info@jaaaeg.ee v\u00f5i telefonil +372 5911 3318&nbsp; &nbsp; Tuletame meelde, et programmide tellimisel v\u00f5ib kasutada ka Kultuuriranitsa meedet! &nbsp;","protected":false},"author":1,"featured_media":32403,"parent":15,"menu_order":313,"comment_status":"closed","ping_status":"closed","template":"template-sidebar.php","meta":{"_acf_changed":false,"ngg_post_thumbnail":0,"footnotes":""},"class_list":["post-222","page","type-page","status-publish","has-post-thumbnail","hentry"],"acf":[],"yoast_head":"<!-- This site is optimized with the Yoast SEO plugin v27.3 - https:\/\/yoast.com\/product\/yoast-seo-wordpress\/ -->\n<title>J\u00f5uluprogrammid - J\u00e4\u00e4aja Keskus<\/title>\n<meta name=\"description\" content=\"Sellest s\u00fcgisest on meil kaks uut haridusprogrammi, mis sobivad h\u00e4sti ka j\u00f5uluprogrammidesk. Broneerige emailil info@jaaaeg.ee\" \/>\n<meta name=\"robots\" content=\"index, follow, max-snippet:-1, max-image-preview:large, max-video-preview:-1\" \/>\n<link rel=\"canonical\" href=\"https:\/\/jaaaeg.ee\/opetajale\/jouluprogramm\/\" \/>\n<meta property=\"og:locale\" content=\"en_US\" \/>\n<meta property=\"og:type\" content=\"article\" \/>\n<meta property=\"og:title\" content=\"J\u00f5uluprogrammid - J\u00e4\u00e4aja Keskus\" \/>\n<meta property=\"og:description\" content=\"Sellest s\u00fcgisest on meil kaks uut haridusprogrammi, mis sobivad h\u00e4sti ka j\u00f5uluprogrammidesk. Broneerige emailil info@jaaaeg.ee\" \/>\n<meta property=\"og:url\" content=\"https:\/\/jaaaeg.ee\/opetajale\/jouluprogramm\/\" \/>\n<meta property=\"og:site_name\" content=\"J\u00e4\u00e4aja Keskus\" \/>\n<meta property=\"article:publisher\" content=\"https:\/\/www.facebook.com\/JaaajaKeskus\/\" \/>\n<meta property=\"article:modified_time\" content=\"2025-08-15T11:16:20+00:00\" \/>\n<meta property=\"og:image\" content=\"https:\/\/jaaaeg.ee\/wp-content\/uploads\/2024\/09\/huppav-mammut-scaled.jpg\" \/>\n\t<meta property=\"og:image:width\" content=\"2560\" \/>\n\t<meta property=\"og:image:height\" content=\"1920\" \/>\n\t<meta property=\"og:image:type\" content=\"image\/jpeg\" \/>\n<meta name=\"twitter:card\" content=\"summary_large_image\" \/>\n<meta name=\"twitter:label1\" content=\"Est. reading time\" \/>\n\t<meta name=\"twitter:data1\" content=\"1 minute\" \/>\n<script type=\"application\/ld+json\" class=\"yoast-schema-graph\">{\"@context\":\"https:\\\/\\\/schema.org\",\"@graph\":[{\"@type\":\"WebPage\",\"@id\":\"https:\\\/\\\/jaaaeg.ee\\\/opetajale\\\/jouluprogramm\\\/\",\"url\":\"https:\\\/\\\/jaaaeg.ee\\\/opetajale\\\/jouluprogramm\\\/\",\"name\":\"J\u00f5uluprogrammid - J\u00e4\u00e4aja Keskus\",\"isPartOf\":{\"@id\":\"https:\\\/\\\/jaaaeg.ee\\\/ru\\\/#website\"},\"primaryImageOfPage\":{\"@id\":\"https:\\\/\\\/jaaaeg.ee\\\/opetajale\\\/jouluprogramm\\\/#primaryimage\"},\"image\":{\"@id\":\"https:\\\/\\\/jaaaeg.ee\\\/opetajale\\\/jouluprogramm\\\/#primaryimage\"},\"thumbnailUrl\":\"https:\\\/\\\/jaaaeg.ee\\\/wp-content\\\/uploads\\\/2024\\\/09\\\/huppav-mammut-scaled.jpg\",\"datePublished\":\"2018-09-11T12:12:17+00:00\",\"dateModified\":\"2025-08-15T11:16:20+00:00\",\"description\":\"Sellest s\u00fcgisest on meil kaks uut haridusprogrammi, mis sobivad h\u00e4sti ka j\u00f5uluprogrammidesk. Broneerige emailil info@jaaaeg.ee\",\"breadcrumb\":{\"@id\":\"https:\\\/\\\/jaaaeg.ee\\\/opetajale\\\/jouluprogramm\\\/#breadcrumb\"},\"inLanguage\":\"en-US\",\"potentialAction\":[{\"@type\":\"ReadAction\",\"target\":[\"https:\\\/\\\/jaaaeg.ee\\\/opetajale\\\/jouluprogramm\\\/\"]}]},{\"@type\":\"ImageObject\",\"inLanguage\":\"en-US\",\"@id\":\"https:\\\/\\\/jaaaeg.ee\\\/opetajale\\\/jouluprogramm\\\/#primaryimage\",\"url\":\"https:\\\/\\\/jaaaeg.ee\\\/wp-content\\\/uploads\\\/2024\\\/09\\\/huppav-mammut-scaled.jpg\",\"contentUrl\":\"https:\\\/\\\/jaaaeg.ee\\\/wp-content\\\/uploads\\\/2024\\\/09\\\/huppav-mammut-scaled.jpg\",\"width\":2560,\"height\":1920,\"caption\":\"OLYMPUS DIGITAL CAMERA\"},{\"@type\":\"BreadcrumbList\",\"@id\":\"https:\\\/\\\/jaaaeg.ee\\\/opetajale\\\/jouluprogramm\\\/#breadcrumb\",\"itemListElement\":[{\"@type\":\"ListItem\",\"position\":1,\"name\":\"Home\",\"item\":\"https:\\\/\\\/jaaaeg.ee\\\/en\\\/\"},{\"@type\":\"ListItem\",\"position\":2,\"name\":\"\u00d5petajale\",\"item\":\"https:\\\/\\\/jaaaeg.ee\\\/opetajale\\\/\"},{\"@type\":\"ListItem\",\"position\":3,\"name\":\"J\u00f5uluprogrammid\"}]},{\"@type\":\"WebSite\",\"@id\":\"https:\\\/\\\/jaaaeg.ee\\\/ru\\\/#website\",\"url\":\"https:\\\/\\\/jaaaeg.ee\\\/ru\\\/\",\"name\":\"J\u00e4\u00e4aja Keskus\",\"description\":\"avastamisr\u00f5\u00f5m igas vanuses k\u00fclastajatele\",\"potentialAction\":[{\"@type\":\"SearchAction\",\"target\":{\"@type\":\"EntryPoint\",\"urlTemplate\":\"https:\\\/\\\/jaaaeg.ee\\\/ru\\\/?s={search_term_string}\"},\"query-input\":{\"@type\":\"PropertyValueSpecification\",\"valueRequired\":true,\"valueName\":\"search_term_string\"}}],\"inLanguage\":\"en-US\"}]}<\/script>\n<!-- \/ Yoast SEO plugin. -->","yoast_head_json":{"title":"J\u00f5uluprogrammid - J\u00e4\u00e4aja Keskus","description":"Sellest s\u00fcgisest on meil kaks uut haridusprogrammi, mis sobivad h\u00e4sti ka j\u00f5uluprogrammidesk. Broneerige emailil info@jaaaeg.ee","robots":{"index":"index","follow":"follow","max-snippet":"max-snippet:-1","max-image-preview":"max-image-preview:large","max-video-preview":"max-video-preview:-1"},"canonical":"https:\/\/jaaaeg.ee\/opetajale\/jouluprogramm\/","og_locale":"en_US","og_type":"article","og_title":"J\u00f5uluprogrammid - J\u00e4\u00e4aja Keskus","og_description":"Sellest s\u00fcgisest on meil kaks uut haridusprogrammi, mis sobivad h\u00e4sti ka j\u00f5uluprogrammidesk. Broneerige emailil info@jaaaeg.ee","og_url":"https:\/\/jaaaeg.ee\/opetajale\/jouluprogramm\/","og_site_name":"J\u00e4\u00e4aja Keskus","article_publisher":"https:\/\/www.facebook.com\/JaaajaKeskus\/","article_modified_time":"2025-08-15T11:16:20+00:00","og_image":[{"width":2560,"height":1920,"url":"https:\/\/jaaaeg.ee\/wp-content\/uploads\/2024\/09\/huppav-mammut-scaled.jpg","type":"image\/jpeg"}],"twitter_card":"summary_large_image","twitter_misc":{"Est. reading time":"1 minute"},"schema":{"@context":"https:\/\/schema.org","@graph":[{"@type":"WebPage","@id":"https:\/\/jaaaeg.ee\/opetajale\/jouluprogramm\/","url":"https:\/\/jaaaeg.ee\/opetajale\/jouluprogramm\/","name":"J\u00f5uluprogrammid - J\u00e4\u00e4aja Keskus","isPartOf":{"@id":"https:\/\/jaaaeg.ee\/ru\/#website"},"primaryImageOfPage":{"@id":"https:\/\/jaaaeg.ee\/opetajale\/jouluprogramm\/#primaryimage"},"image":{"@id":"https:\/\/jaaaeg.ee\/opetajale\/jouluprogramm\/#primaryimage"},"thumbnailUrl":"https:\/\/jaaaeg.ee\/wp-content\/uploads\/2024\/09\/huppav-mammut-scaled.jpg","datePublished":"2018-09-11T12:12:17+00:00","dateModified":"2025-08-15T11:16:20+00:00","description":"Sellest s\u00fcgisest on meil kaks uut haridusprogrammi, mis sobivad h\u00e4sti ka j\u00f5uluprogrammidesk. Broneerige emailil info@jaaaeg.ee","breadcrumb":{"@id":"https:\/\/jaaaeg.ee\/opetajale\/jouluprogramm\/#breadcrumb"},"inLanguage":"en-US","potentialAction":[{"@type":"ReadAction","target":["https:\/\/jaaaeg.ee\/opetajale\/jouluprogramm\/"]}]},{"@type":"ImageObject","inLanguage":"en-US","@id":"https:\/\/jaaaeg.ee\/opetajale\/jouluprogramm\/#primaryimage","url":"https:\/\/jaaaeg.ee\/wp-content\/uploads\/2024\/09\/huppav-mammut-scaled.jpg","contentUrl":"https:\/\/jaaaeg.ee\/wp-content\/uploads\/2024\/09\/huppav-mammut-scaled.jpg","width":2560,"height":1920,"caption":"OLYMPUS DIGITAL CAMERA"},{"@type":"BreadcrumbList","@id":"https:\/\/jaaaeg.ee\/opetajale\/jouluprogramm\/#breadcrumb","itemListElement":[{"@type":"ListItem","position":1,"name":"Home","item":"https:\/\/jaaaeg.ee\/en\/"},{"@type":"ListItem","position":2,"name":"\u00d5petajale","item":"https:\/\/jaaaeg.ee\/opetajale\/"},{"@type":"ListItem","position":3,"name":"J\u00f5uluprogrammid"}]},{"@type":"WebSite","@id":"https:\/\/jaaaeg.ee\/ru\/#website","url":"https:\/\/jaaaeg.ee\/ru\/","name":"J\u00e4\u00e4aja Keskus","description":"avastamisr\u00f5\u00f5m igas vanuses k\u00fclastajatele","potentialAction":[{"@type":"SearchAction","target":{"@type":"EntryPoint","urlTemplate":"https:\/\/jaaaeg.ee\/ru\/?s={search_term_string}"},"query-input":{"@type":"PropertyValueSpecification","valueRequired":true,"valueName":"search_term_string"}}],"inLanguage":"en-US"}]}},"_links":{"self":[{"href":"https:\/\/jaaaeg.ee\/en\/wp-json\/wp\/v2\/pages\/222","targetHints":{"allow":["GET"]}}],"collection":[{"href":"https:\/\/jaaaeg.ee\/en\/wp-json\/wp\/v2\/pages"}],"about":[{"href":"https:\/\/jaaaeg.ee\/en\/wp-json\/wp\/v2\/types\/page"}],"author":[{"embeddable":true,"href":"https:\/\/jaaaeg.ee\/en\/wp-json\/wp\/v2\/users\/1"}],"replies":[{"embeddable":true,"href":"https:\/\/jaaaeg.ee\/en\/wp-json\/wp\/v2\/comments?post=222"}],"version-history":[{"count":54,"href":"https:\/\/jaaaeg.ee\/en\/wp-json\/wp\/v2\/pages\/222\/revisions"}],"predecessor-version":[{"id":32410,"href":"https:\/\/jaaaeg.ee\/en\/wp-json\/wp\/v2\/pages\/222\/revisions\/32410"}],"up":[{"embeddable":true,"href":"https:\/\/jaaaeg.ee\/en\/wp-json\/wp\/v2\/pages\/15"}],"wp:featuredmedia":[{"embeddable":true,"href":"https:\/\/jaaaeg.ee\/en\/wp-json\/wp\/v2\/media\/32403"}],"wp:attachment":[{"href":"https:\/\/jaaaeg.ee\/en\/wp-json\/wp\/v2\/media?parent=222"}],"curies":[{"name":"wp","href":"https:\/\/api.w.org\/{rel}","templated":true}]}}