{"id":18508,"date":"2020-08-07T13:04:32","date_gmt":"2020-08-07T10:04:32","guid":{"rendered":"https:\/\/jaaaeg.ee\/?page_id=18508"},"modified":"2022-08-23T19:49:13","modified_gmt":"2022-08-23T16:49:13","slug":"juhendajad","status":"publish","type":"page","link":"https:\/\/jaaaeg.ee\/en\/opetajale\/juhendajad\/","title":{"rendered":"Juhendajad"},"content":{"rendered":"<div class=\"vce-row-container\" data-vce-boxed-width=\"true\"><div class=\"vce-row vce-row--col-gap-30 vce-row-content--top\" id=\"el-aa4cc1e9\" data-vce-do-apply=\"all el-aa4cc1e9\"><div class=\"vce-content-background-container\"><\/div><div class=\"vce-row-content\" data-vce-element-content=\"true\"><div class=\"vce-col vce-col--md-auto vce-col--xs-1 vce-col--xs-last vce-col--xs-first vce-col--sm-last vce-col--sm-first vce-col--md-first vce-col--lg-first vce-col--xl-first\" id=\"el-728da831\"><div class=\"vce-col-inner\" data-vce-do-apply=\"border margin background  el-728da831\"><div class=\"vce-col-content\" data-vce-element-content=\"true\" data-vce-do-apply=\"padding el-728da831\"><div class=\"vce-single-image-container vce-single-image--align-left\"><div class=\"vce vce-single-image-wrapper\" id=\"el-d7d3c88d\" data-vce-do-apply=\"all el-d7d3c88d\"><figure><div class=\"vce-single-image-figure-inner\" style=\"width: 300px;\"><div class=\"vce-single-image-inner vce-single-image--absolute vce-single-image--border-rounded\" style=\"width: 100%; padding-bottom: 100%;\"><img loading=\"lazy\" decoding=\"async\" class=\"vce-single-image\"  width=\"300\" height=\"300\" srcset=\"https:\/\/jaaaeg.ee\/wp-content\/uploads\/2020\/08\/Kaupo-scaled-e1596795063255-300x300.jpg 300w, https:\/\/jaaaeg.ee\/wp-content\/uploads\/2020\/08\/Kaupo-scaled-e1596795063255-600x783.jpg 2x\" src=\"https:\/\/jaaaeg.ee\/wp-content\/uploads\/2020\/08\/Kaupo-scaled-e1596795063255-300x300.jpg\" data-img-src=\"https:\/\/jaaaeg.ee\/wp-content\/uploads\/2020\/08\/Kaupo-scaled.jpg\" data-attachment-id=\"18510\"  alt=\"Kaupo Mets\" title=\"Kaupo Mets\" \/><\/div><\/div><figcaption hidden=\"\"><\/figcaption><\/figure><\/div><\/div><div class=\"vce-text-block\"><div class=\"vce-text-block-wrapper vce\" id=\"el-3dee4a73\" data-vce-do-apply=\"all el-3dee4a73\"><h2>Kaupo Mets<\/h2>\n<p><strong>HARIDUS<\/strong><\/p>\n<p>Tartu \u00dclikool, Geograafia (inim- ja loodusgeograafia suunad)<\/p>\n<p><strong>KOMPETENTS<\/strong><\/p>\n<p style=\"text-align: left;\">Osalenud \u00f5ppeprogrammide koostamise ning l\u00e4biviimise koolitustel alates 2005. aastast.<\/p>\n<p style=\"text-align: left;\">Osalenud enamike J\u00e4\u00e4aja Keskuse \u00f5ppeprogrammide v\u00e4ljat\u00f6\u00f6tamisel alates 2012. aastast.<\/p>\n<p><strong>KOGEMUS<\/strong><\/p>\n<p>\u201e<em>Olen viinud l\u00e4bi loodust tutvustavaid ning loodushariduslikke \u00f5ppeprogramme ja -k\u00e4ike alates 2005. aastast erinevates organisatsioonides nagu Vooremaa Maastikukaitseala Administratsioon, Riiklik Looduskaitsekeskus, Saadj\u00e4rve Looduskool, Elistvere Loomapark ning J\u00e4\u00e4aja Keskus.\u201c<\/em><\/p><\/div><\/div><div class=\"vce-features vce-var-icon vce-features--style-filled-circle vce-features--size-tiny\" style=\"--text-align:left; --iconColor:#fff; --iconColorHover:#fff; --shapeColor:rgb(29, 100, 197); --shapeColorHover:rgb(29, 100, 197); --linkColorHover:rgb(26,89,176);\"><div id=\"el-abcdb1f0\" class=\"vce vce-features-icon-wrapper\" data-vce-do-apply=\"all el-abcdb1f0\"><a class=\"vce-features--icon vce-icon\" href=\"mailto:kaupo.mets@jaaaeg.ee\" title=\"\" target=\"_blank\" rel=\"noopener\"><svg xmlns=\"https:\/\/www.w3.org\/2000\/svg\" viewBox=\"0 0 769 769\"><path stroke-width=\"25\" d=\"M565.755 696.27h-360l-180-311.77 180-311.77h360l180 311.77z\"><\/path><\/svg><span class=\"vce-icon-container far fa-envelope\"><\/span><\/a><\/div><\/div><div class=\"vce-text-block\"><div class=\"vce-text-block-wrapper vce\" id=\"el-94abc97a\" data-vce-do-apply=\"all el-94abc97a\"><h4>info@jaaaeg.ee<\/h4><\/div><\/div><\/div><\/div><\/div><div class=\"vce-col vce-col--md-auto vce-col--xs-1 vce-col--xs-last vce-col--xs-first vce-col--sm-last vce-col--sm-first\" id=\"el-a2954716\"><div class=\"vce-col-inner\" data-vce-do-apply=\"border margin background  el-a2954716\"><div class=\"vce-col-content\" data-vce-element-content=\"true\" data-vce-do-apply=\"padding el-a2954716\"><div class=\"vce-single-image-container vce-single-image--align-left\"><div class=\"vce vce-single-image-wrapper\" id=\"el-5ab905fe\" data-vce-do-apply=\"all el-5ab905fe\"><figure><div class=\"vce-single-image-figure-inner\" style=\"width: 300px;\"><div class=\"vce-single-image-inner vce-single-image--absolute vce-single-image--border-rounded\" style=\"width: 100%; padding-bottom: 100%;\"><img loading=\"lazy\" decoding=\"async\" class=\"vce-single-image\"  width=\"300\" height=\"300\" srcset=\"https:\/\/jaaaeg.ee\/wp-content\/uploads\/2020\/08\/Jaak-300x300.jpg 300w, https:\/\/jaaaeg.ee\/wp-content\/uploads\/2020\/08\/Jaak-600x900.jpg 2x\" src=\"https:\/\/jaaaeg.ee\/wp-content\/uploads\/2020\/08\/Jaak-300x300.jpg\" data-img-src=\"https:\/\/jaaaeg.ee\/wp-content\/uploads\/2020\/08\/Jaak-scaled.jpg\" data-attachment-id=\"18521\"  alt=\"Jaak Alekand\" title=\"Jaak Alekand\" \/><\/div><\/div><figcaption hidden=\"\"><\/figcaption><\/figure><\/div><\/div><div class=\"vce-text-block\"><div class=\"vce-text-block-wrapper vce\" id=\"el-9fe96f56\" data-vce-do-apply=\"all el-9fe96f56\"><h2>Jaak Alekand<\/h2><p><strong>HARIDUS<\/strong><\/p><p>Eesti P\u00f5llumajandus Akadeemia, Metsandus<\/p><p><strong>KOMPETENTS<\/strong><\/p><p>Osalenud loodusretkede ja \u00f5ppeprogrammide koostamise ja l\u00e4biviimise koolitustel alates 1999. aastast.<br>Juhtinud Saadj\u00e4rve Looduskooli ning t\u00f6\u00f6tanud v\u00e4lja \u00f5ppeprogramme (ka Karula Rahvuspargile).<br>Alates 2012. aastast osalenud J\u00e4\u00e4aja Keskuse \u00f5ppeprogrammide v\u00e4ljat\u00f6\u00f6tamisel.<\/p><p><strong>KOGEMUS<\/strong><\/p><p><em>\"Olen viinud l\u00e4bi loodusretki, loodus\u00f5ppeprogramme ning loodusringe erinevatele vanuser\u00fchmadele juba aastast 1999.\"<\/em><\/p><\/div><\/div><div class=\"vce-features vce-var-icon vce-features--style-filled-circle vce-features--size-tiny\" style=\"--text-align:left; --iconColor:#fff; --iconColorHover:#fff; --shapeColor:rgb(29, 100, 197); --shapeColorHover:rgb(29, 100, 197); --linkColorHover:rgb(26,89,176);\"><div id=\"el-caae90e2\" class=\"vce vce-features-icon-wrapper\" data-vce-do-apply=\"all el-caae90e2\"><div class=\"vce-features--icon vce-icon\"><svg xmlns=\"https:\/\/www.w3.org\/2000\/svg\" viewBox=\"0 0 769 769\"><path stroke-width=\"25\" d=\"M565.755 696.27h-360l-180-311.77 180-311.77h360l180 311.77z\"><\/path><\/svg><span class=\"vce-icon-container far fa-envelope\"><\/span><\/div><\/div><\/div><div class=\"vce-text-block\"><div class=\"vce-text-block-wrapper vce\" id=\"el-043e5796\" data-vce-do-apply=\"all el-043e5796\"><h4>info@jaaaeg.ee<\/h4><\/div><\/div><\/div><\/div><\/div><div class=\"vce-col vce-col--md-auto vce-col--xs-1 vce-col--xs-last vce-col--xs-first vce-col--sm-last vce-col--sm-first vce-col--md-last vce-col--lg-last vce-col--xl-last\" id=\"el-3362758c\"><div class=\"vce-col-inner\" data-vce-do-apply=\"border margin background  el-3362758c\"><div class=\"vce-col-content\" data-vce-element-content=\"true\" data-vce-do-apply=\"padding el-3362758c\"><div class=\"vce-single-image-container vce-single-image--align-left\"><div class=\"vce vce-single-image-wrapper\" id=\"el-ab42d969\" data-vce-do-apply=\"all el-ab42d969\"><figure><div class=\"vce-single-image-figure-inner\" style=\"width: 300px;\"><div class=\"vce-single-image-inner vce-single-image--absolute\" style=\"width: 100%; padding-bottom: 100%;\"><img loading=\"lazy\" decoding=\"async\" class=\"vce-single-image\"  width=\"300\" height=\"300\" srcset=\"https:\/\/jaaaeg.ee\/wp-content\/uploads\/2020\/08\/Hannes-300x300.jpg 300w, https:\/\/jaaaeg.ee\/wp-content\/uploads\/2020\/08\/Hannes-600x900.jpg 2x\" src=\"https:\/\/jaaaeg.ee\/wp-content\/uploads\/2020\/08\/Hannes-300x300.jpg\" data-img-src=\"https:\/\/jaaaeg.ee\/wp-content\/uploads\/2020\/08\/Hannes-scaled.jpg\" data-attachment-id=\"18516\"  alt=\"Hannes J\u00e4\u00e4r\" title=\"Hannes J\u00e4\u00e4r\" \/><\/div><\/div><figcaption hidden=\"\"><\/figcaption><\/figure><\/div><\/div><div class=\"vce-text-block\"><div class=\"vce-text-block-wrapper vce\" id=\"el-08434b0b\" data-vce-do-apply=\"all el-08434b0b\"><h2>Hannes J\u00e4\u00e4r<\/h2><p><strong>HARIDUS<\/strong><\/p><p>Tartu \u00dclikool, Vene ja slaavi filoloogia (magister)<\/p><p><strong>KOMPETENTS<\/strong><\/p><p>Osalenud loodusalastel koolitustel aktiivselt alates aastast 2001 (Sagadi looduskoolis, Alatskivi looduskoolis). Omab giiditunnistust.<\/p><p><strong>KOGEMUS<\/strong><\/p><p><em>\"Olen l\u00e4bi viinud loodust tutvustavaid \u00f5ppeprogramme Alatskivi looduskoolis, Peipsi piirkonnad ning J\u00e4\u00e4aja Keskuses (alates 2013. aastast). Osalenud mitmetel rahvusvahelistel teadus- ja v\u00e4lit\u00f6\u00f6del L\u00f5una- Ameerikas, Austraalias, Venemaal.\"<\/em><\/p><\/div><\/div><div class=\"vce-features vce-var-icon vce-features--style-filled-circle vce-features--size-tiny\" style=\"--text-align:left; --iconColor:#fff; --iconColorHover:#fff; --shapeColor:rgb(29, 100, 197); --shapeColorHover:rgb(29, 100, 197); --linkColorHover:rgb(26,89,176);\"><div id=\"el-6d9d0c6f\" class=\"vce vce-features-icon-wrapper\" data-vce-do-apply=\"all el-6d9d0c6f\"><div class=\"vce-features--icon vce-icon\"><svg xmlns=\"https:\/\/www.w3.org\/2000\/svg\" viewBox=\"0 0 769 769\"><path stroke-width=\"25\" d=\"M565.755 696.27h-360l-180-311.77 180-311.77h360l180 311.77z\"><\/path><\/svg><span class=\"vce-icon-container far fa-envelope\"><\/span><\/div><\/div><\/div><div class=\"vce-text-block\"><div class=\"vce-text-block-wrapper vce\" id=\"el-530a2ae5\" data-vce-do-apply=\"all el-530a2ae5\"><h4>info@jaaaeg.ee<\/h4><\/div><\/div><\/div><\/div><\/div><\/div><\/div><\/div>\n","protected":false},"excerpt":{"rendered":"Kaupo Mets HARIDUS Tartu \u00dclikool, Geograafia (inim- ja loodusgeograafia suunad) KOMPETENTS Osalenud \u00f5ppeprogrammide koostamise ning l\u00e4biviimise koolitustel alates 2005. aastast. Osalenud enamike J\u00e4\u00e4aja Keskuse \u00f5ppeprogrammide v\u00e4ljat\u00f6\u00f6tamisel alates 2012. aastast. KOGEMUS \u201eOlen viinud l\u00e4bi loodust tutvustavaid ning loodushariduslikke \u00f5ppeprogramme ja -k\u00e4ike alates 2005. aastast erinevates organisatsioonides nagu Vooremaa Maastikukaitseala Administratsioon, Riiklik Looduskaitsekeskus, Saadj\u00e4rve Looduskool, Elistvere Loomapark&#8230; <a class=\"view-article\" href=\"https:\/\/jaaaeg.ee\/en\/opetajale\/juhendajad\/\">Read more<\/a>","protected":false},"author":3,"featured_media":370,"parent":15,"menu_order":312,"comment_status":"closed","ping_status":"closed","template":"template-sidebar.php","meta":{"_acf_changed":false,"ngg_post_thumbnail":0,"footnotes":""},"class_list":["post-18508","page","type-page","status-publish","has-post-thumbnail","hentry"],"acf":[],"yoast_head":"<!-- This site is optimized with the Yoast SEO plugin v27.3 - https:\/\/yoast.com\/product\/yoast-seo-wordpress\/ -->\n<title>Juhendajad ja giidid - J\u00e4\u00e4aja Keskus<\/title>\n<meta name=\"description\" content=\"J\u00e4\u00e4aja Keskuses t\u00f6\u00f6tavad pikaajalise kogemusega giidid ja juhendajad. Programme ja giidituure on v\u00f5imalik tellida eesti, vene ja inglise keeles.\" \/>\n<meta name=\"robots\" content=\"index, follow, max-snippet:-1, max-image-preview:large, max-video-preview:-1\" \/>\n<link rel=\"canonical\" href=\"https:\/\/jaaaeg.ee\/opetajale\/juhendajad\/\" \/>\n<meta property=\"og:locale\" content=\"en_US\" \/>\n<meta property=\"og:type\" content=\"article\" \/>\n<meta property=\"og:title\" content=\"Juhendajad ja giidid - J\u00e4\u00e4aja Keskus\" \/>\n<meta property=\"og:description\" content=\"J\u00e4\u00e4aja Keskuses t\u00f6\u00f6tavad pikaajalise kogemusega giidid ja juhendajad. Programme ja giidituure on v\u00f5imalik tellida eesti, vene ja inglise keeles.\" \/>\n<meta property=\"og:url\" content=\"https:\/\/jaaaeg.ee\/opetajale\/juhendajad\/\" \/>\n<meta property=\"og:site_name\" content=\"J\u00e4\u00e4aja Keskus\" \/>\n<meta property=\"article:publisher\" content=\"https:\/\/www.facebook.com\/JaaajaKeskus\/\" \/>\n<meta property=\"article:modified_time\" content=\"2022-08-23T16:49:13+00:00\" \/>\n<meta property=\"og:image\" content=\"https:\/\/jaaaeg.ee\/wp-content\/uploads\/2018\/09\/P3094787-1.jpg\" \/>\n\t<meta property=\"og:image:width\" content=\"3648\" \/>\n\t<meta property=\"og:image:height\" content=\"2736\" \/>\n\t<meta property=\"og:image:type\" content=\"image\/jpeg\" \/>\n<meta name=\"twitter:card\" content=\"summary_large_image\" \/>\n<meta name=\"twitter:label1\" content=\"Est. reading time\" \/>\n\t<meta name=\"twitter:data1\" content=\"1 minute\" \/>\n<script type=\"application\/ld+json\" class=\"yoast-schema-graph\">{\"@context\":\"https:\\\/\\\/schema.org\",\"@graph\":[{\"@type\":\"WebPage\",\"@id\":\"https:\\\/\\\/jaaaeg.ee\\\/opetajale\\\/juhendajad\\\/\",\"url\":\"https:\\\/\\\/jaaaeg.ee\\\/opetajale\\\/juhendajad\\\/\",\"name\":\"Juhendajad ja giidid - J\u00e4\u00e4aja Keskus\",\"isPartOf\":{\"@id\":\"https:\\\/\\\/jaaaeg.ee\\\/ru\\\/#website\"},\"primaryImageOfPage\":{\"@id\":\"https:\\\/\\\/jaaaeg.ee\\\/opetajale\\\/juhendajad\\\/#primaryimage\"},\"image\":{\"@id\":\"https:\\\/\\\/jaaaeg.ee\\\/opetajale\\\/juhendajad\\\/#primaryimage\"},\"thumbnailUrl\":\"https:\\\/\\\/jaaaeg.ee\\\/wp-content\\\/uploads\\\/2018\\\/09\\\/P3094787-1-scaled.jpg\",\"datePublished\":\"2020-08-07T10:04:32+00:00\",\"dateModified\":\"2022-08-23T16:49:13+00:00\",\"description\":\"J\u00e4\u00e4aja Keskuses t\u00f6\u00f6tavad pikaajalise kogemusega giidid ja juhendajad. Programme ja giidituure on v\u00f5imalik tellida eesti, vene ja inglise keeles.\",\"breadcrumb\":{\"@id\":\"https:\\\/\\\/jaaaeg.ee\\\/opetajale\\\/juhendajad\\\/#breadcrumb\"},\"inLanguage\":\"en-US\",\"potentialAction\":[{\"@type\":\"ReadAction\",\"target\":[\"https:\\\/\\\/jaaaeg.ee\\\/opetajale\\\/juhendajad\\\/\"]}]},{\"@type\":\"ImageObject\",\"inLanguage\":\"en-US\",\"@id\":\"https:\\\/\\\/jaaaeg.ee\\\/opetajale\\\/juhendajad\\\/#primaryimage\",\"url\":\"https:\\\/\\\/jaaaeg.ee\\\/wp-content\\\/uploads\\\/2018\\\/09\\\/P3094787-1-scaled.jpg\",\"contentUrl\":\"https:\\\/\\\/jaaaeg.ee\\\/wp-content\\\/uploads\\\/2018\\\/09\\\/P3094787-1-scaled.jpg\",\"width\":2560,\"height\":1920,\"caption\":\"P3094787 1 scaled\"},{\"@type\":\"BreadcrumbList\",\"@id\":\"https:\\\/\\\/jaaaeg.ee\\\/opetajale\\\/juhendajad\\\/#breadcrumb\",\"itemListElement\":[{\"@type\":\"ListItem\",\"position\":1,\"name\":\"Home\",\"item\":\"https:\\\/\\\/jaaaeg.ee\\\/en\\\/\"},{\"@type\":\"ListItem\",\"position\":2,\"name\":\"\u00d5petajale\",\"item\":\"https:\\\/\\\/jaaaeg.ee\\\/opetajale\\\/\"},{\"@type\":\"ListItem\",\"position\":3,\"name\":\"Juhendajad\"}]},{\"@type\":\"WebSite\",\"@id\":\"https:\\\/\\\/jaaaeg.ee\\\/ru\\\/#website\",\"url\":\"https:\\\/\\\/jaaaeg.ee\\\/ru\\\/\",\"name\":\"J\u00e4\u00e4aja Keskus\",\"description\":\"avastamisr\u00f5\u00f5m igas vanuses k\u00fclastajatele\",\"potentialAction\":[{\"@type\":\"SearchAction\",\"target\":{\"@type\":\"EntryPoint\",\"urlTemplate\":\"https:\\\/\\\/jaaaeg.ee\\\/ru\\\/?s={search_term_string}\"},\"query-input\":{\"@type\":\"PropertyValueSpecification\",\"valueRequired\":true,\"valueName\":\"search_term_string\"}}],\"inLanguage\":\"en-US\"}]}<\/script>\n<!-- \/ Yoast SEO plugin. -->","yoast_head_json":{"title":"Juhendajad ja giidid - J\u00e4\u00e4aja Keskus","description":"J\u00e4\u00e4aja Keskuses t\u00f6\u00f6tavad pikaajalise kogemusega giidid ja juhendajad. Programme ja giidituure on v\u00f5imalik tellida eesti, vene ja inglise keeles.","robots":{"index":"index","follow":"follow","max-snippet":"max-snippet:-1","max-image-preview":"max-image-preview:large","max-video-preview":"max-video-preview:-1"},"canonical":"https:\/\/jaaaeg.ee\/opetajale\/juhendajad\/","og_locale":"en_US","og_type":"article","og_title":"Juhendajad ja giidid - J\u00e4\u00e4aja Keskus","og_description":"J\u00e4\u00e4aja Keskuses t\u00f6\u00f6tavad pikaajalise kogemusega giidid ja juhendajad. Programme ja giidituure on v\u00f5imalik tellida eesti, vene ja inglise keeles.","og_url":"https:\/\/jaaaeg.ee\/opetajale\/juhendajad\/","og_site_name":"J\u00e4\u00e4aja Keskus","article_publisher":"https:\/\/www.facebook.com\/JaaajaKeskus\/","article_modified_time":"2022-08-23T16:49:13+00:00","og_image":[{"width":3648,"height":2736,"url":"https:\/\/jaaaeg.ee\/wp-content\/uploads\/2018\/09\/P3094787-1.jpg","type":"image\/jpeg"}],"twitter_card":"summary_large_image","twitter_misc":{"Est. reading time":"1 minute"},"schema":{"@context":"https:\/\/schema.org","@graph":[{"@type":"WebPage","@id":"https:\/\/jaaaeg.ee\/opetajale\/juhendajad\/","url":"https:\/\/jaaaeg.ee\/opetajale\/juhendajad\/","name":"Juhendajad ja giidid - J\u00e4\u00e4aja Keskus","isPartOf":{"@id":"https:\/\/jaaaeg.ee\/ru\/#website"},"primaryImageOfPage":{"@id":"https:\/\/jaaaeg.ee\/opetajale\/juhendajad\/#primaryimage"},"image":{"@id":"https:\/\/jaaaeg.ee\/opetajale\/juhendajad\/#primaryimage"},"thumbnailUrl":"https:\/\/jaaaeg.ee\/wp-content\/uploads\/2018\/09\/P3094787-1-scaled.jpg","datePublished":"2020-08-07T10:04:32+00:00","dateModified":"2022-08-23T16:49:13+00:00","description":"J\u00e4\u00e4aja Keskuses t\u00f6\u00f6tavad pikaajalise kogemusega giidid ja juhendajad. Programme ja giidituure on v\u00f5imalik tellida eesti, vene ja inglise keeles.","breadcrumb":{"@id":"https:\/\/jaaaeg.ee\/opetajale\/juhendajad\/#breadcrumb"},"inLanguage":"en-US","potentialAction":[{"@type":"ReadAction","target":["https:\/\/jaaaeg.ee\/opetajale\/juhendajad\/"]}]},{"@type":"ImageObject","inLanguage":"en-US","@id":"https:\/\/jaaaeg.ee\/opetajale\/juhendajad\/#primaryimage","url":"https:\/\/jaaaeg.ee\/wp-content\/uploads\/2018\/09\/P3094787-1-scaled.jpg","contentUrl":"https:\/\/jaaaeg.ee\/wp-content\/uploads\/2018\/09\/P3094787-1-scaled.jpg","width":2560,"height":1920,"caption":"P3094787 1 scaled"},{"@type":"BreadcrumbList","@id":"https:\/\/jaaaeg.ee\/opetajale\/juhendajad\/#breadcrumb","itemListElement":[{"@type":"ListItem","position":1,"name":"Home","item":"https:\/\/jaaaeg.ee\/en\/"},{"@type":"ListItem","position":2,"name":"\u00d5petajale","item":"https:\/\/jaaaeg.ee\/opetajale\/"},{"@type":"ListItem","position":3,"name":"Juhendajad"}]},{"@type":"WebSite","@id":"https:\/\/jaaaeg.ee\/ru\/#website","url":"https:\/\/jaaaeg.ee\/ru\/","name":"J\u00e4\u00e4aja Keskus","description":"avastamisr\u00f5\u00f5m igas vanuses k\u00fclastajatele","potentialAction":[{"@type":"SearchAction","target":{"@type":"EntryPoint","urlTemplate":"https:\/\/jaaaeg.ee\/ru\/?s={search_term_string}"},"query-input":{"@type":"PropertyValueSpecification","valueRequired":true,"valueName":"search_term_string"}}],"inLanguage":"en-US"}]}},"_links":{"self":[{"href":"https:\/\/jaaaeg.ee\/en\/wp-json\/wp\/v2\/pages\/18508","targetHints":{"allow":["GET"]}}],"collection":[{"href":"https:\/\/jaaaeg.ee\/en\/wp-json\/wp\/v2\/pages"}],"about":[{"href":"https:\/\/jaaaeg.ee\/en\/wp-json\/wp\/v2\/types\/page"}],"author":[{"embeddable":true,"href":"https:\/\/jaaaeg.ee\/en\/wp-json\/wp\/v2\/users\/3"}],"replies":[{"embeddable":true,"href":"https:\/\/jaaaeg.ee\/en\/wp-json\/wp\/v2\/comments?post=18508"}],"version-history":[{"count":10,"href":"https:\/\/jaaaeg.ee\/en\/wp-json\/wp\/v2\/pages\/18508\/revisions"}],"predecessor-version":[{"id":21016,"href":"https:\/\/jaaaeg.ee\/en\/wp-json\/wp\/v2\/pages\/18508\/revisions\/21016"}],"up":[{"embeddable":true,"href":"https:\/\/jaaaeg.ee\/en\/wp-json\/wp\/v2\/pages\/15"}],"wp:featuredmedia":[{"embeddable":true,"href":"https:\/\/jaaaeg.ee\/en\/wp-json\/wp\/v2\/media\/370"}],"wp:attachment":[{"href":"https:\/\/jaaaeg.ee\/en\/wp-json\/wp\/v2\/media?parent=18508"}],"curies":[{"name":"wp","href":"https:\/\/api.w.org\/{rel}","templated":true}]}}